{"id":11,"date":"2017-04-06T04:30:54","date_gmt":"2017-04-06T04:30:54","guid":{"rendered":"https:\/\/roadskymarking.com\/?page_id=11"},"modified":"2024-07-31T01:36:46","modified_gmt":"2024-07-31T01:36:46","slug":"about","status":"publish","type":"page","link":"https:\/\/roadskymarking.com\/de\/about","title":{"rendered":"\u00dcber US"},"content":{"rendered":"<p><strong>Nanjing Roadsky Traffic Facility Co.,Ltd. (Roadsky Gesellschaft)<\/strong> ist ein f\u00fchrender Anbieter von Stra\u00dfenmarkierungsl\u00f6sungen in <span style=\"color: #ff0000;\"><strong>China<\/strong><\/span>die die gesamte Palette der Stra\u00dfenmarkierungsprodukte herstellen und umfassende technische Unterst\u00fctzung f\u00fcr Stra\u00dfenmarkierungsprojekte bieten kann.<\/p>\n\n\n\n<p>Als f\u00fchrender Hersteller von Stra\u00dfenmarkierungsprodukten in China ist Roadsky auf die Forschung, Produktion und den Verkauf von Stra\u00dfenmarkierungsger\u00e4ten und -materialien spezialisiert. Roadsky hat Stra\u00dfenmarkierungsger\u00e4te und -materialien in mehr als 100 L\u00e4nder in Afrika, Nordamerika, Mittel- und S\u00fcdamerika, im Nahen Osten, S\u00fcdostasien, Zentralasien, Europa und Ozeanien usw. exportiert.<\/p>\n\n\n\n<h2 class=\"wp-block-heading\" id=\"h-the-main-products-are\">Die wichtigsten Produkte sind:<\/h2>\n\n\n\n<p>1. Ausr\u00fcstung zur Stra\u00dfenmarkierung: <a href=\"https:\/\/roadskymarking.com\/de\/thermoplastic-road-marking-machines\/\" target=\"_blank\" rel=\"noreferrer noopener\">Thermoplastische Stra\u00dfenmarkierungsmaschinen<\/a>, <a href=\"https:\/\/roadskymarking.com\/de\/cold-paint-road-marking-machines\/\" target=\"_blank\" rel=\"noreferrer noopener\">Kaltfarb-Stra\u00dfenmarkierungsmaschinen<\/a>, <a href=\"https:\/\/roadskymarking.com\/de\/two-component-road-marking-machine.html\/\">Zweikomponenten-Stra\u00dfenmarkierungsmaschinen<\/a>, <a href=\"https:\/\/roadskymarking.com\/de\/road-marking-preheater\/\">Thermoplastische Farbvorw\u00e4rmung<\/a>, <a href=\"https:\/\/roadskymarking.com\/de\/road-marking-line-remover.html\/\">Fahrbahnmarkierungsentferner<\/a> und Hilfseinrichtungen.<\/p>\n\n\n\n<p>2. Stra\u00dfenmarkierungsmaterialien: wei\u00df und gelb <a href=\"https:\/\/roadskymarking.com\/de\/thermoplastic-road-marking-paint.html\/\">thermoplastische Stra\u00dfenmarkierungsfarbe<\/a>, <a href=\"https:\/\/roadskymarking.com\/de\/cold-plastic-marking-paint.html\/\">Kaltl\u00f6semittel-Stra\u00dfenmarkierungsfarbe<\/a>, <a href=\"https:\/\/roadskymarking.com\/de\/two-component-road-marking-paint.html\/\">Zweikomponenten-Stra\u00dfenmarkierungsfarbe<\/a>mischen und auftragen <a href=\"https:\/\/roadskymarking.com\/de\/glass-beads.html\/\">Glasperlen<\/a>, <a href=\"https:\/\/roadskymarking.com\/de\/petroleum-resin.html\/\">Erd\u00f6lharz<\/a> und <a href=\"https:\/\/roadskymarking.com\/de\/road-marking-tapes.html\/\">Stra\u00dfenmarkierungsb\u00e4nder<\/a> usw.<\/p>\n\n\n\n<p>3. Zubeh\u00f6r: Verschlei\u00dfteile von Maschinen wie Glasperlenspender, Markierungsstempel, Seitenmesser, Heckmesser, Spritzpistolen und Stahlb\u00fcrsten usw.<\/p>\n\n\n<div class=\"wp-block-image\">\n<figure class=\"aligncenter size-full\"><img loading=\"lazy\" decoding=\"async\" width=\"600\" height=\"425\" src=\"https:\/\/roadskymarking.com\/wp-content\/uploads\/2024\/04\/RoadSky.jpg\" alt=\"RoadSky\" class=\"wp-image-3557\" srcset=\"https:\/\/roadskymarking.com\/wp-content\/uploads\/2024\/04\/RoadSky.jpg 600w, https:\/\/roadskymarking.com\/wp-content\/uploads\/2024\/04\/RoadSky-400x283.jpg 400w\" sizes=\"auto, (max-width: 600px) 100vw, 600px\" \/><\/figure><\/div>\n\n\n<p>Roadsky ist in der Lage, technische Unterst\u00fctzung f\u00fcr Stra\u00dfenmarkierungsprojekte zu leisten, einschlie\u00dflich des Betriebs und der Wartung der Ausr\u00fcstung, der Einweisung in Stra\u00dfenmarkierungsprojekte und der Schulung der Arbeiter usw. Roadsky kann erfahrene Arbeiter entsenden, um die Arbeiten des gesamten Stra\u00dfenmarkierungsprojekts zu unterst\u00fctzen.<\/p>\n\n\n\n<figure class=\"wp-block-gallery aligncenter has-nested-images columns-default wp-block-gallery-1 is-layout-flex wp-block-gallery-is-layout-flex\">\n<figure class=\"wp-block-image size-full\"><img loading=\"lazy\" decoding=\"async\" width=\"300\" height=\"200\" data-id=\"3559\" src=\"https:\/\/roadskymarking.com\/wp-content\/uploads\/2024\/04\/About-US.jpg\" alt=\"\u00dcber US\" class=\"wp-image-3559\"\/><\/figure>\n\n\n\n<figure class=\"wp-block-image size-full\"><img loading=\"lazy\" decoding=\"async\" width=\"300\" height=\"199\" data-id=\"3560\" src=\"https:\/\/roadskymarking.com\/wp-content\/uploads\/2024\/04\/About-US2.jpg\" alt=\"\u00dcber US\" class=\"wp-image-3560\"\/><\/figure>\n<\/figure>\n\n\n\n<p>Als Anbieter von Stra\u00dfenmarkierungsl\u00f6sungen ist Roadsky in der Lage, nicht nur alle Rohstoffe und Ausr\u00fcstungen f\u00fcr die Herstellung von thermoplastischer Farbe zu liefern, sondern auch das Schulungsprogramm f\u00fcr die Produktionslinie f\u00fcr thermoplastische Farbe f\u00fcr die Kunden. Dar\u00fcber hinaus engagieren wir uns auch f\u00fcr den Technologietransfer, auf den unser Unternehmen besonderen Wert legt.<\/p>\n\n\n\n<h2 class=\"wp-block-heading\" id=\"h-let-s-boost-your-business-today\">Lassen Sie uns Ihr Gesch\u00e4ft heute ankurbeln<\/h2>\n\n\n\n<div class=\"wp-block-contact-form-7-contact-form-selector\">\n<div class=\"wpcf7 no-js\" id=\"wpcf7-f1316-o1\" lang=\"en-US\" dir=\"ltr\" data-wpcf7-id=\"1316\">\n<div class=\"screen-reader-response\"><p role=\"status\" aria-live=\"polite\" aria-atomic=\"true\"><\/p> <ul><\/ul><\/div>\n<form action=\"\/de\/wp-json\/wp\/v2\/pages\/11#wpcf7-f1316-o1\" method=\"post\" class=\"wpcf7-form init\" aria-label=\"Kontakt-Formular\" novalidate=\"novalidate\" data-status=\"init\" data-trp-original-action=\"\/de\/wp-json\/wp\/v2\/pages\/11#wpcf7-f1316-o1\">\n<fieldset class=\"hidden-fields-container\"><input type=\"hidden\" name=\"_wpcf7\" value=\"1316\" \/><input type=\"hidden\" name=\"_wpcf7_version\" value=\"6.1.5\" \/><input type=\"hidden\" name=\"_wpcf7_locale\" value=\"en_US\" \/><input type=\"hidden\" name=\"_wpcf7_unit_tag\" value=\"wpcf7-f1316-o1\" \/><input type=\"hidden\" name=\"_wpcf7_container_post\" value=\"0\" \/><input type=\"hidden\" name=\"_wpcf7_posted_data_hash\" value=\"\" \/>\n<\/fieldset>\n<div class=\"wpcf7-turnstile cf-turnstile\" data-sitekey=\"0x4AAAAAACH9ueYy7fDdFIjX\" data-response-field-name=\"_wpcf7_turnstile_response\"><\/div>\n\n<p><label><em>*<\/em>Thema:<\/label><span class=\"wpcf7-form-control-wrap\" data-name=\"your-subject\"><input size=\"40\" maxlength=\"400\" class=\"wpcf7-form-control wpcf7-text wpcf7-validates-as-required\" id=\"your-subject\" aria-required=\"true\" aria-invalid=\"false\" value=\"Product Inquiry\" type=\"text\" name=\"your-subject\" \/><\/span>\n<\/p>\n<p><label><em>*<\/em>Name:<\/label><span class=\"wpcf7-form-control-wrap\" data-name=\"your-name\"><input size=\"40\" maxlength=\"400\" class=\"wpcf7-form-control wpcf7-text wpcf7-validates-as-required\" id=\"your-name\" aria-required=\"true\" aria-invalid=\"false\" placeholder=\"Bitte geben Sie den gebr\u00e4uchlichen Namen an\" value=\"\" type=\"text\" name=\"your-name\" \/><\/span>\n<\/p>\n<p><label><em>*<\/em>E-Mail:<\/label><span class=\"wpcf7-form-control-wrap\" data-name=\"your-email\"><input size=\"40\" maxlength=\"400\" class=\"wpcf7-form-control wpcf7-email wpcf7-validates-as-required wpcf7-text wpcf7-validates-as-email\" id=\"your-email\" aria-required=\"true\" aria-invalid=\"false\" placeholder=\"Bitte geben Sie die \u00fcblicherweise verwendete E-Mail an\" value=\"\" type=\"email\" name=\"your-email\" \/><\/span>\n<\/p>\n<p><label>Telefon:<\/label><span class=\"wpcf7-form-control-wrap\" data-name=\"your-phone\"><input size=\"40\" maxlength=\"400\" class=\"wpcf7-form-control wpcf7-text\" id=\"your-phone\" aria-invalid=\"false\" placeholder=\"Bitte geben Sie eine Kontakttelefonnummer oder ein Mobiltelefon an\" value=\"\" type=\"text\" name=\"your-phone\" \/><\/span>\n<\/p>\n<p><label>Land:<\/label><span class=\"wpcf7-form-control-wrap\" data-name=\"your-country\"><input size=\"40\" maxlength=\"400\" class=\"wpcf7-form-control wpcf7-text\" id=\"your-country\" aria-invalid=\"false\" placeholder=\"Bitte geben Sie Ihr Land an\" value=\"\" type=\"text\" name=\"your-country\" \/><\/span>\n<\/p>\n<p><label>Unternehmen:<\/label><span class=\"wpcf7-form-control-wrap\" data-name=\"your-company\"><input size=\"40\" maxlength=\"400\" class=\"wpcf7-form-control wpcf7-text\" id=\"your-company\" aria-invalid=\"false\" placeholder=\"Bitte geben Sie den Firmennamen ein\" value=\"\" type=\"text\" name=\"your-company\" \/><\/span>\n<\/p>\n<p><label><em>*<\/em>Inhalt:<\/label><span class=\"wpcf7-form-control-wrap\" data-name=\"your-message\"><textarea cols=\"40\" rows=\"10\" maxlength=\"2000\" class=\"wpcf7-form-control wpcf7-textarea wpcf7-validates-as-required\" aria-required=\"true\" aria-invalid=\"false\" placeholder=\"Bitte geben Sie die Details an, die Sie wissen m\u00f6chten, wie z.B. Produktname, Spezifikationen, Preis, MOQ, etc.\" name=\"your-message\"><\/textarea><\/span>\n<\/p>\n<p class=\"btn-submit\"><label> <\/label><input class=\"wpcf7-form-control wpcf7-submit has-spinner\" type=\"submit\" value=\"SUBMIT\" \/>\n<\/p><div class=\"wpcf7-response-output\" aria-hidden=\"true\"><\/div>\n<input type=\"hidden\" name=\"trp-form-language\" value=\"de\"\/><\/form>\n<\/div>\n<\/div>","protected":false},"excerpt":{"rendered":"<p>Nanjing Roadsky Traffic Facility Co.,Ltd. (Roadsky Corporation) ist ein f\u00fchrender Anbieter von Stra\u00dfenmarkierungsl\u00f6sungen in China, der eine breite Palette von Stra\u00dfenmarkierungsprodukten herstellen und umfassende technische Unterst\u00fctzung f\u00fcr Stra\u00dfenmarkierungsprojekte bieten kann. Als f\u00fchrender Hersteller von Stra\u00dfenmarkierungsprodukten in China ist Roadsky auf die Forschung, Produktion und den Verkauf von Stra\u00dfenmarkierungsger\u00e4ten und -materialien spezialisiert. Roadsky hat Stra\u00dfenmarkierungsger\u00e4te und -materialien in mehr als 100 L\u00e4nder in Afrika, Nordamerika, Mittel- und S\u00fcdamerika, im Nahen Osten, S\u00fcdostasien, Zentralasien, Europa und Ozeanien usw. exportiert. Die wichtigsten Produkte sind: 1. Stra\u00dfenmarkierungsger\u00e4te: Thermoplastische Stra\u00dfenmarkierungsmaschinen, Kaltfarb-Stra\u00dfenmarkierungsmaschinen, Zweikomponenten-Stra\u00dfenmarkierungsmaschinen, Thermoplastische Farbvorw\u00e4rmer, Stra\u00dfenmarkierungsentferner und Hilfsger\u00e4te. 2. Stra\u00dfenmarkierungsmaterialien: wei\u00dfe und gelbe thermoplastische Stra\u00dfenmarkierungsfarbe, Kaltl\u00f6semittel-Stra\u00dfenmarkierungsfarbe, Zweikomponenten-Stra\u00dfenmarkierungsfarbe, gemischte und aufgetropfte Glasperlen, Petroleumharz und Stra\u00dfenmarkierungsb\u00e4nder usw. 3. Zubeh\u00f6r: Verschlei\u00dfteile von Maschinen ...<\/p>","protected":false},"author":1,"featured_media":0,"parent":0,"menu_order":0,"comment_status":"closed","ping_status":"closed","template":"","meta":{"footnotes":""},"class_list":["post-11","page","type-page","status-publish","hentry"],"yoast_head":"<!-- This site is optimized with the Yoast SEO plugin v27.3 - https:\/\/yoast.com\/product\/yoast-seo-wordpress\/ -->\n<title>About US - RoadskyMarking<\/title>\n<meta name=\"description\" content=\"A professional manufacturer engaged in producing road construction machinery and traffic safety products and also a road safety project contractor.\" \/>\n<meta name=\"robots\" content=\"index, follow, max-snippet:-1, max-image-preview:large, max-video-preview:-1\" \/>\n<link rel=\"canonical\" href=\"https:\/\/roadskymarking.com\/de\/about\/\" \/>\n<meta property=\"og:locale\" content=\"de_DE\" \/>\n<meta property=\"og:type\" content=\"article\" \/>\n<meta property=\"og:title\" content=\"About US - RoadskyMarking\" \/>\n<meta property=\"og:description\" content=\"A professional manufacturer engaged in producing road construction machinery and traffic safety products and also a road safety project contractor.\" \/>\n<meta property=\"og:url\" content=\"https:\/\/roadskymarking.com\/de\/about\/\" \/>\n<meta property=\"og:site_name\" content=\"Nanjing Roadsky Traffic Facility Co.,Ltd. (Roadsky Corporation)\" \/>\n<meta property=\"article:modified_time\" content=\"2024-07-31T01:36:46+00:00\" \/>\n<meta property=\"og:image\" content=\"https:\/\/roadskymarking.com\/wp-content\/uploads\/2024\/04\/RoadSky.jpg\" \/>\n<meta name=\"twitter:card\" content=\"summary_large_image\" \/>\n<meta name=\"twitter:label1\" content=\"Gesch\u00e4tzte Lesezeit\" \/>\n\t<meta name=\"twitter:data1\" content=\"2\u00a0Minuten\" \/>\n<script type=\"application\/ld+json\" class=\"yoast-schema-graph\">{\"@context\":\"https:\\\/\\\/schema.org\",\"@graph\":[{\"@type\":\"WebPage\",\"@id\":\"https:\\\/\\\/roadskymarking.com\\\/about\",\"url\":\"https:\\\/\\\/roadskymarking.com\\\/about\",\"name\":\"About US - RoadskyMarking\",\"isPartOf\":{\"@id\":\"https:\\\/\\\/roadskymarking.com\\\/#website\"},\"primaryImageOfPage\":{\"@id\":\"https:\\\/\\\/roadskymarking.com\\\/about#primaryimage\"},\"image\":{\"@id\":\"https:\\\/\\\/roadskymarking.com\\\/about#primaryimage\"},\"thumbnailUrl\":\"https:\\\/\\\/roadskymarking.com\\\/wp-content\\\/uploads\\\/2024\\\/04\\\/RoadSky.jpg\",\"datePublished\":\"2017-04-06T04:30:54+00:00\",\"dateModified\":\"2024-07-31T01:36:46+00:00\",\"description\":\"A professional manufacturer engaged in producing road construction machinery and traffic safety products and also a road safety project contractor.\",\"breadcrumb\":{\"@id\":\"https:\\\/\\\/roadskymarking.com\\\/about#breadcrumb\"},\"inLanguage\":\"de\",\"potentialAction\":[{\"@type\":\"ReadAction\",\"target\":[\"https:\\\/\\\/roadskymarking.com\\\/about\"]}]},{\"@type\":\"ImageObject\",\"inLanguage\":\"de\",\"@id\":\"https:\\\/\\\/roadskymarking.com\\\/about#primaryimage\",\"url\":\"https:\\\/\\\/roadskymarking.com\\\/wp-content\\\/uploads\\\/2024\\\/04\\\/RoadSky.jpg\",\"contentUrl\":\"https:\\\/\\\/roadskymarking.com\\\/wp-content\\\/uploads\\\/2024\\\/04\\\/RoadSky.jpg\"},{\"@type\":\"BreadcrumbList\",\"@id\":\"https:\\\/\\\/roadskymarking.com\\\/about#breadcrumb\",\"itemListElement\":[{\"@type\":\"ListItem\",\"position\":1,\"name\":\"Home\",\"item\":\"https:\\\/\\\/roadskymarking.com\\\/\"},{\"@type\":\"ListItem\",\"position\":2,\"name\":\"About US\"}]},{\"@type\":\"WebSite\",\"@id\":\"https:\\\/\\\/roadskymarking.com\\\/#website\",\"url\":\"https:\\\/\\\/roadskymarking.com\\\/\",\"name\":\"Nanjing Roadsky Traffic Facility Co.,Ltd. (Roadsky Corporation)\",\"description\":\"Pavement Marking Equipment Supplier - RoadSky\",\"publisher\":{\"@id\":\"https:\\\/\\\/roadskymarking.com\\\/#organization\"},\"potentialAction\":[{\"@type\":\"SearchAction\",\"target\":{\"@type\":\"EntryPoint\",\"urlTemplate\":\"https:\\\/\\\/roadskymarking.com\\\/?s={search_term_string}\"},\"query-input\":{\"@type\":\"PropertyValueSpecification\",\"valueRequired\":true,\"valueName\":\"search_term_string\"}}],\"inLanguage\":\"de\"},{\"@type\":\"Organization\",\"@id\":\"https:\\\/\\\/roadskymarking.com\\\/#organization\",\"name\":\"Nanjing Roadsky Traffic Facility Co.,Ltd. (Roadsky Corporation)\",\"url\":\"https:\\\/\\\/roadskymarking.com\\\/\",\"logo\":{\"@type\":\"ImageObject\",\"inLanguage\":\"de\",\"@id\":\"https:\\\/\\\/roadskymarking.com\\\/#\\\/schema\\\/logo\\\/image\\\/\",\"url\":\"https:\\\/\\\/roadskymarking.com\\\/wp-content\\\/uploads\\\/2023\\\/03\\\/LOGO.png\",\"contentUrl\":\"https:\\\/\\\/roadskymarking.com\\\/wp-content\\\/uploads\\\/2023\\\/03\\\/LOGO.png\",\"width\":500,\"height\":400,\"caption\":\"Nanjing Roadsky Traffic Facility Co.,Ltd. (Roadsky Corporation)\"},\"image\":{\"@id\":\"https:\\\/\\\/roadskymarking.com\\\/#\\\/schema\\\/logo\\\/image\\\/\"}}]}<\/script>\n<!-- \/ Yoast SEO plugin. -->","yoast_head_json":{"title":"\u00dcber US - RoadskyMarking","description":"Ein professioneller Hersteller, der sich mit der Produktion von Stra\u00dfenbaumaschinen und Verkehrssicherheitsprodukten befasst und auch ein Auftragnehmer f\u00fcr Verkehrssicherheitsprojekte ist.","robots":{"index":"index","follow":"follow","max-snippet":"max-snippet:-1","max-image-preview":"max-image-preview:large","max-video-preview":"max-video-preview:-1"},"canonical":"https:\/\/roadskymarking.com\/de\/about\/","og_locale":"de_DE","og_type":"article","og_title":"About US - RoadskyMarking","og_description":"A professional manufacturer engaged in producing road construction machinery and traffic safety products and also a road safety project contractor.","og_url":"https:\/\/roadskymarking.com\/de\/about\/","og_site_name":"Nanjing Roadsky Traffic Facility Co.,Ltd. (Roadsky Corporation)","article_modified_time":"2024-07-31T01:36:46+00:00","og_image":[{"url":"https:\/\/roadskymarking.com\/wp-content\/uploads\/2024\/04\/RoadSky.jpg","type":"","width":"","height":""}],"twitter_card":"summary_large_image","twitter_misc":{"Gesch\u00e4tzte Lesezeit":"2\u00a0Minuten"},"schema":{"@context":"https:\/\/schema.org","@graph":[{"@type":"WebPage","@id":"https:\/\/roadskymarking.com\/about","url":"https:\/\/roadskymarking.com\/about","name":"\u00dcber US - RoadskyMarking","isPartOf":{"@id":"https:\/\/roadskymarking.com\/#website"},"primaryImageOfPage":{"@id":"https:\/\/roadskymarking.com\/about#primaryimage"},"image":{"@id":"https:\/\/roadskymarking.com\/about#primaryimage"},"thumbnailUrl":"https:\/\/roadskymarking.com\/wp-content\/uploads\/2024\/04\/RoadSky.jpg","datePublished":"2017-04-06T04:30:54+00:00","dateModified":"2024-07-31T01:36:46+00:00","description":"Ein professioneller Hersteller, der sich mit der Produktion von Stra\u00dfenbaumaschinen und Verkehrssicherheitsprodukten befasst und auch ein Auftragnehmer f\u00fcr Verkehrssicherheitsprojekte ist.","breadcrumb":{"@id":"https:\/\/roadskymarking.com\/about#breadcrumb"},"inLanguage":"de","potentialAction":[{"@type":"ReadAction","target":["https:\/\/roadskymarking.com\/about"]}]},{"@type":"ImageObject","inLanguage":"de","@id":"https:\/\/roadskymarking.com\/about#primaryimage","url":"https:\/\/roadskymarking.com\/wp-content\/uploads\/2024\/04\/RoadSky.jpg","contentUrl":"https:\/\/roadskymarking.com\/wp-content\/uploads\/2024\/04\/RoadSky.jpg"},{"@type":"BreadcrumbList","@id":"https:\/\/roadskymarking.com\/about#breadcrumb","itemListElement":[{"@type":"ListItem","position":1,"name":"Home","item":"https:\/\/roadskymarking.com\/"},{"@type":"ListItem","position":2,"name":"About US"}]},{"@type":"WebSite","@id":"https:\/\/roadskymarking.com\/#website","url":"https:\/\/roadskymarking.com\/","name":"Nanjing Roadsky Traffic Facility Co.,Ltd. (Roadsky Gesellschaft)","description":"Anbieter von Fahrbahnmarkierungsanlagen - RoadSky","publisher":{"@id":"https:\/\/roadskymarking.com\/#organization"},"potentialAction":[{"@type":"SearchAction","target":{"@type":"EntryPoint","urlTemplate":"https:\/\/roadskymarking.com\/?s={search_term_string}"},"query-input":{"@type":"PropertyValueSpecification","valueRequired":true,"valueName":"search_term_string"}}],"inLanguage":"de"},{"@type":"Organization","@id":"https:\/\/roadskymarking.com\/#organization","name":"Nanjing Roadsky Traffic Facility Co.,Ltd. (Roadsky Gesellschaft)","url":"https:\/\/roadskymarking.com\/","logo":{"@type":"ImageObject","inLanguage":"de","@id":"https:\/\/roadskymarking.com\/#\/schema\/logo\/image\/","url":"https:\/\/roadskymarking.com\/wp-content\/uploads\/2023\/03\/LOGO.png","contentUrl":"https:\/\/roadskymarking.com\/wp-content\/uploads\/2023\/03\/LOGO.png","width":500,"height":400,"caption":"Nanjing Roadsky Traffic Facility Co.,Ltd. (Roadsky Corporation)"},"image":{"@id":"https:\/\/roadskymarking.com\/#\/schema\/logo\/image\/"}}]}},"_links":{"self":[{"href":"https:\/\/roadskymarking.com\/de\/wp-json\/wp\/v2\/pages\/11","targetHints":{"allow":["GET"]}}],"collection":[{"href":"https:\/\/roadskymarking.com\/de\/wp-json\/wp\/v2\/pages"}],"about":[{"href":"https:\/\/roadskymarking.com\/de\/wp-json\/wp\/v2\/types\/page"}],"author":[{"embeddable":true,"href":"https:\/\/roadskymarking.com\/de\/wp-json\/wp\/v2\/users\/1"}],"replies":[{"embeddable":true,"href":"https:\/\/roadskymarking.com\/de\/wp-json\/wp\/v2\/comments?post=11"}],"version-history":[{"count":9,"href":"https:\/\/roadskymarking.com\/de\/wp-json\/wp\/v2\/pages\/11\/revisions"}],"predecessor-version":[{"id":3691,"href":"https:\/\/roadskymarking.com\/de\/wp-json\/wp\/v2\/pages\/11\/revisions\/3691"}],"wp:attachment":[{"href":"https:\/\/roadskymarking.com\/de\/wp-json\/wp\/v2\/media?parent=11"}],"curies":[{"name":"wp","href":"https:\/\/api.w.org\/{rel}","templated":true}]}}