{"id":3609,"date":"2024-05-30T07:03:48","date_gmt":"2024-05-30T07:03:48","guid":{"rendered":"https:\/\/roadskymarking.com\/?page_id=3609"},"modified":"2024-05-30T07:04:25","modified_gmt":"2024-05-30T07:04:25","slug":"line-stripers-line-marking-equipment","status":"publish","type":"page","link":"https:\/\/roadskymarking.com\/de\/line-stripers-line-marking-equipment","title":{"rendered":"Line Stripers &amp; Linienmarkierungsger\u00e4te"},"content":{"rendered":"<p>Linienmarkierer, auch bekannt als Linienmarkierungsmaschinen, sind Ger\u00e4te, die zum Aufbringen von Markierungen auf Oberfl\u00e4chen wie Stra\u00dfen, Parkpl\u00e4tzen, Sportpl\u00e4tzen und Fabrikhallen verwendet werden. Diese Maschinen sind f\u00fcr die Erstellung klarer, pr\u00e4ziser Linien f\u00fcr die Verkehrskontrolle, die Parkraumbewirtschaftung und die Abgrenzung von Sportpl\u00e4tzen unerl\u00e4sslich.<\/p>\n\n\n\n<div class=\"wp-block-columns is-layout-flex wp-container-core-columns-is-layout-9d6595d7 wp-block-columns-is-layout-flex\">\n<div class=\"wp-block-column is-layout-flow wp-block-column-is-layout-flow\">\n<h2 class=\"wp-block-heading\">Verwandte Produkte<\/h2>\n<\/div>\n\n\n\n<div class=\"wp-block-column is-layout-flow wp-block-column-is-layout-flow\">\n<p class=\"has-text-align-right\"><strong><a href=\"https:\/\/roadskymarking.com\/de\/products\/\" target=\"_blank\" rel=\"noreferrer noopener\">Mehr<\/a><\/strong>:<\/p>\n\n\n\n<hr class=\"wp-block-separator has-alpha-channel-opacity\"\/>\n<\/div>\n<\/div>\n\n\n\n<div class=\"wp-block-columns is-layout-flex wp-container-core-columns-is-layout-9d6595d7 wp-block-columns-is-layout-flex\">\n<div class=\"wp-block-column is-layout-flow wp-block-column-is-layout-flow\"><div class=\"wp-block-image\">\n<figure class=\"aligncenter size-large is-resized\"><a href=\"https:\/\/roadskymarking.com\/de\/cold-paint-road-marking-machine.html\/\" target=\"_blank\" rel=\"noreferrer noopener\"><img decoding=\"async\" src=\"https:\/\/roadskymarking.com\/wp-content\/uploads\/2024\/03\/RS-5-Cold-Paint-Road-Marking-Machine.jpg\" alt=\"RS-5 Kaltfarb-Stra\u00dfenmarkierungsmaschine\" style=\"object-fit:cover;width:200px;height:auto\"\/><\/a><figcaption class=\"wp-element-caption\"><a href=\"https:\/\/roadskymarking.com\/de\/cold-paint-road-marking-machine.html\/\" target=\"_blank\" rel=\"noreferrer noopener\">RS-5 Kaltfarb-Stra\u00dfenmarkierungsmaschine<\/a><\/figcaption><\/figure><\/div><\/div>\n\n\n\n<div class=\"wp-block-column is-layout-flow wp-block-column-is-layout-flow\">\n<p>RS-5 Serie kalte Farbe Stra\u00dfenmarkierung Maschine ist weit verbreitet in Parkpl\u00e4tzen, st\u00e4dtischen Stra\u00dfe und Autobahn Markierung Projekt verwendet. Es ist eine Art von Airless-Hochdruck-Spritzen Markierungsmaschine, die Druck von Kolbenpumpe erzeugt Farbe durch D\u00fcse zu spr\u00fchen. Speziell entwickelte Spritzpistolen Kontrollsystem macht die Linie endet ordentlich und gut aussehend.<\/p>\n<\/div>\n<\/div>\n\n\n\n<div class=\"wp-block-columns is-layout-flex wp-container-core-columns-is-layout-9d6595d7 wp-block-columns-is-layout-flex\">\n<div class=\"wp-block-column is-layout-flow wp-block-column-is-layout-flow\"><div class=\"wp-block-image\">\n<figure class=\"aligncenter size-large is-resized\"><a href=\"https:\/\/roadskymarking.com\/de\/cold-paint-line-striper.html\/\" target=\"_blank\" rel=\"noreferrer noopener\"><img decoding=\"async\" src=\"https:\/\/roadskymarking.com\/wp-content\/uploads\/2018\/05\/RS-5E-Cold-Paint-Road-Marking-Machine-4.jpg\" alt=\"RS-5E Kaltabstreifer\" style=\"object-fit:cover;width:200px;height:200px\"\/><\/a><figcaption class=\"wp-element-caption\"><a href=\"https:\/\/roadskymarking.com\/de\/cold-paint-line-striper.html\/\" target=\"_blank\" rel=\"noreferrer noopener\">RS-5E Kaltabstreifer<\/a><\/figcaption><\/figure><\/div><\/div>\n\n\n\n<div class=\"wp-block-column is-layout-flow wp-block-column-is-layout-flow\">\n<p>Die RS-5E-Serie von Kaltfarbstrippern (Fahrbahnmarkierungsmaschinen) ist speziell f\u00fcr eine effiziente Markierung konzipiert. Stabile interne Umkehrhydraulikpumpe, einstellbare Spritzpistole und Farbfilter gew\u00e4hrleisten die Markierungsleistung. RS-5E Stra\u00dfe Linie Markierung Maschine hat eine lange Lebensdauer aufgrund der einfachen Struktur, zuverl\u00e4ssige Pumpe und Motor.<\/p>\n<\/div>\n<\/div>\n\n\n\n<div class=\"wp-block-columns is-layout-flex wp-container-core-columns-is-layout-9d6595d7 wp-block-columns-is-layout-flex\">\n<div class=\"wp-block-column is-layout-flow wp-block-column-is-layout-flow\"><div class=\"wp-block-image\">\n<figure class=\"aligncenter size-large is-resized\"><a href=\"https:\/\/roadskymarking.com\/de\/two-component-road-marking-machine.html\/\" target=\"_blank\" rel=\"noreferrer noopener\"><img decoding=\"async\" src=\"https:\/\/roadskymarking.com\/wp-content\/uploads\/2023\/09\/Two-Component-Road-Marking-Machine.jpg\" alt=\"RS-12 Zweikomponenten-Stra\u00dfenmarkierungsmaschine\" style=\"object-fit:cover;width:200px;height:auto\"\/><\/a><figcaption class=\"wp-element-caption\"><a href=\"https:\/\/roadskymarking.com\/de\/two-component-road-marking-machine.html\/\" target=\"_blank\" rel=\"noreferrer noopener\">RS-12 Zweikomponenten-Stra\u00dfenmarkierungsmaschine<\/a><\/figcaption><\/figure><\/div><\/div>\n\n\n\n<div class=\"wp-block-column is-layout-flow wp-block-column-is-layout-flow\">\n<p>Die Zweikomponenten-Stra\u00dfenmarkierungsmaschine ist eine fortschrittliche Markierungsmethode. Die Zweikomponenten-Markierungsfarbe besteht aus Kaltplastikfarbe und Aush\u00e4rtungsmittel. Die beiden Fl\u00fcssigkeiten befinden sich in getrennten Tanks, bis sie verspr\u00fcht werden und sich w\u00e4hrend des Markierungsvorgangs in der Luft vermischen. Nachdem sich Kaltplastikfarbe und H\u00e4rter in der Luft vermischt haben, bilden sie sofort die Markierungslinien auf der Stra\u00dfe, da der H\u00e4rter dazu beitr\u00e4gt, die Verfestigung der Farbe zu beschleunigen. Die Markierungsbreite kann durch Einstellen des Spr\u00fchwinkels kontrolliert werden.<\/p>\n<\/div>\n<\/div>\n\n\n\n<div class=\"wp-block-columns is-layout-flex wp-container-core-columns-is-layout-9d6595d7 wp-block-columns-is-layout-flex\">\n<div class=\"wp-block-column is-layout-flow wp-block-column-is-layout-flow\"><div class=\"wp-block-image\">\n<figure class=\"aligncenter size-large is-resized\"><a href=\"https:\/\/roadskymarking.com\/de\/rs11-booster-vehicle.html\/\" target=\"_blank\" rel=\"noreferrer noopener\"><img decoding=\"async\" src=\"https:\/\/roadskymarking.com\/wp-content\/uploads\/2022\/12\/QQ%E6%88%AA%E5%9B%BE20221220155645-1.jpg\" alt=\"Leitstreifentreiber\" style=\"object-fit:cover;width:200px;height:200px\"\/><\/a><figcaption class=\"wp-element-caption\"><a href=\"https:\/\/roadskymarking.com\/de\/rs11-booster-vehicle.html\/\" target=\"_blank\" rel=\"noreferrer noopener\">Leitungsstreifen<\/a><a href=\"https:\/\/roadskymarking.com\/de\/rs11-booster-vehicle.html\/\">ng-Treiber<\/a><\/figcaption><\/figure><\/div><\/div>\n\n\n\n<div class=\"wp-block-column is-layout-flow wp-block-column-is-layout-flow\">\n<p>RS- 11A Linienfahrer f\u00fcr thermoplastische oder kalte Farbe Stra\u00dfenmarkierung ist mit Motor ausgestattet, die mit RS-1B, RS-5 Serie verwendet werden kann. Der Sitz ist um 10 Grad nach rechts geneigt, und die Position des Sitzes kann nach links oder rechts verstellt werden, damit der Bediener die Markierungssituation besser sehen kann. Der Leinenf\u00fchrer kann flexibel angeschlossen und leicht gedreht oder gewendet werden.<\/p>\n<\/div>\n<\/div>\n\n\n\n<div class=\"wp-block-columns is-layout-flex wp-container-core-columns-is-layout-9d6595d7 wp-block-columns-is-layout-flex\">\n<div class=\"wp-block-column is-layout-flow wp-block-column-is-layout-flow\"><div class=\"wp-block-image\">\n<figure class=\"aligncenter size-large is-resized\"><a href=\"https:\/\/roadskymarking.com\/de\/cold-plastic-marking-paint.html\/\" target=\"_blank\" rel=\"noreferrer noopener\"><img decoding=\"async\" src=\"https:\/\/roadskymarking.com\/wp-content\/uploads\/2015\/04\/cold-road-marking-paint-2.jpg\" alt=\"Kaltplastik-Stra\u00dfenmarkierungsfarbe\" style=\"object-fit:cover;width:200px;height:200px\"\/><\/a><figcaption class=\"wp-element-caption\"><a href=\"https:\/\/roadskymarking.com\/de\/cold-plastic-marking-paint.html\/\" target=\"_blank\" rel=\"noreferrer noopener\">Kaltplastik-Stra\u00dfenmarkierungsfarbe<\/a><\/figcaption><\/figure><\/div><\/div>\n\n\n\n<div class=\"wp-block-column is-layout-flow wp-block-column-is-layout-flow\">\n<p>Kaltplastische Stra\u00dfenmarkierungsfarbe besteht aus kaltem Acrylharz, farbigem Zuschlagstoff, F\u00fcllstoff usw. Sie kann erfolgreich mit Airless- oder Luftspritzger\u00e4ten aufgetragen werden.<\/p>\n<\/div>\n<\/div>\n\n\n\n<h2 class=\"wp-block-heading\">Konzipiert f\u00fcr Parkpl\u00e4tze, Stadtstra\u00dfen, Autobahnen, Flugh\u00e4fen und mehr<\/h2>\n\n\n\n<h3 class=\"wp-block-heading\">Warum RoadSky Line Stripers w\u00e4hlen?<\/h3>\n\n\n\n<ul class=\"wp-block-list\">\n<li><strong><em>Hochaufl\u00f6sendes Spr\u00fchen<\/em><\/strong>: Unsere Linienentferner sind mit hochaufl\u00f6senden Spr\u00fchsystemen ausgestattet, die gestochen scharfe, saubere Linien liefern, Overspray minimieren und ein professionelles Finish gew\u00e4hrleisten.<\/li>\n\n\n\n<li><strong><em>Robuste Konstruktion<\/em><\/strong>: Die aus hochwertigen Materialien gefertigten RoadSky-Schnurabstreifer sind f\u00fcr den Einsatz unter rauen Bedingungen geeignet und gew\u00e4hrleisten eine lange Lebensdauer.<\/li>\n\n\n\n<li><strong><em>Zuverl\u00e4ssige Motoren<\/em><\/strong>: Die von zuverl\u00e4ssigen Motoren angetriebenen RoadSky Line Stripper bieten eine konstante Leistung und reduzieren Ausfallzeiten und Wartungskosten.<\/li>\n\n\n\n<li><strong><em>Leichte Man\u00f6vrierbarkeit<\/em><\/strong>: Die mit benutzerfreundlichen Bedienelementen und ergonomischen Griffen ausgestatteten RoadSky Line Stripper sind leicht zu man\u00f6vrieren, verringern die Erm\u00fcdung des Bedieners und erh\u00f6hen die Produktivit\u00e4t.<\/li>\n<\/ul>\n\n\n\n<p>F\u00fcr weitere Informationen \u00fcber RoadSky's Linienmarkierer und um unsere gesamte Produktpalette zu erkunden, besuchen Sie unsere Website oder kontaktieren Sie noch heute unser Vertriebsteam. Lassen Sie sich von RoadSky helfen, perfekte Stra\u00dfenmarkierungen mit Leichtigkeit und Effizienz zu erzielen.<\/p>\n\n\n\n<h2 class=\"wp-block-heading\">Kontaktieren Sie uns f\u00fcr ein kostenloses Angebot<\/h2>\n\n\n\n<p><em>F\u00fcllen Sie das nachstehende Formular aus, und unsere Vertriebsmitarbeiter werden sich in K\u00fcrze mit Ihnen in Verbindung setzen.<\/em><\/p>\n\n\n\n<div class=\"wp-block-contact-form-7-contact-form-selector\">\n<div class=\"wpcf7 no-js\" id=\"wpcf7-f1316-o1\" lang=\"en-US\" dir=\"ltr\" data-wpcf7-id=\"1316\">\n<div class=\"screen-reader-response\"><p role=\"status\" aria-live=\"polite\" aria-atomic=\"true\"><\/p> <ul><\/ul><\/div>\n<form action=\"\/de\/wp-json\/wp\/v2\/pages\/3609#wpcf7-f1316-o1\" method=\"post\" class=\"wpcf7-form init\" aria-label=\"Kontakt-Formular\" novalidate=\"novalidate\" data-status=\"init\" data-trp-original-action=\"\/de\/wp-json\/wp\/v2\/pages\/3609#wpcf7-f1316-o1\">\n<fieldset class=\"hidden-fields-container\"><input type=\"hidden\" name=\"_wpcf7\" value=\"1316\" \/><input type=\"hidden\" name=\"_wpcf7_version\" value=\"6.1.5\" \/><input type=\"hidden\" name=\"_wpcf7_locale\" value=\"en_US\" \/><input type=\"hidden\" name=\"_wpcf7_unit_tag\" value=\"wpcf7-f1316-o1\" \/><input type=\"hidden\" name=\"_wpcf7_container_post\" value=\"0\" \/><input type=\"hidden\" name=\"_wpcf7_posted_data_hash\" value=\"\" \/>\n<\/fieldset>\n<div class=\"wpcf7-turnstile cf-turnstile\" data-sitekey=\"0x4AAAAAACH9ueYy7fDdFIjX\" data-response-field-name=\"_wpcf7_turnstile_response\"><\/div>\n\n<p><label><em>*<\/em>Thema:<\/label><span class=\"wpcf7-form-control-wrap\" data-name=\"your-subject\"><input size=\"40\" maxlength=\"400\" class=\"wpcf7-form-control wpcf7-text wpcf7-validates-as-required\" id=\"your-subject\" aria-required=\"true\" aria-invalid=\"false\" value=\"Product Inquiry\" type=\"text\" name=\"your-subject\" \/><\/span>\n<\/p>\n<p><label><em>*<\/em>Name:<\/label><span class=\"wpcf7-form-control-wrap\" data-name=\"your-name\"><input size=\"40\" maxlength=\"400\" class=\"wpcf7-form-control wpcf7-text wpcf7-validates-as-required\" id=\"your-name\" aria-required=\"true\" aria-invalid=\"false\" placeholder=\"Bitte geben Sie den gebr\u00e4uchlichen Namen an\" value=\"\" type=\"text\" name=\"your-name\" \/><\/span>\n<\/p>\n<p><label><em>*<\/em>E-Mail:<\/label><span class=\"wpcf7-form-control-wrap\" data-name=\"your-email\"><input size=\"40\" maxlength=\"400\" class=\"wpcf7-form-control wpcf7-email wpcf7-validates-as-required wpcf7-text wpcf7-validates-as-email\" id=\"your-email\" aria-required=\"true\" aria-invalid=\"false\" placeholder=\"Bitte geben Sie die \u00fcblicherweise verwendete E-Mail an\" value=\"\" type=\"email\" name=\"your-email\" \/><\/span>\n<\/p>\n<p><label>Telefon:<\/label><span class=\"wpcf7-form-control-wrap\" data-name=\"your-phone\"><input size=\"40\" maxlength=\"400\" class=\"wpcf7-form-control wpcf7-text\" id=\"your-phone\" aria-invalid=\"false\" placeholder=\"Bitte geben Sie eine Kontakttelefonnummer oder ein Mobiltelefon an\" value=\"\" type=\"text\" name=\"your-phone\" \/><\/span>\n<\/p>\n<p><label>Land:<\/label><span class=\"wpcf7-form-control-wrap\" data-name=\"your-country\"><input size=\"40\" maxlength=\"400\" class=\"wpcf7-form-control wpcf7-text\" id=\"your-country\" aria-invalid=\"false\" placeholder=\"Bitte geben Sie Ihr Land an\" value=\"\" type=\"text\" name=\"your-country\" \/><\/span>\n<\/p>\n<p><label>Unternehmen:<\/label><span class=\"wpcf7-form-control-wrap\" data-name=\"your-company\"><input size=\"40\" maxlength=\"400\" class=\"wpcf7-form-control wpcf7-text\" id=\"your-company\" aria-invalid=\"false\" placeholder=\"Bitte geben Sie den Firmennamen ein\" value=\"\" type=\"text\" name=\"your-company\" \/><\/span>\n<\/p>\n<p><label><em>*<\/em>Inhalt:<\/label><span class=\"wpcf7-form-control-wrap\" data-name=\"your-message\"><textarea cols=\"40\" rows=\"10\" maxlength=\"2000\" class=\"wpcf7-form-control wpcf7-textarea wpcf7-validates-as-required\" aria-required=\"true\" aria-invalid=\"false\" placeholder=\"Bitte geben Sie die Details an, die Sie wissen m\u00f6chten, wie z.B. Produktname, Spezifikationen, Preis, MOQ, etc.\" name=\"your-message\"><\/textarea><\/span>\n<\/p>\n<p class=\"btn-submit\"><label> <\/label><input class=\"wpcf7-form-control wpcf7-submit has-spinner\" type=\"submit\" value=\"SUBMIT\" \/>\n<\/p><div class=\"wpcf7-response-output\" aria-hidden=\"true\"><\/div>\n<input type=\"hidden\" name=\"trp-form-language\" value=\"de\"\/><\/form>\n<\/div>\n<\/div>","protected":false},"excerpt":{"rendered":"<p>Line stripers, also known as line marking machines or line striping machines, are devices used to apply markings to surfaces such as roads, parking lots, sports fields, and factory floors. These machines are essential for creating clear, precise lines for traffic control, parking management, and sports field delineation. Related Products More: RS-5 series cold paint road marking machine is widely used in parking lots, urban road and highway marking project. It is a kind of airless high pressure spraying marking machine, which generates pressure from plunger pump to spray paint through nozzle. Special designed spray guns control system makes the line ends tidy and good-looking. RS-5E series cold paint line striper (pavement marking machine) is special designed for efficient marking. Stable internal reversing hydraulic pump, adjustable spray gun and paint filter ensure the marking performance. RS-5E road line marking machine has a long service life due to simple structure, reliable pump and engine. Two component road marking machine is an &#8230;<\/p>","protected":false},"author":1,"featured_media":0,"parent":0,"menu_order":0,"comment_status":"closed","ping_status":"closed","template":"","meta":{"footnotes":""},"class_list":["post-3609","page","type-page","status-publish","hentry"],"yoast_head":"<!-- This site is optimized with the Yoast SEO plugin v27.4 - https:\/\/yoast.com\/product\/yoast-seo-wordpress\/ -->\n<title>Line Stripers &amp; Line Marking Equipment - RoadSky<\/title>\n<meta name=\"robots\" content=\"index, follow, max-snippet:-1, max-image-preview:large, max-video-preview:-1\" \/>\n<link rel=\"canonical\" href=\"https:\/\/roadskymarking.com\/de\/line-stripers-line-marking-equipment\/\" \/>\n<meta property=\"og:locale\" content=\"de_DE\" \/>\n<meta property=\"og:type\" content=\"article\" \/>\n<meta property=\"og:title\" content=\"Line Stripers &amp; Line Marking Equipment - RoadSky\" \/>\n<meta property=\"og:description\" content=\"Line stripers, also known as line marking machines or line striping machines, are devices used to apply markings to surfaces such as roads, parking lots, sports fields, and factory floors. These machines are essential for creating clear, precise lines for traffic control, parking management, and sports field delineation. Related Products More: RS-5 series cold paint road marking machine is widely used in parking lots, urban road and highway marking project. It is a kind of airless high pressure spraying marking machine, which generates pressure from plunger pump to spray paint through nozzle. Special designed spray guns control system makes the line ends tidy and good-looking. RS-5E series cold paint line striper (pavement marking machine) is special designed for efficient marking. Stable internal reversing hydraulic pump, adjustable spray gun and paint filter ensure the marking performance. RS-5E road line marking machine has a long service life due to simple structure, reliable pump and engine. Two component road marking machine is an ...\" \/>\n<meta property=\"og:url\" content=\"https:\/\/roadskymarking.com\/de\/line-stripers-line-marking-equipment\/\" \/>\n<meta property=\"og:site_name\" content=\"Nanjing Roadsky Traffic Facility Co.,Ltd. (Roadsky Corporation)\" \/>\n<meta property=\"article:modified_time\" content=\"2024-05-30T07:04:25+00:00\" \/>\n<meta property=\"og:image\" content=\"https:\/\/roadskymarking.com\/wp-content\/uploads\/2024\/03\/RS-5-Cold-Paint-Road-Marking-Machine.jpg\" \/>\n<meta name=\"twitter:card\" content=\"summary_large_image\" \/>\n<meta name=\"twitter:label1\" content=\"Gesch\u00e4tzte Lesezeit\" \/>\n\t<meta name=\"twitter:data1\" content=\"4\u00a0Minuten\" \/>\n<script type=\"application\/ld+json\" class=\"yoast-schema-graph\">{\"@context\":\"https:\\\/\\\/schema.org\",\"@graph\":[{\"@type\":\"WebPage\",\"@id\":\"https:\\\/\\\/roadskymarking.com\\\/line-stripers-line-marking-equipment\",\"url\":\"https:\\\/\\\/roadskymarking.com\\\/line-stripers-line-marking-equipment\",\"name\":\"Line Stripers &amp; Line Marking Equipment - RoadSky\",\"isPartOf\":{\"@id\":\"https:\\\/\\\/roadskymarking.com\\\/#website\"},\"primaryImageOfPage\":{\"@id\":\"https:\\\/\\\/roadskymarking.com\\\/line-stripers-line-marking-equipment#primaryimage\"},\"image\":{\"@id\":\"https:\\\/\\\/roadskymarking.com\\\/line-stripers-line-marking-equipment#primaryimage\"},\"thumbnailUrl\":\"https:\\\/\\\/roadskymarking.com\\\/wp-content\\\/uploads\\\/2024\\\/03\\\/RS-5-Cold-Paint-Road-Marking-Machine.jpg\",\"datePublished\":\"2024-05-30T07:03:48+00:00\",\"dateModified\":\"2024-05-30T07:04:25+00:00\",\"breadcrumb\":{\"@id\":\"https:\\\/\\\/roadskymarking.com\\\/line-stripers-line-marking-equipment#breadcrumb\"},\"inLanguage\":\"de\",\"potentialAction\":[{\"@type\":\"ReadAction\",\"target\":[\"https:\\\/\\\/roadskymarking.com\\\/line-stripers-line-marking-equipment\"]}]},{\"@type\":\"ImageObject\",\"inLanguage\":\"de\",\"@id\":\"https:\\\/\\\/roadskymarking.com\\\/line-stripers-line-marking-equipment#primaryimage\",\"url\":\"https:\\\/\\\/roadskymarking.com\\\/wp-content\\\/uploads\\\/2024\\\/03\\\/RS-5-Cold-Paint-Road-Marking-Machine.jpg\",\"contentUrl\":\"https:\\\/\\\/roadskymarking.com\\\/wp-content\\\/uploads\\\/2024\\\/03\\\/RS-5-Cold-Paint-Road-Marking-Machine.jpg\"},{\"@type\":\"BreadcrumbList\",\"@id\":\"https:\\\/\\\/roadskymarking.com\\\/line-stripers-line-marking-equipment#breadcrumb\",\"itemListElement\":[{\"@type\":\"ListItem\",\"position\":1,\"name\":\"Home\",\"item\":\"https:\\\/\\\/roadskymarking.com\\\/\"},{\"@type\":\"ListItem\",\"position\":2,\"name\":\"Line Stripers &amp; Line Marking Equipment\"}]},{\"@type\":\"WebSite\",\"@id\":\"https:\\\/\\\/roadskymarking.com\\\/#website\",\"url\":\"https:\\\/\\\/roadskymarking.com\\\/\",\"name\":\"Nanjing Roadsky Traffic Facility Co.,Ltd. (Roadsky Corporation)\",\"description\":\"Pavement Marking Equipment Supplier - RoadSky\",\"publisher\":{\"@id\":\"https:\\\/\\\/roadskymarking.com\\\/#organization\"},\"potentialAction\":[{\"@type\":\"SearchAction\",\"target\":{\"@type\":\"EntryPoint\",\"urlTemplate\":\"https:\\\/\\\/roadskymarking.com\\\/?s={search_term_string}\"},\"query-input\":{\"@type\":\"PropertyValueSpecification\",\"valueRequired\":true,\"valueName\":\"search_term_string\"}}],\"inLanguage\":\"de\"},{\"@type\":\"Organization\",\"@id\":\"https:\\\/\\\/roadskymarking.com\\\/#organization\",\"name\":\"Nanjing Roadsky Traffic Facility Co.,Ltd. (Roadsky Corporation)\",\"url\":\"https:\\\/\\\/roadskymarking.com\\\/\",\"logo\":{\"@type\":\"ImageObject\",\"inLanguage\":\"de\",\"@id\":\"https:\\\/\\\/roadskymarking.com\\\/#\\\/schema\\\/logo\\\/image\\\/\",\"url\":\"https:\\\/\\\/roadskymarking.com\\\/wp-content\\\/uploads\\\/2023\\\/03\\\/LOGO.png\",\"contentUrl\":\"https:\\\/\\\/roadskymarking.com\\\/wp-content\\\/uploads\\\/2023\\\/03\\\/LOGO.png\",\"width\":500,\"height\":400,\"caption\":\"Nanjing Roadsky Traffic Facility Co.,Ltd. (Roadsky Corporation)\"},\"image\":{\"@id\":\"https:\\\/\\\/roadskymarking.com\\\/#\\\/schema\\\/logo\\\/image\\\/\"}}]}<\/script>\n<!-- \/ Yoast SEO plugin. -->","yoast_head_json":{"title":"Linienstreifen und Markierungsger\u00e4te - RoadSky","robots":{"index":"index","follow":"follow","max-snippet":"max-snippet:-1","max-image-preview":"max-image-preview:large","max-video-preview":"max-video-preview:-1"},"canonical":"https:\/\/roadskymarking.com\/de\/line-stripers-line-marking-equipment\/","og_locale":"de_DE","og_type":"article","og_title":"Line Stripers &amp; Line Marking Equipment - RoadSky","og_description":"Line stripers, also known as line marking machines or line striping machines, are devices used to apply markings to surfaces such as roads, parking lots, sports fields, and factory floors. These machines are essential for creating clear, precise lines for traffic control, parking management, and sports field delineation. Related Products More: RS-5 series cold paint road marking machine is widely used in parking lots, urban road and highway marking project. It is a kind of airless high pressure spraying marking machine, which generates pressure from plunger pump to spray paint through nozzle. Special designed spray guns control system makes the line ends tidy and good-looking. RS-5E series cold paint line striper (pavement marking machine) is special designed for efficient marking. Stable internal reversing hydraulic pump, adjustable spray gun and paint filter ensure the marking performance. RS-5E road line marking machine has a long service life due to simple structure, reliable pump and engine. Two component road marking machine is an ...","og_url":"https:\/\/roadskymarking.com\/de\/line-stripers-line-marking-equipment\/","og_site_name":"Nanjing Roadsky Traffic Facility Co.,Ltd. (Roadsky Corporation)","article_modified_time":"2024-05-30T07:04:25+00:00","og_image":[{"url":"https:\/\/roadskymarking.com\/wp-content\/uploads\/2024\/03\/RS-5-Cold-Paint-Road-Marking-Machine.jpg","type":"","width":"","height":""}],"twitter_card":"summary_large_image","twitter_misc":{"Gesch\u00e4tzte Lesezeit":"4\u00a0Minuten"},"schema":{"@context":"https:\/\/schema.org","@graph":[{"@type":"WebPage","@id":"https:\/\/roadskymarking.com\/line-stripers-line-marking-equipment","url":"https:\/\/roadskymarking.com\/line-stripers-line-marking-equipment","name":"Linienstreifen und Markierungsger\u00e4te - RoadSky","isPartOf":{"@id":"https:\/\/roadskymarking.com\/#website"},"primaryImageOfPage":{"@id":"https:\/\/roadskymarking.com\/line-stripers-line-marking-equipment#primaryimage"},"image":{"@id":"https:\/\/roadskymarking.com\/line-stripers-line-marking-equipment#primaryimage"},"thumbnailUrl":"https:\/\/roadskymarking.com\/wp-content\/uploads\/2024\/03\/RS-5-Cold-Paint-Road-Marking-Machine.jpg","datePublished":"2024-05-30T07:03:48+00:00","dateModified":"2024-05-30T07:04:25+00:00","breadcrumb":{"@id":"https:\/\/roadskymarking.com\/line-stripers-line-marking-equipment#breadcrumb"},"inLanguage":"de","potentialAction":[{"@type":"ReadAction","target":["https:\/\/roadskymarking.com\/line-stripers-line-marking-equipment"]}]},{"@type":"ImageObject","inLanguage":"de","@id":"https:\/\/roadskymarking.com\/line-stripers-line-marking-equipment#primaryimage","url":"https:\/\/roadskymarking.com\/wp-content\/uploads\/2024\/03\/RS-5-Cold-Paint-Road-Marking-Machine.jpg","contentUrl":"https:\/\/roadskymarking.com\/wp-content\/uploads\/2024\/03\/RS-5-Cold-Paint-Road-Marking-Machine.jpg"},{"@type":"BreadcrumbList","@id":"https:\/\/roadskymarking.com\/line-stripers-line-marking-equipment#breadcrumb","itemListElement":[{"@type":"ListItem","position":1,"name":"Home","item":"https:\/\/roadskymarking.com\/"},{"@type":"ListItem","position":2,"name":"Line Stripers &amp; Line Marking Equipment"}]},{"@type":"WebSite","@id":"https:\/\/roadskymarking.com\/#website","url":"https:\/\/roadskymarking.com\/","name":"Nanjing Roadsky Traffic Facility Co.,Ltd. (Roadsky Gesellschaft)","description":"Anbieter von Fahrbahnmarkierungsanlagen - RoadSky","publisher":{"@id":"https:\/\/roadskymarking.com\/#organization"},"potentialAction":[{"@type":"SearchAction","target":{"@type":"EntryPoint","urlTemplate":"https:\/\/roadskymarking.com\/?s={search_term_string}"},"query-input":{"@type":"PropertyValueSpecification","valueRequired":true,"valueName":"search_term_string"}}],"inLanguage":"de"},{"@type":"Organization","@id":"https:\/\/roadskymarking.com\/#organization","name":"Nanjing Roadsky Traffic Facility Co.,Ltd. (Roadsky Gesellschaft)","url":"https:\/\/roadskymarking.com\/","logo":{"@type":"ImageObject","inLanguage":"de","@id":"https:\/\/roadskymarking.com\/#\/schema\/logo\/image\/","url":"https:\/\/roadskymarking.com\/wp-content\/uploads\/2023\/03\/LOGO.png","contentUrl":"https:\/\/roadskymarking.com\/wp-content\/uploads\/2023\/03\/LOGO.png","width":500,"height":400,"caption":"Nanjing Roadsky Traffic Facility Co.,Ltd. (Roadsky Corporation)"},"image":{"@id":"https:\/\/roadskymarking.com\/#\/schema\/logo\/image\/"}}]}},"_links":{"self":[{"href":"https:\/\/roadskymarking.com\/de\/wp-json\/wp\/v2\/pages\/3609","targetHints":{"allow":["GET"]}}],"collection":[{"href":"https:\/\/roadskymarking.com\/de\/wp-json\/wp\/v2\/pages"}],"about":[{"href":"https:\/\/roadskymarking.com\/de\/wp-json\/wp\/v2\/types\/page"}],"author":[{"embeddable":true,"href":"https:\/\/roadskymarking.com\/de\/wp-json\/wp\/v2\/users\/1"}],"replies":[{"embeddable":true,"href":"https:\/\/roadskymarking.com\/de\/wp-json\/wp\/v2\/comments?post=3609"}],"version-history":[{"count":3,"href":"https:\/\/roadskymarking.com\/de\/wp-json\/wp\/v2\/pages\/3609\/revisions"}],"predecessor-version":[{"id":3620,"href":"https:\/\/roadskymarking.com\/de\/wp-json\/wp\/v2\/pages\/3609\/revisions\/3620"}],"wp:attachment":[{"href":"https:\/\/roadskymarking.com\/de\/wp-json\/wp\/v2\/media?parent=3609"}],"curies":[{"name":"wp","href":"https:\/\/api.w.org\/{rel}","templated":true}]}}