{"id":3925,"date":"2024-11-20T07:58:32","date_gmt":"2024-11-20T07:58:32","guid":{"rendered":"https:\/\/roadskymarking.com\/?page_id=3925"},"modified":"2024-11-20T08:21:37","modified_gmt":"2024-11-20T08:21:37","slug":"airless-road-marking-machines-2","status":"publish","type":"page","link":"https:\/\/roadskymarking.com\/de\/airless-road-marking-machines-2","title":{"rendered":"Airless-Stra\u00dfenmarkierungsmaschinen"},"content":{"rendered":"<div class=\"wp-block-columns is-layout-flex wp-container-core-columns-is-layout-9d6595d7 wp-block-columns-is-layout-flex\">\n<div class=\"wp-block-column is-layout-flow wp-block-column-is-layout-flow\">\n<figure class=\"wp-block-image size-full\"><img loading=\"lazy\" decoding=\"async\" width=\"600\" height=\"400\" src=\"https:\/\/roadskymarking.com\/wp-content\/uploads\/2024\/11\/Airless-Road-Marking-Machines.jpg\" alt=\"Airless-Stra\u00dfenmarkierungsmaschinen\" class=\"wp-image-3934\" srcset=\"https:\/\/roadskymarking.com\/wp-content\/uploads\/2024\/11\/Airless-Road-Marking-Machines.jpg 600w, https:\/\/roadskymarking.com\/wp-content\/uploads\/2024\/11\/Airless-Road-Marking-Machines-400x267.jpg 400w\" sizes=\"auto, (max-width: 600px) 100vw, 600px\" \/><\/figure>\n<\/div>\n\n\n\n<div class=\"wp-block-column is-layout-flow wp-block-column-is-layout-flow\">\n<h2 class=\"wp-block-heading\">Merkmale:<\/h2>\n\n\n\n<ul class=\"wp-block-list\">\n<li>Pr\u00e4zision: Erm\u00f6glicht eine gleichm\u00e4\u00dfige Dicke und saubere Kanten.<\/li>\n\n\n\n<li>Effizient: Gro\u00dfe Fl\u00e4chen werden schnell abgedeckt, was die Projektdauer verk\u00fcrzt.<\/li>\n\n\n\n<li>Langlebigkeit: Sorgt f\u00fcr langlebige, verschlei\u00dffeste Markierungen.<\/li>\n<\/ul>\n\n\n\n<div class=\"wp-block-buttons is-content-justification-center is-layout-flex wp-container-core-buttons-is-layout-16018d1d wp-block-buttons-is-layout-flex\">\n<div class=\"wp-block-button\"><a class=\"wp-block-button__link wp-element-button\" href=\"https:\/\/roadskymarking.com\/de\/inquiry\/\" target=\"_blank\" rel=\"noreferrer noopener\"><mark style=\"background-color:rgba(0, 0, 0, 0)\" class=\"has-inline-color has-white-color\">Angebot einholen<\/mark><\/a><\/div>\n<\/div>\n<\/div>\n<\/div>\n\n\n\n<hr class=\"wp-block-separator has-alpha-channel-opacity\"\/>\n\n\n\n<p>Airless-Stra\u00dfenmarkierungsmaschinen verwenden eine Hochdruckpumpe, um Farbe direkt auf Stra\u00dfenoberfl\u00e4chen zu spr\u00fchen, ohne dass Druckluft ben\u00f6tigt wird. Diese Technologie sorgt f\u00fcr einen gleichm\u00e4\u00dfigen Farbauftrag und ist damit ideal f\u00fcr die Herstellung scharfer und gleichm\u00e4\u00dfiger Linien auf Stra\u00dfen, Parkpl\u00e4tzen und anderen Oberfl\u00e4chen. Zu den wichtigsten Komponenten geh\u00f6ren eine Hochdruckpumpe, eine Spritzpistole, ein Farbbeh\u00e4lter und verstellbare D\u00fcsen.<\/p>\n\n\n\n<figure class=\"wp-block-embed aligncenter is-type-video is-provider-youtube wp-block-embed-youtube wp-embed-aspect-16-9 wp-has-aspect-ratio\"><div class=\"wp-block-embed__wrapper\">\n<iframe loading=\"lazy\" title=\"Doppellinienmarkierung mit Airless (Kaltplastik) Stra\u00dfenmarkierungsmaschine\" width=\"500\" height=\"281\" src=\"https:\/\/www.youtube.com\/embed\/wpeEhpRbclE?feature=oembed\" frameborder=\"0\" allow=\"accelerometer; autoplay; clipboard-write; encrypted-media; gyroscope; picture-in-picture; web-share\" referrerpolicy=\"strict-origin-when-cross-origin\" allowfullscreen><\/iframe>\n<\/div><\/figure>\n\n\n\n<h2 class=\"wp-block-heading\">Anwendungen von Airless-Stra\u00dfenmarkierungsmaschinen<\/h2>\n\n\n\n<p>Airless-Stra\u00dfenmarkierungsmaschinen werden in verschiedenen Bereichen eingesetzt, unter anderem:<\/p>\n\n\n\n<ul class=\"wp-block-list\">\n<li><strong>St\u00e4dtische und l\u00e4ndliche Stra\u00dfen<\/strong>: F\u00fcr die Gestaltung von Fahrbahnteilern, Fu\u00dfg\u00e4nger\u00fcberwegen und Haltelinien.<\/li>\n\n\n\n<li><strong>Parkpl\u00e4tze<\/strong>: Pr\u00e4zise Markierung von Parkpl\u00e4tzen und Richtungspfeilen.<\/li>\n\n\n\n<li><strong>Flugh\u00e4fen<\/strong>: Markierung von Start- und Landebahnen, Rollwegen und Terminals.<\/li>\n\n\n\n<li><strong>Industrielle Einrichtungen<\/strong>: Sicherheitszonen und Gefahrenmarkierungen.<\/li>\n<\/ul>\n\n\n\n<h2 class=\"wp-block-heading\">Verwandte Produkte<\/h2>\n\n\n\n<div class=\"wp-block-columns is-layout-flex wp-container-core-columns-is-layout-9d6595d7 wp-block-columns-is-layout-flex\">\n<div class=\"wp-block-column is-layout-flow wp-block-column-is-layout-flow\" style=\"flex-basis:33.33%\"><div class=\"wp-block-image\">\n<figure class=\"aligncenter size-large is-resized\"><a href=\"https:\/\/roadskymarking.com\/de\/cold-paint-road-marking-machine.html\/\" target=\"_blank\" rel=\" noreferrer noopener\"><img decoding=\"async\" src=\"https:\/\/roadskymarking.com\/wp-content\/uploads\/2024\/03\/RS-5-Cold-Paint-Road-Marking-Machine.jpg\" alt=\"RS-5 Kaltfarb-Stra\u00dfenmarkierungsmaschine\" style=\"object-fit:cover;width:200px;height:200px\"\/><\/a><figcaption class=\"wp-element-caption\"><a href=\"https:\/\/roadskymarking.com\/de\/cold-paint-road-marking-machine.html\/\" target=\"_blank\" rel=\"noreferrer noopener\">RS-5 Kaltfarb-Stra\u00dfenmarkierungsmaschine<\/a><\/figcaption><\/figure><\/div><\/div>\n\n\n\n<div class=\"wp-block-column is-layout-flow wp-block-column-is-layout-flow\" style=\"flex-basis:66.66%\">\n<p>RS-5 Serie kalte Farbe Stra\u00dfenmarkierung Maschine ist weit verbreitet in Parkpl\u00e4tzen, st\u00e4dtischen Stra\u00dfe und Autobahn Markierung Projekt verwendet. Es ist eine Art von Airless-Hochdruck-Spritzen Markierungsmaschine, die Druck von Kolbenpumpe erzeugt Farbe durch D\u00fcse zu spr\u00fchen. Speziell entwickelte Spritzpistolen Kontrollsystem macht die Linie endet ordentlich und gut aussehend.<\/p>\n<\/div>\n<\/div>\n\n\n\n<div class=\"wp-block-columns is-layout-flex wp-container-core-columns-is-layout-9d6595d7 wp-block-columns-is-layout-flex\">\n<div class=\"wp-block-column is-layout-flow wp-block-column-is-layout-flow\" style=\"flex-basis:33.33%\"><div class=\"wp-block-image\">\n<figure class=\"aligncenter size-large is-resized\"><a href=\"https:\/\/roadskymarking.com\/de\/cold-paint-line-striper.html\/\" target=\"_blank\" rel=\" noreferrer noopener\"><img decoding=\"async\" src=\"https:\/\/roadskymarking.com\/wp-content\/uploads\/2018\/05\/RS-5E-Cold-Paint-Road-Marking-Machine-4.jpg\" alt=\"RS-5E Kaltabstreifer\" style=\"object-fit:cover;width:200px;height:200px\"\/><\/a><figcaption class=\"wp-element-caption\"><a href=\"https:\/\/roadskymarking.com\/de\/cold-paint-line-striper.html\/\" target=\"_blank\" rel=\"noreferrer noopener\">RS-5E Kaltabstreifer<\/a><\/figcaption><\/figure><\/div><\/div>\n\n\n\n<div class=\"wp-block-column is-layout-flow wp-block-column-is-layout-flow\" style=\"flex-basis:66.66%\">\n<p>Die RS-5E-Serie von Kaltfarbstrippern (Fahrbahnmarkierungsmaschinen) ist speziell f\u00fcr eine effiziente Markierung konzipiert. Stabile interne Umkehrhydraulikpumpe, einstellbare Spritzpistole und Farbfilter gew\u00e4hrleisten die Markierungsleistung. RS-5E Stra\u00dfe Linie Markierung Maschine hat eine lange Lebensdauer aufgrund der einfachen Struktur, zuverl\u00e4ssige Pumpe und Motor.<\/p>\n<\/div>\n<\/div>\n\n\n\n<div class=\"wp-block-columns is-layout-flex wp-container-core-columns-is-layout-9d6595d7 wp-block-columns-is-layout-flex\">\n<div class=\"wp-block-column is-layout-flow wp-block-column-is-layout-flow\" style=\"flex-basis:33.33%\"><div class=\"wp-block-image\">\n<figure class=\"aligncenter size-large is-resized\"><a href=\"https:\/\/roadskymarking.com\/de\/two-component-road-marking-machine.html\/\" target=\"_blank\" rel=\" noreferrer noopener\"><img decoding=\"async\" src=\"https:\/\/roadskymarking.com\/wp-content\/uploads\/2023\/09\/Two-Component-Road-Marking-Machine.jpg\" alt=\"RS-12 Zweikomponenten-Stra\u00dfenmarkierungsmaschine\" style=\"object-fit:cover;width:200px;height:200px\"\/><\/a><figcaption class=\"wp-element-caption\"><a href=\"https:\/\/roadskymarking.com\/de\/two-component-road-marking-machine.html\/\" target=\"_blank\" rel=\"noreferrer noopener\">RS-12 Zweikomponenten-Stra\u00dfenmarkierungsmaschine<\/a><\/figcaption><\/figure><\/div><\/div>\n\n\n\n<div class=\"wp-block-column is-layout-flow wp-block-column-is-layout-flow\" style=\"flex-basis:66.66%\">\n<p>Die Zweikomponenten-Stra\u00dfenmarkierungsmaschine ist eine fortschrittliche Markierungsmethode. Die Zweikomponenten-Markierungsfarbe besteht aus Kaltplastikfarbe und Aush\u00e4rtungsmittel. Die beiden Fl\u00fcssigkeiten befinden sich in getrennten Tanks, bis sie verspr\u00fcht werden und sich w\u00e4hrend des Markierungsvorgangs in der Luft vermischen. Nachdem sich Kaltplastikfarbe und H\u00e4rter in der Luft vermischt haben, bilden sie sofort die Markierungslinien auf der Stra\u00dfe, da der H\u00e4rter dazu beitr\u00e4gt, die Verfestigung der Farbe zu beschleunigen. Die Markierungsbreite kann durch Einstellen des Spr\u00fchwinkels kontrolliert werden.<\/p>\n<\/div>\n<\/div>\n\n\n\n<div class=\"wp-block-columns is-layout-flex wp-container-core-columns-is-layout-9d6595d7 wp-block-columns-is-layout-flex\">\n<div class=\"wp-block-column is-layout-flow wp-block-column-is-layout-flow\" style=\"flex-basis:33.33%\"><div class=\"wp-block-image\">\n<figure class=\"aligncenter size-large is-resized\"><a href=\"https:\/\/roadskymarking.com\/de\/automatic-cold-paint-road-marking-machine.html\/\" target=\"_blank\" rel=\" noreferrer noopener\"><img decoding=\"async\" src=\"https:\/\/roadskymarking.com\/wp-content\/uploads\/2017\/07\/automatic-cold-paint-road-marking-machine.jpg\" alt=\"Automatische Kaltfarb-Stra\u00dfenmarkierungsmaschine\" style=\"object-fit:cover;width:200px;height:200px\"\/><\/a><figcaption class=\"wp-element-caption\"><a href=\"https:\/\/roadskymarking.com\/de\/automatic-cold-paint-road-marking-machine.html\/\" target=\"_blank\" rel=\"noreferrer noopener\">Automatische Kaltfarb-Stra\u00dfenmarkierungsmaschine<\/a><\/figcaption><\/figure><\/div><\/div>\n\n\n\n<div class=\"wp-block-column is-layout-flow wp-block-column-is-layout-flow\" style=\"flex-basis:66.66%\">\n<p>Unsere fahrende automatische Kaltfarb-Stra\u00dfenmarkierungsmaschine ist eine vollautomatisch laufende Markierungsmaschine. Gro\u00dfer Kapazit\u00e4t Farbe Tank und Glasperlen Tank ist speziell f\u00fcr lange Strecke Stra\u00dfenmarkierung Projekt konzipiert. Zuverl\u00e4ssige hydraulische Antriebssystem und leistungsstarken Motor kann die Linie Markierung Effizienz erheblich verbessern.<\/p>\n<\/div>\n<\/div>\n\n\n\n<h2 class=\"wp-block-heading\">Kontaktieren Sie uns f\u00fcr ein kostenloses Angebot<\/h2>\n\n\n\n<p><em>F\u00fcllen Sie das nachstehende Formular aus, und unsere Vertriebsmitarbeiter werden sich in K\u00fcrze mit Ihnen in Verbindung setzen.<\/em><\/p>\n\n\n\n<div class=\"wp-block-contact-form-7-contact-form-selector\">\n<div class=\"wpcf7 no-js\" id=\"wpcf7-f1316-o1\" lang=\"en-US\" dir=\"ltr\" data-wpcf7-id=\"1316\">\n<div class=\"screen-reader-response\"><p role=\"status\" aria-live=\"polite\" aria-atomic=\"true\"><\/p> <ul><\/ul><\/div>\n<form action=\"\/de\/wp-json\/wp\/v2\/pages\/3925#wpcf7-f1316-o1\" method=\"post\" class=\"wpcf7-form init\" aria-label=\"Kontakt-Formular\" novalidate=\"novalidate\" data-status=\"init\" data-trp-original-action=\"\/de\/wp-json\/wp\/v2\/pages\/3925#wpcf7-f1316-o1\">\n<fieldset class=\"hidden-fields-container\"><input type=\"hidden\" name=\"_wpcf7\" value=\"1316\" \/><input type=\"hidden\" name=\"_wpcf7_version\" value=\"6.1.5\" \/><input type=\"hidden\" name=\"_wpcf7_locale\" value=\"en_US\" \/><input type=\"hidden\" name=\"_wpcf7_unit_tag\" value=\"wpcf7-f1316-o1\" \/><input type=\"hidden\" name=\"_wpcf7_container_post\" value=\"0\" \/><input type=\"hidden\" name=\"_wpcf7_posted_data_hash\" value=\"\" \/>\n<\/fieldset>\n<div class=\"wpcf7-turnstile cf-turnstile\" data-sitekey=\"0x4AAAAAACH9ueYy7fDdFIjX\" data-response-field-name=\"_wpcf7_turnstile_response\"><\/div>\n\n<p><label><em>*<\/em>Thema:<\/label><span class=\"wpcf7-form-control-wrap\" data-name=\"your-subject\"><input size=\"40\" maxlength=\"400\" class=\"wpcf7-form-control wpcf7-text wpcf7-validates-as-required\" id=\"your-subject\" aria-required=\"true\" aria-invalid=\"false\" value=\"Product Inquiry\" type=\"text\" name=\"your-subject\" \/><\/span>\n<\/p>\n<p><label><em>*<\/em>Name:<\/label><span class=\"wpcf7-form-control-wrap\" data-name=\"your-name\"><input size=\"40\" maxlength=\"400\" class=\"wpcf7-form-control wpcf7-text wpcf7-validates-as-required\" id=\"your-name\" aria-required=\"true\" aria-invalid=\"false\" placeholder=\"Bitte geben Sie den gebr\u00e4uchlichen Namen an\" value=\"\" type=\"text\" name=\"your-name\" \/><\/span>\n<\/p>\n<p><label><em>*<\/em>E-Mail:<\/label><span class=\"wpcf7-form-control-wrap\" data-name=\"your-email\"><input size=\"40\" maxlength=\"400\" class=\"wpcf7-form-control wpcf7-email wpcf7-validates-as-required wpcf7-text wpcf7-validates-as-email\" id=\"your-email\" aria-required=\"true\" aria-invalid=\"false\" placeholder=\"Bitte geben Sie die \u00fcblicherweise verwendete E-Mail an\" value=\"\" type=\"email\" name=\"your-email\" \/><\/span>\n<\/p>\n<p><label>Telefon:<\/label><span class=\"wpcf7-form-control-wrap\" data-name=\"your-phone\"><input size=\"40\" maxlength=\"400\" class=\"wpcf7-form-control wpcf7-text\" id=\"your-phone\" aria-invalid=\"false\" placeholder=\"Bitte geben Sie eine Kontakttelefonnummer oder ein Mobiltelefon an\" value=\"\" type=\"text\" name=\"your-phone\" \/><\/span>\n<\/p>\n<p><label>Land:<\/label><span class=\"wpcf7-form-control-wrap\" data-name=\"your-country\"><input size=\"40\" maxlength=\"400\" class=\"wpcf7-form-control wpcf7-text\" id=\"your-country\" aria-invalid=\"false\" placeholder=\"Bitte geben Sie Ihr Land an\" value=\"\" type=\"text\" name=\"your-country\" \/><\/span>\n<\/p>\n<p><label>Unternehmen:<\/label><span class=\"wpcf7-form-control-wrap\" data-name=\"your-company\"><input size=\"40\" maxlength=\"400\" class=\"wpcf7-form-control wpcf7-text\" id=\"your-company\" aria-invalid=\"false\" placeholder=\"Bitte geben Sie den Firmennamen ein\" value=\"\" type=\"text\" name=\"your-company\" \/><\/span>\n<\/p>\n<p><label><em>*<\/em>Inhalt:<\/label><span class=\"wpcf7-form-control-wrap\" data-name=\"your-message\"><textarea cols=\"40\" rows=\"10\" maxlength=\"2000\" class=\"wpcf7-form-control wpcf7-textarea wpcf7-validates-as-required\" aria-required=\"true\" aria-invalid=\"false\" placeholder=\"Bitte geben Sie die Details an, die Sie wissen m\u00f6chten, wie z.B. Produktname, Spezifikationen, Preis, MOQ, etc.\" name=\"your-message\"><\/textarea><\/span>\n<\/p>\n<p class=\"btn-submit\"><label> <\/label><input class=\"wpcf7-form-control wpcf7-submit has-spinner\" type=\"submit\" value=\"SUBMIT\" \/>\n<\/p><div class=\"wpcf7-response-output\" aria-hidden=\"true\"><\/div>\n<input type=\"hidden\" name=\"trp-form-language\" value=\"de\"\/><\/form>\n<\/div>\n<\/div>","protected":false},"excerpt":{"rendered":"<p>Features: Airless road marking machines use a high-pressure pump to spray paint directly onto road surfaces without the need for compressed air. This technology ensures a smooth and even application of paint, making it ideal for producing sharp and consistent lines on roads, parking lots, and other surfaces. The core components include a high-pressure pump, spray gun, paint tank, and adjustable nozzles. Applications of Airless Road Marking Machines Airless road marking machines are used in various sectors, including: Related Products RS-5 series cold paint road marking machine is widely used in parking lots, urban road and highway marking project. It is a kind of airless high pressure spraying marking machine, which generates pressure from plunger pump to spray paint through nozzle. Special designed spray guns control system makes the line ends tidy and good-looking. RS-5E series cold paint line striper (pavement marking machine) is special designed for efficient marking. Stable internal reversing hydraulic pump, adjustable spray gun and paint filter &#8230;<\/p>","protected":false},"author":1,"featured_media":0,"parent":0,"menu_order":0,"comment_status":"closed","ping_status":"closed","template":"","meta":{"footnotes":""},"class_list":["post-3925","page","type-page","status-publish","hentry"],"yoast_head":"<!-- This site is optimized with the Yoast SEO plugin v27.5 - https:\/\/yoast.com\/product\/yoast-seo-wordpress\/ -->\n<title>Airless Road Marking Machines - RoadSky<\/title>\n<meta name=\"description\" content=\"Airless road marking machines use a high-pressure pump to spray paint directly onto road surfaces without the need for compressed air.\" \/>\n<meta name=\"robots\" content=\"index, follow, max-snippet:-1, max-image-preview:large, max-video-preview:-1\" \/>\n<link rel=\"canonical\" href=\"https:\/\/roadskymarking.com\/de\/airless-road-marking-machines-2\/\" \/>\n<meta property=\"og:locale\" content=\"de_DE\" \/>\n<meta property=\"og:type\" content=\"article\" \/>\n<meta property=\"og:title\" content=\"Airless Road Marking Machines - RoadSky\" \/>\n<meta property=\"og:description\" content=\"Airless road marking machines use a high-pressure pump to spray paint directly onto road surfaces without the need for compressed air.\" \/>\n<meta property=\"og:url\" content=\"https:\/\/roadskymarking.com\/de\/airless-road-marking-machines-2\/\" \/>\n<meta property=\"og:site_name\" content=\"Nanjing Roadsky Traffic Facility Co.,Ltd. (Roadsky Corporation)\" \/>\n<meta property=\"article:modified_time\" content=\"2024-11-20T08:21:37+00:00\" \/>\n<meta property=\"og:image\" content=\"https:\/\/roadskymarking.com\/wp-content\/uploads\/2024\/11\/Airless-Road-Marking-Machines.jpg\" \/>\n\t<meta property=\"og:image:width\" content=\"600\" \/>\n\t<meta property=\"og:image:height\" content=\"400\" \/>\n\t<meta property=\"og:image:type\" content=\"image\/jpeg\" \/>\n<meta name=\"twitter:card\" content=\"summary_large_image\" \/>\n<meta name=\"twitter:label1\" content=\"Gesch\u00e4tzte Lesezeit\" \/>\n\t<meta name=\"twitter:data1\" content=\"3\u00a0Minuten\" \/>\n<script type=\"application\/ld+json\" class=\"yoast-schema-graph\">{\"@context\":\"https:\\\/\\\/schema.org\",\"@graph\":[{\"@type\":\"WebPage\",\"@id\":\"https:\\\/\\\/roadskymarking.com\\\/airless-road-marking-machines-2\",\"url\":\"https:\\\/\\\/roadskymarking.com\\\/airless-road-marking-machines-2\",\"name\":\"Airless Road Marking Machines - RoadSky\",\"isPartOf\":{\"@id\":\"https:\\\/\\\/roadskymarking.com\\\/#website\"},\"primaryImageOfPage\":{\"@id\":\"https:\\\/\\\/roadskymarking.com\\\/airless-road-marking-machines-2#primaryimage\"},\"image\":{\"@id\":\"https:\\\/\\\/roadskymarking.com\\\/airless-road-marking-machines-2#primaryimage\"},\"thumbnailUrl\":\"https:\\\/\\\/roadskymarking.com\\\/wp-content\\\/uploads\\\/2024\\\/11\\\/Airless-Road-Marking-Machines.jpg\",\"datePublished\":\"2024-11-20T07:58:32+00:00\",\"dateModified\":\"2024-11-20T08:21:37+00:00\",\"description\":\"Airless road marking machines use a high-pressure pump to spray paint directly onto road surfaces without the need for compressed air.\",\"breadcrumb\":{\"@id\":\"https:\\\/\\\/roadskymarking.com\\\/airless-road-marking-machines-2#breadcrumb\"},\"inLanguage\":\"de\",\"potentialAction\":[{\"@type\":\"ReadAction\",\"target\":[\"https:\\\/\\\/roadskymarking.com\\\/airless-road-marking-machines-2\"]}]},{\"@type\":\"ImageObject\",\"inLanguage\":\"de\",\"@id\":\"https:\\\/\\\/roadskymarking.com\\\/airless-road-marking-machines-2#primaryimage\",\"url\":\"https:\\\/\\\/roadskymarking.com\\\/wp-content\\\/uploads\\\/2024\\\/11\\\/Airless-Road-Marking-Machines.jpg\",\"contentUrl\":\"https:\\\/\\\/roadskymarking.com\\\/wp-content\\\/uploads\\\/2024\\\/11\\\/Airless-Road-Marking-Machines.jpg\"},{\"@type\":\"BreadcrumbList\",\"@id\":\"https:\\\/\\\/roadskymarking.com\\\/airless-road-marking-machines-2#breadcrumb\",\"itemListElement\":[{\"@type\":\"ListItem\",\"position\":1,\"name\":\"Home\",\"item\":\"https:\\\/\\\/roadskymarking.com\\\/\"},{\"@type\":\"ListItem\",\"position\":2,\"name\":\"Airless Road Marking Machines\"}]},{\"@type\":\"WebSite\",\"@id\":\"https:\\\/\\\/roadskymarking.com\\\/#website\",\"url\":\"https:\\\/\\\/roadskymarking.com\\\/\",\"name\":\"Nanjing Roadsky Traffic Facility Co.,Ltd. (Roadsky Corporation)\",\"description\":\"Pavement Marking Equipment Supplier - RoadSky\",\"publisher\":{\"@id\":\"https:\\\/\\\/roadskymarking.com\\\/#organization\"},\"potentialAction\":[{\"@type\":\"SearchAction\",\"target\":{\"@type\":\"EntryPoint\",\"urlTemplate\":\"https:\\\/\\\/roadskymarking.com\\\/?s={search_term_string}\"},\"query-input\":{\"@type\":\"PropertyValueSpecification\",\"valueRequired\":true,\"valueName\":\"search_term_string\"}}],\"inLanguage\":\"de\"},{\"@type\":\"Organization\",\"@id\":\"https:\\\/\\\/roadskymarking.com\\\/#organization\",\"name\":\"Nanjing Roadsky Traffic Facility Co.,Ltd. (Roadsky Corporation)\",\"url\":\"https:\\\/\\\/roadskymarking.com\\\/\",\"logo\":{\"@type\":\"ImageObject\",\"inLanguage\":\"de\",\"@id\":\"https:\\\/\\\/roadskymarking.com\\\/#\\\/schema\\\/logo\\\/image\\\/\",\"url\":\"https:\\\/\\\/roadskymarking.com\\\/wp-content\\\/uploads\\\/2023\\\/03\\\/LOGO.png\",\"contentUrl\":\"https:\\\/\\\/roadskymarking.com\\\/wp-content\\\/uploads\\\/2023\\\/03\\\/LOGO.png\",\"width\":500,\"height\":400,\"caption\":\"Nanjing Roadsky Traffic Facility Co.,Ltd. (Roadsky Corporation)\"},\"image\":{\"@id\":\"https:\\\/\\\/roadskymarking.com\\\/#\\\/schema\\\/logo\\\/image\\\/\"}}]}<\/script>\n<!-- \/ Yoast SEO plugin. -->","yoast_head_json":{"title":"Airless-Stra\u00dfenmarkierungsmaschinen - RoadSky","description":"Airless-Stra\u00dfenmarkierungsmaschinen verwenden eine Hochdruckpumpe, um Farbe direkt auf die Stra\u00dfenoberfl\u00e4che zu spr\u00fchen, ohne dass Druckluft ben\u00f6tigt wird.","robots":{"index":"index","follow":"follow","max-snippet":"max-snippet:-1","max-image-preview":"max-image-preview:large","max-video-preview":"max-video-preview:-1"},"canonical":"https:\/\/roadskymarking.com\/de\/airless-road-marking-machines-2\/","og_locale":"de_DE","og_type":"article","og_title":"Airless Road Marking Machines - RoadSky","og_description":"Airless road marking machines use a high-pressure pump to spray paint directly onto road surfaces without the need for compressed air.","og_url":"https:\/\/roadskymarking.com\/de\/airless-road-marking-machines-2\/","og_site_name":"Nanjing Roadsky Traffic Facility Co.,Ltd. (Roadsky Corporation)","article_modified_time":"2024-11-20T08:21:37+00:00","og_image":[{"width":600,"height":400,"url":"https:\/\/roadskymarking.com\/wp-content\/uploads\/2024\/11\/Airless-Road-Marking-Machines.jpg","type":"image\/jpeg"}],"twitter_card":"summary_large_image","twitter_misc":{"Gesch\u00e4tzte Lesezeit":"3\u00a0Minuten"},"schema":{"@context":"https:\/\/schema.org","@graph":[{"@type":"WebPage","@id":"https:\/\/roadskymarking.com\/airless-road-marking-machines-2","url":"https:\/\/roadskymarking.com\/airless-road-marking-machines-2","name":"Airless-Stra\u00dfenmarkierungsmaschinen - RoadSky","isPartOf":{"@id":"https:\/\/roadskymarking.com\/#website"},"primaryImageOfPage":{"@id":"https:\/\/roadskymarking.com\/airless-road-marking-machines-2#primaryimage"},"image":{"@id":"https:\/\/roadskymarking.com\/airless-road-marking-machines-2#primaryimage"},"thumbnailUrl":"https:\/\/roadskymarking.com\/wp-content\/uploads\/2024\/11\/Airless-Road-Marking-Machines.jpg","datePublished":"2024-11-20T07:58:32+00:00","dateModified":"2024-11-20T08:21:37+00:00","description":"Airless-Stra\u00dfenmarkierungsmaschinen verwenden eine Hochdruckpumpe, um Farbe direkt auf die Stra\u00dfenoberfl\u00e4che zu spr\u00fchen, ohne dass Druckluft ben\u00f6tigt wird.","breadcrumb":{"@id":"https:\/\/roadskymarking.com\/airless-road-marking-machines-2#breadcrumb"},"inLanguage":"de","potentialAction":[{"@type":"ReadAction","target":["https:\/\/roadskymarking.com\/airless-road-marking-machines-2"]}]},{"@type":"ImageObject","inLanguage":"de","@id":"https:\/\/roadskymarking.com\/airless-road-marking-machines-2#primaryimage","url":"https:\/\/roadskymarking.com\/wp-content\/uploads\/2024\/11\/Airless-Road-Marking-Machines.jpg","contentUrl":"https:\/\/roadskymarking.com\/wp-content\/uploads\/2024\/11\/Airless-Road-Marking-Machines.jpg"},{"@type":"BreadcrumbList","@id":"https:\/\/roadskymarking.com\/airless-road-marking-machines-2#breadcrumb","itemListElement":[{"@type":"ListItem","position":1,"name":"Home","item":"https:\/\/roadskymarking.com\/"},{"@type":"ListItem","position":2,"name":"Airless Road Marking Machines"}]},{"@type":"WebSite","@id":"https:\/\/roadskymarking.com\/#website","url":"https:\/\/roadskymarking.com\/","name":"Nanjing Roadsky Traffic Facility Co.,Ltd. (Roadsky Gesellschaft)","description":"Anbieter von Fahrbahnmarkierungsanlagen - RoadSky","publisher":{"@id":"https:\/\/roadskymarking.com\/#organization"},"potentialAction":[{"@type":"SearchAction","target":{"@type":"EntryPoint","urlTemplate":"https:\/\/roadskymarking.com\/?s={search_term_string}"},"query-input":{"@type":"PropertyValueSpecification","valueRequired":true,"valueName":"search_term_string"}}],"inLanguage":"de"},{"@type":"Organization","@id":"https:\/\/roadskymarking.com\/#organization","name":"Nanjing Roadsky Traffic Facility Co.,Ltd. (Roadsky Gesellschaft)","url":"https:\/\/roadskymarking.com\/","logo":{"@type":"ImageObject","inLanguage":"de","@id":"https:\/\/roadskymarking.com\/#\/schema\/logo\/image\/","url":"https:\/\/roadskymarking.com\/wp-content\/uploads\/2023\/03\/LOGO.png","contentUrl":"https:\/\/roadskymarking.com\/wp-content\/uploads\/2023\/03\/LOGO.png","width":500,"height":400,"caption":"Nanjing Roadsky Traffic Facility Co.,Ltd. (Roadsky Corporation)"},"image":{"@id":"https:\/\/roadskymarking.com\/#\/schema\/logo\/image\/"}}]}},"_links":{"self":[{"href":"https:\/\/roadskymarking.com\/de\/wp-json\/wp\/v2\/pages\/3925","targetHints":{"allow":["GET"]}}],"collection":[{"href":"https:\/\/roadskymarking.com\/de\/wp-json\/wp\/v2\/pages"}],"about":[{"href":"https:\/\/roadskymarking.com\/de\/wp-json\/wp\/v2\/types\/page"}],"author":[{"embeddable":true,"href":"https:\/\/roadskymarking.com\/de\/wp-json\/wp\/v2\/users\/1"}],"replies":[{"embeddable":true,"href":"https:\/\/roadskymarking.com\/de\/wp-json\/wp\/v2\/comments?post=3925"}],"version-history":[{"count":7,"href":"https:\/\/roadskymarking.com\/de\/wp-json\/wp\/v2\/pages\/3925\/revisions"}],"predecessor-version":[{"id":3938,"href":"https:\/\/roadskymarking.com\/de\/wp-json\/wp\/v2\/pages\/3925\/revisions\/3938"}],"wp:attachment":[{"href":"https:\/\/roadskymarking.com\/de\/wp-json\/wp\/v2\/media?parent=3925"}],"curies":[{"name":"wp","href":"https:\/\/api.w.org\/{rel}","templated":true}]}}