{"id":3946,"date":"2025-01-03T02:55:10","date_gmt":"2025-01-03T02:55:10","guid":{"rendered":"https:\/\/roadskymarking.com\/?page_id=3946"},"modified":"2025-01-03T02:56:09","modified_gmt":"2025-01-03T02:56:09","slug":"sports-ground-line-marking-machines","status":"publish","type":"page","link":"https:\/\/roadskymarking.com\/de\/sports-ground-line-marking-machines","title":{"rendered":"Sportplatz-Linienmarkierungsmaschinen"},"content":{"rendered":"<div class=\"wp-block-columns is-layout-flex wp-container-core-columns-is-layout-9d6595d7 wp-block-columns-is-layout-flex\">\n<div class=\"wp-block-column is-layout-flow wp-block-column-is-layout-flow\"><div class=\"wp-block-image\">\n<figure class=\"aligncenter size-full is-resized\"><img loading=\"lazy\" decoding=\"async\" width=\"800\" height=\"800\" src=\"https:\/\/roadskymarking.com\/wp-content\/uploads\/2025\/01\/Sports-Ground-Line-Marking-Machine.jpg\" alt=\"Sportplatz-Linienmarkierungsmaschine\" class=\"wp-image-3947\" style=\"object-fit:cover;width:300px;height:300px\" srcset=\"https:\/\/roadskymarking.com\/wp-content\/uploads\/2025\/01\/Sports-Ground-Line-Marking-Machine.jpg 800w, https:\/\/roadskymarking.com\/wp-content\/uploads\/2025\/01\/Sports-Ground-Line-Marking-Machine-400x400.jpg 400w, https:\/\/roadskymarking.com\/wp-content\/uploads\/2025\/01\/Sports-Ground-Line-Marking-Machine-150x150.jpg 150w, https:\/\/roadskymarking.com\/wp-content\/uploads\/2025\/01\/Sports-Ground-Line-Marking-Machine-768x768.jpg 768w\" sizes=\"auto, (max-width: 800px) 100vw, 800px\" \/><\/figure><\/div><\/div>\n\n\n\n<div class=\"wp-block-column is-layout-flow wp-block-column-is-layout-flow\">\n<h2 class=\"wp-block-heading\">Merkmale:<\/h2>\n\n\n\n<ul class=\"wp-block-list\">\n<li>Einstellbare Linienbreiteneinstellungen<\/li>\n\n\n\n<li>Kompatibilit\u00e4t mit verschiedenen Untergr\u00fcnden<\/li>\n\n\n\n<li>Benutzerfreundliches Design<\/li>\n\n\n\n<li>Robuste Bauweise f\u00fcr Langlebigkeit<\/li>\n\n\n\n<li>Anpassbar<\/li>\n<\/ul>\n\n\n\n<div class=\"wp-block-buttons is-content-justification-center is-layout-flex wp-container-core-buttons-is-layout-16018d1d wp-block-buttons-is-layout-flex\">\n<div class=\"wp-block-button\"><a class=\"wp-block-button__link wp-element-button\" href=\"https:\/\/roadskymarking.com\/de\/inquiry\/\" target=\"_blank\" rel=\" noreferrer noopener nofollow\"><mark style=\"background-color:rgba(0, 0, 0, 0)\" class=\"has-inline-color has-white-color\">Jetzt anfragen<\/mark><\/a><\/div>\n<\/div>\n<\/div>\n<\/div>\n\n\n\n<div style=\"height:20px\" aria-hidden=\"true\" class=\"wp-block-spacer\"><\/div>\n\n\n\n<hr class=\"wp-block-separator has-alpha-channel-opacity\"\/>\n\n\n\n<p>Sportplatzmarkierungsmaschinen sind Spezialwerkzeuge, die f\u00fcr die Erstellung klarer und pr\u00e4ziser Linien auf verschiedenen Sportfl\u00e4chen entwickelt wurden. Diese Maschinen gibt es in verschiedenen Ausf\u00fchrungen, wie z. B. manuelle Modelle mit Druckfunktion, fahrbare Modelle usw.<\/p>\n\n\n\n<h2 class=\"wp-block-heading\">Verwandte Produkte<\/h2>\n\n\n\n<div class=\"wp-block-columns is-layout-flex wp-container-core-columns-is-layout-9d6595d7 wp-block-columns-is-layout-flex\">\n<div class=\"wp-block-column is-layout-flow wp-block-column-is-layout-flow\" style=\"flex-basis:33.33%\"><div class=\"wp-block-image\">\n<figure class=\"aligncenter size-large is-resized\"><a href=\"https:\/\/roadskymarking.com\/de\/cold-paint-line-striper.html\/\" target=\"_blank\" rel=\" noreferrer noopener\"><img decoding=\"async\" src=\"https:\/\/roadskymarking.com\/wp-content\/uploads\/2018\/05\/RS-5E-Cold-Paint-Road-Marking-Machine-4.jpg\" alt=\"\" style=\"object-fit:cover;width:200px;height:200px\"\/><\/a><figcaption class=\"wp-element-caption\"><a href=\"https:\/\/roadskymarking.com\/de\/cold-paint-line-striper.html\/\" target=\"_blank\" rel=\"noreferrer noopener\">RS-5E Kaltabstreifer<\/a><\/figcaption><\/figure><\/div><\/div>\n\n\n\n<div class=\"wp-block-column is-layout-flow wp-block-column-is-layout-flow\" style=\"flex-basis:66.66%\">\n<p>Die RS-5E-Serie von Kaltfarbstrippern (Fahrbahnmarkierungsmaschinen) ist speziell f\u00fcr eine effiziente Markierung konzipiert. Stabile interne Umkehrhydraulikpumpe, einstellbare Spritzpistole und Farbfilter gew\u00e4hrleisten die Markierungsleistung. RS-5E Stra\u00dfe Linie Markierung Maschine hat eine lange Lebensdauer aufgrund der einfachen Struktur, zuverl\u00e4ssige Pumpe und Motor.<\/p>\n<\/div>\n<\/div>\n\n\n\n<div class=\"wp-block-columns is-layout-flex wp-container-core-columns-is-layout-9d6595d7 wp-block-columns-is-layout-flex\">\n<div class=\"wp-block-column is-layout-flow wp-block-column-is-layout-flow\" style=\"flex-basis:33.33%\"><div class=\"wp-block-image\">\n<figure class=\"aligncenter size-large is-resized\"><a href=\"https:\/\/roadskymarking.com\/de\/cold-paint-road-marking-machine.html\/\" target=\"_blank\" rel=\" noreferrer noopener\"><img decoding=\"async\" src=\"https:\/\/roadskymarking.com\/wp-content\/uploads\/2024\/03\/RS-5-Cold-Paint-Road-Marking-Machine3.jpg\" alt=\"\" style=\"object-fit:cover;width:200px;height:200px\"\/><\/a><figcaption class=\"wp-element-caption\"><a href=\"https:\/\/roadskymarking.com\/de\/cold-paint-road-marking-machine.html\/\" target=\"_blank\" rel=\"noreferrer noopener\">RS-5 Kaltfarb-Stra\u00dfenmarkierungsmaschine<\/a><\/figcaption><\/figure><\/div><\/div>\n\n\n\n<div class=\"wp-block-column is-layout-flow wp-block-column-is-layout-flow\" style=\"flex-basis:66.66%\">\n<p>RS-5 Serie kalte Farbe Stra\u00dfenmarkierung Maschine ist weit verbreitet in Sportplatz, Parkpl\u00e4tze, st\u00e4dtische Stra\u00dfe und Autobahn Markierung Projekt verwendet. Es ist eine Art von Airless-Hochdruck-Spritzen Markierung Maschine, die Druck von Plunger Pumpe erzeugt Farbe durch D\u00fcse zu spr\u00fchen. Speziell entwickelte Spritzpistolen Kontrollsystem macht die Linie endet ordentlich und gut aussehend.<\/p>\n<\/div>\n<\/div>\n\n\n\n<h2 class=\"wp-block-heading\">Video:<\/h2>\n\n\n\n<figure class=\"wp-block-embed aligncenter is-type-video is-provider-youtube wp-block-embed-youtube wp-embed-aspect-4-3 wp-has-aspect-ratio\"><div class=\"wp-block-embed__wrapper\">\n<iframe loading=\"lazy\" title=\"RS-5E Cold Paint Line Striper Arbeiten\" width=\"500\" height=\"375\" src=\"https:\/\/www.youtube.com\/embed\/6FfzEN7ljrs?start=97&#038;feature=oembed\" frameborder=\"0\" allow=\"accelerometer; autoplay; clipboard-write; encrypted-media; gyroscope; picture-in-picture; web-share\" referrerpolicy=\"strict-origin-when-cross-origin\" allowfullscreen><\/iframe>\n<\/div><\/figure>\n\n\n\n<h2 class=\"wp-block-heading\">Warum uns w\u00e4hlen?<\/h2>\n\n\n\n<ul class=\"wp-block-list\">\n<li>Professionelles Ingenieurteam und reiche Produktionserfahrung<\/li>\n\n\n\n<li>Prompte Antwort und rechtzeitige Lieferung<\/li>\n\n\n\n<li>Hohe Qualit\u00e4t und konkurrenzf\u00e4higer Preis<\/li>\n<\/ul>\n\n\n\n<h2 class=\"wp-block-heading\">Kontaktieren Sie uns f\u00fcr ein kostenloses Angebot<\/h2>\n\n\n\n<p><em>F\u00fcllen Sie das nachstehende Formular aus, und unsere Vertriebsmitarbeiter werden sich in K\u00fcrze mit Ihnen in Verbindung setzen.<\/em><\/p>\n\n\n\n<div class=\"wp-block-contact-form-7-contact-form-selector\">\n<div class=\"wpcf7 no-js\" id=\"wpcf7-f1316-o1\" lang=\"en-US\" dir=\"ltr\" data-wpcf7-id=\"1316\">\n<div class=\"screen-reader-response\"><p role=\"status\" aria-live=\"polite\" aria-atomic=\"true\"><\/p> <ul><\/ul><\/div>\n<form action=\"\/de\/wp-json\/wp\/v2\/pages\/3946#wpcf7-f1316-o1\" method=\"post\" class=\"wpcf7-form init\" aria-label=\"Kontakt-Formular\" novalidate=\"novalidate\" data-status=\"init\" data-trp-original-action=\"\/de\/wp-json\/wp\/v2\/pages\/3946#wpcf7-f1316-o1\">\n<fieldset class=\"hidden-fields-container\"><input type=\"hidden\" name=\"_wpcf7\" value=\"1316\" \/><input type=\"hidden\" name=\"_wpcf7_version\" value=\"6.1.5\" \/><input type=\"hidden\" name=\"_wpcf7_locale\" value=\"en_US\" \/><input type=\"hidden\" name=\"_wpcf7_unit_tag\" value=\"wpcf7-f1316-o1\" \/><input type=\"hidden\" name=\"_wpcf7_container_post\" value=\"0\" \/><input type=\"hidden\" name=\"_wpcf7_posted_data_hash\" value=\"\" \/>\n<\/fieldset>\n<div class=\"wpcf7-turnstile cf-turnstile\" data-sitekey=\"0x4AAAAAACH9ueYy7fDdFIjX\" data-response-field-name=\"_wpcf7_turnstile_response\"><\/div>\n\n<p><label><em>*<\/em>Thema:<\/label><span class=\"wpcf7-form-control-wrap\" data-name=\"your-subject\"><input size=\"40\" maxlength=\"400\" class=\"wpcf7-form-control wpcf7-text wpcf7-validates-as-required\" id=\"your-subject\" aria-required=\"true\" aria-invalid=\"false\" value=\"Product Inquiry\" type=\"text\" name=\"your-subject\" \/><\/span>\n<\/p>\n<p><label><em>*<\/em>Name:<\/label><span class=\"wpcf7-form-control-wrap\" data-name=\"your-name\"><input size=\"40\" maxlength=\"400\" class=\"wpcf7-form-control wpcf7-text wpcf7-validates-as-required\" id=\"your-name\" aria-required=\"true\" aria-invalid=\"false\" placeholder=\"Bitte geben Sie den gebr\u00e4uchlichen Namen an\" value=\"\" type=\"text\" name=\"your-name\" \/><\/span>\n<\/p>\n<p><label><em>*<\/em>E-Mail:<\/label><span class=\"wpcf7-form-control-wrap\" data-name=\"your-email\"><input size=\"40\" maxlength=\"400\" class=\"wpcf7-form-control wpcf7-email wpcf7-validates-as-required wpcf7-text wpcf7-validates-as-email\" id=\"your-email\" aria-required=\"true\" aria-invalid=\"false\" placeholder=\"Bitte geben Sie die \u00fcblicherweise verwendete E-Mail an\" value=\"\" type=\"email\" name=\"your-email\" \/><\/span>\n<\/p>\n<p><label>Telefon:<\/label><span class=\"wpcf7-form-control-wrap\" data-name=\"your-phone\"><input size=\"40\" maxlength=\"400\" class=\"wpcf7-form-control wpcf7-text\" id=\"your-phone\" aria-invalid=\"false\" placeholder=\"Bitte geben Sie eine Kontakttelefonnummer oder ein Mobiltelefon an\" value=\"\" type=\"text\" name=\"your-phone\" \/><\/span>\n<\/p>\n<p><label>Land:<\/label><span class=\"wpcf7-form-control-wrap\" data-name=\"your-country\"><input size=\"40\" maxlength=\"400\" class=\"wpcf7-form-control wpcf7-text\" id=\"your-country\" aria-invalid=\"false\" placeholder=\"Bitte geben Sie Ihr Land an\" value=\"\" type=\"text\" name=\"your-country\" \/><\/span>\n<\/p>\n<p><label>Unternehmen:<\/label><span class=\"wpcf7-form-control-wrap\" data-name=\"your-company\"><input size=\"40\" maxlength=\"400\" class=\"wpcf7-form-control wpcf7-text\" id=\"your-company\" aria-invalid=\"false\" placeholder=\"Bitte geben Sie den Firmennamen ein\" value=\"\" type=\"text\" name=\"your-company\" \/><\/span>\n<\/p>\n<p><label><em>*<\/em>Inhalt:<\/label><span class=\"wpcf7-form-control-wrap\" data-name=\"your-message\"><textarea cols=\"40\" rows=\"10\" maxlength=\"2000\" class=\"wpcf7-form-control wpcf7-textarea wpcf7-validates-as-required\" aria-required=\"true\" aria-invalid=\"false\" placeholder=\"Bitte geben Sie die Details an, die Sie wissen m\u00f6chten, wie z.B. Produktname, Spezifikationen, Preis, MOQ, etc.\" name=\"your-message\"><\/textarea><\/span>\n<\/p>\n<p class=\"btn-submit\"><label> <\/label><input class=\"wpcf7-form-control wpcf7-submit has-spinner\" type=\"submit\" value=\"SUBMIT\" \/>\n<\/p><div class=\"wpcf7-response-output\" aria-hidden=\"true\"><\/div>\n<input type=\"hidden\" name=\"trp-form-language\" value=\"de\"\/><\/form>\n<\/div>\n<\/div>","protected":false},"excerpt":{"rendered":"<p>Features: Sports ground line marking machines are specialized tools designed to create clear and precise lines on various sports surfaces. These machines come in various types, including manual push models, driving types, etc. Related Products RS-5E series cold paint line striper (pavement marking machine) is special designed for efficient marking. Stable internal reversing hydraulic pump, adjustable spray gun and paint filter ensure the marking performance. RS-5E road line marking machine has a long service life due to simple structure, reliable pump and engine. RS-5 series cold paint road marking machine is widely used in sports ground, parking lots, urban road and highway marking project. It is a kind of airless high pressure spraying marking machine, which generates pressure from plunger pump to spray paint through nozzle. Special designed spray guns control system makes the line ends tidy and good-looking. Video: Why Choose Us? Contact Us for a Free Quote Fill The Form Below, and our sales representatives will be in &#8230;<\/p>","protected":false},"author":1,"featured_media":0,"parent":0,"menu_order":0,"comment_status":"closed","ping_status":"closed","template":"","meta":{"footnotes":""},"class_list":["post-3946","page","type-page","status-publish","hentry"],"yoast_head":"<!-- This site is optimized with the Yoast SEO plugin v27.3 - https:\/\/yoast.com\/product\/yoast-seo-wordpress\/ -->\n<title>Sports Ground Line Marking Machines - RoadSky<\/title>\n<meta name=\"description\" content=\"Sports ground line marking machines are specialized tools designed to create clear and precise lines on various sports surfaces.\" \/>\n<meta name=\"robots\" content=\"index, follow, max-snippet:-1, max-image-preview:large, max-video-preview:-1\" \/>\n<link rel=\"canonical\" href=\"https:\/\/roadskymarking.com\/de\/sports-ground-line-marking-machines\/\" \/>\n<meta property=\"og:locale\" content=\"de_DE\" \/>\n<meta property=\"og:type\" content=\"article\" \/>\n<meta property=\"og:title\" content=\"Sports Ground Line Marking Machines - RoadSky\" \/>\n<meta property=\"og:description\" content=\"Sports ground line marking machines are specialized tools designed to create clear and precise lines on various sports surfaces.\" \/>\n<meta property=\"og:url\" content=\"https:\/\/roadskymarking.com\/de\/sports-ground-line-marking-machines\/\" \/>\n<meta property=\"og:site_name\" content=\"Nanjing Roadsky Traffic Facility Co.,Ltd. (Roadsky Corporation)\" \/>\n<meta property=\"article:modified_time\" content=\"2025-01-03T02:56:09+00:00\" \/>\n<meta property=\"og:image\" content=\"https:\/\/roadskymarking.com\/wp-content\/uploads\/2025\/01\/Sports-Ground-Line-Marking-Machine.jpg\" \/>\n\t<meta property=\"og:image:width\" content=\"800\" \/>\n\t<meta property=\"og:image:height\" content=\"800\" \/>\n\t<meta property=\"og:image:type\" content=\"image\/jpeg\" \/>\n<meta name=\"twitter:card\" content=\"summary_large_image\" \/>\n<meta name=\"twitter:label1\" content=\"Gesch\u00e4tzte Lesezeit\" \/>\n\t<meta name=\"twitter:data1\" content=\"2\u00a0Minuten\" \/>\n<script type=\"application\/ld+json\" class=\"yoast-schema-graph\">{\"@context\":\"https:\\\/\\\/schema.org\",\"@graph\":[{\"@type\":\"WebPage\",\"@id\":\"https:\\\/\\\/roadskymarking.com\\\/sports-ground-line-marking-machines\",\"url\":\"https:\\\/\\\/roadskymarking.com\\\/sports-ground-line-marking-machines\",\"name\":\"Sports Ground Line Marking Machines - RoadSky\",\"isPartOf\":{\"@id\":\"https:\\\/\\\/roadskymarking.com\\\/#website\"},\"primaryImageOfPage\":{\"@id\":\"https:\\\/\\\/roadskymarking.com\\\/sports-ground-line-marking-machines#primaryimage\"},\"image\":{\"@id\":\"https:\\\/\\\/roadskymarking.com\\\/sports-ground-line-marking-machines#primaryimage\"},\"thumbnailUrl\":\"https:\\\/\\\/roadskymarking.com\\\/wp-content\\\/uploads\\\/2025\\\/01\\\/Sports-Ground-Line-Marking-Machine.jpg\",\"datePublished\":\"2025-01-03T02:55:10+00:00\",\"dateModified\":\"2025-01-03T02:56:09+00:00\",\"description\":\"Sports ground line marking machines are specialized tools designed to create clear and precise lines on various sports surfaces.\",\"breadcrumb\":{\"@id\":\"https:\\\/\\\/roadskymarking.com\\\/sports-ground-line-marking-machines#breadcrumb\"},\"inLanguage\":\"de\",\"potentialAction\":[{\"@type\":\"ReadAction\",\"target\":[\"https:\\\/\\\/roadskymarking.com\\\/sports-ground-line-marking-machines\"]}]},{\"@type\":\"ImageObject\",\"inLanguage\":\"de\",\"@id\":\"https:\\\/\\\/roadskymarking.com\\\/sports-ground-line-marking-machines#primaryimage\",\"url\":\"https:\\\/\\\/roadskymarking.com\\\/wp-content\\\/uploads\\\/2025\\\/01\\\/Sports-Ground-Line-Marking-Machine.jpg\",\"contentUrl\":\"https:\\\/\\\/roadskymarking.com\\\/wp-content\\\/uploads\\\/2025\\\/01\\\/Sports-Ground-Line-Marking-Machine.jpg\"},{\"@type\":\"BreadcrumbList\",\"@id\":\"https:\\\/\\\/roadskymarking.com\\\/sports-ground-line-marking-machines#breadcrumb\",\"itemListElement\":[{\"@type\":\"ListItem\",\"position\":1,\"name\":\"Home\",\"item\":\"https:\\\/\\\/roadskymarking.com\\\/\"},{\"@type\":\"ListItem\",\"position\":2,\"name\":\"Sports Ground Line Marking Machines\"}]},{\"@type\":\"WebSite\",\"@id\":\"https:\\\/\\\/roadskymarking.com\\\/#website\",\"url\":\"https:\\\/\\\/roadskymarking.com\\\/\",\"name\":\"Nanjing Roadsky Traffic Facility Co.,Ltd. (Roadsky Corporation)\",\"description\":\"Pavement Marking Equipment Supplier - RoadSky\",\"publisher\":{\"@id\":\"https:\\\/\\\/roadskymarking.com\\\/#organization\"},\"potentialAction\":[{\"@type\":\"SearchAction\",\"target\":{\"@type\":\"EntryPoint\",\"urlTemplate\":\"https:\\\/\\\/roadskymarking.com\\\/?s={search_term_string}\"},\"query-input\":{\"@type\":\"PropertyValueSpecification\",\"valueRequired\":true,\"valueName\":\"search_term_string\"}}],\"inLanguage\":\"de\"},{\"@type\":\"Organization\",\"@id\":\"https:\\\/\\\/roadskymarking.com\\\/#organization\",\"name\":\"Nanjing Roadsky Traffic Facility Co.,Ltd. (Roadsky Corporation)\",\"url\":\"https:\\\/\\\/roadskymarking.com\\\/\",\"logo\":{\"@type\":\"ImageObject\",\"inLanguage\":\"de\",\"@id\":\"https:\\\/\\\/roadskymarking.com\\\/#\\\/schema\\\/logo\\\/image\\\/\",\"url\":\"https:\\\/\\\/roadskymarking.com\\\/wp-content\\\/uploads\\\/2023\\\/03\\\/LOGO.png\",\"contentUrl\":\"https:\\\/\\\/roadskymarking.com\\\/wp-content\\\/uploads\\\/2023\\\/03\\\/LOGO.png\",\"width\":500,\"height\":400,\"caption\":\"Nanjing Roadsky Traffic Facility Co.,Ltd. (Roadsky Corporation)\"},\"image\":{\"@id\":\"https:\\\/\\\/roadskymarking.com\\\/#\\\/schema\\\/logo\\\/image\\\/\"}}]}<\/script>\n<!-- \/ Yoast SEO plugin. -->","yoast_head_json":{"title":"Sportplatz-Linienmarkierungsmaschinen - RoadSky","description":"Sportplatzmarkierungsmaschinen sind Spezialwerkzeuge, die f\u00fcr die Erstellung klarer und pr\u00e4ziser Linien auf verschiedenen Sportfl\u00e4chen entwickelt wurden.","robots":{"index":"index","follow":"follow","max-snippet":"max-snippet:-1","max-image-preview":"max-image-preview:large","max-video-preview":"max-video-preview:-1"},"canonical":"https:\/\/roadskymarking.com\/de\/sports-ground-line-marking-machines\/","og_locale":"de_DE","og_type":"article","og_title":"Sports Ground Line Marking Machines - RoadSky","og_description":"Sports ground line marking machines are specialized tools designed to create clear and precise lines on various sports surfaces.","og_url":"https:\/\/roadskymarking.com\/de\/sports-ground-line-marking-machines\/","og_site_name":"Nanjing Roadsky Traffic Facility Co.,Ltd. (Roadsky Corporation)","article_modified_time":"2025-01-03T02:56:09+00:00","og_image":[{"width":800,"height":800,"url":"https:\/\/roadskymarking.com\/wp-content\/uploads\/2025\/01\/Sports-Ground-Line-Marking-Machine.jpg","type":"image\/jpeg"}],"twitter_card":"summary_large_image","twitter_misc":{"Gesch\u00e4tzte Lesezeit":"2\u00a0Minuten"},"schema":{"@context":"https:\/\/schema.org","@graph":[{"@type":"WebPage","@id":"https:\/\/roadskymarking.com\/sports-ground-line-marking-machines","url":"https:\/\/roadskymarking.com\/sports-ground-line-marking-machines","name":"Sportplatz-Linienmarkierungsmaschinen - RoadSky","isPartOf":{"@id":"https:\/\/roadskymarking.com\/#website"},"primaryImageOfPage":{"@id":"https:\/\/roadskymarking.com\/sports-ground-line-marking-machines#primaryimage"},"image":{"@id":"https:\/\/roadskymarking.com\/sports-ground-line-marking-machines#primaryimage"},"thumbnailUrl":"https:\/\/roadskymarking.com\/wp-content\/uploads\/2025\/01\/Sports-Ground-Line-Marking-Machine.jpg","datePublished":"2025-01-03T02:55:10+00:00","dateModified":"2025-01-03T02:56:09+00:00","description":"Sportplatzmarkierungsmaschinen sind Spezialwerkzeuge, die f\u00fcr die Erstellung klarer und pr\u00e4ziser Linien auf verschiedenen Sportfl\u00e4chen entwickelt wurden.","breadcrumb":{"@id":"https:\/\/roadskymarking.com\/sports-ground-line-marking-machines#breadcrumb"},"inLanguage":"de","potentialAction":[{"@type":"ReadAction","target":["https:\/\/roadskymarking.com\/sports-ground-line-marking-machines"]}]},{"@type":"ImageObject","inLanguage":"de","@id":"https:\/\/roadskymarking.com\/sports-ground-line-marking-machines#primaryimage","url":"https:\/\/roadskymarking.com\/wp-content\/uploads\/2025\/01\/Sports-Ground-Line-Marking-Machine.jpg","contentUrl":"https:\/\/roadskymarking.com\/wp-content\/uploads\/2025\/01\/Sports-Ground-Line-Marking-Machine.jpg"},{"@type":"BreadcrumbList","@id":"https:\/\/roadskymarking.com\/sports-ground-line-marking-machines#breadcrumb","itemListElement":[{"@type":"ListItem","position":1,"name":"Home","item":"https:\/\/roadskymarking.com\/"},{"@type":"ListItem","position":2,"name":"Sports Ground Line Marking Machines"}]},{"@type":"WebSite","@id":"https:\/\/roadskymarking.com\/#website","url":"https:\/\/roadskymarking.com\/","name":"Nanjing Roadsky Traffic Facility Co.,Ltd. (Roadsky Gesellschaft)","description":"Anbieter von Fahrbahnmarkierungsanlagen - RoadSky","publisher":{"@id":"https:\/\/roadskymarking.com\/#organization"},"potentialAction":[{"@type":"SearchAction","target":{"@type":"EntryPoint","urlTemplate":"https:\/\/roadskymarking.com\/?s={search_term_string}"},"query-input":{"@type":"PropertyValueSpecification","valueRequired":true,"valueName":"search_term_string"}}],"inLanguage":"de"},{"@type":"Organization","@id":"https:\/\/roadskymarking.com\/#organization","name":"Nanjing Roadsky Traffic Facility Co.,Ltd. (Roadsky Gesellschaft)","url":"https:\/\/roadskymarking.com\/","logo":{"@type":"ImageObject","inLanguage":"de","@id":"https:\/\/roadskymarking.com\/#\/schema\/logo\/image\/","url":"https:\/\/roadskymarking.com\/wp-content\/uploads\/2023\/03\/LOGO.png","contentUrl":"https:\/\/roadskymarking.com\/wp-content\/uploads\/2023\/03\/LOGO.png","width":500,"height":400,"caption":"Nanjing Roadsky Traffic Facility Co.,Ltd. (Roadsky Corporation)"},"image":{"@id":"https:\/\/roadskymarking.com\/#\/schema\/logo\/image\/"}}]}},"_links":{"self":[{"href":"https:\/\/roadskymarking.com\/de\/wp-json\/wp\/v2\/pages\/3946","targetHints":{"allow":["GET"]}}],"collection":[{"href":"https:\/\/roadskymarking.com\/de\/wp-json\/wp\/v2\/pages"}],"about":[{"href":"https:\/\/roadskymarking.com\/de\/wp-json\/wp\/v2\/types\/page"}],"author":[{"embeddable":true,"href":"https:\/\/roadskymarking.com\/de\/wp-json\/wp\/v2\/users\/1"}],"replies":[{"embeddable":true,"href":"https:\/\/roadskymarking.com\/de\/wp-json\/wp\/v2\/comments?post=3946"}],"version-history":[{"count":3,"href":"https:\/\/roadskymarking.com\/de\/wp-json\/wp\/v2\/pages\/3946\/revisions"}],"predecessor-version":[{"id":3951,"href":"https:\/\/roadskymarking.com\/de\/wp-json\/wp\/v2\/pages\/3946\/revisions\/3951"}],"wp:attachment":[{"href":"https:\/\/roadskymarking.com\/de\/wp-json\/wp\/v2\/media?parent=3946"}],"curies":[{"name":"wp","href":"https:\/\/api.w.org\/{rel}","templated":true}]}}