{"id":4281,"date":"2025-09-03T06:15:58","date_gmt":"2025-09-03T06:15:58","guid":{"rendered":"https:\/\/roadskymarking.com\/?page_id=4281"},"modified":"2025-10-14T06:21:22","modified_gmt":"2025-10-14T06:21:22","slug":"retroreflectometer","status":"publish","type":"page","link":"https:\/\/roadskymarking.com\/de\/retroreflectometer","title":{"rendered":"Retroreflektometer"},"content":{"rendered":"<p>Ein Retroreflektometer ist ein wichtiges Instrument zur Messung der Retroreflexion von Stra\u00dfenmarkierungen und Stra\u00dfenschildern. Dieses Ger\u00e4t misst, wie viel Licht nachts zum Autofahrer zur\u00fcckgeworfen wird, und stellt so sicher, dass Verkehrsleitmaterialien den Sicherheitsstandards entsprechen und auch bei schlechten Lichtverh\u00e4ltnissen und N\u00e4sse gut sichtbar bleiben.<\/p>\n\n\n\n<p>Unsere Retroreflektometer sind f\u00fcr genaue, zuverl\u00e4ssige und benutzerfreundliche Pr\u00fcfungen sowohl im Feld als auch im Labor ausgelegt. Sie helfen Verkehrsbeh\u00f6rden, Bauunternehmen und Sicherheitsinspektoren bei der Bewertung der Einhaltung internationaler Normen wie ASTM, EN und ISO.<\/p>\n\n\n\n<h2 class=\"wp-block-heading\">Verwandte Produkte<\/h2>\n\n\n\n<div class=\"wp-block-columns is-layout-flex wp-container-core-columns-is-layout-9d6595d7 wp-block-columns-is-layout-flex\">\n<div class=\"wp-block-column is-layout-flow wp-block-column-is-layout-flow\"><div class=\"wp-block-image\">\n<figure class=\"aligncenter size-large is-resized\"><a href=\"https:\/\/roadskymarking.com\/de\/pavement-marking-retroreflectometer.html\/\" target=\"_blank\" rel=\" noreferrer noopener\"><img decoding=\"async\" src=\"https:\/\/roadskymarking.com\/wp-content\/uploads\/2023\/09\/Pavement-Marking-Retroreflectometer.jpg\" alt=\"Fahrbahnmarkierung Retroreflektometer RL\" style=\"object-fit:cover;width:300px;height:300px\"\/><\/a><figcaption class=\"wp-element-caption\"><a href=\"https:\/\/roadskymarking.com\/de\/pavement-marking-retroreflectometer.html\/\" target=\"_blank\" rel=\"noreferrer noopener\">Fahrbahnmarkierung Retroreflektometer RL<\/a><\/figcaption><\/figure><\/div><\/div>\n\n\n\n<div class=\"wp-block-column is-layout-flow wp-block-column-is-layout-flow\">\n<p>Das Retroreflektometer f\u00fcr Fahrbahnmarkierungen vom Typ ROADSKY ist ein tragbares Messger\u00e4t f\u00fcr die Messung der Retroreflexionseigenschaften von Fahrbahnmarkierungen. ROADSKY Typ Instrument ist es, die Helligkeit der Stra\u00dfenmarkierung zu simulieren, die durch den Fahrer unter der Beleuchtung von Kraftfahrzeugen in der Nacht gesehen werden kann, und der gemessene Parameter ist der Koeffizient der Retroreflexion Helligkeit in der Nacht, n\u00e4mlich RL-Wert.<\/p>\n<\/div>\n<\/div>\n\n\n\n<div class=\"wp-block-columns is-layout-flex wp-container-core-columns-is-layout-9d6595d7 wp-block-columns-is-layout-flex\">\n<div class=\"wp-block-column is-layout-flow wp-block-column-is-layout-flow\"><div class=\"wp-block-image\">\n<figure class=\"aligncenter size-large is-resized\"><a href=\"https:\/\/roadskymarking.com\/de\/pavement-marking-retroreflectometer-rlqd.html\/\" target=\"_blank\" rel=\" noreferrer noopener\"><img decoding=\"async\" src=\"https:\/\/roadskymarking.com\/wp-content\/uploads\/2024\/11\/Pavement-Marking-Retroreflectometer-RLQD.jpg\" alt=\"Fahrbahnmarkierung Retroreflektometer RL&amp;QD\" style=\"object-fit:cover;width:300px;height:300px\"\/><\/a><figcaption class=\"wp-element-caption\"><a href=\"https:\/\/roadskymarking.com\/de\/pavement-marking-retroreflectometer-rlqd.html\/\" target=\"_blank\" rel=\"noreferrer noopener\">Fahrbahnmarkierung Retroreflektometer RL&amp;QD<\/a><\/figcaption><\/figure><\/div><\/div>\n\n\n\n<div class=\"wp-block-column is-layout-flow wp-block-column-is-layout-flow\">\n<p>Pavement Marking Retroreflectometer RL&amp;QD ist ein tragbares Feldmessger\u00e4t zur Messung der retroreflektierenden Helligkeit bei Tag und Nacht. Es wird zur Messung der retroreflektierenden Eigenschaften von Fahrbahnmarkierungen verwendet. Es simuliert die Helligkeit von Fahrbahnmarkierungen, die Autofahrer bei Tages- und Nachtbeleuchtung sehen k\u00f6nnen. Der gemessene Parameter ist der retroreflektierende Helligkeitskoeffizient f\u00fcr Tag und Nacht, d. h. der RL&amp;QD-Wert.<\/p>\n<\/div>\n<\/div>\n\n\n\n<div class=\"wp-block-columns is-layout-flex wp-container-core-columns-is-layout-9d6595d7 wp-block-columns-is-layout-flex\">\n<div class=\"wp-block-column is-layout-flow wp-block-column-is-layout-flow\"><div class=\"wp-block-image\">\n<figure class=\"aligncenter size-large is-resized\"><a href=\"https:\/\/roadskymarking.com\/de\/rainy-night-retroreflectometer-for-road-markings.html\/\" target=\"_blank\" rel=\" noreferrer noopener\"><img decoding=\"async\" src=\"https:\/\/roadskymarking.com\/wp-content\/uploads\/2025\/07\/Rainy-Night-Retroreflectometer-for-Road-Markings-2.jpg\" alt=\"Retroreflektometer f\u00fcr Stra\u00dfenmarkierungen bei Regenwetter\" style=\"object-fit:cover;width:300px;height:300px\"\/><\/a><figcaption class=\"wp-element-caption\"><a href=\"https:\/\/roadskymarking.com\/de\/rainy-night-retroreflectometer-for-road-markings.html\/\" target=\"_blank\" rel=\"noreferrer noopener\">Retroreflektometer f\u00fcr Stra\u00dfenmarkierungen bei Regenwetter<\/a><\/figcaption><\/figure><\/div><\/div>\n\n\n\n<div class=\"wp-block-column is-layout-flow wp-block-column-is-layout-flow\">\n<p>Das Regennacht-Retroreflektometer f\u00fcr Stra\u00dfenmarkierungen ist ein tragbares Vor-Ort-Messger\u00e4t mit offenem Lichtweg, das zur Messung des Retroreflexions-Helligkeitskoeffizienten der Markierungslinie verwendet wird. Einheit: mcd-m-2-lx-1.<\/p>\n\n\n\n<p>Dieses Ger\u00e4t kann die Markierungslinie und den Retroreflexions-Helligkeitskoeffizienten der schwingenden Markierungslinie unter drei Bedingungen messen: trocken R_L, nass R_(L_wet) und Dauerregen R_(L_rain).<\/p>\n<\/div>\n<\/div>\n\n\n\n<div class=\"wp-block-columns is-layout-flex wp-container-core-columns-is-layout-9d6595d7 wp-block-columns-is-layout-flex\">\n<div class=\"wp-block-column is-layout-flow wp-block-column-is-layout-flow\"><div class=\"wp-block-image\">\n<figure class=\"aligncenter size-large is-resized\"><a href=\"https:\/\/roadskymarking.com\/de\/retroreflectometer-for-road-markings-rlqd-short-type.html\/\" target=\"_blank\" rel=\" noreferrer noopener\"><img decoding=\"async\" src=\"https:\/\/roadskymarking.com\/wp-content\/uploads\/2025\/07\/Retroreflectometer-for-Road-Markings-RLQD-Short-Type.jpg\" alt=\"Retroreflektometer f\u00fcr Stra\u00dfenmarkierungen RL&amp;QD (kurzer Typ)\" style=\"object-fit:cover;width:300px;height:300px\"\/><\/a><figcaption class=\"wp-element-caption\"><a href=\"https:\/\/roadskymarking.com\/de\/retroreflectometer-for-road-markings-rlqd-short-type.html\/\" target=\"_blank\" rel=\"noreferrer noopener\">Retroreflektometer f\u00fcr Stra\u00dfenmarkierungen RL&amp;QD (kurzer Typ)<\/a><\/figcaption><\/figure><\/div><\/div>\n\n\n\n<div class=\"wp-block-column is-layout-flow wp-block-column-is-layout-flow\">\n<p>Dieses Retroreflexionsmessger\u00e4t ist ein tragbares Feldmessger\u00e4t, das die Helligkeit der Fahrbahnmarkierung simulieren kann, die f\u00fcr den Fahrer unter der Scheinwerferbeleuchtung eines Kraftfahrzeugs bei Nacht sichtbar ist. Der gemessene Parameter ist der Retroreflexionskoeffizient bei Nacht, d.h. der RL-Wert, in mcd-m-2-lx-1.<\/p>\n<\/div>\n<\/div>\n\n\n\n<div class=\"wp-block-columns is-layout-flex wp-container-core-columns-is-layout-9d6595d7 wp-block-columns-is-layout-flex\">\n<div class=\"wp-block-column is-layout-flow wp-block-column-is-layout-flow\"><div class=\"wp-block-image\">\n<figure class=\"aligncenter size-large is-resized\"><a href=\"https:\/\/roadskymarking.com\/de\/road-sign-retro-reflection-meter.html\/\" target=\"_blank\" rel=\" noreferrer noopener\"><img decoding=\"async\" src=\"https:\/\/roadskymarking.com\/wp-content\/uploads\/2024\/06\/Road-Sign-Retro-Reflection-Meter.jpg\" alt=\"Stra\u00dfenschild-Retro-Reflexionsmessger\u00e4t\" style=\"object-fit:cover;width:300px;height:300px\"\/><\/a><figcaption class=\"wp-element-caption\"><a href=\"https:\/\/roadskymarking.com\/de\/road-sign-retro-reflection-meter.html\/\" target=\"_blank\" rel=\"noreferrer noopener\">Stra\u00dfenschild-Retro-Reflexionsmessger\u00e4t<\/a><\/figcaption><\/figure><\/div><\/div>\n\n\n\n<div class=\"wp-block-column is-layout-flow wp-block-column-is-layout-flow\">\n<p>Ein Verkehrszeichen-Retroreflektometer ist ein Spezialger\u00e4t zur Messung des Reflexionsverm\u00f6gens von Verkehrszeichen. Dieses Instrument ist von entscheidender Bedeutung, um sicherzustellen, dass Verkehrsschilder die gesetzlichen Normen f\u00fcr die Sichtbarkeit erf\u00fcllen, insbesondere bei Nacht oder schlechten Lichtverh\u00e4ltnissen.<\/p>\n<\/div>\n<\/div>\n\n\n\n<div class=\"wp-block-columns is-layout-flex wp-container-core-columns-is-layout-9d6595d7 wp-block-columns-is-layout-flex\">\n<div class=\"wp-block-column is-layout-flow wp-block-column-is-layout-flow\"><div class=\"wp-block-image\">\n<figure class=\"aligncenter size-large is-resized\"><a href=\"https:\/\/roadskymarking.com\/de\/multi-angle-retroreflective-coefficient-tester.html\/\" target=\"_blank\" rel=\" noreferrer noopener\"><img decoding=\"async\" src=\"https:\/\/roadskymarking.com\/wp-content\/uploads\/2025\/07\/Multi-angle-Retroreflective-Coefficient-Tester.jpg\" alt=\"Mehrwinkel-Retroreflexionskoeffiziententester\" style=\"object-fit:cover;width:300px;height:300px\"\/><\/a><figcaption class=\"wp-element-caption\"><a href=\"https:\/\/roadskymarking.com\/de\/multi-angle-retroreflective-coefficient-tester.html\/\" target=\"_blank\" rel=\"noreferrer noopener\">Mehrwinkel-Retroreflexionskoeffiziententester<\/a><\/figcaption><\/figure><\/div><\/div>\n\n\n\n<div class=\"wp-block-column is-layout-flow wp-block-column-is-layout-flow\">\n<p>Das Mehrwinkel-Retroreflexionskoeffizientenpr\u00fcfger\u00e4t ist ein tragbares Pr\u00fcfger\u00e4t, das professionell zur Messung der retroreflektierenden optischen Eigenschaften verschiedener reflektierender Sicherheitsmaterialien eingesetzt wird. Es ist weit verbreitet in verschiedenen Stra\u00dfenverkehr reflektierende Produkte, Fahrzeugsicherheit reflektierende Produkte, und Sicherheit Produktion Zeichen, Vor-Ort-Inspektion und Inspektion von reflektierenden Tuch, etc.<\/p>\n<\/div>\n<\/div>\n\n\n\n<h2 class=\"wp-block-heading\">Holen Sie sich ein hochwertiges Retroreflektometer von Roadsky<\/h2>\n\n\n\n<p>Sie suchen ein hochwertiges Retroreflektometer zu einem g\u00fcnstigen Preis? RoadSky bietet ein umfassendes Sortiment an Retroreflektometern f\u00fcr Stra\u00dfenmarkierungen und Verkehrsschilder, die den ASTM- und EN-Normen entsprechen.<\/p>\n\n\n\n<ul class=\"wp-block-list\">\n<li>Zuverl\u00e4ssige Leistung, genaue Ergebnisse<\/li>\n\n\n\n<li>Tragbar und einfach zu bedienen<\/li>\n\n\n\n<li>Weltweiter Versand und professionelle Unterst\u00fctzung<\/li>\n<\/ul>\n\n\n\n<h2 class=\"wp-block-heading\">Kontaktieren Sie uns f\u00fcr ein kostenloses Angebot<\/h2>\n\n\n\n<p><em>F\u00fcllen Sie das nachstehende Formular aus, und unsere Vertriebsmitarbeiter werden sich in K\u00fcrze mit Ihnen in Verbindung setzen.<\/em><\/p>\n\n\n\n<div class=\"wp-block-contact-form-7-contact-form-selector\">\n<div class=\"wpcf7 no-js\" id=\"wpcf7-f1316-o1\" lang=\"en-US\" dir=\"ltr\" data-wpcf7-id=\"1316\">\n<div class=\"screen-reader-response\"><p role=\"status\" aria-live=\"polite\" aria-atomic=\"true\"><\/p> <ul><\/ul><\/div>\n<form action=\"\/de\/wp-json\/wp\/v2\/pages\/4281#wpcf7-f1316-o1\" method=\"post\" class=\"wpcf7-form init\" aria-label=\"Kontakt-Formular\" novalidate=\"novalidate\" data-status=\"init\" data-trp-original-action=\"\/de\/wp-json\/wp\/v2\/pages\/4281#wpcf7-f1316-o1\">\n<fieldset class=\"hidden-fields-container\"><input type=\"hidden\" name=\"_wpcf7\" value=\"1316\" \/><input type=\"hidden\" name=\"_wpcf7_version\" value=\"6.1.5\" \/><input type=\"hidden\" name=\"_wpcf7_locale\" value=\"en_US\" \/><input type=\"hidden\" name=\"_wpcf7_unit_tag\" value=\"wpcf7-f1316-o1\" \/><input type=\"hidden\" name=\"_wpcf7_container_post\" value=\"0\" \/><input type=\"hidden\" name=\"_wpcf7_posted_data_hash\" value=\"\" \/>\n<\/fieldset>\n<div class=\"wpcf7-turnstile cf-turnstile\" data-sitekey=\"0x4AAAAAACH9ueYy7fDdFIjX\" data-response-field-name=\"_wpcf7_turnstile_response\"><\/div>\n\n<p><label><em>*<\/em>Thema:<\/label><span class=\"wpcf7-form-control-wrap\" data-name=\"your-subject\"><input size=\"40\" maxlength=\"400\" class=\"wpcf7-form-control wpcf7-text wpcf7-validates-as-required\" id=\"your-subject\" aria-required=\"true\" aria-invalid=\"false\" value=\"Product Inquiry\" type=\"text\" name=\"your-subject\" \/><\/span>\n<\/p>\n<p><label><em>*<\/em>Name:<\/label><span class=\"wpcf7-form-control-wrap\" data-name=\"your-name\"><input size=\"40\" maxlength=\"400\" class=\"wpcf7-form-control wpcf7-text wpcf7-validates-as-required\" id=\"your-name\" aria-required=\"true\" aria-invalid=\"false\" placeholder=\"Bitte geben Sie den gebr\u00e4uchlichen Namen an\" value=\"\" type=\"text\" name=\"your-name\" \/><\/span>\n<\/p>\n<p><label><em>*<\/em>E-Mail:<\/label><span class=\"wpcf7-form-control-wrap\" data-name=\"your-email\"><input size=\"40\" maxlength=\"400\" class=\"wpcf7-form-control wpcf7-email wpcf7-validates-as-required wpcf7-text wpcf7-validates-as-email\" id=\"your-email\" aria-required=\"true\" aria-invalid=\"false\" placeholder=\"Bitte geben Sie die \u00fcblicherweise verwendete E-Mail an\" value=\"\" type=\"email\" name=\"your-email\" \/><\/span>\n<\/p>\n<p><label>Telefon:<\/label><span class=\"wpcf7-form-control-wrap\" data-name=\"your-phone\"><input size=\"40\" maxlength=\"400\" class=\"wpcf7-form-control wpcf7-text\" id=\"your-phone\" aria-invalid=\"false\" placeholder=\"Bitte geben Sie eine Kontakttelefonnummer oder ein Mobiltelefon an\" value=\"\" type=\"text\" name=\"your-phone\" \/><\/span>\n<\/p>\n<p><label>Land:<\/label><span class=\"wpcf7-form-control-wrap\" data-name=\"your-country\"><input size=\"40\" maxlength=\"400\" class=\"wpcf7-form-control wpcf7-text\" id=\"your-country\" aria-invalid=\"false\" placeholder=\"Bitte geben Sie Ihr Land an\" value=\"\" type=\"text\" name=\"your-country\" \/><\/span>\n<\/p>\n<p><label>Unternehmen:<\/label><span class=\"wpcf7-form-control-wrap\" data-name=\"your-company\"><input size=\"40\" maxlength=\"400\" class=\"wpcf7-form-control wpcf7-text\" id=\"your-company\" aria-invalid=\"false\" placeholder=\"Bitte geben Sie den Firmennamen ein\" value=\"\" type=\"text\" name=\"your-company\" \/><\/span>\n<\/p>\n<p><label><em>*<\/em>Inhalt:<\/label><span class=\"wpcf7-form-control-wrap\" data-name=\"your-message\"><textarea cols=\"40\" rows=\"10\" maxlength=\"2000\" class=\"wpcf7-form-control wpcf7-textarea wpcf7-validates-as-required\" aria-required=\"true\" aria-invalid=\"false\" placeholder=\"Bitte geben Sie die Details an, die Sie wissen m\u00f6chten, wie z.B. Produktname, Spezifikationen, Preis, MOQ, etc.\" name=\"your-message\"><\/textarea><\/span>\n<\/p>\n<p class=\"btn-submit\"><label> <\/label><input class=\"wpcf7-form-control wpcf7-submit has-spinner\" type=\"submit\" value=\"SUBMIT\" \/>\n<\/p><div class=\"wpcf7-response-output\" aria-hidden=\"true\"><\/div>\n<input type=\"hidden\" name=\"trp-form-language\" value=\"de\"\/><\/form>\n<\/div>\n<\/div>","protected":false},"excerpt":{"rendered":"<p>Ein Retroreflektometer ist ein wichtiges Instrument zur Messung der Retroreflexion von Stra\u00dfenmarkierungen und Stra\u00dfenschildern. Dieses Ger\u00e4t misst, wie viel Licht nachts zum Fahrer zur\u00fcckreflektiert wird, und stellt so sicher, dass Verkehrsleitmaterialien den Sicherheitsstandards entsprechen und auch bei schlechten Lichtverh\u00e4ltnissen und N\u00e4sse gut sichtbar bleiben. Unsere Retroreflektometer sind f\u00fcr genaue, zuverl\u00e4ssige und benutzerfreundliche Tests sowohl im Feld als auch im Labor ausgelegt. Sie helfen Verkehrsbeh\u00f6rden, Bauunternehmen und Sicherheitsinspektoren bei der Bewertung der Einhaltung internationaler Normen wie ASTM, EN und ISO. Verwandte Produkte Das Retroreflektometer f\u00fcr Fahrbahnmarkierungen vom Typ ROADSKY ist ein tragbares Messger\u00e4t f\u00fcr die Messung der Retroreflexionseigenschaften von Fahrbahnmarkierungen vor Ort. ROADSKY Typ Instrument ist es, die Helligkeit der Stra\u00dfenmarkierung zu simulieren, die von den Fahrern unter der Beleuchtung von Kraftfahrzeugen in der Nacht gesehen werden kann, und der gemessene Parameter ist der Koeffizient der Retroreflexion Helligkeit in der Nacht, n\u00e4mlich, RL-Wert. Pavement Marking Retroreflectometer RL&amp;QD ist ein tragbares Feldmessger\u00e4t f\u00fcr ...<\/p>","protected":false},"author":1,"featured_media":0,"parent":0,"menu_order":0,"comment_status":"closed","ping_status":"closed","template":"","meta":{"footnotes":""},"class_list":["post-4281","page","type-page","status-publish","hentry"],"yoast_head":"<!-- This site is optimized with the Yoast SEO plugin v27.3 - https:\/\/yoast.com\/product\/yoast-seo-wordpress\/ -->\n<title>Retroreflectometer | Measure Road Marking &amp; Traffic Signs<\/title>\n<meta name=\"description\" content=\"ROADSKY retroreflectometer for road markings and traffic signs. Portable, accurate testing to ensure visibility and improve road safety.\" \/>\n<meta name=\"robots\" content=\"index, follow, max-snippet:-1, max-image-preview:large, max-video-preview:-1\" \/>\n<link rel=\"canonical\" href=\"https:\/\/roadskymarking.com\/de\/retroreflectometer\/\" \/>\n<meta property=\"og:locale\" content=\"de_DE\" \/>\n<meta property=\"og:type\" content=\"article\" \/>\n<meta property=\"og:title\" content=\"Retroreflectometer | Measure Road Marking &amp; Traffic Signs\" \/>\n<meta property=\"og:description\" content=\"ROADSKY retroreflectometer for road markings and traffic signs. Portable, accurate testing to ensure visibility and improve road safety.\" \/>\n<meta property=\"og:url\" content=\"https:\/\/roadskymarking.com\/de\/retroreflectometer\/\" \/>\n<meta property=\"og:site_name\" content=\"Nanjing Roadsky Traffic Facility Co.,Ltd. (Roadsky Corporation)\" \/>\n<meta property=\"article:modified_time\" content=\"2025-10-14T06:21:22+00:00\" \/>\n<meta property=\"og:image\" content=\"https:\/\/roadskymarking.com\/wp-content\/uploads\/2023\/09\/Pavement-Marking-Retroreflectometer.jpg\" \/>\n<meta name=\"twitter:card\" content=\"summary_large_image\" \/>\n<meta name=\"twitter:label1\" content=\"Gesch\u00e4tzte Lesezeit\" \/>\n\t<meta name=\"twitter:data1\" content=\"4\u00a0Minuten\" \/>\n<script type=\"application\/ld+json\" class=\"yoast-schema-graph\">{\"@context\":\"https:\\\/\\\/schema.org\",\"@graph\":[{\"@type\":\"WebPage\",\"@id\":\"https:\\\/\\\/roadskymarking.com\\\/retroreflectometer\",\"url\":\"https:\\\/\\\/roadskymarking.com\\\/retroreflectometer\",\"name\":\"Retroreflectometer | Measure Road Marking & Traffic Signs\",\"isPartOf\":{\"@id\":\"https:\\\/\\\/roadskymarking.com\\\/#website\"},\"primaryImageOfPage\":{\"@id\":\"https:\\\/\\\/roadskymarking.com\\\/retroreflectometer#primaryimage\"},\"image\":{\"@id\":\"https:\\\/\\\/roadskymarking.com\\\/retroreflectometer#primaryimage\"},\"thumbnailUrl\":\"https:\\\/\\\/roadskymarking.com\\\/wp-content\\\/uploads\\\/2023\\\/09\\\/Pavement-Marking-Retroreflectometer.jpg\",\"datePublished\":\"2025-09-03T06:15:58+00:00\",\"dateModified\":\"2025-10-14T06:21:22+00:00\",\"description\":\"ROADSKY retroreflectometer for road markings and traffic signs. Portable, accurate testing to ensure visibility and improve road safety.\",\"breadcrumb\":{\"@id\":\"https:\\\/\\\/roadskymarking.com\\\/retroreflectometer#breadcrumb\"},\"inLanguage\":\"de\",\"potentialAction\":[{\"@type\":\"ReadAction\",\"target\":[\"https:\\\/\\\/roadskymarking.com\\\/retroreflectometer\"]}]},{\"@type\":\"ImageObject\",\"inLanguage\":\"de\",\"@id\":\"https:\\\/\\\/roadskymarking.com\\\/retroreflectometer#primaryimage\",\"url\":\"https:\\\/\\\/roadskymarking.com\\\/wp-content\\\/uploads\\\/2023\\\/09\\\/Pavement-Marking-Retroreflectometer.jpg\",\"contentUrl\":\"https:\\\/\\\/roadskymarking.com\\\/wp-content\\\/uploads\\\/2023\\\/09\\\/Pavement-Marking-Retroreflectometer.jpg\"},{\"@type\":\"BreadcrumbList\",\"@id\":\"https:\\\/\\\/roadskymarking.com\\\/retroreflectometer#breadcrumb\",\"itemListElement\":[{\"@type\":\"ListItem\",\"position\":1,\"name\":\"Home\",\"item\":\"https:\\\/\\\/roadskymarking.com\\\/\"},{\"@type\":\"ListItem\",\"position\":2,\"name\":\"Retroreflectometer\"}]},{\"@type\":\"WebSite\",\"@id\":\"https:\\\/\\\/roadskymarking.com\\\/#website\",\"url\":\"https:\\\/\\\/roadskymarking.com\\\/\",\"name\":\"Nanjing Roadsky Traffic Facility Co.,Ltd. (Roadsky Corporation)\",\"description\":\"Pavement Marking Equipment Supplier - RoadSky\",\"publisher\":{\"@id\":\"https:\\\/\\\/roadskymarking.com\\\/#organization\"},\"potentialAction\":[{\"@type\":\"SearchAction\",\"target\":{\"@type\":\"EntryPoint\",\"urlTemplate\":\"https:\\\/\\\/roadskymarking.com\\\/?s={search_term_string}\"},\"query-input\":{\"@type\":\"PropertyValueSpecification\",\"valueRequired\":true,\"valueName\":\"search_term_string\"}}],\"inLanguage\":\"de\"},{\"@type\":\"Organization\",\"@id\":\"https:\\\/\\\/roadskymarking.com\\\/#organization\",\"name\":\"Nanjing Roadsky Traffic Facility Co.,Ltd. (Roadsky Corporation)\",\"url\":\"https:\\\/\\\/roadskymarking.com\\\/\",\"logo\":{\"@type\":\"ImageObject\",\"inLanguage\":\"de\",\"@id\":\"https:\\\/\\\/roadskymarking.com\\\/#\\\/schema\\\/logo\\\/image\\\/\",\"url\":\"https:\\\/\\\/roadskymarking.com\\\/wp-content\\\/uploads\\\/2023\\\/03\\\/LOGO.png\",\"contentUrl\":\"https:\\\/\\\/roadskymarking.com\\\/wp-content\\\/uploads\\\/2023\\\/03\\\/LOGO.png\",\"width\":500,\"height\":400,\"caption\":\"Nanjing Roadsky Traffic Facility Co.,Ltd. (Roadsky Corporation)\"},\"image\":{\"@id\":\"https:\\\/\\\/roadskymarking.com\\\/#\\\/schema\\\/logo\\\/image\\\/\"}}]}<\/script>\n<!-- \/ Yoast SEO plugin. -->","yoast_head_json":{"title":"Retroreflektometer | Messung von Stra\u00dfenmarkierungen und Verkehrsschildern","description":"ROADSKY Retroreflektometer f\u00fcr Stra\u00dfenmarkierungen und Verkehrszeichen. Tragbare, genaue Tests zur Gew\u00e4hrleistung der Sichtbarkeit und Verbesserung der Verkehrssicherheit.","robots":{"index":"index","follow":"follow","max-snippet":"max-snippet:-1","max-image-preview":"max-image-preview:large","max-video-preview":"max-video-preview:-1"},"canonical":"https:\/\/roadskymarking.com\/de\/retroreflectometer\/","og_locale":"de_DE","og_type":"article","og_title":"Retroreflectometer | Measure Road Marking & Traffic Signs","og_description":"ROADSKY retroreflectometer for road markings and traffic signs. Portable, accurate testing to ensure visibility and improve road safety.","og_url":"https:\/\/roadskymarking.com\/de\/retroreflectometer\/","og_site_name":"Nanjing Roadsky Traffic Facility Co.,Ltd. (Roadsky Corporation)","article_modified_time":"2025-10-14T06:21:22+00:00","og_image":[{"url":"https:\/\/roadskymarking.com\/wp-content\/uploads\/2023\/09\/Pavement-Marking-Retroreflectometer.jpg","type":"","width":"","height":""}],"twitter_card":"summary_large_image","twitter_misc":{"Gesch\u00e4tzte Lesezeit":"4\u00a0Minuten"},"schema":{"@context":"https:\/\/schema.org","@graph":[{"@type":"WebPage","@id":"https:\/\/roadskymarking.com\/retroreflectometer","url":"https:\/\/roadskymarking.com\/retroreflectometer","name":"Retroreflektometer | Messung von Stra\u00dfenmarkierungen und Verkehrsschildern","isPartOf":{"@id":"https:\/\/roadskymarking.com\/#website"},"primaryImageOfPage":{"@id":"https:\/\/roadskymarking.com\/retroreflectometer#primaryimage"},"image":{"@id":"https:\/\/roadskymarking.com\/retroreflectometer#primaryimage"},"thumbnailUrl":"https:\/\/roadskymarking.com\/wp-content\/uploads\/2023\/09\/Pavement-Marking-Retroreflectometer.jpg","datePublished":"2025-09-03T06:15:58+00:00","dateModified":"2025-10-14T06:21:22+00:00","description":"ROADSKY Retroreflektometer f\u00fcr Stra\u00dfenmarkierungen und Verkehrszeichen. Tragbare, genaue Tests zur Gew\u00e4hrleistung der Sichtbarkeit und Verbesserung der Verkehrssicherheit.","breadcrumb":{"@id":"https:\/\/roadskymarking.com\/retroreflectometer#breadcrumb"},"inLanguage":"de","potentialAction":[{"@type":"ReadAction","target":["https:\/\/roadskymarking.com\/retroreflectometer"]}]},{"@type":"ImageObject","inLanguage":"de","@id":"https:\/\/roadskymarking.com\/retroreflectometer#primaryimage","url":"https:\/\/roadskymarking.com\/wp-content\/uploads\/2023\/09\/Pavement-Marking-Retroreflectometer.jpg","contentUrl":"https:\/\/roadskymarking.com\/wp-content\/uploads\/2023\/09\/Pavement-Marking-Retroreflectometer.jpg"},{"@type":"BreadcrumbList","@id":"https:\/\/roadskymarking.com\/retroreflectometer#breadcrumb","itemListElement":[{"@type":"ListItem","position":1,"name":"Home","item":"https:\/\/roadskymarking.com\/"},{"@type":"ListItem","position":2,"name":"Retroreflectometer"}]},{"@type":"WebSite","@id":"https:\/\/roadskymarking.com\/#website","url":"https:\/\/roadskymarking.com\/","name":"Nanjing Roadsky Traffic Facility Co.,Ltd. (Roadsky Gesellschaft)","description":"Anbieter von Fahrbahnmarkierungsanlagen - RoadSky","publisher":{"@id":"https:\/\/roadskymarking.com\/#organization"},"potentialAction":[{"@type":"SearchAction","target":{"@type":"EntryPoint","urlTemplate":"https:\/\/roadskymarking.com\/?s={search_term_string}"},"query-input":{"@type":"PropertyValueSpecification","valueRequired":true,"valueName":"search_term_string"}}],"inLanguage":"de"},{"@type":"Organization","@id":"https:\/\/roadskymarking.com\/#organization","name":"Nanjing Roadsky Traffic Facility Co.,Ltd. (Roadsky Gesellschaft)","url":"https:\/\/roadskymarking.com\/","logo":{"@type":"ImageObject","inLanguage":"de","@id":"https:\/\/roadskymarking.com\/#\/schema\/logo\/image\/","url":"https:\/\/roadskymarking.com\/wp-content\/uploads\/2023\/03\/LOGO.png","contentUrl":"https:\/\/roadskymarking.com\/wp-content\/uploads\/2023\/03\/LOGO.png","width":500,"height":400,"caption":"Nanjing Roadsky Traffic Facility Co.,Ltd. (Roadsky Corporation)"},"image":{"@id":"https:\/\/roadskymarking.com\/#\/schema\/logo\/image\/"}}]}},"_links":{"self":[{"href":"https:\/\/roadskymarking.com\/de\/wp-json\/wp\/v2\/pages\/4281","targetHints":{"allow":["GET"]}}],"collection":[{"href":"https:\/\/roadskymarking.com\/de\/wp-json\/wp\/v2\/pages"}],"about":[{"href":"https:\/\/roadskymarking.com\/de\/wp-json\/wp\/v2\/types\/page"}],"author":[{"embeddable":true,"href":"https:\/\/roadskymarking.com\/de\/wp-json\/wp\/v2\/users\/1"}],"replies":[{"embeddable":true,"href":"https:\/\/roadskymarking.com\/de\/wp-json\/wp\/v2\/comments?post=4281"}],"version-history":[{"count":6,"href":"https:\/\/roadskymarking.com\/de\/wp-json\/wp\/v2\/pages\/4281\/revisions"}],"predecessor-version":[{"id":4325,"href":"https:\/\/roadskymarking.com\/de\/wp-json\/wp\/v2\/pages\/4281\/revisions\/4325"}],"wp:attachment":[{"href":"https:\/\/roadskymarking.com\/de\/wp-json\/wp\/v2\/media?parent=4281"}],"curies":[{"name":"wp","href":"https:\/\/api.w.org\/{rel}","templated":true}]}}