{"id":4347,"date":"2025-11-06T02:47:15","date_gmt":"2025-11-06T02:47:15","guid":{"rendered":"https:\/\/roadskymarking.com\/?page_id=4347"},"modified":"2025-11-06T02:51:14","modified_gmt":"2025-11-06T02:51:14","slug":"road-curbs-painting-machines","status":"publish","type":"page","link":"https:\/\/roadskymarking.com\/de\/road-curbs-painting-machines","title":{"rendered":"Stra\u00dfe Bordsteine Malerei Maschinen"},"content":{"rendered":"<p>Eine Bordsteinmarkierungsmaschine (auch Bordsteinmarkierungsmaschine oder Bordsteinmarkierungsger\u00e4t genannt) ist eine Art von <strong><a href=\"https:\/\/roadskymarking.com\/de\/\" target=\"_blank\" rel=\"noreferrer noopener\" style=\"text-decoration: underline;\">Stra\u00dfenmarkierungsger\u00e4te<\/a><\/strong> zum Auftragen reflektierender oder nicht reflektierender Farbe auf die Seitenfl\u00e4chen von Stra\u00dfenr\u00e4ndern, Bordsteinen und Rinnen.<\/p>\n\n\n\n<h2 class=\"wp-block-heading\">Verwandte Produkte:<\/h2>\n\n\n\n<div class=\"wp-block-columns is-layout-flex wp-container-core-columns-is-layout-9d6595d7 wp-block-columns-is-layout-flex\">\n<div class=\"wp-block-column is-layout-flow wp-block-column-is-layout-flow\"><div class=\"wp-block-image\">\n<figure class=\"aligncenter size-large is-resized\"><a href=\"https:\/\/roadskymarking.com\/de\/rs-5f-cold-paint-mechanical-road-marking-machine.html\/\" target=\"_blank\" rel=\" noreferrer noopener\"><img decoding=\"async\" src=\"https:\/\/roadskymarking.com\/wp-content\/uploads\/2025\/09\/RS-5F-Cold-Paint-Mechanical-Road-Marking-Machine-5.jpg\" alt=\"RS-5F Mechanische Kaltlack-Stra\u00dfenmarkierungsmaschine\" style=\"object-fit:cover;width:300px;height:300px\"\/><\/a><figcaption class=\"wp-element-caption\"><a href=\"https:\/\/roadskymarking.com\/de\/rs-5f-cold-paint-mechanical-road-marking-machine.html\/\" target=\"_blank\" rel=\"noreferrer noopener\">RS-5F Mechanische Kaltlack-Stra\u00dfenmarkierungsmaschine<\/a><\/figcaption><\/figure><\/div><\/div>\n\n\n\n<div class=\"wp-block-column is-layout-flow wp-block-column-is-layout-flow\">\n<p>Ausgestattet mit einem mechanischen Spr\u00fchsystem sorgt der RS-5F f\u00fcr einen gleichm\u00e4\u00dfigen Farbauftrag und klare, lang anhaltende Linien. Dank seiner einstellbaren Spr\u00fchbreite und -st\u00e4rke eignet er sich f\u00fcr unterschiedliche Markierungsanforderungen wie Autobahnen, Parkpl\u00e4tze, Fabriken und Sportpl\u00e4tze.<\/p>\n<\/div>\n<\/div>\n\n\n\n<div class=\"wp-block-columns is-layout-flex wp-container-core-columns-is-layout-9d6595d7 wp-block-columns-is-layout-flex\">\n<div class=\"wp-block-column is-layout-flow wp-block-column-is-layout-flow\"><div class=\"wp-block-image\">\n<figure class=\"aligncenter size-large is-resized\"><a href=\"https:\/\/roadskymarking.com\/de\/rs-12ld-intelligent-cold-paint-road-marking-machine.html\/\" target=\"_blank\" rel=\" noreferrer noopener\"><img decoding=\"async\" src=\"https:\/\/roadskymarking.com\/wp-content\/uploads\/2025\/09\/RS-12LD-Intelligent-Cold-Paint-Road-Marking-Machine-2.jpg\" alt=\"RS-12LD Intelligente Kaltfarb-Stra\u00dfenmarkierungsmaschine\" style=\"object-fit:cover;width:300px;height:300px\"\/><\/a><figcaption class=\"wp-element-caption\"><a href=\"https:\/\/roadskymarking.com\/de\/rs-12ld-intelligent-cold-paint-road-marking-machine.html\/\" target=\"_blank\" rel=\"noreferrer noopener\">RS-12LD Intelligente Kaltfarb-Stra\u00dfenmarkierungsmaschine<\/a><\/figcaption><\/figure><\/div><\/div>\n\n\n\n<div class=\"wp-block-column is-layout-flow wp-block-column-is-layout-flow\">\n<p>Die intelligente Kaltfarb-Stra\u00dfenmarkierungsmaschine RS-12LD kombiniert fortschrittliche Automatisierung, pr\u00e4zisen computergesteuerten Betrieb und Lasernavigation, um pr\u00e4zise, konsistente und professionelle Stra\u00dfenmarkierungen f\u00fcr Stra\u00dfen, Autobahnen, Schnellstra\u00dfen, Parkpl\u00e4tze und Industriegel\u00e4nde zu liefern und so die Effizienz zu verbessern und die Arbeitskosten zu senken.<\/p>\n<\/div>\n<\/div>\n\n\n\n<div class=\"wp-block-columns is-layout-flex wp-container-core-columns-is-layout-9d6595d7 wp-block-columns-is-layout-flex\">\n<div class=\"wp-block-column is-layout-flow wp-block-column-is-layout-flow\"><div class=\"wp-block-image\">\n<figure class=\"aligncenter size-large is-resized\"><a href=\"https:\/\/roadskymarking.com\/de\/cold-paint-line-striper.html\/\" target=\"_blank\" rel=\" noreferrer noopener\"><img decoding=\"async\" src=\"https:\/\/roadskymarking.com\/wp-content\/uploads\/2018\/05\/RS-5E-Cold-Paint-Road-Marking-Machine-4.jpg\" alt=\"RS-5E Kaltabstreifer\" style=\"object-fit:cover;width:300px;height:300px\"\/><\/a><figcaption class=\"wp-element-caption\"><a href=\"https:\/\/roadskymarking.com\/de\/cold-paint-line-striper.html\/\" target=\"_blank\" rel=\"noreferrer noopener\">RS-5E Kaltabstreifer<\/a><\/figcaption><\/figure><\/div><\/div>\n\n\n\n<div class=\"wp-block-column is-layout-flow wp-block-column-is-layout-flow\">\n<p>Die RS-5E-Serie von Kaltfarbstrippern (Fahrbahnmarkierungsmaschinen) ist speziell f\u00fcr eine effiziente Markierung konzipiert. Stabile interne Umkehrhydraulikpumpe, einstellbare Spritzpistole und Farbfilter gew\u00e4hrleisten die Markierungsleistung. RS-5E Stra\u00dfe Linie Markierung Maschine hat eine lange Lebensdauer aufgrund der einfachen Struktur, zuverl\u00e4ssige Pumpe und Motor.<\/p>\n<\/div>\n<\/div>\n\n\n\n<div class=\"wp-block-columns is-layout-flex wp-container-core-columns-is-layout-9d6595d7 wp-block-columns-is-layout-flex\">\n<div class=\"wp-block-column is-layout-flow wp-block-column-is-layout-flow\"><div class=\"wp-block-image\">\n<figure class=\"aligncenter size-large is-resized\"><a href=\"https:\/\/roadskymarking.com\/de\/cold-paint-road-marking-machine.html\/\" target=\"_blank\" rel=\" noreferrer noopener\"><img decoding=\"async\" src=\"https:\/\/roadskymarking.com\/wp-content\/uploads\/2024\/03\/RS-5-Cold-Paint-Road-Marking-Machine.jpg\" alt=\"RS-5 Kaltfarb-Stra\u00dfenmarkierungsmaschine\" style=\"object-fit:cover;width:300px;height:300px\"\/><\/a><figcaption class=\"wp-element-caption\"><a href=\"https:\/\/roadskymarking.com\/de\/cold-paint-road-marking-machine.html\/\" target=\"_blank\" rel=\"noreferrer noopener\">RS-5 Kaltfarb-Stra\u00dfenmarkierungsmaschine<\/a><\/figcaption><\/figure><\/div><\/div>\n\n\n\n<div class=\"wp-block-column is-layout-flow wp-block-column-is-layout-flow\">\n<p>RS-5 Serie kalte Farbe Stra\u00dfenmarkierung Maschine ist weit verbreitet in Parkpl\u00e4tzen, st\u00e4dtischen Stra\u00dfe und Autobahn Markierung Projekt verwendet. Es ist eine Art von Airless-Hochdruck-Spritzen Markierungsmaschine, die Druck von Kolbenpumpe erzeugt Farbe durch D\u00fcse zu spr\u00fchen. Speziell entwickelte Spritzpistolen Kontrollsystem macht die Linie endet ordentlich und gut aussehend.<\/p>\n<\/div>\n<\/div>\n\n\n\n<h2 class=\"wp-block-heading\">Produkt-Video:<\/h2>\n\n\n\n<figure class=\"wp-block-embed aligncenter is-type-video is-provider-youtube wp-block-embed-youtube wp-embed-aspect-16-9 wp-has-aspect-ratio\"><div class=\"wp-block-embed__wrapper\">\n<iframe loading=\"lazy\" title=\"RS 5F Mechanische Kaltfarb-Stra\u00dfenmarkierungsmaschine - Roadsky\" width=\"500\" height=\"281\" src=\"https:\/\/www.youtube.com\/embed\/WEWVIwhpgXI?feature=oembed\" frameborder=\"0\" allow=\"accelerometer; autoplay; clipboard-write; encrypted-media; gyroscope; picture-in-picture; web-share\" referrerpolicy=\"strict-origin-when-cross-origin\" allowfullscreen><\/iframe>\n<\/div><\/figure>\n\n\n\n<h2 class=\"wp-block-heading\">Warum eine Bordsteinanstrichmaschine verwenden?<\/h2>\n\n\n\n<p>Die Investition in eine Maschine zum Streichen von Bordsteinen erh\u00f6ht sowohl die Produktivit\u00e4t als auch die Sicherheit. Sie sorgt f\u00fcr professionelle Markierungen, die dem Verkehr, der UV-Strahlung und dem rauen Wetter standhalten. Dar\u00fcber hinaus verbessern gut gestrichene Bordsteine die Sichtbarkeit f\u00fcr Autofahrer, reduzieren Unf\u00e4lle und sorgen f\u00fcr ein sauberes, geordnetes Erscheinungsbild der Fahrbahn.<\/p>\n\n\n\n<h2 class=\"wp-block-heading\">Anwendungen<\/h2>\n\n\n\n<p>Die Maschinen f\u00fcr das Streichen von Bordsteinen sind geeignet f\u00fcr:<\/p>\n\n\n\n<ul class=\"wp-block-list\">\n<li>Bordsteinmarkierungen auf Autobahnen und in St\u00e4dten<\/li>\n\n\n\n<li>Linien- und Randbemalung von Parkpl\u00e4tzen<\/li>\n\n\n\n<li>Markierung der Grenzen von Industriegebieten<\/li>\n\n\n\n<li>Sicherheitskennzeichnung von Flugh\u00e4fen oder H\u00e4fen<\/li>\n\n\n\n<li>Instandhaltung von Anlieger- und Gemeindestra\u00dfen<\/li>\n<\/ul>\n\n\n\n<p>Ob gelb-schwarze Bordsteinkanten, wei\u00df-rote Sicherheitslinien oder reflektierende Bordsteinmarkierungen, diese Maschinen sorgen jedes Mal f\u00fcr ein dauerhaftes und professionelles Ergebnis.<\/p>\n\n\n\n<h2 class=\"wp-block-heading\">Warum uns w\u00e4hlen<\/h2>\n\n\n\n<ul class=\"wp-block-list\">\n<li>Mehr als 10 Jahre Erfahrung in der Herstellung von Stra\u00dfenmarkierungsger\u00e4ten<\/li>\n\n\n\n<li>Strenge Qualit\u00e4tskontrolle und CE\/ISO-Zertifizierung<\/li>\n\n\n\n<li>Umfassender technischer Support und kundenspezifische L\u00f6sungen verf\u00fcgbar<\/li>\n\n\n\n<li>Weltweiter Versand und Kundendienst<\/li>\n<\/ul>\n\n\n\n<h2 class=\"wp-block-heading\">Angebot einholen<\/h2>\n\n\n\n<p>Sind Sie bereit, die Effizienz Ihrer Stra\u00dfenmarkierung zu verbessern? Wenden Sie sich noch heute an uns, um den besten Fabrikpreis und eine individuelle Konfiguration f\u00fcr Ihr Projekt zu erhalten.<\/p>\n\n\n\n<div class=\"wp-block-contact-form-7-contact-form-selector\">\n<div class=\"wpcf7 no-js\" id=\"wpcf7-f1316-o1\" lang=\"en-US\" dir=\"ltr\" data-wpcf7-id=\"1316\">\n<div class=\"screen-reader-response\"><p role=\"status\" aria-live=\"polite\" aria-atomic=\"true\"><\/p> <ul><\/ul><\/div>\n<form action=\"\/de\/wp-json\/wp\/v2\/pages\/4347#wpcf7-f1316-o1\" method=\"post\" class=\"wpcf7-form init\" aria-label=\"Kontakt-Formular\" novalidate=\"novalidate\" data-status=\"init\" data-trp-original-action=\"\/de\/wp-json\/wp\/v2\/pages\/4347#wpcf7-f1316-o1\">\n<fieldset class=\"hidden-fields-container\"><input type=\"hidden\" name=\"_wpcf7\" value=\"1316\" \/><input type=\"hidden\" name=\"_wpcf7_version\" value=\"6.1.5\" \/><input type=\"hidden\" name=\"_wpcf7_locale\" value=\"en_US\" \/><input type=\"hidden\" name=\"_wpcf7_unit_tag\" value=\"wpcf7-f1316-o1\" \/><input type=\"hidden\" name=\"_wpcf7_container_post\" value=\"0\" \/><input type=\"hidden\" name=\"_wpcf7_posted_data_hash\" value=\"\" \/>\n<\/fieldset>\n<div class=\"wpcf7-turnstile cf-turnstile\" data-sitekey=\"0x4AAAAAACH9ueYy7fDdFIjX\" data-response-field-name=\"_wpcf7_turnstile_response\"><\/div>\n\n<p><label><em>*<\/em>Thema:<\/label><span class=\"wpcf7-form-control-wrap\" data-name=\"your-subject\"><input size=\"40\" maxlength=\"400\" class=\"wpcf7-form-control wpcf7-text wpcf7-validates-as-required\" id=\"your-subject\" aria-required=\"true\" aria-invalid=\"false\" value=\"Product Inquiry\" type=\"text\" name=\"your-subject\" \/><\/span>\n<\/p>\n<p><label><em>*<\/em>Name:<\/label><span class=\"wpcf7-form-control-wrap\" data-name=\"your-name\"><input size=\"40\" maxlength=\"400\" class=\"wpcf7-form-control wpcf7-text wpcf7-validates-as-required\" id=\"your-name\" aria-required=\"true\" aria-invalid=\"false\" placeholder=\"Bitte geben Sie den gebr\u00e4uchlichen Namen an\" value=\"\" type=\"text\" name=\"your-name\" \/><\/span>\n<\/p>\n<p><label><em>*<\/em>E-Mail:<\/label><span class=\"wpcf7-form-control-wrap\" data-name=\"your-email\"><input size=\"40\" maxlength=\"400\" class=\"wpcf7-form-control wpcf7-email wpcf7-validates-as-required wpcf7-text wpcf7-validates-as-email\" id=\"your-email\" aria-required=\"true\" aria-invalid=\"false\" placeholder=\"Bitte geben Sie die \u00fcblicherweise verwendete E-Mail an\" value=\"\" type=\"email\" name=\"your-email\" \/><\/span>\n<\/p>\n<p><label>Telefon:<\/label><span class=\"wpcf7-form-control-wrap\" data-name=\"your-phone\"><input size=\"40\" maxlength=\"400\" class=\"wpcf7-form-control wpcf7-text\" id=\"your-phone\" aria-invalid=\"false\" placeholder=\"Bitte geben Sie eine Kontakttelefonnummer oder ein Mobiltelefon an\" value=\"\" type=\"text\" name=\"your-phone\" \/><\/span>\n<\/p>\n<p><label>Land:<\/label><span class=\"wpcf7-form-control-wrap\" data-name=\"your-country\"><input size=\"40\" maxlength=\"400\" class=\"wpcf7-form-control wpcf7-text\" id=\"your-country\" aria-invalid=\"false\" placeholder=\"Bitte geben Sie Ihr Land an\" value=\"\" type=\"text\" name=\"your-country\" \/><\/span>\n<\/p>\n<p><label>Unternehmen:<\/label><span class=\"wpcf7-form-control-wrap\" data-name=\"your-company\"><input size=\"40\" maxlength=\"400\" class=\"wpcf7-form-control wpcf7-text\" id=\"your-company\" aria-invalid=\"false\" placeholder=\"Bitte geben Sie den Firmennamen ein\" value=\"\" type=\"text\" name=\"your-company\" \/><\/span>\n<\/p>\n<p><label><em>*<\/em>Inhalt:<\/label><span class=\"wpcf7-form-control-wrap\" data-name=\"your-message\"><textarea cols=\"40\" rows=\"10\" maxlength=\"2000\" class=\"wpcf7-form-control wpcf7-textarea wpcf7-validates-as-required\" aria-required=\"true\" aria-invalid=\"false\" placeholder=\"Bitte geben Sie die Details an, die Sie wissen m\u00f6chten, wie z.B. Produktname, Spezifikationen, Preis, MOQ, etc.\" name=\"your-message\"><\/textarea><\/span>\n<\/p>\n<p class=\"btn-submit\"><label> <\/label><input class=\"wpcf7-form-control wpcf7-submit has-spinner\" type=\"submit\" value=\"SUBMIT\" \/>\n<\/p><div class=\"wpcf7-response-output\" aria-hidden=\"true\"><\/div>\n<input type=\"hidden\" name=\"trp-form-language\" value=\"de\"\/><\/form>\n<\/div>\n<\/div>","protected":false},"excerpt":{"rendered":"<p>A road curbs painting machine (also known as a kerb marking machine or curb marking equipment) is a type of road marking equipment used to apply reflective or non-reflective paint on the side surfaces of road edges, curbs, and gutters. Related Products: Equipped with a mechanical spraying system, the RS-5F ensures uniform paint application and clear, long-lasting lines. Its adjustable spray width and thickness make it suitable for diverse marking requirements such as highways, parking lots, factories, and sports grounds. The RS-12LD intelligent cold paint road marking machine combines advanced automation, precise computer-controlled operation, and laser navigation to deliver accurate, consistent, and professional-grade road markings for roads, highways, expressways, parking lots, and industrial sites, improving efficiency and reducing labor costs. RS-5E series cold paint line striper (pavement marking machine) is special designed for efficient marking. Stable internal reversing hydraulic pump, adjustable spray gun and paint filter ensure the marking performance. RS-5E road line marking machine has a long service life &#8230;<\/p>","protected":false},"author":1,"featured_media":0,"parent":0,"menu_order":0,"comment_status":"closed","ping_status":"closed","template":"","meta":{"footnotes":""},"class_list":["post-4347","page","type-page","status-publish","hentry"],"yoast_head":"<!-- This site is optimized with the Yoast SEO plugin v27.3 - https:\/\/yoast.com\/product\/yoast-seo-wordpress\/ -->\n<title>Road Curbs Painting Machines - Kerb Marking Equipment<\/title>\n<meta name=\"robots\" content=\"index, follow, max-snippet:-1, max-image-preview:large, max-video-preview:-1\" \/>\n<link rel=\"canonical\" href=\"https:\/\/roadskymarking.com\/de\/road-curbs-painting-machines\/\" \/>\n<meta property=\"og:locale\" content=\"de_DE\" \/>\n<meta property=\"og:type\" content=\"article\" \/>\n<meta property=\"og:title\" content=\"Road Curbs Painting Machines - Kerb Marking Equipment\" \/>\n<meta property=\"og:description\" content=\"A road curbs painting machine (also known as a kerb marking machine or curb marking equipment) is a type of road marking equipment used to apply reflective or non-reflective paint on the side surfaces of road edges, curbs, and gutters. Related Products: Equipped with a mechanical spraying system, the RS-5F ensures uniform paint application and clear, long-lasting lines. Its adjustable spray width and thickness make it suitable for diverse marking requirements such as highways, parking lots, factories, and sports grounds. The RS-12LD intelligent cold paint road marking machine combines advanced automation, precise computer-controlled operation, and laser navigation to deliver accurate, consistent, and professional-grade road markings for roads, highways, expressways, parking lots, and industrial sites, improving efficiency and reducing labor costs. RS-5E series cold paint line striper (pavement marking machine) is special designed for efficient marking. Stable internal reversing hydraulic pump, adjustable spray gun and paint filter ensure the marking performance. RS-5E road line marking machine has a long service life ...\" \/>\n<meta property=\"og:url\" content=\"https:\/\/roadskymarking.com\/de\/road-curbs-painting-machines\/\" \/>\n<meta property=\"og:site_name\" content=\"Nanjing Roadsky Traffic Facility Co.,Ltd. (Roadsky Corporation)\" \/>\n<meta property=\"article:modified_time\" content=\"2025-11-06T02:51:14+00:00\" \/>\n<meta property=\"og:image\" content=\"https:\/\/roadskymarking.com\/wp-content\/uploads\/2025\/09\/RS-5F-Cold-Paint-Mechanical-Road-Marking-Machine-5.jpg\" \/>\n<meta name=\"twitter:card\" content=\"summary_large_image\" \/>\n<meta name=\"twitter:label1\" content=\"Gesch\u00e4tzte Lesezeit\" \/>\n\t<meta name=\"twitter:data1\" content=\"3\u00a0Minuten\" \/>\n<script type=\"application\/ld+json\" class=\"yoast-schema-graph\">{\"@context\":\"https:\\\/\\\/schema.org\",\"@graph\":[{\"@type\":\"WebPage\",\"@id\":\"https:\\\/\\\/roadskymarking.com\\\/road-curbs-painting-machines\",\"url\":\"https:\\\/\\\/roadskymarking.com\\\/road-curbs-painting-machines\",\"name\":\"Road Curbs Painting Machines - Kerb Marking Equipment\",\"isPartOf\":{\"@id\":\"https:\\\/\\\/roadskymarking.com\\\/#website\"},\"primaryImageOfPage\":{\"@id\":\"https:\\\/\\\/roadskymarking.com\\\/road-curbs-painting-machines#primaryimage\"},\"image\":{\"@id\":\"https:\\\/\\\/roadskymarking.com\\\/road-curbs-painting-machines#primaryimage\"},\"thumbnailUrl\":\"https:\\\/\\\/roadskymarking.com\\\/wp-content\\\/uploads\\\/2025\\\/09\\\/RS-5F-Cold-Paint-Mechanical-Road-Marking-Machine-5.jpg\",\"datePublished\":\"2025-11-06T02:47:15+00:00\",\"dateModified\":\"2025-11-06T02:51:14+00:00\",\"breadcrumb\":{\"@id\":\"https:\\\/\\\/roadskymarking.com\\\/road-curbs-painting-machines#breadcrumb\"},\"inLanguage\":\"de\",\"potentialAction\":[{\"@type\":\"ReadAction\",\"target\":[\"https:\\\/\\\/roadskymarking.com\\\/road-curbs-painting-machines\"]}]},{\"@type\":\"ImageObject\",\"inLanguage\":\"de\",\"@id\":\"https:\\\/\\\/roadskymarking.com\\\/road-curbs-painting-machines#primaryimage\",\"url\":\"https:\\\/\\\/roadskymarking.com\\\/wp-content\\\/uploads\\\/2025\\\/09\\\/RS-5F-Cold-Paint-Mechanical-Road-Marking-Machine-5.jpg\",\"contentUrl\":\"https:\\\/\\\/roadskymarking.com\\\/wp-content\\\/uploads\\\/2025\\\/09\\\/RS-5F-Cold-Paint-Mechanical-Road-Marking-Machine-5.jpg\"},{\"@type\":\"BreadcrumbList\",\"@id\":\"https:\\\/\\\/roadskymarking.com\\\/road-curbs-painting-machines#breadcrumb\",\"itemListElement\":[{\"@type\":\"ListItem\",\"position\":1,\"name\":\"Home\",\"item\":\"https:\\\/\\\/roadskymarking.com\\\/\"},{\"@type\":\"ListItem\",\"position\":2,\"name\":\"Road Curbs Painting Machines\"}]},{\"@type\":\"WebSite\",\"@id\":\"https:\\\/\\\/roadskymarking.com\\\/#website\",\"url\":\"https:\\\/\\\/roadskymarking.com\\\/\",\"name\":\"Nanjing Roadsky Traffic Facility Co.,Ltd. (Roadsky Corporation)\",\"description\":\"Pavement Marking Equipment Supplier - RoadSky\",\"publisher\":{\"@id\":\"https:\\\/\\\/roadskymarking.com\\\/#organization\"},\"potentialAction\":[{\"@type\":\"SearchAction\",\"target\":{\"@type\":\"EntryPoint\",\"urlTemplate\":\"https:\\\/\\\/roadskymarking.com\\\/?s={search_term_string}\"},\"query-input\":{\"@type\":\"PropertyValueSpecification\",\"valueRequired\":true,\"valueName\":\"search_term_string\"}}],\"inLanguage\":\"de\"},{\"@type\":\"Organization\",\"@id\":\"https:\\\/\\\/roadskymarking.com\\\/#organization\",\"name\":\"Nanjing Roadsky Traffic Facility Co.,Ltd. (Roadsky Corporation)\",\"url\":\"https:\\\/\\\/roadskymarking.com\\\/\",\"logo\":{\"@type\":\"ImageObject\",\"inLanguage\":\"de\",\"@id\":\"https:\\\/\\\/roadskymarking.com\\\/#\\\/schema\\\/logo\\\/image\\\/\",\"url\":\"https:\\\/\\\/roadskymarking.com\\\/wp-content\\\/uploads\\\/2023\\\/03\\\/LOGO.png\",\"contentUrl\":\"https:\\\/\\\/roadskymarking.com\\\/wp-content\\\/uploads\\\/2023\\\/03\\\/LOGO.png\",\"width\":500,\"height\":400,\"caption\":\"Nanjing Roadsky Traffic Facility Co.,Ltd. (Roadsky Corporation)\"},\"image\":{\"@id\":\"https:\\\/\\\/roadskymarking.com\\\/#\\\/schema\\\/logo\\\/image\\\/\"}}]}<\/script>\n<!-- \/ Yoast SEO plugin. -->","yoast_head_json":{"title":"Maschinen zum Bemalen von Bordsteinen - Bordsteinmarkierungsger\u00e4te","robots":{"index":"index","follow":"follow","max-snippet":"max-snippet:-1","max-image-preview":"max-image-preview:large","max-video-preview":"max-video-preview:-1"},"canonical":"https:\/\/roadskymarking.com\/de\/road-curbs-painting-machines\/","og_locale":"de_DE","og_type":"article","og_title":"Road Curbs Painting Machines - Kerb Marking Equipment","og_description":"A road curbs painting machine (also known as a kerb marking machine or curb marking equipment) is a type of road marking equipment used to apply reflective or non-reflective paint on the side surfaces of road edges, curbs, and gutters. Related Products: Equipped with a mechanical spraying system, the RS-5F ensures uniform paint application and clear, long-lasting lines. Its adjustable spray width and thickness make it suitable for diverse marking requirements such as highways, parking lots, factories, and sports grounds. The RS-12LD intelligent cold paint road marking machine combines advanced automation, precise computer-controlled operation, and laser navigation to deliver accurate, consistent, and professional-grade road markings for roads, highways, expressways, parking lots, and industrial sites, improving efficiency and reducing labor costs. RS-5E series cold paint line striper (pavement marking machine) is special designed for efficient marking. Stable internal reversing hydraulic pump, adjustable spray gun and paint filter ensure the marking performance. RS-5E road line marking machine has a long service life ...","og_url":"https:\/\/roadskymarking.com\/de\/road-curbs-painting-machines\/","og_site_name":"Nanjing Roadsky Traffic Facility Co.,Ltd. (Roadsky Corporation)","article_modified_time":"2025-11-06T02:51:14+00:00","og_image":[{"url":"https:\/\/roadskymarking.com\/wp-content\/uploads\/2025\/09\/RS-5F-Cold-Paint-Mechanical-Road-Marking-Machine-5.jpg","type":"","width":"","height":""}],"twitter_card":"summary_large_image","twitter_misc":{"Gesch\u00e4tzte Lesezeit":"3\u00a0Minuten"},"schema":{"@context":"https:\/\/schema.org","@graph":[{"@type":"WebPage","@id":"https:\/\/roadskymarking.com\/road-curbs-painting-machines","url":"https:\/\/roadskymarking.com\/road-curbs-painting-machines","name":"Maschinen zum Bemalen von Bordsteinen - Bordsteinmarkierungsger\u00e4te","isPartOf":{"@id":"https:\/\/roadskymarking.com\/#website"},"primaryImageOfPage":{"@id":"https:\/\/roadskymarking.com\/road-curbs-painting-machines#primaryimage"},"image":{"@id":"https:\/\/roadskymarking.com\/road-curbs-painting-machines#primaryimage"},"thumbnailUrl":"https:\/\/roadskymarking.com\/wp-content\/uploads\/2025\/09\/RS-5F-Cold-Paint-Mechanical-Road-Marking-Machine-5.jpg","datePublished":"2025-11-06T02:47:15+00:00","dateModified":"2025-11-06T02:51:14+00:00","breadcrumb":{"@id":"https:\/\/roadskymarking.com\/road-curbs-painting-machines#breadcrumb"},"inLanguage":"de","potentialAction":[{"@type":"ReadAction","target":["https:\/\/roadskymarking.com\/road-curbs-painting-machines"]}]},{"@type":"ImageObject","inLanguage":"de","@id":"https:\/\/roadskymarking.com\/road-curbs-painting-machines#primaryimage","url":"https:\/\/roadskymarking.com\/wp-content\/uploads\/2025\/09\/RS-5F-Cold-Paint-Mechanical-Road-Marking-Machine-5.jpg","contentUrl":"https:\/\/roadskymarking.com\/wp-content\/uploads\/2025\/09\/RS-5F-Cold-Paint-Mechanical-Road-Marking-Machine-5.jpg"},{"@type":"BreadcrumbList","@id":"https:\/\/roadskymarking.com\/road-curbs-painting-machines#breadcrumb","itemListElement":[{"@type":"ListItem","position":1,"name":"Home","item":"https:\/\/roadskymarking.com\/"},{"@type":"ListItem","position":2,"name":"Road Curbs Painting Machines"}]},{"@type":"WebSite","@id":"https:\/\/roadskymarking.com\/#website","url":"https:\/\/roadskymarking.com\/","name":"Nanjing Roadsky Traffic Facility Co.,Ltd. (Roadsky Gesellschaft)","description":"Anbieter von Fahrbahnmarkierungsanlagen - RoadSky","publisher":{"@id":"https:\/\/roadskymarking.com\/#organization"},"potentialAction":[{"@type":"SearchAction","target":{"@type":"EntryPoint","urlTemplate":"https:\/\/roadskymarking.com\/?s={search_term_string}"},"query-input":{"@type":"PropertyValueSpecification","valueRequired":true,"valueName":"search_term_string"}}],"inLanguage":"de"},{"@type":"Organization","@id":"https:\/\/roadskymarking.com\/#organization","name":"Nanjing Roadsky Traffic Facility Co.,Ltd. (Roadsky Gesellschaft)","url":"https:\/\/roadskymarking.com\/","logo":{"@type":"ImageObject","inLanguage":"de","@id":"https:\/\/roadskymarking.com\/#\/schema\/logo\/image\/","url":"https:\/\/roadskymarking.com\/wp-content\/uploads\/2023\/03\/LOGO.png","contentUrl":"https:\/\/roadskymarking.com\/wp-content\/uploads\/2023\/03\/LOGO.png","width":500,"height":400,"caption":"Nanjing Roadsky Traffic Facility Co.,Ltd. (Roadsky Corporation)"},"image":{"@id":"https:\/\/roadskymarking.com\/#\/schema\/logo\/image\/"}}]}},"_links":{"self":[{"href":"https:\/\/roadskymarking.com\/de\/wp-json\/wp\/v2\/pages\/4347","targetHints":{"allow":["GET"]}}],"collection":[{"href":"https:\/\/roadskymarking.com\/de\/wp-json\/wp\/v2\/pages"}],"about":[{"href":"https:\/\/roadskymarking.com\/de\/wp-json\/wp\/v2\/types\/page"}],"author":[{"embeddable":true,"href":"https:\/\/roadskymarking.com\/de\/wp-json\/wp\/v2\/users\/1"}],"replies":[{"embeddable":true,"href":"https:\/\/roadskymarking.com\/de\/wp-json\/wp\/v2\/comments?post=4347"}],"version-history":[{"count":3,"href":"https:\/\/roadskymarking.com\/de\/wp-json\/wp\/v2\/pages\/4347\/revisions"}],"predecessor-version":[{"id":4352,"href":"https:\/\/roadskymarking.com\/de\/wp-json\/wp\/v2\/pages\/4347\/revisions\/4352"}],"wp:attachment":[{"href":"https:\/\/roadskymarking.com\/de\/wp-json\/wp\/v2\/media?parent=4347"}],"curies":[{"name":"wp","href":"https:\/\/api.w.org\/{rel}","templated":true}]}}