{"id":4418,"date":"2026-01-27T03:17:57","date_gmt":"2026-01-27T03:17:57","guid":{"rendered":"https:\/\/roadskymarking.com\/?page_id=4418"},"modified":"2026-01-27T03:17:59","modified_gmt":"2026-01-27T03:17:59","slug":"portable-retroreflectometer","status":"publish","type":"page","link":"https:\/\/roadskymarking.com\/de\/portable-retroreflectometer","title":{"rendered":"Tragbares Retroreflektometer"},"content":{"rendered":"<p>Unsere tragbaren Retroreflektometer sind f\u00fcr die schnelle, genaue und zuverl\u00e4ssige Vor-Ort-Messung der Retroreflexion von Stra\u00dfenmarkierungen, Verkehrszeichen und reflektierenden Materialien konzipiert. Diese tragbaren Retroreflektometer sind leicht, einfach zu bedienen und entsprechen vollst\u00e4ndig den internationalen Normen f\u00fcr Verkehrssicherheitspr\u00fcfungen.<\/p>\n\n\n\n<p>Unabh\u00e4ngig davon, ob sie von Verkehrs\u00e4mtern, Stra\u00dfeninstandhaltungsunternehmen, Verkehrssicherheitsinspektoren oder Labors eingesetzt werden, liefern tragbare Retroreflektometer pr\u00e4zise Daten zur Bewertung der Sichtbarkeit und zur Einhaltung von Vorschriften.<\/p>\n\n\n\n<h2 class=\"wp-block-heading\">Verwandte Produkte<\/h2>\n\n\n\n<div class=\"wp-block-columns is-layout-flex wp-container-core-columns-is-layout-9d6595d7 wp-block-columns-is-layout-flex\">\n<div class=\"wp-block-column is-layout-flow wp-block-column-is-layout-flow\"><div class=\"wp-block-image\">\n<figure class=\"aligncenter size-large\"><a href=\"https:\/\/roadskymarking.com\/de\/road-sign-retro-reflection-meter.html\/\" target=\"_blank\" rel=\" noreferrer noopener\"><img decoding=\"async\" src=\"https:\/\/roadskymarking.com\/wp-content\/uploads\/2024\/06\/Road-Sign-Retro-Reflection-Meter.jpg\" alt=\"Stra\u00dfenschild-Retro-Reflexionsmessger\u00e4t\"\/><\/a><figcaption class=\"wp-element-caption\"><a href=\"https:\/\/roadskymarking.com\/de\/road-sign-retro-reflection-meter.html\/\" type=\"link\" id=\"https:\/\/roadskymarking.com\/road-sign-retro-reflection-meter.html\" target=\"_blank\" rel=\"noreferrer noopener\">Stra\u00dfenschild-Retro-Reflexionsmessger\u00e4t<\/a><\/figcaption><\/figure><\/div><\/div>\n\n\n\n<div class=\"wp-block-column is-layout-flow wp-block-column-is-layout-flow\"><div class=\"wp-block-image\">\n<figure class=\"aligncenter size-large\"><a href=\"https:\/\/roadskymarking.com\/de\/multi-angle-retroreflective-coefficient-tester.html\/\" target=\"_blank\" rel=\" noreferrer noopener\"><img decoding=\"async\" src=\"https:\/\/roadskymarking.com\/wp-content\/uploads\/2025\/07\/Multi-angle-Retroreflective-Coefficient-Tester-4.jpg\" alt=\"Mehrwinkel-Retroreflexionskoeffiziententester\"\/><\/a><figcaption class=\"wp-element-caption\"><a href=\"https:\/\/roadskymarking.com\/de\/multi-angle-retroreflective-coefficient-tester.html\/\" type=\"link\" id=\"https:\/\/roadskymarking.com\/multi-angle-retroreflective-coefficient-tester.html\" target=\"_blank\" rel=\"noreferrer noopener\">Mehrwinkel-Retroreflexionskoeffiziententester<\/a><\/figcaption><\/figure><\/div><\/div>\n\n\n\n<div class=\"wp-block-column is-layout-flow wp-block-column-is-layout-flow\"><div class=\"wp-block-image\">\n<figure class=\"aligncenter size-large\"><a href=\"https:\/\/roadskymarking.com\/de\/pavement-marking-retroreflectometer.html\/\" target=\"_blank\" rel=\" noreferrer noopener\"><img decoding=\"async\" src=\"https:\/\/roadskymarking.com\/wp-content\/uploads\/2023\/09\/Pavement-Marking-Retroreflectometer.jpg\" alt=\"Fahrbahnmarkierung Retroreflektometer RL\"\/><\/a><figcaption class=\"wp-element-caption\"><a href=\"https:\/\/roadskymarking.com\/de\/pavement-marking-retroreflectometer.html\/\" type=\"link\" id=\"https:\/\/roadskymarking.com\/pavement-marking-retroreflectometer.html\" target=\"_blank\" rel=\"noreferrer noopener\">Fahrbahnmarkierung Retroreflektometer RL<\/a><\/figcaption><\/figure><\/div><\/div>\n<\/div>\n\n\n\n<div class=\"wp-block-columns is-layout-flex wp-container-core-columns-is-layout-9d6595d7 wp-block-columns-is-layout-flex\">\n<div class=\"wp-block-column is-layout-flow wp-block-column-is-layout-flow\"><div class=\"wp-block-image\">\n<figure class=\"aligncenter size-large\"><a href=\"\/de\/Pavement Marking Retroreflectometer RL&amp;QD\/\" target=\"_blank\" rel=\" noreferrer noopener\"><img decoding=\"async\" src=\"https:\/\/roadskymarking.com\/wp-content\/uploads\/2024\/11\/Pavement-Marking-Retroreflectometer-RLQD.jpg\" alt=\"Fahrbahnmarkierung Retroreflektometer RL&amp;QD\"\/><\/a><figcaption class=\"wp-element-caption\"><a href=\"https:\/\/roadskymarking.com\/de\/pavement-marking-retroreflectometer-rlqd.html\/\" type=\"link\" id=\"https:\/\/roadskymarking.com\/pavement-marking-retroreflectometer-rlqd.html\" target=\"_blank\" rel=\"noreferrer noopener\">Fahrbahnmarkierung Retroreflektometer RL&amp;QD<\/a><\/figcaption><\/figure><\/div><\/div>\n\n\n\n<div class=\"wp-block-column is-layout-flow wp-block-column-is-layout-flow\"><div class=\"wp-block-image\">\n<figure class=\"aligncenter size-large\"><a href=\"https:\/\/roadskymarking.com\/de\/retroreflectometer-for-road-markings-rlqd-short-type.html\/\" target=\"_blank\" rel=\" noreferrer noopener\"><img decoding=\"async\" src=\"https:\/\/roadskymarking.com\/wp-content\/uploads\/2025\/07\/Retroreflectometer-for-Road-Markings-RLQD-Short-Type.jpg\" alt=\"Retroreflektometer f\u00fcr Stra\u00dfenmarkierungen RL&amp;QD (kurzer Typ)\"\/><\/a><figcaption class=\"wp-element-caption\"><a href=\"https:\/\/roadskymarking.com\/de\/retroreflectometer-for-road-markings-rlqd-short-type.html\/\" type=\"link\" id=\"https:\/\/roadskymarking.com\/retroreflectometer-for-road-markings-rlqd-short-type.html\" target=\"_blank\" rel=\"noreferrer noopener\">Retroreflektometer f\u00fcr Stra\u00dfenmarkierungen RL&amp;QD (kurzer Typ)<\/a><\/figcaption><\/figure><\/div><\/div>\n\n\n\n<div class=\"wp-block-column is-layout-flow wp-block-column-is-layout-flow\"><div class=\"wp-block-image\">\n<figure class=\"aligncenter size-large\"><a href=\"https:\/\/roadskymarking.com\/de\/rainy-night-retroreflectometer-for-road-markings.html\/\" target=\"_blank\" rel=\" noreferrer noopener\"><img decoding=\"async\" src=\"https:\/\/roadskymarking.com\/wp-content\/uploads\/2025\/07\/Rainy-Night-Retroreflectometer-for-Road-Markings-3.jpg\" alt=\"Retroreflektometer f\u00fcr Stra\u00dfenmarkierungen bei Regenwetter\"\/><\/a><figcaption class=\"wp-element-caption\"><a href=\"https:\/\/roadskymarking.com\/de\/rainy-night-retroreflectometer-for-road-markings.html\/\" type=\"link\" id=\"https:\/\/roadskymarking.com\/rainy-night-retroreflectometer-for-road-markings.html\" target=\"_blank\" rel=\"noreferrer noopener\">Retroreflektometer f\u00fcr Stra\u00dfenmarkierungen bei Regenwetter<\/a><\/figcaption><\/figure><\/div><\/div>\n<\/div>\n\n\n\n<h2 class=\"wp-block-heading\">Produkt Video Showcase<\/h2>\n\n\n\n<div class=\"wp-block-columns is-layout-flex wp-container-core-columns-is-layout-9d6595d7 wp-block-columns-is-layout-flex\">\n<div class=\"wp-block-column is-layout-flow wp-block-column-is-layout-flow\">\n<figure class=\"wp-block-embed is-type-video is-provider-youtube wp-block-embed-youtube wp-embed-aspect-16-9 wp-has-aspect-ratio\"><div class=\"wp-block-embed__wrapper\">\n<iframe loading=\"lazy\" title=\"Mehrwinkel-Retroreflexionskoeffiziententester - RoadSky\" width=\"500\" height=\"281\" src=\"https:\/\/www.youtube.com\/embed\/NVwEJtpaIjs?feature=oembed\" frameborder=\"0\" allow=\"accelerometer; autoplay; clipboard-write; encrypted-media; gyroscope; picture-in-picture; web-share\" referrerpolicy=\"strict-origin-when-cross-origin\" allowfullscreen><\/iframe>\n<\/div><\/figure>\n<\/div>\n\n\n\n<div class=\"wp-block-column is-layout-flow wp-block-column-is-layout-flow\">\n<figure class=\"wp-block-embed is-type-video is-provider-youtube wp-block-embed-youtube wp-embed-aspect-16-9 wp-has-aspect-ratio\"><div class=\"wp-block-embed__wrapper\">\n<iframe loading=\"lazy\" title=\"Retroreflektometer f\u00fcr Stra\u00dfenmarkierungen bei Regenwetter - RoadSky\" width=\"500\" height=\"281\" src=\"https:\/\/www.youtube.com\/embed\/LencTp05UXM?feature=oembed\" frameborder=\"0\" allow=\"accelerometer; autoplay; clipboard-write; encrypted-media; gyroscope; picture-in-picture; web-share\" referrerpolicy=\"strict-origin-when-cross-origin\" allowfullscreen><\/iframe>\n<\/div><\/figure>\n<\/div>\n<\/div>\n\n\n\n<h2 class=\"wp-block-heading\">Anwendungen<\/h2>\n\n\n\n<p>Unsere tragbaren Retroreflektometer eignen sich f\u00fcr eine Vielzahl von Anwendungen, unter anderem:<\/p>\n\n\n\n<ul class=\"wp-block-list\">\n<li>Messung der Retroreflexion von Stra\u00dfenmarkierungen<\/li>\n\n\n\n<li>Pr\u00fcfung der Sichtbarkeit von Verkehrszeichen<\/li>\n\n\n\n<li>Inspektionen von Autobahnen und st\u00e4dtischen Stra\u00dfen<\/li>\n\n\n\n<li>Stra\u00dfenverkehrssicherheitsaudits und Wartungspr\u00fcfungen<\/li>\n\n\n\n<li>Qualit\u00e4tskontrolle f\u00fcr reflektierende Materialien<\/li>\n<\/ul>\n\n\n\n<h2 class=\"wp-block-heading\">Kontaktieren Sie uns f\u00fcr ein kostenloses Angebot<\/h2>\n\n\n\n<p><em>F\u00fcllen Sie das nachstehende Formular aus, und unsere Vertriebsmitarbeiter werden sich in K\u00fcrze mit Ihnen in Verbindung setzen.<\/em><\/p>\n\n\n\n<div class=\"wp-block-contact-form-7-contact-form-selector\">\n<div class=\"wpcf7 no-js\" id=\"wpcf7-f1316-o1\" lang=\"en-US\" dir=\"ltr\" data-wpcf7-id=\"1316\">\n<div class=\"screen-reader-response\"><p role=\"status\" aria-live=\"polite\" aria-atomic=\"true\"><\/p> <ul><\/ul><\/div>\n<form action=\"\/de\/wp-json\/wp\/v2\/pages\/4418#wpcf7-f1316-o1\" method=\"post\" class=\"wpcf7-form init\" aria-label=\"Kontakt-Formular\" novalidate=\"novalidate\" data-status=\"init\" data-trp-original-action=\"\/de\/wp-json\/wp\/v2\/pages\/4418#wpcf7-f1316-o1\">\n<fieldset class=\"hidden-fields-container\"><input type=\"hidden\" name=\"_wpcf7\" value=\"1316\" \/><input type=\"hidden\" name=\"_wpcf7_version\" value=\"6.1.5\" \/><input type=\"hidden\" name=\"_wpcf7_locale\" value=\"en_US\" \/><input type=\"hidden\" name=\"_wpcf7_unit_tag\" value=\"wpcf7-f1316-o1\" \/><input type=\"hidden\" name=\"_wpcf7_container_post\" value=\"0\" \/><input type=\"hidden\" name=\"_wpcf7_posted_data_hash\" value=\"\" \/>\n<\/fieldset>\n<div class=\"wpcf7-turnstile cf-turnstile\" data-sitekey=\"0x4AAAAAACH9ueYy7fDdFIjX\" data-response-field-name=\"_wpcf7_turnstile_response\"><\/div>\n\n<p><label><em>*<\/em>Thema:<\/label><span class=\"wpcf7-form-control-wrap\" data-name=\"your-subject\"><input size=\"40\" maxlength=\"400\" class=\"wpcf7-form-control wpcf7-text wpcf7-validates-as-required\" id=\"your-subject\" aria-required=\"true\" aria-invalid=\"false\" value=\"Product Inquiry\" type=\"text\" name=\"your-subject\" \/><\/span>\n<\/p>\n<p><label><em>*<\/em>Name:<\/label><span class=\"wpcf7-form-control-wrap\" data-name=\"your-name\"><input size=\"40\" maxlength=\"400\" class=\"wpcf7-form-control wpcf7-text wpcf7-validates-as-required\" id=\"your-name\" aria-required=\"true\" aria-invalid=\"false\" placeholder=\"Bitte geben Sie den gebr\u00e4uchlichen Namen an\" value=\"\" type=\"text\" name=\"your-name\" \/><\/span>\n<\/p>\n<p><label><em>*<\/em>E-Mail:<\/label><span class=\"wpcf7-form-control-wrap\" data-name=\"your-email\"><input size=\"40\" maxlength=\"400\" class=\"wpcf7-form-control wpcf7-email wpcf7-validates-as-required wpcf7-text wpcf7-validates-as-email\" id=\"your-email\" aria-required=\"true\" aria-invalid=\"false\" placeholder=\"Bitte geben Sie die \u00fcblicherweise verwendete E-Mail an\" value=\"\" type=\"email\" name=\"your-email\" \/><\/span>\n<\/p>\n<p><label>Telefon:<\/label><span class=\"wpcf7-form-control-wrap\" data-name=\"your-phone\"><input size=\"40\" maxlength=\"400\" class=\"wpcf7-form-control wpcf7-text\" id=\"your-phone\" aria-invalid=\"false\" placeholder=\"Bitte geben Sie eine Kontakttelefonnummer oder ein Mobiltelefon an\" value=\"\" type=\"text\" name=\"your-phone\" \/><\/span>\n<\/p>\n<p><label>Land:<\/label><span class=\"wpcf7-form-control-wrap\" data-name=\"your-country\"><input size=\"40\" maxlength=\"400\" class=\"wpcf7-form-control wpcf7-text\" id=\"your-country\" aria-invalid=\"false\" placeholder=\"Bitte geben Sie Ihr Land an\" value=\"\" type=\"text\" name=\"your-country\" \/><\/span>\n<\/p>\n<p><label>Unternehmen:<\/label><span class=\"wpcf7-form-control-wrap\" data-name=\"your-company\"><input size=\"40\" maxlength=\"400\" class=\"wpcf7-form-control wpcf7-text\" id=\"your-company\" aria-invalid=\"false\" placeholder=\"Bitte geben Sie den Firmennamen ein\" value=\"\" type=\"text\" name=\"your-company\" \/><\/span>\n<\/p>\n<p><label><em>*<\/em>Inhalt:<\/label><span class=\"wpcf7-form-control-wrap\" data-name=\"your-message\"><textarea cols=\"40\" rows=\"10\" maxlength=\"2000\" class=\"wpcf7-form-control wpcf7-textarea wpcf7-validates-as-required\" aria-required=\"true\" aria-invalid=\"false\" placeholder=\"Bitte geben Sie die Details an, die Sie wissen m\u00f6chten, wie z.B. Produktname, Spezifikationen, Preis, MOQ, etc.\" name=\"your-message\"><\/textarea><\/span>\n<\/p>\n<p class=\"btn-submit\"><label> <\/label><input class=\"wpcf7-form-control wpcf7-submit has-spinner\" type=\"submit\" value=\"SUBMIT\" \/>\n<\/p><div class=\"wpcf7-response-output\" aria-hidden=\"true\"><\/div>\n<input type=\"hidden\" name=\"trp-form-language\" value=\"de\"\/><\/form>\n<\/div>\n<\/div>","protected":false},"excerpt":{"rendered":"<p>Our portable retroreflectometers are designed for fast, accurate, and reliable on-site measurement of retroreflectivity on road markings, traffic signs, and reflective materials. These handheld retroreflectometers are lightweight, easy to operate, and fully compliant with international road safety testing standards. Whether used by transportation departments, road maintenance contractors, traffic safety inspectors, or laboratories, portable retroreflectometers provide precise data to evaluate visibility performance and ensure regulatory compliance. Related Products Product Video Showcase Applications Our portable retroreflectometers are suitable for a wide range of applications, including: Contact Us for a Free Quote Fill The Form Below, and our sales representatives will be in touch with you shortly.<\/p>","protected":false},"author":1,"featured_media":0,"parent":0,"menu_order":0,"comment_status":"closed","ping_status":"closed","template":"","meta":{"footnotes":""},"class_list":["post-4418","page","type-page","status-publish","hentry"],"yoast_head":"<!-- This site is optimized with the Yoast SEO plugin v27.3 - https:\/\/yoast.com\/product\/yoast-seo-wordpress\/ -->\n<title>Portable Retroreflectometer &amp; Handheld Retroreflectometer<\/title>\n<meta name=\"description\" content=\"Explore our range of portable &amp; handheld retroreflectometers to find the right solution for your road safety testing needs.\" \/>\n<meta name=\"robots\" content=\"index, follow, max-snippet:-1, max-image-preview:large, max-video-preview:-1\" \/>\n<link rel=\"canonical\" href=\"https:\/\/roadskymarking.com\/de\/portable-retroreflectometer\/\" \/>\n<meta property=\"og:locale\" content=\"de_DE\" \/>\n<meta property=\"og:type\" content=\"article\" \/>\n<meta property=\"og:title\" content=\"Portable Retroreflectometer &amp; Handheld Retroreflectometer\" \/>\n<meta property=\"og:description\" content=\"Explore our range of portable &amp; handheld retroreflectometers to find the right solution for your road safety testing needs.\" \/>\n<meta property=\"og:url\" content=\"https:\/\/roadskymarking.com\/de\/portable-retroreflectometer\/\" \/>\n<meta property=\"og:site_name\" content=\"Nanjing Roadsky Traffic Facility Co.,Ltd. (Roadsky Corporation)\" \/>\n<meta property=\"article:modified_time\" content=\"2026-01-27T03:17:59+00:00\" \/>\n<meta property=\"og:image\" content=\"https:\/\/roadskymarking.com\/wp-content\/uploads\/2024\/06\/Road-Sign-Retro-Reflection-Meter.jpg\" \/>\n<meta name=\"twitter:card\" content=\"summary_large_image\" \/>\n<meta name=\"twitter:label1\" content=\"Gesch\u00e4tzte Lesezeit\" \/>\n\t<meta name=\"twitter:data1\" content=\"2\u00a0Minuten\" \/>\n<script type=\"application\/ld+json\" class=\"yoast-schema-graph\">{\"@context\":\"https:\\\/\\\/schema.org\",\"@graph\":[{\"@type\":\"WebPage\",\"@id\":\"https:\\\/\\\/roadskymarking.com\\\/portable-retroreflectometer\",\"url\":\"https:\\\/\\\/roadskymarking.com\\\/portable-retroreflectometer\",\"name\":\"Portable Retroreflectometer & Handheld Retroreflectometer\",\"isPartOf\":{\"@id\":\"https:\\\/\\\/roadskymarking.com\\\/#website\"},\"primaryImageOfPage\":{\"@id\":\"https:\\\/\\\/roadskymarking.com\\\/portable-retroreflectometer#primaryimage\"},\"image\":{\"@id\":\"https:\\\/\\\/roadskymarking.com\\\/portable-retroreflectometer#primaryimage\"},\"thumbnailUrl\":\"https:\\\/\\\/roadskymarking.com\\\/wp-content\\\/uploads\\\/2024\\\/06\\\/Road-Sign-Retro-Reflection-Meter.jpg\",\"datePublished\":\"2026-01-27T03:17:57+00:00\",\"dateModified\":\"2026-01-27T03:17:59+00:00\",\"description\":\"Explore our range of portable & handheld retroreflectometers to find the right solution for your road safety testing needs.\",\"breadcrumb\":{\"@id\":\"https:\\\/\\\/roadskymarking.com\\\/portable-retroreflectometer#breadcrumb\"},\"inLanguage\":\"de\",\"potentialAction\":[{\"@type\":\"ReadAction\",\"target\":[\"https:\\\/\\\/roadskymarking.com\\\/portable-retroreflectometer\"]}]},{\"@type\":\"ImageObject\",\"inLanguage\":\"de\",\"@id\":\"https:\\\/\\\/roadskymarking.com\\\/portable-retroreflectometer#primaryimage\",\"url\":\"https:\\\/\\\/roadskymarking.com\\\/wp-content\\\/uploads\\\/2024\\\/06\\\/Road-Sign-Retro-Reflection-Meter.jpg\",\"contentUrl\":\"https:\\\/\\\/roadskymarking.com\\\/wp-content\\\/uploads\\\/2024\\\/06\\\/Road-Sign-Retro-Reflection-Meter.jpg\"},{\"@type\":\"BreadcrumbList\",\"@id\":\"https:\\\/\\\/roadskymarking.com\\\/portable-retroreflectometer#breadcrumb\",\"itemListElement\":[{\"@type\":\"ListItem\",\"position\":1,\"name\":\"Home\",\"item\":\"https:\\\/\\\/roadskymarking.com\\\/\"},{\"@type\":\"ListItem\",\"position\":2,\"name\":\"Portable Retroreflectometer\"}]},{\"@type\":\"WebSite\",\"@id\":\"https:\\\/\\\/roadskymarking.com\\\/#website\",\"url\":\"https:\\\/\\\/roadskymarking.com\\\/\",\"name\":\"Nanjing Roadsky Traffic Facility Co.,Ltd. (Roadsky Corporation)\",\"description\":\"Pavement Marking Equipment Supplier - RoadSky\",\"publisher\":{\"@id\":\"https:\\\/\\\/roadskymarking.com\\\/#organization\"},\"potentialAction\":[{\"@type\":\"SearchAction\",\"target\":{\"@type\":\"EntryPoint\",\"urlTemplate\":\"https:\\\/\\\/roadskymarking.com\\\/?s={search_term_string}\"},\"query-input\":{\"@type\":\"PropertyValueSpecification\",\"valueRequired\":true,\"valueName\":\"search_term_string\"}}],\"inLanguage\":\"de\"},{\"@type\":\"Organization\",\"@id\":\"https:\\\/\\\/roadskymarking.com\\\/#organization\",\"name\":\"Nanjing Roadsky Traffic Facility Co.,Ltd. (Roadsky Corporation)\",\"url\":\"https:\\\/\\\/roadskymarking.com\\\/\",\"logo\":{\"@type\":\"ImageObject\",\"inLanguage\":\"de\",\"@id\":\"https:\\\/\\\/roadskymarking.com\\\/#\\\/schema\\\/logo\\\/image\\\/\",\"url\":\"https:\\\/\\\/roadskymarking.com\\\/wp-content\\\/uploads\\\/2023\\\/03\\\/LOGO.png\",\"contentUrl\":\"https:\\\/\\\/roadskymarking.com\\\/wp-content\\\/uploads\\\/2023\\\/03\\\/LOGO.png\",\"width\":500,\"height\":400,\"caption\":\"Nanjing Roadsky Traffic Facility Co.,Ltd. (Roadsky Corporation)\"},\"image\":{\"@id\":\"https:\\\/\\\/roadskymarking.com\\\/#\\\/schema\\\/logo\\\/image\\\/\"}}]}<\/script>\n<!-- \/ Yoast SEO plugin. -->","yoast_head_json":{"title":"Tragbare Retroreflektometer und tragbare Retroreflektometer","description":"Entdecken Sie unser Angebot an tragbaren und handgehaltenen Retroreflektometern, um die richtige L\u00f6sung f\u00fcr Ihren Bedarf an Verkehrssicherheitspr\u00fcfungen zu finden.","robots":{"index":"index","follow":"follow","max-snippet":"max-snippet:-1","max-image-preview":"max-image-preview:large","max-video-preview":"max-video-preview:-1"},"canonical":"https:\/\/roadskymarking.com\/de\/portable-retroreflectometer\/","og_locale":"de_DE","og_type":"article","og_title":"Portable Retroreflectometer & Handheld Retroreflectometer","og_description":"Explore our range of portable & handheld retroreflectometers to find the right solution for your road safety testing needs.","og_url":"https:\/\/roadskymarking.com\/de\/portable-retroreflectometer\/","og_site_name":"Nanjing Roadsky Traffic Facility Co.,Ltd. (Roadsky Corporation)","article_modified_time":"2026-01-27T03:17:59+00:00","og_image":[{"url":"https:\/\/roadskymarking.com\/wp-content\/uploads\/2024\/06\/Road-Sign-Retro-Reflection-Meter.jpg","type":"","width":"","height":""}],"twitter_card":"summary_large_image","twitter_misc":{"Gesch\u00e4tzte Lesezeit":"2\u00a0Minuten"},"schema":{"@context":"https:\/\/schema.org","@graph":[{"@type":"WebPage","@id":"https:\/\/roadskymarking.com\/portable-retroreflectometer","url":"https:\/\/roadskymarking.com\/portable-retroreflectometer","name":"Tragbare Retroreflektometer und tragbare Retroreflektometer","isPartOf":{"@id":"https:\/\/roadskymarking.com\/#website"},"primaryImageOfPage":{"@id":"https:\/\/roadskymarking.com\/portable-retroreflectometer#primaryimage"},"image":{"@id":"https:\/\/roadskymarking.com\/portable-retroreflectometer#primaryimage"},"thumbnailUrl":"https:\/\/roadskymarking.com\/wp-content\/uploads\/2024\/06\/Road-Sign-Retro-Reflection-Meter.jpg","datePublished":"2026-01-27T03:17:57+00:00","dateModified":"2026-01-27T03:17:59+00:00","description":"Entdecken Sie unser Angebot an tragbaren und handgehaltenen Retroreflektometern, um die richtige L\u00f6sung f\u00fcr Ihren Bedarf an Verkehrssicherheitspr\u00fcfungen zu finden.","breadcrumb":{"@id":"https:\/\/roadskymarking.com\/portable-retroreflectometer#breadcrumb"},"inLanguage":"de","potentialAction":[{"@type":"ReadAction","target":["https:\/\/roadskymarking.com\/portable-retroreflectometer"]}]},{"@type":"ImageObject","inLanguage":"de","@id":"https:\/\/roadskymarking.com\/portable-retroreflectometer#primaryimage","url":"https:\/\/roadskymarking.com\/wp-content\/uploads\/2024\/06\/Road-Sign-Retro-Reflection-Meter.jpg","contentUrl":"https:\/\/roadskymarking.com\/wp-content\/uploads\/2024\/06\/Road-Sign-Retro-Reflection-Meter.jpg"},{"@type":"BreadcrumbList","@id":"https:\/\/roadskymarking.com\/portable-retroreflectometer#breadcrumb","itemListElement":[{"@type":"ListItem","position":1,"name":"Home","item":"https:\/\/roadskymarking.com\/"},{"@type":"ListItem","position":2,"name":"Portable Retroreflectometer"}]},{"@type":"WebSite","@id":"https:\/\/roadskymarking.com\/#website","url":"https:\/\/roadskymarking.com\/","name":"Nanjing Roadsky Traffic Facility Co.,Ltd. (Roadsky Gesellschaft)","description":"Anbieter von Fahrbahnmarkierungsanlagen - RoadSky","publisher":{"@id":"https:\/\/roadskymarking.com\/#organization"},"potentialAction":[{"@type":"SearchAction","target":{"@type":"EntryPoint","urlTemplate":"https:\/\/roadskymarking.com\/?s={search_term_string}"},"query-input":{"@type":"PropertyValueSpecification","valueRequired":true,"valueName":"search_term_string"}}],"inLanguage":"de"},{"@type":"Organization","@id":"https:\/\/roadskymarking.com\/#organization","name":"Nanjing Roadsky Traffic Facility Co.,Ltd. (Roadsky Gesellschaft)","url":"https:\/\/roadskymarking.com\/","logo":{"@type":"ImageObject","inLanguage":"de","@id":"https:\/\/roadskymarking.com\/#\/schema\/logo\/image\/","url":"https:\/\/roadskymarking.com\/wp-content\/uploads\/2023\/03\/LOGO.png","contentUrl":"https:\/\/roadskymarking.com\/wp-content\/uploads\/2023\/03\/LOGO.png","width":500,"height":400,"caption":"Nanjing Roadsky Traffic Facility Co.,Ltd. (Roadsky Corporation)"},"image":{"@id":"https:\/\/roadskymarking.com\/#\/schema\/logo\/image\/"}}]}},"_links":{"self":[{"href":"https:\/\/roadskymarking.com\/de\/wp-json\/wp\/v2\/pages\/4418","targetHints":{"allow":["GET"]}}],"collection":[{"href":"https:\/\/roadskymarking.com\/de\/wp-json\/wp\/v2\/pages"}],"about":[{"href":"https:\/\/roadskymarking.com\/de\/wp-json\/wp\/v2\/types\/page"}],"author":[{"embeddable":true,"href":"https:\/\/roadskymarking.com\/de\/wp-json\/wp\/v2\/users\/1"}],"replies":[{"embeddable":true,"href":"https:\/\/roadskymarking.com\/de\/wp-json\/wp\/v2\/comments?post=4418"}],"version-history":[{"count":15,"href":"https:\/\/roadskymarking.com\/de\/wp-json\/wp\/v2\/pages\/4418\/revisions"}],"predecessor-version":[{"id":4433,"href":"https:\/\/roadskymarking.com\/de\/wp-json\/wp\/v2\/pages\/4418\/revisions\/4433"}],"wp:attachment":[{"href":"https:\/\/roadskymarking.com\/de\/wp-json\/wp\/v2\/media?parent=4418"}],"curies":[{"name":"wp","href":"https:\/\/api.w.org\/{rel}","templated":true}]}}