{"id":11,"date":"2017-04-06T04:30:54","date_gmt":"2017-04-06T04:30:54","guid":{"rendered":"https:\/\/roadskymarking.com\/?page_id=11"},"modified":"2024-07-31T01:36:46","modified_gmt":"2024-07-31T01:36:46","slug":"about","status":"publish","type":"page","link":"https:\/\/roadskymarking.com\/es\/about","title":{"rendered":"Qui\u00e9nes somos"},"content":{"rendered":"<p><strong>Nanjing Roadsky Traffic Facility Co.,Ltd. (Corporaci\u00f3n Roadsky)<\/strong> es un proveedor l\u00edder de soluciones de se\u00f1alizaci\u00f3n vial en <span style=\"color: #ff0000;\"><strong>China<\/strong><\/span>que puede fabricar una gama completa de productos de se\u00f1alizaci\u00f3n vial y proporcionar asistencia t\u00e9cnica completa para proyectos de se\u00f1alizaci\u00f3n vial.<\/p>\n\n\n\n<p>Como fabricante l\u00edder de productos de se\u00f1alizaci\u00f3n vial en China, Roadsky est\u00e1 especializada en la investigaci\u00f3n, producci\u00f3n y venta de equipos y materiales de se\u00f1alizaci\u00f3n vial. Roadsky ha exportado equipos y materiales de se\u00f1alizaci\u00f3n vial a m\u00e1s de 100 pa\u00edses de \u00c1frica, Norteam\u00e9rica, Centroam\u00e9rica y Sudam\u00e9rica, Oriente Medio, Sudeste Asi\u00e1tico, Asia Central, Europa y Ocean\u00eda, etc.<\/p>\n\n\n\n<h2 class=\"wp-block-heading\" id=\"h-the-main-products-are\">Los principales productos son:<\/h2>\n\n\n\n<p>1. Equipo de se\u00f1alizaci\u00f3n vial: <a href=\"https:\/\/roadskymarking.com\/es\/thermoplastic-road-marking-machines\/\" target=\"_blank\" rel=\"noreferrer noopener\">m\u00e1quinas termopl\u00e1sticas de se\u00f1alizaci\u00f3n vial<\/a>, <a href=\"https:\/\/roadskymarking.com\/es\/cold-paint-road-marking-machines\/\" target=\"_blank\" rel=\"noreferrer noopener\">m\u00e1quinas de se\u00f1alizaci\u00f3n vial con pintura en fr\u00edo<\/a>, <a href=\"https:\/\/roadskymarking.com\/es\/two-component-road-marking-machine.html\/\">m\u00e1quinas de se\u00f1alizaci\u00f3n vial de dos componentes<\/a>, <a href=\"https:\/\/roadskymarking.com\/es\/road-marking-preheater\/\">precalentador de pintura termopl\u00e1stica<\/a>, <a href=\"https:\/\/roadskymarking.com\/es\/road-marking-line-remover.html\/\">eliminador de marcas viales<\/a> y equipos auxiliares.<\/p>\n\n\n\n<p>2. Materiales de se\u00f1alizaci\u00f3n vial: blanco y amarillo <a href=\"https:\/\/roadskymarking.com\/es\/thermoplastic-road-marking-paint.html\/\">pintura termopl\u00e1stica para se\u00f1alizaci\u00f3n vial<\/a>, <a href=\"https:\/\/roadskymarking.com\/es\/cold-plastic-marking-paint.html\/\">pintura solvente en fr\u00edo para se\u00f1alizaci\u00f3n vial<\/a>, <a href=\"https:\/\/roadskymarking.com\/es\/two-component-road-marking-paint.html\/\">pintura bicomponente para se\u00f1alizaci\u00f3n vial<\/a>mezclar y soltar en <a href=\"https:\/\/roadskymarking.com\/es\/glass-beads.html\/\">cuentas de cristal<\/a>, <a href=\"https:\/\/roadskymarking.com\/es\/petroleum-resin.html\/\">resina de petr\u00f3leo<\/a> y <a href=\"https:\/\/roadskymarking.com\/es\/road-marking-tapes.html\/\">cintas de se\u00f1alizaci\u00f3n vial<\/a> etc.<\/p>\n\n\n\n<p>3. Accesorios: Piezas de desgaste de las m\u00e1quinas, como el dispensador de perlas de vidrio, las zapatas de las matrices de marcado, las cuchillas laterales, las cuchillas traseras, las pistolas pulverizadoras y los cepillos de acero, etc.<\/p>\n\n\n<div class=\"wp-block-image\">\n<figure class=\"aligncenter size-full\"><img loading=\"lazy\" decoding=\"async\" width=\"600\" height=\"425\" src=\"https:\/\/roadskymarking.com\/wp-content\/uploads\/2024\/04\/RoadSky.jpg\" alt=\"RoadSky\" class=\"wp-image-3557\" srcset=\"https:\/\/roadskymarking.com\/wp-content\/uploads\/2024\/04\/RoadSky.jpg 600w, https:\/\/roadskymarking.com\/wp-content\/uploads\/2024\/04\/RoadSky-400x283.jpg 400w\" sizes=\"auto, (max-width: 600px) 100vw, 600px\" \/><\/figure><\/div>\n\n\n<p>Roadsky puede proporcionar asistencia t\u00e9cnica para proyectos de se\u00f1alizaci\u00f3n vial, incluido el funcionamiento y mantenimiento de equipos, instrucciones para proyectos de se\u00f1alizaci\u00f3n vial y formaci\u00f3n de trabajadores, etc. Roadsky puede enviar trabajadores experimentados para ayudar en las obras de todo el proyecto de se\u00f1alizaci\u00f3n vial.<\/p>\n\n\n\n<figure class=\"wp-block-gallery aligncenter has-nested-images columns-default wp-block-gallery-1 is-layout-flex wp-block-gallery-is-layout-flex\">\n<figure class=\"wp-block-image size-full\"><img loading=\"lazy\" decoding=\"async\" width=\"300\" height=\"200\" data-id=\"3559\" src=\"https:\/\/roadskymarking.com\/wp-content\/uploads\/2024\/04\/About-US.jpg\" alt=\"Qui\u00e9nes somos\" class=\"wp-image-3559\"\/><\/figure>\n\n\n\n<figure class=\"wp-block-image size-full\"><img loading=\"lazy\" decoding=\"async\" width=\"300\" height=\"199\" data-id=\"3560\" src=\"https:\/\/roadskymarking.com\/wp-content\/uploads\/2024\/04\/About-US2.jpg\" alt=\"Qui\u00e9nes somos\" class=\"wp-image-3560\"\/><\/figure>\n<\/figure>\n\n\n\n<p>Como proveedor de soluciones de se\u00f1alizaci\u00f3n vial, Roadsky es capaz de proporcionar no s\u00f3lo todas las materias primas y equipos para la producci\u00f3n de pintura termopl\u00e1stica, sino tambi\u00e9n el programa de formaci\u00f3n de la l\u00ednea de producci\u00f3n de pintura termopl\u00e1stica para los clientes. Adem\u00e1s, tambi\u00e9n nos dedicamos a la transferencia de tecnolog\u00eda, en la que nuestra empresa hace especial hincapi\u00e9.<\/p>\n\n\n\n<h2 class=\"wp-block-heading\" id=\"h-let-s-boost-your-business-today\">Impulsemos su negocio hoy mismo<\/h2>\n\n\n\n<div class=\"wp-block-contact-form-7-contact-form-selector\">\n<div class=\"wpcf7 no-js\" id=\"wpcf7-f1316-o1\" lang=\"en-US\" dir=\"ltr\" data-wpcf7-id=\"1316\">\n<div class=\"screen-reader-response\"><p role=\"status\" aria-live=\"polite\" aria-atomic=\"true\"><\/p> <ul><\/ul><\/div>\n<form action=\"\/es\/wp-json\/wp\/v2\/pages\/11#wpcf7-f1316-o1\" method=\"post\" class=\"wpcf7-form init\" aria-label=\"Formulario de contacto\" novalidate=\"novalidate\" data-status=\"init\" data-trp-original-action=\"\/es\/wp-json\/wp\/v2\/pages\/11#wpcf7-f1316-o1\">\n<fieldset class=\"hidden-fields-container\"><input type=\"hidden\" name=\"_wpcf7\" value=\"1316\" \/><input type=\"hidden\" name=\"_wpcf7_version\" value=\"6.1.5\" \/><input type=\"hidden\" name=\"_wpcf7_locale\" value=\"en_US\" \/><input type=\"hidden\" name=\"_wpcf7_unit_tag\" value=\"wpcf7-f1316-o1\" \/><input type=\"hidden\" name=\"_wpcf7_container_post\" value=\"0\" \/><input type=\"hidden\" name=\"_wpcf7_posted_data_hash\" value=\"\" \/>\n<\/fieldset>\n<div class=\"wpcf7-turnstile cf-turnstile\" data-sitekey=\"0x4AAAAAACH9ueYy7fDdFIjX\" data-response-field-name=\"_wpcf7_turnstile_response\"><\/div>\n\n<p><label><em>*<\/em>Asunto:<\/label><span class=\"wpcf7-form-control-wrap\" data-name=\"your-subject\"><input size=\"40\" maxlength=\"400\" class=\"wpcf7-form-control wpcf7-text wpcf7-validates-as-required\" id=\"your-subject\" aria-required=\"true\" aria-invalid=\"false\" value=\"Product Inquiry\" type=\"text\" name=\"your-subject\" \/><\/span>\n<\/p>\n<p><label><em>*<\/em>Nombre:<\/label><span class=\"wpcf7-form-control-wrap\" data-name=\"your-name\"><input size=\"40\" maxlength=\"400\" class=\"wpcf7-form-control wpcf7-text wpcf7-validates-as-required\" id=\"your-name\" aria-required=\"true\" aria-invalid=\"false\" placeholder=\"Por favor, rellene el nombre com\u00fanmente utilizado\" value=\"\" type=\"text\" name=\"your-name\" \/><\/span>\n<\/p>\n<p><label><em>*<\/em>Correo electr\u00f3nico:<\/label><span class=\"wpcf7-form-control-wrap\" data-name=\"your-email\"><input size=\"40\" maxlength=\"400\" class=\"wpcf7-form-control wpcf7-email wpcf7-validates-as-required wpcf7-text wpcf7-validates-as-email\" id=\"your-email\" aria-required=\"true\" aria-invalid=\"false\" placeholder=\"Rellene el correo electr\u00f3nico de uso com\u00fan\" value=\"\" type=\"email\" name=\"your-email\" \/><\/span>\n<\/p>\n<p><label>Tel\u00e9fono:<\/label><span class=\"wpcf7-form-control-wrap\" data-name=\"your-phone\"><input size=\"40\" maxlength=\"400\" class=\"wpcf7-form-control wpcf7-text\" id=\"your-phone\" aria-invalid=\"false\" placeholder=\"Rellene el n\u00famero de tel\u00e9fono de contacto o el tel\u00e9fono m\u00f3vil\" value=\"\" type=\"text\" name=\"your-phone\" \/><\/span>\n<\/p>\n<p><label>Pa\u00eds:<\/label><span class=\"wpcf7-form-control-wrap\" data-name=\"your-country\"><input size=\"40\" maxlength=\"400\" class=\"wpcf7-form-control wpcf7-text\" id=\"your-country\" aria-invalid=\"false\" placeholder=\"Indique su pa\u00eds\" value=\"\" type=\"text\" name=\"your-country\" \/><\/span>\n<\/p>\n<p><label>Empresa:<\/label><span class=\"wpcf7-form-control-wrap\" data-name=\"your-company\"><input size=\"40\" maxlength=\"400\" class=\"wpcf7-form-control wpcf7-text\" id=\"your-company\" aria-invalid=\"false\" placeholder=\"Rellene el nombre de la empresa\" value=\"\" type=\"text\" name=\"your-company\" \/><\/span>\n<\/p>\n<p><label><em>*<\/em>Contenido:<\/label><span class=\"wpcf7-form-control-wrap\" data-name=\"your-message\"><textarea cols=\"40\" rows=\"10\" maxlength=\"2000\" class=\"wpcf7-form-control wpcf7-textarea wpcf7-validates-as-required\" aria-required=\"true\" aria-invalid=\"false\" placeholder=\"Rellene los datos que desee conocer, como nombre del producto, especificaciones, precio, MOQ, etc.\" name=\"your-message\"><\/textarea><\/span>\n<\/p>\n<p class=\"btn-submit\"><label> <\/label><input class=\"wpcf7-form-control wpcf7-submit has-spinner\" type=\"submit\" value=\"ENVIAR\" \/>\n<\/p><div class=\"wpcf7-response-output\" aria-hidden=\"true\"><\/div>\n<input type=\"hidden\" name=\"trp-form-language\" value=\"es\"\/><\/form>\n<\/div>\n<\/div>","protected":false},"excerpt":{"rendered":"<p>Nanjing Roadsky Traffic Facility Co.,Ltd. (Roadsky Corporation) es un proveedor l\u00edder de soluciones de se\u00f1alizaci\u00f3n vial en China. Ltd. (Roadsky Corporation) es un proveedor l\u00edder de soluciones de se\u00f1alizaci\u00f3n vial en China, que puede fabricar una gama completa de productos de se\u00f1alizaci\u00f3n vial y proporcionar asistencia t\u00e9cnica completa para proyectos de se\u00f1alizaci\u00f3n vial. Como fabricante l\u00edder de productos de se\u00f1alizaci\u00f3n vial en China, Roadsky est\u00e1 especializada en la investigaci\u00f3n, producci\u00f3n y venta de equipos y materiales de se\u00f1alizaci\u00f3n vial. Roadsky ha exportado equipos y materiales de se\u00f1alizaci\u00f3n vial a m\u00e1s de 100 pa\u00edses de \u00c1frica, Am\u00e9rica del Norte, Am\u00e9rica Central y del Sur, Oriente Medio, Sudeste Asi\u00e1tico, Asia Central, Europa y Ocean\u00eda, etc. Los principales productos son: 1. Equipos de se\u00f1alizaci\u00f3n vial: m\u00e1quinas de se\u00f1alizaci\u00f3n vial termopl\u00e1sticas, m\u00e1quinas de se\u00f1alizaci\u00f3n vial de pintura en fr\u00edo, m\u00e1quinas de se\u00f1alizaci\u00f3n vial de dos componentes, precalentador de pintura termopl\u00e1stica, removedor de marcas viales y equipos auxiliares. 2. Materiales de se\u00f1alizaci\u00f3n vial: pintura termopl\u00e1stica blanca y amarilla para se\u00f1alizaci\u00f3n vial, pintura solvente en fr\u00edo para se\u00f1alizaci\u00f3n vial, pintura bicomponente para se\u00f1alizaci\u00f3n vial, microesferas de vidrio intermezcladas y goteadas, resina de petr\u00f3leo y cintas de se\u00f1alizaci\u00f3n vial, etc. 3. Accesorios: Piezas de desgaste de las m\u00e1quinas ...<\/p>","protected":false},"author":1,"featured_media":0,"parent":0,"menu_order":0,"comment_status":"closed","ping_status":"closed","template":"","meta":{"footnotes":""},"class_list":["post-11","page","type-page","status-publish","hentry"],"yoast_head":"<!-- This site is optimized with the Yoast SEO plugin v27.3 - https:\/\/yoast.com\/product\/yoast-seo-wordpress\/ -->\n<title>About US - RoadskyMarking<\/title>\n<meta name=\"description\" content=\"A professional manufacturer engaged in producing road construction machinery and traffic safety products and also a road safety project contractor.\" \/>\n<meta name=\"robots\" content=\"index, follow, max-snippet:-1, max-image-preview:large, max-video-preview:-1\" \/>\n<link rel=\"canonical\" href=\"https:\/\/roadskymarking.com\/es\/about\/\" \/>\n<meta property=\"og:locale\" content=\"es_ES\" \/>\n<meta property=\"og:type\" content=\"article\" \/>\n<meta property=\"og:title\" content=\"About US - RoadskyMarking\" \/>\n<meta property=\"og:description\" content=\"A professional manufacturer engaged in producing road construction machinery and traffic safety products and also a road safety project contractor.\" \/>\n<meta property=\"og:url\" content=\"https:\/\/roadskymarking.com\/es\/about\/\" \/>\n<meta property=\"og:site_name\" content=\"Nanjing Roadsky Traffic Facility Co.,Ltd. (Roadsky Corporation)\" \/>\n<meta property=\"article:modified_time\" content=\"2024-07-31T01:36:46+00:00\" \/>\n<meta property=\"og:image\" content=\"https:\/\/roadskymarking.com\/wp-content\/uploads\/2024\/04\/RoadSky.jpg\" \/>\n<meta name=\"twitter:card\" content=\"summary_large_image\" \/>\n<meta name=\"twitter:label1\" content=\"Tiempo de lectura\" \/>\n\t<meta name=\"twitter:data1\" content=\"2 minutos\" \/>\n<script type=\"application\/ld+json\" class=\"yoast-schema-graph\">{\"@context\":\"https:\\\/\\\/schema.org\",\"@graph\":[{\"@type\":\"WebPage\",\"@id\":\"https:\\\/\\\/roadskymarking.com\\\/about\",\"url\":\"https:\\\/\\\/roadskymarking.com\\\/about\",\"name\":\"About US - RoadskyMarking\",\"isPartOf\":{\"@id\":\"https:\\\/\\\/roadskymarking.com\\\/#website\"},\"primaryImageOfPage\":{\"@id\":\"https:\\\/\\\/roadskymarking.com\\\/about#primaryimage\"},\"image\":{\"@id\":\"https:\\\/\\\/roadskymarking.com\\\/about#primaryimage\"},\"thumbnailUrl\":\"https:\\\/\\\/roadskymarking.com\\\/wp-content\\\/uploads\\\/2024\\\/04\\\/RoadSky.jpg\",\"datePublished\":\"2017-04-06T04:30:54+00:00\",\"dateModified\":\"2024-07-31T01:36:46+00:00\",\"description\":\"A professional manufacturer engaged in producing road construction machinery and traffic safety products and also a road safety project contractor.\",\"breadcrumb\":{\"@id\":\"https:\\\/\\\/roadskymarking.com\\\/about#breadcrumb\"},\"inLanguage\":\"es\",\"potentialAction\":[{\"@type\":\"ReadAction\",\"target\":[\"https:\\\/\\\/roadskymarking.com\\\/about\"]}]},{\"@type\":\"ImageObject\",\"inLanguage\":\"es\",\"@id\":\"https:\\\/\\\/roadskymarking.com\\\/about#primaryimage\",\"url\":\"https:\\\/\\\/roadskymarking.com\\\/wp-content\\\/uploads\\\/2024\\\/04\\\/RoadSky.jpg\",\"contentUrl\":\"https:\\\/\\\/roadskymarking.com\\\/wp-content\\\/uploads\\\/2024\\\/04\\\/RoadSky.jpg\"},{\"@type\":\"BreadcrumbList\",\"@id\":\"https:\\\/\\\/roadskymarking.com\\\/about#breadcrumb\",\"itemListElement\":[{\"@type\":\"ListItem\",\"position\":1,\"name\":\"Home\",\"item\":\"https:\\\/\\\/roadskymarking.com\\\/\"},{\"@type\":\"ListItem\",\"position\":2,\"name\":\"About US\"}]},{\"@type\":\"WebSite\",\"@id\":\"https:\\\/\\\/roadskymarking.com\\\/#website\",\"url\":\"https:\\\/\\\/roadskymarking.com\\\/\",\"name\":\"Nanjing Roadsky Traffic Facility Co.,Ltd. (Roadsky Corporation)\",\"description\":\"Pavement Marking Equipment Supplier - RoadSky\",\"publisher\":{\"@id\":\"https:\\\/\\\/roadskymarking.com\\\/#organization\"},\"potentialAction\":[{\"@type\":\"SearchAction\",\"target\":{\"@type\":\"EntryPoint\",\"urlTemplate\":\"https:\\\/\\\/roadskymarking.com\\\/?s={search_term_string}\"},\"query-input\":{\"@type\":\"PropertyValueSpecification\",\"valueRequired\":true,\"valueName\":\"search_term_string\"}}],\"inLanguage\":\"es\"},{\"@type\":\"Organization\",\"@id\":\"https:\\\/\\\/roadskymarking.com\\\/#organization\",\"name\":\"Nanjing Roadsky Traffic Facility Co.,Ltd. (Roadsky Corporation)\",\"url\":\"https:\\\/\\\/roadskymarking.com\\\/\",\"logo\":{\"@type\":\"ImageObject\",\"inLanguage\":\"es\",\"@id\":\"https:\\\/\\\/roadskymarking.com\\\/#\\\/schema\\\/logo\\\/image\\\/\",\"url\":\"https:\\\/\\\/roadskymarking.com\\\/wp-content\\\/uploads\\\/2023\\\/03\\\/LOGO.png\",\"contentUrl\":\"https:\\\/\\\/roadskymarking.com\\\/wp-content\\\/uploads\\\/2023\\\/03\\\/LOGO.png\",\"width\":500,\"height\":400,\"caption\":\"Nanjing Roadsky Traffic Facility Co.,Ltd. (Roadsky Corporation)\"},\"image\":{\"@id\":\"https:\\\/\\\/roadskymarking.com\\\/#\\\/schema\\\/logo\\\/image\\\/\"}}]}<\/script>\n<!-- \/ Yoast SEO plugin. -->","yoast_head_json":{"title":"Acerca de nosotros - RoadskyMarking","description":"Fabricante profesional dedicado a la producci\u00f3n de maquinaria de construcci\u00f3n de carreteras y productos de seguridad vial, as\u00ed como contratista de proyectos de seguridad vial.","robots":{"index":"index","follow":"follow","max-snippet":"max-snippet:-1","max-image-preview":"max-image-preview:large","max-video-preview":"max-video-preview:-1"},"canonical":"https:\/\/roadskymarking.com\/es\/about\/","og_locale":"es_ES","og_type":"article","og_title":"About US - RoadskyMarking","og_description":"A professional manufacturer engaged in producing road construction machinery and traffic safety products and also a road safety project contractor.","og_url":"https:\/\/roadskymarking.com\/es\/about\/","og_site_name":"Nanjing Roadsky Traffic Facility Co.,Ltd. (Roadsky Corporation)","article_modified_time":"2024-07-31T01:36:46+00:00","og_image":[{"url":"https:\/\/roadskymarking.com\/wp-content\/uploads\/2024\/04\/RoadSky.jpg","type":"","width":"","height":""}],"twitter_card":"summary_large_image","twitter_misc":{"Tiempo de lectura":"2 minutos"},"schema":{"@context":"https:\/\/schema.org","@graph":[{"@type":"WebPage","@id":"https:\/\/roadskymarking.com\/about","url":"https:\/\/roadskymarking.com\/about","name":"Acerca de nosotros - RoadskyMarking","isPartOf":{"@id":"https:\/\/roadskymarking.com\/#website"},"primaryImageOfPage":{"@id":"https:\/\/roadskymarking.com\/about#primaryimage"},"image":{"@id":"https:\/\/roadskymarking.com\/about#primaryimage"},"thumbnailUrl":"https:\/\/roadskymarking.com\/wp-content\/uploads\/2024\/04\/RoadSky.jpg","datePublished":"2017-04-06T04:30:54+00:00","dateModified":"2024-07-31T01:36:46+00:00","description":"Fabricante profesional dedicado a la producci\u00f3n de maquinaria de construcci\u00f3n de carreteras y productos de seguridad vial, as\u00ed como contratista de proyectos de seguridad vial.","breadcrumb":{"@id":"https:\/\/roadskymarking.com\/about#breadcrumb"},"inLanguage":"es","potentialAction":[{"@type":"ReadAction","target":["https:\/\/roadskymarking.com\/about"]}]},{"@type":"ImageObject","inLanguage":"es","@id":"https:\/\/roadskymarking.com\/about#primaryimage","url":"https:\/\/roadskymarking.com\/wp-content\/uploads\/2024\/04\/RoadSky.jpg","contentUrl":"https:\/\/roadskymarking.com\/wp-content\/uploads\/2024\/04\/RoadSky.jpg"},{"@type":"BreadcrumbList","@id":"https:\/\/roadskymarking.com\/about#breadcrumb","itemListElement":[{"@type":"ListItem","position":1,"name":"Home","item":"https:\/\/roadskymarking.com\/"},{"@type":"ListItem","position":2,"name":"About US"}]},{"@type":"WebSite","@id":"https:\/\/roadskymarking.com\/#website","url":"https:\/\/roadskymarking.com\/","name":"Nanjing Roadsky Traffic Facility Co.,Ltd. (Corporaci\u00f3n Roadsky)","description":"Proveedor de equipos de se\u00f1alizaci\u00f3n vial - RoadSky","publisher":{"@id":"https:\/\/roadskymarking.com\/#organization"},"potentialAction":[{"@type":"SearchAction","target":{"@type":"EntryPoint","urlTemplate":"https:\/\/roadskymarking.com\/?s={search_term_string}"},"query-input":{"@type":"PropertyValueSpecification","valueRequired":true,"valueName":"search_term_string"}}],"inLanguage":"es"},{"@type":"Organization","@id":"https:\/\/roadskymarking.com\/#organization","name":"Nanjing Roadsky Traffic Facility Co.,Ltd. (Corporaci\u00f3n Roadsky)","url":"https:\/\/roadskymarking.com\/","logo":{"@type":"ImageObject","inLanguage":"es","@id":"https:\/\/roadskymarking.com\/#\/schema\/logo\/image\/","url":"https:\/\/roadskymarking.com\/wp-content\/uploads\/2023\/03\/LOGO.png","contentUrl":"https:\/\/roadskymarking.com\/wp-content\/uploads\/2023\/03\/LOGO.png","width":500,"height":400,"caption":"Nanjing Roadsky Traffic Facility Co.,Ltd. (Roadsky Corporation)"},"image":{"@id":"https:\/\/roadskymarking.com\/#\/schema\/logo\/image\/"}}]}},"_links":{"self":[{"href":"https:\/\/roadskymarking.com\/es\/wp-json\/wp\/v2\/pages\/11","targetHints":{"allow":["GET"]}}],"collection":[{"href":"https:\/\/roadskymarking.com\/es\/wp-json\/wp\/v2\/pages"}],"about":[{"href":"https:\/\/roadskymarking.com\/es\/wp-json\/wp\/v2\/types\/page"}],"author":[{"embeddable":true,"href":"https:\/\/roadskymarking.com\/es\/wp-json\/wp\/v2\/users\/1"}],"replies":[{"embeddable":true,"href":"https:\/\/roadskymarking.com\/es\/wp-json\/wp\/v2\/comments?post=11"}],"version-history":[{"count":9,"href":"https:\/\/roadskymarking.com\/es\/wp-json\/wp\/v2\/pages\/11\/revisions"}],"predecessor-version":[{"id":3691,"href":"https:\/\/roadskymarking.com\/es\/wp-json\/wp\/v2\/pages\/11\/revisions\/3691"}],"wp:attachment":[{"href":"https:\/\/roadskymarking.com\/es\/wp-json\/wp\/v2\/media?parent=11"}],"curies":[{"name":"wp","href":"https:\/\/api.w.org\/{rel}","templated":true}]}}