{"id":3900,"date":"2024-11-19T02:28:42","date_gmt":"2024-11-19T02:28:42","guid":{"rendered":"https:\/\/roadskymarking.com\/?page_id=3900"},"modified":"2024-11-19T02:44:30","modified_gmt":"2024-11-19T02:44:30","slug":"hot-melt-road-marking-paint","status":"publish","type":"page","link":"https:\/\/roadskymarking.com\/es\/hot-melt-road-marking-paint","title":{"rendered":"Pintura termofusible para se\u00f1alizaci\u00f3n vial"},"content":{"rendered":"<div class=\"wp-block-columns is-layout-flex wp-container-core-columns-is-layout-9d6595d7 wp-block-columns-is-layout-flex\">\n<div class=\"wp-block-column is-layout-flow wp-block-column-is-layout-flow\">\n<figure class=\"wp-block-image size-full\"><img loading=\"lazy\" decoding=\"async\" width=\"600\" height=\"400\" src=\"https:\/\/roadskymarking.com\/wp-content\/uploads\/2024\/11\/Hot-Melt-Road-Marking-Paint.jpg\" alt=\"Pintura termofusible para se\u00f1alizaci\u00f3n vial\" class=\"wp-image-3907\" srcset=\"https:\/\/roadskymarking.com\/wp-content\/uploads\/2024\/11\/Hot-Melt-Road-Marking-Paint.jpg 600w, https:\/\/roadskymarking.com\/wp-content\/uploads\/2024\/11\/Hot-Melt-Road-Marking-Paint-400x267.jpg 400w\" sizes=\"auto, (max-width: 600px) 100vw, 600px\" \/><\/figure>\n<\/div>\n\n\n\n<div class=\"wp-block-column is-layout-flow wp-block-column-is-layout-flow\">\n<h2 class=\"wp-block-heading\">Caracter\u00edsticas:<\/h2>\n\n\n\n<ul class=\"wp-block-list\">\n<li>Alta visibilidad<\/li>\n\n\n\n<li>Rentable<\/li>\n\n\n\n<li>Tiempo de secado r\u00e1pido<\/li>\n\n\n\n<li>Versatilidad<\/li>\n\n\n\n<li>Larga vida \u00fatil<\/li>\n<\/ul>\n\n\n\n<div class=\"wp-block-buttons is-layout-flex wp-block-buttons-is-layout-flex\">\n<div class=\"wp-block-button\"><a class=\"wp-block-button__link wp-element-button\" href=\"https:\/\/roadskymarking.com\/es\/inquiry\/\" target=\"_blank\" rel=\"noreferrer noopener\"><mark style=\"background-color:rgba(0, 0, 0, 0)\" class=\"has-inline-color has-white-color\">Solicitar presupuesto<\/mark><\/a><\/div>\n<\/div>\n<\/div>\n<\/div>\n\n\n\n<div style=\"height:30px\" aria-hidden=\"true\" class=\"wp-block-spacer\"><\/div>\n\n\n\n<hr class=\"wp-block-separator has-alpha-channel-opacity\"\/>\n\n\n\n<p>La pintura termofusible para se\u00f1alizaci\u00f3n vial es un material termopl\u00e1stico que, al calentarse, se vuelve fluido y puede aplicarse a superficies. Una vez enfriada, forma un revestimiento duradero y de alta visibilidad. La pintura suele estar compuesta de resina, pigmentos, cargas y microesferas de vidrio, que contribuyen a sus propiedades reflectantes y a su larga duraci\u00f3n.<\/p>\n\n\n\n<h2 class=\"wp-block-heading\">Especificaciones:<\/h2>\n\n\n\n<figure class=\"wp-block-table\"><table class=\"has-fixed-layout\"><tbody><tr><td>Gravedad (g\/m\u00b3)<\/td><td class=\"has-text-align-center\" data-align=\"center\">2,1 g\/m\u00b3<\/td><\/tr><tr><td>Colar<\/td><td class=\"has-text-align-center\" data-align=\"center\">Amarillo, naranja, rojo, etc.<\/td><\/tr><tr><td>Temperatura de calentamiento<\/td><td class=\"has-text-align-center\" data-align=\"center\">150\u2103-220\u2103<\/td><\/tr><tr><td>Punto de ablandamiento(\u2103)<\/td><td class=\"has-text-align-center\" data-align=\"center\">110\u2103<\/td><\/tr><tr><td>Aspecto del revestimiento<\/td><td class=\"has-text-align-center\" data-align=\"center\">Sin arrugas, puntos, ampollas, grietas, ca\u00eddas ni neum\u00e1ticos pegajosos<\/td><\/tr><tr><\/tr><tr><td>Tiempo de secado (min)<\/td><td class=\"has-text-align-center\" data-align=\"center\">En 3 minutos<\/td><\/tr><tr><td>Rendimiento crom\u00e1tico<\/td><td class=\"has-text-align-center\" data-align=\"center\">Material del reverso (blanco)<\/td><\/tr><tr><td>Resistencia a la compresi\u00f3n (MPa)<\/td><td class=\"has-text-align-center\" data-align=\"center\">26<\/td><\/tr><tr><td>Resistencia a la abrasi\u00f3n (mg)<\/td><td class=\"has-text-align-center\" data-align=\"center\">42<\/td><\/tr><tr><td>Resistencia al agua<\/td><td class=\"has-text-align-center\" data-align=\"center\">Genial (en agua durante 24 horas)<\/td><\/tr><tr><td>Resistencia a los \u00e1lcalis<\/td><td class=\"has-text-align-center\" data-align=\"center\">Grande (en soluci\u00f3n saturada de hidr\u00f3xido de calcio durante 24 horas)<\/td><\/tr><tr><td>Cuentas de vidrio (%)<\/td><td class=\"has-text-align-center\" data-align=\"center\">19%<\/td><\/tr><tr><td>Fluidez (s)<\/td><td class=\"has-text-align-center\" data-align=\"center\">40s<\/td><\/tr><tr><td>Resistencia del revestimiento<\/td><td class=\"has-text-align-center\" data-align=\"center\">Resis -10\u2103 durante 4 horas<\/td><\/tr><tr><td>Resistencia al calor<\/td><td class=\"has-text-align-center\" data-align=\"center\">Menos de 200\u2103-220\u2103 por horas<\/td><\/tr><tr><td>Material<\/td><td class=\"has-text-align-center\" data-align=\"center\">Resina de petr\u00f3leo C5, CACO3, cera, perlas de vidrio, EVA, PE, etc.<\/td><\/tr><tr><td>Paquete<\/td><td class=\"has-text-align-center\" data-align=\"center\">25kg\/saco, por saco tejido de pl\u00e1stico. Un contenedor de 20'puede cargar Max. 25 toneladas<\/td><\/tr><tr><td>Aplicaci\u00f3n<\/td><td class=\"has-text-align-center\" data-align=\"center\">Se\u00f1alizaci\u00f3n vial, l\u00ednea recta, l\u00ednea de puntos, curva, flecha orientada, letra y etc.<\/td><\/tr><\/tbody><\/table><\/figure>\n\n\n\n<h2 class=\"wp-block-heading\" id=\"h-different-standards\">Normas diferentes:<\/h2>\n\n\n\n<div class=\"wp-block-columns is-layout-flex wp-container-core-columns-is-layout-9d6595d7 wp-block-columns-is-layout-flex\">\n<div class=\"wp-block-column is-layout-flow wp-block-column-is-layout-flow\">\n<table>\n<tbody>\n<tr>\n<td><\/td>\n<td colspan=\"2\" width=\"184\">Norma AASHTO<\/td>\n<\/tr>\n<tr>\n<td>Componentes<\/td>\n<td>Especificaci\u00f3n<\/td>\n<td>Resultado de la prueba<\/td>\n<\/tr>\n<tr>\n<td>Resina<\/td>\n<td>\u226520%<\/td>\n<td>22%<\/td>\n<\/tr>\n<tr>\n<td>Di\u00f3xido de titanio<\/td>\n<td>\u226510%<\/td>\n<td>10.20%<\/td>\n<\/tr>\n<tr>\n<td>Cuentas de vidrio<\/td>\n<td>\u226530%<\/td>\n<td>32%<\/td>\n<\/tr>\n<\/tbody>\n<\/table>\n<\/div>\n\n\n\n<div class=\"wp-block-column is-layout-flow wp-block-column-is-layout-flow\">\n<figure class=\"wp-block-image size-full\"><img loading=\"lazy\" decoding=\"async\" width=\"294\" height=\"156\" src=\"https:\/\/roadskymarking.com\/wp-content\/uploads\/2023\/12\/Yellow-Thermoplastic-Road-Marking-Paint.jpg\" alt=\"Pintura termopl\u00e1stica amarilla para se\u00f1alizaci\u00f3n vial\" class=\"wp-image-3330\"\/><\/figure>\n<\/div>\n<\/div>\n\n\n\n<div class=\"wp-block-columns is-layout-flex wp-container-core-columns-is-layout-9d6595d7 wp-block-columns-is-layout-flex\">\n<div class=\"wp-block-column is-layout-flow wp-block-column-is-layout-flow\">\n<table>\n<tbody>\n<tr>\n<td><\/td>\n<td colspan=\"2\" width=\"184\">Norma brit\u00e1nica<\/td>\n<\/tr>\n<tr>\n<td>Componentes<\/td>\n<td>Especificaci\u00f3n<\/td>\n<td>Resultado de la prueba<\/td>\n<\/tr>\n<tr>\n<td>Resina<\/td>\n<td>\u226520%<\/td>\n<td>21%<\/td>\n<\/tr>\n<tr>\n<td>Di\u00f3xido de titanio<\/td>\n<td>\u226510%<\/td>\n<td>12%<\/td>\n<\/tr>\n<tr>\n<td>Cuentas de vidrio<\/td>\n<td>\u226520%<\/td>\n<td>21%<\/td>\n<\/tr>\n<\/tbody>\n<\/table>\n<\/div>\n\n\n\n<div class=\"wp-block-column is-layout-flow wp-block-column-is-layout-flow\">\n<figure class=\"wp-block-image size-full\"><img loading=\"lazy\" decoding=\"async\" width=\"294\" height=\"156\" src=\"https:\/\/roadskymarking.com\/wp-content\/uploads\/2023\/12\/Thermoplastic-Road-Marking-Paint-Arrow.jpg\" alt=\"Pintura termopl\u00e1stica de se\u00f1alizaci\u00f3n vial Flecha\" class=\"wp-image-3331\"\/><\/figure>\n<\/div>\n<\/div>\n\n\n\n<div class=\"wp-block-columns is-layout-flex wp-container-core-columns-is-layout-9d6595d7 wp-block-columns-is-layout-flex\">\n<div class=\"wp-block-column is-layout-flow wp-block-column-is-layout-flow\">\n<table>\n<tbody>\n<tr>\n<td><strong>&nbsp;<\/strong><\/td>\n<td colspan=\"2\" width=\"184\">Normativa china<\/td>\n<\/tr>\n<tr>\n<td>Componentes<\/td>\n<td>Especificaci\u00f3n<\/td>\n<td>Resultado de la prueba<\/td>\n<\/tr>\n<tr>\n<td>Resina<\/td>\n<td>\u226515%<\/td>\n<td>16.10%<\/td>\n<\/tr>\n<tr>\n<td>Di\u00f3xido de titanio<\/td>\n<td>\u22655%<\/td>\n<td>8%<\/td>\n<\/tr>\n<tr>\n<td>Cuentas de vidrio<\/td>\n<td>\u226520%<\/td>\n<td>22%<\/td>\n<\/tr>\n<\/tbody>\n<\/table>\n<\/div>\n\n\n\n<div class=\"wp-block-column is-layout-flow wp-block-column-is-layout-flow\">\n<figure class=\"wp-block-image size-full\"><img loading=\"lazy\" decoding=\"async\" width=\"294\" height=\"156\" src=\"https:\/\/roadskymarking.com\/wp-content\/uploads\/2023\/12\/White-Thermoplastic-Road-Marking-Paint.jpg\" alt=\"Pintura termopl\u00e1stica blanca para se\u00f1alizaci\u00f3n vial\" class=\"wp-image-3332\"\/><\/figure>\n<\/div>\n<\/div>\n\n\n\n<h2 class=\"wp-block-heading\" id=\"h-production-and-test-of-the-paint\">Producci\u00f3n y prueba de la pintura:<\/h2>\n\n\n\n<figure class=\"wp-block-embed is-type-video is-provider-youtube wp-block-embed-youtube wp-embed-aspect-16-9 wp-has-aspect-ratio\"><div class=\"wp-block-embed__wrapper\">\n<iframe loading=\"lazy\" title=\"Producci\u00f3n de pintura termopl\u00e1stica y pruebas de calidad\" width=\"500\" height=\"281\" src=\"https:\/\/www.youtube.com\/embed\/YMP3R4NPz90?feature=oembed\" frameborder=\"0\" allow=\"accelerometer; autoplay; clipboard-write; encrypted-media; gyroscope; picture-in-picture; web-share\" referrerpolicy=\"strict-origin-when-cross-origin\" allowfullscreen><\/iframe>\n<\/div><\/figure>\n\n\n\n<h2 class=\"wp-block-heading\" id=\"h-other-colors\">Otros colores:<\/h2>\n\n\n<div class=\"wp-block-image\">\n<figure class=\"aligncenter size-full\"><img loading=\"lazy\" decoding=\"async\" width=\"800\" height=\"584\" src=\"https:\/\/roadskymarking.com\/wp-content\/uploads\/2023\/12\/Thermoplastic-Road-Marking-Paint-Other-Colors.jpg\" alt=\"Pintura termopl\u00e1stica para se\u00f1alizaci\u00f3n vial Otros colores\" class=\"wp-image-3333\" srcset=\"https:\/\/roadskymarking.com\/wp-content\/uploads\/2023\/12\/Thermoplastic-Road-Marking-Paint-Other-Colors.jpg 800w, https:\/\/roadskymarking.com\/wp-content\/uploads\/2023\/12\/Thermoplastic-Road-Marking-Paint-Other-Colors-400x292.jpg 400w, https:\/\/roadskymarking.com\/wp-content\/uploads\/2023\/12\/Thermoplastic-Road-Marking-Paint-Other-Colors-768x561.jpg 768w\" sizes=\"auto, (max-width: 800px) 100vw, 800px\" \/><\/figure><\/div>\n\n\n<h2 class=\"wp-block-heading\">P\u00f3ngase en contacto con nosotros<\/h2>\n\n\n\n<p><em>Rellene el siguiente formulario y nuestros representantes comerciales se pondr\u00e1n en contacto con usted en breve.<\/em><\/p>\n\n\n\n<div class=\"wp-block-contact-form-7-contact-form-selector\">\n<div class=\"wpcf7 no-js\" id=\"wpcf7-f1316-o1\" lang=\"en-US\" dir=\"ltr\" data-wpcf7-id=\"1316\">\n<div class=\"screen-reader-response\"><p role=\"status\" aria-live=\"polite\" aria-atomic=\"true\"><\/p> <ul><\/ul><\/div>\n<form action=\"\/es\/wp-json\/wp\/v2\/pages\/3900#wpcf7-f1316-o1\" method=\"post\" class=\"wpcf7-form init\" aria-label=\"Formulario de contacto\" novalidate=\"novalidate\" data-status=\"init\" data-trp-original-action=\"\/es\/wp-json\/wp\/v2\/pages\/3900#wpcf7-f1316-o1\">\n<fieldset class=\"hidden-fields-container\"><input type=\"hidden\" name=\"_wpcf7\" value=\"1316\" \/><input type=\"hidden\" name=\"_wpcf7_version\" value=\"6.1.5\" \/><input type=\"hidden\" name=\"_wpcf7_locale\" value=\"en_US\" \/><input type=\"hidden\" name=\"_wpcf7_unit_tag\" value=\"wpcf7-f1316-o1\" \/><input type=\"hidden\" name=\"_wpcf7_container_post\" value=\"0\" \/><input type=\"hidden\" name=\"_wpcf7_posted_data_hash\" value=\"\" \/>\n<\/fieldset>\n<div class=\"wpcf7-turnstile cf-turnstile\" data-sitekey=\"0x4AAAAAACH9ueYy7fDdFIjX\" data-response-field-name=\"_wpcf7_turnstile_response\"><\/div>\n\n<p><label><em>*<\/em>Asunto:<\/label><span class=\"wpcf7-form-control-wrap\" data-name=\"your-subject\"><input size=\"40\" maxlength=\"400\" class=\"wpcf7-form-control wpcf7-text wpcf7-validates-as-required\" id=\"your-subject\" aria-required=\"true\" aria-invalid=\"false\" value=\"Product Inquiry\" type=\"text\" name=\"your-subject\" \/><\/span>\n<\/p>\n<p><label><em>*<\/em>Nombre:<\/label><span class=\"wpcf7-form-control-wrap\" data-name=\"your-name\"><input size=\"40\" maxlength=\"400\" class=\"wpcf7-form-control wpcf7-text wpcf7-validates-as-required\" id=\"your-name\" aria-required=\"true\" aria-invalid=\"false\" placeholder=\"Por favor, rellene el nombre com\u00fanmente utilizado\" value=\"\" type=\"text\" name=\"your-name\" \/><\/span>\n<\/p>\n<p><label><em>*<\/em>Correo electr\u00f3nico:<\/label><span class=\"wpcf7-form-control-wrap\" data-name=\"your-email\"><input size=\"40\" maxlength=\"400\" class=\"wpcf7-form-control wpcf7-email wpcf7-validates-as-required wpcf7-text wpcf7-validates-as-email\" id=\"your-email\" aria-required=\"true\" aria-invalid=\"false\" placeholder=\"Rellene el correo electr\u00f3nico de uso com\u00fan\" value=\"\" type=\"email\" name=\"your-email\" \/><\/span>\n<\/p>\n<p><label>Tel\u00e9fono:<\/label><span class=\"wpcf7-form-control-wrap\" data-name=\"your-phone\"><input size=\"40\" maxlength=\"400\" class=\"wpcf7-form-control wpcf7-text\" id=\"your-phone\" aria-invalid=\"false\" placeholder=\"Rellene el n\u00famero de tel\u00e9fono de contacto o el tel\u00e9fono m\u00f3vil\" value=\"\" type=\"text\" name=\"your-phone\" \/><\/span>\n<\/p>\n<p><label>Pa\u00eds:<\/label><span class=\"wpcf7-form-control-wrap\" data-name=\"your-country\"><input size=\"40\" maxlength=\"400\" class=\"wpcf7-form-control wpcf7-text\" id=\"your-country\" aria-invalid=\"false\" placeholder=\"Indique su pa\u00eds\" value=\"\" type=\"text\" name=\"your-country\" \/><\/span>\n<\/p>\n<p><label>Empresa:<\/label><span class=\"wpcf7-form-control-wrap\" data-name=\"your-company\"><input size=\"40\" maxlength=\"400\" class=\"wpcf7-form-control wpcf7-text\" id=\"your-company\" aria-invalid=\"false\" placeholder=\"Rellene el nombre de la empresa\" value=\"\" type=\"text\" name=\"your-company\" \/><\/span>\n<\/p>\n<p><label><em>*<\/em>Contenido:<\/label><span class=\"wpcf7-form-control-wrap\" data-name=\"your-message\"><textarea cols=\"40\" rows=\"10\" maxlength=\"2000\" class=\"wpcf7-form-control wpcf7-textarea wpcf7-validates-as-required\" aria-required=\"true\" aria-invalid=\"false\" placeholder=\"Rellene los datos que desee conocer, como nombre del producto, especificaciones, precio, MOQ, etc.\" name=\"your-message\"><\/textarea><\/span>\n<\/p>\n<p class=\"btn-submit\"><label> <\/label><input class=\"wpcf7-form-control wpcf7-submit has-spinner\" type=\"submit\" value=\"ENVIAR\" \/>\n<\/p><div class=\"wpcf7-response-output\" aria-hidden=\"true\"><\/div>\n<input type=\"hidden\" name=\"trp-form-language\" value=\"es\"\/><\/form>\n<\/div>\n<\/div>","protected":false},"excerpt":{"rendered":"<p>Caracter\u00edsticas: La pintura de fusi\u00f3n en caliente para se\u00f1alizaci\u00f3n vial es un material termopl\u00e1stico que, cuando se calienta, se vuelve fluido y puede aplicarse a superficies. Una vez enfriada, forma un revestimiento duradero y de alta visibilidad. La pintura suele estar compuesta por resina, pigmentos, cargas y microesferas de vidrio, que contribuyen a sus propiedades reflectantes y a su larga duraci\u00f3n. Especificaciones: Gravedad (g\/m\u00b3) 2.1g\/m\u00b3 Colar Amarillo, Naranja, Rojo y etc Temperatura de calentamiento 150\u2103-220\u2103 Punto de ablandamiento(\u2103) 110\u2103 Aspecto del revestimiento Sin arrugas, puntos, ampollas, grietas, Tiempo de secado (min) En 3 minutos Rendimiento del croma Material inverso (blanco) Resistencia a la compresi\u00f3n (MPa) 26 Resistencia a la abrasi\u00f3n (mg) 42 Resistencia al agua Excelente (en agua durante 24 horas) Resistencia a los \u00e1lcalis Excelente (en soluci\u00f3n saturada de hidr\u00f3xido de calcio durante 24 horas) Perlas de vidrio (%) 19% Fluidez (s) 40s Resistencia del revestimiento Resis -10\u2103 durante 4 horas Resistencia al calor Bajo 200\u2103-220\u2103 durante horas Material C5 Resina de petr\u00f3leo, CACO3, cera, perlas de vidrio, EVA, PE y as\u00ed sucesivamente. Paquete 25kg\/bolsa, por bolsa tejida de pl\u00e1stico. Un contenedor de 20'puede cargar Max. 25 ...<\/p>","protected":false},"author":1,"featured_media":0,"parent":0,"menu_order":0,"comment_status":"closed","ping_status":"closed","template":"","meta":{"footnotes":""},"class_list":["post-3900","page","type-page","status-publish","hentry"],"yoast_head":"<!-- This site is optimized with the Yoast SEO plugin v27.3 - https:\/\/yoast.com\/product\/yoast-seo-wordpress\/ -->\n<title>Hot Melt Road Marking Paint - RoadSky<\/title>\n<meta name=\"description\" content=\"Hot melt road marking paint is a thermoplastic material that, when heated, becomes fluid and can be applied to surfaces.\" \/>\n<meta name=\"robots\" content=\"index, follow, max-snippet:-1, max-image-preview:large, max-video-preview:-1\" \/>\n<link rel=\"canonical\" href=\"https:\/\/roadskymarking.com\/es\/hot-melt-road-marking-paint\/\" \/>\n<meta property=\"og:locale\" content=\"es_ES\" \/>\n<meta property=\"og:type\" content=\"article\" \/>\n<meta property=\"og:title\" content=\"Hot Melt Road Marking Paint - RoadSky\" \/>\n<meta property=\"og:description\" content=\"Hot melt road marking paint is a thermoplastic material that, when heated, becomes fluid and can be applied to surfaces.\" \/>\n<meta property=\"og:url\" content=\"https:\/\/roadskymarking.com\/es\/hot-melt-road-marking-paint\/\" \/>\n<meta property=\"og:site_name\" content=\"Nanjing Roadsky Traffic Facility Co.,Ltd. (Roadsky Corporation)\" \/>\n<meta property=\"article:modified_time\" content=\"2024-11-19T02:44:30+00:00\" \/>\n<meta property=\"og:image\" content=\"https:\/\/roadskymarking.com\/wp-content\/uploads\/2024\/11\/Hot-Melt-Road-Marking-Paint.jpg\" \/>\n\t<meta property=\"og:image:width\" content=\"600\" \/>\n\t<meta property=\"og:image:height\" content=\"400\" \/>\n\t<meta property=\"og:image:type\" content=\"image\/jpeg\" \/>\n<meta name=\"twitter:card\" content=\"summary_large_image\" \/>\n<meta name=\"twitter:label1\" content=\"Tiempo de lectura\" \/>\n\t<meta name=\"twitter:data1\" content=\"3 minutos\" \/>\n<script type=\"application\/ld+json\" class=\"yoast-schema-graph\">{\"@context\":\"https:\\\/\\\/schema.org\",\"@graph\":[{\"@type\":\"WebPage\",\"@id\":\"https:\\\/\\\/roadskymarking.com\\\/hot-melt-road-marking-paint\",\"url\":\"https:\\\/\\\/roadskymarking.com\\\/hot-melt-road-marking-paint\",\"name\":\"Hot Melt Road Marking Paint - RoadSky\",\"isPartOf\":{\"@id\":\"https:\\\/\\\/roadskymarking.com\\\/#website\"},\"primaryImageOfPage\":{\"@id\":\"https:\\\/\\\/roadskymarking.com\\\/hot-melt-road-marking-paint#primaryimage\"},\"image\":{\"@id\":\"https:\\\/\\\/roadskymarking.com\\\/hot-melt-road-marking-paint#primaryimage\"},\"thumbnailUrl\":\"https:\\\/\\\/roadskymarking.com\\\/wp-content\\\/uploads\\\/2024\\\/11\\\/Hot-Melt-Road-Marking-Paint.jpg\",\"datePublished\":\"2024-11-19T02:28:42+00:00\",\"dateModified\":\"2024-11-19T02:44:30+00:00\",\"description\":\"Hot melt road marking paint is a thermoplastic material that, when heated, becomes fluid and can be applied to surfaces.\",\"breadcrumb\":{\"@id\":\"https:\\\/\\\/roadskymarking.com\\\/hot-melt-road-marking-paint#breadcrumb\"},\"inLanguage\":\"es\",\"potentialAction\":[{\"@type\":\"ReadAction\",\"target\":[\"https:\\\/\\\/roadskymarking.com\\\/hot-melt-road-marking-paint\"]}]},{\"@type\":\"ImageObject\",\"inLanguage\":\"es\",\"@id\":\"https:\\\/\\\/roadskymarking.com\\\/hot-melt-road-marking-paint#primaryimage\",\"url\":\"https:\\\/\\\/roadskymarking.com\\\/wp-content\\\/uploads\\\/2024\\\/11\\\/Hot-Melt-Road-Marking-Paint.jpg\",\"contentUrl\":\"https:\\\/\\\/roadskymarking.com\\\/wp-content\\\/uploads\\\/2024\\\/11\\\/Hot-Melt-Road-Marking-Paint.jpg\"},{\"@type\":\"BreadcrumbList\",\"@id\":\"https:\\\/\\\/roadskymarking.com\\\/hot-melt-road-marking-paint#breadcrumb\",\"itemListElement\":[{\"@type\":\"ListItem\",\"position\":1,\"name\":\"Home\",\"item\":\"https:\\\/\\\/roadskymarking.com\\\/\"},{\"@type\":\"ListItem\",\"position\":2,\"name\":\"Hot Melt Road Marking Paint\"}]},{\"@type\":\"WebSite\",\"@id\":\"https:\\\/\\\/roadskymarking.com\\\/#website\",\"url\":\"https:\\\/\\\/roadskymarking.com\\\/\",\"name\":\"Nanjing Roadsky Traffic Facility Co.,Ltd. (Roadsky Corporation)\",\"description\":\"Pavement Marking Equipment Supplier - RoadSky\",\"publisher\":{\"@id\":\"https:\\\/\\\/roadskymarking.com\\\/#organization\"},\"potentialAction\":[{\"@type\":\"SearchAction\",\"target\":{\"@type\":\"EntryPoint\",\"urlTemplate\":\"https:\\\/\\\/roadskymarking.com\\\/?s={search_term_string}\"},\"query-input\":{\"@type\":\"PropertyValueSpecification\",\"valueRequired\":true,\"valueName\":\"search_term_string\"}}],\"inLanguage\":\"es\"},{\"@type\":\"Organization\",\"@id\":\"https:\\\/\\\/roadskymarking.com\\\/#organization\",\"name\":\"Nanjing Roadsky Traffic Facility Co.,Ltd. (Roadsky Corporation)\",\"url\":\"https:\\\/\\\/roadskymarking.com\\\/\",\"logo\":{\"@type\":\"ImageObject\",\"inLanguage\":\"es\",\"@id\":\"https:\\\/\\\/roadskymarking.com\\\/#\\\/schema\\\/logo\\\/image\\\/\",\"url\":\"https:\\\/\\\/roadskymarking.com\\\/wp-content\\\/uploads\\\/2023\\\/03\\\/LOGO.png\",\"contentUrl\":\"https:\\\/\\\/roadskymarking.com\\\/wp-content\\\/uploads\\\/2023\\\/03\\\/LOGO.png\",\"width\":500,\"height\":400,\"caption\":\"Nanjing Roadsky Traffic Facility Co.,Ltd. (Roadsky Corporation)\"},\"image\":{\"@id\":\"https:\\\/\\\/roadskymarking.com\\\/#\\\/schema\\\/logo\\\/image\\\/\"}}]}<\/script>\n<!-- \/ Yoast SEO plugin. -->","yoast_head_json":{"title":"Pintura termofusible para se\u00f1alizaci\u00f3n vial - RoadSky","description":"La pintura termofusible para se\u00f1alizaci\u00f3n vial es un material termopl\u00e1stico que, al calentarse, se vuelve fluido y puede aplicarse a superficies.","robots":{"index":"index","follow":"follow","max-snippet":"max-snippet:-1","max-image-preview":"max-image-preview:large","max-video-preview":"max-video-preview:-1"},"canonical":"https:\/\/roadskymarking.com\/es\/hot-melt-road-marking-paint\/","og_locale":"es_ES","og_type":"article","og_title":"Hot Melt Road Marking Paint - RoadSky","og_description":"Hot melt road marking paint is a thermoplastic material that, when heated, becomes fluid and can be applied to surfaces.","og_url":"https:\/\/roadskymarking.com\/es\/hot-melt-road-marking-paint\/","og_site_name":"Nanjing Roadsky Traffic Facility Co.,Ltd. (Roadsky Corporation)","article_modified_time":"2024-11-19T02:44:30+00:00","og_image":[{"width":600,"height":400,"url":"https:\/\/roadskymarking.com\/wp-content\/uploads\/2024\/11\/Hot-Melt-Road-Marking-Paint.jpg","type":"image\/jpeg"}],"twitter_card":"summary_large_image","twitter_misc":{"Tiempo de lectura":"3 minutos"},"schema":{"@context":"https:\/\/schema.org","@graph":[{"@type":"WebPage","@id":"https:\/\/roadskymarking.com\/hot-melt-road-marking-paint","url":"https:\/\/roadskymarking.com\/hot-melt-road-marking-paint","name":"Pintura termofusible para se\u00f1alizaci\u00f3n vial - RoadSky","isPartOf":{"@id":"https:\/\/roadskymarking.com\/#website"},"primaryImageOfPage":{"@id":"https:\/\/roadskymarking.com\/hot-melt-road-marking-paint#primaryimage"},"image":{"@id":"https:\/\/roadskymarking.com\/hot-melt-road-marking-paint#primaryimage"},"thumbnailUrl":"https:\/\/roadskymarking.com\/wp-content\/uploads\/2024\/11\/Hot-Melt-Road-Marking-Paint.jpg","datePublished":"2024-11-19T02:28:42+00:00","dateModified":"2024-11-19T02:44:30+00:00","description":"La pintura termofusible para se\u00f1alizaci\u00f3n vial es un material termopl\u00e1stico que, al calentarse, se vuelve fluido y puede aplicarse a superficies.","breadcrumb":{"@id":"https:\/\/roadskymarking.com\/hot-melt-road-marking-paint#breadcrumb"},"inLanguage":"es","potentialAction":[{"@type":"ReadAction","target":["https:\/\/roadskymarking.com\/hot-melt-road-marking-paint"]}]},{"@type":"ImageObject","inLanguage":"es","@id":"https:\/\/roadskymarking.com\/hot-melt-road-marking-paint#primaryimage","url":"https:\/\/roadskymarking.com\/wp-content\/uploads\/2024\/11\/Hot-Melt-Road-Marking-Paint.jpg","contentUrl":"https:\/\/roadskymarking.com\/wp-content\/uploads\/2024\/11\/Hot-Melt-Road-Marking-Paint.jpg"},{"@type":"BreadcrumbList","@id":"https:\/\/roadskymarking.com\/hot-melt-road-marking-paint#breadcrumb","itemListElement":[{"@type":"ListItem","position":1,"name":"Home","item":"https:\/\/roadskymarking.com\/"},{"@type":"ListItem","position":2,"name":"Hot Melt Road Marking Paint"}]},{"@type":"WebSite","@id":"https:\/\/roadskymarking.com\/#website","url":"https:\/\/roadskymarking.com\/","name":"Nanjing Roadsky Traffic Facility Co.,Ltd. (Corporaci\u00f3n Roadsky)","description":"Proveedor de equipos de se\u00f1alizaci\u00f3n vial - RoadSky","publisher":{"@id":"https:\/\/roadskymarking.com\/#organization"},"potentialAction":[{"@type":"SearchAction","target":{"@type":"EntryPoint","urlTemplate":"https:\/\/roadskymarking.com\/?s={search_term_string}"},"query-input":{"@type":"PropertyValueSpecification","valueRequired":true,"valueName":"search_term_string"}}],"inLanguage":"es"},{"@type":"Organization","@id":"https:\/\/roadskymarking.com\/#organization","name":"Nanjing Roadsky Traffic Facility Co.,Ltd. (Corporaci\u00f3n Roadsky)","url":"https:\/\/roadskymarking.com\/","logo":{"@type":"ImageObject","inLanguage":"es","@id":"https:\/\/roadskymarking.com\/#\/schema\/logo\/image\/","url":"https:\/\/roadskymarking.com\/wp-content\/uploads\/2023\/03\/LOGO.png","contentUrl":"https:\/\/roadskymarking.com\/wp-content\/uploads\/2023\/03\/LOGO.png","width":500,"height":400,"caption":"Nanjing Roadsky Traffic Facility Co.,Ltd. (Roadsky Corporation)"},"image":{"@id":"https:\/\/roadskymarking.com\/#\/schema\/logo\/image\/"}}]}},"_links":{"self":[{"href":"https:\/\/roadskymarking.com\/es\/wp-json\/wp\/v2\/pages\/3900","targetHints":{"allow":["GET"]}}],"collection":[{"href":"https:\/\/roadskymarking.com\/es\/wp-json\/wp\/v2\/pages"}],"about":[{"href":"https:\/\/roadskymarking.com\/es\/wp-json\/wp\/v2\/types\/page"}],"author":[{"embeddable":true,"href":"https:\/\/roadskymarking.com\/es\/wp-json\/wp\/v2\/users\/1"}],"replies":[{"embeddable":true,"href":"https:\/\/roadskymarking.com\/es\/wp-json\/wp\/v2\/comments?post=3900"}],"version-history":[{"count":6,"href":"https:\/\/roadskymarking.com\/es\/wp-json\/wp\/v2\/pages\/3900\/revisions"}],"predecessor-version":[{"id":3915,"href":"https:\/\/roadskymarking.com\/es\/wp-json\/wp\/v2\/pages\/3900\/revisions\/3915"}],"wp:attachment":[{"href":"https:\/\/roadskymarking.com\/es\/wp-json\/wp\/v2\/media?parent=3900"}],"curies":[{"name":"wp","href":"https:\/\/api.w.org\/{rel}","templated":true}]}}