{"id":3925,"date":"2024-11-20T07:58:32","date_gmt":"2024-11-20T07:58:32","guid":{"rendered":"https:\/\/roadskymarking.com\/?page_id=3925"},"modified":"2024-11-20T08:21:37","modified_gmt":"2024-11-20T08:21:37","slug":"airless-road-marking-machines-2","status":"publish","type":"page","link":"https:\/\/roadskymarking.com\/es\/airless-road-marking-machines-2","title":{"rendered":"M\u00e1quinas de marcaje vial sin aire"},"content":{"rendered":"<div class=\"wp-block-columns is-layout-flex wp-container-core-columns-is-layout-9d6595d7 wp-block-columns-is-layout-flex\">\n<div class=\"wp-block-column is-layout-flow wp-block-column-is-layout-flow\">\n<figure class=\"wp-block-image size-full\"><img loading=\"lazy\" decoding=\"async\" width=\"600\" height=\"400\" src=\"https:\/\/roadskymarking.com\/wp-content\/uploads\/2024\/11\/Airless-Road-Marking-Machines.jpg\" alt=\"M\u00e1quinas de marcaje vial sin aire\" class=\"wp-image-3934\" srcset=\"https:\/\/roadskymarking.com\/wp-content\/uploads\/2024\/11\/Airless-Road-Marking-Machines.jpg 600w, https:\/\/roadskymarking.com\/wp-content\/uploads\/2024\/11\/Airless-Road-Marking-Machines-400x267.jpg 400w\" sizes=\"auto, (max-width: 600px) 100vw, 600px\" \/><\/figure>\n<\/div>\n\n\n\n<div class=\"wp-block-column is-layout-flow wp-block-column-is-layout-flow\">\n<h2 class=\"wp-block-heading\">Caracter\u00edsticas:<\/h2>\n\n\n\n<ul class=\"wp-block-list\">\n<li>Precisi\u00f3n: Permite un grosor uniforme y bordes limpios.<\/li>\n\n\n\n<li>Eficacia: Cubre grandes \u00e1reas r\u00e1pidamente, reduciendo el tiempo del proyecto.<\/li>\n\n\n\n<li>Durabilidad: Garantiza unas marcas duraderas y resistentes al desgaste.<\/li>\n<\/ul>\n\n\n\n<div class=\"wp-block-buttons is-content-justification-center is-layout-flex wp-container-core-buttons-is-layout-16018d1d wp-block-buttons-is-layout-flex\">\n<div class=\"wp-block-button\"><a class=\"wp-block-button__link wp-element-button\" href=\"https:\/\/roadskymarking.com\/es\/inquiry\/\" target=\"_blank\" rel=\"noreferrer noopener\"><mark style=\"background-color:rgba(0, 0, 0, 0)\" class=\"has-inline-color has-white-color\">Solicitar presupuesto<\/mark><\/a><\/div>\n<\/div>\n<\/div>\n<\/div>\n\n\n\n<hr class=\"wp-block-separator has-alpha-channel-opacity\"\/>\n\n\n\n<p>Las m\u00e1quinas de marcaje vial sin aire utilizan una bomba de alta presi\u00f3n para pulverizar pintura directamente sobre las superficies de la carretera sin necesidad de aire comprimido. Esta tecnolog\u00eda garantiza una aplicaci\u00f3n suave y uniforme de la pintura, por lo que resulta ideal para producir l\u00edneas n\u00edtidas y uniformes en carreteras, aparcamientos y otras superficies. Los componentes principales incluyen una bomba de alta presi\u00f3n, una pistola pulverizadora, un dep\u00f3sito de pintura y boquillas ajustables.<\/p>\n\n\n\n<figure class=\"wp-block-embed aligncenter is-type-video is-provider-youtube wp-block-embed-youtube wp-embed-aspect-16-9 wp-has-aspect-ratio\"><div class=\"wp-block-embed__wrapper\">\n<iframe loading=\"lazy\" title=\"Marcado de doble l\u00ednea con m\u00e1quina de marcado vial Airless (pl\u00e1stico fr\u00edo)\" width=\"500\" height=\"281\" src=\"https:\/\/www.youtube.com\/embed\/wpeEhpRbclE?feature=oembed\" frameborder=\"0\" allow=\"accelerometer; autoplay; clipboard-write; encrypted-media; gyroscope; picture-in-picture; web-share\" referrerpolicy=\"strict-origin-when-cross-origin\" allowfullscreen><\/iframe>\n<\/div><\/figure>\n\n\n\n<h2 class=\"wp-block-heading\">Aplicaciones de las m\u00e1quinas de marcaje vial sin aire<\/h2>\n\n\n\n<p>Las m\u00e1quinas de marcaje vial sin aire se utilizan en diversos sectores, entre ellos:<\/p>\n\n\n\n<ul class=\"wp-block-list\">\n<li><strong>Carreteras urbanas y rurales<\/strong>: Para crear divisores de carril, pasos de peatones y l\u00edneas de detenci\u00f3n.<\/li>\n\n\n\n<li><strong>Aparcamientos<\/strong>: Se\u00f1alizaci\u00f3n precisa de las plazas de aparcamiento y flechas de direcci\u00f3n.<\/li>\n\n\n\n<li><strong>Aeropuertos<\/strong>: Se\u00f1alizaci\u00f3n de pistas, calles de rodaje y terminales.<\/li>\n\n\n\n<li><strong>Instalaciones industriales<\/strong>: Zonas de seguridad y se\u00f1alizaci\u00f3n de peligro.<\/li>\n<\/ul>\n\n\n\n<h2 class=\"wp-block-heading\">Productos relacionados<\/h2>\n\n\n\n<div class=\"wp-block-columns is-layout-flex wp-container-core-columns-is-layout-9d6595d7 wp-block-columns-is-layout-flex\">\n<div class=\"wp-block-column is-layout-flow wp-block-column-is-layout-flow\" style=\"flex-basis:33.33%\"><div class=\"wp-block-image\">\n<figure class=\"aligncenter size-large is-resized\"><a href=\"https:\/\/roadskymarking.com\/es\/cold-paint-road-marking-machine.html\/\" target=\"_blank\" rel=\" noreferrer noopener\"><img decoding=\"async\" src=\"https:\/\/roadskymarking.com\/wp-content\/uploads\/2024\/03\/RS-5-Cold-Paint-Road-Marking-Machine.jpg\" alt=\"RS-5 M\u00e1quina de marcado de carreteras con pintura en fr\u00edo\" style=\"object-fit:cover;width:200px;height:200px\"\/><\/a><figcaption class=\"wp-element-caption\"><a href=\"https:\/\/roadskymarking.com\/es\/cold-paint-road-marking-machine.html\/\" target=\"_blank\" rel=\"noreferrer noopener\">RS-5 M\u00e1quina de marcado de carreteras con pintura en fr\u00edo<\/a><\/figcaption><\/figure><\/div><\/div>\n\n\n\n<div class=\"wp-block-column is-layout-flow wp-block-column-is-layout-flow\" style=\"flex-basis:66.66%\">\n<p>La m\u00e1quina de marcado vial de pintura en fr\u00edo de la serie RS-5 se utiliza ampliamente en aparcamientos, carreteras urbanas y proyectos de marcado de autopistas. Es un tipo de m\u00e1quina de marcaje por pulverizaci\u00f3n de alta presi\u00f3n sin aire, que genera presi\u00f3n desde la bomba de \u00e9mbolo para pulverizar pintura a trav\u00e9s de la boquilla. El sistema de control de pistolas pulverizadoras de dise\u00f1o especial hace que los extremos de la l\u00ednea sean ordenados y de buen aspecto.<\/p>\n<\/div>\n<\/div>\n\n\n\n<div class=\"wp-block-columns is-layout-flex wp-container-core-columns-is-layout-9d6595d7 wp-block-columns-is-layout-flex\">\n<div class=\"wp-block-column is-layout-flow wp-block-column-is-layout-flow\" style=\"flex-basis:33.33%\"><div class=\"wp-block-image\">\n<figure class=\"aligncenter size-large is-resized\"><a href=\"https:\/\/roadskymarking.com\/es\/cold-paint-line-striper.html\/\" target=\"_blank\" rel=\" noreferrer noopener\"><img decoding=\"async\" src=\"https:\/\/roadskymarking.com\/wp-content\/uploads\/2018\/05\/RS-5E-Cold-Paint-Road-Marking-Machine-4.jpg\" alt=\"Rasqueta de l\u00ednea de pintura en fr\u00edo RS-5E\" style=\"object-fit:cover;width:200px;height:200px\"\/><\/a><figcaption class=\"wp-element-caption\"><a href=\"https:\/\/roadskymarking.com\/es\/cold-paint-line-striper.html\/\" target=\"_blank\" rel=\"noreferrer noopener\">Rasqueta de l\u00ednea de pintura en fr\u00edo RS-5E<\/a><\/figcaption><\/figure><\/div><\/div>\n\n\n\n<div class=\"wp-block-column is-layout-flow wp-block-column-is-layout-flow\" style=\"flex-basis:66.66%\">\n<p>La m\u00e1quina trazadora de l\u00edneas de pintura en fr\u00edo de la serie RS-5E (m\u00e1quina de marcado de pavimentos) est\u00e1 especialmente dise\u00f1ada para un marcado eficiente. La bomba hidr\u00e1ulica de inversi\u00f3n interna estable, la pistola pulverizadora ajustable y el filtro de pintura garantizan el rendimiento de marcado. La m\u00e1quina trazadora de l\u00edneas de pavimento RS-5E tiene una larga vida \u00fatil debido a su estructura simple, bomba y motor confiables.<\/p>\n<\/div>\n<\/div>\n\n\n\n<div class=\"wp-block-columns is-layout-flex wp-container-core-columns-is-layout-9d6595d7 wp-block-columns-is-layout-flex\">\n<div class=\"wp-block-column is-layout-flow wp-block-column-is-layout-flow\" style=\"flex-basis:33.33%\"><div class=\"wp-block-image\">\n<figure class=\"aligncenter size-large is-resized\"><a href=\"https:\/\/roadskymarking.com\/es\/two-component-road-marking-machine.html\/\" target=\"_blank\" rel=\" noreferrer noopener\"><img decoding=\"async\" src=\"https:\/\/roadskymarking.com\/wp-content\/uploads\/2023\/09\/Two-Component-Road-Marking-Machine.jpg\" alt=\"RS-12 M\u00e1quina de marcaje vial de dos componentes\" style=\"object-fit:cover;width:200px;height:200px\"\/><\/a><figcaption class=\"wp-element-caption\"><a href=\"https:\/\/roadskymarking.com\/es\/two-component-road-marking-machine.html\/\" target=\"_blank\" rel=\"noreferrer noopener\">RS-12 M\u00e1quina de marcaje vial de dos componentes<\/a><\/figcaption><\/figure><\/div><\/div>\n\n\n\n<div class=\"wp-block-column is-layout-flow wp-block-column-is-layout-flow\" style=\"flex-basis:66.66%\">\n<p>La m\u00e1quina de marcaje vial de dos componentes es un m\u00e9todo de marcaje avanzado. La pintura de marcado de dos componentes consiste en pintura pl\u00e1stica en fr\u00edo y agente de curado. Los dos l\u00edquidos est\u00e1n contenidos en tanques separados hasta que se pulverizan y confluyen en el aire durante la operaci\u00f3n de marcado. Despu\u00e9s de que la pintura pl\u00e1stica en fr\u00edo y el agente de curado se mezclan en el aire, forman inmediatamente las l\u00edneas de marcado en la carretera porque el agente de curado ayuda a acelerar la solidificaci\u00f3n de la pintura. La anchura de marcado puede controlarse ajustando el \u00e1ngulo de los pulverizadores.<\/p>\n<\/div>\n<\/div>\n\n\n\n<div class=\"wp-block-columns is-layout-flex wp-container-core-columns-is-layout-9d6595d7 wp-block-columns-is-layout-flex\">\n<div class=\"wp-block-column is-layout-flow wp-block-column-is-layout-flow\" style=\"flex-basis:33.33%\"><div class=\"wp-block-image\">\n<figure class=\"aligncenter size-large is-resized\"><a href=\"https:\/\/roadskymarking.com\/es\/automatic-cold-paint-road-marking-machine.html\/\" target=\"_blank\" rel=\" noreferrer noopener\"><img decoding=\"async\" src=\"https:\/\/roadskymarking.com\/wp-content\/uploads\/2017\/07\/automatic-cold-paint-road-marking-machine.jpg\" alt=\"M\u00e1quina autom\u00e1tica de marcado de carreteras con pintura en fr\u00edo\" style=\"object-fit:cover;width:200px;height:200px\"\/><\/a><figcaption class=\"wp-element-caption\"><a href=\"https:\/\/roadskymarking.com\/es\/automatic-cold-paint-road-marking-machine.html\/\" target=\"_blank\" rel=\"noreferrer noopener\">M\u00e1quina autom\u00e1tica de marcado de carreteras con pintura en fr\u00edo<\/a><\/figcaption><\/figure><\/div><\/div>\n\n\n\n<div class=\"wp-block-column is-layout-flow wp-block-column-is-layout-flow\" style=\"flex-basis:66.66%\">\n<p>Nuestra m\u00e1quina de marcado vial autom\u00e1tica de pintura en fr\u00edo es una m\u00e1quina de marcado vial de funcionamiento totalmente autom\u00e1tico. El tanque de pintura de gran capacidad y el tanque de microesferas de vidrio est\u00e1n especialmente dise\u00f1ados para proyectos de se\u00f1alizaci\u00f3n vial de larga distancia. El sistema de accionamiento hidr\u00e1ulico confiable y el motor de gran alcance pueden mejorar en gran medida la eficiencia de la l\u00ednea de marcado.<\/p>\n<\/div>\n<\/div>\n\n\n\n<h2 class=\"wp-block-heading\">P\u00f3ngase en contacto con nosotros<\/h2>\n\n\n\n<p><em>Rellene el siguiente formulario y nuestros representantes comerciales se pondr\u00e1n en contacto con usted en breve.<\/em><\/p>\n\n\n\n<div class=\"wp-block-contact-form-7-contact-form-selector\">\n<div class=\"wpcf7 no-js\" id=\"wpcf7-f1316-o1\" lang=\"en-US\" dir=\"ltr\" data-wpcf7-id=\"1316\">\n<div class=\"screen-reader-response\"><p role=\"status\" aria-live=\"polite\" aria-atomic=\"true\"><\/p> <ul><\/ul><\/div>\n<form action=\"\/es\/wp-json\/wp\/v2\/pages\/3925#wpcf7-f1316-o1\" method=\"post\" class=\"wpcf7-form init\" aria-label=\"Formulario de contacto\" novalidate=\"novalidate\" data-status=\"init\" data-trp-original-action=\"\/es\/wp-json\/wp\/v2\/pages\/3925#wpcf7-f1316-o1\">\n<fieldset class=\"hidden-fields-container\"><input type=\"hidden\" name=\"_wpcf7\" value=\"1316\" \/><input type=\"hidden\" name=\"_wpcf7_version\" value=\"6.1.5\" \/><input type=\"hidden\" name=\"_wpcf7_locale\" value=\"en_US\" \/><input type=\"hidden\" name=\"_wpcf7_unit_tag\" value=\"wpcf7-f1316-o1\" \/><input type=\"hidden\" name=\"_wpcf7_container_post\" value=\"0\" \/><input type=\"hidden\" name=\"_wpcf7_posted_data_hash\" value=\"\" \/>\n<\/fieldset>\n<div class=\"wpcf7-turnstile cf-turnstile\" data-sitekey=\"0x4AAAAAACH9ueYy7fDdFIjX\" data-response-field-name=\"_wpcf7_turnstile_response\"><\/div>\n\n<p><label><em>*<\/em>Asunto:<\/label><span class=\"wpcf7-form-control-wrap\" data-name=\"your-subject\"><input size=\"40\" maxlength=\"400\" class=\"wpcf7-form-control wpcf7-text wpcf7-validates-as-required\" id=\"your-subject\" aria-required=\"true\" aria-invalid=\"false\" value=\"Product Inquiry\" type=\"text\" name=\"your-subject\" \/><\/span>\n<\/p>\n<p><label><em>*<\/em>Nombre:<\/label><span class=\"wpcf7-form-control-wrap\" data-name=\"your-name\"><input size=\"40\" maxlength=\"400\" class=\"wpcf7-form-control wpcf7-text wpcf7-validates-as-required\" id=\"your-name\" aria-required=\"true\" aria-invalid=\"false\" placeholder=\"Por favor, rellene el nombre com\u00fanmente utilizado\" value=\"\" type=\"text\" name=\"your-name\" \/><\/span>\n<\/p>\n<p><label><em>*<\/em>Correo electr\u00f3nico:<\/label><span class=\"wpcf7-form-control-wrap\" data-name=\"your-email\"><input size=\"40\" maxlength=\"400\" class=\"wpcf7-form-control wpcf7-email wpcf7-validates-as-required wpcf7-text wpcf7-validates-as-email\" id=\"your-email\" aria-required=\"true\" aria-invalid=\"false\" placeholder=\"Rellene el correo electr\u00f3nico de uso com\u00fan\" value=\"\" type=\"email\" name=\"your-email\" \/><\/span>\n<\/p>\n<p><label>Tel\u00e9fono:<\/label><span class=\"wpcf7-form-control-wrap\" data-name=\"your-phone\"><input size=\"40\" maxlength=\"400\" class=\"wpcf7-form-control wpcf7-text\" id=\"your-phone\" aria-invalid=\"false\" placeholder=\"Rellene el n\u00famero de tel\u00e9fono de contacto o el tel\u00e9fono m\u00f3vil\" value=\"\" type=\"text\" name=\"your-phone\" \/><\/span>\n<\/p>\n<p><label>Pa\u00eds:<\/label><span class=\"wpcf7-form-control-wrap\" data-name=\"your-country\"><input size=\"40\" maxlength=\"400\" class=\"wpcf7-form-control wpcf7-text\" id=\"your-country\" aria-invalid=\"false\" placeholder=\"Indique su pa\u00eds\" value=\"\" type=\"text\" name=\"your-country\" \/><\/span>\n<\/p>\n<p><label>Empresa:<\/label><span class=\"wpcf7-form-control-wrap\" data-name=\"your-company\"><input size=\"40\" maxlength=\"400\" class=\"wpcf7-form-control wpcf7-text\" id=\"your-company\" aria-invalid=\"false\" placeholder=\"Rellene el nombre de la empresa\" value=\"\" type=\"text\" name=\"your-company\" \/><\/span>\n<\/p>\n<p><label><em>*<\/em>Contenido:<\/label><span class=\"wpcf7-form-control-wrap\" data-name=\"your-message\"><textarea cols=\"40\" rows=\"10\" maxlength=\"2000\" class=\"wpcf7-form-control wpcf7-textarea wpcf7-validates-as-required\" aria-required=\"true\" aria-invalid=\"false\" placeholder=\"Rellene los datos que desee conocer, como nombre del producto, especificaciones, precio, MOQ, etc.\" name=\"your-message\"><\/textarea><\/span>\n<\/p>\n<p class=\"btn-submit\"><label> <\/label><input class=\"wpcf7-form-control wpcf7-submit has-spinner\" type=\"submit\" value=\"ENVIAR\" \/>\n<\/p><div class=\"wpcf7-response-output\" aria-hidden=\"true\"><\/div>\n<input type=\"hidden\" name=\"trp-form-language\" value=\"es\"\/><\/form>\n<\/div>\n<\/div>","protected":false},"excerpt":{"rendered":"<p>Features: Airless road marking machines use a high-pressure pump to spray paint directly onto road surfaces without the need for compressed air. This technology ensures a smooth and even application of paint, making it ideal for producing sharp and consistent lines on roads, parking lots, and other surfaces. The core components include a high-pressure pump, spray gun, paint tank, and adjustable nozzles. Applications of Airless Road Marking Machines Airless road marking machines are used in various sectors, including: Related Products RS-5 series cold paint road marking machine is widely used in parking lots, urban road and highway marking project. It is a kind of airless high pressure spraying marking machine, which generates pressure from plunger pump to spray paint through nozzle. Special designed spray guns control system makes the line ends tidy and good-looking. RS-5E series cold paint line striper (pavement marking machine) is special designed for efficient marking. Stable internal reversing hydraulic pump, adjustable spray gun and paint filter &#8230;<\/p>","protected":false},"author":1,"featured_media":0,"parent":0,"menu_order":0,"comment_status":"closed","ping_status":"closed","template":"","meta":{"footnotes":""},"class_list":["post-3925","page","type-page","status-publish","hentry"],"yoast_head":"<!-- This site is optimized with the Yoast SEO plugin v27.5 - https:\/\/yoast.com\/product\/yoast-seo-wordpress\/ -->\n<title>Airless Road Marking Machines - RoadSky<\/title>\n<meta name=\"description\" content=\"Airless road marking machines use a high-pressure pump to spray paint directly onto road surfaces without the need for compressed air.\" \/>\n<meta name=\"robots\" content=\"index, follow, max-snippet:-1, max-image-preview:large, max-video-preview:-1\" \/>\n<link rel=\"canonical\" href=\"https:\/\/roadskymarking.com\/es\/airless-road-marking-machines-2\/\" \/>\n<meta property=\"og:locale\" content=\"es_ES\" \/>\n<meta property=\"og:type\" content=\"article\" \/>\n<meta property=\"og:title\" content=\"Airless Road Marking Machines - RoadSky\" \/>\n<meta property=\"og:description\" content=\"Airless road marking machines use a high-pressure pump to spray paint directly onto road surfaces without the need for compressed air.\" \/>\n<meta property=\"og:url\" content=\"https:\/\/roadskymarking.com\/es\/airless-road-marking-machines-2\/\" \/>\n<meta property=\"og:site_name\" content=\"Nanjing Roadsky Traffic Facility Co.,Ltd. (Roadsky Corporation)\" \/>\n<meta property=\"article:modified_time\" content=\"2024-11-20T08:21:37+00:00\" \/>\n<meta property=\"og:image\" content=\"https:\/\/roadskymarking.com\/wp-content\/uploads\/2024\/11\/Airless-Road-Marking-Machines.jpg\" \/>\n\t<meta property=\"og:image:width\" content=\"600\" \/>\n\t<meta property=\"og:image:height\" content=\"400\" \/>\n\t<meta property=\"og:image:type\" content=\"image\/jpeg\" \/>\n<meta name=\"twitter:card\" content=\"summary_large_image\" \/>\n<meta name=\"twitter:label1\" content=\"Tiempo de lectura\" \/>\n\t<meta name=\"twitter:data1\" content=\"3 minutos\" \/>\n<script type=\"application\/ld+json\" class=\"yoast-schema-graph\">{\"@context\":\"https:\\\/\\\/schema.org\",\"@graph\":[{\"@type\":\"WebPage\",\"@id\":\"https:\\\/\\\/roadskymarking.com\\\/airless-road-marking-machines-2\",\"url\":\"https:\\\/\\\/roadskymarking.com\\\/airless-road-marking-machines-2\",\"name\":\"Airless Road Marking Machines - RoadSky\",\"isPartOf\":{\"@id\":\"https:\\\/\\\/roadskymarking.com\\\/#website\"},\"primaryImageOfPage\":{\"@id\":\"https:\\\/\\\/roadskymarking.com\\\/airless-road-marking-machines-2#primaryimage\"},\"image\":{\"@id\":\"https:\\\/\\\/roadskymarking.com\\\/airless-road-marking-machines-2#primaryimage\"},\"thumbnailUrl\":\"https:\\\/\\\/roadskymarking.com\\\/wp-content\\\/uploads\\\/2024\\\/11\\\/Airless-Road-Marking-Machines.jpg\",\"datePublished\":\"2024-11-20T07:58:32+00:00\",\"dateModified\":\"2024-11-20T08:21:37+00:00\",\"description\":\"Airless road marking machines use a high-pressure pump to spray paint directly onto road surfaces without the need for compressed air.\",\"breadcrumb\":{\"@id\":\"https:\\\/\\\/roadskymarking.com\\\/airless-road-marking-machines-2#breadcrumb\"},\"inLanguage\":\"es\",\"potentialAction\":[{\"@type\":\"ReadAction\",\"target\":[\"https:\\\/\\\/roadskymarking.com\\\/airless-road-marking-machines-2\"]}]},{\"@type\":\"ImageObject\",\"inLanguage\":\"es\",\"@id\":\"https:\\\/\\\/roadskymarking.com\\\/airless-road-marking-machines-2#primaryimage\",\"url\":\"https:\\\/\\\/roadskymarking.com\\\/wp-content\\\/uploads\\\/2024\\\/11\\\/Airless-Road-Marking-Machines.jpg\",\"contentUrl\":\"https:\\\/\\\/roadskymarking.com\\\/wp-content\\\/uploads\\\/2024\\\/11\\\/Airless-Road-Marking-Machines.jpg\"},{\"@type\":\"BreadcrumbList\",\"@id\":\"https:\\\/\\\/roadskymarking.com\\\/airless-road-marking-machines-2#breadcrumb\",\"itemListElement\":[{\"@type\":\"ListItem\",\"position\":1,\"name\":\"Home\",\"item\":\"https:\\\/\\\/roadskymarking.com\\\/\"},{\"@type\":\"ListItem\",\"position\":2,\"name\":\"Airless Road Marking Machines\"}]},{\"@type\":\"WebSite\",\"@id\":\"https:\\\/\\\/roadskymarking.com\\\/#website\",\"url\":\"https:\\\/\\\/roadskymarking.com\\\/\",\"name\":\"Nanjing Roadsky Traffic Facility Co.,Ltd. (Roadsky Corporation)\",\"description\":\"Pavement Marking Equipment Supplier - RoadSky\",\"publisher\":{\"@id\":\"https:\\\/\\\/roadskymarking.com\\\/#organization\"},\"potentialAction\":[{\"@type\":\"SearchAction\",\"target\":{\"@type\":\"EntryPoint\",\"urlTemplate\":\"https:\\\/\\\/roadskymarking.com\\\/?s={search_term_string}\"},\"query-input\":{\"@type\":\"PropertyValueSpecification\",\"valueRequired\":true,\"valueName\":\"search_term_string\"}}],\"inLanguage\":\"es\"},{\"@type\":\"Organization\",\"@id\":\"https:\\\/\\\/roadskymarking.com\\\/#organization\",\"name\":\"Nanjing Roadsky Traffic Facility Co.,Ltd. (Roadsky Corporation)\",\"url\":\"https:\\\/\\\/roadskymarking.com\\\/\",\"logo\":{\"@type\":\"ImageObject\",\"inLanguage\":\"es\",\"@id\":\"https:\\\/\\\/roadskymarking.com\\\/#\\\/schema\\\/logo\\\/image\\\/\",\"url\":\"https:\\\/\\\/roadskymarking.com\\\/wp-content\\\/uploads\\\/2023\\\/03\\\/LOGO.png\",\"contentUrl\":\"https:\\\/\\\/roadskymarking.com\\\/wp-content\\\/uploads\\\/2023\\\/03\\\/LOGO.png\",\"width\":500,\"height\":400,\"caption\":\"Nanjing Roadsky Traffic Facility Co.,Ltd. (Roadsky Corporation)\"},\"image\":{\"@id\":\"https:\\\/\\\/roadskymarking.com\\\/#\\\/schema\\\/logo\\\/image\\\/\"}}]}<\/script>\n<!-- \/ Yoast SEO plugin. -->","yoast_head_json":{"title":"M\u00e1quinas de marcaje vial sin aire - RoadSky","description":"Las m\u00e1quinas de se\u00f1alizaci\u00f3n vial sin aire utilizan una bomba de alta presi\u00f3n para pulverizar pintura directamente sobre la superficie de la carretera sin necesidad de aire comprimido.","robots":{"index":"index","follow":"follow","max-snippet":"max-snippet:-1","max-image-preview":"max-image-preview:large","max-video-preview":"max-video-preview:-1"},"canonical":"https:\/\/roadskymarking.com\/es\/airless-road-marking-machines-2\/","og_locale":"es_ES","og_type":"article","og_title":"Airless Road Marking Machines - RoadSky","og_description":"Airless road marking machines use a high-pressure pump to spray paint directly onto road surfaces without the need for compressed air.","og_url":"https:\/\/roadskymarking.com\/es\/airless-road-marking-machines-2\/","og_site_name":"Nanjing Roadsky Traffic Facility Co.,Ltd. (Roadsky Corporation)","article_modified_time":"2024-11-20T08:21:37+00:00","og_image":[{"width":600,"height":400,"url":"https:\/\/roadskymarking.com\/wp-content\/uploads\/2024\/11\/Airless-Road-Marking-Machines.jpg","type":"image\/jpeg"}],"twitter_card":"summary_large_image","twitter_misc":{"Tiempo de lectura":"3 minutos"},"schema":{"@context":"https:\/\/schema.org","@graph":[{"@type":"WebPage","@id":"https:\/\/roadskymarking.com\/airless-road-marking-machines-2","url":"https:\/\/roadskymarking.com\/airless-road-marking-machines-2","name":"M\u00e1quinas de marcaje vial sin aire - RoadSky","isPartOf":{"@id":"https:\/\/roadskymarking.com\/#website"},"primaryImageOfPage":{"@id":"https:\/\/roadskymarking.com\/airless-road-marking-machines-2#primaryimage"},"image":{"@id":"https:\/\/roadskymarking.com\/airless-road-marking-machines-2#primaryimage"},"thumbnailUrl":"https:\/\/roadskymarking.com\/wp-content\/uploads\/2024\/11\/Airless-Road-Marking-Machines.jpg","datePublished":"2024-11-20T07:58:32+00:00","dateModified":"2024-11-20T08:21:37+00:00","description":"Las m\u00e1quinas de se\u00f1alizaci\u00f3n vial sin aire utilizan una bomba de alta presi\u00f3n para pulverizar pintura directamente sobre la superficie de la carretera sin necesidad de aire comprimido.","breadcrumb":{"@id":"https:\/\/roadskymarking.com\/airless-road-marking-machines-2#breadcrumb"},"inLanguage":"es","potentialAction":[{"@type":"ReadAction","target":["https:\/\/roadskymarking.com\/airless-road-marking-machines-2"]}]},{"@type":"ImageObject","inLanguage":"es","@id":"https:\/\/roadskymarking.com\/airless-road-marking-machines-2#primaryimage","url":"https:\/\/roadskymarking.com\/wp-content\/uploads\/2024\/11\/Airless-Road-Marking-Machines.jpg","contentUrl":"https:\/\/roadskymarking.com\/wp-content\/uploads\/2024\/11\/Airless-Road-Marking-Machines.jpg"},{"@type":"BreadcrumbList","@id":"https:\/\/roadskymarking.com\/airless-road-marking-machines-2#breadcrumb","itemListElement":[{"@type":"ListItem","position":1,"name":"Home","item":"https:\/\/roadskymarking.com\/"},{"@type":"ListItem","position":2,"name":"Airless Road Marking Machines"}]},{"@type":"WebSite","@id":"https:\/\/roadskymarking.com\/#website","url":"https:\/\/roadskymarking.com\/","name":"Nanjing Roadsky Traffic Facility Co.,Ltd. (Corporaci\u00f3n Roadsky)","description":"Proveedor de equipos de se\u00f1alizaci\u00f3n vial - RoadSky","publisher":{"@id":"https:\/\/roadskymarking.com\/#organization"},"potentialAction":[{"@type":"SearchAction","target":{"@type":"EntryPoint","urlTemplate":"https:\/\/roadskymarking.com\/?s={search_term_string}"},"query-input":{"@type":"PropertyValueSpecification","valueRequired":true,"valueName":"search_term_string"}}],"inLanguage":"es"},{"@type":"Organization","@id":"https:\/\/roadskymarking.com\/#organization","name":"Nanjing Roadsky Traffic Facility Co.,Ltd. (Corporaci\u00f3n Roadsky)","url":"https:\/\/roadskymarking.com\/","logo":{"@type":"ImageObject","inLanguage":"es","@id":"https:\/\/roadskymarking.com\/#\/schema\/logo\/image\/","url":"https:\/\/roadskymarking.com\/wp-content\/uploads\/2023\/03\/LOGO.png","contentUrl":"https:\/\/roadskymarking.com\/wp-content\/uploads\/2023\/03\/LOGO.png","width":500,"height":400,"caption":"Nanjing Roadsky Traffic Facility Co.,Ltd. (Roadsky Corporation)"},"image":{"@id":"https:\/\/roadskymarking.com\/#\/schema\/logo\/image\/"}}]}},"_links":{"self":[{"href":"https:\/\/roadskymarking.com\/es\/wp-json\/wp\/v2\/pages\/3925","targetHints":{"allow":["GET"]}}],"collection":[{"href":"https:\/\/roadskymarking.com\/es\/wp-json\/wp\/v2\/pages"}],"about":[{"href":"https:\/\/roadskymarking.com\/es\/wp-json\/wp\/v2\/types\/page"}],"author":[{"embeddable":true,"href":"https:\/\/roadskymarking.com\/es\/wp-json\/wp\/v2\/users\/1"}],"replies":[{"embeddable":true,"href":"https:\/\/roadskymarking.com\/es\/wp-json\/wp\/v2\/comments?post=3925"}],"version-history":[{"count":7,"href":"https:\/\/roadskymarking.com\/es\/wp-json\/wp\/v2\/pages\/3925\/revisions"}],"predecessor-version":[{"id":3938,"href":"https:\/\/roadskymarking.com\/es\/wp-json\/wp\/v2\/pages\/3925\/revisions\/3938"}],"wp:attachment":[{"href":"https:\/\/roadskymarking.com\/es\/wp-json\/wp\/v2\/media?parent=3925"}],"curies":[{"name":"wp","href":"https:\/\/api.w.org\/{rel}","templated":true}]}}