{"id":4281,"date":"2025-09-03T06:15:58","date_gmt":"2025-09-03T06:15:58","guid":{"rendered":"https:\/\/roadskymarking.com\/?page_id=4281"},"modified":"2025-10-14T06:21:22","modified_gmt":"2025-10-14T06:21:22","slug":"retroreflectometer","status":"publish","type":"page","link":"https:\/\/roadskymarking.com\/es\/retroreflectometer","title":{"rendered":"Retrorreflect\u00f3metro"},"content":{"rendered":"<p>Un retrorreflect\u00f3metro es un instrumento esencial para medir la retrorreflectividad de las marcas viales y las se\u00f1ales de tr\u00e1fico. Al cuantificar cu\u00e1nta luz se refleja hacia los conductores por la noche, este dispositivo garantiza que los materiales de control del tr\u00e1fico cumplan las normas de seguridad y sigan siendo muy visibles en condiciones de poca luz y humedad.<\/p>\n\n\n\n<p>Nuestros retrorreflect\u00f3metros est\u00e1n dise\u00f1ados para realizar pruebas precisas, fiables y f\u00e1ciles de usar tanto en entornos de campo como de laboratorio. Ayudan a las agencias de transporte, contratistas e inspectores de seguridad a evaluar el cumplimiento de normas internacionales como ASTM, EN e ISO.<\/p>\n\n\n\n<h2 class=\"wp-block-heading\">Productos relacionados<\/h2>\n\n\n\n<div class=\"wp-block-columns is-layout-flex wp-container-core-columns-is-layout-9d6595d7 wp-block-columns-is-layout-flex\">\n<div class=\"wp-block-column is-layout-flow wp-block-column-is-layout-flow\"><div class=\"wp-block-image\">\n<figure class=\"aligncenter size-large is-resized\"><a href=\"https:\/\/roadskymarking.com\/es\/pavement-marking-retroreflectometer.html\/\" target=\"_blank\" rel=\" noreferrer noopener\"><img decoding=\"async\" src=\"https:\/\/roadskymarking.com\/wp-content\/uploads\/2023\/09\/Pavement-Marking-Retroreflectometer.jpg\" alt=\"Retrorreflect\u00f3metro de se\u00f1alizaci\u00f3n RL\" style=\"object-fit:cover;width:300px;height:300px\"\/><\/a><figcaption class=\"wp-element-caption\"><a href=\"https:\/\/roadskymarking.com\/es\/pavement-marking-retroreflectometer.html\/\" target=\"_blank\" rel=\"noreferrer noopener\">Retrorreflect\u00f3metro de se\u00f1alizaci\u00f3n RL<\/a><\/figcaption><\/figure><\/div><\/div>\n\n\n\n<div class=\"wp-block-column is-layout-flow wp-block-column-is-layout-flow\">\n<p>El retrorreflect\u00f3metro para marcas viales tipo ROADSKY es un instrumento port\u00e1til de medici\u00f3n in situ, utilizado para medir la caracter\u00edstica de retrorreflexi\u00f3n de las marcas viales. El instrumento tipo ROADSKY es para simular el brillo de las marcas viales que puede ver el conductor bajo la iluminaci\u00f3n de los veh\u00edculos de motor por la noche, y el par\u00e1metro medido es el coeficiente de brillo de retrorreflexi\u00f3n por la noche, es decir, el valor RL.<\/p>\n<\/div>\n<\/div>\n\n\n\n<div class=\"wp-block-columns is-layout-flex wp-container-core-columns-is-layout-9d6595d7 wp-block-columns-is-layout-flex\">\n<div class=\"wp-block-column is-layout-flow wp-block-column-is-layout-flow\"><div class=\"wp-block-image\">\n<figure class=\"aligncenter size-large is-resized\"><a href=\"https:\/\/roadskymarking.com\/es\/pavement-marking-retroreflectometer-rlqd.html\/\" target=\"_blank\" rel=\" noreferrer noopener\"><img decoding=\"async\" src=\"https:\/\/roadskymarking.com\/wp-content\/uploads\/2024\/11\/Pavement-Marking-Retroreflectometer-RLQD.jpg\" alt=\"Retrorreflect\u00f3metro de se\u00f1alizaci\u00f3n RL&amp;QD\" style=\"object-fit:cover;width:300px;height:300px\"\/><\/a><figcaption class=\"wp-element-caption\"><a href=\"https:\/\/roadskymarking.com\/es\/pavement-marking-retroreflectometer-rlqd.html\/\" target=\"_blank\" rel=\"noreferrer noopener\">Retrorreflect\u00f3metro de se\u00f1alizaci\u00f3n RL&amp;QD<\/a><\/figcaption><\/figure><\/div><\/div>\n\n\n\n<div class=\"wp-block-column is-layout-flow wp-block-column-is-layout-flow\">\n<p>El retrorreflect\u00f3metro de marcas en el pavimento RL&amp;QD es un instrumento port\u00e1til de medici\u00f3n de campo para medir el brillo retrorreflectante diurno y nocturno. Se utiliza para medir las caracter\u00edsticas retrorreflectantes de las marcas viales. Simula el brillo de las marcas viales que los conductores pueden ver en condiciones de iluminaci\u00f3n diurna y nocturna de los veh\u00edculos de motor. El par\u00e1metro medido es el coeficiente de brillo retrorreflectante diurno y nocturno, es decir, el valor RL&amp;QD.<\/p>\n<\/div>\n<\/div>\n\n\n\n<div class=\"wp-block-columns is-layout-flex wp-container-core-columns-is-layout-9d6595d7 wp-block-columns-is-layout-flex\">\n<div class=\"wp-block-column is-layout-flow wp-block-column-is-layout-flow\"><div class=\"wp-block-image\">\n<figure class=\"aligncenter size-large is-resized\"><a href=\"https:\/\/roadskymarking.com\/es\/rainy-night-retroreflectometer-for-road-markings.html\/\" target=\"_blank\" rel=\" noreferrer noopener\"><img decoding=\"async\" src=\"https:\/\/roadskymarking.com\/wp-content\/uploads\/2025\/07\/Rainy-Night-Retroreflectometer-for-Road-Markings-2.jpg\" alt=\"Retrorreflect\u00f3metro de noche lluviosa para marcas viales\" style=\"object-fit:cover;width:300px;height:300px\"\/><\/a><figcaption class=\"wp-element-caption\"><a href=\"https:\/\/roadskymarking.com\/es\/rainy-night-retroreflectometer-for-road-markings.html\/\" target=\"_blank\" rel=\"noreferrer noopener\">Retrorreflect\u00f3metro de noche lluviosa para marcas viales<\/a><\/figcaption><\/figure><\/div><\/div>\n\n\n\n<div class=\"wp-block-column is-layout-flow wp-block-column-is-layout-flow\">\n<p>El retrorreflect\u00f3metro de noche lluviosa para se\u00f1alizaci\u00f3n vial es un instrumento port\u00e1til de medici\u00f3n in situ con trayectoria de luz abierta, utilizado para medir el coeficiente de brillo por retrorreflexi\u00f3n de la l\u00ednea de se\u00f1alizaci\u00f3n. Unidad: mcd-m-2-lx-1.<\/p>\n\n\n\n<p>Este instrumento puede medir la l\u00ednea de marcado y el coeficiente de brillo por retrorreflexi\u00f3n de la l\u00ednea de marcado oscilante en tres condiciones: R_L seco, R_(L_h\u00famedo) h\u00famedo y R_(L_lluvia) de lluvia continua.<\/p>\n<\/div>\n<\/div>\n\n\n\n<div class=\"wp-block-columns is-layout-flex wp-container-core-columns-is-layout-9d6595d7 wp-block-columns-is-layout-flex\">\n<div class=\"wp-block-column is-layout-flow wp-block-column-is-layout-flow\"><div class=\"wp-block-image\">\n<figure class=\"aligncenter size-large is-resized\"><a href=\"https:\/\/roadskymarking.com\/es\/retroreflectometer-for-road-markings-rlqd-short-type.html\/\" target=\"_blank\" rel=\" noreferrer noopener\"><img decoding=\"async\" src=\"https:\/\/roadskymarking.com\/wp-content\/uploads\/2025\/07\/Retroreflectometer-for-Road-Markings-RLQD-Short-Type.jpg\" alt=\"Retrorreflect\u00f3metro para marcas viales RL&amp;QD (tipo corto)\" style=\"object-fit:cover;width:300px;height:300px\"\/><\/a><figcaption class=\"wp-element-caption\"><a href=\"https:\/\/roadskymarking.com\/es\/retroreflectometer-for-road-markings-rlqd-short-type.html\/\" target=\"_blank\" rel=\"noreferrer noopener\">Retrorreflect\u00f3metro para marcas viales RL&amp;QD (tipo corto)<\/a><\/figcaption><\/figure><\/div><\/div>\n\n\n\n<div class=\"wp-block-column is-layout-flow wp-block-column-is-layout-flow\">\n<p>Este instrumento de medici\u00f3n de la retrorreflexi\u00f3n es un instrumento port\u00e1til de medici\u00f3n de campo, que puede simular el brillo de las marcas viales visible para el conductor bajo la iluminaci\u00f3n de los faros de los veh\u00edculos de motor por la noche. El par\u00e1metro medido es el coeficiente de retrorreflexi\u00f3n luminosa nocturna, es decir, el valor RL, en mcd-m-2-lx-1.<\/p>\n<\/div>\n<\/div>\n\n\n\n<div class=\"wp-block-columns is-layout-flex wp-container-core-columns-is-layout-9d6595d7 wp-block-columns-is-layout-flex\">\n<div class=\"wp-block-column is-layout-flow wp-block-column-is-layout-flow\"><div class=\"wp-block-image\">\n<figure class=\"aligncenter size-large is-resized\"><a href=\"https:\/\/roadskymarking.com\/es\/road-sign-retro-reflection-meter.html\/\" target=\"_blank\" rel=\" noreferrer noopener\"><img decoding=\"async\" src=\"https:\/\/roadskymarking.com\/wp-content\/uploads\/2024\/06\/Road-Sign-Retro-Reflection-Meter.jpg\" alt=\"Medidor de retrorreflexi\u00f3n de se\u00f1ales de tr\u00e1fico\" style=\"object-fit:cover;width:300px;height:300px\"\/><\/a><figcaption class=\"wp-element-caption\"><a href=\"https:\/\/roadskymarking.com\/es\/road-sign-retro-reflection-meter.html\/\" target=\"_blank\" rel=\"noreferrer noopener\">Medidor de retrorreflexi\u00f3n de se\u00f1ales de tr\u00e1fico<\/a><\/figcaption><\/figure><\/div><\/div>\n\n\n\n<div class=\"wp-block-column is-layout-flow wp-block-column-is-layout-flow\">\n<p>Un medidor de retrorreflexi\u00f3n de se\u00f1ales de tr\u00e1fico (retrorreflect\u00f3metro de se\u00f1ales de tr\u00e1fico) es una herramienta especializada dise\u00f1ada para medir la reflectividad de las se\u00f1ales de tr\u00e1fico. Este instrumento es crucial para garantizar que las se\u00f1ales de tr\u00e1fico cumplen las normas reglamentarias de visibilidad, especialmente por la noche o en condiciones de poca luz.<\/p>\n<\/div>\n<\/div>\n\n\n\n<div class=\"wp-block-columns is-layout-flex wp-container-core-columns-is-layout-9d6595d7 wp-block-columns-is-layout-flex\">\n<div class=\"wp-block-column is-layout-flow wp-block-column-is-layout-flow\"><div class=\"wp-block-image\">\n<figure class=\"aligncenter size-large is-resized\"><a href=\"https:\/\/roadskymarking.com\/es\/multi-angle-retroreflective-coefficient-tester.html\/\" target=\"_blank\" rel=\" noreferrer noopener\"><img decoding=\"async\" src=\"https:\/\/roadskymarking.com\/wp-content\/uploads\/2025\/07\/Multi-angle-Retroreflective-Coefficient-Tester.jpg\" alt=\"Medidor multi\u00e1ngulo del coeficiente de reflexi\u00f3n\" style=\"object-fit:cover;width:300px;height:300px\"\/><\/a><figcaption class=\"wp-element-caption\"><a href=\"https:\/\/roadskymarking.com\/es\/multi-angle-retroreflective-coefficient-tester.html\/\" target=\"_blank\" rel=\"noreferrer noopener\">Medidor multi\u00e1ngulo del coeficiente de reflexi\u00f3n<\/a><\/figcaption><\/figure><\/div><\/div>\n\n\n\n<div class=\"wp-block-column is-layout-flow wp-block-column-is-layout-flow\">\n<p>Multi-\u00e1ngulo coeficiente retrorreflectante probador es un equipo de prueba port\u00e1til que se utiliza profesionalmente para medir las caracter\u00edsticas \u00f3pticas retrorreflectantes de diversos materiales reflectantes de seguridad. Es ampliamente utilizado en diversos productos reflectantes de tr\u00e1fico por carretera, productos reflectantes de seguridad del veh\u00edculo, y las se\u00f1ales de producci\u00f3n de seguridad, inspecci\u00f3n in situ y la inspecci\u00f3n de tela reflectante, etc.<\/p>\n<\/div>\n<\/div>\n\n\n\n<h2 class=\"wp-block-heading\">Obtenga un retrorreflect\u00f3metro de alta calidad de Roadsky<\/h2>\n\n\n\n<p>\u00bfBusca un retrorreflect\u00f3metro de alta calidad a un precio competitivo? RoadSky ofrece una gama completa de retrorreflect\u00f3metros para se\u00f1alizaci\u00f3n vial y se\u00f1ales de tr\u00e1fico que cumplen las normas ASTM y EN.<\/p>\n\n\n\n<ul class=\"wp-block-list\">\n<li>Rendimiento fiable, resultados precisos<\/li>\n\n\n\n<li>Port\u00e1til y f\u00e1cil de manejar<\/li>\n\n\n\n<li>Env\u00edos internacionales y asistencia profesional<\/li>\n<\/ul>\n\n\n\n<h2 class=\"wp-block-heading\">P\u00f3ngase en contacto con nosotros<\/h2>\n\n\n\n<p><em>Rellene el siguiente formulario y nuestros representantes comerciales se pondr\u00e1n en contacto con usted en breve.<\/em><\/p>\n\n\n\n<div class=\"wp-block-contact-form-7-contact-form-selector\">\n<div class=\"wpcf7 no-js\" id=\"wpcf7-f1316-o1\" lang=\"en-US\" dir=\"ltr\" data-wpcf7-id=\"1316\">\n<div class=\"screen-reader-response\"><p role=\"status\" aria-live=\"polite\" aria-atomic=\"true\"><\/p> <ul><\/ul><\/div>\n<form action=\"\/es\/wp-json\/wp\/v2\/pages\/4281#wpcf7-f1316-o1\" method=\"post\" class=\"wpcf7-form init\" aria-label=\"Formulario de contacto\" novalidate=\"novalidate\" data-status=\"init\" data-trp-original-action=\"\/es\/wp-json\/wp\/v2\/pages\/4281#wpcf7-f1316-o1\">\n<fieldset class=\"hidden-fields-container\"><input type=\"hidden\" name=\"_wpcf7\" value=\"1316\" \/><input type=\"hidden\" name=\"_wpcf7_version\" value=\"6.1.5\" \/><input type=\"hidden\" name=\"_wpcf7_locale\" value=\"en_US\" \/><input type=\"hidden\" name=\"_wpcf7_unit_tag\" value=\"wpcf7-f1316-o1\" \/><input type=\"hidden\" name=\"_wpcf7_container_post\" value=\"0\" \/><input type=\"hidden\" name=\"_wpcf7_posted_data_hash\" value=\"\" \/>\n<\/fieldset>\n<div class=\"wpcf7-turnstile cf-turnstile\" data-sitekey=\"0x4AAAAAACH9ueYy7fDdFIjX\" data-response-field-name=\"_wpcf7_turnstile_response\"><\/div>\n\n<p><label><em>*<\/em>Asunto:<\/label><span class=\"wpcf7-form-control-wrap\" data-name=\"your-subject\"><input size=\"40\" maxlength=\"400\" class=\"wpcf7-form-control wpcf7-text wpcf7-validates-as-required\" id=\"your-subject\" aria-required=\"true\" aria-invalid=\"false\" value=\"Product Inquiry\" type=\"text\" name=\"your-subject\" \/><\/span>\n<\/p>\n<p><label><em>*<\/em>Nombre:<\/label><span class=\"wpcf7-form-control-wrap\" data-name=\"your-name\"><input size=\"40\" maxlength=\"400\" class=\"wpcf7-form-control wpcf7-text wpcf7-validates-as-required\" id=\"your-name\" aria-required=\"true\" aria-invalid=\"false\" placeholder=\"Por favor, rellene el nombre com\u00fanmente utilizado\" value=\"\" type=\"text\" name=\"your-name\" \/><\/span>\n<\/p>\n<p><label><em>*<\/em>Correo electr\u00f3nico:<\/label><span class=\"wpcf7-form-control-wrap\" data-name=\"your-email\"><input size=\"40\" maxlength=\"400\" class=\"wpcf7-form-control wpcf7-email wpcf7-validates-as-required wpcf7-text wpcf7-validates-as-email\" id=\"your-email\" aria-required=\"true\" aria-invalid=\"false\" placeholder=\"Rellene el correo electr\u00f3nico de uso com\u00fan\" value=\"\" type=\"email\" name=\"your-email\" \/><\/span>\n<\/p>\n<p><label>Tel\u00e9fono:<\/label><span class=\"wpcf7-form-control-wrap\" data-name=\"your-phone\"><input size=\"40\" maxlength=\"400\" class=\"wpcf7-form-control wpcf7-text\" id=\"your-phone\" aria-invalid=\"false\" placeholder=\"Rellene el n\u00famero de tel\u00e9fono de contacto o el tel\u00e9fono m\u00f3vil\" value=\"\" type=\"text\" name=\"your-phone\" \/><\/span>\n<\/p>\n<p><label>Pa\u00eds:<\/label><span class=\"wpcf7-form-control-wrap\" data-name=\"your-country\"><input size=\"40\" maxlength=\"400\" class=\"wpcf7-form-control wpcf7-text\" id=\"your-country\" aria-invalid=\"false\" placeholder=\"Indique su pa\u00eds\" value=\"\" type=\"text\" name=\"your-country\" \/><\/span>\n<\/p>\n<p><label>Empresa:<\/label><span class=\"wpcf7-form-control-wrap\" data-name=\"your-company\"><input size=\"40\" maxlength=\"400\" class=\"wpcf7-form-control wpcf7-text\" id=\"your-company\" aria-invalid=\"false\" placeholder=\"Rellene el nombre de la empresa\" value=\"\" type=\"text\" name=\"your-company\" \/><\/span>\n<\/p>\n<p><label><em>*<\/em>Contenido:<\/label><span class=\"wpcf7-form-control-wrap\" data-name=\"your-message\"><textarea cols=\"40\" rows=\"10\" maxlength=\"2000\" class=\"wpcf7-form-control wpcf7-textarea wpcf7-validates-as-required\" aria-required=\"true\" aria-invalid=\"false\" placeholder=\"Rellene los datos que desee conocer, como nombre del producto, especificaciones, precio, MOQ, etc.\" name=\"your-message\"><\/textarea><\/span>\n<\/p>\n<p class=\"btn-submit\"><label> <\/label><input class=\"wpcf7-form-control wpcf7-submit has-spinner\" type=\"submit\" value=\"ENVIAR\" \/>\n<\/p><div class=\"wpcf7-response-output\" aria-hidden=\"true\"><\/div>\n<input type=\"hidden\" name=\"trp-form-language\" value=\"es\"\/><\/form>\n<\/div>\n<\/div>","protected":false},"excerpt":{"rendered":"<p>A retroreflectometer is an essential instrument for measuring the retroreflectivity of road markings and road signs. By quantifying how much light is reflected back toward drivers at night, this device ensures that traffic control materials meet safety standards and remain highly visible under low-light and wet conditions. Our retroreflectometers are designed for accurate, reliable, and user-friendly testing in both field and laboratory environments. They help transportation agencies, contractors, and safety inspectors evaluate compliance with international standards such as ASTM, EN, and ISO. Related Products ROADSKY type pavement marking retroreflectometer (retroreflectometer for road markings) is a portable on-site measuring instrument, used for measuring the retroreflection characteristic of road marking. ROADSKY type instrument is to simulate the brightness of road marking that can be seen by the driver under the illumination of motor vehicles at night, and the measured parameter is the coefficient of retrorefection brightness at night, namely, RL value. Pavement Marking Retroreflectometer RL&amp;QD is a portable field measuring instrument for &#8230;<\/p>","protected":false},"author":1,"featured_media":0,"parent":0,"menu_order":0,"comment_status":"closed","ping_status":"closed","template":"","meta":{"footnotes":""},"class_list":["post-4281","page","type-page","status-publish","hentry"],"yoast_head":"<!-- This site is optimized with the Yoast SEO plugin v27.3 - https:\/\/yoast.com\/product\/yoast-seo-wordpress\/ -->\n<title>Retroreflectometer | Measure Road Marking &amp; Traffic Signs<\/title>\n<meta name=\"description\" content=\"ROADSKY retroreflectometer for road markings and traffic signs. Portable, accurate testing to ensure visibility and improve road safety.\" \/>\n<meta name=\"robots\" content=\"index, follow, max-snippet:-1, max-image-preview:large, max-video-preview:-1\" \/>\n<link rel=\"canonical\" href=\"https:\/\/roadskymarking.com\/es\/retroreflectometer\/\" \/>\n<meta property=\"og:locale\" content=\"es_ES\" \/>\n<meta property=\"og:type\" content=\"article\" \/>\n<meta property=\"og:title\" content=\"Retroreflectometer | Measure Road Marking &amp; Traffic Signs\" \/>\n<meta property=\"og:description\" content=\"ROADSKY retroreflectometer for road markings and traffic signs. Portable, accurate testing to ensure visibility and improve road safety.\" \/>\n<meta property=\"og:url\" content=\"https:\/\/roadskymarking.com\/es\/retroreflectometer\/\" \/>\n<meta property=\"og:site_name\" content=\"Nanjing Roadsky Traffic Facility Co.,Ltd. (Roadsky Corporation)\" \/>\n<meta property=\"article:modified_time\" content=\"2025-10-14T06:21:22+00:00\" \/>\n<meta property=\"og:image\" content=\"https:\/\/roadskymarking.com\/wp-content\/uploads\/2023\/09\/Pavement-Marking-Retroreflectometer.jpg\" \/>\n<meta name=\"twitter:card\" content=\"summary_large_image\" \/>\n<meta name=\"twitter:label1\" content=\"Tiempo de lectura\" \/>\n\t<meta name=\"twitter:data1\" content=\"4 minutos\" \/>\n<script type=\"application\/ld+json\" class=\"yoast-schema-graph\">{\"@context\":\"https:\\\/\\\/schema.org\",\"@graph\":[{\"@type\":\"WebPage\",\"@id\":\"https:\\\/\\\/roadskymarking.com\\\/retroreflectometer\",\"url\":\"https:\\\/\\\/roadskymarking.com\\\/retroreflectometer\",\"name\":\"Retroreflectometer | Measure Road Marking & Traffic Signs\",\"isPartOf\":{\"@id\":\"https:\\\/\\\/roadskymarking.com\\\/#website\"},\"primaryImageOfPage\":{\"@id\":\"https:\\\/\\\/roadskymarking.com\\\/retroreflectometer#primaryimage\"},\"image\":{\"@id\":\"https:\\\/\\\/roadskymarking.com\\\/retroreflectometer#primaryimage\"},\"thumbnailUrl\":\"https:\\\/\\\/roadskymarking.com\\\/wp-content\\\/uploads\\\/2023\\\/09\\\/Pavement-Marking-Retroreflectometer.jpg\",\"datePublished\":\"2025-09-03T06:15:58+00:00\",\"dateModified\":\"2025-10-14T06:21:22+00:00\",\"description\":\"ROADSKY retroreflectometer for road markings and traffic signs. Portable, accurate testing to ensure visibility and improve road safety.\",\"breadcrumb\":{\"@id\":\"https:\\\/\\\/roadskymarking.com\\\/retroreflectometer#breadcrumb\"},\"inLanguage\":\"es\",\"potentialAction\":[{\"@type\":\"ReadAction\",\"target\":[\"https:\\\/\\\/roadskymarking.com\\\/retroreflectometer\"]}]},{\"@type\":\"ImageObject\",\"inLanguage\":\"es\",\"@id\":\"https:\\\/\\\/roadskymarking.com\\\/retroreflectometer#primaryimage\",\"url\":\"https:\\\/\\\/roadskymarking.com\\\/wp-content\\\/uploads\\\/2023\\\/09\\\/Pavement-Marking-Retroreflectometer.jpg\",\"contentUrl\":\"https:\\\/\\\/roadskymarking.com\\\/wp-content\\\/uploads\\\/2023\\\/09\\\/Pavement-Marking-Retroreflectometer.jpg\"},{\"@type\":\"BreadcrumbList\",\"@id\":\"https:\\\/\\\/roadskymarking.com\\\/retroreflectometer#breadcrumb\",\"itemListElement\":[{\"@type\":\"ListItem\",\"position\":1,\"name\":\"Home\",\"item\":\"https:\\\/\\\/roadskymarking.com\\\/\"},{\"@type\":\"ListItem\",\"position\":2,\"name\":\"Retroreflectometer\"}]},{\"@type\":\"WebSite\",\"@id\":\"https:\\\/\\\/roadskymarking.com\\\/#website\",\"url\":\"https:\\\/\\\/roadskymarking.com\\\/\",\"name\":\"Nanjing Roadsky Traffic Facility Co.,Ltd. (Roadsky Corporation)\",\"description\":\"Pavement Marking Equipment Supplier - RoadSky\",\"publisher\":{\"@id\":\"https:\\\/\\\/roadskymarking.com\\\/#organization\"},\"potentialAction\":[{\"@type\":\"SearchAction\",\"target\":{\"@type\":\"EntryPoint\",\"urlTemplate\":\"https:\\\/\\\/roadskymarking.com\\\/?s={search_term_string}\"},\"query-input\":{\"@type\":\"PropertyValueSpecification\",\"valueRequired\":true,\"valueName\":\"search_term_string\"}}],\"inLanguage\":\"es\"},{\"@type\":\"Organization\",\"@id\":\"https:\\\/\\\/roadskymarking.com\\\/#organization\",\"name\":\"Nanjing Roadsky Traffic Facility Co.,Ltd. (Roadsky Corporation)\",\"url\":\"https:\\\/\\\/roadskymarking.com\\\/\",\"logo\":{\"@type\":\"ImageObject\",\"inLanguage\":\"es\",\"@id\":\"https:\\\/\\\/roadskymarking.com\\\/#\\\/schema\\\/logo\\\/image\\\/\",\"url\":\"https:\\\/\\\/roadskymarking.com\\\/wp-content\\\/uploads\\\/2023\\\/03\\\/LOGO.png\",\"contentUrl\":\"https:\\\/\\\/roadskymarking.com\\\/wp-content\\\/uploads\\\/2023\\\/03\\\/LOGO.png\",\"width\":500,\"height\":400,\"caption\":\"Nanjing Roadsky Traffic Facility Co.,Ltd. (Roadsky Corporation)\"},\"image\":{\"@id\":\"https:\\\/\\\/roadskymarking.com\\\/#\\\/schema\\\/logo\\\/image\\\/\"}}]}<\/script>\n<!-- \/ Yoast SEO plugin. -->","yoast_head_json":{"title":"Retroreflect\u00f3metro | Medici\u00f3n de marcas viales y se\u00f1ales de tr\u00e1fico","description":"Retrorreflect\u00f3metro ROADSKY para marcas viales y se\u00f1ales de tr\u00e1fico. Pruebas port\u00e1tiles y precisas para garantizar la visibilidad y mejorar la seguridad vial.","robots":{"index":"index","follow":"follow","max-snippet":"max-snippet:-1","max-image-preview":"max-image-preview:large","max-video-preview":"max-video-preview:-1"},"canonical":"https:\/\/roadskymarking.com\/es\/retroreflectometer\/","og_locale":"es_ES","og_type":"article","og_title":"Retroreflectometer | Measure Road Marking & Traffic Signs","og_description":"ROADSKY retroreflectometer for road markings and traffic signs. Portable, accurate testing to ensure visibility and improve road safety.","og_url":"https:\/\/roadskymarking.com\/es\/retroreflectometer\/","og_site_name":"Nanjing Roadsky Traffic Facility Co.,Ltd. (Roadsky Corporation)","article_modified_time":"2025-10-14T06:21:22+00:00","og_image":[{"url":"https:\/\/roadskymarking.com\/wp-content\/uploads\/2023\/09\/Pavement-Marking-Retroreflectometer.jpg","type":"","width":"","height":""}],"twitter_card":"summary_large_image","twitter_misc":{"Tiempo de lectura":"4 minutos"},"schema":{"@context":"https:\/\/schema.org","@graph":[{"@type":"WebPage","@id":"https:\/\/roadskymarking.com\/retroreflectometer","url":"https:\/\/roadskymarking.com\/retroreflectometer","name":"Retroreflect\u00f3metro | Medici\u00f3n de marcas viales y se\u00f1ales de tr\u00e1fico","isPartOf":{"@id":"https:\/\/roadskymarking.com\/#website"},"primaryImageOfPage":{"@id":"https:\/\/roadskymarking.com\/retroreflectometer#primaryimage"},"image":{"@id":"https:\/\/roadskymarking.com\/retroreflectometer#primaryimage"},"thumbnailUrl":"https:\/\/roadskymarking.com\/wp-content\/uploads\/2023\/09\/Pavement-Marking-Retroreflectometer.jpg","datePublished":"2025-09-03T06:15:58+00:00","dateModified":"2025-10-14T06:21:22+00:00","description":"Retrorreflect\u00f3metro ROADSKY para marcas viales y se\u00f1ales de tr\u00e1fico. Pruebas port\u00e1tiles y precisas para garantizar la visibilidad y mejorar la seguridad vial.","breadcrumb":{"@id":"https:\/\/roadskymarking.com\/retroreflectometer#breadcrumb"},"inLanguage":"es","potentialAction":[{"@type":"ReadAction","target":["https:\/\/roadskymarking.com\/retroreflectometer"]}]},{"@type":"ImageObject","inLanguage":"es","@id":"https:\/\/roadskymarking.com\/retroreflectometer#primaryimage","url":"https:\/\/roadskymarking.com\/wp-content\/uploads\/2023\/09\/Pavement-Marking-Retroreflectometer.jpg","contentUrl":"https:\/\/roadskymarking.com\/wp-content\/uploads\/2023\/09\/Pavement-Marking-Retroreflectometer.jpg"},{"@type":"BreadcrumbList","@id":"https:\/\/roadskymarking.com\/retroreflectometer#breadcrumb","itemListElement":[{"@type":"ListItem","position":1,"name":"Home","item":"https:\/\/roadskymarking.com\/"},{"@type":"ListItem","position":2,"name":"Retroreflectometer"}]},{"@type":"WebSite","@id":"https:\/\/roadskymarking.com\/#website","url":"https:\/\/roadskymarking.com\/","name":"Nanjing Roadsky Traffic Facility Co.,Ltd. (Corporaci\u00f3n Roadsky)","description":"Proveedor de equipos de se\u00f1alizaci\u00f3n vial - RoadSky","publisher":{"@id":"https:\/\/roadskymarking.com\/#organization"},"potentialAction":[{"@type":"SearchAction","target":{"@type":"EntryPoint","urlTemplate":"https:\/\/roadskymarking.com\/?s={search_term_string}"},"query-input":{"@type":"PropertyValueSpecification","valueRequired":true,"valueName":"search_term_string"}}],"inLanguage":"es"},{"@type":"Organization","@id":"https:\/\/roadskymarking.com\/#organization","name":"Nanjing Roadsky Traffic Facility Co.,Ltd. (Corporaci\u00f3n Roadsky)","url":"https:\/\/roadskymarking.com\/","logo":{"@type":"ImageObject","inLanguage":"es","@id":"https:\/\/roadskymarking.com\/#\/schema\/logo\/image\/","url":"https:\/\/roadskymarking.com\/wp-content\/uploads\/2023\/03\/LOGO.png","contentUrl":"https:\/\/roadskymarking.com\/wp-content\/uploads\/2023\/03\/LOGO.png","width":500,"height":400,"caption":"Nanjing Roadsky Traffic Facility Co.,Ltd. (Roadsky Corporation)"},"image":{"@id":"https:\/\/roadskymarking.com\/#\/schema\/logo\/image\/"}}]}},"_links":{"self":[{"href":"https:\/\/roadskymarking.com\/es\/wp-json\/wp\/v2\/pages\/4281","targetHints":{"allow":["GET"]}}],"collection":[{"href":"https:\/\/roadskymarking.com\/es\/wp-json\/wp\/v2\/pages"}],"about":[{"href":"https:\/\/roadskymarking.com\/es\/wp-json\/wp\/v2\/types\/page"}],"author":[{"embeddable":true,"href":"https:\/\/roadskymarking.com\/es\/wp-json\/wp\/v2\/users\/1"}],"replies":[{"embeddable":true,"href":"https:\/\/roadskymarking.com\/es\/wp-json\/wp\/v2\/comments?post=4281"}],"version-history":[{"count":6,"href":"https:\/\/roadskymarking.com\/es\/wp-json\/wp\/v2\/pages\/4281\/revisions"}],"predecessor-version":[{"id":4325,"href":"https:\/\/roadskymarking.com\/es\/wp-json\/wp\/v2\/pages\/4281\/revisions\/4325"}],"wp:attachment":[{"href":"https:\/\/roadskymarking.com\/es\/wp-json\/wp\/v2\/media?parent=4281"}],"curies":[{"name":"wp","href":"https:\/\/api.w.org\/{rel}","templated":true}]}}