{"id":4347,"date":"2025-11-06T02:47:15","date_gmt":"2025-11-06T02:47:15","guid":{"rendered":"https:\/\/roadskymarking.com\/?page_id=4347"},"modified":"2025-11-06T02:51:14","modified_gmt":"2025-11-06T02:51:14","slug":"road-curbs-painting-machines","status":"publish","type":"page","link":"https:\/\/roadskymarking.com\/es\/road-curbs-painting-machines","title":{"rendered":"M\u00e1quinas para pintar bordillos"},"content":{"rendered":"<p>Una m\u00e1quina de pintar bordillos (tambi\u00e9n conocida como m\u00e1quina de marcar bordillos o equipo de marcar bordillos) es un tipo de <strong><a href=\"https:\/\/roadskymarking.com\/es\/\" target=\"_blank\" rel=\"noreferrer noopener\" style=\"text-decoration: underline;\">equipos de se\u00f1alizaci\u00f3n vial<\/a><\/strong> se utiliza para aplicar pintura reflectante o no reflectante en las superficies laterales de los bordes de las carreteras, bordillos y cunetas.<\/p>\n\n\n\n<h2 class=\"wp-block-heading\">Productos relacionados:<\/h2>\n\n\n\n<div class=\"wp-block-columns is-layout-flex wp-container-core-columns-is-layout-9d6595d7 wp-block-columns-is-layout-flex\">\n<div class=\"wp-block-column is-layout-flow wp-block-column-is-layout-flow\"><div class=\"wp-block-image\">\n<figure class=\"aligncenter size-large is-resized\"><a href=\"https:\/\/roadskymarking.com\/es\/rs-5f-cold-paint-mechanical-road-marking-machine.html\/\" target=\"_blank\" rel=\" noreferrer noopener\"><img decoding=\"async\" src=\"https:\/\/roadskymarking.com\/wp-content\/uploads\/2025\/09\/RS-5F-Cold-Paint-Mechanical-Road-Marking-Machine-5.jpg\" alt=\"RS-5F M\u00e1quina pavimentadora mec\u00e1nica de pintura en fr\u00edo\" style=\"object-fit:cover;width:300px;height:300px\"\/><\/a><figcaption class=\"wp-element-caption\"><a href=\"https:\/\/roadskymarking.com\/es\/rs-5f-cold-paint-mechanical-road-marking-machine.html\/\" target=\"_blank\" rel=\"noreferrer noopener\">RS-5F M\u00e1quina pavimentadora mec\u00e1nica de pintura en fr\u00edo<\/a><\/figcaption><\/figure><\/div><\/div>\n\n\n\n<div class=\"wp-block-column is-layout-flow wp-block-column-is-layout-flow\">\n<p>Equipada con un sistema de pulverizaci\u00f3n mec\u00e1nico, la RS-5F garantiza una aplicaci\u00f3n uniforme de la pintura y unas l\u00edneas n\u00edtidas y duraderas. Su anchura y grosor de pulverizaci\u00f3n ajustables la hacen adecuada para diversos requisitos de marcaje, como autopistas, aparcamientos, f\u00e1bricas y campos deportivos.<\/p>\n<\/div>\n<\/div>\n\n\n\n<div class=\"wp-block-columns is-layout-flex wp-container-core-columns-is-layout-9d6595d7 wp-block-columns-is-layout-flex\">\n<div class=\"wp-block-column is-layout-flow wp-block-column-is-layout-flow\"><div class=\"wp-block-image\">\n<figure class=\"aligncenter size-large is-resized\"><a href=\"https:\/\/roadskymarking.com\/es\/rs-12ld-intelligent-cold-paint-road-marking-machine.html\/\" target=\"_blank\" rel=\" noreferrer noopener\"><img decoding=\"async\" src=\"https:\/\/roadskymarking.com\/wp-content\/uploads\/2025\/09\/RS-12LD-Intelligent-Cold-Paint-Road-Marking-Machine-2.jpg\" alt=\"RS-12LD M\u00e1quina inteligente de marcado de carreteras con pintura en fr\u00edo\" style=\"object-fit:cover;width:300px;height:300px\"\/><\/a><figcaption class=\"wp-element-caption\"><a href=\"https:\/\/roadskymarking.com\/es\/rs-12ld-intelligent-cold-paint-road-marking-machine.html\/\" target=\"_blank\" rel=\"noreferrer noopener\">RS-12LD M\u00e1quina inteligente de marcado de carreteras con pintura en fr\u00edo<\/a><\/figcaption><\/figure><\/div><\/div>\n\n\n\n<div class=\"wp-block-column is-layout-flow wp-block-column-is-layout-flow\">\n<p>La m\u00e1quina inteligente de marcaje vial con pintura en fr\u00edo RS-12LD combina automatizaci\u00f3n avanzada, funcionamiento preciso controlado por ordenador y navegaci\u00f3n l\u00e1ser para ofrecer marcas viales precisas, uniformes y de calidad profesional para carreteras, autopistas, v\u00edas r\u00e1pidas, aparcamientos y zonas industriales, mejorando la eficacia y reduciendo los costes de mano de obra.<\/p>\n<\/div>\n<\/div>\n\n\n\n<div class=\"wp-block-columns is-layout-flex wp-container-core-columns-is-layout-9d6595d7 wp-block-columns-is-layout-flex\">\n<div class=\"wp-block-column is-layout-flow wp-block-column-is-layout-flow\"><div class=\"wp-block-image\">\n<figure class=\"aligncenter size-large is-resized\"><a href=\"https:\/\/roadskymarking.com\/es\/cold-paint-line-striper.html\/\" target=\"_blank\" rel=\" noreferrer noopener\"><img decoding=\"async\" src=\"https:\/\/roadskymarking.com\/wp-content\/uploads\/2018\/05\/RS-5E-Cold-Paint-Road-Marking-Machine-4.jpg\" alt=\"Rasqueta de l\u00ednea de pintura en fr\u00edo RS-5E\" style=\"object-fit:cover;width:300px;height:300px\"\/><\/a><figcaption class=\"wp-element-caption\"><a href=\"https:\/\/roadskymarking.com\/es\/cold-paint-line-striper.html\/\" target=\"_blank\" rel=\"noreferrer noopener\">Rasqueta de l\u00ednea de pintura en fr\u00edo RS-5E<\/a><\/figcaption><\/figure><\/div><\/div>\n\n\n\n<div class=\"wp-block-column is-layout-flow wp-block-column-is-layout-flow\">\n<p>La m\u00e1quina trazadora de l\u00edneas de pintura en fr\u00edo de la serie RS-5E (m\u00e1quina de marcado de pavimentos) est\u00e1 especialmente dise\u00f1ada para un marcado eficiente. La bomba hidr\u00e1ulica de inversi\u00f3n interna estable, la pistola pulverizadora ajustable y el filtro de pintura garantizan el rendimiento de marcado. La m\u00e1quina trazadora de l\u00edneas de pavimento RS-5E tiene una larga vida \u00fatil debido a su estructura simple, bomba y motor confiables.<\/p>\n<\/div>\n<\/div>\n\n\n\n<div class=\"wp-block-columns is-layout-flex wp-container-core-columns-is-layout-9d6595d7 wp-block-columns-is-layout-flex\">\n<div class=\"wp-block-column is-layout-flow wp-block-column-is-layout-flow\"><div class=\"wp-block-image\">\n<figure class=\"aligncenter size-large is-resized\"><a href=\"https:\/\/roadskymarking.com\/es\/cold-paint-road-marking-machine.html\/\" target=\"_blank\" rel=\" noreferrer noopener\"><img decoding=\"async\" src=\"https:\/\/roadskymarking.com\/wp-content\/uploads\/2024\/03\/RS-5-Cold-Paint-Road-Marking-Machine.jpg\" alt=\"RS-5 M\u00e1quina de marcado de carreteras con pintura en fr\u00edo\" style=\"object-fit:cover;width:300px;height:300px\"\/><\/a><figcaption class=\"wp-element-caption\"><a href=\"https:\/\/roadskymarking.com\/es\/cold-paint-road-marking-machine.html\/\" target=\"_blank\" rel=\"noreferrer noopener\">RS-5 M\u00e1quina de marcado de carreteras con pintura en fr\u00edo<\/a><\/figcaption><\/figure><\/div><\/div>\n\n\n\n<div class=\"wp-block-column is-layout-flow wp-block-column-is-layout-flow\">\n<p>La m\u00e1quina de marcado vial de pintura en fr\u00edo de la serie RS-5 se utiliza ampliamente en aparcamientos, carreteras urbanas y proyectos de marcado de autopistas. Es un tipo de m\u00e1quina de marcaje por pulverizaci\u00f3n de alta presi\u00f3n sin aire, que genera presi\u00f3n desde la bomba de \u00e9mbolo para pulverizar pintura a trav\u00e9s de la boquilla. El sistema de control de pistolas pulverizadoras de dise\u00f1o especial hace que los extremos de la l\u00ednea sean ordenados y de buen aspecto.<\/p>\n<\/div>\n<\/div>\n\n\n\n<h2 class=\"wp-block-heading\">V\u00eddeo del producto:<\/h2>\n\n\n\n<figure class=\"wp-block-embed aligncenter is-type-video is-provider-youtube wp-block-embed-youtube wp-embed-aspect-16-9 wp-has-aspect-ratio\"><div class=\"wp-block-embed__wrapper\">\n<iframe loading=\"lazy\" title=\"RS 5F M\u00e1quina de marcaci\u00f3n vial mec\u00e1nica de pintura en fr\u00edo - Roadsky\" width=\"500\" height=\"281\" src=\"https:\/\/www.youtube.com\/embed\/WEWVIwhpgXI?feature=oembed\" frameborder=\"0\" allow=\"accelerometer; autoplay; clipboard-write; encrypted-media; gyroscope; picture-in-picture; web-share\" referrerpolicy=\"strict-origin-when-cross-origin\" allowfullscreen><\/iframe>\n<\/div><\/figure>\n\n\n\n<h2 class=\"wp-block-heading\">\u00bfPor qu\u00e9 utilizar una m\u00e1quina para pintar bordillos?<\/h2>\n\n\n\n<p>Invertir en una m\u00e1quina de pintura de bordillos mejora tanto la productividad como la seguridad. Garantiza unas marcas de calidad profesional que resisten el tr\u00e1fico, la exposici\u00f3n a los rayos UV y las inclemencias meteorol\u00f3gicas. Adem\u00e1s, unos bordillos bien pintados mejoran la visibilidad de los conductores, reducen los accidentes y crean un aspecto m\u00e1s limpio y ordenado de la calzada.<\/p>\n\n\n\n<h2 class=\"wp-block-heading\">Aplicaciones<\/h2>\n\n\n\n<p>Las m\u00e1quinas de pintura de bordillos de carretera son adecuadas para:<\/p>\n\n\n\n<ul class=\"wp-block-list\">\n<li>Se\u00f1alizaci\u00f3n vial y urbana<\/li>\n\n\n\n<li>Pintado de l\u00edneas y bordes de aparcamientos<\/li>\n\n\n\n<li>Delimitaci\u00f3n de zonas industriales<\/li>\n\n\n\n<li>Se\u00f1alizaci\u00f3n de seguridad de aeropuertos o puertos<\/li>\n\n\n\n<li>Mantenimiento de carreteras residenciales y comunitarias<\/li>\n<\/ul>\n\n\n\n<p>Tanto si se trata de bordillos de precauci\u00f3n amarillo-negro, l\u00edneas de seguridad blanco-rojo o marcas de bordillo reflectantes, estas m\u00e1quinas garantizan un acabado duradero y profesional en todo momento.<\/p>\n\n\n\n<h2 class=\"wp-block-heading\">Por qu\u00e9 elegirnos<\/h2>\n\n\n\n<ul class=\"wp-block-list\">\n<li>M\u00e1s de 10 a\u00f1os de experiencia en la fabricaci\u00f3n de equipos de se\u00f1alizaci\u00f3n vial<\/li>\n\n\n\n<li>Estricto control de calidad y certificaciones CE\/ISO<\/li>\n\n\n\n<li>Asistencia t\u00e9cnica completa y soluciones personalizadas<\/li>\n\n\n\n<li>Env\u00edos internacionales y servicio posventa<\/li>\n<\/ul>\n\n\n\n<h2 class=\"wp-block-heading\">Solicitar presupuesto<\/h2>\n\n\n\n<p>\u00bfListo para mejorar la eficacia de su se\u00f1alizaci\u00f3n vial? P\u00f3ngase en contacto con nosotros hoy mismo para obtener el mejor precio de f\u00e1brica y una configuraci\u00f3n personalizada para su proyecto.<\/p>\n\n\n\n<div class=\"wp-block-contact-form-7-contact-form-selector\">\n<div class=\"wpcf7 no-js\" id=\"wpcf7-f1316-o1\" lang=\"en-US\" dir=\"ltr\" data-wpcf7-id=\"1316\">\n<div class=\"screen-reader-response\"><p role=\"status\" aria-live=\"polite\" aria-atomic=\"true\"><\/p> <ul><\/ul><\/div>\n<form action=\"\/es\/wp-json\/wp\/v2\/pages\/4347#wpcf7-f1316-o1\" method=\"post\" class=\"wpcf7-form init\" aria-label=\"Formulario de contacto\" novalidate=\"novalidate\" data-status=\"init\" data-trp-original-action=\"\/es\/wp-json\/wp\/v2\/pages\/4347#wpcf7-f1316-o1\">\n<fieldset class=\"hidden-fields-container\"><input type=\"hidden\" name=\"_wpcf7\" value=\"1316\" \/><input type=\"hidden\" name=\"_wpcf7_version\" value=\"6.1.5\" \/><input type=\"hidden\" name=\"_wpcf7_locale\" value=\"en_US\" \/><input type=\"hidden\" name=\"_wpcf7_unit_tag\" value=\"wpcf7-f1316-o1\" \/><input type=\"hidden\" name=\"_wpcf7_container_post\" value=\"0\" \/><input type=\"hidden\" name=\"_wpcf7_posted_data_hash\" value=\"\" \/>\n<\/fieldset>\n<div class=\"wpcf7-turnstile cf-turnstile\" data-sitekey=\"0x4AAAAAACH9ueYy7fDdFIjX\" data-response-field-name=\"_wpcf7_turnstile_response\"><\/div>\n\n<p><label><em>*<\/em>Asunto:<\/label><span class=\"wpcf7-form-control-wrap\" data-name=\"your-subject\"><input size=\"40\" maxlength=\"400\" class=\"wpcf7-form-control wpcf7-text wpcf7-validates-as-required\" id=\"your-subject\" aria-required=\"true\" aria-invalid=\"false\" value=\"Product Inquiry\" type=\"text\" name=\"your-subject\" \/><\/span>\n<\/p>\n<p><label><em>*<\/em>Nombre:<\/label><span class=\"wpcf7-form-control-wrap\" data-name=\"your-name\"><input size=\"40\" maxlength=\"400\" class=\"wpcf7-form-control wpcf7-text wpcf7-validates-as-required\" id=\"your-name\" aria-required=\"true\" aria-invalid=\"false\" placeholder=\"Por favor, rellene el nombre com\u00fanmente utilizado\" value=\"\" type=\"text\" name=\"your-name\" \/><\/span>\n<\/p>\n<p><label><em>*<\/em>Correo electr\u00f3nico:<\/label><span class=\"wpcf7-form-control-wrap\" data-name=\"your-email\"><input size=\"40\" maxlength=\"400\" class=\"wpcf7-form-control wpcf7-email wpcf7-validates-as-required wpcf7-text wpcf7-validates-as-email\" id=\"your-email\" aria-required=\"true\" aria-invalid=\"false\" placeholder=\"Rellene el correo electr\u00f3nico de uso com\u00fan\" value=\"\" type=\"email\" name=\"your-email\" \/><\/span>\n<\/p>\n<p><label>Tel\u00e9fono:<\/label><span class=\"wpcf7-form-control-wrap\" data-name=\"your-phone\"><input size=\"40\" maxlength=\"400\" class=\"wpcf7-form-control wpcf7-text\" id=\"your-phone\" aria-invalid=\"false\" placeholder=\"Rellene el n\u00famero de tel\u00e9fono de contacto o el tel\u00e9fono m\u00f3vil\" value=\"\" type=\"text\" name=\"your-phone\" \/><\/span>\n<\/p>\n<p><label>Pa\u00eds:<\/label><span class=\"wpcf7-form-control-wrap\" data-name=\"your-country\"><input size=\"40\" maxlength=\"400\" class=\"wpcf7-form-control wpcf7-text\" id=\"your-country\" aria-invalid=\"false\" placeholder=\"Indique su pa\u00eds\" value=\"\" type=\"text\" name=\"your-country\" \/><\/span>\n<\/p>\n<p><label>Empresa:<\/label><span class=\"wpcf7-form-control-wrap\" data-name=\"your-company\"><input size=\"40\" maxlength=\"400\" class=\"wpcf7-form-control wpcf7-text\" id=\"your-company\" aria-invalid=\"false\" placeholder=\"Rellene el nombre de la empresa\" value=\"\" type=\"text\" name=\"your-company\" \/><\/span>\n<\/p>\n<p><label><em>*<\/em>Contenido:<\/label><span class=\"wpcf7-form-control-wrap\" data-name=\"your-message\"><textarea cols=\"40\" rows=\"10\" maxlength=\"2000\" class=\"wpcf7-form-control wpcf7-textarea wpcf7-validates-as-required\" aria-required=\"true\" aria-invalid=\"false\" placeholder=\"Rellene los datos que desee conocer, como nombre del producto, especificaciones, precio, MOQ, etc.\" name=\"your-message\"><\/textarea><\/span>\n<\/p>\n<p class=\"btn-submit\"><label> <\/label><input class=\"wpcf7-form-control wpcf7-submit has-spinner\" type=\"submit\" value=\"ENVIAR\" \/>\n<\/p><div class=\"wpcf7-response-output\" aria-hidden=\"true\"><\/div>\n<input type=\"hidden\" name=\"trp-form-language\" value=\"es\"\/><\/form>\n<\/div>\n<\/div>","protected":false},"excerpt":{"rendered":"<p>A road curbs painting machine (also known as a kerb marking machine or curb marking equipment) is a type of road marking equipment used to apply reflective or non-reflective paint on the side surfaces of road edges, curbs, and gutters. Related Products: Equipped with a mechanical spraying system, the RS-5F ensures uniform paint application and clear, long-lasting lines. Its adjustable spray width and thickness make it suitable for diverse marking requirements such as highways, parking lots, factories, and sports grounds. The RS-12LD intelligent cold paint road marking machine combines advanced automation, precise computer-controlled operation, and laser navigation to deliver accurate, consistent, and professional-grade road markings for roads, highways, expressways, parking lots, and industrial sites, improving efficiency and reducing labor costs. RS-5E series cold paint line striper (pavement marking machine) is special designed for efficient marking. Stable internal reversing hydraulic pump, adjustable spray gun and paint filter ensure the marking performance. RS-5E road line marking machine has a long service life &#8230;<\/p>","protected":false},"author":1,"featured_media":0,"parent":0,"menu_order":0,"comment_status":"closed","ping_status":"closed","template":"","meta":{"footnotes":""},"class_list":["post-4347","page","type-page","status-publish","hentry"],"yoast_head":"<!-- This site is optimized with the Yoast SEO plugin v27.3 - https:\/\/yoast.com\/product\/yoast-seo-wordpress\/ -->\n<title>Road Curbs Painting Machines - Kerb Marking Equipment<\/title>\n<meta name=\"robots\" content=\"index, follow, max-snippet:-1, max-image-preview:large, max-video-preview:-1\" \/>\n<link rel=\"canonical\" href=\"https:\/\/roadskymarking.com\/es\/road-curbs-painting-machines\/\" \/>\n<meta property=\"og:locale\" content=\"es_ES\" \/>\n<meta property=\"og:type\" content=\"article\" \/>\n<meta property=\"og:title\" content=\"Road Curbs Painting Machines - Kerb Marking Equipment\" \/>\n<meta property=\"og:description\" content=\"A road curbs painting machine (also known as a kerb marking machine or curb marking equipment) is a type of road marking equipment used to apply reflective or non-reflective paint on the side surfaces of road edges, curbs, and gutters. Related Products: Equipped with a mechanical spraying system, the RS-5F ensures uniform paint application and clear, long-lasting lines. Its adjustable spray width and thickness make it suitable for diverse marking requirements such as highways, parking lots, factories, and sports grounds. The RS-12LD intelligent cold paint road marking machine combines advanced automation, precise computer-controlled operation, and laser navigation to deliver accurate, consistent, and professional-grade road markings for roads, highways, expressways, parking lots, and industrial sites, improving efficiency and reducing labor costs. RS-5E series cold paint line striper (pavement marking machine) is special designed for efficient marking. Stable internal reversing hydraulic pump, adjustable spray gun and paint filter ensure the marking performance. RS-5E road line marking machine has a long service life ...\" \/>\n<meta property=\"og:url\" content=\"https:\/\/roadskymarking.com\/es\/road-curbs-painting-machines\/\" \/>\n<meta property=\"og:site_name\" content=\"Nanjing Roadsky Traffic Facility Co.,Ltd. (Roadsky Corporation)\" \/>\n<meta property=\"article:modified_time\" content=\"2025-11-06T02:51:14+00:00\" \/>\n<meta property=\"og:image\" content=\"https:\/\/roadskymarking.com\/wp-content\/uploads\/2025\/09\/RS-5F-Cold-Paint-Mechanical-Road-Marking-Machine-5.jpg\" \/>\n<meta name=\"twitter:card\" content=\"summary_large_image\" \/>\n<meta name=\"twitter:label1\" content=\"Tiempo de lectura\" \/>\n\t<meta name=\"twitter:data1\" content=\"3 minutos\" \/>\n<script type=\"application\/ld+json\" class=\"yoast-schema-graph\">{\"@context\":\"https:\\\/\\\/schema.org\",\"@graph\":[{\"@type\":\"WebPage\",\"@id\":\"https:\\\/\\\/roadskymarking.com\\\/road-curbs-painting-machines\",\"url\":\"https:\\\/\\\/roadskymarking.com\\\/road-curbs-painting-machines\",\"name\":\"Road Curbs Painting Machines - Kerb Marking Equipment\",\"isPartOf\":{\"@id\":\"https:\\\/\\\/roadskymarking.com\\\/#website\"},\"primaryImageOfPage\":{\"@id\":\"https:\\\/\\\/roadskymarking.com\\\/road-curbs-painting-machines#primaryimage\"},\"image\":{\"@id\":\"https:\\\/\\\/roadskymarking.com\\\/road-curbs-painting-machines#primaryimage\"},\"thumbnailUrl\":\"https:\\\/\\\/roadskymarking.com\\\/wp-content\\\/uploads\\\/2025\\\/09\\\/RS-5F-Cold-Paint-Mechanical-Road-Marking-Machine-5.jpg\",\"datePublished\":\"2025-11-06T02:47:15+00:00\",\"dateModified\":\"2025-11-06T02:51:14+00:00\",\"breadcrumb\":{\"@id\":\"https:\\\/\\\/roadskymarking.com\\\/road-curbs-painting-machines#breadcrumb\"},\"inLanguage\":\"es\",\"potentialAction\":[{\"@type\":\"ReadAction\",\"target\":[\"https:\\\/\\\/roadskymarking.com\\\/road-curbs-painting-machines\"]}]},{\"@type\":\"ImageObject\",\"inLanguage\":\"es\",\"@id\":\"https:\\\/\\\/roadskymarking.com\\\/road-curbs-painting-machines#primaryimage\",\"url\":\"https:\\\/\\\/roadskymarking.com\\\/wp-content\\\/uploads\\\/2025\\\/09\\\/RS-5F-Cold-Paint-Mechanical-Road-Marking-Machine-5.jpg\",\"contentUrl\":\"https:\\\/\\\/roadskymarking.com\\\/wp-content\\\/uploads\\\/2025\\\/09\\\/RS-5F-Cold-Paint-Mechanical-Road-Marking-Machine-5.jpg\"},{\"@type\":\"BreadcrumbList\",\"@id\":\"https:\\\/\\\/roadskymarking.com\\\/road-curbs-painting-machines#breadcrumb\",\"itemListElement\":[{\"@type\":\"ListItem\",\"position\":1,\"name\":\"Home\",\"item\":\"https:\\\/\\\/roadskymarking.com\\\/\"},{\"@type\":\"ListItem\",\"position\":2,\"name\":\"Road Curbs Painting Machines\"}]},{\"@type\":\"WebSite\",\"@id\":\"https:\\\/\\\/roadskymarking.com\\\/#website\",\"url\":\"https:\\\/\\\/roadskymarking.com\\\/\",\"name\":\"Nanjing Roadsky Traffic Facility Co.,Ltd. (Roadsky Corporation)\",\"description\":\"Pavement Marking Equipment Supplier - RoadSky\",\"publisher\":{\"@id\":\"https:\\\/\\\/roadskymarking.com\\\/#organization\"},\"potentialAction\":[{\"@type\":\"SearchAction\",\"target\":{\"@type\":\"EntryPoint\",\"urlTemplate\":\"https:\\\/\\\/roadskymarking.com\\\/?s={search_term_string}\"},\"query-input\":{\"@type\":\"PropertyValueSpecification\",\"valueRequired\":true,\"valueName\":\"search_term_string\"}}],\"inLanguage\":\"es\"},{\"@type\":\"Organization\",\"@id\":\"https:\\\/\\\/roadskymarking.com\\\/#organization\",\"name\":\"Nanjing Roadsky Traffic Facility Co.,Ltd. (Roadsky Corporation)\",\"url\":\"https:\\\/\\\/roadskymarking.com\\\/\",\"logo\":{\"@type\":\"ImageObject\",\"inLanguage\":\"es\",\"@id\":\"https:\\\/\\\/roadskymarking.com\\\/#\\\/schema\\\/logo\\\/image\\\/\",\"url\":\"https:\\\/\\\/roadskymarking.com\\\/wp-content\\\/uploads\\\/2023\\\/03\\\/LOGO.png\",\"contentUrl\":\"https:\\\/\\\/roadskymarking.com\\\/wp-content\\\/uploads\\\/2023\\\/03\\\/LOGO.png\",\"width\":500,\"height\":400,\"caption\":\"Nanjing Roadsky Traffic Facility Co.,Ltd. (Roadsky Corporation)\"},\"image\":{\"@id\":\"https:\\\/\\\/roadskymarking.com\\\/#\\\/schema\\\/logo\\\/image\\\/\"}}]}<\/script>\n<!-- \/ Yoast SEO plugin. -->","yoast_head_json":{"title":"M\u00e1quinas para pintar bordillos de carreteras - Equipos de marcado de bordillos","robots":{"index":"index","follow":"follow","max-snippet":"max-snippet:-1","max-image-preview":"max-image-preview:large","max-video-preview":"max-video-preview:-1"},"canonical":"https:\/\/roadskymarking.com\/es\/road-curbs-painting-machines\/","og_locale":"es_ES","og_type":"article","og_title":"Road Curbs Painting Machines - Kerb Marking Equipment","og_description":"A road curbs painting machine (also known as a kerb marking machine or curb marking equipment) is a type of road marking equipment used to apply reflective or non-reflective paint on the side surfaces of road edges, curbs, and gutters. Related Products: Equipped with a mechanical spraying system, the RS-5F ensures uniform paint application and clear, long-lasting lines. Its adjustable spray width and thickness make it suitable for diverse marking requirements such as highways, parking lots, factories, and sports grounds. The RS-12LD intelligent cold paint road marking machine combines advanced automation, precise computer-controlled operation, and laser navigation to deliver accurate, consistent, and professional-grade road markings for roads, highways, expressways, parking lots, and industrial sites, improving efficiency and reducing labor costs. RS-5E series cold paint line striper (pavement marking machine) is special designed for efficient marking. Stable internal reversing hydraulic pump, adjustable spray gun and paint filter ensure the marking performance. RS-5E road line marking machine has a long service life ...","og_url":"https:\/\/roadskymarking.com\/es\/road-curbs-painting-machines\/","og_site_name":"Nanjing Roadsky Traffic Facility Co.,Ltd. (Roadsky Corporation)","article_modified_time":"2025-11-06T02:51:14+00:00","og_image":[{"url":"https:\/\/roadskymarking.com\/wp-content\/uploads\/2025\/09\/RS-5F-Cold-Paint-Mechanical-Road-Marking-Machine-5.jpg","type":"","width":"","height":""}],"twitter_card":"summary_large_image","twitter_misc":{"Tiempo de lectura":"3 minutos"},"schema":{"@context":"https:\/\/schema.org","@graph":[{"@type":"WebPage","@id":"https:\/\/roadskymarking.com\/road-curbs-painting-machines","url":"https:\/\/roadskymarking.com\/road-curbs-painting-machines","name":"M\u00e1quinas para pintar bordillos de carreteras - Equipos de marcado de bordillos","isPartOf":{"@id":"https:\/\/roadskymarking.com\/#website"},"primaryImageOfPage":{"@id":"https:\/\/roadskymarking.com\/road-curbs-painting-machines#primaryimage"},"image":{"@id":"https:\/\/roadskymarking.com\/road-curbs-painting-machines#primaryimage"},"thumbnailUrl":"https:\/\/roadskymarking.com\/wp-content\/uploads\/2025\/09\/RS-5F-Cold-Paint-Mechanical-Road-Marking-Machine-5.jpg","datePublished":"2025-11-06T02:47:15+00:00","dateModified":"2025-11-06T02:51:14+00:00","breadcrumb":{"@id":"https:\/\/roadskymarking.com\/road-curbs-painting-machines#breadcrumb"},"inLanguage":"es","potentialAction":[{"@type":"ReadAction","target":["https:\/\/roadskymarking.com\/road-curbs-painting-machines"]}]},{"@type":"ImageObject","inLanguage":"es","@id":"https:\/\/roadskymarking.com\/road-curbs-painting-machines#primaryimage","url":"https:\/\/roadskymarking.com\/wp-content\/uploads\/2025\/09\/RS-5F-Cold-Paint-Mechanical-Road-Marking-Machine-5.jpg","contentUrl":"https:\/\/roadskymarking.com\/wp-content\/uploads\/2025\/09\/RS-5F-Cold-Paint-Mechanical-Road-Marking-Machine-5.jpg"},{"@type":"BreadcrumbList","@id":"https:\/\/roadskymarking.com\/road-curbs-painting-machines#breadcrumb","itemListElement":[{"@type":"ListItem","position":1,"name":"Home","item":"https:\/\/roadskymarking.com\/"},{"@type":"ListItem","position":2,"name":"Road Curbs Painting Machines"}]},{"@type":"WebSite","@id":"https:\/\/roadskymarking.com\/#website","url":"https:\/\/roadskymarking.com\/","name":"Nanjing Roadsky Traffic Facility Co.,Ltd. (Corporaci\u00f3n Roadsky)","description":"Proveedor de equipos de se\u00f1alizaci\u00f3n vial - RoadSky","publisher":{"@id":"https:\/\/roadskymarking.com\/#organization"},"potentialAction":[{"@type":"SearchAction","target":{"@type":"EntryPoint","urlTemplate":"https:\/\/roadskymarking.com\/?s={search_term_string}"},"query-input":{"@type":"PropertyValueSpecification","valueRequired":true,"valueName":"search_term_string"}}],"inLanguage":"es"},{"@type":"Organization","@id":"https:\/\/roadskymarking.com\/#organization","name":"Nanjing Roadsky Traffic Facility Co.,Ltd. (Corporaci\u00f3n Roadsky)","url":"https:\/\/roadskymarking.com\/","logo":{"@type":"ImageObject","inLanguage":"es","@id":"https:\/\/roadskymarking.com\/#\/schema\/logo\/image\/","url":"https:\/\/roadskymarking.com\/wp-content\/uploads\/2023\/03\/LOGO.png","contentUrl":"https:\/\/roadskymarking.com\/wp-content\/uploads\/2023\/03\/LOGO.png","width":500,"height":400,"caption":"Nanjing Roadsky Traffic Facility Co.,Ltd. (Roadsky Corporation)"},"image":{"@id":"https:\/\/roadskymarking.com\/#\/schema\/logo\/image\/"}}]}},"_links":{"self":[{"href":"https:\/\/roadskymarking.com\/es\/wp-json\/wp\/v2\/pages\/4347","targetHints":{"allow":["GET"]}}],"collection":[{"href":"https:\/\/roadskymarking.com\/es\/wp-json\/wp\/v2\/pages"}],"about":[{"href":"https:\/\/roadskymarking.com\/es\/wp-json\/wp\/v2\/types\/page"}],"author":[{"embeddable":true,"href":"https:\/\/roadskymarking.com\/es\/wp-json\/wp\/v2\/users\/1"}],"replies":[{"embeddable":true,"href":"https:\/\/roadskymarking.com\/es\/wp-json\/wp\/v2\/comments?post=4347"}],"version-history":[{"count":3,"href":"https:\/\/roadskymarking.com\/es\/wp-json\/wp\/v2\/pages\/4347\/revisions"}],"predecessor-version":[{"id":4352,"href":"https:\/\/roadskymarking.com\/es\/wp-json\/wp\/v2\/pages\/4347\/revisions\/4352"}],"wp:attachment":[{"href":"https:\/\/roadskymarking.com\/es\/wp-json\/wp\/v2\/media?parent=4347"}],"curies":[{"name":"wp","href":"https:\/\/api.w.org\/{rel}","templated":true}]}}