{"id":11,"date":"2017-04-06T04:30:54","date_gmt":"2017-04-06T04:30:54","guid":{"rendered":"https:\/\/roadskymarking.com\/?page_id=11"},"modified":"2024-07-31T01:36:46","modified_gmt":"2024-07-31T01:36:46","slug":"about","status":"publish","type":"page","link":"https:\/\/roadskymarking.com\/fr\/about","title":{"rendered":"\u00c0 propos des \u00c9tats-Unis"},"content":{"rendered":"<p><strong>Nanjing Roadsky Traffic Facility Co. Ltd. (Roadsky Corporation)<\/strong> est l'un des principaux fournisseurs de solutions de marquage routier en Europe. <span style=\"color: #ff0000;\"><strong>Chine<\/strong><\/span>qui peut fabriquer une gamme compl\u00e8te de produits de marquage routier et fournir une assistance technique compl\u00e8te pour les projets de marquage routier.<\/p>\n\n\n\n<p>Roadsky, l'un des principaux fabricants de produits de marquage routier en Chine, est sp\u00e9cialis\u00e9 dans la recherche, la production et la vente d'\u00e9quipements et de mat\u00e9riaux de marquage routier. Roadsky a export\u00e9 des \u00e9quipements et des mat\u00e9riaux de marquage routier dans plus de 100 pays d'Afrique, d'Am\u00e9rique du Nord, d'Am\u00e9rique centrale et du Sud, du Moyen-Orient, d'Asie du Sud-Est, d'Asie centrale, d'Europe et d'Oc\u00e9anie, etc.<\/p>\n\n\n\n<h2 class=\"wp-block-heading\" id=\"h-the-main-products-are\">Les principaux produits sont les suivants<\/h2>\n\n\n\n<p>1. Mat\u00e9riel de marquage routier : <a href=\"https:\/\/roadskymarking.com\/fr\/thermoplastic-road-marking-machines\/\" target=\"_blank\" rel=\"noreferrer noopener\">machines de marquage routier thermoplastique<\/a>, <a href=\"https:\/\/roadskymarking.com\/fr\/cold-paint-road-marking-machines\/\" target=\"_blank\" rel=\"noreferrer noopener\">machines de marquage routier par peinture \u00e0 froid<\/a>, <a href=\"https:\/\/roadskymarking.com\/fr\/two-component-road-marking-machine.html\/\">machines de marquage routier \u00e0 deux composants<\/a>, <a href=\"https:\/\/roadskymarking.com\/fr\/road-marking-preheater\/\">pr\u00e9chauffeur de peinture thermoplastique<\/a>, <a href=\"https:\/\/roadskymarking.com\/fr\/road-marking-line-remover.html\/\">D\u00e9capant pour le marquage routier<\/a> et des \u00e9quipements auxiliaires.<\/p>\n\n\n\n<p>2. Mat\u00e9riaux de marquage routier : blanc et jaune <a href=\"https:\/\/roadskymarking.com\/fr\/thermoplastic-road-marking-paint.html\/\">peinture de marquage routier thermoplastique<\/a>, <a href=\"https:\/\/roadskymarking.com\/fr\/cold-plastic-marking-paint.html\/\">peinture de marquage routier au solvant \u00e0 froid<\/a>, <a href=\"https:\/\/roadskymarking.com\/fr\/two-component-road-marking-paint.html\/\">peinture de marquage routier \u00e0 deux composants<\/a>, se m\u00e9langent et se d\u00e9posent sur <a href=\"https:\/\/roadskymarking.com\/fr\/glass-beads.html\/\">perles de verre<\/a>, <a href=\"https:\/\/roadskymarking.com\/fr\/petroleum-resin.html\/\">r\u00e9sine de p\u00e9trole<\/a> et <a href=\"https:\/\/roadskymarking.com\/fr\/road-marking-tapes.html\/\">bandes de marquage routier<\/a> etc.<\/p>\n\n\n\n<p>3. Accessoires : Pi\u00e8ces d'usure des machines telles que le distributeur de billes de verre, les sabots de la matrice de marquage, les lames lat\u00e9rales, les lames arri\u00e8re, les pistolets de pulv\u00e9risation et les brosses en acier, etc.<\/p>\n\n\n<div class=\"wp-block-image\">\n<figure class=\"aligncenter size-full\"><img loading=\"lazy\" decoding=\"async\" width=\"600\" height=\"425\" src=\"https:\/\/roadskymarking.com\/wp-content\/uploads\/2024\/04\/RoadSky.jpg\" alt=\"RoadSky\" class=\"wp-image-3557\" srcset=\"https:\/\/roadskymarking.com\/wp-content\/uploads\/2024\/04\/RoadSky.jpg 600w, https:\/\/roadskymarking.com\/wp-content\/uploads\/2024\/04\/RoadSky-400x283.jpg 400w\" sizes=\"auto, (max-width: 600px) 100vw, 600px\" \/><\/figure><\/div>\n\n\n<p>Roadsky est en mesure de fournir une assistance technique aux projets de marquage routier, y compris l'exploitation et la maintenance des \u00e9quipements, l'instruction des projets de marquage routier et la formation des travailleurs, etc. Roadsky peut envoyer des travailleurs exp\u00e9riment\u00e9s pour assister les travaux de l'ensemble du projet de marquage routier.<\/p>\n\n\n\n<figure class=\"wp-block-gallery aligncenter has-nested-images columns-default wp-block-gallery-1 is-layout-flex wp-block-gallery-is-layout-flex\">\n<figure class=\"wp-block-image size-full\"><img loading=\"lazy\" decoding=\"async\" width=\"300\" height=\"200\" data-id=\"3559\" src=\"https:\/\/roadskymarking.com\/wp-content\/uploads\/2024\/04\/About-US.jpg\" alt=\"\u00c0 propos des \u00c9tats-Unis\" class=\"wp-image-3559\"\/><\/figure>\n\n\n\n<figure class=\"wp-block-image size-full\"><img loading=\"lazy\" decoding=\"async\" width=\"300\" height=\"199\" data-id=\"3560\" src=\"https:\/\/roadskymarking.com\/wp-content\/uploads\/2024\/04\/About-US2.jpg\" alt=\"\u00c0 propos des \u00c9tats-Unis\" class=\"wp-image-3560\"\/><\/figure>\n<\/figure>\n\n\n\n<p>En tant que fournisseur de solutions de marquage routier, Roadsky est capable de fournir non seulement toutes les mati\u00e8res premi\u00e8res et les \u00e9quipements pour la production de peinture thermoplastique, mais aussi le programme de formation de la ligne de production de peinture thermoplastique pour les clients. En outre, nous sommes \u00e9galement engag\u00e9s dans le transfert de technologie sur lequel notre soci\u00e9t\u00e9 met particuli\u00e8rement l'accent.<\/p>\n\n\n\n<h2 class=\"wp-block-heading\" id=\"h-let-s-boost-your-business-today\">Donnons un coup de pouce \u00e0 votre entreprise d\u00e8s aujourd'hui<\/h2>\n\n\n\n<div class=\"wp-block-contact-form-7-contact-form-selector\">\n<div class=\"wpcf7 no-js\" id=\"wpcf7-f1316-o1\" lang=\"en-US\" dir=\"ltr\" data-wpcf7-id=\"1316\">\n<div class=\"screen-reader-response\"><p role=\"status\" aria-live=\"polite\" aria-atomic=\"true\"><\/p> <ul><\/ul><\/div>\n<form action=\"\/fr\/wp-json\/wp\/v2\/pages\/11#wpcf7-f1316-o1\" method=\"post\" class=\"wpcf7-form init\" aria-label=\"Formulaire de contact\" novalidate=\"novalidate\" data-status=\"init\" data-trp-original-action=\"\/fr\/wp-json\/wp\/v2\/pages\/11#wpcf7-f1316-o1\">\n<fieldset class=\"hidden-fields-container\"><input type=\"hidden\" name=\"_wpcf7\" value=\"1316\" \/><input type=\"hidden\" name=\"_wpcf7_version\" value=\"6.1.5\" \/><input type=\"hidden\" name=\"_wpcf7_locale\" value=\"en_US\" \/><input type=\"hidden\" name=\"_wpcf7_unit_tag\" value=\"wpcf7-f1316-o1\" \/><input type=\"hidden\" name=\"_wpcf7_container_post\" value=\"0\" \/><input type=\"hidden\" name=\"_wpcf7_posted_data_hash\" value=\"\" \/>\n<\/fieldset>\n<div class=\"wpcf7-turnstile cf-turnstile\" data-sitekey=\"0x4AAAAAACH9ueYy7fDdFIjX\" data-response-field-name=\"_wpcf7_turnstile_response\"><\/div>\n\n<p><label><em>*<\/em>Sujet :<\/label><span class=\"wpcf7-form-control-wrap\" data-name=\"your-subject\"><input size=\"40\" maxlength=\"400\" class=\"wpcf7-form-control wpcf7-text wpcf7-validates-as-required\" id=\"your-subject\" aria-required=\"true\" aria-invalid=\"false\" value=\"Product Inquiry\" type=\"text\" name=\"your-subject\" \/><\/span>\n<\/p>\n<p><label><em>*<\/em>Nom :<\/label><span class=\"wpcf7-form-control-wrap\" data-name=\"your-name\"><input size=\"40\" maxlength=\"400\" class=\"wpcf7-form-control wpcf7-text wpcf7-validates-as-required\" id=\"your-name\" aria-required=\"true\" aria-invalid=\"false\" placeholder=\"Veuillez indiquer votre nom le plus couramment utilis\u00e9\" value=\"\" type=\"text\" name=\"your-name\" \/><\/span>\n<\/p>\n<p><label><em>*<\/em>E-mail :<\/label><span class=\"wpcf7-form-control-wrap\" data-name=\"your-email\"><input size=\"40\" maxlength=\"400\" class=\"wpcf7-form-control wpcf7-email wpcf7-validates-as-required wpcf7-text wpcf7-validates-as-email\" id=\"your-email\" aria-required=\"true\" aria-invalid=\"false\" placeholder=\"Veuillez remplir l&#039;e-mail couramment utilis\u00e9\" value=\"\" type=\"email\" name=\"your-email\" \/><\/span>\n<\/p>\n<p><label>T\u00e9l\u00e9phone :<\/label><span class=\"wpcf7-form-control-wrap\" data-name=\"your-phone\"><input size=\"40\" maxlength=\"400\" class=\"wpcf7-form-control wpcf7-text\" id=\"your-phone\" aria-invalid=\"false\" placeholder=\"Veuillez indiquer le num\u00e9ro de t\u00e9l\u00e9phone de la personne \u00e0 contacter ou le num\u00e9ro de t\u00e9l\u00e9phone portable\" value=\"\" type=\"text\" name=\"your-phone\" \/><\/span>\n<\/p>\n<p><label>Pays :<\/label><span class=\"wpcf7-form-control-wrap\" data-name=\"your-country\"><input size=\"40\" maxlength=\"400\" class=\"wpcf7-form-control wpcf7-text\" id=\"your-country\" aria-invalid=\"false\" placeholder=\"Veuillez indiquer votre pays\" value=\"\" type=\"text\" name=\"your-country\" \/><\/span>\n<\/p>\n<p><label>Entreprise :<\/label><span class=\"wpcf7-form-control-wrap\" data-name=\"your-company\"><input size=\"40\" maxlength=\"400\" class=\"wpcf7-form-control wpcf7-text\" id=\"your-company\" aria-invalid=\"false\" placeholder=\"Veuillez indiquer le nom de l&#039;entreprise\" value=\"\" type=\"text\" name=\"your-company\" \/><\/span>\n<\/p>\n<p><label><em>*<\/em>Contenu :<\/label><span class=\"wpcf7-form-control-wrap\" data-name=\"your-message\"><textarea cols=\"40\" rows=\"10\" maxlength=\"2000\" class=\"wpcf7-form-control wpcf7-textarea wpcf7-validates-as-required\" aria-required=\"true\" aria-invalid=\"false\" placeholder=\"Veuillez indiquer les d\u00e9tails que vous souhaitez conna\u00eetre, tels que le nom du produit, les sp\u00e9cifications, le prix, la quantit\u00e9 minimale de pi\u00e8ces, etc.\" name=\"your-message\"><\/textarea><\/span>\n<\/p>\n<p class=\"btn-submit\"><label> <\/label><input class=\"wpcf7-form-control wpcf7-submit has-spinner\" type=\"submit\" value=\"SOUMETTRE\" \/>\n<\/p><div class=\"wpcf7-response-output\" aria-hidden=\"true\"><\/div>\n<input type=\"hidden\" name=\"trp-form-language\" value=\"fr\"\/><\/form>\n<\/div>\n<\/div>","protected":false},"excerpt":{"rendered":"<p>Nanjing Roadsky Traffic Facility Co.,Ltd. (Roadsky Corporation) est l'un des principaux fournisseurs de solutions de marquage routier en Chine, capable de fabriquer une gamme compl\u00e8te de produits de marquage routier et de fournir une assistance technique compl\u00e8te pour les projets de marquage routier. En tant que principal fabricant de produits de marquage routier en Chine, Roadsky est sp\u00e9cialis\u00e9 dans la recherche, la production et la vente d'\u00e9quipements et de mat\u00e9riaux de marquage routier. Roadsky a export\u00e9 des \u00e9quipements et des mat\u00e9riaux de marquage routier dans plus de 100 pays d'Afrique, d'Am\u00e9rique du Nord, d'Am\u00e9rique centrale et du Sud, du Moyen-Orient, d'Asie du Sud-Est, d'Asie centrale, d'Europe et d'Oc\u00e9anie, etc. Les principaux produits sont les suivants 1. \u00c9quipement de marquage routier : machines de marquage routier thermoplastique, machines de marquage routier par peinture \u00e0 froid, machines de marquage routier \u00e0 deux composants, pr\u00e9chauffeur de peinture thermoplastique, d\u00e9colleur de marquage routier et \u00e9quipements auxiliaires. 2. Mat\u00e9riaux de marquage routier : peinture de marquage routier thermoplastique blanche et jaune, peinture de marquage routier \u00e0 froid, peinture de marquage routier \u00e0 deux composants, billes de verre m\u00e9lang\u00e9es et d\u00e9pos\u00e9es, r\u00e9sine de p\u00e9trole et rubans de marquage routier, etc. 3. Accessoires : Pi\u00e8ces d'usure des machines ...<\/p>","protected":false},"author":1,"featured_media":0,"parent":0,"menu_order":0,"comment_status":"closed","ping_status":"closed","template":"","meta":{"footnotes":""},"class_list":["post-11","page","type-page","status-publish","hentry"],"yoast_head":"<!-- This site is optimized with the Yoast SEO plugin v27.3 - https:\/\/yoast.com\/product\/yoast-seo-wordpress\/ -->\n<title>About US - RoadskyMarking<\/title>\n<meta name=\"description\" content=\"A professional manufacturer engaged in producing road construction machinery and traffic safety products and also a road safety project contractor.\" \/>\n<meta name=\"robots\" content=\"index, follow, max-snippet:-1, max-image-preview:large, max-video-preview:-1\" \/>\n<link rel=\"canonical\" href=\"https:\/\/roadskymarking.com\/fr\/about\/\" \/>\n<meta property=\"og:locale\" content=\"fr_FR\" \/>\n<meta property=\"og:type\" content=\"article\" \/>\n<meta property=\"og:title\" content=\"About US - RoadskyMarking\" \/>\n<meta property=\"og:description\" content=\"A professional manufacturer engaged in producing road construction machinery and traffic safety products and also a road safety project contractor.\" \/>\n<meta property=\"og:url\" content=\"https:\/\/roadskymarking.com\/fr\/about\/\" \/>\n<meta property=\"og:site_name\" content=\"Nanjing Roadsky Traffic Facility Co.,Ltd. (Roadsky Corporation)\" \/>\n<meta property=\"article:modified_time\" content=\"2024-07-31T01:36:46+00:00\" \/>\n<meta property=\"og:image\" content=\"https:\/\/roadskymarking.com\/wp-content\/uploads\/2024\/04\/RoadSky.jpg\" \/>\n<meta name=\"twitter:card\" content=\"summary_large_image\" \/>\n<meta name=\"twitter:label1\" content=\"Dur\u00e9e de lecture estim\u00e9e\" \/>\n\t<meta name=\"twitter:data1\" content=\"2 minutes\" \/>\n<script type=\"application\/ld+json\" class=\"yoast-schema-graph\">{\"@context\":\"https:\\\/\\\/schema.org\",\"@graph\":[{\"@type\":\"WebPage\",\"@id\":\"https:\\\/\\\/roadskymarking.com\\\/about\",\"url\":\"https:\\\/\\\/roadskymarking.com\\\/about\",\"name\":\"About US - RoadskyMarking\",\"isPartOf\":{\"@id\":\"https:\\\/\\\/roadskymarking.com\\\/#website\"},\"primaryImageOfPage\":{\"@id\":\"https:\\\/\\\/roadskymarking.com\\\/about#primaryimage\"},\"image\":{\"@id\":\"https:\\\/\\\/roadskymarking.com\\\/about#primaryimage\"},\"thumbnailUrl\":\"https:\\\/\\\/roadskymarking.com\\\/wp-content\\\/uploads\\\/2024\\\/04\\\/RoadSky.jpg\",\"datePublished\":\"2017-04-06T04:30:54+00:00\",\"dateModified\":\"2024-07-31T01:36:46+00:00\",\"description\":\"A professional manufacturer engaged in producing road construction machinery and traffic safety products and also a road safety project contractor.\",\"breadcrumb\":{\"@id\":\"https:\\\/\\\/roadskymarking.com\\\/about#breadcrumb\"},\"inLanguage\":\"fr-FR\",\"potentialAction\":[{\"@type\":\"ReadAction\",\"target\":[\"https:\\\/\\\/roadskymarking.com\\\/about\"]}]},{\"@type\":\"ImageObject\",\"inLanguage\":\"fr-FR\",\"@id\":\"https:\\\/\\\/roadskymarking.com\\\/about#primaryimage\",\"url\":\"https:\\\/\\\/roadskymarking.com\\\/wp-content\\\/uploads\\\/2024\\\/04\\\/RoadSky.jpg\",\"contentUrl\":\"https:\\\/\\\/roadskymarking.com\\\/wp-content\\\/uploads\\\/2024\\\/04\\\/RoadSky.jpg\"},{\"@type\":\"BreadcrumbList\",\"@id\":\"https:\\\/\\\/roadskymarking.com\\\/about#breadcrumb\",\"itemListElement\":[{\"@type\":\"ListItem\",\"position\":1,\"name\":\"Home\",\"item\":\"https:\\\/\\\/roadskymarking.com\\\/\"},{\"@type\":\"ListItem\",\"position\":2,\"name\":\"About US\"}]},{\"@type\":\"WebSite\",\"@id\":\"https:\\\/\\\/roadskymarking.com\\\/#website\",\"url\":\"https:\\\/\\\/roadskymarking.com\\\/\",\"name\":\"Nanjing Roadsky Traffic Facility Co.,Ltd. (Roadsky Corporation)\",\"description\":\"Pavement Marking Equipment Supplier - RoadSky\",\"publisher\":{\"@id\":\"https:\\\/\\\/roadskymarking.com\\\/#organization\"},\"potentialAction\":[{\"@type\":\"SearchAction\",\"target\":{\"@type\":\"EntryPoint\",\"urlTemplate\":\"https:\\\/\\\/roadskymarking.com\\\/?s={search_term_string}\"},\"query-input\":{\"@type\":\"PropertyValueSpecification\",\"valueRequired\":true,\"valueName\":\"search_term_string\"}}],\"inLanguage\":\"fr-FR\"},{\"@type\":\"Organization\",\"@id\":\"https:\\\/\\\/roadskymarking.com\\\/#organization\",\"name\":\"Nanjing Roadsky Traffic Facility Co.,Ltd. (Roadsky Corporation)\",\"url\":\"https:\\\/\\\/roadskymarking.com\\\/\",\"logo\":{\"@type\":\"ImageObject\",\"inLanguage\":\"fr-FR\",\"@id\":\"https:\\\/\\\/roadskymarking.com\\\/#\\\/schema\\\/logo\\\/image\\\/\",\"url\":\"https:\\\/\\\/roadskymarking.com\\\/wp-content\\\/uploads\\\/2023\\\/03\\\/LOGO.png\",\"contentUrl\":\"https:\\\/\\\/roadskymarking.com\\\/wp-content\\\/uploads\\\/2023\\\/03\\\/LOGO.png\",\"width\":500,\"height\":400,\"caption\":\"Nanjing Roadsky Traffic Facility Co.,Ltd. (Roadsky Corporation)\"},\"image\":{\"@id\":\"https:\\\/\\\/roadskymarking.com\\\/#\\\/schema\\\/logo\\\/image\\\/\"}}]}<\/script>\n<!-- \/ Yoast SEO plugin. -->","yoast_head_json":{"title":"\u00c0 propos de nous - RoadskyMarking","description":"Un fabricant professionnel engag\u00e9 dans la production de machines de construction routi\u00e8re et de produits de s\u00e9curit\u00e9 routi\u00e8re, ainsi qu'un entrepreneur de projets de s\u00e9curit\u00e9 routi\u00e8re.","robots":{"index":"index","follow":"follow","max-snippet":"max-snippet:-1","max-image-preview":"max-image-preview:large","max-video-preview":"max-video-preview:-1"},"canonical":"https:\/\/roadskymarking.com\/fr\/about\/","og_locale":"fr_FR","og_type":"article","og_title":"About US - RoadskyMarking","og_description":"A professional manufacturer engaged in producing road construction machinery and traffic safety products and also a road safety project contractor.","og_url":"https:\/\/roadskymarking.com\/fr\/about\/","og_site_name":"Nanjing Roadsky Traffic Facility Co.,Ltd. (Roadsky Corporation)","article_modified_time":"2024-07-31T01:36:46+00:00","og_image":[{"url":"https:\/\/roadskymarking.com\/wp-content\/uploads\/2024\/04\/RoadSky.jpg","type":"","width":"","height":""}],"twitter_card":"summary_large_image","twitter_misc":{"Dur\u00e9e de lecture estim\u00e9e":"2 minutes"},"schema":{"@context":"https:\/\/schema.org","@graph":[{"@type":"WebPage","@id":"https:\/\/roadskymarking.com\/about","url":"https:\/\/roadskymarking.com\/about","name":"\u00c0 propos de nous - RoadskyMarking","isPartOf":{"@id":"https:\/\/roadskymarking.com\/#website"},"primaryImageOfPage":{"@id":"https:\/\/roadskymarking.com\/about#primaryimage"},"image":{"@id":"https:\/\/roadskymarking.com\/about#primaryimage"},"thumbnailUrl":"https:\/\/roadskymarking.com\/wp-content\/uploads\/2024\/04\/RoadSky.jpg","datePublished":"2017-04-06T04:30:54+00:00","dateModified":"2024-07-31T01:36:46+00:00","description":"Un fabricant professionnel engag\u00e9 dans la production de machines de construction routi\u00e8re et de produits de s\u00e9curit\u00e9 routi\u00e8re, ainsi qu'un entrepreneur de projets de s\u00e9curit\u00e9 routi\u00e8re.","breadcrumb":{"@id":"https:\/\/roadskymarking.com\/about#breadcrumb"},"inLanguage":"fr-FR","potentialAction":[{"@type":"ReadAction","target":["https:\/\/roadskymarking.com\/about"]}]},{"@type":"ImageObject","inLanguage":"fr-FR","@id":"https:\/\/roadskymarking.com\/about#primaryimage","url":"https:\/\/roadskymarking.com\/wp-content\/uploads\/2024\/04\/RoadSky.jpg","contentUrl":"https:\/\/roadskymarking.com\/wp-content\/uploads\/2024\/04\/RoadSky.jpg"},{"@type":"BreadcrumbList","@id":"https:\/\/roadskymarking.com\/about#breadcrumb","itemListElement":[{"@type":"ListItem","position":1,"name":"Home","item":"https:\/\/roadskymarking.com\/"},{"@type":"ListItem","position":2,"name":"About US"}]},{"@type":"WebSite","@id":"https:\/\/roadskymarking.com\/#website","url":"https:\/\/roadskymarking.com\/","name":"Nanjing Roadsky Traffic Facility Co. Ltd. (Roadsky Corporation)","description":"Fournisseur de mat\u00e9riel de marquage des chauss\u00e9es - RoadSky","publisher":{"@id":"https:\/\/roadskymarking.com\/#organization"},"potentialAction":[{"@type":"SearchAction","target":{"@type":"EntryPoint","urlTemplate":"https:\/\/roadskymarking.com\/?s={search_term_string}"},"query-input":{"@type":"PropertyValueSpecification","valueRequired":true,"valueName":"search_term_string"}}],"inLanguage":"fr-FR"},{"@type":"Organization","@id":"https:\/\/roadskymarking.com\/#organization","name":"Nanjing Roadsky Traffic Facility Co. Ltd. (Roadsky Corporation)","url":"https:\/\/roadskymarking.com\/","logo":{"@type":"ImageObject","inLanguage":"fr-FR","@id":"https:\/\/roadskymarking.com\/#\/schema\/logo\/image\/","url":"https:\/\/roadskymarking.com\/wp-content\/uploads\/2023\/03\/LOGO.png","contentUrl":"https:\/\/roadskymarking.com\/wp-content\/uploads\/2023\/03\/LOGO.png","width":500,"height":400,"caption":"Nanjing Roadsky Traffic Facility Co.,Ltd. (Roadsky Corporation)"},"image":{"@id":"https:\/\/roadskymarking.com\/#\/schema\/logo\/image\/"}}]}},"_links":{"self":[{"href":"https:\/\/roadskymarking.com\/fr\/wp-json\/wp\/v2\/pages\/11","targetHints":{"allow":["GET"]}}],"collection":[{"href":"https:\/\/roadskymarking.com\/fr\/wp-json\/wp\/v2\/pages"}],"about":[{"href":"https:\/\/roadskymarking.com\/fr\/wp-json\/wp\/v2\/types\/page"}],"author":[{"embeddable":true,"href":"https:\/\/roadskymarking.com\/fr\/wp-json\/wp\/v2\/users\/1"}],"replies":[{"embeddable":true,"href":"https:\/\/roadskymarking.com\/fr\/wp-json\/wp\/v2\/comments?post=11"}],"version-history":[{"count":9,"href":"https:\/\/roadskymarking.com\/fr\/wp-json\/wp\/v2\/pages\/11\/revisions"}],"predecessor-version":[{"id":3691,"href":"https:\/\/roadskymarking.com\/fr\/wp-json\/wp\/v2\/pages\/11\/revisions\/3691"}],"wp:attachment":[{"href":"https:\/\/roadskymarking.com\/fr\/wp-json\/wp\/v2\/media?parent=11"}],"curies":[{"name":"wp","href":"https:\/\/api.w.org\/{rel}","templated":true}]}}