{"id":3900,"date":"2024-11-19T02:28:42","date_gmt":"2024-11-19T02:28:42","guid":{"rendered":"https:\/\/roadskymarking.com\/?page_id=3900"},"modified":"2024-11-19T02:44:30","modified_gmt":"2024-11-19T02:44:30","slug":"hot-melt-road-marking-paint","status":"publish","type":"page","link":"https:\/\/roadskymarking.com\/fr\/hot-melt-road-marking-paint","title":{"rendered":"Peinture de marquage routier thermofusible"},"content":{"rendered":"<div class=\"wp-block-columns is-layout-flex wp-container-core-columns-is-layout-9d6595d7 wp-block-columns-is-layout-flex\">\n<div class=\"wp-block-column is-layout-flow wp-block-column-is-layout-flow\">\n<figure class=\"wp-block-image size-full\"><img loading=\"lazy\" decoding=\"async\" width=\"600\" height=\"400\" src=\"https:\/\/roadskymarking.com\/wp-content\/uploads\/2024\/11\/Hot-Melt-Road-Marking-Paint.jpg\" alt=\"Peinture de marquage routier thermofusible\" class=\"wp-image-3907\" srcset=\"https:\/\/roadskymarking.com\/wp-content\/uploads\/2024\/11\/Hot-Melt-Road-Marking-Paint.jpg 600w, https:\/\/roadskymarking.com\/wp-content\/uploads\/2024\/11\/Hot-Melt-Road-Marking-Paint-400x267.jpg 400w\" sizes=\"auto, (max-width: 600px) 100vw, 600px\" \/><\/figure>\n<\/div>\n\n\n\n<div class=\"wp-block-column is-layout-flow wp-block-column-is-layout-flow\">\n<h2 class=\"wp-block-heading\">Caract\u00e9ristiques :<\/h2>\n\n\n\n<ul class=\"wp-block-list\">\n<li>Haute visibilit\u00e9<\/li>\n\n\n\n<li>Rentabilit\u00e9<\/li>\n\n\n\n<li>S\u00e9chage rapide<\/li>\n\n\n\n<li>Polyvalence<\/li>\n\n\n\n<li>Longue dur\u00e9e de vie<\/li>\n<\/ul>\n\n\n\n<div class=\"wp-block-buttons is-layout-flex wp-block-buttons-is-layout-flex\">\n<div class=\"wp-block-button\"><a class=\"wp-block-button__link wp-element-button\" href=\"https:\/\/roadskymarking.com\/fr\/inquiry\/\" target=\"_blank\" rel=\"noreferrer noopener\"><mark style=\"background-color:rgba(0, 0, 0, 0)\" class=\"has-inline-color has-white-color\">Demande de devis<\/mark><\/a><\/div>\n<\/div>\n<\/div>\n<\/div>\n\n\n\n<div style=\"height:30px\" aria-hidden=\"true\" class=\"wp-block-spacer\"><\/div>\n\n\n\n<hr class=\"wp-block-separator has-alpha-channel-opacity\"\/>\n\n\n\n<p>La peinture de marquage routier thermofusible est un mat\u00e9riau thermoplastique qui, lorsqu'il est chauff\u00e9, devient fluide et peut \u00eatre appliqu\u00e9 sur des surfaces. Une fois refroidi, il forme un rev\u00eatement durable et tr\u00e8s visible. La peinture est g\u00e9n\u00e9ralement compos\u00e9e de r\u00e9sine, de pigments, de charges et de billes de verre, qui contribuent \u00e0 ses propri\u00e9t\u00e9s r\u00e9fl\u00e9chissantes et \u00e0 ses performances durables.<\/p>\n\n\n\n<h2 class=\"wp-block-heading\">Sp\u00e9cifications :<\/h2>\n\n\n\n<figure class=\"wp-block-table\"><table class=\"has-fixed-layout\"><tbody><tr><td>Gravit\u00e9 (g\/m\u00b3)<\/td><td class=\"has-text-align-center\" data-align=\"center\">2,1g\/m\u00b3<\/td><\/tr><tr><td>Collier<\/td><td class=\"has-text-align-center\" data-align=\"center\">Jaune, orange, rouge, etc.<\/td><\/tr><tr><td>Temp\u00e9rature de chauffage<\/td><td class=\"has-text-align-center\" data-align=\"center\">150\u2103-220\u2103<\/td><\/tr><tr><td>Point de ramollissement(\u2103)<\/td><td class=\"has-text-align-center\" data-align=\"center\">110\u2103<\/td><\/tr><tr><td>Aspect du rev\u00eatement<\/td><td class=\"has-text-align-center\" data-align=\"center\">Pas de rides, de points, de cloques, de fissures, de retomb\u00e9es et de pneus collants.<\/td><\/tr><tr><\/tr><tr><td>Temps de s\u00e9chage (min)<\/td><td class=\"has-text-align-center\" data-align=\"center\">Dans les 3 minutes<\/td><\/tr><tr><td>Performance chromatique<\/td><td class=\"has-text-align-center\" data-align=\"center\">Mat\u00e9riau de l'envers (blanc)<\/td><\/tr><tr><td>R\u00e9sistance \u00e0 la compression (MPa)<\/td><td class=\"has-text-align-center\" data-align=\"center\">26<\/td><\/tr><tr><td>R\u00e9sistance \u00e0 l'abrasion (mg)<\/td><td class=\"has-text-align-center\" data-align=\"center\">42<\/td><\/tr><tr><td>R\u00e9sistance \u00e0 l'eau<\/td><td class=\"has-text-align-center\" data-align=\"center\">Grande (dans l'eau pendant 24 heures)<\/td><\/tr><tr><td>R\u00e9sistance aux alcalins<\/td><td class=\"has-text-align-center\" data-align=\"center\">Grande (dans une solution satur\u00e9e d'hydroxyde de calcium pendant 24 heures)<\/td><\/tr><tr><td>Perles de verre (%)<\/td><td class=\"has-text-align-center\" data-align=\"center\">19%<\/td><\/tr><tr><td>Fluidit\u00e9 (s)<\/td><td class=\"has-text-align-center\" data-align=\"center\">40s<\/td><\/tr><tr><td>R\u00e9sistance du rev\u00eatement<\/td><td class=\"has-text-align-center\" data-align=\"center\">R\u00e9siste \u00e0 -10\u2103 pendant 4 heures<\/td><\/tr><tr><td>R\u00e9sistance \u00e0 la chaleur<\/td><td class=\"has-text-align-center\" data-align=\"center\">Sous 200\u2103-220\u2103 pendant des heures<\/td><\/tr><tr><td>Mat\u00e9riau<\/td><td class=\"has-text-align-center\" data-align=\"center\">R\u00e9sine de p\u00e9trole C5, CACO3, cire, billes de verre, EVA, PE, etc.<\/td><\/tr><tr><td>Paquet<\/td><td class=\"has-text-align-center\" data-align=\"center\">25kg\/sac, en sac plastique tiss\u00e9. Un conteneur de 20 pieds peut charger Max. 25 tonnes<\/td><\/tr><tr><td>Application<\/td><td class=\"has-text-align-center\" data-align=\"center\">Marquage routier, ligne droite, ligne pointill\u00e9e, courbe, fl\u00e8che orient\u00e9e, lettre, etc.<\/td><\/tr><\/tbody><\/table><\/figure>\n\n\n\n<h2 class=\"wp-block-heading\" id=\"h-different-standards\">Des normes diff\u00e9rentes :<\/h2>\n\n\n\n<div class=\"wp-block-columns is-layout-flex wp-container-core-columns-is-layout-9d6595d7 wp-block-columns-is-layout-flex\">\n<div class=\"wp-block-column is-layout-flow wp-block-column-is-layout-flow\">\n<table>\n<tbody>\n<tr>\n<td><\/td>\n<td colspan=\"2\" width=\"184\">Norme AASHTO<\/td>\n<\/tr>\n<tr>\n<td>Composants<\/td>\n<td>Sp\u00e9cifications<\/td>\n<td>R\u00e9sultat du test<\/td>\n<\/tr>\n<tr>\n<td>R\u00e9sine<\/td>\n<td>\u226520%<\/td>\n<td>22%<\/td>\n<\/tr>\n<tr>\n<td>Dioxyde de titane<\/td>\n<td>\u226510%<\/td>\n<td>10.20%<\/td>\n<\/tr>\n<tr>\n<td>Perles de verre<\/td>\n<td>\u226530%<\/td>\n<td>32%<\/td>\n<\/tr>\n<\/tbody>\n<\/table>\n<\/div>\n\n\n\n<div class=\"wp-block-column is-layout-flow wp-block-column-is-layout-flow\">\n<figure class=\"wp-block-image size-full\"><img loading=\"lazy\" decoding=\"async\" width=\"294\" height=\"156\" src=\"https:\/\/roadskymarking.com\/wp-content\/uploads\/2023\/12\/Yellow-Thermoplastic-Road-Marking-Paint.jpg\" alt=\"Peinture thermoplastique jaune pour le marquage routier\" class=\"wp-image-3330\"\/><\/figure>\n<\/div>\n<\/div>\n\n\n\n<div class=\"wp-block-columns is-layout-flex wp-container-core-columns-is-layout-9d6595d7 wp-block-columns-is-layout-flex\">\n<div class=\"wp-block-column is-layout-flow wp-block-column-is-layout-flow\">\n<table>\n<tbody>\n<tr>\n<td><\/td>\n<td colspan=\"2\" width=\"184\">Norme britannique<\/td>\n<\/tr>\n<tr>\n<td>Composants<\/td>\n<td>Sp\u00e9cifications<\/td>\n<td>R\u00e9sultat du test<\/td>\n<\/tr>\n<tr>\n<td>R\u00e9sine<\/td>\n<td>\u226520%<\/td>\n<td>21%<\/td>\n<\/tr>\n<tr>\n<td>Dioxyde de titane<\/td>\n<td>\u226510%<\/td>\n<td>12%<\/td>\n<\/tr>\n<tr>\n<td>Perles de verre<\/td>\n<td>\u226520%<\/td>\n<td>21%<\/td>\n<\/tr>\n<\/tbody>\n<\/table>\n<\/div>\n\n\n\n<div class=\"wp-block-column is-layout-flow wp-block-column-is-layout-flow\">\n<figure class=\"wp-block-image size-full\"><img loading=\"lazy\" decoding=\"async\" width=\"294\" height=\"156\" src=\"https:\/\/roadskymarking.com\/wp-content\/uploads\/2023\/12\/Thermoplastic-Road-Marking-Paint-Arrow.jpg\" alt=\"Peinture thermoplastique de marquage routier Fl\u00e8che\" class=\"wp-image-3331\"\/><\/figure>\n<\/div>\n<\/div>\n\n\n\n<div class=\"wp-block-columns is-layout-flex wp-container-core-columns-is-layout-9d6595d7 wp-block-columns-is-layout-flex\">\n<div class=\"wp-block-column is-layout-flow wp-block-column-is-layout-flow\">\n<table>\n<tbody>\n<tr>\n<td><strong>&nbsp;<\/strong><\/td>\n<td colspan=\"2\" width=\"184\">Norme chinoise<\/td>\n<\/tr>\n<tr>\n<td>Composants<\/td>\n<td>Sp\u00e9cifications<\/td>\n<td>R\u00e9sultat du test<\/td>\n<\/tr>\n<tr>\n<td>R\u00e9sine<\/td>\n<td>\u226515%<\/td>\n<td>16.10%<\/td>\n<\/tr>\n<tr>\n<td>Dioxyde de titane<\/td>\n<td>\u22655%<\/td>\n<td>8%<\/td>\n<\/tr>\n<tr>\n<td>Perles de verre<\/td>\n<td>\u226520%<\/td>\n<td>22%<\/td>\n<\/tr>\n<\/tbody>\n<\/table>\n<\/div>\n\n\n\n<div class=\"wp-block-column is-layout-flow wp-block-column-is-layout-flow\">\n<figure class=\"wp-block-image size-full\"><img loading=\"lazy\" decoding=\"async\" width=\"294\" height=\"156\" src=\"https:\/\/roadskymarking.com\/wp-content\/uploads\/2023\/12\/White-Thermoplastic-Road-Marking-Paint.jpg\" alt=\"Peinture thermoplastique blanche de marquage routier\" class=\"wp-image-3332\"\/><\/figure>\n<\/div>\n<\/div>\n\n\n\n<h2 class=\"wp-block-heading\" id=\"h-production-and-test-of-the-paint\">Production et test de la peinture :<\/h2>\n\n\n\n<figure class=\"wp-block-embed is-type-video is-provider-youtube wp-block-embed-youtube wp-embed-aspect-16-9 wp-has-aspect-ratio\"><div class=\"wp-block-embed__wrapper\">\n<iframe loading=\"lazy\" title=\"Production de peinture thermoplastique et test de qualit\u00e9\" width=\"500\" height=\"281\" src=\"https:\/\/www.youtube.com\/embed\/YMP3R4NPz90?feature=oembed\" frameborder=\"0\" allow=\"accelerometer; autoplay; clipboard-write; encrypted-media; gyroscope; picture-in-picture; web-share\" referrerpolicy=\"strict-origin-when-cross-origin\" allowfullscreen><\/iframe>\n<\/div><\/figure>\n\n\n\n<h2 class=\"wp-block-heading\" id=\"h-other-colors\">Autres couleurs :<\/h2>\n\n\n<div class=\"wp-block-image\">\n<figure class=\"aligncenter size-full\"><img loading=\"lazy\" decoding=\"async\" width=\"800\" height=\"584\" src=\"https:\/\/roadskymarking.com\/wp-content\/uploads\/2023\/12\/Thermoplastic-Road-Marking-Paint-Other-Colors.jpg\" alt=\"Peinture thermoplastique de marquage routier Autres couleurs\" class=\"wp-image-3333\" srcset=\"https:\/\/roadskymarking.com\/wp-content\/uploads\/2023\/12\/Thermoplastic-Road-Marking-Paint-Other-Colors.jpg 800w, https:\/\/roadskymarking.com\/wp-content\/uploads\/2023\/12\/Thermoplastic-Road-Marking-Paint-Other-Colors-400x292.jpg 400w, https:\/\/roadskymarking.com\/wp-content\/uploads\/2023\/12\/Thermoplastic-Road-Marking-Paint-Other-Colors-768x561.jpg 768w\" sizes=\"auto, (max-width: 800px) 100vw, 800px\" \/><\/figure><\/div>\n\n\n<h2 class=\"wp-block-heading\">Contactez-nous pour un devis gratuit<\/h2>\n\n\n\n<p><em>Remplissez le formulaire ci-dessous et nos repr\u00e9sentants commerciaux prendront contact avec vous dans les plus brefs d\u00e9lais.<\/em><\/p>\n\n\n\n<div class=\"wp-block-contact-form-7-contact-form-selector\">\n<div class=\"wpcf7 no-js\" id=\"wpcf7-f1316-o1\" lang=\"en-US\" dir=\"ltr\" data-wpcf7-id=\"1316\">\n<div class=\"screen-reader-response\"><p role=\"status\" aria-live=\"polite\" aria-atomic=\"true\"><\/p> <ul><\/ul><\/div>\n<form action=\"\/fr\/wp-json\/wp\/v2\/pages\/3900#wpcf7-f1316-o1\" method=\"post\" class=\"wpcf7-form init\" aria-label=\"Formulaire de contact\" novalidate=\"novalidate\" data-status=\"init\" data-trp-original-action=\"\/fr\/wp-json\/wp\/v2\/pages\/3900#wpcf7-f1316-o1\">\n<fieldset class=\"hidden-fields-container\"><input type=\"hidden\" name=\"_wpcf7\" value=\"1316\" \/><input type=\"hidden\" name=\"_wpcf7_version\" value=\"6.1.5\" \/><input type=\"hidden\" name=\"_wpcf7_locale\" value=\"en_US\" \/><input type=\"hidden\" name=\"_wpcf7_unit_tag\" value=\"wpcf7-f1316-o1\" \/><input type=\"hidden\" name=\"_wpcf7_container_post\" value=\"0\" \/><input type=\"hidden\" name=\"_wpcf7_posted_data_hash\" value=\"\" \/>\n<\/fieldset>\n<div class=\"wpcf7-turnstile cf-turnstile\" data-sitekey=\"0x4AAAAAACH9ueYy7fDdFIjX\" data-response-field-name=\"_wpcf7_turnstile_response\"><\/div>\n\n<p><label><em>*<\/em>Sujet :<\/label><span class=\"wpcf7-form-control-wrap\" data-name=\"your-subject\"><input size=\"40\" maxlength=\"400\" class=\"wpcf7-form-control wpcf7-text wpcf7-validates-as-required\" id=\"your-subject\" aria-required=\"true\" aria-invalid=\"false\" value=\"Product Inquiry\" type=\"text\" name=\"your-subject\" \/><\/span>\n<\/p>\n<p><label><em>*<\/em>Nom :<\/label><span class=\"wpcf7-form-control-wrap\" data-name=\"your-name\"><input size=\"40\" maxlength=\"400\" class=\"wpcf7-form-control wpcf7-text wpcf7-validates-as-required\" id=\"your-name\" aria-required=\"true\" aria-invalid=\"false\" placeholder=\"Veuillez indiquer votre nom le plus couramment utilis\u00e9\" value=\"\" type=\"text\" name=\"your-name\" \/><\/span>\n<\/p>\n<p><label><em>*<\/em>E-mail :<\/label><span class=\"wpcf7-form-control-wrap\" data-name=\"your-email\"><input size=\"40\" maxlength=\"400\" class=\"wpcf7-form-control wpcf7-email wpcf7-validates-as-required wpcf7-text wpcf7-validates-as-email\" id=\"your-email\" aria-required=\"true\" aria-invalid=\"false\" placeholder=\"Veuillez remplir l&#039;e-mail couramment utilis\u00e9\" value=\"\" type=\"email\" name=\"your-email\" \/><\/span>\n<\/p>\n<p><label>T\u00e9l\u00e9phone :<\/label><span class=\"wpcf7-form-control-wrap\" data-name=\"your-phone\"><input size=\"40\" maxlength=\"400\" class=\"wpcf7-form-control wpcf7-text\" id=\"your-phone\" aria-invalid=\"false\" placeholder=\"Veuillez indiquer le num\u00e9ro de t\u00e9l\u00e9phone de la personne \u00e0 contacter ou le num\u00e9ro de t\u00e9l\u00e9phone portable\" value=\"\" type=\"text\" name=\"your-phone\" \/><\/span>\n<\/p>\n<p><label>Pays :<\/label><span class=\"wpcf7-form-control-wrap\" data-name=\"your-country\"><input size=\"40\" maxlength=\"400\" class=\"wpcf7-form-control wpcf7-text\" id=\"your-country\" aria-invalid=\"false\" placeholder=\"Veuillez indiquer votre pays\" value=\"\" type=\"text\" name=\"your-country\" \/><\/span>\n<\/p>\n<p><label>Entreprise :<\/label><span class=\"wpcf7-form-control-wrap\" data-name=\"your-company\"><input size=\"40\" maxlength=\"400\" class=\"wpcf7-form-control wpcf7-text\" id=\"your-company\" aria-invalid=\"false\" placeholder=\"Veuillez indiquer le nom de l&#039;entreprise\" value=\"\" type=\"text\" name=\"your-company\" \/><\/span>\n<\/p>\n<p><label><em>*<\/em>Contenu :<\/label><span class=\"wpcf7-form-control-wrap\" data-name=\"your-message\"><textarea cols=\"40\" rows=\"10\" maxlength=\"2000\" class=\"wpcf7-form-control wpcf7-textarea wpcf7-validates-as-required\" aria-required=\"true\" aria-invalid=\"false\" placeholder=\"Veuillez indiquer les d\u00e9tails que vous souhaitez conna\u00eetre, tels que le nom du produit, les sp\u00e9cifications, le prix, la quantit\u00e9 minimale de pi\u00e8ces, etc.\" name=\"your-message\"><\/textarea><\/span>\n<\/p>\n<p class=\"btn-submit\"><label> <\/label><input class=\"wpcf7-form-control wpcf7-submit has-spinner\" type=\"submit\" value=\"SOUMETTRE\" \/>\n<\/p><div class=\"wpcf7-response-output\" aria-hidden=\"true\"><\/div>\n<input type=\"hidden\" name=\"trp-form-language\" value=\"fr\"\/><\/form>\n<\/div>\n<\/div>","protected":false},"excerpt":{"rendered":"<p>Caract\u00e9ristiques : La peinture de marquage routier thermofusible est un mat\u00e9riau thermoplastique qui, lorsqu'il est chauff\u00e9, devient fluide et peut \u00eatre appliqu\u00e9 sur des surfaces. Une fois refroidi, il forme un rev\u00eatement durable et tr\u00e8s visible. La peinture est g\u00e9n\u00e9ralement compos\u00e9e de r\u00e9sine, de pigments, de charges et de billes de verre, qui contribuent \u00e0 ses propri\u00e9t\u00e9s r\u00e9fl\u00e9chissantes et \u00e0 ses performances durables. Sp\u00e9cifications : Poids (g\/m\u00b3) 2.1g\/m\u00b3 Couleur Jaune, Orange, Rouge et etc Temp\u00e9rature de chauffage 150\u2103-220\u2103 Point de ramollissement(\u2103) 110\u2103 Apparence du rev\u00eatement Pas de rides, de points, de cloques, de fissures, Temps de s\u00e9chage (min) Dans les 3 minutes Chroma Performance Mat\u00e9riau invers\u00e9 (blanc) R\u00e9sistance \u00e0 la compression (MPa) 26 R\u00e9sistance \u00e0 l'abrasion (mg) 42 R\u00e9sistance \u00e0 l'eau Grande (dans l'eau pendant 24 heures) R\u00e9sistance aux alcalis Grande (dans une solution satur\u00e9e d'hydroxyde de calcium pendant 24 heures) Billes de verre (%) 19% Fluidit\u00e9 (s) 40s R\u00e9sistance du rev\u00eatement R\u00e9sis - tance \u00e0 l'eau (dans l'eau pendant 24 heures)10\u2103 pendant 4 heures R\u00e9sistance \u00e0 la chaleur Sous 200\u2103-220\u2103 pendant heures Mat\u00e9riau C5 R\u00e9sine de p\u00e9trole, CACO3, cire, billes de verre, EVA, PE et ainsi de suite. Emballage 25kg\/sac, par sac en plastique tiss\u00e9. Un conteneur de 20 pieds peut charger Max. 25 ...<\/p>","protected":false},"author":1,"featured_media":0,"parent":0,"menu_order":0,"comment_status":"closed","ping_status":"closed","template":"","meta":{"footnotes":""},"class_list":["post-3900","page","type-page","status-publish","hentry"],"yoast_head":"<!-- This site is optimized with the Yoast SEO plugin v27.3 - https:\/\/yoast.com\/product\/yoast-seo-wordpress\/ -->\n<title>Hot Melt Road Marking Paint - RoadSky<\/title>\n<meta name=\"description\" content=\"Hot melt road marking paint is a thermoplastic material that, when heated, becomes fluid and can be applied to surfaces.\" \/>\n<meta name=\"robots\" content=\"index, follow, max-snippet:-1, max-image-preview:large, max-video-preview:-1\" \/>\n<link rel=\"canonical\" href=\"https:\/\/roadskymarking.com\/fr\/hot-melt-road-marking-paint\/\" \/>\n<meta property=\"og:locale\" content=\"fr_FR\" \/>\n<meta property=\"og:type\" content=\"article\" \/>\n<meta property=\"og:title\" content=\"Hot Melt Road Marking Paint - RoadSky\" \/>\n<meta property=\"og:description\" content=\"Hot melt road marking paint is a thermoplastic material that, when heated, becomes fluid and can be applied to surfaces.\" \/>\n<meta property=\"og:url\" content=\"https:\/\/roadskymarking.com\/fr\/hot-melt-road-marking-paint\/\" \/>\n<meta property=\"og:site_name\" content=\"Nanjing Roadsky Traffic Facility Co.,Ltd. (Roadsky Corporation)\" \/>\n<meta property=\"article:modified_time\" content=\"2024-11-19T02:44:30+00:00\" \/>\n<meta property=\"og:image\" content=\"https:\/\/roadskymarking.com\/wp-content\/uploads\/2024\/11\/Hot-Melt-Road-Marking-Paint.jpg\" \/>\n\t<meta property=\"og:image:width\" content=\"600\" \/>\n\t<meta property=\"og:image:height\" content=\"400\" \/>\n\t<meta property=\"og:image:type\" content=\"image\/jpeg\" \/>\n<meta name=\"twitter:card\" content=\"summary_large_image\" \/>\n<meta name=\"twitter:label1\" content=\"Dur\u00e9e de lecture estim\u00e9e\" \/>\n\t<meta name=\"twitter:data1\" content=\"3 minutes\" \/>\n<script type=\"application\/ld+json\" class=\"yoast-schema-graph\">{\"@context\":\"https:\\\/\\\/schema.org\",\"@graph\":[{\"@type\":\"WebPage\",\"@id\":\"https:\\\/\\\/roadskymarking.com\\\/hot-melt-road-marking-paint\",\"url\":\"https:\\\/\\\/roadskymarking.com\\\/hot-melt-road-marking-paint\",\"name\":\"Hot Melt Road Marking Paint - RoadSky\",\"isPartOf\":{\"@id\":\"https:\\\/\\\/roadskymarking.com\\\/#website\"},\"primaryImageOfPage\":{\"@id\":\"https:\\\/\\\/roadskymarking.com\\\/hot-melt-road-marking-paint#primaryimage\"},\"image\":{\"@id\":\"https:\\\/\\\/roadskymarking.com\\\/hot-melt-road-marking-paint#primaryimage\"},\"thumbnailUrl\":\"https:\\\/\\\/roadskymarking.com\\\/wp-content\\\/uploads\\\/2024\\\/11\\\/Hot-Melt-Road-Marking-Paint.jpg\",\"datePublished\":\"2024-11-19T02:28:42+00:00\",\"dateModified\":\"2024-11-19T02:44:30+00:00\",\"description\":\"Hot melt road marking paint is a thermoplastic material that, when heated, becomes fluid and can be applied to surfaces.\",\"breadcrumb\":{\"@id\":\"https:\\\/\\\/roadskymarking.com\\\/hot-melt-road-marking-paint#breadcrumb\"},\"inLanguage\":\"fr-FR\",\"potentialAction\":[{\"@type\":\"ReadAction\",\"target\":[\"https:\\\/\\\/roadskymarking.com\\\/hot-melt-road-marking-paint\"]}]},{\"@type\":\"ImageObject\",\"inLanguage\":\"fr-FR\",\"@id\":\"https:\\\/\\\/roadskymarking.com\\\/hot-melt-road-marking-paint#primaryimage\",\"url\":\"https:\\\/\\\/roadskymarking.com\\\/wp-content\\\/uploads\\\/2024\\\/11\\\/Hot-Melt-Road-Marking-Paint.jpg\",\"contentUrl\":\"https:\\\/\\\/roadskymarking.com\\\/wp-content\\\/uploads\\\/2024\\\/11\\\/Hot-Melt-Road-Marking-Paint.jpg\"},{\"@type\":\"BreadcrumbList\",\"@id\":\"https:\\\/\\\/roadskymarking.com\\\/hot-melt-road-marking-paint#breadcrumb\",\"itemListElement\":[{\"@type\":\"ListItem\",\"position\":1,\"name\":\"Home\",\"item\":\"https:\\\/\\\/roadskymarking.com\\\/\"},{\"@type\":\"ListItem\",\"position\":2,\"name\":\"Hot Melt Road Marking Paint\"}]},{\"@type\":\"WebSite\",\"@id\":\"https:\\\/\\\/roadskymarking.com\\\/#website\",\"url\":\"https:\\\/\\\/roadskymarking.com\\\/\",\"name\":\"Nanjing Roadsky Traffic Facility Co.,Ltd. (Roadsky Corporation)\",\"description\":\"Pavement Marking Equipment Supplier - RoadSky\",\"publisher\":{\"@id\":\"https:\\\/\\\/roadskymarking.com\\\/#organization\"},\"potentialAction\":[{\"@type\":\"SearchAction\",\"target\":{\"@type\":\"EntryPoint\",\"urlTemplate\":\"https:\\\/\\\/roadskymarking.com\\\/?s={search_term_string}\"},\"query-input\":{\"@type\":\"PropertyValueSpecification\",\"valueRequired\":true,\"valueName\":\"search_term_string\"}}],\"inLanguage\":\"fr-FR\"},{\"@type\":\"Organization\",\"@id\":\"https:\\\/\\\/roadskymarking.com\\\/#organization\",\"name\":\"Nanjing Roadsky Traffic Facility Co.,Ltd. (Roadsky Corporation)\",\"url\":\"https:\\\/\\\/roadskymarking.com\\\/\",\"logo\":{\"@type\":\"ImageObject\",\"inLanguage\":\"fr-FR\",\"@id\":\"https:\\\/\\\/roadskymarking.com\\\/#\\\/schema\\\/logo\\\/image\\\/\",\"url\":\"https:\\\/\\\/roadskymarking.com\\\/wp-content\\\/uploads\\\/2023\\\/03\\\/LOGO.png\",\"contentUrl\":\"https:\\\/\\\/roadskymarking.com\\\/wp-content\\\/uploads\\\/2023\\\/03\\\/LOGO.png\",\"width\":500,\"height\":400,\"caption\":\"Nanjing Roadsky Traffic Facility Co.,Ltd. (Roadsky Corporation)\"},\"image\":{\"@id\":\"https:\\\/\\\/roadskymarking.com\\\/#\\\/schema\\\/logo\\\/image\\\/\"}}]}<\/script>\n<!-- \/ Yoast SEO plugin. -->","yoast_head_json":{"title":"Peinture de marquage routier thermofusible - RoadSky","description":"La peinture de marquage routier thermofusible est un mat\u00e9riau thermoplastique qui, lorsqu'il est chauff\u00e9, devient fluide et peut \u00eatre appliqu\u00e9 sur des surfaces.","robots":{"index":"index","follow":"follow","max-snippet":"max-snippet:-1","max-image-preview":"max-image-preview:large","max-video-preview":"max-video-preview:-1"},"canonical":"https:\/\/roadskymarking.com\/fr\/hot-melt-road-marking-paint\/","og_locale":"fr_FR","og_type":"article","og_title":"Hot Melt Road Marking Paint - RoadSky","og_description":"Hot melt road marking paint is a thermoplastic material that, when heated, becomes fluid and can be applied to surfaces.","og_url":"https:\/\/roadskymarking.com\/fr\/hot-melt-road-marking-paint\/","og_site_name":"Nanjing Roadsky Traffic Facility Co.,Ltd. (Roadsky Corporation)","article_modified_time":"2024-11-19T02:44:30+00:00","og_image":[{"width":600,"height":400,"url":"https:\/\/roadskymarking.com\/wp-content\/uploads\/2024\/11\/Hot-Melt-Road-Marking-Paint.jpg","type":"image\/jpeg"}],"twitter_card":"summary_large_image","twitter_misc":{"Dur\u00e9e de lecture estim\u00e9e":"3 minutes"},"schema":{"@context":"https:\/\/schema.org","@graph":[{"@type":"WebPage","@id":"https:\/\/roadskymarking.com\/hot-melt-road-marking-paint","url":"https:\/\/roadskymarking.com\/hot-melt-road-marking-paint","name":"Peinture de marquage routier thermofusible - RoadSky","isPartOf":{"@id":"https:\/\/roadskymarking.com\/#website"},"primaryImageOfPage":{"@id":"https:\/\/roadskymarking.com\/hot-melt-road-marking-paint#primaryimage"},"image":{"@id":"https:\/\/roadskymarking.com\/hot-melt-road-marking-paint#primaryimage"},"thumbnailUrl":"https:\/\/roadskymarking.com\/wp-content\/uploads\/2024\/11\/Hot-Melt-Road-Marking-Paint.jpg","datePublished":"2024-11-19T02:28:42+00:00","dateModified":"2024-11-19T02:44:30+00:00","description":"La peinture de marquage routier thermofusible est un mat\u00e9riau thermoplastique qui, lorsqu'il est chauff\u00e9, devient fluide et peut \u00eatre appliqu\u00e9 sur des surfaces.","breadcrumb":{"@id":"https:\/\/roadskymarking.com\/hot-melt-road-marking-paint#breadcrumb"},"inLanguage":"fr-FR","potentialAction":[{"@type":"ReadAction","target":["https:\/\/roadskymarking.com\/hot-melt-road-marking-paint"]}]},{"@type":"ImageObject","inLanguage":"fr-FR","@id":"https:\/\/roadskymarking.com\/hot-melt-road-marking-paint#primaryimage","url":"https:\/\/roadskymarking.com\/wp-content\/uploads\/2024\/11\/Hot-Melt-Road-Marking-Paint.jpg","contentUrl":"https:\/\/roadskymarking.com\/wp-content\/uploads\/2024\/11\/Hot-Melt-Road-Marking-Paint.jpg"},{"@type":"BreadcrumbList","@id":"https:\/\/roadskymarking.com\/hot-melt-road-marking-paint#breadcrumb","itemListElement":[{"@type":"ListItem","position":1,"name":"Home","item":"https:\/\/roadskymarking.com\/"},{"@type":"ListItem","position":2,"name":"Hot Melt Road Marking Paint"}]},{"@type":"WebSite","@id":"https:\/\/roadskymarking.com\/#website","url":"https:\/\/roadskymarking.com\/","name":"Nanjing Roadsky Traffic Facility Co. Ltd. (Roadsky Corporation)","description":"Fournisseur de mat\u00e9riel de marquage des chauss\u00e9es - RoadSky","publisher":{"@id":"https:\/\/roadskymarking.com\/#organization"},"potentialAction":[{"@type":"SearchAction","target":{"@type":"EntryPoint","urlTemplate":"https:\/\/roadskymarking.com\/?s={search_term_string}"},"query-input":{"@type":"PropertyValueSpecification","valueRequired":true,"valueName":"search_term_string"}}],"inLanguage":"fr-FR"},{"@type":"Organization","@id":"https:\/\/roadskymarking.com\/#organization","name":"Nanjing Roadsky Traffic Facility Co. Ltd. (Roadsky Corporation)","url":"https:\/\/roadskymarking.com\/","logo":{"@type":"ImageObject","inLanguage":"fr-FR","@id":"https:\/\/roadskymarking.com\/#\/schema\/logo\/image\/","url":"https:\/\/roadskymarking.com\/wp-content\/uploads\/2023\/03\/LOGO.png","contentUrl":"https:\/\/roadskymarking.com\/wp-content\/uploads\/2023\/03\/LOGO.png","width":500,"height":400,"caption":"Nanjing Roadsky Traffic Facility Co.,Ltd. (Roadsky Corporation)"},"image":{"@id":"https:\/\/roadskymarking.com\/#\/schema\/logo\/image\/"}}]}},"_links":{"self":[{"href":"https:\/\/roadskymarking.com\/fr\/wp-json\/wp\/v2\/pages\/3900","targetHints":{"allow":["GET"]}}],"collection":[{"href":"https:\/\/roadskymarking.com\/fr\/wp-json\/wp\/v2\/pages"}],"about":[{"href":"https:\/\/roadskymarking.com\/fr\/wp-json\/wp\/v2\/types\/page"}],"author":[{"embeddable":true,"href":"https:\/\/roadskymarking.com\/fr\/wp-json\/wp\/v2\/users\/1"}],"replies":[{"embeddable":true,"href":"https:\/\/roadskymarking.com\/fr\/wp-json\/wp\/v2\/comments?post=3900"}],"version-history":[{"count":6,"href":"https:\/\/roadskymarking.com\/fr\/wp-json\/wp\/v2\/pages\/3900\/revisions"}],"predecessor-version":[{"id":3915,"href":"https:\/\/roadskymarking.com\/fr\/wp-json\/wp\/v2\/pages\/3900\/revisions\/3915"}],"wp:attachment":[{"href":"https:\/\/roadskymarking.com\/fr\/wp-json\/wp\/v2\/media?parent=3900"}],"curies":[{"name":"wp","href":"https:\/\/api.w.org\/{rel}","templated":true}]}}