{"id":3925,"date":"2024-11-20T07:58:32","date_gmt":"2024-11-20T07:58:32","guid":{"rendered":"https:\/\/roadskymarking.com\/?page_id=3925"},"modified":"2024-11-20T08:21:37","modified_gmt":"2024-11-20T08:21:37","slug":"airless-road-marking-machines-2","status":"publish","type":"page","link":"https:\/\/roadskymarking.com\/fr\/airless-road-marking-machines-2","title":{"rendered":"Machines de marquage routier sans air"},"content":{"rendered":"<div class=\"wp-block-columns is-layout-flex wp-container-core-columns-is-layout-9d6595d7 wp-block-columns-is-layout-flex\">\n<div class=\"wp-block-column is-layout-flow wp-block-column-is-layout-flow\">\n<figure class=\"wp-block-image size-full\"><img loading=\"lazy\" decoding=\"async\" width=\"600\" height=\"400\" src=\"https:\/\/roadskymarking.com\/wp-content\/uploads\/2024\/11\/Airless-Road-Marking-Machines.jpg\" alt=\"Machines de marquage routier sans air\" class=\"wp-image-3934\" srcset=\"https:\/\/roadskymarking.com\/wp-content\/uploads\/2024\/11\/Airless-Road-Marking-Machines.jpg 600w, https:\/\/roadskymarking.com\/wp-content\/uploads\/2024\/11\/Airless-Road-Marking-Machines-400x267.jpg 400w\" sizes=\"auto, (max-width: 600px) 100vw, 600px\" \/><\/figure>\n<\/div>\n\n\n\n<div class=\"wp-block-column is-layout-flow wp-block-column-is-layout-flow\">\n<h2 class=\"wp-block-heading\">Caract\u00e9ristiques :<\/h2>\n\n\n\n<ul class=\"wp-block-list\">\n<li>Pr\u00e9cision : Permet d'obtenir une \u00e9paisseur uniforme et des bords nets.<\/li>\n\n\n\n<li>Efficacit\u00e9 : Couvre rapidement de grandes surfaces, r\u00e9duisant ainsi la dur\u00e9e du projet.<\/li>\n\n\n\n<li>Durabilit\u00e9 : Garantit des marquages durables et r\u00e9sistants \u00e0 l'usure.<\/li>\n<\/ul>\n\n\n\n<div class=\"wp-block-buttons is-content-justification-center is-layout-flex wp-container-core-buttons-is-layout-16018d1d wp-block-buttons-is-layout-flex\">\n<div class=\"wp-block-button\"><a class=\"wp-block-button__link wp-element-button\" href=\"https:\/\/roadskymarking.com\/fr\/inquiry\/\" target=\"_blank\" rel=\"noreferrer noopener\"><mark style=\"background-color:rgba(0, 0, 0, 0)\" class=\"has-inline-color has-white-color\">Obtenir un devis<\/mark><\/a><\/div>\n<\/div>\n<\/div>\n<\/div>\n\n\n\n<hr class=\"wp-block-separator has-alpha-channel-opacity\"\/>\n\n\n\n<p>Les machines de marquage routier sans air utilisent une pompe \u00e0 haute pression pour pulv\u00e9riser la peinture directement sur les surfaces routi\u00e8res sans avoir recours \u00e0 l'air comprim\u00e9. Cette technologie garantit une application lisse et r\u00e9guli\u00e8re de la peinture, ce qui la rend id\u00e9ale pour produire des lignes nettes et coh\u00e9rentes sur les routes, les parkings et d'autres surfaces. Les composants principaux comprennent une pompe \u00e0 haute pression, un pistolet de pulv\u00e9risation, un r\u00e9servoir de peinture et des buses r\u00e9glables.<\/p>\n\n\n\n<figure class=\"wp-block-embed aligncenter is-type-video is-provider-youtube wp-block-embed-youtube wp-embed-aspect-16-9 wp-has-aspect-ratio\"><div class=\"wp-block-embed__wrapper\">\n<iframe loading=\"lazy\" title=\"Marquage double ligne avec une machine de marquage routier sans air (plastique froid)\" width=\"500\" height=\"281\" src=\"https:\/\/www.youtube.com\/embed\/wpeEhpRbclE?feature=oembed\" frameborder=\"0\" allow=\"accelerometer; autoplay; clipboard-write; encrypted-media; gyroscope; picture-in-picture; web-share\" referrerpolicy=\"strict-origin-when-cross-origin\" allowfullscreen><\/iframe>\n<\/div><\/figure>\n\n\n\n<h2 class=\"wp-block-heading\">Applications des machines de marquage routier sans air<\/h2>\n\n\n\n<p>Les machines de marquage routier sans air sont utilis\u00e9es dans divers secteurs, notamment :<\/p>\n\n\n\n<ul class=\"wp-block-list\">\n<li><strong>Routes urbaines et rurales<\/strong>: Pour cr\u00e9er des s\u00e9parateurs de voies, des passages pour pi\u00e9tons et des lignes d'arr\u00eat.<\/li>\n\n\n\n<li><strong>Lots de stationnement<\/strong>: Marquage pr\u00e9cis des places de parking et fl\u00e8ches directionnelles.<\/li>\n\n\n\n<li><strong>A\u00e9roports<\/strong>: Marquage des pistes, voies de circulation et terminaux.<\/li>\n\n\n\n<li><strong>Installations industrielles<\/strong>: Zones de s\u00e9curit\u00e9 et marquages de danger.<\/li>\n<\/ul>\n\n\n\n<h2 class=\"wp-block-heading\">Produits apparent\u00e9s<\/h2>\n\n\n\n<div class=\"wp-block-columns is-layout-flex wp-container-core-columns-is-layout-9d6595d7 wp-block-columns-is-layout-flex\">\n<div class=\"wp-block-column is-layout-flow wp-block-column-is-layout-flow\" style=\"flex-basis:33.33%\"><div class=\"wp-block-image\">\n<figure class=\"aligncenter size-large is-resized\"><a href=\"https:\/\/roadskymarking.com\/fr\/cold-paint-road-marking-machine.html\/\" target=\"_blank\" rel=\" noreferrer noopener\"><img decoding=\"async\" src=\"https:\/\/roadskymarking.com\/wp-content\/uploads\/2024\/03\/RS-5-Cold-Paint-Road-Marking-Machine.jpg\" alt=\"RS-5 Machine de marquage routier par peinture \u00e0 froid\" style=\"object-fit:cover;width:200px;height:200px\"\/><\/a><figcaption class=\"wp-element-caption\"><a href=\"https:\/\/roadskymarking.com\/fr\/cold-paint-road-marking-machine.html\/\" target=\"_blank\" rel=\"noreferrer noopener\">RS-5 Machine de marquage routier par peinture \u00e0 froid<\/a><\/figcaption><\/figure><\/div><\/div>\n\n\n\n<div class=\"wp-block-column is-layout-flow wp-block-column-is-layout-flow\" style=\"flex-basis:66.66%\">\n<p>La machine de marquage routier par peinture \u00e0 froid de la s\u00e9rie RS-5 est largement utilis\u00e9e dans les parkings, les routes urbaines et les projets de marquage d'autoroutes. Il s'agit d'une sorte de machine de marquage par pulv\u00e9risation haute pression sans air, qui g\u00e9n\u00e8re une pression \u00e0 partir d'une pompe \u00e0 piston pour pulv\u00e9riser de la peinture \u00e0 travers une buse. Le syst\u00e8me de contr\u00f4le des pistolets de pulv\u00e9risation sp\u00e9cialement con\u00e7u permet d'obtenir une fin de ligne ordonn\u00e9e et esth\u00e9tique.<\/p>\n<\/div>\n<\/div>\n\n\n\n<div class=\"wp-block-columns is-layout-flex wp-container-core-columns-is-layout-9d6595d7 wp-block-columns-is-layout-flex\">\n<div class=\"wp-block-column is-layout-flow wp-block-column-is-layout-flow\" style=\"flex-basis:33.33%\"><div class=\"wp-block-image\">\n<figure class=\"aligncenter size-large is-resized\"><a href=\"https:\/\/roadskymarking.com\/fr\/cold-paint-line-striper.html\/\" target=\"_blank\" rel=\" noreferrer noopener\"><img decoding=\"async\" src=\"https:\/\/roadskymarking.com\/wp-content\/uploads\/2018\/05\/RS-5E-Cold-Paint-Road-Marking-Machine-4.jpg\" alt=\"RS-5E D\u00e9capeur de ligne de peinture \u00e0 froid\" style=\"object-fit:cover;width:200px;height:200px\"\/><\/a><figcaption class=\"wp-element-caption\"><a href=\"https:\/\/roadskymarking.com\/fr\/cold-paint-line-striper.html\/\" target=\"_blank\" rel=\"noreferrer noopener\">RS-5E D\u00e9capeur de ligne de peinture \u00e0 froid<\/a><\/figcaption><\/figure><\/div><\/div>\n\n\n\n<div class=\"wp-block-column is-layout-flow wp-block-column-is-layout-flow\" style=\"flex-basis:66.66%\">\n<p>La d\u00e9capeuse de ligne de peinture \u00e0 froid (machine de marquage de chauss\u00e9e) de la s\u00e9rie RS-5E est sp\u00e9cialement con\u00e7ue pour un marquage efficace. La pompe hydraulique interne \u00e0 inversion stable, le pistolet de pulv\u00e9risation r\u00e9glable et le filtre \u00e0 peinture garantissent les performances de marquage. La machine de marquage routier RS-5E a une longue dur\u00e9e de vie gr\u00e2ce \u00e0 sa structure simple, sa pompe et son moteur fiables.<\/p>\n<\/div>\n<\/div>\n\n\n\n<div class=\"wp-block-columns is-layout-flex wp-container-core-columns-is-layout-9d6595d7 wp-block-columns-is-layout-flex\">\n<div class=\"wp-block-column is-layout-flow wp-block-column-is-layout-flow\" style=\"flex-basis:33.33%\"><div class=\"wp-block-image\">\n<figure class=\"aligncenter size-large is-resized\"><a href=\"https:\/\/roadskymarking.com\/fr\/two-component-road-marking-machine.html\/\" target=\"_blank\" rel=\" noreferrer noopener\"><img decoding=\"async\" src=\"https:\/\/roadskymarking.com\/wp-content\/uploads\/2023\/09\/Two-Component-Road-Marking-Machine.jpg\" alt=\"RS-12 Machine de marquage routier \u00e0 deux composants\" style=\"object-fit:cover;width:200px;height:200px\"\/><\/a><figcaption class=\"wp-element-caption\"><a href=\"https:\/\/roadskymarking.com\/fr\/two-component-road-marking-machine.html\/\" target=\"_blank\" rel=\"noreferrer noopener\">RS-12 Machine de marquage routier \u00e0 deux composants<\/a><\/figcaption><\/figure><\/div><\/div>\n\n\n\n<div class=\"wp-block-column is-layout-flow wp-block-column-is-layout-flow\" style=\"flex-basis:66.66%\">\n<p>La machine de marquage routier \u00e0 deux composants est une m\u00e9thode de marquage avanc\u00e9e. La peinture de marquage \u00e0 deux composants se compose d'une peinture plastique \u00e0 froid et d'un agent de durcissement. Les deux liquides sont contenus dans des r\u00e9servoirs s\u00e9par\u00e9s jusqu'\u00e0 ce qu'ils soient pulv\u00e9ris\u00e9s et m\u00e9lang\u00e9s dans l'air pendant l'op\u00e9ration de marquage. Une fois que la peinture plastique froide et l'agent de durcissement sont m\u00e9lang\u00e9s dans l'air, ils forment imm\u00e9diatement les lignes de marquage sur la route, car l'agent de durcissement acc\u00e9l\u00e8re la solidification de la peinture. La largeur du marquage peut \u00eatre contr\u00f4l\u00e9e en ajustant l'angle des pulv\u00e9risateurs.<\/p>\n<\/div>\n<\/div>\n\n\n\n<div class=\"wp-block-columns is-layout-flex wp-container-core-columns-is-layout-9d6595d7 wp-block-columns-is-layout-flex\">\n<div class=\"wp-block-column is-layout-flow wp-block-column-is-layout-flow\" style=\"flex-basis:33.33%\"><div class=\"wp-block-image\">\n<figure class=\"aligncenter size-large is-resized\"><a href=\"https:\/\/roadskymarking.com\/fr\/automatic-cold-paint-road-marking-machine.html\/\" target=\"_blank\" rel=\" noreferrer noopener\"><img decoding=\"async\" src=\"https:\/\/roadskymarking.com\/wp-content\/uploads\/2017\/07\/automatic-cold-paint-road-marking-machine.jpg\" alt=\"Machine automatique de marquage routier par peinture \u00e0 froid\" style=\"object-fit:cover;width:200px;height:200px\"\/><\/a><figcaption class=\"wp-element-caption\"><a href=\"https:\/\/roadskymarking.com\/fr\/automatic-cold-paint-road-marking-machine.html\/\" target=\"_blank\" rel=\"noreferrer noopener\">Machine automatique de marquage routier par peinture \u00e0 froid<\/a><\/figcaption><\/figure><\/div><\/div>\n\n\n\n<div class=\"wp-block-column is-layout-flow wp-block-column-is-layout-flow\" style=\"flex-basis:66.66%\">\n<p>Notre machine de marquage routier automatique par peinture \u00e0 froid est une machine de marquage enti\u00e8rement automatique. Le r\u00e9servoir de peinture de grande capacit\u00e9 et le r\u00e9servoir de billes de verre sont sp\u00e9cialement con\u00e7us pour les projets de marquage routier sur de longues distances. Le syst\u00e8me d'entra\u00eenement hydraulique fiable et le moteur puissant peuvent grandement am\u00e9liorer l'efficacit\u00e9 du marquage des lignes.<\/p>\n<\/div>\n<\/div>\n\n\n\n<h2 class=\"wp-block-heading\">Contactez-nous pour un devis gratuit<\/h2>\n\n\n\n<p><em>Remplissez le formulaire ci-dessous et nos repr\u00e9sentants commerciaux prendront contact avec vous dans les plus brefs d\u00e9lais.<\/em><\/p>\n\n\n\n<div class=\"wp-block-contact-form-7-contact-form-selector\">\n<div class=\"wpcf7 no-js\" id=\"wpcf7-f1316-o1\" lang=\"en-US\" dir=\"ltr\" data-wpcf7-id=\"1316\">\n<div class=\"screen-reader-response\"><p role=\"status\" aria-live=\"polite\" aria-atomic=\"true\"><\/p> <ul><\/ul><\/div>\n<form action=\"\/fr\/wp-json\/wp\/v2\/pages\/3925#wpcf7-f1316-o1\" method=\"post\" class=\"wpcf7-form init\" aria-label=\"Formulaire de contact\" novalidate=\"novalidate\" data-status=\"init\" data-trp-original-action=\"\/fr\/wp-json\/wp\/v2\/pages\/3925#wpcf7-f1316-o1\">\n<fieldset class=\"hidden-fields-container\"><input type=\"hidden\" name=\"_wpcf7\" value=\"1316\" \/><input type=\"hidden\" name=\"_wpcf7_version\" value=\"6.1.5\" \/><input type=\"hidden\" name=\"_wpcf7_locale\" value=\"en_US\" \/><input type=\"hidden\" name=\"_wpcf7_unit_tag\" value=\"wpcf7-f1316-o1\" \/><input type=\"hidden\" name=\"_wpcf7_container_post\" value=\"0\" \/><input type=\"hidden\" name=\"_wpcf7_posted_data_hash\" value=\"\" \/>\n<\/fieldset>\n<div class=\"wpcf7-turnstile cf-turnstile\" data-sitekey=\"0x4AAAAAACH9ueYy7fDdFIjX\" data-response-field-name=\"_wpcf7_turnstile_response\"><\/div>\n\n<p><label><em>*<\/em>Sujet :<\/label><span class=\"wpcf7-form-control-wrap\" data-name=\"your-subject\"><input size=\"40\" maxlength=\"400\" class=\"wpcf7-form-control wpcf7-text wpcf7-validates-as-required\" id=\"your-subject\" aria-required=\"true\" aria-invalid=\"false\" value=\"Product Inquiry\" type=\"text\" name=\"your-subject\" \/><\/span>\n<\/p>\n<p><label><em>*<\/em>Nom :<\/label><span class=\"wpcf7-form-control-wrap\" data-name=\"your-name\"><input size=\"40\" maxlength=\"400\" class=\"wpcf7-form-control wpcf7-text wpcf7-validates-as-required\" id=\"your-name\" aria-required=\"true\" aria-invalid=\"false\" placeholder=\"Veuillez indiquer votre nom le plus couramment utilis\u00e9\" value=\"\" type=\"text\" name=\"your-name\" \/><\/span>\n<\/p>\n<p><label><em>*<\/em>E-mail :<\/label><span class=\"wpcf7-form-control-wrap\" data-name=\"your-email\"><input size=\"40\" maxlength=\"400\" class=\"wpcf7-form-control wpcf7-email wpcf7-validates-as-required wpcf7-text wpcf7-validates-as-email\" id=\"your-email\" aria-required=\"true\" aria-invalid=\"false\" placeholder=\"Veuillez remplir l&#039;e-mail couramment utilis\u00e9\" value=\"\" type=\"email\" name=\"your-email\" \/><\/span>\n<\/p>\n<p><label>T\u00e9l\u00e9phone :<\/label><span class=\"wpcf7-form-control-wrap\" data-name=\"your-phone\"><input size=\"40\" maxlength=\"400\" class=\"wpcf7-form-control wpcf7-text\" id=\"your-phone\" aria-invalid=\"false\" placeholder=\"Veuillez indiquer le num\u00e9ro de t\u00e9l\u00e9phone de la personne \u00e0 contacter ou le num\u00e9ro de t\u00e9l\u00e9phone portable\" value=\"\" type=\"text\" name=\"your-phone\" \/><\/span>\n<\/p>\n<p><label>Pays :<\/label><span class=\"wpcf7-form-control-wrap\" data-name=\"your-country\"><input size=\"40\" maxlength=\"400\" class=\"wpcf7-form-control wpcf7-text\" id=\"your-country\" aria-invalid=\"false\" placeholder=\"Veuillez indiquer votre pays\" value=\"\" type=\"text\" name=\"your-country\" \/><\/span>\n<\/p>\n<p><label>Entreprise :<\/label><span class=\"wpcf7-form-control-wrap\" data-name=\"your-company\"><input size=\"40\" maxlength=\"400\" class=\"wpcf7-form-control wpcf7-text\" id=\"your-company\" aria-invalid=\"false\" placeholder=\"Veuillez indiquer le nom de l&#039;entreprise\" value=\"\" type=\"text\" name=\"your-company\" \/><\/span>\n<\/p>\n<p><label><em>*<\/em>Contenu :<\/label><span class=\"wpcf7-form-control-wrap\" data-name=\"your-message\"><textarea cols=\"40\" rows=\"10\" maxlength=\"2000\" class=\"wpcf7-form-control wpcf7-textarea wpcf7-validates-as-required\" aria-required=\"true\" aria-invalid=\"false\" placeholder=\"Veuillez indiquer les d\u00e9tails que vous souhaitez conna\u00eetre, tels que le nom du produit, les sp\u00e9cifications, le prix, la quantit\u00e9 minimale de pi\u00e8ces, etc.\" name=\"your-message\"><\/textarea><\/span>\n<\/p>\n<p class=\"btn-submit\"><label> <\/label><input class=\"wpcf7-form-control wpcf7-submit has-spinner\" type=\"submit\" value=\"SOUMETTRE\" \/>\n<\/p><div class=\"wpcf7-response-output\" aria-hidden=\"true\"><\/div>\n<input type=\"hidden\" name=\"trp-form-language\" value=\"fr\"\/><\/form>\n<\/div>\n<\/div>","protected":false},"excerpt":{"rendered":"<p>Features: Airless road marking machines use a high-pressure pump to spray paint directly onto road surfaces without the need for compressed air. This technology ensures a smooth and even application of paint, making it ideal for producing sharp and consistent lines on roads, parking lots, and other surfaces. The core components include a high-pressure pump, spray gun, paint tank, and adjustable nozzles. Applications of Airless Road Marking Machines Airless road marking machines are used in various sectors, including: Related Products RS-5 series cold paint road marking machine is widely used in parking lots, urban road and highway marking project. It is a kind of airless high pressure spraying marking machine, which generates pressure from plunger pump to spray paint through nozzle. Special designed spray guns control system makes the line ends tidy and good-looking. RS-5E series cold paint line striper (pavement marking machine) is special designed for efficient marking. Stable internal reversing hydraulic pump, adjustable spray gun and paint filter &#8230;<\/p>","protected":false},"author":1,"featured_media":0,"parent":0,"menu_order":0,"comment_status":"closed","ping_status":"closed","template":"","meta":{"footnotes":""},"class_list":["post-3925","page","type-page","status-publish","hentry"],"yoast_head":"<!-- This site is optimized with the Yoast SEO plugin v27.5 - https:\/\/yoast.com\/product\/yoast-seo-wordpress\/ -->\n<title>Airless Road Marking Machines - RoadSky<\/title>\n<meta name=\"description\" content=\"Airless road marking machines use a high-pressure pump to spray paint directly onto road surfaces without the need for compressed air.\" \/>\n<meta name=\"robots\" content=\"index, follow, max-snippet:-1, max-image-preview:large, max-video-preview:-1\" \/>\n<link rel=\"canonical\" href=\"https:\/\/roadskymarking.com\/fr\/airless-road-marking-machines-2\/\" \/>\n<meta property=\"og:locale\" content=\"fr_FR\" \/>\n<meta property=\"og:type\" content=\"article\" \/>\n<meta property=\"og:title\" content=\"Airless Road Marking Machines - RoadSky\" \/>\n<meta property=\"og:description\" content=\"Airless road marking machines use a high-pressure pump to spray paint directly onto road surfaces without the need for compressed air.\" \/>\n<meta property=\"og:url\" content=\"https:\/\/roadskymarking.com\/fr\/airless-road-marking-machines-2\/\" \/>\n<meta property=\"og:site_name\" content=\"Nanjing Roadsky Traffic Facility Co.,Ltd. (Roadsky Corporation)\" \/>\n<meta property=\"article:modified_time\" content=\"2024-11-20T08:21:37+00:00\" \/>\n<meta property=\"og:image\" content=\"https:\/\/roadskymarking.com\/wp-content\/uploads\/2024\/11\/Airless-Road-Marking-Machines.jpg\" \/>\n\t<meta property=\"og:image:width\" content=\"600\" \/>\n\t<meta property=\"og:image:height\" content=\"400\" \/>\n\t<meta property=\"og:image:type\" content=\"image\/jpeg\" \/>\n<meta name=\"twitter:card\" content=\"summary_large_image\" \/>\n<meta name=\"twitter:label1\" content=\"Dur\u00e9e de lecture estim\u00e9e\" \/>\n\t<meta name=\"twitter:data1\" content=\"3 minutes\" \/>\n<script type=\"application\/ld+json\" class=\"yoast-schema-graph\">{\"@context\":\"https:\\\/\\\/schema.org\",\"@graph\":[{\"@type\":\"WebPage\",\"@id\":\"https:\\\/\\\/roadskymarking.com\\\/airless-road-marking-machines-2\",\"url\":\"https:\\\/\\\/roadskymarking.com\\\/airless-road-marking-machines-2\",\"name\":\"Airless Road Marking Machines - RoadSky\",\"isPartOf\":{\"@id\":\"https:\\\/\\\/roadskymarking.com\\\/#website\"},\"primaryImageOfPage\":{\"@id\":\"https:\\\/\\\/roadskymarking.com\\\/airless-road-marking-machines-2#primaryimage\"},\"image\":{\"@id\":\"https:\\\/\\\/roadskymarking.com\\\/airless-road-marking-machines-2#primaryimage\"},\"thumbnailUrl\":\"https:\\\/\\\/roadskymarking.com\\\/wp-content\\\/uploads\\\/2024\\\/11\\\/Airless-Road-Marking-Machines.jpg\",\"datePublished\":\"2024-11-20T07:58:32+00:00\",\"dateModified\":\"2024-11-20T08:21:37+00:00\",\"description\":\"Airless road marking machines use a high-pressure pump to spray paint directly onto road surfaces without the need for compressed air.\",\"breadcrumb\":{\"@id\":\"https:\\\/\\\/roadskymarking.com\\\/airless-road-marking-machines-2#breadcrumb\"},\"inLanguage\":\"fr-FR\",\"potentialAction\":[{\"@type\":\"ReadAction\",\"target\":[\"https:\\\/\\\/roadskymarking.com\\\/airless-road-marking-machines-2\"]}]},{\"@type\":\"ImageObject\",\"inLanguage\":\"fr-FR\",\"@id\":\"https:\\\/\\\/roadskymarking.com\\\/airless-road-marking-machines-2#primaryimage\",\"url\":\"https:\\\/\\\/roadskymarking.com\\\/wp-content\\\/uploads\\\/2024\\\/11\\\/Airless-Road-Marking-Machines.jpg\",\"contentUrl\":\"https:\\\/\\\/roadskymarking.com\\\/wp-content\\\/uploads\\\/2024\\\/11\\\/Airless-Road-Marking-Machines.jpg\"},{\"@type\":\"BreadcrumbList\",\"@id\":\"https:\\\/\\\/roadskymarking.com\\\/airless-road-marking-machines-2#breadcrumb\",\"itemListElement\":[{\"@type\":\"ListItem\",\"position\":1,\"name\":\"Home\",\"item\":\"https:\\\/\\\/roadskymarking.com\\\/\"},{\"@type\":\"ListItem\",\"position\":2,\"name\":\"Airless Road Marking Machines\"}]},{\"@type\":\"WebSite\",\"@id\":\"https:\\\/\\\/roadskymarking.com\\\/#website\",\"url\":\"https:\\\/\\\/roadskymarking.com\\\/\",\"name\":\"Nanjing Roadsky Traffic Facility Co.,Ltd. (Roadsky Corporation)\",\"description\":\"Pavement Marking Equipment Supplier - RoadSky\",\"publisher\":{\"@id\":\"https:\\\/\\\/roadskymarking.com\\\/#organization\"},\"potentialAction\":[{\"@type\":\"SearchAction\",\"target\":{\"@type\":\"EntryPoint\",\"urlTemplate\":\"https:\\\/\\\/roadskymarking.com\\\/?s={search_term_string}\"},\"query-input\":{\"@type\":\"PropertyValueSpecification\",\"valueRequired\":true,\"valueName\":\"search_term_string\"}}],\"inLanguage\":\"fr-FR\"},{\"@type\":\"Organization\",\"@id\":\"https:\\\/\\\/roadskymarking.com\\\/#organization\",\"name\":\"Nanjing Roadsky Traffic Facility Co.,Ltd. (Roadsky Corporation)\",\"url\":\"https:\\\/\\\/roadskymarking.com\\\/\",\"logo\":{\"@type\":\"ImageObject\",\"inLanguage\":\"fr-FR\",\"@id\":\"https:\\\/\\\/roadskymarking.com\\\/#\\\/schema\\\/logo\\\/image\\\/\",\"url\":\"https:\\\/\\\/roadskymarking.com\\\/wp-content\\\/uploads\\\/2023\\\/03\\\/LOGO.png\",\"contentUrl\":\"https:\\\/\\\/roadskymarking.com\\\/wp-content\\\/uploads\\\/2023\\\/03\\\/LOGO.png\",\"width\":500,\"height\":400,\"caption\":\"Nanjing Roadsky Traffic Facility Co.,Ltd. (Roadsky Corporation)\"},\"image\":{\"@id\":\"https:\\\/\\\/roadskymarking.com\\\/#\\\/schema\\\/logo\\\/image\\\/\"}}]}<\/script>\n<!-- \/ Yoast SEO plugin. -->","yoast_head_json":{"title":"Machines de marquage routier sans air - RoadSky","description":"Les machines de marquage routier sans air utilisent une pompe \u00e0 haute pression pour pulv\u00e9riser de la peinture directement sur les surfaces routi\u00e8res sans avoir recours \u00e0 l'air comprim\u00e9.","robots":{"index":"index","follow":"follow","max-snippet":"max-snippet:-1","max-image-preview":"max-image-preview:large","max-video-preview":"max-video-preview:-1"},"canonical":"https:\/\/roadskymarking.com\/fr\/airless-road-marking-machines-2\/","og_locale":"fr_FR","og_type":"article","og_title":"Airless Road Marking Machines - RoadSky","og_description":"Airless road marking machines use a high-pressure pump to spray paint directly onto road surfaces without the need for compressed air.","og_url":"https:\/\/roadskymarking.com\/fr\/airless-road-marking-machines-2\/","og_site_name":"Nanjing Roadsky Traffic Facility Co.,Ltd. (Roadsky Corporation)","article_modified_time":"2024-11-20T08:21:37+00:00","og_image":[{"width":600,"height":400,"url":"https:\/\/roadskymarking.com\/wp-content\/uploads\/2024\/11\/Airless-Road-Marking-Machines.jpg","type":"image\/jpeg"}],"twitter_card":"summary_large_image","twitter_misc":{"Dur\u00e9e de lecture estim\u00e9e":"3 minutes"},"schema":{"@context":"https:\/\/schema.org","@graph":[{"@type":"WebPage","@id":"https:\/\/roadskymarking.com\/airless-road-marking-machines-2","url":"https:\/\/roadskymarking.com\/airless-road-marking-machines-2","name":"Machines de marquage routier sans air - RoadSky","isPartOf":{"@id":"https:\/\/roadskymarking.com\/#website"},"primaryImageOfPage":{"@id":"https:\/\/roadskymarking.com\/airless-road-marking-machines-2#primaryimage"},"image":{"@id":"https:\/\/roadskymarking.com\/airless-road-marking-machines-2#primaryimage"},"thumbnailUrl":"https:\/\/roadskymarking.com\/wp-content\/uploads\/2024\/11\/Airless-Road-Marking-Machines.jpg","datePublished":"2024-11-20T07:58:32+00:00","dateModified":"2024-11-20T08:21:37+00:00","description":"Les machines de marquage routier sans air utilisent une pompe \u00e0 haute pression pour pulv\u00e9riser de la peinture directement sur les surfaces routi\u00e8res sans avoir recours \u00e0 l'air comprim\u00e9.","breadcrumb":{"@id":"https:\/\/roadskymarking.com\/airless-road-marking-machines-2#breadcrumb"},"inLanguage":"fr-FR","potentialAction":[{"@type":"ReadAction","target":["https:\/\/roadskymarking.com\/airless-road-marking-machines-2"]}]},{"@type":"ImageObject","inLanguage":"fr-FR","@id":"https:\/\/roadskymarking.com\/airless-road-marking-machines-2#primaryimage","url":"https:\/\/roadskymarking.com\/wp-content\/uploads\/2024\/11\/Airless-Road-Marking-Machines.jpg","contentUrl":"https:\/\/roadskymarking.com\/wp-content\/uploads\/2024\/11\/Airless-Road-Marking-Machines.jpg"},{"@type":"BreadcrumbList","@id":"https:\/\/roadskymarking.com\/airless-road-marking-machines-2#breadcrumb","itemListElement":[{"@type":"ListItem","position":1,"name":"Home","item":"https:\/\/roadskymarking.com\/"},{"@type":"ListItem","position":2,"name":"Airless Road Marking Machines"}]},{"@type":"WebSite","@id":"https:\/\/roadskymarking.com\/#website","url":"https:\/\/roadskymarking.com\/","name":"Nanjing Roadsky Traffic Facility Co. Ltd. (Roadsky Corporation)","description":"Fournisseur de mat\u00e9riel de marquage des chauss\u00e9es - RoadSky","publisher":{"@id":"https:\/\/roadskymarking.com\/#organization"},"potentialAction":[{"@type":"SearchAction","target":{"@type":"EntryPoint","urlTemplate":"https:\/\/roadskymarking.com\/?s={search_term_string}"},"query-input":{"@type":"PropertyValueSpecification","valueRequired":true,"valueName":"search_term_string"}}],"inLanguage":"fr-FR"},{"@type":"Organization","@id":"https:\/\/roadskymarking.com\/#organization","name":"Nanjing Roadsky Traffic Facility Co. Ltd. (Roadsky Corporation)","url":"https:\/\/roadskymarking.com\/","logo":{"@type":"ImageObject","inLanguage":"fr-FR","@id":"https:\/\/roadskymarking.com\/#\/schema\/logo\/image\/","url":"https:\/\/roadskymarking.com\/wp-content\/uploads\/2023\/03\/LOGO.png","contentUrl":"https:\/\/roadskymarking.com\/wp-content\/uploads\/2023\/03\/LOGO.png","width":500,"height":400,"caption":"Nanjing Roadsky Traffic Facility Co.,Ltd. (Roadsky Corporation)"},"image":{"@id":"https:\/\/roadskymarking.com\/#\/schema\/logo\/image\/"}}]}},"_links":{"self":[{"href":"https:\/\/roadskymarking.com\/fr\/wp-json\/wp\/v2\/pages\/3925","targetHints":{"allow":["GET"]}}],"collection":[{"href":"https:\/\/roadskymarking.com\/fr\/wp-json\/wp\/v2\/pages"}],"about":[{"href":"https:\/\/roadskymarking.com\/fr\/wp-json\/wp\/v2\/types\/page"}],"author":[{"embeddable":true,"href":"https:\/\/roadskymarking.com\/fr\/wp-json\/wp\/v2\/users\/1"}],"replies":[{"embeddable":true,"href":"https:\/\/roadskymarking.com\/fr\/wp-json\/wp\/v2\/comments?post=3925"}],"version-history":[{"count":7,"href":"https:\/\/roadskymarking.com\/fr\/wp-json\/wp\/v2\/pages\/3925\/revisions"}],"predecessor-version":[{"id":3938,"href":"https:\/\/roadskymarking.com\/fr\/wp-json\/wp\/v2\/pages\/3925\/revisions\/3938"}],"wp:attachment":[{"href":"https:\/\/roadskymarking.com\/fr\/wp-json\/wp\/v2\/media?parent=3925"}],"curies":[{"name":"wp","href":"https:\/\/api.w.org\/{rel}","templated":true}]}}