{"id":4418,"date":"2026-01-27T03:17:57","date_gmt":"2026-01-27T03:17:57","guid":{"rendered":"https:\/\/roadskymarking.com\/?page_id=4418"},"modified":"2026-01-27T03:17:59","modified_gmt":"2026-01-27T03:17:59","slug":"portable-retroreflectometer","status":"publish","type":"page","link":"https:\/\/roadskymarking.com\/fr\/portable-retroreflectometer","title":{"rendered":"R\u00e9tror\u00e9flectom\u00e8tre portable"},"content":{"rendered":"<p>Nos r\u00e9tror\u00e9flectom\u00e8tres portables sont con\u00e7us pour une mesure rapide, pr\u00e9cise et fiable de la r\u00e9tror\u00e9flectivit\u00e9 sur les marquages routiers, les panneaux de signalisation et les mat\u00e9riaux r\u00e9fl\u00e9chissants. Ces r\u00e9tror\u00e9flectom\u00e8tres portatifs sont l\u00e9gers, faciles \u00e0 utiliser et enti\u00e8rement conformes aux normes internationales de s\u00e9curit\u00e9 routi\u00e8re.<\/p>\n\n\n\n<p>Qu'ils soient utilis\u00e9s par les services des transports, les entreprises d'entretien des routes, les inspecteurs de la s\u00e9curit\u00e9 routi\u00e8re ou les laboratoires, les r\u00e9tror\u00e9flectom\u00e8tres portables fournissent des donn\u00e9es pr\u00e9cises permettant d'\u00e9valuer les performances en mati\u00e8re de visibilit\u00e9 et d'assurer la conformit\u00e9 aux r\u00e9glementations.<\/p>\n\n\n\n<h2 class=\"wp-block-heading\">Produits apparent\u00e9s<\/h2>\n\n\n\n<div class=\"wp-block-columns is-layout-flex wp-container-core-columns-is-layout-9d6595d7 wp-block-columns-is-layout-flex\">\n<div class=\"wp-block-column is-layout-flow wp-block-column-is-layout-flow\"><div class=\"wp-block-image\">\n<figure class=\"aligncenter size-large\"><a href=\"https:\/\/roadskymarking.com\/fr\/road-sign-retro-reflection-meter.html\/\" target=\"_blank\" rel=\" noreferrer noopener\"><img decoding=\"async\" src=\"https:\/\/roadskymarking.com\/wp-content\/uploads\/2024\/06\/Road-Sign-Retro-Reflection-Meter.jpg\" alt=\"Mesureur de r\u00e9tror\u00e9flexion des panneaux routiers\"\/><\/a><figcaption class=\"wp-element-caption\"><a href=\"https:\/\/roadskymarking.com\/fr\/road-sign-retro-reflection-meter.html\/\" type=\"link\" id=\"https:\/\/roadskymarking.com\/road-sign-retro-reflection-meter.html\" target=\"_blank\" rel=\"noreferrer noopener\">Mesureur de r\u00e9tror\u00e9flexion des panneaux routiers<\/a><\/figcaption><\/figure><\/div><\/div>\n\n\n\n<div class=\"wp-block-column is-layout-flow wp-block-column-is-layout-flow\"><div class=\"wp-block-image\">\n<figure class=\"aligncenter size-large\"><a href=\"https:\/\/roadskymarking.com\/fr\/multi-angle-retroreflective-coefficient-tester.html\/\" target=\"_blank\" rel=\" noreferrer noopener\"><img decoding=\"async\" src=\"https:\/\/roadskymarking.com\/wp-content\/uploads\/2025\/07\/Multi-angle-Retroreflective-Coefficient-Tester-4.jpg\" alt=\"Testeur de coefficient de r\u00e9tror\u00e9flexion multi-angle\"\/><\/a><figcaption class=\"wp-element-caption\"><a href=\"https:\/\/roadskymarking.com\/fr\/multi-angle-retroreflective-coefficient-tester.html\/\" type=\"link\" id=\"https:\/\/roadskymarking.com\/multi-angle-retroreflective-coefficient-tester.html\" target=\"_blank\" rel=\"noreferrer noopener\">Testeur de coefficient de r\u00e9tror\u00e9flexion multi-angle<\/a><\/figcaption><\/figure><\/div><\/div>\n\n\n\n<div class=\"wp-block-column is-layout-flow wp-block-column-is-layout-flow\"><div class=\"wp-block-image\">\n<figure class=\"aligncenter size-large\"><a href=\"https:\/\/roadskymarking.com\/fr\/pavement-marking-retroreflectometer.html\/\" target=\"_blank\" rel=\" noreferrer noopener\"><img decoding=\"async\" src=\"https:\/\/roadskymarking.com\/wp-content\/uploads\/2023\/09\/Pavement-Marking-Retroreflectometer.jpg\" alt=\"R\u00e9tror\u00e9flectom\u00e8tre pour le marquage des chauss\u00e9es RL\"\/><\/a><figcaption class=\"wp-element-caption\"><a href=\"https:\/\/roadskymarking.com\/fr\/pavement-marking-retroreflectometer.html\/\" type=\"link\" id=\"https:\/\/roadskymarking.com\/pavement-marking-retroreflectometer.html\" target=\"_blank\" rel=\"noreferrer noopener\">R\u00e9tror\u00e9flectom\u00e8tre pour le marquage des chauss\u00e9es RL<\/a><\/figcaption><\/figure><\/div><\/div>\n<\/div>\n\n\n\n<div class=\"wp-block-columns is-layout-flex wp-container-core-columns-is-layout-9d6595d7 wp-block-columns-is-layout-flex\">\n<div class=\"wp-block-column is-layout-flow wp-block-column-is-layout-flow\"><div class=\"wp-block-image\">\n<figure class=\"aligncenter size-large\"><a href=\"\/fr\/Pavement Marking Retroreflectometer RL&amp;QD\/\" target=\"_blank\" rel=\" noreferrer noopener\"><img decoding=\"async\" src=\"https:\/\/roadskymarking.com\/wp-content\/uploads\/2024\/11\/Pavement-Marking-Retroreflectometer-RLQD.jpg\" alt=\"Marquage des chauss\u00e9es R\u00e9tror\u00e9flectom\u00e8tre RL&amp;QD\"\/><\/a><figcaption class=\"wp-element-caption\"><a href=\"https:\/\/roadskymarking.com\/fr\/pavement-marking-retroreflectometer-rlqd.html\/\" type=\"link\" id=\"https:\/\/roadskymarking.com\/pavement-marking-retroreflectometer-rlqd.html\" target=\"_blank\" rel=\"noreferrer noopener\">Marquage des chauss\u00e9es R\u00e9tror\u00e9flectom\u00e8tre RL&amp;QD<\/a><\/figcaption><\/figure><\/div><\/div>\n\n\n\n<div class=\"wp-block-column is-layout-flow wp-block-column-is-layout-flow\"><div class=\"wp-block-image\">\n<figure class=\"aligncenter size-large\"><a href=\"https:\/\/roadskymarking.com\/fr\/retroreflectometer-for-road-markings-rlqd-short-type.html\/\" target=\"_blank\" rel=\" noreferrer noopener\"><img decoding=\"async\" src=\"https:\/\/roadskymarking.com\/wp-content\/uploads\/2025\/07\/Retroreflectometer-for-Road-Markings-RLQD-Short-Type.jpg\" alt=\"R\u00e9tror\u00e9flectom\u00e8tre pour marquage routier RL&amp;QD (type court)\"\/><\/a><figcaption class=\"wp-element-caption\"><a href=\"https:\/\/roadskymarking.com\/fr\/retroreflectometer-for-road-markings-rlqd-short-type.html\/\" type=\"link\" id=\"https:\/\/roadskymarking.com\/retroreflectometer-for-road-markings-rlqd-short-type.html\" target=\"_blank\" rel=\"noreferrer noopener\">R\u00e9tror\u00e9flectom\u00e8tre pour marquage routier RL&amp;QD (type court)<\/a><\/figcaption><\/figure><\/div><\/div>\n\n\n\n<div class=\"wp-block-column is-layout-flow wp-block-column-is-layout-flow\"><div class=\"wp-block-image\">\n<figure class=\"aligncenter size-large\"><a href=\"https:\/\/roadskymarking.com\/fr\/rainy-night-retroreflectometer-for-road-markings.html\/\" target=\"_blank\" rel=\" noreferrer noopener\"><img decoding=\"async\" src=\"https:\/\/roadskymarking.com\/wp-content\/uploads\/2025\/07\/Rainy-Night-Retroreflectometer-for-Road-Markings-3.jpg\" alt=\"R\u00e9tror\u00e9flectom\u00e8tre de nuit pour marquage routier\"\/><\/a><figcaption class=\"wp-element-caption\"><a href=\"https:\/\/roadskymarking.com\/fr\/rainy-night-retroreflectometer-for-road-markings.html\/\" type=\"link\" id=\"https:\/\/roadskymarking.com\/rainy-night-retroreflectometer-for-road-markings.html\" target=\"_blank\" rel=\"noreferrer noopener\">R\u00e9tror\u00e9flectom\u00e8tre de nuit pour marquage routier<\/a><\/figcaption><\/figure><\/div><\/div>\n<\/div>\n\n\n\n<h2 class=\"wp-block-heading\">Pr\u00e9sentation vid\u00e9o des produits<\/h2>\n\n\n\n<div class=\"wp-block-columns is-layout-flex wp-container-core-columns-is-layout-9d6595d7 wp-block-columns-is-layout-flex\">\n<div class=\"wp-block-column is-layout-flow wp-block-column-is-layout-flow\">\n<figure class=\"wp-block-embed is-type-video is-provider-youtube wp-block-embed-youtube wp-embed-aspect-16-9 wp-has-aspect-ratio\"><div class=\"wp-block-embed__wrapper\">\n<iframe loading=\"lazy\" title=\"Testeur de coefficient de r\u00e9tror\u00e9flexion multi-angle - RoadSky\" width=\"500\" height=\"281\" src=\"https:\/\/www.youtube.com\/embed\/NVwEJtpaIjs?feature=oembed\" frameborder=\"0\" allow=\"accelerometer; autoplay; clipboard-write; encrypted-media; gyroscope; picture-in-picture; web-share\" referrerpolicy=\"strict-origin-when-cross-origin\" allowfullscreen><\/iframe>\n<\/div><\/figure>\n<\/div>\n\n\n\n<div class=\"wp-block-column is-layout-flow wp-block-column-is-layout-flow\">\n<figure class=\"wp-block-embed is-type-video is-provider-youtube wp-block-embed-youtube wp-embed-aspect-16-9 wp-has-aspect-ratio\"><div class=\"wp-block-embed__wrapper\">\n<iframe loading=\"lazy\" title=\"R\u00e9tror\u00e9flectom\u00e8tre de nuit pour marquage routier - RoadSky\" width=\"500\" height=\"281\" src=\"https:\/\/www.youtube.com\/embed\/LencTp05UXM?feature=oembed\" frameborder=\"0\" allow=\"accelerometer; autoplay; clipboard-write; encrypted-media; gyroscope; picture-in-picture; web-share\" referrerpolicy=\"strict-origin-when-cross-origin\" allowfullscreen><\/iframe>\n<\/div><\/figure>\n<\/div>\n<\/div>\n\n\n\n<h2 class=\"wp-block-heading\">Applications<\/h2>\n\n\n\n<p>Nos r\u00e9tror\u00e9flectom\u00e8tres portables conviennent \u00e0 un large \u00e9ventail d'applications, notamment :<\/p>\n\n\n\n<ul class=\"wp-block-list\">\n<li>Mesure de la r\u00e9tror\u00e9flectivit\u00e9 du marquage routier<\/li>\n\n\n\n<li>Test de visibilit\u00e9 des panneaux de signalisation<\/li>\n\n\n\n<li>Inspection des autoroutes et des routes urbaines<\/li>\n\n\n\n<li>Audits de s\u00e9curit\u00e9 routi\u00e8re et contr\u00f4les d'entretien<\/li>\n\n\n\n<li>Contr\u00f4le de la qualit\u00e9 des mat\u00e9riaux r\u00e9fl\u00e9chissants<\/li>\n<\/ul>\n\n\n\n<h2 class=\"wp-block-heading\">Contactez-nous pour un devis gratuit<\/h2>\n\n\n\n<p><em>Remplissez le formulaire ci-dessous et nos repr\u00e9sentants commerciaux prendront contact avec vous dans les plus brefs d\u00e9lais.<\/em><\/p>\n\n\n\n<div class=\"wp-block-contact-form-7-contact-form-selector\">\n<div class=\"wpcf7 no-js\" id=\"wpcf7-f1316-o1\" lang=\"en-US\" dir=\"ltr\" data-wpcf7-id=\"1316\">\n<div class=\"screen-reader-response\"><p role=\"status\" aria-live=\"polite\" aria-atomic=\"true\"><\/p> <ul><\/ul><\/div>\n<form action=\"\/fr\/wp-json\/wp\/v2\/pages\/4418#wpcf7-f1316-o1\" method=\"post\" class=\"wpcf7-form init\" aria-label=\"Formulaire de contact\" novalidate=\"novalidate\" data-status=\"init\" data-trp-original-action=\"\/fr\/wp-json\/wp\/v2\/pages\/4418#wpcf7-f1316-o1\">\n<fieldset class=\"hidden-fields-container\"><input type=\"hidden\" name=\"_wpcf7\" value=\"1316\" \/><input type=\"hidden\" name=\"_wpcf7_version\" value=\"6.1.5\" \/><input type=\"hidden\" name=\"_wpcf7_locale\" value=\"en_US\" \/><input type=\"hidden\" name=\"_wpcf7_unit_tag\" value=\"wpcf7-f1316-o1\" \/><input type=\"hidden\" name=\"_wpcf7_container_post\" value=\"0\" \/><input type=\"hidden\" name=\"_wpcf7_posted_data_hash\" value=\"\" \/>\n<\/fieldset>\n<div class=\"wpcf7-turnstile cf-turnstile\" data-sitekey=\"0x4AAAAAACH9ueYy7fDdFIjX\" data-response-field-name=\"_wpcf7_turnstile_response\"><\/div>\n\n<p><label><em>*<\/em>Sujet :<\/label><span class=\"wpcf7-form-control-wrap\" data-name=\"your-subject\"><input size=\"40\" maxlength=\"400\" class=\"wpcf7-form-control wpcf7-text wpcf7-validates-as-required\" id=\"your-subject\" aria-required=\"true\" aria-invalid=\"false\" value=\"Product Inquiry\" type=\"text\" name=\"your-subject\" \/><\/span>\n<\/p>\n<p><label><em>*<\/em>Nom :<\/label><span class=\"wpcf7-form-control-wrap\" data-name=\"your-name\"><input size=\"40\" maxlength=\"400\" class=\"wpcf7-form-control wpcf7-text wpcf7-validates-as-required\" id=\"your-name\" aria-required=\"true\" aria-invalid=\"false\" placeholder=\"Veuillez indiquer votre nom le plus couramment utilis\u00e9\" value=\"\" type=\"text\" name=\"your-name\" \/><\/span>\n<\/p>\n<p><label><em>*<\/em>E-mail :<\/label><span class=\"wpcf7-form-control-wrap\" data-name=\"your-email\"><input size=\"40\" maxlength=\"400\" class=\"wpcf7-form-control wpcf7-email wpcf7-validates-as-required wpcf7-text wpcf7-validates-as-email\" id=\"your-email\" aria-required=\"true\" aria-invalid=\"false\" placeholder=\"Veuillez remplir l&#039;e-mail couramment utilis\u00e9\" value=\"\" type=\"email\" name=\"your-email\" \/><\/span>\n<\/p>\n<p><label>T\u00e9l\u00e9phone :<\/label><span class=\"wpcf7-form-control-wrap\" data-name=\"your-phone\"><input size=\"40\" maxlength=\"400\" class=\"wpcf7-form-control wpcf7-text\" id=\"your-phone\" aria-invalid=\"false\" placeholder=\"Veuillez indiquer le num\u00e9ro de t\u00e9l\u00e9phone de la personne \u00e0 contacter ou le num\u00e9ro de t\u00e9l\u00e9phone portable\" value=\"\" type=\"text\" name=\"your-phone\" \/><\/span>\n<\/p>\n<p><label>Pays :<\/label><span class=\"wpcf7-form-control-wrap\" data-name=\"your-country\"><input size=\"40\" maxlength=\"400\" class=\"wpcf7-form-control wpcf7-text\" id=\"your-country\" aria-invalid=\"false\" placeholder=\"Veuillez indiquer votre pays\" value=\"\" type=\"text\" name=\"your-country\" \/><\/span>\n<\/p>\n<p><label>Entreprise :<\/label><span class=\"wpcf7-form-control-wrap\" data-name=\"your-company\"><input size=\"40\" maxlength=\"400\" class=\"wpcf7-form-control wpcf7-text\" id=\"your-company\" aria-invalid=\"false\" placeholder=\"Veuillez indiquer le nom de l&#039;entreprise\" value=\"\" type=\"text\" name=\"your-company\" \/><\/span>\n<\/p>\n<p><label><em>*<\/em>Contenu :<\/label><span class=\"wpcf7-form-control-wrap\" data-name=\"your-message\"><textarea cols=\"40\" rows=\"10\" maxlength=\"2000\" class=\"wpcf7-form-control wpcf7-textarea wpcf7-validates-as-required\" aria-required=\"true\" aria-invalid=\"false\" placeholder=\"Veuillez indiquer les d\u00e9tails que vous souhaitez conna\u00eetre, tels que le nom du produit, les sp\u00e9cifications, le prix, la quantit\u00e9 minimale de pi\u00e8ces, etc.\" name=\"your-message\"><\/textarea><\/span>\n<\/p>\n<p class=\"btn-submit\"><label> <\/label><input class=\"wpcf7-form-control wpcf7-submit has-spinner\" type=\"submit\" value=\"SOUMETTRE\" \/>\n<\/p><div class=\"wpcf7-response-output\" aria-hidden=\"true\"><\/div>\n<input type=\"hidden\" name=\"trp-form-language\" value=\"fr\"\/><\/form>\n<\/div>\n<\/div>","protected":false},"excerpt":{"rendered":"<p>Our portable retroreflectometers are designed for fast, accurate, and reliable on-site measurement of retroreflectivity on road markings, traffic signs, and reflective materials. These handheld retroreflectometers are lightweight, easy to operate, and fully compliant with international road safety testing standards. Whether used by transportation departments, road maintenance contractors, traffic safety inspectors, or laboratories, portable retroreflectometers provide precise data to evaluate visibility performance and ensure regulatory compliance. Related Products Product Video Showcase Applications Our portable retroreflectometers are suitable for a wide range of applications, including: Contact Us for a Free Quote Fill The Form Below, and our sales representatives will be in touch with you shortly.<\/p>","protected":false},"author":1,"featured_media":0,"parent":0,"menu_order":0,"comment_status":"closed","ping_status":"closed","template":"","meta":{"footnotes":""},"class_list":["post-4418","page","type-page","status-publish","hentry"],"yoast_head":"<!-- This site is optimized with the Yoast SEO plugin v27.3 - https:\/\/yoast.com\/product\/yoast-seo-wordpress\/ -->\n<title>Portable Retroreflectometer &amp; Handheld Retroreflectometer<\/title>\n<meta name=\"description\" content=\"Explore our range of portable &amp; handheld retroreflectometers to find the right solution for your road safety testing needs.\" \/>\n<meta name=\"robots\" content=\"index, follow, max-snippet:-1, max-image-preview:large, max-video-preview:-1\" \/>\n<link rel=\"canonical\" href=\"https:\/\/roadskymarking.com\/fr\/portable-retroreflectometer\/\" \/>\n<meta property=\"og:locale\" content=\"fr_FR\" \/>\n<meta property=\"og:type\" content=\"article\" \/>\n<meta property=\"og:title\" content=\"Portable Retroreflectometer &amp; Handheld Retroreflectometer\" \/>\n<meta property=\"og:description\" content=\"Explore our range of portable &amp; handheld retroreflectometers to find the right solution for your road safety testing needs.\" \/>\n<meta property=\"og:url\" content=\"https:\/\/roadskymarking.com\/fr\/portable-retroreflectometer\/\" \/>\n<meta property=\"og:site_name\" content=\"Nanjing Roadsky Traffic Facility Co.,Ltd. (Roadsky Corporation)\" \/>\n<meta property=\"article:modified_time\" content=\"2026-01-27T03:17:59+00:00\" \/>\n<meta property=\"og:image\" content=\"https:\/\/roadskymarking.com\/wp-content\/uploads\/2024\/06\/Road-Sign-Retro-Reflection-Meter.jpg\" \/>\n<meta name=\"twitter:card\" content=\"summary_large_image\" \/>\n<meta name=\"twitter:label1\" content=\"Dur\u00e9e de lecture estim\u00e9e\" \/>\n\t<meta name=\"twitter:data1\" content=\"2 minutes\" \/>\n<script type=\"application\/ld+json\" class=\"yoast-schema-graph\">{\"@context\":\"https:\\\/\\\/schema.org\",\"@graph\":[{\"@type\":\"WebPage\",\"@id\":\"https:\\\/\\\/roadskymarking.com\\\/portable-retroreflectometer\",\"url\":\"https:\\\/\\\/roadskymarking.com\\\/portable-retroreflectometer\",\"name\":\"Portable Retroreflectometer & Handheld Retroreflectometer\",\"isPartOf\":{\"@id\":\"https:\\\/\\\/roadskymarking.com\\\/#website\"},\"primaryImageOfPage\":{\"@id\":\"https:\\\/\\\/roadskymarking.com\\\/portable-retroreflectometer#primaryimage\"},\"image\":{\"@id\":\"https:\\\/\\\/roadskymarking.com\\\/portable-retroreflectometer#primaryimage\"},\"thumbnailUrl\":\"https:\\\/\\\/roadskymarking.com\\\/wp-content\\\/uploads\\\/2024\\\/06\\\/Road-Sign-Retro-Reflection-Meter.jpg\",\"datePublished\":\"2026-01-27T03:17:57+00:00\",\"dateModified\":\"2026-01-27T03:17:59+00:00\",\"description\":\"Explore our range of portable & handheld retroreflectometers to find the right solution for your road safety testing needs.\",\"breadcrumb\":{\"@id\":\"https:\\\/\\\/roadskymarking.com\\\/portable-retroreflectometer#breadcrumb\"},\"inLanguage\":\"fr-FR\",\"potentialAction\":[{\"@type\":\"ReadAction\",\"target\":[\"https:\\\/\\\/roadskymarking.com\\\/portable-retroreflectometer\"]}]},{\"@type\":\"ImageObject\",\"inLanguage\":\"fr-FR\",\"@id\":\"https:\\\/\\\/roadskymarking.com\\\/portable-retroreflectometer#primaryimage\",\"url\":\"https:\\\/\\\/roadskymarking.com\\\/wp-content\\\/uploads\\\/2024\\\/06\\\/Road-Sign-Retro-Reflection-Meter.jpg\",\"contentUrl\":\"https:\\\/\\\/roadskymarking.com\\\/wp-content\\\/uploads\\\/2024\\\/06\\\/Road-Sign-Retro-Reflection-Meter.jpg\"},{\"@type\":\"BreadcrumbList\",\"@id\":\"https:\\\/\\\/roadskymarking.com\\\/portable-retroreflectometer#breadcrumb\",\"itemListElement\":[{\"@type\":\"ListItem\",\"position\":1,\"name\":\"Home\",\"item\":\"https:\\\/\\\/roadskymarking.com\\\/\"},{\"@type\":\"ListItem\",\"position\":2,\"name\":\"Portable Retroreflectometer\"}]},{\"@type\":\"WebSite\",\"@id\":\"https:\\\/\\\/roadskymarking.com\\\/#website\",\"url\":\"https:\\\/\\\/roadskymarking.com\\\/\",\"name\":\"Nanjing Roadsky Traffic Facility Co.,Ltd. (Roadsky Corporation)\",\"description\":\"Pavement Marking Equipment Supplier - RoadSky\",\"publisher\":{\"@id\":\"https:\\\/\\\/roadskymarking.com\\\/#organization\"},\"potentialAction\":[{\"@type\":\"SearchAction\",\"target\":{\"@type\":\"EntryPoint\",\"urlTemplate\":\"https:\\\/\\\/roadskymarking.com\\\/?s={search_term_string}\"},\"query-input\":{\"@type\":\"PropertyValueSpecification\",\"valueRequired\":true,\"valueName\":\"search_term_string\"}}],\"inLanguage\":\"fr-FR\"},{\"@type\":\"Organization\",\"@id\":\"https:\\\/\\\/roadskymarking.com\\\/#organization\",\"name\":\"Nanjing Roadsky Traffic Facility Co.,Ltd. (Roadsky Corporation)\",\"url\":\"https:\\\/\\\/roadskymarking.com\\\/\",\"logo\":{\"@type\":\"ImageObject\",\"inLanguage\":\"fr-FR\",\"@id\":\"https:\\\/\\\/roadskymarking.com\\\/#\\\/schema\\\/logo\\\/image\\\/\",\"url\":\"https:\\\/\\\/roadskymarking.com\\\/wp-content\\\/uploads\\\/2023\\\/03\\\/LOGO.png\",\"contentUrl\":\"https:\\\/\\\/roadskymarking.com\\\/wp-content\\\/uploads\\\/2023\\\/03\\\/LOGO.png\",\"width\":500,\"height\":400,\"caption\":\"Nanjing Roadsky Traffic Facility Co.,Ltd. (Roadsky Corporation)\"},\"image\":{\"@id\":\"https:\\\/\\\/roadskymarking.com\\\/#\\\/schema\\\/logo\\\/image\\\/\"}}]}<\/script>\n<!-- \/ Yoast SEO plugin. -->","yoast_head_json":{"title":"R\u00e9troflectom\u00e8tre portable et r\u00e9tror\u00e9flectom\u00e8tre \u00e0 main","description":"Explorez notre gamme de r\u00e9tror\u00e9flectom\u00e8tres portables et portatifs pour trouver la solution adapt\u00e9e \u00e0 vos besoins en mati\u00e8re de contr\u00f4le de la s\u00e9curit\u00e9 routi\u00e8re.","robots":{"index":"index","follow":"follow","max-snippet":"max-snippet:-1","max-image-preview":"max-image-preview:large","max-video-preview":"max-video-preview:-1"},"canonical":"https:\/\/roadskymarking.com\/fr\/portable-retroreflectometer\/","og_locale":"fr_FR","og_type":"article","og_title":"Portable Retroreflectometer & Handheld Retroreflectometer","og_description":"Explore our range of portable & handheld retroreflectometers to find the right solution for your road safety testing needs.","og_url":"https:\/\/roadskymarking.com\/fr\/portable-retroreflectometer\/","og_site_name":"Nanjing Roadsky Traffic Facility Co.,Ltd. (Roadsky Corporation)","article_modified_time":"2026-01-27T03:17:59+00:00","og_image":[{"url":"https:\/\/roadskymarking.com\/wp-content\/uploads\/2024\/06\/Road-Sign-Retro-Reflection-Meter.jpg","type":"","width":"","height":""}],"twitter_card":"summary_large_image","twitter_misc":{"Dur\u00e9e de lecture estim\u00e9e":"2 minutes"},"schema":{"@context":"https:\/\/schema.org","@graph":[{"@type":"WebPage","@id":"https:\/\/roadskymarking.com\/portable-retroreflectometer","url":"https:\/\/roadskymarking.com\/portable-retroreflectometer","name":"R\u00e9troflectom\u00e8tre portable et r\u00e9tror\u00e9flectom\u00e8tre \u00e0 main","isPartOf":{"@id":"https:\/\/roadskymarking.com\/#website"},"primaryImageOfPage":{"@id":"https:\/\/roadskymarking.com\/portable-retroreflectometer#primaryimage"},"image":{"@id":"https:\/\/roadskymarking.com\/portable-retroreflectometer#primaryimage"},"thumbnailUrl":"https:\/\/roadskymarking.com\/wp-content\/uploads\/2024\/06\/Road-Sign-Retro-Reflection-Meter.jpg","datePublished":"2026-01-27T03:17:57+00:00","dateModified":"2026-01-27T03:17:59+00:00","description":"Explorez notre gamme de r\u00e9tror\u00e9flectom\u00e8tres portables et portatifs pour trouver la solution adapt\u00e9e \u00e0 vos besoins en mati\u00e8re de contr\u00f4le de la s\u00e9curit\u00e9 routi\u00e8re.","breadcrumb":{"@id":"https:\/\/roadskymarking.com\/portable-retroreflectometer#breadcrumb"},"inLanguage":"fr-FR","potentialAction":[{"@type":"ReadAction","target":["https:\/\/roadskymarking.com\/portable-retroreflectometer"]}]},{"@type":"ImageObject","inLanguage":"fr-FR","@id":"https:\/\/roadskymarking.com\/portable-retroreflectometer#primaryimage","url":"https:\/\/roadskymarking.com\/wp-content\/uploads\/2024\/06\/Road-Sign-Retro-Reflection-Meter.jpg","contentUrl":"https:\/\/roadskymarking.com\/wp-content\/uploads\/2024\/06\/Road-Sign-Retro-Reflection-Meter.jpg"},{"@type":"BreadcrumbList","@id":"https:\/\/roadskymarking.com\/portable-retroreflectometer#breadcrumb","itemListElement":[{"@type":"ListItem","position":1,"name":"Home","item":"https:\/\/roadskymarking.com\/"},{"@type":"ListItem","position":2,"name":"Portable Retroreflectometer"}]},{"@type":"WebSite","@id":"https:\/\/roadskymarking.com\/#website","url":"https:\/\/roadskymarking.com\/","name":"Nanjing Roadsky Traffic Facility Co. Ltd. (Roadsky Corporation)","description":"Fournisseur de mat\u00e9riel de marquage des chauss\u00e9es - RoadSky","publisher":{"@id":"https:\/\/roadskymarking.com\/#organization"},"potentialAction":[{"@type":"SearchAction","target":{"@type":"EntryPoint","urlTemplate":"https:\/\/roadskymarking.com\/?s={search_term_string}"},"query-input":{"@type":"PropertyValueSpecification","valueRequired":true,"valueName":"search_term_string"}}],"inLanguage":"fr-FR"},{"@type":"Organization","@id":"https:\/\/roadskymarking.com\/#organization","name":"Nanjing Roadsky Traffic Facility Co. Ltd. (Roadsky Corporation)","url":"https:\/\/roadskymarking.com\/","logo":{"@type":"ImageObject","inLanguage":"fr-FR","@id":"https:\/\/roadskymarking.com\/#\/schema\/logo\/image\/","url":"https:\/\/roadskymarking.com\/wp-content\/uploads\/2023\/03\/LOGO.png","contentUrl":"https:\/\/roadskymarking.com\/wp-content\/uploads\/2023\/03\/LOGO.png","width":500,"height":400,"caption":"Nanjing Roadsky Traffic Facility Co.,Ltd. (Roadsky Corporation)"},"image":{"@id":"https:\/\/roadskymarking.com\/#\/schema\/logo\/image\/"}}]}},"_links":{"self":[{"href":"https:\/\/roadskymarking.com\/fr\/wp-json\/wp\/v2\/pages\/4418","targetHints":{"allow":["GET"]}}],"collection":[{"href":"https:\/\/roadskymarking.com\/fr\/wp-json\/wp\/v2\/pages"}],"about":[{"href":"https:\/\/roadskymarking.com\/fr\/wp-json\/wp\/v2\/types\/page"}],"author":[{"embeddable":true,"href":"https:\/\/roadskymarking.com\/fr\/wp-json\/wp\/v2\/users\/1"}],"replies":[{"embeddable":true,"href":"https:\/\/roadskymarking.com\/fr\/wp-json\/wp\/v2\/comments?post=4418"}],"version-history":[{"count":15,"href":"https:\/\/roadskymarking.com\/fr\/wp-json\/wp\/v2\/pages\/4418\/revisions"}],"predecessor-version":[{"id":4433,"href":"https:\/\/roadskymarking.com\/fr\/wp-json\/wp\/v2\/pages\/4418\/revisions\/4433"}],"wp:attachment":[{"href":"https:\/\/roadskymarking.com\/fr\/wp-json\/wp\/v2\/media?parent=4418"}],"curies":[{"name":"wp","href":"https:\/\/api.w.org\/{rel}","templated":true}]}}