{"id":8,"date":"2017-04-06T03:55:07","date_gmt":"2017-04-06T03:55:07","guid":{"rendered":"https:\/\/roadskymarking.com\/?page_id=8"},"modified":"2025-08-12T09:01:41","modified_gmt":"2025-08-12T09:01:41","slug":"contact","status":"publish","type":"page","link":"https:\/\/roadskymarking.com\/fr\/contact","title":{"rendered":"Contacter l'US"},"content":{"rendered":"<p>Nous nous r\u00e9jouissons de votre demande et nous nous engageons \u00e0 vous r\u00e9pondre dans les meilleurs d\u00e9lais. Si vous \u00eates int\u00e9ress\u00e9 par nos produits, n'h\u00e9sitez pas \u00e0 nous contacter directement pour plus d'informations. Nous nous r\u00e9jouissons d'\u00e9tablir avec vous des relations d'affaires \u00e0 long terme et de servir votre entreprise dans les plus brefs d\u00e9lais.<\/p>\n\n\n\n<div class=\"wp-block-columns is-layout-flex wp-container-core-columns-is-layout-9d6595d7 wp-block-columns-is-layout-flex\">\n<div class=\"wp-block-column is-layout-flow wp-block-column-is-layout-flow\" style=\"flex-basis:30%\"><div class=\"wp-block-image\">\n<figure class=\"aligncenter size-full\"><img loading=\"lazy\" decoding=\"async\" width=\"170\" height=\"155\" src=\"https:\/\/roadskymarking.com\/wp-content\/uploads\/2024\/03\/Where-there-is-a-road-there-is-Roadsky.jpg\" alt=\"L\u00e0 o\u00f9 il y a une route, il y a Roadsky\" class=\"wp-image-3493\"\/><\/figure><\/div><\/div>\n\n\n\n<div class=\"wp-block-column is-layout-flow wp-block-column-is-layout-flow\" style=\"flex-basis:70%\">\n<p class=\"has-text-align-left\"><strong>GROUPE ROADSKY<\/strong><br>Johnson Dai<br>Mobile &amp; WhatsApp : 008615189842612<br>Courriel : <a href=\"mailto:info@roadskymarking.com\">info@roadskymarking.com<\/a><br>Adresse : 3e \u00e9tage, b\u00e2timent 27, no 2 Qiancheng Avenue, Intelligent Manufacturing Industrial Park, Jiangbei New District, Nanjing, Chine<br>Code postal : 210000<\/p>\n<\/div>\n<\/div>\n\n\n\n<h2 class=\"wp-block-heading\" id=\"h-leave-us-a-message\">Laissez-nous un message<\/h2>\n\n\n\n<p><em>Remplissez le formulaire ci-dessous et nos repr\u00e9sentants commerciaux prendront contact avec vous dans les plus brefs d\u00e9lais.<\/em><\/p>\n\n\n\n<div class=\"wp-block-contact-form-7-contact-form-selector\">\n<div class=\"wpcf7 no-js\" id=\"wpcf7-f1316-o1\" lang=\"en-US\" dir=\"ltr\" data-wpcf7-id=\"1316\">\n<div class=\"screen-reader-response\"><p role=\"status\" aria-live=\"polite\" aria-atomic=\"true\"><\/p> <ul><\/ul><\/div>\n<form action=\"\/fr\/wp-json\/wp\/v2\/pages\/8#wpcf7-f1316-o1\" method=\"post\" class=\"wpcf7-form init\" aria-label=\"Formulaire de contact\" novalidate=\"novalidate\" data-status=\"init\" data-trp-original-action=\"\/fr\/wp-json\/wp\/v2\/pages\/8#wpcf7-f1316-o1\">\n<fieldset class=\"hidden-fields-container\"><input type=\"hidden\" name=\"_wpcf7\" value=\"1316\" \/><input type=\"hidden\" name=\"_wpcf7_version\" value=\"6.1.5\" \/><input type=\"hidden\" name=\"_wpcf7_locale\" value=\"en_US\" \/><input type=\"hidden\" name=\"_wpcf7_unit_tag\" value=\"wpcf7-f1316-o1\" \/><input type=\"hidden\" name=\"_wpcf7_container_post\" value=\"0\" \/><input type=\"hidden\" name=\"_wpcf7_posted_data_hash\" value=\"\" \/>\n<\/fieldset>\n<div class=\"wpcf7-turnstile cf-turnstile\" data-sitekey=\"0x4AAAAAACH9ueYy7fDdFIjX\" data-response-field-name=\"_wpcf7_turnstile_response\"><\/div>\n\n<p><label><em>*<\/em>Sujet :<\/label><span class=\"wpcf7-form-control-wrap\" data-name=\"your-subject\"><input size=\"40\" maxlength=\"400\" class=\"wpcf7-form-control wpcf7-text wpcf7-validates-as-required\" id=\"your-subject\" aria-required=\"true\" aria-invalid=\"false\" value=\"Product Inquiry\" type=\"text\" name=\"your-subject\" \/><\/span>\n<\/p>\n<p><label><em>*<\/em>Nom :<\/label><span class=\"wpcf7-form-control-wrap\" data-name=\"your-name\"><input size=\"40\" maxlength=\"400\" class=\"wpcf7-form-control wpcf7-text wpcf7-validates-as-required\" id=\"your-name\" aria-required=\"true\" aria-invalid=\"false\" placeholder=\"Veuillez indiquer votre nom le plus couramment utilis\u00e9\" value=\"\" type=\"text\" name=\"your-name\" \/><\/span>\n<\/p>\n<p><label><em>*<\/em>E-mail :<\/label><span class=\"wpcf7-form-control-wrap\" data-name=\"your-email\"><input size=\"40\" maxlength=\"400\" class=\"wpcf7-form-control wpcf7-email wpcf7-validates-as-required wpcf7-text wpcf7-validates-as-email\" id=\"your-email\" aria-required=\"true\" aria-invalid=\"false\" placeholder=\"Veuillez remplir l&#039;e-mail couramment utilis\u00e9\" value=\"\" type=\"email\" name=\"your-email\" \/><\/span>\n<\/p>\n<p><label>T\u00e9l\u00e9phone :<\/label><span class=\"wpcf7-form-control-wrap\" data-name=\"your-phone\"><input size=\"40\" maxlength=\"400\" class=\"wpcf7-form-control wpcf7-text\" id=\"your-phone\" aria-invalid=\"false\" placeholder=\"Veuillez indiquer le num\u00e9ro de t\u00e9l\u00e9phone de la personne \u00e0 contacter ou le num\u00e9ro de t\u00e9l\u00e9phone portable\" value=\"\" type=\"text\" name=\"your-phone\" \/><\/span>\n<\/p>\n<p><label>Pays :<\/label><span class=\"wpcf7-form-control-wrap\" data-name=\"your-country\"><input size=\"40\" maxlength=\"400\" class=\"wpcf7-form-control wpcf7-text\" id=\"your-country\" aria-invalid=\"false\" placeholder=\"Veuillez indiquer votre pays\" value=\"\" type=\"text\" name=\"your-country\" \/><\/span>\n<\/p>\n<p><label>Entreprise :<\/label><span class=\"wpcf7-form-control-wrap\" data-name=\"your-company\"><input size=\"40\" maxlength=\"400\" class=\"wpcf7-form-control wpcf7-text\" id=\"your-company\" aria-invalid=\"false\" placeholder=\"Veuillez indiquer le nom de l&#039;entreprise\" value=\"\" type=\"text\" name=\"your-company\" \/><\/span>\n<\/p>\n<p><label><em>*<\/em>Contenu :<\/label><span class=\"wpcf7-form-control-wrap\" data-name=\"your-message\"><textarea cols=\"40\" rows=\"10\" maxlength=\"2000\" class=\"wpcf7-form-control wpcf7-textarea wpcf7-validates-as-required\" aria-required=\"true\" aria-invalid=\"false\" placeholder=\"Veuillez indiquer les d\u00e9tails que vous souhaitez conna\u00eetre, tels que le nom du produit, les sp\u00e9cifications, le prix, la quantit\u00e9 minimale de pi\u00e8ces, etc.\" name=\"your-message\"><\/textarea><\/span>\n<\/p>\n<p class=\"btn-submit\"><label> <\/label><input class=\"wpcf7-form-control wpcf7-submit has-spinner\" type=\"submit\" value=\"SOUMETTRE\" \/>\n<\/p><div class=\"wpcf7-response-output\" aria-hidden=\"true\"><\/div>\n<input type=\"hidden\" name=\"trp-form-language\" value=\"fr\"\/><\/form>\n<\/div>\n<\/div>","protected":false},"excerpt":{"rendered":"<p>Nous nous r\u00e9jouissons de votre demande et nous nous engageons \u00e0 vous r\u00e9pondre dans les meilleurs d\u00e9lais. Si vous \u00eates int\u00e9ress\u00e9 par nos produits, n'h\u00e9sitez pas \u00e0 nous contacter directement pour plus d'informations. Nous sommes impatients d'\u00e9tablir des relations d'affaires \u00e0 long terme avec vous et de servir votre entreprise sous peu. ROADSKY GROUPJohnson DaiMobile &amp; WhatsApp : 008615189842612Email: info@roadskymarking.comAddress: 3rd Floor, Building 27, No.2 Qiancheng Avenue, Intelligent Manufacturing Industrial Park, Jiangbei New District, Nanjing, ChinaZip Code : 210000 Laissez-nous un message Remplissez le formulaire ci-dessous et nos repr\u00e9sentants commerciaux prendront contact avec vous dans les plus brefs d\u00e9lais.<\/p>","protected":false},"author":1,"featured_media":0,"parent":0,"menu_order":0,"comment_status":"closed","ping_status":"closed","template":"","meta":{"footnotes":""},"class_list":["post-8","page","type-page","status-publish","hentry"],"yoast_head":"<!-- This site is optimized with the Yoast SEO plugin v27.3 - https:\/\/yoast.com\/product\/yoast-seo-wordpress\/ -->\n<title>Contact US - RoadskyMarking<\/title>\n<meta name=\"robots\" content=\"index, follow, max-snippet:-1, max-image-preview:large, max-video-preview:-1\" \/>\n<link rel=\"canonical\" href=\"https:\/\/roadskymarking.com\/fr\/contact\/\" \/>\n<meta property=\"og:locale\" content=\"fr_FR\" \/>\n<meta property=\"og:type\" content=\"article\" \/>\n<meta property=\"og:title\" content=\"Contact US - RoadskyMarking\" \/>\n<meta property=\"og:description\" content=\"Welcome your enquiry and we promise to give you a timely response. If you are interested in our products, please do not hesitate to contact us directly for more information. We are looking forward to establishing long-term business relationships with you and serving your esteemed company shortly. ROADSKY GROUPJohnson DaiMobile &amp; WhatsApp: 008615189842612Email: info@roadskymarking.comAddress: 3rd Floor, Building 27, No.2 Qiancheng Avenue, Intelligent Manufacturing Industrial Park, Jiangbei New District, Nanjing, ChinaZip Code: 210000 Leave Us a Message Fill The Form Below, and our sales representatives will be in touch with you shortly.\" \/>\n<meta property=\"og:url\" content=\"https:\/\/roadskymarking.com\/fr\/contact\/\" \/>\n<meta property=\"og:site_name\" content=\"Nanjing Roadsky Traffic Facility Co.,Ltd. (Roadsky Corporation)\" \/>\n<meta property=\"article:modified_time\" content=\"2025-08-12T09:01:41+00:00\" \/>\n<meta property=\"og:image\" content=\"https:\/\/roadskymarking.com\/wp-content\/uploads\/2024\/03\/Where-there-is-a-road-there-is-Roadsky.jpg\" \/>\n\t<meta property=\"og:image:width\" content=\"170\" \/>\n\t<meta property=\"og:image:height\" content=\"155\" \/>\n\t<meta property=\"og:image:type\" content=\"image\/jpeg\" \/>\n<meta name=\"twitter:card\" content=\"summary_large_image\" \/>\n<meta name=\"twitter:label1\" content=\"Dur\u00e9e de lecture estim\u00e9e\" \/>\n\t<meta name=\"twitter:data1\" content=\"1 minute\" \/>\n<script type=\"application\/ld+json\" class=\"yoast-schema-graph\">{\"@context\":\"https:\\\/\\\/schema.org\",\"@graph\":[{\"@type\":\"WebPage\",\"@id\":\"https:\\\/\\\/roadskymarking.com\\\/contact\",\"url\":\"https:\\\/\\\/roadskymarking.com\\\/contact\",\"name\":\"Contact US - RoadskyMarking\",\"isPartOf\":{\"@id\":\"https:\\\/\\\/roadskymarking.com\\\/#website\"},\"primaryImageOfPage\":{\"@id\":\"https:\\\/\\\/roadskymarking.com\\\/contact#primaryimage\"},\"image\":{\"@id\":\"https:\\\/\\\/roadskymarking.com\\\/contact#primaryimage\"},\"thumbnailUrl\":\"https:\\\/\\\/roadskymarking.com\\\/wp-content\\\/uploads\\\/2024\\\/03\\\/Where-there-is-a-road-there-is-Roadsky.jpg\",\"datePublished\":\"2017-04-06T03:55:07+00:00\",\"dateModified\":\"2025-08-12T09:01:41+00:00\",\"breadcrumb\":{\"@id\":\"https:\\\/\\\/roadskymarking.com\\\/contact#breadcrumb\"},\"inLanguage\":\"fr-FR\",\"potentialAction\":[{\"@type\":\"ReadAction\",\"target\":[\"https:\\\/\\\/roadskymarking.com\\\/contact\"]}]},{\"@type\":\"ImageObject\",\"inLanguage\":\"fr-FR\",\"@id\":\"https:\\\/\\\/roadskymarking.com\\\/contact#primaryimage\",\"url\":\"https:\\\/\\\/roadskymarking.com\\\/wp-content\\\/uploads\\\/2024\\\/03\\\/Where-there-is-a-road-there-is-Roadsky.jpg\",\"contentUrl\":\"https:\\\/\\\/roadskymarking.com\\\/wp-content\\\/uploads\\\/2024\\\/03\\\/Where-there-is-a-road-there-is-Roadsky.jpg\"},{\"@type\":\"BreadcrumbList\",\"@id\":\"https:\\\/\\\/roadskymarking.com\\\/contact#breadcrumb\",\"itemListElement\":[{\"@type\":\"ListItem\",\"position\":1,\"name\":\"Home\",\"item\":\"https:\\\/\\\/roadskymarking.com\\\/\"},{\"@type\":\"ListItem\",\"position\":2,\"name\":\"Contact US\"}]},{\"@type\":\"WebSite\",\"@id\":\"https:\\\/\\\/roadskymarking.com\\\/#website\",\"url\":\"https:\\\/\\\/roadskymarking.com\\\/\",\"name\":\"Nanjing Roadsky Traffic Facility Co.,Ltd. (Roadsky Corporation)\",\"description\":\"Pavement Marking Equipment Supplier - RoadSky\",\"publisher\":{\"@id\":\"https:\\\/\\\/roadskymarking.com\\\/#organization\"},\"potentialAction\":[{\"@type\":\"SearchAction\",\"target\":{\"@type\":\"EntryPoint\",\"urlTemplate\":\"https:\\\/\\\/roadskymarking.com\\\/?s={search_term_string}\"},\"query-input\":{\"@type\":\"PropertyValueSpecification\",\"valueRequired\":true,\"valueName\":\"search_term_string\"}}],\"inLanguage\":\"fr-FR\"},{\"@type\":\"Organization\",\"@id\":\"https:\\\/\\\/roadskymarking.com\\\/#organization\",\"name\":\"Nanjing Roadsky Traffic Facility Co.,Ltd. (Roadsky Corporation)\",\"url\":\"https:\\\/\\\/roadskymarking.com\\\/\",\"logo\":{\"@type\":\"ImageObject\",\"inLanguage\":\"fr-FR\",\"@id\":\"https:\\\/\\\/roadskymarking.com\\\/#\\\/schema\\\/logo\\\/image\\\/\",\"url\":\"https:\\\/\\\/roadskymarking.com\\\/wp-content\\\/uploads\\\/2023\\\/03\\\/LOGO.png\",\"contentUrl\":\"https:\\\/\\\/roadskymarking.com\\\/wp-content\\\/uploads\\\/2023\\\/03\\\/LOGO.png\",\"width\":500,\"height\":400,\"caption\":\"Nanjing Roadsky Traffic Facility Co.,Ltd. (Roadsky Corporation)\"},\"image\":{\"@id\":\"https:\\\/\\\/roadskymarking.com\\\/#\\\/schema\\\/logo\\\/image\\\/\"}}]}<\/script>\n<!-- \/ Yoast SEO plugin. -->","yoast_head_json":{"title":"Contact - RoadskyMarking","robots":{"index":"index","follow":"follow","max-snippet":"max-snippet:-1","max-image-preview":"max-image-preview:large","max-video-preview":"max-video-preview:-1"},"canonical":"https:\/\/roadskymarking.com\/fr\/contact\/","og_locale":"fr_FR","og_type":"article","og_title":"Contact US - RoadskyMarking","og_description":"Welcome your enquiry and we promise to give you a timely response. If you are interested in our products, please do not hesitate to contact us directly for more information. We are looking forward to establishing long-term business relationships with you and serving your esteemed company shortly. ROADSKY GROUPJohnson DaiMobile &amp; WhatsApp: 008615189842612Email: info@roadskymarking.comAddress: 3rd Floor, Building 27, No.2 Qiancheng Avenue, Intelligent Manufacturing Industrial Park, Jiangbei New District, Nanjing, ChinaZip Code: 210000 Leave Us a Message Fill The Form Below, and our sales representatives will be in touch with you shortly.","og_url":"https:\/\/roadskymarking.com\/fr\/contact\/","og_site_name":"Nanjing Roadsky Traffic Facility Co.,Ltd. (Roadsky Corporation)","article_modified_time":"2025-08-12T09:01:41+00:00","og_image":[{"width":170,"height":155,"url":"https:\/\/roadskymarking.com\/wp-content\/uploads\/2024\/03\/Where-there-is-a-road-there-is-Roadsky.jpg","type":"image\/jpeg"}],"twitter_card":"summary_large_image","twitter_misc":{"Dur\u00e9e de lecture estim\u00e9e":"1 minute"},"schema":{"@context":"https:\/\/schema.org","@graph":[{"@type":"WebPage","@id":"https:\/\/roadskymarking.com\/contact","url":"https:\/\/roadskymarking.com\/contact","name":"Contact - RoadskyMarking","isPartOf":{"@id":"https:\/\/roadskymarking.com\/#website"},"primaryImageOfPage":{"@id":"https:\/\/roadskymarking.com\/contact#primaryimage"},"image":{"@id":"https:\/\/roadskymarking.com\/contact#primaryimage"},"thumbnailUrl":"https:\/\/roadskymarking.com\/wp-content\/uploads\/2024\/03\/Where-there-is-a-road-there-is-Roadsky.jpg","datePublished":"2017-04-06T03:55:07+00:00","dateModified":"2025-08-12T09:01:41+00:00","breadcrumb":{"@id":"https:\/\/roadskymarking.com\/contact#breadcrumb"},"inLanguage":"fr-FR","potentialAction":[{"@type":"ReadAction","target":["https:\/\/roadskymarking.com\/contact"]}]},{"@type":"ImageObject","inLanguage":"fr-FR","@id":"https:\/\/roadskymarking.com\/contact#primaryimage","url":"https:\/\/roadskymarking.com\/wp-content\/uploads\/2024\/03\/Where-there-is-a-road-there-is-Roadsky.jpg","contentUrl":"https:\/\/roadskymarking.com\/wp-content\/uploads\/2024\/03\/Where-there-is-a-road-there-is-Roadsky.jpg"},{"@type":"BreadcrumbList","@id":"https:\/\/roadskymarking.com\/contact#breadcrumb","itemListElement":[{"@type":"ListItem","position":1,"name":"Home","item":"https:\/\/roadskymarking.com\/"},{"@type":"ListItem","position":2,"name":"Contact US"}]},{"@type":"WebSite","@id":"https:\/\/roadskymarking.com\/#website","url":"https:\/\/roadskymarking.com\/","name":"Nanjing Roadsky Traffic Facility Co. Ltd. (Roadsky Corporation)","description":"Fournisseur de mat\u00e9riel de marquage des chauss\u00e9es - RoadSky","publisher":{"@id":"https:\/\/roadskymarking.com\/#organization"},"potentialAction":[{"@type":"SearchAction","target":{"@type":"EntryPoint","urlTemplate":"https:\/\/roadskymarking.com\/?s={search_term_string}"},"query-input":{"@type":"PropertyValueSpecification","valueRequired":true,"valueName":"search_term_string"}}],"inLanguage":"fr-FR"},{"@type":"Organization","@id":"https:\/\/roadskymarking.com\/#organization","name":"Nanjing Roadsky Traffic Facility Co. Ltd. (Roadsky Corporation)","url":"https:\/\/roadskymarking.com\/","logo":{"@type":"ImageObject","inLanguage":"fr-FR","@id":"https:\/\/roadskymarking.com\/#\/schema\/logo\/image\/","url":"https:\/\/roadskymarking.com\/wp-content\/uploads\/2023\/03\/LOGO.png","contentUrl":"https:\/\/roadskymarking.com\/wp-content\/uploads\/2023\/03\/LOGO.png","width":500,"height":400,"caption":"Nanjing Roadsky Traffic Facility Co.,Ltd. (Roadsky Corporation)"},"image":{"@id":"https:\/\/roadskymarking.com\/#\/schema\/logo\/image\/"}}]}},"_links":{"self":[{"href":"https:\/\/roadskymarking.com\/fr\/wp-json\/wp\/v2\/pages\/8","targetHints":{"allow":["GET"]}}],"collection":[{"href":"https:\/\/roadskymarking.com\/fr\/wp-json\/wp\/v2\/pages"}],"about":[{"href":"https:\/\/roadskymarking.com\/fr\/wp-json\/wp\/v2\/types\/page"}],"author":[{"embeddable":true,"href":"https:\/\/roadskymarking.com\/fr\/wp-json\/wp\/v2\/users\/1"}],"replies":[{"embeddable":true,"href":"https:\/\/roadskymarking.com\/fr\/wp-json\/wp\/v2\/comments?post=8"}],"version-history":[{"count":26,"href":"https:\/\/roadskymarking.com\/fr\/wp-json\/wp\/v2\/pages\/8\/revisions"}],"predecessor-version":[{"id":4256,"href":"https:\/\/roadskymarking.com\/fr\/wp-json\/wp\/v2\/pages\/8\/revisions\/4256"}],"wp:attachment":[{"href":"https:\/\/roadskymarking.com\/fr\/wp-json\/wp\/v2\/media?parent=8"}],"curies":[{"name":"wp","href":"https:\/\/api.w.org\/{rel}","templated":true}]}}