{"id":21,"date":"2015-04-06T07:14:37","date_gmt":"2015-04-06T07:14:37","guid":{"rendered":"https:\/\/roadskymarking.com\/?page_id=21"},"modified":"2023-12-12T08:36:38","modified_gmt":"2023-12-12T08:36:38","slug":"certificate","status":"publish","type":"page","link":"https:\/\/roadskymarking.com\/it\/certificate","title":{"rendered":"Certificato"},"content":{"rendered":"<style type=\"text\/css\">\n\t\t\t#gallery-1 {\n\t\t\t\tmargin: auto;\n\t\t\t}\n\t\t\t#gallery-1 .gallery-item {\n\t\t\t\tfloat: left;\n\t\t\t\tmargin-top: 10px;\n\t\t\t\ttext-align: center;\n\t\t\t\twidth: 33%;\n\t\t\t}\n\t\t\t#gallery-1 img {\n\t\t\t\tborder: 2px solid #cfcfcf;\n\t\t\t}\n\t\t\t#gallery-1 .gallery-caption {\n\t\t\t\tmargin-left: 0;\n\t\t\t}\n\t\t\t\/* see gallery_shortcode() in wp-includes\/media.php *\/\n\t\t<\/style>\n\t\t<div id='gallery-1' class='gallery galleryid-21 gallery-columns-3 gallery-size-full'><dl class='gallery-item'>\n\t\t\t<dt class='gallery-icon portrait'>\n\t\t\t\t<img loading=\"lazy\" decoding=\"async\" width=\"200\" height=\"300\" src=\"https:\/\/roadskymarking.com\/wp-content\/uploads\/2017\/04\/CECertificate-1.jpg\" class=\"attachment-full size-full\" alt=\"\" \/>\n\t\t\t<\/dt><\/dl><dl class='gallery-item'>\n\t\t\t<dt class='gallery-icon portrait'>\n\t\t\t\t<img loading=\"lazy\" decoding=\"async\" width=\"200\" height=\"300\" src=\"https:\/\/roadskymarking.com\/wp-content\/uploads\/2017\/04\/CE1-1.jpg\" class=\"attachment-full size-full\" alt=\"\" \/>\n\t\t\t<\/dt><\/dl><dl class='gallery-item'>\n\t\t\t<dt class='gallery-icon portrait'>\n\t\t\t\t<img loading=\"lazy\" decoding=\"async\" width=\"200\" height=\"300\" src=\"https:\/\/roadskymarking.com\/wp-content\/uploads\/2017\/04\/CE2-1.jpg\" class=\"attachment-full size-full\" alt=\"\" \/>\n\t\t\t<\/dt><\/dl><br style=\"clear: both\" \/><dl class='gallery-item'>\n\t\t\t<dt class='gallery-icon portrait'>\n\t\t\t\t<img loading=\"lazy\" decoding=\"async\" width=\"200\" height=\"300\" src=\"https:\/\/roadskymarking.com\/wp-content\/uploads\/2017\/04\/CE3-1.jpg\" class=\"attachment-full size-full\" alt=\"\" \/>\n\t\t\t<\/dt><\/dl><dl class='gallery-item'>\n\t\t\t<dt class='gallery-icon portrait'>\n\t\t\t\t<img loading=\"lazy\" decoding=\"async\" width=\"200\" height=\"300\" src=\"https:\/\/roadskymarking.com\/wp-content\/uploads\/2017\/04\/CE4-1.jpg\" class=\"attachment-full size-full\" alt=\"\" \/>\n\t\t\t<\/dt><\/dl><dl class='gallery-item'>\n\t\t\t<dt class='gallery-icon portrait'>\n\t\t\t\t<img loading=\"lazy\" decoding=\"async\" width=\"200\" height=\"300\" src=\"https:\/\/roadskymarking.com\/wp-content\/uploads\/2017\/04\/CE5-1.jpg\" class=\"attachment-full size-full\" alt=\"\" \/>\n\t\t\t<\/dt><\/dl><br style=\"clear: both\" \/><dl class='gallery-item'>\n\t\t\t<dt class='gallery-icon portrait'>\n\t\t\t\t<img loading=\"lazy\" decoding=\"async\" width=\"200\" height=\"300\" src=\"https:\/\/roadskymarking.com\/wp-content\/uploads\/2017\/04\/Paint-ISO-1.jpg\" class=\"attachment-full size-full\" alt=\"\" \/>\n\t\t\t<\/dt><\/dl><dl class='gallery-item'>\n\t\t\t<dt class='gallery-icon landscape'>\n\t\t\t\t<img loading=\"lazy\" decoding=\"async\" width=\"300\" height=\"200\" src=\"https:\/\/roadskymarking.com\/wp-content\/uploads\/2017\/04\/road-marking-paint-1.jpg\" class=\"attachment-full size-full\" alt=\"\" \/>\n\t\t\t<\/dt><\/dl><dl class='gallery-item'>\n\t\t\t<dt class='gallery-icon portrait'>\n\t\t\t\t<img loading=\"lazy\" decoding=\"async\" width=\"200\" height=\"300\" src=\"https:\/\/roadskymarking.com\/wp-content\/uploads\/2017\/04\/SGS-3-1.jpg\" class=\"attachment-full size-full\" alt=\"\" \/>\n\t\t\t<\/dt><\/dl><br style=\"clear: both\" \/><dl class='gallery-item'>\n\t\t\t<dt class='gallery-icon portrait'>\n\t\t\t\t<img loading=\"lazy\" decoding=\"async\" width=\"200\" height=\"300\" src=\"https:\/\/roadskymarking.com\/wp-content\/uploads\/2017\/04\/sgs-1-1.jpg\" class=\"attachment-full size-full\" alt=\"\" \/>\n\t\t\t<\/dt><\/dl><dl class='gallery-item'>\n\t\t\t<dt class='gallery-icon portrait'>\n\t\t\t\t<img loading=\"lazy\" decoding=\"async\" width=\"200\" height=\"300\" src=\"https:\/\/roadskymarking.com\/wp-content\/uploads\/2017\/04\/SGS-2-1.jpg\" class=\"attachment-full size-full\" alt=\"\" \/>\n\t\t\t<\/dt><\/dl><dl class='gallery-item'>\n\t\t\t<dt class='gallery-icon portrait'>\n\t\t\t\t<img loading=\"lazy\" decoding=\"async\" width=\"200\" height=\"300\" src=\"https:\/\/roadskymarking.com\/wp-content\/uploads\/2017\/04\/sgs-aluminum-plate-1.jpg\" class=\"attachment-full size-full\" alt=\"\" \/>\n\t\t\t<\/dt><\/dl><br style=\"clear: both\" \/>\n\t\t<\/div>\n\n\n\n<h2 class=\"has-text-align-center has-white-color has-vivid-cyan-blue-background-color has-text-color has-background wp-block-heading\" id=\"h-let-s-boost-your-business-today\">Incrementiamo il vostro business oggi<\/h2>\n\n\n\n<p>RoadSky \u00e8 un produttore e fornitore professionale di attrezzature e materiali per la segnaletica stradale. I suoi prodotti sono conformi a diverse certificazioni di qualificazione, hanno una qualit\u00e0 affidabile e sono ben accolti dai clienti. Ad oggi, abbiamo pi\u00f9 di dieci anni di esperienza, serviamo pi\u00f9 di 10.000 clienti, esportiamo in pi\u00f9 di 100 Paesi e forniamo servizi post-vendita di alta qualit\u00e0 per soddisfare le diverse esigenze dei clienti.<\/p>\n\n\n\n<div class=\"wp-block-contact-form-7-contact-form-selector\">\n<div class=\"wpcf7 no-js\" id=\"wpcf7-f1316-o1\" lang=\"en-US\" dir=\"ltr\" data-wpcf7-id=\"1316\">\n<div class=\"screen-reader-response\"><p role=\"status\" aria-live=\"polite\" aria-atomic=\"true\"><\/p> <ul><\/ul><\/div>\n<form action=\"\/it\/wp-json\/wp\/v2\/pages\/21#wpcf7-f1316-o1\" method=\"post\" class=\"wpcf7-form init\" aria-label=\"Modulo di contatto\" novalidate=\"novalidate\" data-status=\"init\" data-trp-original-action=\"\/it\/wp-json\/wp\/v2\/pages\/21#wpcf7-f1316-o1\">\n<fieldset class=\"hidden-fields-container\"><input type=\"hidden\" name=\"_wpcf7\" value=\"1316\" \/><input type=\"hidden\" name=\"_wpcf7_version\" value=\"6.1.5\" \/><input type=\"hidden\" name=\"_wpcf7_locale\" value=\"en_US\" \/><input type=\"hidden\" name=\"_wpcf7_unit_tag\" value=\"wpcf7-f1316-o1\" \/><input type=\"hidden\" name=\"_wpcf7_container_post\" value=\"0\" \/><input type=\"hidden\" name=\"_wpcf7_posted_data_hash\" value=\"\" \/>\n<\/fieldset>\n<div class=\"wpcf7-turnstile cf-turnstile\" data-sitekey=\"0x4AAAAAACH9ueYy7fDdFIjX\" data-response-field-name=\"_wpcf7_turnstile_response\"><\/div>\n\n<p><label><em>*<\/em>Oggetto:<\/label><span class=\"wpcf7-form-control-wrap\" data-name=\"your-subject\"><input size=\"40\" maxlength=\"400\" class=\"wpcf7-form-control wpcf7-text wpcf7-validates-as-required\" id=\"your-subject\" aria-required=\"true\" aria-invalid=\"false\" value=\"Product Inquiry\" type=\"text\" name=\"your-subject\" \/><\/span>\n<\/p>\n<p><label><em>*<\/em>Nome:<\/label><span class=\"wpcf7-form-control-wrap\" data-name=\"your-name\"><input size=\"40\" maxlength=\"400\" class=\"wpcf7-form-control wpcf7-text wpcf7-validates-as-required\" id=\"your-name\" aria-required=\"true\" aria-invalid=\"false\" placeholder=\"Compilare il nome comunemente usato\" value=\"\" type=\"text\" name=\"your-name\" \/><\/span>\n<\/p>\n<p><label><em>*<\/em>E-mail:<\/label><span class=\"wpcf7-form-control-wrap\" data-name=\"your-email\"><input size=\"40\" maxlength=\"400\" class=\"wpcf7-form-control wpcf7-email wpcf7-validates-as-required wpcf7-text wpcf7-validates-as-email\" id=\"your-email\" aria-required=\"true\" aria-invalid=\"false\" placeholder=\"Compilare l&#039;e-mail comunemente utilizzata\" value=\"\" type=\"email\" name=\"your-email\" \/><\/span>\n<\/p>\n<p><label>Telefono:<\/label><span class=\"wpcf7-form-control-wrap\" data-name=\"your-phone\"><input size=\"40\" maxlength=\"400\" class=\"wpcf7-form-control wpcf7-text\" id=\"your-phone\" aria-invalid=\"false\" placeholder=\"Inserire il numero di telefono di contatto o il cellulare\" value=\"\" type=\"text\" name=\"your-phone\" \/><\/span>\n<\/p>\n<p><label>Paese:<\/label><span class=\"wpcf7-form-control-wrap\" data-name=\"your-country\"><input size=\"40\" maxlength=\"400\" class=\"wpcf7-form-control wpcf7-text\" id=\"your-country\" aria-invalid=\"false\" placeholder=\"Inserite il vostro paese\" value=\"\" type=\"text\" name=\"your-country\" \/><\/span>\n<\/p>\n<p><label>Azienda:<\/label><span class=\"wpcf7-form-control-wrap\" data-name=\"your-company\"><input size=\"40\" maxlength=\"400\" class=\"wpcf7-form-control wpcf7-text\" id=\"your-company\" aria-invalid=\"false\" placeholder=\"Inserire il nome della societ\u00e0\" value=\"\" type=\"text\" name=\"your-company\" \/><\/span>\n<\/p>\n<p><label><em>*<\/em>Contenuto:<\/label><span class=\"wpcf7-form-control-wrap\" data-name=\"your-message\"><textarea cols=\"40\" rows=\"10\" maxlength=\"2000\" class=\"wpcf7-form-control wpcf7-textarea wpcf7-validates-as-required\" aria-required=\"true\" aria-invalid=\"false\" placeholder=\"Inserite i dettagli che desiderate conoscere, come il nome del prodotto, le specifiche, il prezzo, il MOQ, ecc.\" name=\"your-message\"><\/textarea><\/span>\n<\/p>\n<p class=\"btn-submit\"><label> <\/label><input class=\"wpcf7-form-control wpcf7-submit has-spinner\" type=\"submit\" value=\"INVIA\" \/>\n<\/p><div class=\"wpcf7-response-output\" aria-hidden=\"true\"><\/div>\n<input type=\"hidden\" name=\"trp-form-language\" value=\"it\"\/><\/form>\n<\/div>\n<\/div>","protected":false},"excerpt":{"rendered":"<p>Incrementiamo il vostro business oggi RoadSky \u00e8 un produttore e fornitore professionale di attrezzature e materiali per la segnaletica stradale. I suoi prodotti sono conformi a diverse certificazioni di qualificazione, hanno una qualit\u00e0 affidabile e sono ben accolti dai clienti. Ad oggi, abbiamo pi\u00f9 di dieci anni di esperienza, serviamo pi\u00f9 di 10.000 clienti, esportiamo in pi\u00f9 di 100 Paesi e forniamo servizi post-vendita di alta qualit\u00e0 per soddisfare le diverse esigenze dei clienti.<\/p>","protected":false},"author":1,"featured_media":0,"parent":0,"menu_order":0,"comment_status":"closed","ping_status":"closed","template":"","meta":{"footnotes":""},"class_list":["post-21","page","type-page","status-publish","hentry"],"yoast_head":"<!-- This site is optimized with the Yoast SEO plugin v27.3 - https:\/\/yoast.com\/product\/yoast-seo-wordpress\/ -->\n<title>Certificate - RoadskyMarking<\/title>\n<meta name=\"description\" content=\"Certificate for RoadSky\" \/>\n<meta name=\"robots\" content=\"index, follow, max-snippet:-1, max-image-preview:large, max-video-preview:-1\" \/>\n<link rel=\"canonical\" href=\"https:\/\/roadskymarking.com\/it\/certificate\/\" \/>\n<meta property=\"og:locale\" content=\"it_IT\" \/>\n<meta property=\"og:type\" content=\"article\" \/>\n<meta property=\"og:title\" content=\"Certificate - RoadskyMarking\" \/>\n<meta property=\"og:description\" content=\"Certificate for RoadSky\" \/>\n<meta property=\"og:url\" content=\"https:\/\/roadskymarking.com\/it\/certificate\/\" \/>\n<meta property=\"og:site_name\" content=\"Nanjing Roadsky Traffic Facility Co.,Ltd. (Roadsky Corporation)\" \/>\n<meta property=\"article:modified_time\" content=\"2023-12-12T08:36:38+00:00\" \/>\n<meta property=\"og:image\" content=\"https:\/\/roadskymarking.com\/wp-content\/uploads\/2017\/04\/CECertificate-1.jpg\" \/>\n<meta name=\"twitter:card\" content=\"summary_large_image\" \/>\n<meta name=\"twitter:label1\" content=\"Tempo di lettura stimato\" \/>\n\t<meta name=\"twitter:data1\" content=\"1 minuto\" \/>\n<script type=\"application\/ld+json\" class=\"yoast-schema-graph\">{\"@context\":\"https:\\\/\\\/schema.org\",\"@graph\":[{\"@type\":\"WebPage\",\"@id\":\"https:\\\/\\\/roadskymarking.com\\\/certificate\",\"url\":\"https:\\\/\\\/roadskymarking.com\\\/certificate\",\"name\":\"Certificate - RoadskyMarking\",\"isPartOf\":{\"@id\":\"https:\\\/\\\/roadskymarking.com\\\/#website\"},\"datePublished\":\"2015-04-06T07:14:37+00:00\",\"dateModified\":\"2023-12-12T08:36:38+00:00\",\"description\":\"Certificate for RoadSky\",\"breadcrumb\":{\"@id\":\"https:\\\/\\\/roadskymarking.com\\\/certificate#breadcrumb\"},\"inLanguage\":\"it-IT\",\"potentialAction\":[{\"@type\":\"ReadAction\",\"target\":[\"https:\\\/\\\/roadskymarking.com\\\/certificate\"]}]},{\"@type\":\"BreadcrumbList\",\"@id\":\"https:\\\/\\\/roadskymarking.com\\\/certificate#breadcrumb\",\"itemListElement\":[{\"@type\":\"ListItem\",\"position\":1,\"name\":\"Home\",\"item\":\"https:\\\/\\\/roadskymarking.com\\\/\"},{\"@type\":\"ListItem\",\"position\":2,\"name\":\"Certificate\"}]},{\"@type\":\"WebSite\",\"@id\":\"https:\\\/\\\/roadskymarking.com\\\/#website\",\"url\":\"https:\\\/\\\/roadskymarking.com\\\/\",\"name\":\"Nanjing Roadsky Traffic Facility Co.,Ltd. (Roadsky Corporation)\",\"description\":\"Pavement Marking Equipment Supplier - RoadSky\",\"publisher\":{\"@id\":\"https:\\\/\\\/roadskymarking.com\\\/#organization\"},\"potentialAction\":[{\"@type\":\"SearchAction\",\"target\":{\"@type\":\"EntryPoint\",\"urlTemplate\":\"https:\\\/\\\/roadskymarking.com\\\/?s={search_term_string}\"},\"query-input\":{\"@type\":\"PropertyValueSpecification\",\"valueRequired\":true,\"valueName\":\"search_term_string\"}}],\"inLanguage\":\"it-IT\"},{\"@type\":\"Organization\",\"@id\":\"https:\\\/\\\/roadskymarking.com\\\/#organization\",\"name\":\"Nanjing Roadsky Traffic Facility Co.,Ltd. (Roadsky Corporation)\",\"url\":\"https:\\\/\\\/roadskymarking.com\\\/\",\"logo\":{\"@type\":\"ImageObject\",\"inLanguage\":\"it-IT\",\"@id\":\"https:\\\/\\\/roadskymarking.com\\\/#\\\/schema\\\/logo\\\/image\\\/\",\"url\":\"https:\\\/\\\/roadskymarking.com\\\/wp-content\\\/uploads\\\/2023\\\/03\\\/LOGO.png\",\"contentUrl\":\"https:\\\/\\\/roadskymarking.com\\\/wp-content\\\/uploads\\\/2023\\\/03\\\/LOGO.png\",\"width\":500,\"height\":400,\"caption\":\"Nanjing Roadsky Traffic Facility Co.,Ltd. (Roadsky Corporation)\"},\"image\":{\"@id\":\"https:\\\/\\\/roadskymarking.com\\\/#\\\/schema\\\/logo\\\/image\\\/\"}}]}<\/script>\n<!-- \/ Yoast SEO plugin. -->","yoast_head_json":{"title":"Certificato - RoadskyMarking","description":"Certificato per RoadSky","robots":{"index":"index","follow":"follow","max-snippet":"max-snippet:-1","max-image-preview":"max-image-preview:large","max-video-preview":"max-video-preview:-1"},"canonical":"https:\/\/roadskymarking.com\/it\/certificate\/","og_locale":"it_IT","og_type":"article","og_title":"Certificate - RoadskyMarking","og_description":"Certificate for RoadSky","og_url":"https:\/\/roadskymarking.com\/it\/certificate\/","og_site_name":"Nanjing Roadsky Traffic Facility Co.,Ltd. (Roadsky Corporation)","article_modified_time":"2023-12-12T08:36:38+00:00","og_image":[{"url":"https:\/\/roadskymarking.com\/wp-content\/uploads\/2017\/04\/CECertificate-1.jpg","type":"","width":"","height":""}],"twitter_card":"summary_large_image","twitter_misc":{"Tempo di lettura stimato":"1 minuto"},"schema":{"@context":"https:\/\/schema.org","@graph":[{"@type":"WebPage","@id":"https:\/\/roadskymarking.com\/certificate","url":"https:\/\/roadskymarking.com\/certificate","name":"Certificato - RoadskyMarking","isPartOf":{"@id":"https:\/\/roadskymarking.com\/#website"},"datePublished":"2015-04-06T07:14:37+00:00","dateModified":"2023-12-12T08:36:38+00:00","description":"Certificato per RoadSky","breadcrumb":{"@id":"https:\/\/roadskymarking.com\/certificate#breadcrumb"},"inLanguage":"it-IT","potentialAction":[{"@type":"ReadAction","target":["https:\/\/roadskymarking.com\/certificate"]}]},{"@type":"BreadcrumbList","@id":"https:\/\/roadskymarking.com\/certificate#breadcrumb","itemListElement":[{"@type":"ListItem","position":1,"name":"Home","item":"https:\/\/roadskymarking.com\/"},{"@type":"ListItem","position":2,"name":"Certificate"}]},{"@type":"WebSite","@id":"https:\/\/roadskymarking.com\/#website","url":"https:\/\/roadskymarking.com\/","name":"Nanjing Roadsky Traffic Facility Co.,Ltd. (Roadsky Corporation)","description":"Fornitore di attrezzature per la marcatura dei marciapiedi - RoadSky","publisher":{"@id":"https:\/\/roadskymarking.com\/#organization"},"potentialAction":[{"@type":"SearchAction","target":{"@type":"EntryPoint","urlTemplate":"https:\/\/roadskymarking.com\/?s={search_term_string}"},"query-input":{"@type":"PropertyValueSpecification","valueRequired":true,"valueName":"search_term_string"}}],"inLanguage":"it-IT"},{"@type":"Organization","@id":"https:\/\/roadskymarking.com\/#organization","name":"Nanjing Roadsky Traffic Facility Co.,Ltd. (Roadsky Corporation)","url":"https:\/\/roadskymarking.com\/","logo":{"@type":"ImageObject","inLanguage":"it-IT","@id":"https:\/\/roadskymarking.com\/#\/schema\/logo\/image\/","url":"https:\/\/roadskymarking.com\/wp-content\/uploads\/2023\/03\/LOGO.png","contentUrl":"https:\/\/roadskymarking.com\/wp-content\/uploads\/2023\/03\/LOGO.png","width":500,"height":400,"caption":"Nanjing Roadsky Traffic Facility Co.,Ltd. (Roadsky Corporation)"},"image":{"@id":"https:\/\/roadskymarking.com\/#\/schema\/logo\/image\/"}}]}},"_links":{"self":[{"href":"https:\/\/roadskymarking.com\/it\/wp-json\/wp\/v2\/pages\/21","targetHints":{"allow":["GET"]}}],"collection":[{"href":"https:\/\/roadskymarking.com\/it\/wp-json\/wp\/v2\/pages"}],"about":[{"href":"https:\/\/roadskymarking.com\/it\/wp-json\/wp\/v2\/types\/page"}],"author":[{"embeddable":true,"href":"https:\/\/roadskymarking.com\/it\/wp-json\/wp\/v2\/users\/1"}],"replies":[{"embeddable":true,"href":"https:\/\/roadskymarking.com\/it\/wp-json\/wp\/v2\/comments?post=21"}],"version-history":[{"count":2,"href":"https:\/\/roadskymarking.com\/it\/wp-json\/wp\/v2\/pages\/21\/revisions"}],"predecessor-version":[{"id":3268,"href":"https:\/\/roadskymarking.com\/it\/wp-json\/wp\/v2\/pages\/21\/revisions\/3268"}],"wp:attachment":[{"href":"https:\/\/roadskymarking.com\/it\/wp-json\/wp\/v2\/media?parent=21"}],"curies":[{"name":"wp","href":"https:\/\/api.w.org\/{rel}","templated":true}]}}