{"id":3900,"date":"2024-11-19T02:28:42","date_gmt":"2024-11-19T02:28:42","guid":{"rendered":"https:\/\/roadskymarking.com\/?page_id=3900"},"modified":"2024-11-19T02:44:30","modified_gmt":"2024-11-19T02:44:30","slug":"hot-melt-road-marking-paint","status":"publish","type":"page","link":"https:\/\/roadskymarking.com\/it\/hot-melt-road-marking-paint","title":{"rendered":"Vernice per segnaletica stradale a caldo"},"content":{"rendered":"<div class=\"wp-block-columns is-layout-flex wp-container-core-columns-is-layout-9d6595d7 wp-block-columns-is-layout-flex\">\n<div class=\"wp-block-column is-layout-flow wp-block-column-is-layout-flow\">\n<figure class=\"wp-block-image size-full\"><img loading=\"lazy\" decoding=\"async\" width=\"600\" height=\"400\" src=\"https:\/\/roadskymarking.com\/wp-content\/uploads\/2024\/11\/Hot-Melt-Road-Marking-Paint.jpg\" alt=\"Vernice per segnaletica stradale a caldo\" class=\"wp-image-3907\" srcset=\"https:\/\/roadskymarking.com\/wp-content\/uploads\/2024\/11\/Hot-Melt-Road-Marking-Paint.jpg 600w, https:\/\/roadskymarking.com\/wp-content\/uploads\/2024\/11\/Hot-Melt-Road-Marking-Paint-400x267.jpg 400w\" sizes=\"auto, (max-width: 600px) 100vw, 600px\" \/><\/figure>\n<\/div>\n\n\n\n<div class=\"wp-block-column is-layout-flow wp-block-column-is-layout-flow\">\n<h2 class=\"wp-block-heading\">Caratteristiche:<\/h2>\n\n\n\n<ul class=\"wp-block-list\">\n<li>Alta visibilit\u00e0<\/li>\n\n\n\n<li>Economicamente vantaggioso<\/li>\n\n\n\n<li>Tempo di asciugatura rapido<\/li>\n\n\n\n<li>Versatilit\u00e0<\/li>\n\n\n\n<li>Lunga durata di vita<\/li>\n<\/ul>\n\n\n\n<div class=\"wp-block-buttons is-layout-flex wp-block-buttons-is-layout-flex\">\n<div class=\"wp-block-button\"><a class=\"wp-block-button__link wp-element-button\" href=\"https:\/\/roadskymarking.com\/it\/inquiry\/\" target=\"_blank\" rel=\"noreferrer noopener\"><mark style=\"background-color:rgba(0, 0, 0, 0)\" class=\"has-inline-color has-white-color\">Richiesta di preventivo<\/mark><\/a><\/div>\n<\/div>\n<\/div>\n<\/div>\n\n\n\n<div style=\"height:30px\" aria-hidden=\"true\" class=\"wp-block-spacer\"><\/div>\n\n\n\n<hr class=\"wp-block-separator has-alpha-channel-opacity\"\/>\n\n\n\n<p>La vernice per segnaletica stradale hot melt \u00e8 un materiale termoplastico che, una volta riscaldato, diventa fluido e pu\u00f2 essere applicato alle superfici. Una volta raffreddata, forma un rivestimento durevole e ad alta visibilit\u00e0. La vernice \u00e8 tipicamente composta da resina, pigmenti, cariche e perle di vetro, che contribuiscono alle sue propriet\u00e0 riflettenti e alle sue prestazioni di lunga durata.<\/p>\n\n\n\n<h2 class=\"wp-block-heading\">Specifiche:<\/h2>\n\n\n\n<figure class=\"wp-block-table\"><table class=\"has-fixed-layout\"><tbody><tr><td>Gravit\u00e0 (g\/m\u00b3)<\/td><td class=\"has-text-align-center\" data-align=\"center\">2,1g\/m\u00b3<\/td><\/tr><tr><td>Colar<\/td><td class=\"has-text-align-center\" data-align=\"center\">Giallo, arancione, rosso e cos\u00ec via<\/td><\/tr><tr><td>Temperatura di riscaldamento<\/td><td class=\"has-text-align-center\" data-align=\"center\">150\u2103-220\u2103<\/td><\/tr><tr><td>Punto di rammollimento (\u2103)<\/td><td class=\"has-text-align-center\" data-align=\"center\">110\u2103<\/td><\/tr><tr><td>Aspetto del rivestimento<\/td><td class=\"has-text-align-center\" data-align=\"center\">Niente grinze, punti, vesciche, crepe, cadute e pneumatici appiccicosi<\/td><\/tr><tr><\/tr><tr><td>Tempo di essiccazione (min)<\/td><td class=\"has-text-align-center\" data-align=\"center\">Entro 3 minuti<\/td><\/tr><tr><td>Prestazioni Chroma<\/td><td class=\"has-text-align-center\" data-align=\"center\">Materiale inverso (bianco)<\/td><\/tr><tr><td>Resistenza alla compressione (MPa)<\/td><td class=\"has-text-align-center\" data-align=\"center\">26<\/td><\/tr><tr><td>Resistenza all'abrasione (mg)<\/td><td class=\"has-text-align-center\" data-align=\"center\">42<\/td><\/tr><tr><td>Resistenza all'acqua<\/td><td class=\"has-text-align-center\" data-align=\"center\">Ottimo (in acqua per 24 ore)<\/td><\/tr><tr><td>Resistenza agli alcali<\/td><td class=\"has-text-align-center\" data-align=\"center\">Ottimo (in soluzione satura di idrossido di calcio per 24 ore)<\/td><\/tr><tr><td>Perle di vetro (%)<\/td><td class=\"has-text-align-center\" data-align=\"center\">19%<\/td><\/tr><tr><td>Fluidit\u00e0 (s)<\/td><td class=\"has-text-align-center\" data-align=\"center\">40s<\/td><\/tr><tr><td>Resistenza del rivestimento<\/td><td class=\"has-text-align-center\" data-align=\"center\">Resis -10\u2103 per 4 ore<\/td><\/tr><tr><td>Resistenza al calore<\/td><td class=\"has-text-align-center\" data-align=\"center\">Sotto i 200\u2103-220\u2103 per ore<\/td><\/tr><tr><td>Materiale<\/td><td class=\"has-text-align-center\" data-align=\"center\">Resina di petrolio C5, CACO3, cera, perle di vetro, EVA, PE e cos\u00ec via.<\/td><\/tr><tr><td>Pacchetto<\/td><td class=\"has-text-align-center\" data-align=\"center\">25 kg\/sacco, in sacchetto di plastica intrecciato. Un container da 20 metri pu\u00f2 caricare fino a 25 tonnellate. 25 tonnellate<\/td><\/tr><tr><td>Applicazione<\/td><td class=\"has-text-align-center\" data-align=\"center\">Segnaletica stradale, linea retta, linea tratteggiata, curva, freccia orientata, lettera ed ecc.<\/td><\/tr><\/tbody><\/table><\/figure>\n\n\n\n<h2 class=\"wp-block-heading\" id=\"h-different-standards\">Standard diversi:<\/h2>\n\n\n\n<div class=\"wp-block-columns is-layout-flex wp-container-core-columns-is-layout-9d6595d7 wp-block-columns-is-layout-flex\">\n<div class=\"wp-block-column is-layout-flow wp-block-column-is-layout-flow\">\n<table>\n<tbody>\n<tr>\n<td><\/td>\n<td colspan=\"2\" width=\"184\">Standard AASHTO<\/td>\n<\/tr>\n<tr>\n<td>Componenti<\/td>\n<td>Specifiche<\/td>\n<td>Risultato del test<\/td>\n<\/tr>\n<tr>\n<td>Resina<\/td>\n<td>\u226520%<\/td>\n<td>22%<\/td>\n<\/tr>\n<tr>\n<td>Biossido di titanio<\/td>\n<td>\u226510%<\/td>\n<td>10.20%<\/td>\n<\/tr>\n<tr>\n<td>Perle di vetro<\/td>\n<td>\u226530%<\/td>\n<td>32%<\/td>\n<\/tr>\n<\/tbody>\n<\/table>\n<\/div>\n\n\n\n<div class=\"wp-block-column is-layout-flow wp-block-column-is-layout-flow\">\n<figure class=\"wp-block-image size-full\"><img loading=\"lazy\" decoding=\"async\" width=\"294\" height=\"156\" src=\"https:\/\/roadskymarking.com\/wp-content\/uploads\/2023\/12\/Yellow-Thermoplastic-Road-Marking-Paint.jpg\" alt=\"Vernice termoplastica gialla per segnaletica stradale\" class=\"wp-image-3330\"\/><\/figure>\n<\/div>\n<\/div>\n\n\n\n<div class=\"wp-block-columns is-layout-flex wp-container-core-columns-is-layout-9d6595d7 wp-block-columns-is-layout-flex\">\n<div class=\"wp-block-column is-layout-flow wp-block-column-is-layout-flow\">\n<table>\n<tbody>\n<tr>\n<td><\/td>\n<td colspan=\"2\" width=\"184\">Standard britannico<\/td>\n<\/tr>\n<tr>\n<td>Componenti<\/td>\n<td>Specifiche<\/td>\n<td>Risultato del test<\/td>\n<\/tr>\n<tr>\n<td>Resina<\/td>\n<td>\u226520%<\/td>\n<td>21%<\/td>\n<\/tr>\n<tr>\n<td>Biossido di titanio<\/td>\n<td>\u226510%<\/td>\n<td>12%<\/td>\n<\/tr>\n<tr>\n<td>Perle di vetro<\/td>\n<td>\u226520%<\/td>\n<td>21%<\/td>\n<\/tr>\n<\/tbody>\n<\/table>\n<\/div>\n\n\n\n<div class=\"wp-block-column is-layout-flow wp-block-column-is-layout-flow\">\n<figure class=\"wp-block-image size-full\"><img loading=\"lazy\" decoding=\"async\" width=\"294\" height=\"156\" src=\"https:\/\/roadskymarking.com\/wp-content\/uploads\/2023\/12\/Thermoplastic-Road-Marking-Paint-Arrow.jpg\" alt=\"Vernice termoplastica per segnaletica stradale Freccia\" class=\"wp-image-3331\"\/><\/figure>\n<\/div>\n<\/div>\n\n\n\n<div class=\"wp-block-columns is-layout-flex wp-container-core-columns-is-layout-9d6595d7 wp-block-columns-is-layout-flex\">\n<div class=\"wp-block-column is-layout-flow wp-block-column-is-layout-flow\">\n<table>\n<tbody>\n<tr>\n<td><strong>&nbsp;<\/strong><\/td>\n<td colspan=\"2\" width=\"184\">Cina Standard<\/td>\n<\/tr>\n<tr>\n<td>Componenti<\/td>\n<td>Specifiche<\/td>\n<td>Risultato del test<\/td>\n<\/tr>\n<tr>\n<td>Resina<\/td>\n<td>\u226515%<\/td>\n<td>16.10%<\/td>\n<\/tr>\n<tr>\n<td>Biossido di titanio<\/td>\n<td>\u22655%<\/td>\n<td>8%<\/td>\n<\/tr>\n<tr>\n<td>Perle di vetro<\/td>\n<td>\u226520%<\/td>\n<td>22%<\/td>\n<\/tr>\n<\/tbody>\n<\/table>\n<\/div>\n\n\n\n<div class=\"wp-block-column is-layout-flow wp-block-column-is-layout-flow\">\n<figure class=\"wp-block-image size-full\"><img loading=\"lazy\" decoding=\"async\" width=\"294\" height=\"156\" src=\"https:\/\/roadskymarking.com\/wp-content\/uploads\/2023\/12\/White-Thermoplastic-Road-Marking-Paint.jpg\" alt=\"Vernice termoplastica bianca per segnaletica stradale\" class=\"wp-image-3332\"\/><\/figure>\n<\/div>\n<\/div>\n\n\n\n<h2 class=\"wp-block-heading\" id=\"h-production-and-test-of-the-paint\">Produzione e test della vernice:<\/h2>\n\n\n\n<figure class=\"wp-block-embed is-type-video is-provider-youtube wp-block-embed-youtube wp-embed-aspect-16-9 wp-has-aspect-ratio\"><div class=\"wp-block-embed__wrapper\">\n<iframe loading=\"lazy\" title=\"Produzione di vernici termoplastiche e test di qualit\u00e0\" width=\"500\" height=\"281\" src=\"https:\/\/www.youtube.com\/embed\/YMP3R4NPz90?feature=oembed\" frameborder=\"0\" allow=\"accelerometer; autoplay; clipboard-write; encrypted-media; gyroscope; picture-in-picture; web-share\" referrerpolicy=\"strict-origin-when-cross-origin\" allowfullscreen><\/iframe>\n<\/div><\/figure>\n\n\n\n<h2 class=\"wp-block-heading\" id=\"h-other-colors\">Altri colori:<\/h2>\n\n\n<div class=\"wp-block-image\">\n<figure class=\"aligncenter size-full\"><img loading=\"lazy\" decoding=\"async\" width=\"800\" height=\"584\" src=\"https:\/\/roadskymarking.com\/wp-content\/uploads\/2023\/12\/Thermoplastic-Road-Marking-Paint-Other-Colors.jpg\" alt=\"Vernice termoplastica per segnaletica stradale Altri colori\" class=\"wp-image-3333\" srcset=\"https:\/\/roadskymarking.com\/wp-content\/uploads\/2023\/12\/Thermoplastic-Road-Marking-Paint-Other-Colors.jpg 800w, https:\/\/roadskymarking.com\/wp-content\/uploads\/2023\/12\/Thermoplastic-Road-Marking-Paint-Other-Colors-400x292.jpg 400w, https:\/\/roadskymarking.com\/wp-content\/uploads\/2023\/12\/Thermoplastic-Road-Marking-Paint-Other-Colors-768x561.jpg 768w\" sizes=\"auto, (max-width: 800px) 100vw, 800px\" \/><\/figure><\/div>\n\n\n<h2 class=\"wp-block-heading\">Contattateci per un preventivo gratuito<\/h2>\n\n\n\n<p><em>Compilate il modulo sottostante e i nostri rappresentanti commerciali vi contatteranno a breve.<\/em><\/p>\n\n\n\n<div class=\"wp-block-contact-form-7-contact-form-selector\">\n<div class=\"wpcf7 no-js\" id=\"wpcf7-f1316-o1\" lang=\"en-US\" dir=\"ltr\" data-wpcf7-id=\"1316\">\n<div class=\"screen-reader-response\"><p role=\"status\" aria-live=\"polite\" aria-atomic=\"true\"><\/p> <ul><\/ul><\/div>\n<form action=\"\/it\/wp-json\/wp\/v2\/pages\/3900#wpcf7-f1316-o1\" method=\"post\" class=\"wpcf7-form init\" aria-label=\"Modulo di contatto\" novalidate=\"novalidate\" data-status=\"init\" data-trp-original-action=\"\/it\/wp-json\/wp\/v2\/pages\/3900#wpcf7-f1316-o1\">\n<fieldset class=\"hidden-fields-container\"><input type=\"hidden\" name=\"_wpcf7\" value=\"1316\" \/><input type=\"hidden\" name=\"_wpcf7_version\" value=\"6.1.5\" \/><input type=\"hidden\" name=\"_wpcf7_locale\" value=\"en_US\" \/><input type=\"hidden\" name=\"_wpcf7_unit_tag\" value=\"wpcf7-f1316-o1\" \/><input type=\"hidden\" name=\"_wpcf7_container_post\" value=\"0\" \/><input type=\"hidden\" name=\"_wpcf7_posted_data_hash\" value=\"\" \/>\n<\/fieldset>\n<div class=\"wpcf7-turnstile cf-turnstile\" data-sitekey=\"0x4AAAAAACH9ueYy7fDdFIjX\" data-response-field-name=\"_wpcf7_turnstile_response\"><\/div>\n\n<p><label><em>*<\/em>Oggetto:<\/label><span class=\"wpcf7-form-control-wrap\" data-name=\"your-subject\"><input size=\"40\" maxlength=\"400\" class=\"wpcf7-form-control wpcf7-text wpcf7-validates-as-required\" id=\"your-subject\" aria-required=\"true\" aria-invalid=\"false\" value=\"Product Inquiry\" type=\"text\" name=\"your-subject\" \/><\/span>\n<\/p>\n<p><label><em>*<\/em>Nome:<\/label><span class=\"wpcf7-form-control-wrap\" data-name=\"your-name\"><input size=\"40\" maxlength=\"400\" class=\"wpcf7-form-control wpcf7-text wpcf7-validates-as-required\" id=\"your-name\" aria-required=\"true\" aria-invalid=\"false\" placeholder=\"Compilare il nome comunemente usato\" value=\"\" type=\"text\" name=\"your-name\" \/><\/span>\n<\/p>\n<p><label><em>*<\/em>E-mail:<\/label><span class=\"wpcf7-form-control-wrap\" data-name=\"your-email\"><input size=\"40\" maxlength=\"400\" class=\"wpcf7-form-control wpcf7-email wpcf7-validates-as-required wpcf7-text wpcf7-validates-as-email\" id=\"your-email\" aria-required=\"true\" aria-invalid=\"false\" placeholder=\"Compilare l&#039;e-mail comunemente utilizzata\" value=\"\" type=\"email\" name=\"your-email\" \/><\/span>\n<\/p>\n<p><label>Telefono:<\/label><span class=\"wpcf7-form-control-wrap\" data-name=\"your-phone\"><input size=\"40\" maxlength=\"400\" class=\"wpcf7-form-control wpcf7-text\" id=\"your-phone\" aria-invalid=\"false\" placeholder=\"Inserire il numero di telefono di contatto o il cellulare\" value=\"\" type=\"text\" name=\"your-phone\" \/><\/span>\n<\/p>\n<p><label>Paese:<\/label><span class=\"wpcf7-form-control-wrap\" data-name=\"your-country\"><input size=\"40\" maxlength=\"400\" class=\"wpcf7-form-control wpcf7-text\" id=\"your-country\" aria-invalid=\"false\" placeholder=\"Inserite il vostro paese\" value=\"\" type=\"text\" name=\"your-country\" \/><\/span>\n<\/p>\n<p><label>Azienda:<\/label><span class=\"wpcf7-form-control-wrap\" data-name=\"your-company\"><input size=\"40\" maxlength=\"400\" class=\"wpcf7-form-control wpcf7-text\" id=\"your-company\" aria-invalid=\"false\" placeholder=\"Inserire il nome della societ\u00e0\" value=\"\" type=\"text\" name=\"your-company\" \/><\/span>\n<\/p>\n<p><label><em>*<\/em>Contenuto:<\/label><span class=\"wpcf7-form-control-wrap\" data-name=\"your-message\"><textarea cols=\"40\" rows=\"10\" maxlength=\"2000\" class=\"wpcf7-form-control wpcf7-textarea wpcf7-validates-as-required\" aria-required=\"true\" aria-invalid=\"false\" placeholder=\"Inserite i dettagli che desiderate conoscere, come il nome del prodotto, le specifiche, il prezzo, il MOQ, ecc.\" name=\"your-message\"><\/textarea><\/span>\n<\/p>\n<p class=\"btn-submit\"><label> <\/label><input class=\"wpcf7-form-control wpcf7-submit has-spinner\" type=\"submit\" value=\"INVIA\" \/>\n<\/p><div class=\"wpcf7-response-output\" aria-hidden=\"true\"><\/div>\n<input type=\"hidden\" name=\"trp-form-language\" value=\"it\"\/><\/form>\n<\/div>\n<\/div>","protected":false},"excerpt":{"rendered":"<p>Features: Hot melt road marking paint is a thermoplastic material that, when heated, becomes fluid and can be applied to surfaces. Once cooled, it forms a durable, high-visibility coating. The paint typically consists of resin, pigments, fillers, and glass beads, which contribute to its reflective properties and long-lasting performance. Specifications: Gravity (g\/m\u00b3) 2.1g\/m\u00b3 Colar Yellow, Orange, Red and etc Heating Temperature 150\u2103-220\u2103 Softening Point(\u2103) 110\u2103 Coating Appearance No wrinkles, dots, blisters, cracks, fall-out &amp; stick tyres Drying Time (min) Within 3 minutes Chroma Performance Reverse material (white) Compressive Strength (MPa) 26 Abrasive Resistance (mg) 42 Water Resistance Great (in water for 24 hours) Alkali Resistance Great (in saturated solution of calcium hydroxide for 24 hours) Glass Beads (%) 19% Fluidity (s) 40s Coating Resistance Resis -10\u2103 for 4 hours Heat Resistance Under 200\u2103-220\u2103 for hours Material C5 Petroleum Resin, CACO3, Wax, Glass Beads, EVA, PE and so on. Package 25kg\/bag, by plastic woven bag. One 20&#8217;container can load Max. 25 &#8230;<\/p>","protected":false},"author":1,"featured_media":0,"parent":0,"menu_order":0,"comment_status":"closed","ping_status":"closed","template":"","meta":{"footnotes":""},"class_list":["post-3900","page","type-page","status-publish","hentry"],"yoast_head":"<!-- This site is optimized with the Yoast SEO plugin v27.3 - https:\/\/yoast.com\/product\/yoast-seo-wordpress\/ -->\n<title>Hot Melt Road Marking Paint - RoadSky<\/title>\n<meta name=\"description\" content=\"Hot melt road marking paint is a thermoplastic material that, when heated, becomes fluid and can be applied to surfaces.\" \/>\n<meta name=\"robots\" content=\"index, follow, max-snippet:-1, max-image-preview:large, max-video-preview:-1\" \/>\n<link rel=\"canonical\" href=\"https:\/\/roadskymarking.com\/it\/hot-melt-road-marking-paint\/\" \/>\n<meta property=\"og:locale\" content=\"it_IT\" \/>\n<meta property=\"og:type\" content=\"article\" \/>\n<meta property=\"og:title\" content=\"Hot Melt Road Marking Paint - RoadSky\" \/>\n<meta property=\"og:description\" content=\"Hot melt road marking paint is a thermoplastic material that, when heated, becomes fluid and can be applied to surfaces.\" \/>\n<meta property=\"og:url\" content=\"https:\/\/roadskymarking.com\/it\/hot-melt-road-marking-paint\/\" \/>\n<meta property=\"og:site_name\" content=\"Nanjing Roadsky Traffic Facility Co.,Ltd. (Roadsky Corporation)\" \/>\n<meta property=\"article:modified_time\" content=\"2024-11-19T02:44:30+00:00\" \/>\n<meta property=\"og:image\" content=\"https:\/\/roadskymarking.com\/wp-content\/uploads\/2024\/11\/Hot-Melt-Road-Marking-Paint.jpg\" \/>\n\t<meta property=\"og:image:width\" content=\"600\" \/>\n\t<meta property=\"og:image:height\" content=\"400\" \/>\n\t<meta property=\"og:image:type\" content=\"image\/jpeg\" \/>\n<meta name=\"twitter:card\" content=\"summary_large_image\" \/>\n<meta name=\"twitter:label1\" content=\"Tempo di lettura stimato\" \/>\n\t<meta name=\"twitter:data1\" content=\"3 minuti\" \/>\n<script type=\"application\/ld+json\" class=\"yoast-schema-graph\">{\"@context\":\"https:\\\/\\\/schema.org\",\"@graph\":[{\"@type\":\"WebPage\",\"@id\":\"https:\\\/\\\/roadskymarking.com\\\/hot-melt-road-marking-paint\",\"url\":\"https:\\\/\\\/roadskymarking.com\\\/hot-melt-road-marking-paint\",\"name\":\"Hot Melt Road Marking Paint - RoadSky\",\"isPartOf\":{\"@id\":\"https:\\\/\\\/roadskymarking.com\\\/#website\"},\"primaryImageOfPage\":{\"@id\":\"https:\\\/\\\/roadskymarking.com\\\/hot-melt-road-marking-paint#primaryimage\"},\"image\":{\"@id\":\"https:\\\/\\\/roadskymarking.com\\\/hot-melt-road-marking-paint#primaryimage\"},\"thumbnailUrl\":\"https:\\\/\\\/roadskymarking.com\\\/wp-content\\\/uploads\\\/2024\\\/11\\\/Hot-Melt-Road-Marking-Paint.jpg\",\"datePublished\":\"2024-11-19T02:28:42+00:00\",\"dateModified\":\"2024-11-19T02:44:30+00:00\",\"description\":\"Hot melt road marking paint is a thermoplastic material that, when heated, becomes fluid and can be applied to surfaces.\",\"breadcrumb\":{\"@id\":\"https:\\\/\\\/roadskymarking.com\\\/hot-melt-road-marking-paint#breadcrumb\"},\"inLanguage\":\"it-IT\",\"potentialAction\":[{\"@type\":\"ReadAction\",\"target\":[\"https:\\\/\\\/roadskymarking.com\\\/hot-melt-road-marking-paint\"]}]},{\"@type\":\"ImageObject\",\"inLanguage\":\"it-IT\",\"@id\":\"https:\\\/\\\/roadskymarking.com\\\/hot-melt-road-marking-paint#primaryimage\",\"url\":\"https:\\\/\\\/roadskymarking.com\\\/wp-content\\\/uploads\\\/2024\\\/11\\\/Hot-Melt-Road-Marking-Paint.jpg\",\"contentUrl\":\"https:\\\/\\\/roadskymarking.com\\\/wp-content\\\/uploads\\\/2024\\\/11\\\/Hot-Melt-Road-Marking-Paint.jpg\"},{\"@type\":\"BreadcrumbList\",\"@id\":\"https:\\\/\\\/roadskymarking.com\\\/hot-melt-road-marking-paint#breadcrumb\",\"itemListElement\":[{\"@type\":\"ListItem\",\"position\":1,\"name\":\"Home\",\"item\":\"https:\\\/\\\/roadskymarking.com\\\/\"},{\"@type\":\"ListItem\",\"position\":2,\"name\":\"Hot Melt Road Marking Paint\"}]},{\"@type\":\"WebSite\",\"@id\":\"https:\\\/\\\/roadskymarking.com\\\/#website\",\"url\":\"https:\\\/\\\/roadskymarking.com\\\/\",\"name\":\"Nanjing Roadsky Traffic Facility Co.,Ltd. (Roadsky Corporation)\",\"description\":\"Pavement Marking Equipment Supplier - RoadSky\",\"publisher\":{\"@id\":\"https:\\\/\\\/roadskymarking.com\\\/#organization\"},\"potentialAction\":[{\"@type\":\"SearchAction\",\"target\":{\"@type\":\"EntryPoint\",\"urlTemplate\":\"https:\\\/\\\/roadskymarking.com\\\/?s={search_term_string}\"},\"query-input\":{\"@type\":\"PropertyValueSpecification\",\"valueRequired\":true,\"valueName\":\"search_term_string\"}}],\"inLanguage\":\"it-IT\"},{\"@type\":\"Organization\",\"@id\":\"https:\\\/\\\/roadskymarking.com\\\/#organization\",\"name\":\"Nanjing Roadsky Traffic Facility Co.,Ltd. (Roadsky Corporation)\",\"url\":\"https:\\\/\\\/roadskymarking.com\\\/\",\"logo\":{\"@type\":\"ImageObject\",\"inLanguage\":\"it-IT\",\"@id\":\"https:\\\/\\\/roadskymarking.com\\\/#\\\/schema\\\/logo\\\/image\\\/\",\"url\":\"https:\\\/\\\/roadskymarking.com\\\/wp-content\\\/uploads\\\/2023\\\/03\\\/LOGO.png\",\"contentUrl\":\"https:\\\/\\\/roadskymarking.com\\\/wp-content\\\/uploads\\\/2023\\\/03\\\/LOGO.png\",\"width\":500,\"height\":400,\"caption\":\"Nanjing Roadsky Traffic Facility Co.,Ltd. (Roadsky Corporation)\"},\"image\":{\"@id\":\"https:\\\/\\\/roadskymarking.com\\\/#\\\/schema\\\/logo\\\/image\\\/\"}}]}<\/script>\n<!-- \/ Yoast SEO plugin. -->","yoast_head_json":{"title":"Vernice per segnaletica stradale a caldo - RoadSky","description":"La vernice per segnaletica stradale hot melt \u00e8 un materiale termoplastico che, una volta riscaldato, diventa fluido e pu\u00f2 essere applicato alle superfici.","robots":{"index":"index","follow":"follow","max-snippet":"max-snippet:-1","max-image-preview":"max-image-preview:large","max-video-preview":"max-video-preview:-1"},"canonical":"https:\/\/roadskymarking.com\/it\/hot-melt-road-marking-paint\/","og_locale":"it_IT","og_type":"article","og_title":"Hot Melt Road Marking Paint - RoadSky","og_description":"Hot melt road marking paint is a thermoplastic material that, when heated, becomes fluid and can be applied to surfaces.","og_url":"https:\/\/roadskymarking.com\/it\/hot-melt-road-marking-paint\/","og_site_name":"Nanjing Roadsky Traffic Facility Co.,Ltd. (Roadsky Corporation)","article_modified_time":"2024-11-19T02:44:30+00:00","og_image":[{"width":600,"height":400,"url":"https:\/\/roadskymarking.com\/wp-content\/uploads\/2024\/11\/Hot-Melt-Road-Marking-Paint.jpg","type":"image\/jpeg"}],"twitter_card":"summary_large_image","twitter_misc":{"Tempo di lettura stimato":"3 minuti"},"schema":{"@context":"https:\/\/schema.org","@graph":[{"@type":"WebPage","@id":"https:\/\/roadskymarking.com\/hot-melt-road-marking-paint","url":"https:\/\/roadskymarking.com\/hot-melt-road-marking-paint","name":"Vernice per segnaletica stradale a caldo - RoadSky","isPartOf":{"@id":"https:\/\/roadskymarking.com\/#website"},"primaryImageOfPage":{"@id":"https:\/\/roadskymarking.com\/hot-melt-road-marking-paint#primaryimage"},"image":{"@id":"https:\/\/roadskymarking.com\/hot-melt-road-marking-paint#primaryimage"},"thumbnailUrl":"https:\/\/roadskymarking.com\/wp-content\/uploads\/2024\/11\/Hot-Melt-Road-Marking-Paint.jpg","datePublished":"2024-11-19T02:28:42+00:00","dateModified":"2024-11-19T02:44:30+00:00","description":"La vernice per segnaletica stradale hot melt \u00e8 un materiale termoplastico che, una volta riscaldato, diventa fluido e pu\u00f2 essere applicato alle superfici.","breadcrumb":{"@id":"https:\/\/roadskymarking.com\/hot-melt-road-marking-paint#breadcrumb"},"inLanguage":"it-IT","potentialAction":[{"@type":"ReadAction","target":["https:\/\/roadskymarking.com\/hot-melt-road-marking-paint"]}]},{"@type":"ImageObject","inLanguage":"it-IT","@id":"https:\/\/roadskymarking.com\/hot-melt-road-marking-paint#primaryimage","url":"https:\/\/roadskymarking.com\/wp-content\/uploads\/2024\/11\/Hot-Melt-Road-Marking-Paint.jpg","contentUrl":"https:\/\/roadskymarking.com\/wp-content\/uploads\/2024\/11\/Hot-Melt-Road-Marking-Paint.jpg"},{"@type":"BreadcrumbList","@id":"https:\/\/roadskymarking.com\/hot-melt-road-marking-paint#breadcrumb","itemListElement":[{"@type":"ListItem","position":1,"name":"Home","item":"https:\/\/roadskymarking.com\/"},{"@type":"ListItem","position":2,"name":"Hot Melt Road Marking Paint"}]},{"@type":"WebSite","@id":"https:\/\/roadskymarking.com\/#website","url":"https:\/\/roadskymarking.com\/","name":"Nanjing Roadsky Traffic Facility Co.,Ltd. (Roadsky Corporation)","description":"Fornitore di attrezzature per la marcatura dei marciapiedi - RoadSky","publisher":{"@id":"https:\/\/roadskymarking.com\/#organization"},"potentialAction":[{"@type":"SearchAction","target":{"@type":"EntryPoint","urlTemplate":"https:\/\/roadskymarking.com\/?s={search_term_string}"},"query-input":{"@type":"PropertyValueSpecification","valueRequired":true,"valueName":"search_term_string"}}],"inLanguage":"it-IT"},{"@type":"Organization","@id":"https:\/\/roadskymarking.com\/#organization","name":"Nanjing Roadsky Traffic Facility Co.,Ltd. (Roadsky Corporation)","url":"https:\/\/roadskymarking.com\/","logo":{"@type":"ImageObject","inLanguage":"it-IT","@id":"https:\/\/roadskymarking.com\/#\/schema\/logo\/image\/","url":"https:\/\/roadskymarking.com\/wp-content\/uploads\/2023\/03\/LOGO.png","contentUrl":"https:\/\/roadskymarking.com\/wp-content\/uploads\/2023\/03\/LOGO.png","width":500,"height":400,"caption":"Nanjing Roadsky Traffic Facility Co.,Ltd. (Roadsky Corporation)"},"image":{"@id":"https:\/\/roadskymarking.com\/#\/schema\/logo\/image\/"}}]}},"_links":{"self":[{"href":"https:\/\/roadskymarking.com\/it\/wp-json\/wp\/v2\/pages\/3900","targetHints":{"allow":["GET"]}}],"collection":[{"href":"https:\/\/roadskymarking.com\/it\/wp-json\/wp\/v2\/pages"}],"about":[{"href":"https:\/\/roadskymarking.com\/it\/wp-json\/wp\/v2\/types\/page"}],"author":[{"embeddable":true,"href":"https:\/\/roadskymarking.com\/it\/wp-json\/wp\/v2\/users\/1"}],"replies":[{"embeddable":true,"href":"https:\/\/roadskymarking.com\/it\/wp-json\/wp\/v2\/comments?post=3900"}],"version-history":[{"count":6,"href":"https:\/\/roadskymarking.com\/it\/wp-json\/wp\/v2\/pages\/3900\/revisions"}],"predecessor-version":[{"id":3915,"href":"https:\/\/roadskymarking.com\/it\/wp-json\/wp\/v2\/pages\/3900\/revisions\/3915"}],"wp:attachment":[{"href":"https:\/\/roadskymarking.com\/it\/wp-json\/wp\/v2\/media?parent=3900"}],"curies":[{"name":"wp","href":"https:\/\/api.w.org\/{rel}","templated":true}]}}