{"id":3953,"date":"2025-01-08T01:58:24","date_gmt":"2025-01-08T01:58:24","guid":{"rendered":"https:\/\/roadskymarking.com\/?page_id=3953"},"modified":"2025-01-08T02:16:39","modified_gmt":"2025-01-08T02:16:39","slug":"traffic-marking-paint","status":"publish","type":"page","link":"https:\/\/roadskymarking.com\/it\/traffic-marking-paint","title":{"rendered":"Vernice per segnaletica stradale"},"content":{"rendered":"<div class=\"wp-block-columns is-layout-flex wp-container-core-columns-is-layout-9d6595d7 wp-block-columns-is-layout-flex\">\n<div class=\"wp-block-column is-layout-flow wp-block-column-is-layout-flow\">\n<figure class=\"wp-block-image size-full\"><img loading=\"lazy\" decoding=\"async\" width=\"600\" height=\"400\" src=\"https:\/\/roadskymarking.com\/wp-content\/uploads\/2025\/01\/Traffic-Marking-Paint.jpg\" alt=\"Vernice per segnaletica stradale\" class=\"wp-image-3956\" srcset=\"https:\/\/roadskymarking.com\/wp-content\/uploads\/2025\/01\/Traffic-Marking-Paint.jpg 600w, https:\/\/roadskymarking.com\/wp-content\/uploads\/2025\/01\/Traffic-Marking-Paint-400x267.jpg 400w\" sizes=\"auto, (max-width: 600px) 100vw, 600px\" \/><\/figure>\n<\/div>\n\n\n\n<div class=\"wp-block-column is-layout-flow wp-block-column-is-layout-flow\">\n<h3 class=\"wp-block-heading\">Vantaggi:<\/h3>\n\n\n\n<ul class=\"wp-block-list\">\n<li>Sicurezza migliorata<\/li>\n\n\n\n<li>Le opzioni riflettenti migliorano le condizioni di notte e di scarsa visibilit\u00e0.<\/li>\n\n\n\n<li>Personalizzabile<\/li>\n<\/ul>\n\n\n\n<div class=\"wp-block-buttons is-content-justification-center is-layout-flex wp-container-core-buttons-is-layout-16018d1d wp-block-buttons-is-layout-flex\">\n<div class=\"wp-block-button\"><a class=\"wp-block-button__link has-luminous-vivid-orange-background-color has-background wp-element-button\" href=\"https:\/\/roadskymarking.com\/it\/inquiry\/\" target=\"_blank\" rel=\" noreferrer noopener nofollow\"><mark style=\"background-color:rgba(0, 0, 0, 0)\" class=\"has-inline-color has-white-color\">Richiedi un preventivo<\/mark><\/a><\/div>\n<\/div>\n<\/div>\n<\/div>\n\n\n\n<div style=\"height:20px\" aria-hidden=\"true\" class=\"wp-block-spacer\"><\/div>\n\n\n\n<hr class=\"wp-block-separator has-alpha-channel-opacity\"\/>\n\n\n\n<p>La vernice per segnaletica stradale \u00e8 un rivestimento speciale progettato per le superfici stradali per creare linee, simboli e marcature visibili. La segnaletica aiuta a dirigere il flusso del traffico, a indicare i parcheggi, a evidenziare i pericoli e a garantire la sicurezza dei pedoni.<\/p>\n\n\n\n<h2 class=\"wp-block-heading\">Prodotti correlati<\/h2>\n\n\n\n<div class=\"wp-block-columns is-layout-flex wp-container-core-columns-is-layout-9d6595d7 wp-block-columns-is-layout-flex\">\n<div class=\"wp-block-column is-layout-flow wp-block-column-is-layout-flow\" style=\"flex-basis:33.33%\"><div class=\"wp-block-image\">\n<figure class=\"aligncenter size-large is-resized\"><a href=\"https:\/\/roadskymarking.com\/it\/thermoplastic-road-marking-paint.html\/\" target=\"_blank\" rel=\" noreferrer noopener\"><img decoding=\"async\" src=\"https:\/\/roadskymarking.com\/wp-content\/uploads\/2017\/04\/thermoplastic-paint-effect-800.jpg\" alt=\"Vernice termoplastica per segnaletica stradale\" style=\"object-fit:cover;width:200px;height:200px\"\/><\/a><figcaption class=\"wp-element-caption\"><a href=\"https:\/\/roadskymarking.com\/it\/thermoplastic-road-marking-paint.html\/\" target=\"_blank\" rel=\"noreferrer noopener\">Vernice termoplastica per segnaletica stradale<\/a><\/figcaption><\/figure><\/div><\/div>\n\n\n\n<div class=\"wp-block-column is-layout-flow wp-block-column-is-layout-flow\" style=\"flex-basis:66.66%\">\n<p>La marcatura termoplastica \u00e8 ampiamente utilizzata nella costruzione di autostrade e strade. Il bianco e il giallo sono i colori pi\u00f9 comuni utilizzati nei progetti di marcatura termoplastica. Roadsky \u00e8 il principale produttore di vernice termoplastica per la segnaletica stradale in Cina. Le vernici termoplastiche per la segnaletica orizzontale, sia bianche che gialle, sono rinomate per il rigoroso controllo di qualit\u00e0 e il prezzo competitivo. Sono inoltre disponibili vernici di diversi standard e colori per soddisfare le diverse esigenze di costruzione.<\/p>\n<\/div>\n<\/div>\n\n\n\n<div class=\"wp-block-columns is-layout-flex wp-container-core-columns-is-layout-9d6595d7 wp-block-columns-is-layout-flex\">\n<div class=\"wp-block-column is-layout-flow wp-block-column-is-layout-flow\" style=\"flex-basis:33.33%\"><div class=\"wp-block-image\">\n<figure class=\"aligncenter size-large is-resized\"><a href=\"https:\/\/roadskymarking.com\/it\/two-component-road-marking-paint.html\/\" target=\"_blank\" rel=\" noreferrer noopener\"><img decoding=\"async\" src=\"https:\/\/roadskymarking.com\/wp-content\/uploads\/2015\/04\/two-component-road-marking-paint.jpg\" alt=\"Vernice bicomponente per segnaletica stradale\" style=\"object-fit:cover;width:200px;height:200px\"\/><\/a><figcaption class=\"wp-element-caption\"><a href=\"https:\/\/roadskymarking.com\/it\/two-component-road-marking-paint.html\/\" target=\"_blank\" rel=\"noreferrer noopener\">Vernice bicomponente per segnaletica stradale<\/a><\/figcaption><\/figure><\/div><\/div>\n\n\n\n<div class=\"wp-block-column is-layout-flow wp-block-column-is-layout-flow\" style=\"flex-basis:66.66%\">\n<p>La vernice a due componenti \u00e8 composta da vernice plastica a freddo e agente indurente. Durante la marcatura, i due componenti vengono miscelati immediatamente prima dell'applicazione per formare la marcatura della pavimentazione. La durata della marcatura bicomponente \u00e8 normalmente compresa tra 2 e 4 anni, in base ai volumi di traffico.<\/p>\n<\/div>\n<\/div>\n\n\n\n<div class=\"wp-block-columns is-layout-flex wp-container-core-columns-is-layout-9d6595d7 wp-block-columns-is-layout-flex\">\n<div class=\"wp-block-column is-layout-flow wp-block-column-is-layout-flow\" style=\"flex-basis:33.33%\"><div class=\"wp-block-image\">\n<figure class=\"aligncenter size-large is-resized\"><a href=\"https:\/\/roadskymarking.com\/it\/convex-road-marking-paint.html\/\" target=\"_blank\" rel=\" noreferrer noopener\"><img decoding=\"async\" src=\"https:\/\/roadskymarking.com\/wp-content\/uploads\/2014\/04\/convex-marking-line-3.jpg\" alt=\"Vernice convessa per segnaletica stradale\" style=\"object-fit:cover;width:200px;height:auto\"\/><\/a><figcaption class=\"wp-element-caption\"><a href=\"https:\/\/roadskymarking.com\/it\/convex-road-marking-paint.html\/\" target=\"_blank\" rel=\"noreferrer noopener\">Vernice convessa per segnaletica stradale<\/a><\/figcaption><\/figure><\/div><\/div>\n\n\n\n<div class=\"wp-block-column is-layout-flow wp-block-column-is-layout-flow\" style=\"flex-basis:66.66%\">\n<p>La vernice termoplastica convessa per segnaletica stradale \u00e8 composta da resina termoplastica, gomma modificata ecc. Grazie all'eccellente visibilit\u00e0 e alle buone vibrazioni, viene applicata per marcare la linea centrale, la linea di discesa all'ingresso e all'uscita delle strade, ecc. La vernice termoplastica convessa per segnaletica orizzontale ha quattro diversi motivi, tra cui nervature, quadratini, punti e trifogli.<\/p>\n<\/div>\n<\/div>\n\n\n\n<h2 class=\"wp-block-heading\">Contattateci per un preventivo gratuito<\/h2>\n\n\n\n<p><em>Compilate il modulo sottostante e i nostri rappresentanti commerciali vi contatteranno a breve.<\/em><\/p>\n\n\n\n<div class=\"wp-block-contact-form-7-contact-form-selector\">\n<div class=\"wpcf7 no-js\" id=\"wpcf7-f1316-o1\" lang=\"en-US\" dir=\"ltr\" data-wpcf7-id=\"1316\">\n<div class=\"screen-reader-response\"><p role=\"status\" aria-live=\"polite\" aria-atomic=\"true\"><\/p> <ul><\/ul><\/div>\n<form action=\"\/it\/wp-json\/wp\/v2\/pages\/3953#wpcf7-f1316-o1\" method=\"post\" class=\"wpcf7-form init\" aria-label=\"Modulo di contatto\" novalidate=\"novalidate\" data-status=\"init\" data-trp-original-action=\"\/it\/wp-json\/wp\/v2\/pages\/3953#wpcf7-f1316-o1\">\n<fieldset class=\"hidden-fields-container\"><input type=\"hidden\" name=\"_wpcf7\" value=\"1316\" \/><input type=\"hidden\" name=\"_wpcf7_version\" value=\"6.1.5\" \/><input type=\"hidden\" name=\"_wpcf7_locale\" value=\"en_US\" \/><input type=\"hidden\" name=\"_wpcf7_unit_tag\" value=\"wpcf7-f1316-o1\" \/><input type=\"hidden\" name=\"_wpcf7_container_post\" value=\"0\" \/><input type=\"hidden\" name=\"_wpcf7_posted_data_hash\" value=\"\" \/>\n<\/fieldset>\n<div class=\"wpcf7-turnstile cf-turnstile\" data-sitekey=\"0x4AAAAAACH9ueYy7fDdFIjX\" data-response-field-name=\"_wpcf7_turnstile_response\"><\/div>\n\n<p><label><em>*<\/em>Oggetto:<\/label><span class=\"wpcf7-form-control-wrap\" data-name=\"your-subject\"><input size=\"40\" maxlength=\"400\" class=\"wpcf7-form-control wpcf7-text wpcf7-validates-as-required\" id=\"your-subject\" aria-required=\"true\" aria-invalid=\"false\" value=\"Product Inquiry\" type=\"text\" name=\"your-subject\" \/><\/span>\n<\/p>\n<p><label><em>*<\/em>Nome:<\/label><span class=\"wpcf7-form-control-wrap\" data-name=\"your-name\"><input size=\"40\" maxlength=\"400\" class=\"wpcf7-form-control wpcf7-text wpcf7-validates-as-required\" id=\"your-name\" aria-required=\"true\" aria-invalid=\"false\" placeholder=\"Compilare il nome comunemente usato\" value=\"\" type=\"text\" name=\"your-name\" \/><\/span>\n<\/p>\n<p><label><em>*<\/em>E-mail:<\/label><span class=\"wpcf7-form-control-wrap\" data-name=\"your-email\"><input size=\"40\" maxlength=\"400\" class=\"wpcf7-form-control wpcf7-email wpcf7-validates-as-required wpcf7-text wpcf7-validates-as-email\" id=\"your-email\" aria-required=\"true\" aria-invalid=\"false\" placeholder=\"Compilare l&#039;e-mail comunemente utilizzata\" value=\"\" type=\"email\" name=\"your-email\" \/><\/span>\n<\/p>\n<p><label>Telefono:<\/label><span class=\"wpcf7-form-control-wrap\" data-name=\"your-phone\"><input size=\"40\" maxlength=\"400\" class=\"wpcf7-form-control wpcf7-text\" id=\"your-phone\" aria-invalid=\"false\" placeholder=\"Inserire il numero di telefono di contatto o il cellulare\" value=\"\" type=\"text\" name=\"your-phone\" \/><\/span>\n<\/p>\n<p><label>Paese:<\/label><span class=\"wpcf7-form-control-wrap\" data-name=\"your-country\"><input size=\"40\" maxlength=\"400\" class=\"wpcf7-form-control wpcf7-text\" id=\"your-country\" aria-invalid=\"false\" placeholder=\"Inserite il vostro paese\" value=\"\" type=\"text\" name=\"your-country\" \/><\/span>\n<\/p>\n<p><label>Azienda:<\/label><span class=\"wpcf7-form-control-wrap\" data-name=\"your-company\"><input size=\"40\" maxlength=\"400\" class=\"wpcf7-form-control wpcf7-text\" id=\"your-company\" aria-invalid=\"false\" placeholder=\"Inserire il nome della societ\u00e0\" value=\"\" type=\"text\" name=\"your-company\" \/><\/span>\n<\/p>\n<p><label><em>*<\/em>Contenuto:<\/label><span class=\"wpcf7-form-control-wrap\" data-name=\"your-message\"><textarea cols=\"40\" rows=\"10\" maxlength=\"2000\" class=\"wpcf7-form-control wpcf7-textarea wpcf7-validates-as-required\" aria-required=\"true\" aria-invalid=\"false\" placeholder=\"Inserite i dettagli che desiderate conoscere, come il nome del prodotto, le specifiche, il prezzo, il MOQ, ecc.\" name=\"your-message\"><\/textarea><\/span>\n<\/p>\n<p class=\"btn-submit\"><label> <\/label><input class=\"wpcf7-form-control wpcf7-submit has-spinner\" type=\"submit\" value=\"INVIA\" \/>\n<\/p><div class=\"wpcf7-response-output\" aria-hidden=\"true\"><\/div>\n<input type=\"hidden\" name=\"trp-form-language\" value=\"it\"\/><\/form>\n<\/div>\n<\/div>","protected":false},"excerpt":{"rendered":"<p>Benefits: Traffic marking paint is a specialized coating designed for road surfaces to create visible lines, symbols, and markings. These markings help direct traffic flow, indicate parking spaces, highlight hazards, and ensure pedestrian safety. Related Products Thermoplastic marking is widely used in highway and street constrcution. White and yellow are the most common color used in thermoplastic marking projects. Roadsky is leading thermoplastic road marking paint manufacturer in China. Both white and yellow thermoplastic road marking paints are renowned for strict quality control and competitive price. Paint in different standards and color are also available to meet the different construction needs. The two components paint consists of cold plastic paint and curing agent. When marking, the two components are mixed immediately before application to form the pavement marking. The service life of two component pavement marking normally ranges between 2 and 4 years based on traffic volumes. Thermoplastic convex road marking paint consists of thermoplastic resin, modified rubber and etc. &#8230;<\/p>","protected":false},"author":1,"featured_media":0,"parent":0,"menu_order":0,"comment_status":"closed","ping_status":"closed","template":"","meta":{"footnotes":""},"class_list":["post-3953","page","type-page","status-publish","hentry"],"yoast_head":"<!-- This site is optimized with the Yoast SEO plugin v27.3 - https:\/\/yoast.com\/product\/yoast-seo-wordpress\/ -->\n<title>Traffic Marking Paint - Manufacturer and Supplier in China<\/title>\n<meta name=\"description\" content=\"Traffic marking paint is a specialized coating designed for road surfaces to create visible lines, symbols, and markings.\" \/>\n<meta name=\"robots\" content=\"index, follow, max-snippet:-1, max-image-preview:large, max-video-preview:-1\" \/>\n<link rel=\"canonical\" href=\"https:\/\/roadskymarking.com\/it\/traffic-marking-paint\/\" \/>\n<meta property=\"og:locale\" content=\"it_IT\" \/>\n<meta property=\"og:type\" content=\"article\" \/>\n<meta property=\"og:title\" content=\"Traffic Marking Paint - Manufacturer and Supplier in China\" \/>\n<meta property=\"og:description\" content=\"Traffic marking paint is a specialized coating designed for road surfaces to create visible lines, symbols, and markings.\" \/>\n<meta property=\"og:url\" content=\"https:\/\/roadskymarking.com\/it\/traffic-marking-paint\/\" \/>\n<meta property=\"og:site_name\" content=\"Nanjing Roadsky Traffic Facility Co.,Ltd. (Roadsky Corporation)\" \/>\n<meta property=\"article:modified_time\" content=\"2025-01-08T02:16:39+00:00\" \/>\n<meta property=\"og:image\" content=\"https:\/\/roadskymarking.com\/wp-content\/uploads\/2025\/01\/Traffic-Marking-Paint.jpg\" \/>\n\t<meta property=\"og:image:width\" content=\"600\" \/>\n\t<meta property=\"og:image:height\" content=\"400\" \/>\n\t<meta property=\"og:image:type\" content=\"image\/jpeg\" \/>\n<meta name=\"twitter:card\" content=\"summary_large_image\" \/>\n<meta name=\"twitter:label1\" content=\"Tempo di lettura stimato\" \/>\n\t<meta name=\"twitter:data1\" content=\"2 minuti\" \/>\n<script type=\"application\/ld+json\" class=\"yoast-schema-graph\">{\"@context\":\"https:\\\/\\\/schema.org\",\"@graph\":[{\"@type\":\"WebPage\",\"@id\":\"https:\\\/\\\/roadskymarking.com\\\/traffic-marking-paint\",\"url\":\"https:\\\/\\\/roadskymarking.com\\\/traffic-marking-paint\",\"name\":\"Traffic Marking Paint - Manufacturer and Supplier in China\",\"isPartOf\":{\"@id\":\"https:\\\/\\\/roadskymarking.com\\\/#website\"},\"primaryImageOfPage\":{\"@id\":\"https:\\\/\\\/roadskymarking.com\\\/traffic-marking-paint#primaryimage\"},\"image\":{\"@id\":\"https:\\\/\\\/roadskymarking.com\\\/traffic-marking-paint#primaryimage\"},\"thumbnailUrl\":\"https:\\\/\\\/roadskymarking.com\\\/wp-content\\\/uploads\\\/2025\\\/01\\\/Traffic-Marking-Paint.jpg\",\"datePublished\":\"2025-01-08T01:58:24+00:00\",\"dateModified\":\"2025-01-08T02:16:39+00:00\",\"description\":\"Traffic marking paint is a specialized coating designed for road surfaces to create visible lines, symbols, and markings.\",\"breadcrumb\":{\"@id\":\"https:\\\/\\\/roadskymarking.com\\\/traffic-marking-paint#breadcrumb\"},\"inLanguage\":\"it-IT\",\"potentialAction\":[{\"@type\":\"ReadAction\",\"target\":[\"https:\\\/\\\/roadskymarking.com\\\/traffic-marking-paint\"]}]},{\"@type\":\"ImageObject\",\"inLanguage\":\"it-IT\",\"@id\":\"https:\\\/\\\/roadskymarking.com\\\/traffic-marking-paint#primaryimage\",\"url\":\"https:\\\/\\\/roadskymarking.com\\\/wp-content\\\/uploads\\\/2025\\\/01\\\/Traffic-Marking-Paint.jpg\",\"contentUrl\":\"https:\\\/\\\/roadskymarking.com\\\/wp-content\\\/uploads\\\/2025\\\/01\\\/Traffic-Marking-Paint.jpg\"},{\"@type\":\"BreadcrumbList\",\"@id\":\"https:\\\/\\\/roadskymarking.com\\\/traffic-marking-paint#breadcrumb\",\"itemListElement\":[{\"@type\":\"ListItem\",\"position\":1,\"name\":\"Home\",\"item\":\"https:\\\/\\\/roadskymarking.com\\\/\"},{\"@type\":\"ListItem\",\"position\":2,\"name\":\"Traffic Marking Paint\"}]},{\"@type\":\"WebSite\",\"@id\":\"https:\\\/\\\/roadskymarking.com\\\/#website\",\"url\":\"https:\\\/\\\/roadskymarking.com\\\/\",\"name\":\"Nanjing Roadsky Traffic Facility Co.,Ltd. (Roadsky Corporation)\",\"description\":\"Pavement Marking Equipment Supplier - RoadSky\",\"publisher\":{\"@id\":\"https:\\\/\\\/roadskymarking.com\\\/#organization\"},\"potentialAction\":[{\"@type\":\"SearchAction\",\"target\":{\"@type\":\"EntryPoint\",\"urlTemplate\":\"https:\\\/\\\/roadskymarking.com\\\/?s={search_term_string}\"},\"query-input\":{\"@type\":\"PropertyValueSpecification\",\"valueRequired\":true,\"valueName\":\"search_term_string\"}}],\"inLanguage\":\"it-IT\"},{\"@type\":\"Organization\",\"@id\":\"https:\\\/\\\/roadskymarking.com\\\/#organization\",\"name\":\"Nanjing Roadsky Traffic Facility Co.,Ltd. (Roadsky Corporation)\",\"url\":\"https:\\\/\\\/roadskymarking.com\\\/\",\"logo\":{\"@type\":\"ImageObject\",\"inLanguage\":\"it-IT\",\"@id\":\"https:\\\/\\\/roadskymarking.com\\\/#\\\/schema\\\/logo\\\/image\\\/\",\"url\":\"https:\\\/\\\/roadskymarking.com\\\/wp-content\\\/uploads\\\/2023\\\/03\\\/LOGO.png\",\"contentUrl\":\"https:\\\/\\\/roadskymarking.com\\\/wp-content\\\/uploads\\\/2023\\\/03\\\/LOGO.png\",\"width\":500,\"height\":400,\"caption\":\"Nanjing Roadsky Traffic Facility Co.,Ltd. (Roadsky Corporation)\"},\"image\":{\"@id\":\"https:\\\/\\\/roadskymarking.com\\\/#\\\/schema\\\/logo\\\/image\\\/\"}}]}<\/script>\n<!-- \/ Yoast SEO plugin. -->","yoast_head_json":{"title":"Vernice per segnaletica stradale - Produttore e fornitore in Cina","description":"La vernice per segnaletica stradale \u00e8 un rivestimento speciale progettato per le superfici stradali per creare linee, simboli e marcature visibili.","robots":{"index":"index","follow":"follow","max-snippet":"max-snippet:-1","max-image-preview":"max-image-preview:large","max-video-preview":"max-video-preview:-1"},"canonical":"https:\/\/roadskymarking.com\/it\/traffic-marking-paint\/","og_locale":"it_IT","og_type":"article","og_title":"Traffic Marking Paint - Manufacturer and Supplier in China","og_description":"Traffic marking paint is a specialized coating designed for road surfaces to create visible lines, symbols, and markings.","og_url":"https:\/\/roadskymarking.com\/it\/traffic-marking-paint\/","og_site_name":"Nanjing Roadsky Traffic Facility Co.,Ltd. (Roadsky Corporation)","article_modified_time":"2025-01-08T02:16:39+00:00","og_image":[{"width":600,"height":400,"url":"https:\/\/roadskymarking.com\/wp-content\/uploads\/2025\/01\/Traffic-Marking-Paint.jpg","type":"image\/jpeg"}],"twitter_card":"summary_large_image","twitter_misc":{"Tempo di lettura stimato":"2 minuti"},"schema":{"@context":"https:\/\/schema.org","@graph":[{"@type":"WebPage","@id":"https:\/\/roadskymarking.com\/traffic-marking-paint","url":"https:\/\/roadskymarking.com\/traffic-marking-paint","name":"Vernice per segnaletica stradale - Produttore e fornitore in Cina","isPartOf":{"@id":"https:\/\/roadskymarking.com\/#website"},"primaryImageOfPage":{"@id":"https:\/\/roadskymarking.com\/traffic-marking-paint#primaryimage"},"image":{"@id":"https:\/\/roadskymarking.com\/traffic-marking-paint#primaryimage"},"thumbnailUrl":"https:\/\/roadskymarking.com\/wp-content\/uploads\/2025\/01\/Traffic-Marking-Paint.jpg","datePublished":"2025-01-08T01:58:24+00:00","dateModified":"2025-01-08T02:16:39+00:00","description":"La vernice per segnaletica stradale \u00e8 un rivestimento speciale progettato per le superfici stradali per creare linee, simboli e marcature visibili.","breadcrumb":{"@id":"https:\/\/roadskymarking.com\/traffic-marking-paint#breadcrumb"},"inLanguage":"it-IT","potentialAction":[{"@type":"ReadAction","target":["https:\/\/roadskymarking.com\/traffic-marking-paint"]}]},{"@type":"ImageObject","inLanguage":"it-IT","@id":"https:\/\/roadskymarking.com\/traffic-marking-paint#primaryimage","url":"https:\/\/roadskymarking.com\/wp-content\/uploads\/2025\/01\/Traffic-Marking-Paint.jpg","contentUrl":"https:\/\/roadskymarking.com\/wp-content\/uploads\/2025\/01\/Traffic-Marking-Paint.jpg"},{"@type":"BreadcrumbList","@id":"https:\/\/roadskymarking.com\/traffic-marking-paint#breadcrumb","itemListElement":[{"@type":"ListItem","position":1,"name":"Home","item":"https:\/\/roadskymarking.com\/"},{"@type":"ListItem","position":2,"name":"Traffic Marking Paint"}]},{"@type":"WebSite","@id":"https:\/\/roadskymarking.com\/#website","url":"https:\/\/roadskymarking.com\/","name":"Nanjing Roadsky Traffic Facility Co.,Ltd. (Roadsky Corporation)","description":"Fornitore di attrezzature per la marcatura dei marciapiedi - RoadSky","publisher":{"@id":"https:\/\/roadskymarking.com\/#organization"},"potentialAction":[{"@type":"SearchAction","target":{"@type":"EntryPoint","urlTemplate":"https:\/\/roadskymarking.com\/?s={search_term_string}"},"query-input":{"@type":"PropertyValueSpecification","valueRequired":true,"valueName":"search_term_string"}}],"inLanguage":"it-IT"},{"@type":"Organization","@id":"https:\/\/roadskymarking.com\/#organization","name":"Nanjing Roadsky Traffic Facility Co.,Ltd. (Roadsky Corporation)","url":"https:\/\/roadskymarking.com\/","logo":{"@type":"ImageObject","inLanguage":"it-IT","@id":"https:\/\/roadskymarking.com\/#\/schema\/logo\/image\/","url":"https:\/\/roadskymarking.com\/wp-content\/uploads\/2023\/03\/LOGO.png","contentUrl":"https:\/\/roadskymarking.com\/wp-content\/uploads\/2023\/03\/LOGO.png","width":500,"height":400,"caption":"Nanjing Roadsky Traffic Facility Co.,Ltd. (Roadsky Corporation)"},"image":{"@id":"https:\/\/roadskymarking.com\/#\/schema\/logo\/image\/"}}]}},"_links":{"self":[{"href":"https:\/\/roadskymarking.com\/it\/wp-json\/wp\/v2\/pages\/3953","targetHints":{"allow":["GET"]}}],"collection":[{"href":"https:\/\/roadskymarking.com\/it\/wp-json\/wp\/v2\/pages"}],"about":[{"href":"https:\/\/roadskymarking.com\/it\/wp-json\/wp\/v2\/types\/page"}],"author":[{"embeddable":true,"href":"https:\/\/roadskymarking.com\/it\/wp-json\/wp\/v2\/users\/1"}],"replies":[{"embeddable":true,"href":"https:\/\/roadskymarking.com\/it\/wp-json\/wp\/v2\/comments?post=3953"}],"version-history":[{"count":4,"href":"https:\/\/roadskymarking.com\/it\/wp-json\/wp\/v2\/pages\/3953\/revisions"}],"predecessor-version":[{"id":3962,"href":"https:\/\/roadskymarking.com\/it\/wp-json\/wp\/v2\/pages\/3953\/revisions\/3962"}],"wp:attachment":[{"href":"https:\/\/roadskymarking.com\/it\/wp-json\/wp\/v2\/media?parent=3953"}],"curies":[{"name":"wp","href":"https:\/\/api.w.org\/{rel}","templated":true}]}}