{"id":4281,"date":"2025-09-03T06:15:58","date_gmt":"2025-09-03T06:15:58","guid":{"rendered":"https:\/\/roadskymarking.com\/?page_id=4281"},"modified":"2025-10-14T06:21:22","modified_gmt":"2025-10-14T06:21:22","slug":"retroreflectometer","status":"publish","type":"page","link":"https:\/\/roadskymarking.com\/it\/retroreflectometer","title":{"rendered":"Retroflettometro"},"content":{"rendered":"<p>Il retroriflettometro \u00e8 uno strumento essenziale per misurare la retroriflettivit\u00e0 della segnaletica stradale. Quantificando la quantit\u00e0 di luce riflessa verso i conducenti durante la notte, questo dispositivo assicura che i materiali per il controllo del traffico soddisfino gli standard di sicurezza e rimangano altamente visibili in condizioni di scarsa illuminazione e di bagnato.<\/p>\n\n\n\n<p>I nostri retroriflettometri sono progettati per effettuare test accurati, affidabili e di facile utilizzo sia in campo che in laboratorio. Aiutano le agenzie di trasporto, gli appaltatori e gli ispettori della sicurezza a valutare la conformit\u00e0 agli standard internazionali come ASTM, EN e ISO.<\/p>\n\n\n\n<h2 class=\"wp-block-heading\">Prodotti correlati<\/h2>\n\n\n\n<div class=\"wp-block-columns is-layout-flex wp-container-core-columns-is-layout-9d6595d7 wp-block-columns-is-layout-flex\">\n<div class=\"wp-block-column is-layout-flow wp-block-column-is-layout-flow\"><div class=\"wp-block-image\">\n<figure class=\"aligncenter size-large is-resized\"><a href=\"https:\/\/roadskymarking.com\/it\/pavement-marking-retroreflectometer.html\/\" target=\"_blank\" rel=\" noreferrer noopener\"><img decoding=\"async\" src=\"https:\/\/roadskymarking.com\/wp-content\/uploads\/2023\/09\/Pavement-Marking-Retroreflectometer.jpg\" alt=\"Retro-riflettometro per la segnaletica orizzontale RL\" style=\"object-fit:cover;width:300px;height:300px\"\/><\/a><figcaption class=\"wp-element-caption\"><a href=\"https:\/\/roadskymarking.com\/it\/pavement-marking-retroreflectometer.html\/\" target=\"_blank\" rel=\"noreferrer noopener\">Retro-riflettometro per la segnaletica orizzontale RL<\/a><\/figcaption><\/figure><\/div><\/div>\n\n\n\n<div class=\"wp-block-column is-layout-flow wp-block-column-is-layout-flow\">\n<p>Il retroriflettometro per segnaletica orizzontale (retroriflettometro per segnaletica orizzontale) di tipo ROADSKY \u00e8 uno strumento portatile di misurazione in loco, utilizzato per misurare la caratteristica di retroriflessione della segnaletica orizzontale. Lo strumento di tipo ROADSKY simula la luminosit\u00e0 della segnaletica orizzontale che pu\u00f2 essere vista dal conducente sotto l'illuminazione dei veicoli a motore durante la notte; il parametro misurato \u00e8 il coefficiente di luminosit\u00e0 della retroriflessione notturna, ovvero il valore RL.<\/p>\n<\/div>\n<\/div>\n\n\n\n<div class=\"wp-block-columns is-layout-flex wp-container-core-columns-is-layout-9d6595d7 wp-block-columns-is-layout-flex\">\n<div class=\"wp-block-column is-layout-flow wp-block-column-is-layout-flow\"><div class=\"wp-block-image\">\n<figure class=\"aligncenter size-large is-resized\"><a href=\"https:\/\/roadskymarking.com\/it\/pavement-marking-retroreflectometer-rlqd.html\/\" target=\"_blank\" rel=\" noreferrer noopener\"><img decoding=\"async\" src=\"https:\/\/roadskymarking.com\/wp-content\/uploads\/2024\/11\/Pavement-Marking-Retroreflectometer-RLQD.jpg\" alt=\"Segnaletica stradale Retroflettometro RL&amp;QD\" style=\"object-fit:cover;width:300px;height:300px\"\/><\/a><figcaption class=\"wp-element-caption\"><a href=\"https:\/\/roadskymarking.com\/it\/pavement-marking-retroreflectometer-rlqd.html\/\" target=\"_blank\" rel=\"noreferrer noopener\">Marcatura della pavimentazione Retroflettometro RL&amp;QD<\/a><\/figcaption><\/figure><\/div><\/div>\n\n\n\n<div class=\"wp-block-column is-layout-flow wp-block-column-is-layout-flow\">\n<p>Il retroriflettometro per segnaletica orizzontale RL&amp;QD \u00e8 uno strumento portatile per la misurazione della luminosit\u00e0 retroriflettente diurna e notturna. Viene utilizzato per misurare le caratteristiche di retroriflettenza della segnaletica stradale. Simula la luminosit\u00e0 della segnaletica stradale che i conducenti possono vedere in condizioni di illuminazione diurna e notturna dei veicoli a motore. Il parametro misurato \u00e8 il coefficiente di luminosit\u00e0 retroriflettente diurno e notturno, cio\u00e8 il valore RL&amp;QD.<\/p>\n<\/div>\n<\/div>\n\n\n\n<div class=\"wp-block-columns is-layout-flex wp-container-core-columns-is-layout-9d6595d7 wp-block-columns-is-layout-flex\">\n<div class=\"wp-block-column is-layout-flow wp-block-column-is-layout-flow\"><div class=\"wp-block-image\">\n<figure class=\"aligncenter size-large is-resized\"><a href=\"https:\/\/roadskymarking.com\/it\/rainy-night-retroreflectometer-for-road-markings.html\/\" target=\"_blank\" rel=\" noreferrer noopener\"><img decoding=\"async\" src=\"https:\/\/roadskymarking.com\/wp-content\/uploads\/2025\/07\/Rainy-Night-Retroreflectometer-for-Road-Markings-2.jpg\" alt=\"Retroflettometro per segnaletica stradale nella notte di pioggia\" style=\"object-fit:cover;width:300px;height:300px\"\/><\/a><figcaption class=\"wp-element-caption\"><a href=\"https:\/\/roadskymarking.com\/it\/rainy-night-retroreflectometer-for-road-markings.html\/\" target=\"_blank\" rel=\"noreferrer noopener\">Retroflettometro per segnaletica stradale nella notte di pioggia<\/a><\/figcaption><\/figure><\/div><\/div>\n\n\n\n<div class=\"wp-block-column is-layout-flow wp-block-column-is-layout-flow\">\n<p>Il retroriflettometro da pioggia per la segnaletica orizzontale \u00e8 uno strumento di misurazione portatile in loco con un percorso di luce aperto, utilizzato per misurare il coefficiente di luminosit\u00e0 di retroriflessione della linea di demarcazione. Unit\u00e0: mcd-m-2-lx-1.<\/p>\n\n\n\n<p>Questo strumento pu\u00f2 misurare la linea di demarcazione e il coefficiente di luminosit\u00e0 di retroriflessione della linea di demarcazione oscillante in tre condizioni: asciutto R_L, bagnato R_(L_wet) e pioggia continua R_(L_rain).<\/p>\n<\/div>\n<\/div>\n\n\n\n<div class=\"wp-block-columns is-layout-flex wp-container-core-columns-is-layout-9d6595d7 wp-block-columns-is-layout-flex\">\n<div class=\"wp-block-column is-layout-flow wp-block-column-is-layout-flow\"><div class=\"wp-block-image\">\n<figure class=\"aligncenter size-large is-resized\"><a href=\"https:\/\/roadskymarking.com\/it\/retroreflectometer-for-road-markings-rlqd-short-type.html\/\" target=\"_blank\" rel=\" noreferrer noopener\"><img decoding=\"async\" src=\"https:\/\/roadskymarking.com\/wp-content\/uploads\/2025\/07\/Retroreflectometer-for-Road-Markings-RLQD-Short-Type.jpg\" alt=\"Retroflettometro per segnaletica stradale RL&amp;QD (tipo corto)\" style=\"object-fit:cover;width:300px;height:300px\"\/><\/a><figcaption class=\"wp-element-caption\"><a href=\"https:\/\/roadskymarking.com\/it\/retroreflectometer-for-road-markings-rlqd-short-type.html\/\" target=\"_blank\" rel=\"noreferrer noopener\">Retroflettometro per segnaletica stradale RL&amp;QD (tipo corto)<\/a><\/figcaption><\/figure><\/div><\/div>\n\n\n\n<div class=\"wp-block-column is-layout-flow wp-block-column-is-layout-flow\">\n<p>Questo strumento di misurazione della retroriflettanza \u00e8 uno strumento portatile di misurazione sul campo, in grado di simulare la luminosit\u00e0 della segnaletica stradale visibile al conducente sotto l'illuminazione dei fari dei veicoli a motore durante la notte. Il parametro misurato \u00e8 il coefficiente di retroriflettanza luminosa notturna, ovvero il valore RL, espresso in mcd-m-2-lx-1.<\/p>\n<\/div>\n<\/div>\n\n\n\n<div class=\"wp-block-columns is-layout-flex wp-container-core-columns-is-layout-9d6595d7 wp-block-columns-is-layout-flex\">\n<div class=\"wp-block-column is-layout-flow wp-block-column-is-layout-flow\"><div class=\"wp-block-image\">\n<figure class=\"aligncenter size-large is-resized\"><a href=\"https:\/\/roadskymarking.com\/it\/road-sign-retro-reflection-meter.html\/\" target=\"_blank\" rel=\" noreferrer noopener\"><img decoding=\"async\" src=\"https:\/\/roadskymarking.com\/wp-content\/uploads\/2024\/06\/Road-Sign-Retro-Reflection-Meter.jpg\" alt=\"Misuratore di retroriflessione per cartelli stradali\" style=\"object-fit:cover;width:300px;height:300px\"\/><\/a><figcaption class=\"wp-element-caption\"><a href=\"https:\/\/roadskymarking.com\/it\/road-sign-retro-reflection-meter.html\/\" target=\"_blank\" rel=\"noreferrer noopener\">Misuratore di retroriflessione per cartelli stradali<\/a><\/figcaption><\/figure><\/div><\/div>\n\n\n\n<div class=\"wp-block-column is-layout-flow wp-block-column-is-layout-flow\">\n<p>Il catarifrangente per cartelli stradali (retroriflettometro per cartelli stradali) \u00e8 uno strumento specializzato progettato per misurare la riflettivit\u00e0 dei cartelli stradali. Questo strumento \u00e8 fondamentale per garantire che la segnaletica stradale soddisfi gli standard normativi di visibilit\u00e0, in particolare di notte o in condizioni di scarsa illuminazione.<\/p>\n<\/div>\n<\/div>\n\n\n\n<div class=\"wp-block-columns is-layout-flex wp-container-core-columns-is-layout-9d6595d7 wp-block-columns-is-layout-flex\">\n<div class=\"wp-block-column is-layout-flow wp-block-column-is-layout-flow\"><div class=\"wp-block-image\">\n<figure class=\"aligncenter size-large is-resized\"><a href=\"https:\/\/roadskymarking.com\/it\/multi-angle-retroreflective-coefficient-tester.html\/\" target=\"_blank\" rel=\" noreferrer noopener\"><img decoding=\"async\" src=\"https:\/\/roadskymarking.com\/wp-content\/uploads\/2025\/07\/Multi-angle-Retroreflective-Coefficient-Tester.jpg\" alt=\"Tester del coefficiente di retroriflettenza multi-angolare\" style=\"object-fit:cover;width:300px;height:300px\"\/><\/a><figcaption class=\"wp-element-caption\"><a href=\"https:\/\/roadskymarking.com\/it\/multi-angle-retroreflective-coefficient-tester.html\/\" target=\"_blank\" rel=\"noreferrer noopener\">Tester del coefficiente di retroriflettenza multi-angolare<\/a><\/figcaption><\/figure><\/div><\/div>\n\n\n\n<div class=\"wp-block-column is-layout-flow wp-block-column-is-layout-flow\">\n<p>Il tester multiangolare del coefficiente di retroriflettenza \u00e8 un'apparecchiatura di prova portatile utilizzata professionalmente per misurare le caratteristiche ottiche retroriflettenti di vari materiali riflettenti di sicurezza. \u00c8 ampiamente utilizzato in vari prodotti riflettenti per il traffico stradale, nei prodotti riflettenti per la sicurezza dei veicoli e nella segnaletica di sicurezza, nell'ispezione in loco e nell'ispezione del tessuto riflettente, ecc.<\/p>\n<\/div>\n<\/div>\n\n\n\n<h2 class=\"wp-block-heading\">Ottenete un retroriflettometro di alta qualit\u00e0 da Roadsky<\/h2>\n\n\n\n<p>Cercate un retroriflettometro di alta qualit\u00e0 a un prezzo competitivo? RoadSky offre una gamma completa di retroriflettometri per segnaletica stradale e cartelli stradali conformi agli standard ASTM ed EN.<\/p>\n\n\n\n<ul class=\"wp-block-list\">\n<li>Prestazioni affidabili, risultati accurati<\/li>\n\n\n\n<li>Portatile e facile da usare<\/li>\n\n\n\n<li>Spedizione globale e assistenza professionale<\/li>\n<\/ul>\n\n\n\n<h2 class=\"wp-block-heading\">Contattateci per un preventivo gratuito<\/h2>\n\n\n\n<p><em>Compilate il modulo sottostante e i nostri rappresentanti commerciali vi contatteranno a breve.<\/em><\/p>\n\n\n\n<div class=\"wp-block-contact-form-7-contact-form-selector\">\n<div class=\"wpcf7 no-js\" id=\"wpcf7-f1316-o1\" lang=\"en-US\" dir=\"ltr\" data-wpcf7-id=\"1316\">\n<div class=\"screen-reader-response\"><p role=\"status\" aria-live=\"polite\" aria-atomic=\"true\"><\/p> <ul><\/ul><\/div>\n<form action=\"\/it\/wp-json\/wp\/v2\/pages\/4281#wpcf7-f1316-o1\" method=\"post\" class=\"wpcf7-form init\" aria-label=\"Modulo di contatto\" novalidate=\"novalidate\" data-status=\"init\" data-trp-original-action=\"\/it\/wp-json\/wp\/v2\/pages\/4281#wpcf7-f1316-o1\">\n<fieldset class=\"hidden-fields-container\"><input type=\"hidden\" name=\"_wpcf7\" value=\"1316\" \/><input type=\"hidden\" name=\"_wpcf7_version\" value=\"6.1.5\" \/><input type=\"hidden\" name=\"_wpcf7_locale\" value=\"en_US\" \/><input type=\"hidden\" name=\"_wpcf7_unit_tag\" value=\"wpcf7-f1316-o1\" \/><input type=\"hidden\" name=\"_wpcf7_container_post\" value=\"0\" \/><input type=\"hidden\" name=\"_wpcf7_posted_data_hash\" value=\"\" \/>\n<\/fieldset>\n<div class=\"wpcf7-turnstile cf-turnstile\" data-sitekey=\"0x4AAAAAACH9ueYy7fDdFIjX\" data-response-field-name=\"_wpcf7_turnstile_response\"><\/div>\n\n<p><label><em>*<\/em>Oggetto:<\/label><span class=\"wpcf7-form-control-wrap\" data-name=\"your-subject\"><input size=\"40\" maxlength=\"400\" class=\"wpcf7-form-control wpcf7-text wpcf7-validates-as-required\" id=\"your-subject\" aria-required=\"true\" aria-invalid=\"false\" value=\"Product Inquiry\" type=\"text\" name=\"your-subject\" \/><\/span>\n<\/p>\n<p><label><em>*<\/em>Nome:<\/label><span class=\"wpcf7-form-control-wrap\" data-name=\"your-name\"><input size=\"40\" maxlength=\"400\" class=\"wpcf7-form-control wpcf7-text wpcf7-validates-as-required\" id=\"your-name\" aria-required=\"true\" aria-invalid=\"false\" placeholder=\"Compilare il nome comunemente usato\" value=\"\" type=\"text\" name=\"your-name\" \/><\/span>\n<\/p>\n<p><label><em>*<\/em>E-mail:<\/label><span class=\"wpcf7-form-control-wrap\" data-name=\"your-email\"><input size=\"40\" maxlength=\"400\" class=\"wpcf7-form-control wpcf7-email wpcf7-validates-as-required wpcf7-text wpcf7-validates-as-email\" id=\"your-email\" aria-required=\"true\" aria-invalid=\"false\" placeholder=\"Compilare l&#039;e-mail comunemente utilizzata\" value=\"\" type=\"email\" name=\"your-email\" \/><\/span>\n<\/p>\n<p><label>Telefono:<\/label><span class=\"wpcf7-form-control-wrap\" data-name=\"your-phone\"><input size=\"40\" maxlength=\"400\" class=\"wpcf7-form-control wpcf7-text\" id=\"your-phone\" aria-invalid=\"false\" placeholder=\"Inserire il numero di telefono di contatto o il cellulare\" value=\"\" type=\"text\" name=\"your-phone\" \/><\/span>\n<\/p>\n<p><label>Paese:<\/label><span class=\"wpcf7-form-control-wrap\" data-name=\"your-country\"><input size=\"40\" maxlength=\"400\" class=\"wpcf7-form-control wpcf7-text\" id=\"your-country\" aria-invalid=\"false\" placeholder=\"Inserite il vostro paese\" value=\"\" type=\"text\" name=\"your-country\" \/><\/span>\n<\/p>\n<p><label>Azienda:<\/label><span class=\"wpcf7-form-control-wrap\" data-name=\"your-company\"><input size=\"40\" maxlength=\"400\" class=\"wpcf7-form-control wpcf7-text\" id=\"your-company\" aria-invalid=\"false\" placeholder=\"Inserire il nome della societ\u00e0\" value=\"\" type=\"text\" name=\"your-company\" \/><\/span>\n<\/p>\n<p><label><em>*<\/em>Contenuto:<\/label><span class=\"wpcf7-form-control-wrap\" data-name=\"your-message\"><textarea cols=\"40\" rows=\"10\" maxlength=\"2000\" class=\"wpcf7-form-control wpcf7-textarea wpcf7-validates-as-required\" aria-required=\"true\" aria-invalid=\"false\" placeholder=\"Inserite i dettagli che desiderate conoscere, come il nome del prodotto, le specifiche, il prezzo, il MOQ, ecc.\" name=\"your-message\"><\/textarea><\/span>\n<\/p>\n<p class=\"btn-submit\"><label> <\/label><input class=\"wpcf7-form-control wpcf7-submit has-spinner\" type=\"submit\" value=\"INVIA\" \/>\n<\/p><div class=\"wpcf7-response-output\" aria-hidden=\"true\"><\/div>\n<input type=\"hidden\" name=\"trp-form-language\" value=\"it\"\/><\/form>\n<\/div>\n<\/div>","protected":false},"excerpt":{"rendered":"<p>A retroreflectometer is an essential instrument for measuring the retroreflectivity of road markings and road signs. By quantifying how much light is reflected back toward drivers at night, this device ensures that traffic control materials meet safety standards and remain highly visible under low-light and wet conditions. Our retroreflectometers are designed for accurate, reliable, and user-friendly testing in both field and laboratory environments. They help transportation agencies, contractors, and safety inspectors evaluate compliance with international standards such as ASTM, EN, and ISO. Related Products ROADSKY type pavement marking retroreflectometer (retroreflectometer for road markings) is a portable on-site measuring instrument, used for measuring the retroreflection characteristic of road marking. ROADSKY type instrument is to simulate the brightness of road marking that can be seen by the driver under the illumination of motor vehicles at night, and the measured parameter is the coefficient of retrorefection brightness at night, namely, RL value. Pavement Marking Retroreflectometer RL&amp;QD is a portable field measuring instrument for &#8230;<\/p>","protected":false},"author":1,"featured_media":0,"parent":0,"menu_order":0,"comment_status":"closed","ping_status":"closed","template":"","meta":{"footnotes":""},"class_list":["post-4281","page","type-page","status-publish","hentry"],"yoast_head":"<!-- This site is optimized with the Yoast SEO plugin v27.3 - https:\/\/yoast.com\/product\/yoast-seo-wordpress\/ -->\n<title>Retroreflectometer | Measure Road Marking &amp; Traffic Signs<\/title>\n<meta name=\"description\" content=\"ROADSKY retroreflectometer for road markings and traffic signs. Portable, accurate testing to ensure visibility and improve road safety.\" \/>\n<meta name=\"robots\" content=\"index, follow, max-snippet:-1, max-image-preview:large, max-video-preview:-1\" \/>\n<link rel=\"canonical\" href=\"https:\/\/roadskymarking.com\/it\/retroreflectometer\/\" \/>\n<meta property=\"og:locale\" content=\"it_IT\" \/>\n<meta property=\"og:type\" content=\"article\" \/>\n<meta property=\"og:title\" content=\"Retroreflectometer | Measure Road Marking &amp; Traffic Signs\" \/>\n<meta property=\"og:description\" content=\"ROADSKY retroreflectometer for road markings and traffic signs. Portable, accurate testing to ensure visibility and improve road safety.\" \/>\n<meta property=\"og:url\" content=\"https:\/\/roadskymarking.com\/it\/retroreflectometer\/\" \/>\n<meta property=\"og:site_name\" content=\"Nanjing Roadsky Traffic Facility Co.,Ltd. (Roadsky Corporation)\" \/>\n<meta property=\"article:modified_time\" content=\"2025-10-14T06:21:22+00:00\" \/>\n<meta property=\"og:image\" content=\"https:\/\/roadskymarking.com\/wp-content\/uploads\/2023\/09\/Pavement-Marking-Retroreflectometer.jpg\" \/>\n<meta name=\"twitter:card\" content=\"summary_large_image\" \/>\n<meta name=\"twitter:label1\" content=\"Tempo di lettura stimato\" \/>\n\t<meta name=\"twitter:data1\" content=\"4 minuti\" \/>\n<script type=\"application\/ld+json\" class=\"yoast-schema-graph\">{\"@context\":\"https:\\\/\\\/schema.org\",\"@graph\":[{\"@type\":\"WebPage\",\"@id\":\"https:\\\/\\\/roadskymarking.com\\\/retroreflectometer\",\"url\":\"https:\\\/\\\/roadskymarking.com\\\/retroreflectometer\",\"name\":\"Retroreflectometer | Measure Road Marking & Traffic Signs\",\"isPartOf\":{\"@id\":\"https:\\\/\\\/roadskymarking.com\\\/#website\"},\"primaryImageOfPage\":{\"@id\":\"https:\\\/\\\/roadskymarking.com\\\/retroreflectometer#primaryimage\"},\"image\":{\"@id\":\"https:\\\/\\\/roadskymarking.com\\\/retroreflectometer#primaryimage\"},\"thumbnailUrl\":\"https:\\\/\\\/roadskymarking.com\\\/wp-content\\\/uploads\\\/2023\\\/09\\\/Pavement-Marking-Retroreflectometer.jpg\",\"datePublished\":\"2025-09-03T06:15:58+00:00\",\"dateModified\":\"2025-10-14T06:21:22+00:00\",\"description\":\"ROADSKY retroreflectometer for road markings and traffic signs. Portable, accurate testing to ensure visibility and improve road safety.\",\"breadcrumb\":{\"@id\":\"https:\\\/\\\/roadskymarking.com\\\/retroreflectometer#breadcrumb\"},\"inLanguage\":\"it-IT\",\"potentialAction\":[{\"@type\":\"ReadAction\",\"target\":[\"https:\\\/\\\/roadskymarking.com\\\/retroreflectometer\"]}]},{\"@type\":\"ImageObject\",\"inLanguage\":\"it-IT\",\"@id\":\"https:\\\/\\\/roadskymarking.com\\\/retroreflectometer#primaryimage\",\"url\":\"https:\\\/\\\/roadskymarking.com\\\/wp-content\\\/uploads\\\/2023\\\/09\\\/Pavement-Marking-Retroreflectometer.jpg\",\"contentUrl\":\"https:\\\/\\\/roadskymarking.com\\\/wp-content\\\/uploads\\\/2023\\\/09\\\/Pavement-Marking-Retroreflectometer.jpg\"},{\"@type\":\"BreadcrumbList\",\"@id\":\"https:\\\/\\\/roadskymarking.com\\\/retroreflectometer#breadcrumb\",\"itemListElement\":[{\"@type\":\"ListItem\",\"position\":1,\"name\":\"Home\",\"item\":\"https:\\\/\\\/roadskymarking.com\\\/\"},{\"@type\":\"ListItem\",\"position\":2,\"name\":\"Retroreflectometer\"}]},{\"@type\":\"WebSite\",\"@id\":\"https:\\\/\\\/roadskymarking.com\\\/#website\",\"url\":\"https:\\\/\\\/roadskymarking.com\\\/\",\"name\":\"Nanjing Roadsky Traffic Facility Co.,Ltd. (Roadsky Corporation)\",\"description\":\"Pavement Marking Equipment Supplier - RoadSky\",\"publisher\":{\"@id\":\"https:\\\/\\\/roadskymarking.com\\\/#organization\"},\"potentialAction\":[{\"@type\":\"SearchAction\",\"target\":{\"@type\":\"EntryPoint\",\"urlTemplate\":\"https:\\\/\\\/roadskymarking.com\\\/?s={search_term_string}\"},\"query-input\":{\"@type\":\"PropertyValueSpecification\",\"valueRequired\":true,\"valueName\":\"search_term_string\"}}],\"inLanguage\":\"it-IT\"},{\"@type\":\"Organization\",\"@id\":\"https:\\\/\\\/roadskymarking.com\\\/#organization\",\"name\":\"Nanjing Roadsky Traffic Facility Co.,Ltd. (Roadsky Corporation)\",\"url\":\"https:\\\/\\\/roadskymarking.com\\\/\",\"logo\":{\"@type\":\"ImageObject\",\"inLanguage\":\"it-IT\",\"@id\":\"https:\\\/\\\/roadskymarking.com\\\/#\\\/schema\\\/logo\\\/image\\\/\",\"url\":\"https:\\\/\\\/roadskymarking.com\\\/wp-content\\\/uploads\\\/2023\\\/03\\\/LOGO.png\",\"contentUrl\":\"https:\\\/\\\/roadskymarking.com\\\/wp-content\\\/uploads\\\/2023\\\/03\\\/LOGO.png\",\"width\":500,\"height\":400,\"caption\":\"Nanjing Roadsky Traffic Facility Co.,Ltd. (Roadsky Corporation)\"},\"image\":{\"@id\":\"https:\\\/\\\/roadskymarking.com\\\/#\\\/schema\\\/logo\\\/image\\\/\"}}]}<\/script>\n<!-- \/ Yoast SEO plugin. -->","yoast_head_json":{"title":"Retroflettometro per la misurazione della segnaletica orizzontale e stradale","description":"ROADSKY \u00e8 un retroriflettometro per la segnaletica stradale. Test portatili e accurati per garantire la visibilit\u00e0 e migliorare la sicurezza stradale.","robots":{"index":"index","follow":"follow","max-snippet":"max-snippet:-1","max-image-preview":"max-image-preview:large","max-video-preview":"max-video-preview:-1"},"canonical":"https:\/\/roadskymarking.com\/it\/retroreflectometer\/","og_locale":"it_IT","og_type":"article","og_title":"Retroreflectometer | Measure Road Marking & Traffic Signs","og_description":"ROADSKY retroreflectometer for road markings and traffic signs. Portable, accurate testing to ensure visibility and improve road safety.","og_url":"https:\/\/roadskymarking.com\/it\/retroreflectometer\/","og_site_name":"Nanjing Roadsky Traffic Facility Co.,Ltd. (Roadsky Corporation)","article_modified_time":"2025-10-14T06:21:22+00:00","og_image":[{"url":"https:\/\/roadskymarking.com\/wp-content\/uploads\/2023\/09\/Pavement-Marking-Retroreflectometer.jpg","type":"","width":"","height":""}],"twitter_card":"summary_large_image","twitter_misc":{"Tempo di lettura stimato":"4 minuti"},"schema":{"@context":"https:\/\/schema.org","@graph":[{"@type":"WebPage","@id":"https:\/\/roadskymarking.com\/retroreflectometer","url":"https:\/\/roadskymarking.com\/retroreflectometer","name":"Retroflettometro per la misurazione della segnaletica orizzontale e stradale","isPartOf":{"@id":"https:\/\/roadskymarking.com\/#website"},"primaryImageOfPage":{"@id":"https:\/\/roadskymarking.com\/retroreflectometer#primaryimage"},"image":{"@id":"https:\/\/roadskymarking.com\/retroreflectometer#primaryimage"},"thumbnailUrl":"https:\/\/roadskymarking.com\/wp-content\/uploads\/2023\/09\/Pavement-Marking-Retroreflectometer.jpg","datePublished":"2025-09-03T06:15:58+00:00","dateModified":"2025-10-14T06:21:22+00:00","description":"ROADSKY \u00e8 un retroriflettometro per la segnaletica stradale. Test portatili e accurati per garantire la visibilit\u00e0 e migliorare la sicurezza stradale.","breadcrumb":{"@id":"https:\/\/roadskymarking.com\/retroreflectometer#breadcrumb"},"inLanguage":"it-IT","potentialAction":[{"@type":"ReadAction","target":["https:\/\/roadskymarking.com\/retroreflectometer"]}]},{"@type":"ImageObject","inLanguage":"it-IT","@id":"https:\/\/roadskymarking.com\/retroreflectometer#primaryimage","url":"https:\/\/roadskymarking.com\/wp-content\/uploads\/2023\/09\/Pavement-Marking-Retroreflectometer.jpg","contentUrl":"https:\/\/roadskymarking.com\/wp-content\/uploads\/2023\/09\/Pavement-Marking-Retroreflectometer.jpg"},{"@type":"BreadcrumbList","@id":"https:\/\/roadskymarking.com\/retroreflectometer#breadcrumb","itemListElement":[{"@type":"ListItem","position":1,"name":"Home","item":"https:\/\/roadskymarking.com\/"},{"@type":"ListItem","position":2,"name":"Retroreflectometer"}]},{"@type":"WebSite","@id":"https:\/\/roadskymarking.com\/#website","url":"https:\/\/roadskymarking.com\/","name":"Nanjing Roadsky Traffic Facility Co.,Ltd. (Roadsky Corporation)","description":"Fornitore di attrezzature per la marcatura dei marciapiedi - RoadSky","publisher":{"@id":"https:\/\/roadskymarking.com\/#organization"},"potentialAction":[{"@type":"SearchAction","target":{"@type":"EntryPoint","urlTemplate":"https:\/\/roadskymarking.com\/?s={search_term_string}"},"query-input":{"@type":"PropertyValueSpecification","valueRequired":true,"valueName":"search_term_string"}}],"inLanguage":"it-IT"},{"@type":"Organization","@id":"https:\/\/roadskymarking.com\/#organization","name":"Nanjing Roadsky Traffic Facility Co.,Ltd. (Roadsky Corporation)","url":"https:\/\/roadskymarking.com\/","logo":{"@type":"ImageObject","inLanguage":"it-IT","@id":"https:\/\/roadskymarking.com\/#\/schema\/logo\/image\/","url":"https:\/\/roadskymarking.com\/wp-content\/uploads\/2023\/03\/LOGO.png","contentUrl":"https:\/\/roadskymarking.com\/wp-content\/uploads\/2023\/03\/LOGO.png","width":500,"height":400,"caption":"Nanjing Roadsky Traffic Facility Co.,Ltd. (Roadsky Corporation)"},"image":{"@id":"https:\/\/roadskymarking.com\/#\/schema\/logo\/image\/"}}]}},"_links":{"self":[{"href":"https:\/\/roadskymarking.com\/it\/wp-json\/wp\/v2\/pages\/4281","targetHints":{"allow":["GET"]}}],"collection":[{"href":"https:\/\/roadskymarking.com\/it\/wp-json\/wp\/v2\/pages"}],"about":[{"href":"https:\/\/roadskymarking.com\/it\/wp-json\/wp\/v2\/types\/page"}],"author":[{"embeddable":true,"href":"https:\/\/roadskymarking.com\/it\/wp-json\/wp\/v2\/users\/1"}],"replies":[{"embeddable":true,"href":"https:\/\/roadskymarking.com\/it\/wp-json\/wp\/v2\/comments?post=4281"}],"version-history":[{"count":6,"href":"https:\/\/roadskymarking.com\/it\/wp-json\/wp\/v2\/pages\/4281\/revisions"}],"predecessor-version":[{"id":4325,"href":"https:\/\/roadskymarking.com\/it\/wp-json\/wp\/v2\/pages\/4281\/revisions\/4325"}],"wp:attachment":[{"href":"https:\/\/roadskymarking.com\/it\/wp-json\/wp\/v2\/media?parent=4281"}],"curies":[{"name":"wp","href":"https:\/\/api.w.org\/{rel}","templated":true}]}}