{"id":11,"date":"2017-04-06T04:30:54","date_gmt":"2017-04-06T04:30:54","guid":{"rendered":"https:\/\/roadskymarking.com\/?page_id=11"},"modified":"2024-07-31T01:36:46","modified_gmt":"2024-07-31T01:36:46","slug":"about","status":"publish","type":"page","link":"https:\/\/roadskymarking.com\/pt\/about","title":{"rendered":"Sobre n\u00f3s"},"content":{"rendered":"<p><strong>Nanjing Roadsky Traffic Facility Co.,Ltd. (Roadsky Corporation)<\/strong> \u00e9 um fornecedor l\u00edder de solu\u00e7\u00f5es de marca\u00e7\u00e3o rodovi\u00e1ria em <span style=\"color: #ff0000;\"><strong>China<\/strong><\/span>A empresa de marca\u00e7\u00e3o de estrada, que pode fabricar uma gama completa de produtos de marca\u00e7\u00e3o de estrada e fornecer suporte t\u00e9cnico completo para o projeto de marca\u00e7\u00e3o de estrada.<\/p>\n\n\n\n<p>Como um fabricante l\u00edder de produtos de marca\u00e7\u00e3o de estrada na China, Roadsky \u00e9 especializada na investiga\u00e7\u00e3o, produ\u00e7\u00e3o e venda de equipamentos e materiais de marca\u00e7\u00e3o de estrada. Roadsky tem exportado equipamentos e materiais de marca\u00e7\u00e3o de estradas para mais de 100 pa\u00edses em \u00c1frica, Am\u00e9rica do Norte, Am\u00e9rica Central e do Sul, M\u00e9dio Oriente, Sudeste Asi\u00e1tico, \u00c1sia Central, Europa e Oceania, etc.<\/p>\n\n\n\n<h2 class=\"wp-block-heading\" id=\"h-the-main-products-are\">Os principais produtos s\u00e3o:<\/h2>\n\n\n\n<p>1. Equipamento de marca\u00e7\u00e3o de estradas: <a href=\"https:\/\/roadskymarking.com\/pt\/thermoplastic-road-marking-machines\/\" target=\"_blank\" rel=\"noreferrer noopener\">m\u00e1quinas de marca\u00e7\u00e3o rodovi\u00e1ria em termopl\u00e1stico<\/a>, <a href=\"https:\/\/roadskymarking.com\/pt\/cold-paint-road-marking-machines\/\" target=\"_blank\" rel=\"noreferrer noopener\">m\u00e1quinas de marca\u00e7\u00e3o de estradas com pintura a frio<\/a>, <a href=\"https:\/\/roadskymarking.com\/pt\/two-component-road-marking-machine.html\/\">m\u00e1quinas de marca\u00e7\u00e3o de estradas de dois componentes<\/a>, <a href=\"https:\/\/roadskymarking.com\/pt\/road-marking-preheater\/\">pr\u00e9-aquecedor de tintas termopl\u00e1sticas<\/a>, <a href=\"https:\/\/roadskymarking.com\/pt\/road-marking-line-remover.html\/\">removedor de marcas rodovi\u00e1rias<\/a> e equipamentos auxiliares.<\/p>\n\n\n\n<p>2. Materiais de marca\u00e7\u00e3o rodovi\u00e1ria: branco e amarelo <a href=\"https:\/\/roadskymarking.com\/pt\/thermoplastic-road-marking-paint.html\/\">tinta termopl\u00e1stica para marca\u00e7\u00e3o de estradas<\/a>, <a href=\"https:\/\/roadskymarking.com\/pt\/cold-plastic-marking-paint.html\/\">tinta de marca\u00e7\u00e3o rodovi\u00e1ria com solvente a frio<\/a>, <a href=\"https:\/\/roadskymarking.com\/pt\/two-component-road-marking-paint.html\/\">tinta de marca\u00e7\u00e3o rodovi\u00e1ria de dois componentes<\/a>, misturar e largar <a href=\"https:\/\/roadskymarking.com\/pt\/glass-beads.html\/\">contas de vidro<\/a>, <a href=\"https:\/\/roadskymarking.com\/pt\/petroleum-resin.html\/\">resina de petr\u00f3leo<\/a> e <a href=\"https:\/\/roadskymarking.com\/pt\/road-marking-tapes.html\/\">fitas de marca\u00e7\u00e3o rodovi\u00e1ria<\/a> etc.<\/p>\n\n\n\n<p>3. Acess\u00f3rios: Pe\u00e7as de desgaste das m\u00e1quinas, tais como distribuidor de p\u00e9rolas de vidro, sapatas de marca\u00e7\u00e3o, l\u00e2minas laterais, l\u00e2minas traseiras, pistolas de pulveriza\u00e7\u00e3o e escovas de a\u00e7o, etc.<\/p>\n\n\n<div class=\"wp-block-image\">\n<figure class=\"aligncenter size-full\"><img loading=\"lazy\" decoding=\"async\" width=\"600\" height=\"425\" src=\"https:\/\/roadskymarking.com\/wp-content\/uploads\/2024\/04\/RoadSky.jpg\" alt=\"RoadSky\" class=\"wp-image-3557\" srcset=\"https:\/\/roadskymarking.com\/wp-content\/uploads\/2024\/04\/RoadSky.jpg 600w, https:\/\/roadskymarking.com\/wp-content\/uploads\/2024\/04\/RoadSky-400x283.jpg 400w\" sizes=\"auto, (max-width: 600px) 100vw, 600px\" \/><\/figure><\/div>\n\n\n<p>Roadsky \u00e9 capaz de fornecer suporte t\u00e9cnico de projectos de marca\u00e7\u00e3o de estradas, incluindo opera\u00e7\u00e3o e manuten\u00e7\u00e3o de equipamentos, instru\u00e7\u00e3o de projeto de marca\u00e7\u00e3o de estradas e forma\u00e7\u00e3o de trabalhadores, etc. A Roadsky pode enviar trabalhadores experientes para ajudar nos trabalhos de todo o projeto de marca\u00e7\u00e3o de estradas.<\/p>\n\n\n\n<figure class=\"wp-block-gallery aligncenter has-nested-images columns-default wp-block-gallery-1 is-layout-flex wp-block-gallery-is-layout-flex\">\n<figure class=\"wp-block-image size-full\"><img loading=\"lazy\" decoding=\"async\" width=\"300\" height=\"200\" data-id=\"3559\" src=\"https:\/\/roadskymarking.com\/wp-content\/uploads\/2024\/04\/About-US.jpg\" alt=\"Sobre n\u00f3s\" class=\"wp-image-3559\"\/><\/figure>\n\n\n\n<figure class=\"wp-block-image size-full\"><img loading=\"lazy\" decoding=\"async\" width=\"300\" height=\"199\" data-id=\"3560\" src=\"https:\/\/roadskymarking.com\/wp-content\/uploads\/2024\/04\/About-US2.jpg\" alt=\"Sobre n\u00f3s\" class=\"wp-image-3560\"\/><\/figure>\n<\/figure>\n\n\n\n<p>Como fornecedor de solu\u00e7\u00f5es de marca\u00e7\u00e3o de estrada, Roadsky \u00e9 capaz de fornecer n\u00e3o s\u00f3 todas as mat\u00e9rias-primas e equipamentos para a produ\u00e7\u00e3o de tinta termopl\u00e1stica, mas tamb\u00e9m o programa de forma\u00e7\u00e3o da linha de produ\u00e7\u00e3o de tinta termopl\u00e1stica para os clientes. Para al\u00e9m disso, tamb\u00e9m estamos empenhados na transfer\u00eancia de tecnologia, na qual a nossa empresa coloca especial \u00eanfase.<\/p>\n\n\n\n<h2 class=\"wp-block-heading\" id=\"h-let-s-boost-your-business-today\">Vamos impulsionar o seu neg\u00f3cio hoje<\/h2>\n\n\n\n<div class=\"wp-block-contact-form-7-contact-form-selector\">\n<div class=\"wpcf7 no-js\" id=\"wpcf7-f1316-o1\" lang=\"en-US\" dir=\"ltr\" data-wpcf7-id=\"1316\">\n<div class=\"screen-reader-response\"><p role=\"status\" aria-live=\"polite\" aria-atomic=\"true\"><\/p> <ul><\/ul><\/div>\n<form action=\"\/pt\/wp-json\/wp\/v2\/pages\/11#wpcf7-f1316-o1\" method=\"post\" class=\"wpcf7-form init\" aria-label=\"Formul\u00e1rio de contacto\" novalidate=\"novalidate\" data-status=\"init\" data-trp-original-action=\"\/pt\/wp-json\/wp\/v2\/pages\/11#wpcf7-f1316-o1\">\n<fieldset class=\"hidden-fields-container\"><input type=\"hidden\" name=\"_wpcf7\" value=\"1316\" \/><input type=\"hidden\" name=\"_wpcf7_version\" value=\"6.1.5\" \/><input type=\"hidden\" name=\"_wpcf7_locale\" value=\"en_US\" \/><input type=\"hidden\" name=\"_wpcf7_unit_tag\" value=\"wpcf7-f1316-o1\" \/><input type=\"hidden\" name=\"_wpcf7_container_post\" value=\"0\" \/><input type=\"hidden\" name=\"_wpcf7_posted_data_hash\" value=\"\" \/>\n<\/fieldset>\n<div class=\"wpcf7-turnstile cf-turnstile\" data-sitekey=\"0x4AAAAAACH9ueYy7fDdFIjX\" data-response-field-name=\"_wpcf7_turnstile_response\"><\/div>\n\n<p><label><em>*<\/em>Assunto:<\/label><span class=\"wpcf7-form-control-wrap\" data-name=\"your-subject\"><input size=\"40\" maxlength=\"400\" class=\"wpcf7-form-control wpcf7-text wpcf7-validates-as-required\" id=\"your-subject\" aria-required=\"true\" aria-invalid=\"false\" value=\"Product Inquiry\" type=\"text\" name=\"your-subject\" \/><\/span>\n<\/p>\n<p><label><em>*<\/em>Nome:<\/label><span class=\"wpcf7-form-control-wrap\" data-name=\"your-name\"><input size=\"40\" maxlength=\"400\" class=\"wpcf7-form-control wpcf7-text wpcf7-validates-as-required\" id=\"your-name\" aria-required=\"true\" aria-invalid=\"false\" placeholder=\"Preencher com o seu nome habitualmente utilizado\" value=\"\" type=\"text\" name=\"your-name\" \/><\/span>\n<\/p>\n<p><label><em>*<\/em>Correio eletr\u00f3nico:<\/label><span class=\"wpcf7-form-control-wrap\" data-name=\"your-email\"><input size=\"40\" maxlength=\"400\" class=\"wpcf7-form-control wpcf7-email wpcf7-validates-as-required wpcf7-text wpcf7-validates-as-email\" id=\"your-email\" aria-required=\"true\" aria-invalid=\"false\" placeholder=\"Preencher o endere\u00e7o eletr\u00f3nico habitualmente utilizado\" value=\"\" type=\"email\" name=\"your-email\" \/><\/span>\n<\/p>\n<p><label>Telefone:<\/label><span class=\"wpcf7-form-control-wrap\" data-name=\"your-phone\"><input size=\"40\" maxlength=\"400\" class=\"wpcf7-form-control wpcf7-text\" id=\"your-phone\" aria-invalid=\"false\" placeholder=\"Preencher com o n\u00famero de telefone de contacto ou telem\u00f3vel\" value=\"\" type=\"text\" name=\"your-phone\" \/><\/span>\n<\/p>\n<p><label>Pa\u00eds:<\/label><span class=\"wpcf7-form-control-wrap\" data-name=\"your-country\"><input size=\"40\" maxlength=\"400\" class=\"wpcf7-form-control wpcf7-text\" id=\"your-country\" aria-invalid=\"false\" placeholder=\"Preencha o seu pa\u00eds\" value=\"\" type=\"text\" name=\"your-country\" \/><\/span>\n<\/p>\n<p><label>Empresa:<\/label><span class=\"wpcf7-form-control-wrap\" data-name=\"your-company\"><input size=\"40\" maxlength=\"400\" class=\"wpcf7-form-control wpcf7-text\" id=\"your-company\" aria-invalid=\"false\" placeholder=\"Preencher com o nome da empresa\" value=\"\" type=\"text\" name=\"your-company\" \/><\/span>\n<\/p>\n<p><label><em>*<\/em>Conte\u00fado:<\/label><span class=\"wpcf7-form-control-wrap\" data-name=\"your-message\"><textarea cols=\"40\" rows=\"10\" maxlength=\"2000\" class=\"wpcf7-form-control wpcf7-textarea wpcf7-validates-as-required\" aria-required=\"true\" aria-invalid=\"false\" placeholder=\"Por favor, preencha os detalhes que deseja saber, como o nome do produto, especifica\u00e7\u00f5es, pre\u00e7o, MOQ, etc.\" name=\"your-message\"><\/textarea><\/span>\n<\/p>\n<p class=\"btn-submit\"><label> <\/label><input class=\"wpcf7-form-control wpcf7-submit has-spinner\" type=\"submit\" value=\"ENVIAR\" \/>\n<\/p><div class=\"wpcf7-response-output\" aria-hidden=\"true\"><\/div>\n<input type=\"hidden\" name=\"trp-form-language\" value=\"pt\"\/><\/form>\n<\/div>\n<\/div>","protected":false},"excerpt":{"rendered":"<p>Nanjing Roadsky Traffic Facility Co.,Ltd. (Roadsky Corporation) is a leading road marking solutions provider in China, which can manufacture full range of road marking products and provide full technical support for road marking project. As a leading road marking products manufacturer in China, Roadsky is specialized in the research, production and sales of road marking equipment and materials. Roadsky has exported road marking equipment and materials to more than 100 countries in Africa, North America, Central and South America, the Middle East, Southeast Asia, Central Asia, Europe and Oceania etc. The main products are: 1. Road marking equipment: thermoplastic road marking machines, cold paint road marking machines, two component road marking machines, thermoplastic paint pre-heater, road marking remover and auxiliary equipments. 2. Road marking materials: white and yellow thermoplastic road marking paint, cold solvent road marking paint, two-component road marking paint, intermix and drop on glass beads, petroleum resin and road marking tapes etc. 3. Accessories: Wearing parts of machines &#8230;<\/p>","protected":false},"author":1,"featured_media":0,"parent":0,"menu_order":0,"comment_status":"closed","ping_status":"closed","template":"","meta":{"footnotes":""},"class_list":["post-11","page","type-page","status-publish","hentry"],"yoast_head":"<!-- This site is optimized with the Yoast SEO plugin v27.3 - https:\/\/yoast.com\/product\/yoast-seo-wordpress\/ -->\n<title>About US - RoadskyMarking<\/title>\n<meta name=\"description\" content=\"A professional manufacturer engaged in producing road construction machinery and traffic safety products and also a road safety project contractor.\" \/>\n<meta name=\"robots\" content=\"index, follow, max-snippet:-1, max-image-preview:large, max-video-preview:-1\" \/>\n<link rel=\"canonical\" href=\"https:\/\/roadskymarking.com\/pt\/about\/\" \/>\n<meta property=\"og:locale\" content=\"pt_PT\" \/>\n<meta property=\"og:type\" content=\"article\" \/>\n<meta property=\"og:title\" content=\"About US - RoadskyMarking\" \/>\n<meta property=\"og:description\" content=\"A professional manufacturer engaged in producing road construction machinery and traffic safety products and also a road safety project contractor.\" \/>\n<meta property=\"og:url\" content=\"https:\/\/roadskymarking.com\/pt\/about\/\" \/>\n<meta property=\"og:site_name\" content=\"Nanjing Roadsky Traffic Facility Co.,Ltd. (Roadsky Corporation)\" \/>\n<meta property=\"article:modified_time\" content=\"2024-07-31T01:36:46+00:00\" \/>\n<meta property=\"og:image\" content=\"https:\/\/roadskymarking.com\/wp-content\/uploads\/2024\/04\/RoadSky.jpg\" \/>\n<meta name=\"twitter:card\" content=\"summary_large_image\" \/>\n<meta name=\"twitter:label1\" content=\"Tempo estimado de leitura\" \/>\n\t<meta name=\"twitter:data1\" content=\"2 minutos\" \/>\n<script type=\"application\/ld+json\" class=\"yoast-schema-graph\">{\"@context\":\"https:\\\/\\\/schema.org\",\"@graph\":[{\"@type\":\"WebPage\",\"@id\":\"https:\\\/\\\/roadskymarking.com\\\/about\",\"url\":\"https:\\\/\\\/roadskymarking.com\\\/about\",\"name\":\"About US - RoadskyMarking\",\"isPartOf\":{\"@id\":\"https:\\\/\\\/roadskymarking.com\\\/#website\"},\"primaryImageOfPage\":{\"@id\":\"https:\\\/\\\/roadskymarking.com\\\/about#primaryimage\"},\"image\":{\"@id\":\"https:\\\/\\\/roadskymarking.com\\\/about#primaryimage\"},\"thumbnailUrl\":\"https:\\\/\\\/roadskymarking.com\\\/wp-content\\\/uploads\\\/2024\\\/04\\\/RoadSky.jpg\",\"datePublished\":\"2017-04-06T04:30:54+00:00\",\"dateModified\":\"2024-07-31T01:36:46+00:00\",\"description\":\"A professional manufacturer engaged in producing road construction machinery and traffic safety products and also a road safety project contractor.\",\"breadcrumb\":{\"@id\":\"https:\\\/\\\/roadskymarking.com\\\/about#breadcrumb\"},\"inLanguage\":\"pt-PT\",\"potentialAction\":[{\"@type\":\"ReadAction\",\"target\":[\"https:\\\/\\\/roadskymarking.com\\\/about\"]}]},{\"@type\":\"ImageObject\",\"inLanguage\":\"pt-PT\",\"@id\":\"https:\\\/\\\/roadskymarking.com\\\/about#primaryimage\",\"url\":\"https:\\\/\\\/roadskymarking.com\\\/wp-content\\\/uploads\\\/2024\\\/04\\\/RoadSky.jpg\",\"contentUrl\":\"https:\\\/\\\/roadskymarking.com\\\/wp-content\\\/uploads\\\/2024\\\/04\\\/RoadSky.jpg\"},{\"@type\":\"BreadcrumbList\",\"@id\":\"https:\\\/\\\/roadskymarking.com\\\/about#breadcrumb\",\"itemListElement\":[{\"@type\":\"ListItem\",\"position\":1,\"name\":\"Home\",\"item\":\"https:\\\/\\\/roadskymarking.com\\\/\"},{\"@type\":\"ListItem\",\"position\":2,\"name\":\"About US\"}]},{\"@type\":\"WebSite\",\"@id\":\"https:\\\/\\\/roadskymarking.com\\\/#website\",\"url\":\"https:\\\/\\\/roadskymarking.com\\\/\",\"name\":\"Nanjing Roadsky Traffic Facility Co.,Ltd. (Roadsky Corporation)\",\"description\":\"Pavement Marking Equipment Supplier - RoadSky\",\"publisher\":{\"@id\":\"https:\\\/\\\/roadskymarking.com\\\/#organization\"},\"potentialAction\":[{\"@type\":\"SearchAction\",\"target\":{\"@type\":\"EntryPoint\",\"urlTemplate\":\"https:\\\/\\\/roadskymarking.com\\\/?s={search_term_string}\"},\"query-input\":{\"@type\":\"PropertyValueSpecification\",\"valueRequired\":true,\"valueName\":\"search_term_string\"}}],\"inLanguage\":\"pt-PT\"},{\"@type\":\"Organization\",\"@id\":\"https:\\\/\\\/roadskymarking.com\\\/#organization\",\"name\":\"Nanjing Roadsky Traffic Facility Co.,Ltd. (Roadsky Corporation)\",\"url\":\"https:\\\/\\\/roadskymarking.com\\\/\",\"logo\":{\"@type\":\"ImageObject\",\"inLanguage\":\"pt-PT\",\"@id\":\"https:\\\/\\\/roadskymarking.com\\\/#\\\/schema\\\/logo\\\/image\\\/\",\"url\":\"https:\\\/\\\/roadskymarking.com\\\/wp-content\\\/uploads\\\/2023\\\/03\\\/LOGO.png\",\"contentUrl\":\"https:\\\/\\\/roadskymarking.com\\\/wp-content\\\/uploads\\\/2023\\\/03\\\/LOGO.png\",\"width\":500,\"height\":400,\"caption\":\"Nanjing Roadsky Traffic Facility Co.,Ltd. (Roadsky Corporation)\"},\"image\":{\"@id\":\"https:\\\/\\\/roadskymarking.com\\\/#\\\/schema\\\/logo\\\/image\\\/\"}}]}<\/script>\n<!-- \/ Yoast SEO plugin. -->","yoast_head_json":{"title":"Sobre n\u00f3s - RoadskyMarking","description":"Um fabricante profissional que se dedica \u00e0 produ\u00e7\u00e3o de m\u00e1quinas de constru\u00e7\u00e3o de estradas e produtos de seguran\u00e7a rodovi\u00e1ria e tamb\u00e9m um empreiteiro de projectos de seguran\u00e7a rodovi\u00e1ria.","robots":{"index":"index","follow":"follow","max-snippet":"max-snippet:-1","max-image-preview":"max-image-preview:large","max-video-preview":"max-video-preview:-1"},"canonical":"https:\/\/roadskymarking.com\/pt\/about\/","og_locale":"pt_PT","og_type":"article","og_title":"About US - RoadskyMarking","og_description":"A professional manufacturer engaged in producing road construction machinery and traffic safety products and also a road safety project contractor.","og_url":"https:\/\/roadskymarking.com\/pt\/about\/","og_site_name":"Nanjing Roadsky Traffic Facility Co.,Ltd. (Roadsky Corporation)","article_modified_time":"2024-07-31T01:36:46+00:00","og_image":[{"url":"https:\/\/roadskymarking.com\/wp-content\/uploads\/2024\/04\/RoadSky.jpg","type":"","width":"","height":""}],"twitter_card":"summary_large_image","twitter_misc":{"Tempo estimado de leitura":"2 minutos"},"schema":{"@context":"https:\/\/schema.org","@graph":[{"@type":"WebPage","@id":"https:\/\/roadskymarking.com\/about","url":"https:\/\/roadskymarking.com\/about","name":"Sobre n\u00f3s - RoadskyMarking","isPartOf":{"@id":"https:\/\/roadskymarking.com\/#website"},"primaryImageOfPage":{"@id":"https:\/\/roadskymarking.com\/about#primaryimage"},"image":{"@id":"https:\/\/roadskymarking.com\/about#primaryimage"},"thumbnailUrl":"https:\/\/roadskymarking.com\/wp-content\/uploads\/2024\/04\/RoadSky.jpg","datePublished":"2017-04-06T04:30:54+00:00","dateModified":"2024-07-31T01:36:46+00:00","description":"Um fabricante profissional que se dedica \u00e0 produ\u00e7\u00e3o de m\u00e1quinas de constru\u00e7\u00e3o de estradas e produtos de seguran\u00e7a rodovi\u00e1ria e tamb\u00e9m um empreiteiro de projectos de seguran\u00e7a rodovi\u00e1ria.","breadcrumb":{"@id":"https:\/\/roadskymarking.com\/about#breadcrumb"},"inLanguage":"pt-PT","potentialAction":[{"@type":"ReadAction","target":["https:\/\/roadskymarking.com\/about"]}]},{"@type":"ImageObject","inLanguage":"pt-PT","@id":"https:\/\/roadskymarking.com\/about#primaryimage","url":"https:\/\/roadskymarking.com\/wp-content\/uploads\/2024\/04\/RoadSky.jpg","contentUrl":"https:\/\/roadskymarking.com\/wp-content\/uploads\/2024\/04\/RoadSky.jpg"},{"@type":"BreadcrumbList","@id":"https:\/\/roadskymarking.com\/about#breadcrumb","itemListElement":[{"@type":"ListItem","position":1,"name":"Home","item":"https:\/\/roadskymarking.com\/"},{"@type":"ListItem","position":2,"name":"About US"}]},{"@type":"WebSite","@id":"https:\/\/roadskymarking.com\/#website","url":"https:\/\/roadskymarking.com\/","name":"Nanjing Roadsky Traffic Facility Co.,Ltd. (Roadsky Corporation)","description":"Fornecedor de equipamento de marca\u00e7\u00e3o de pavimentos - RoadSky","publisher":{"@id":"https:\/\/roadskymarking.com\/#organization"},"potentialAction":[{"@type":"SearchAction","target":{"@type":"EntryPoint","urlTemplate":"https:\/\/roadskymarking.com\/?s={search_term_string}"},"query-input":{"@type":"PropertyValueSpecification","valueRequired":true,"valueName":"search_term_string"}}],"inLanguage":"pt-PT"},{"@type":"Organization","@id":"https:\/\/roadskymarking.com\/#organization","name":"Nanjing Roadsky Traffic Facility Co.,Ltd. (Roadsky Corporation)","url":"https:\/\/roadskymarking.com\/","logo":{"@type":"ImageObject","inLanguage":"pt-PT","@id":"https:\/\/roadskymarking.com\/#\/schema\/logo\/image\/","url":"https:\/\/roadskymarking.com\/wp-content\/uploads\/2023\/03\/LOGO.png","contentUrl":"https:\/\/roadskymarking.com\/wp-content\/uploads\/2023\/03\/LOGO.png","width":500,"height":400,"caption":"Nanjing Roadsky Traffic Facility Co.,Ltd. (Roadsky Corporation)"},"image":{"@id":"https:\/\/roadskymarking.com\/#\/schema\/logo\/image\/"}}]}},"_links":{"self":[{"href":"https:\/\/roadskymarking.com\/pt\/wp-json\/wp\/v2\/pages\/11","targetHints":{"allow":["GET"]}}],"collection":[{"href":"https:\/\/roadskymarking.com\/pt\/wp-json\/wp\/v2\/pages"}],"about":[{"href":"https:\/\/roadskymarking.com\/pt\/wp-json\/wp\/v2\/types\/page"}],"author":[{"embeddable":true,"href":"https:\/\/roadskymarking.com\/pt\/wp-json\/wp\/v2\/users\/1"}],"replies":[{"embeddable":true,"href":"https:\/\/roadskymarking.com\/pt\/wp-json\/wp\/v2\/comments?post=11"}],"version-history":[{"count":9,"href":"https:\/\/roadskymarking.com\/pt\/wp-json\/wp\/v2\/pages\/11\/revisions"}],"predecessor-version":[{"id":3691,"href":"https:\/\/roadskymarking.com\/pt\/wp-json\/wp\/v2\/pages\/11\/revisions\/3691"}],"wp:attachment":[{"href":"https:\/\/roadskymarking.com\/pt\/wp-json\/wp\/v2\/media?parent=11"}],"curies":[{"name":"wp","href":"https:\/\/api.w.org\/{rel}","templated":true}]}}