{"id":3900,"date":"2024-11-19T02:28:42","date_gmt":"2024-11-19T02:28:42","guid":{"rendered":"https:\/\/roadskymarking.com\/?page_id=3900"},"modified":"2024-11-19T02:44:30","modified_gmt":"2024-11-19T02:44:30","slug":"hot-melt-road-marking-paint","status":"publish","type":"page","link":"https:\/\/roadskymarking.com\/pt\/hot-melt-road-marking-paint","title":{"rendered":"Tinta termofus\u00edvel para marca\u00e7\u00e3o de estradas"},"content":{"rendered":"<div class=\"wp-block-columns is-layout-flex wp-container-core-columns-is-layout-9d6595d7 wp-block-columns-is-layout-flex\">\n<div class=\"wp-block-column is-layout-flow wp-block-column-is-layout-flow\">\n<figure class=\"wp-block-image size-full\"><img loading=\"lazy\" decoding=\"async\" width=\"600\" height=\"400\" src=\"https:\/\/roadskymarking.com\/wp-content\/uploads\/2024\/11\/Hot-Melt-Road-Marking-Paint.jpg\" alt=\"Tinta termofus\u00edvel para marca\u00e7\u00e3o de estradas\" class=\"wp-image-3907\" srcset=\"https:\/\/roadskymarking.com\/wp-content\/uploads\/2024\/11\/Hot-Melt-Road-Marking-Paint.jpg 600w, https:\/\/roadskymarking.com\/wp-content\/uploads\/2024\/11\/Hot-Melt-Road-Marking-Paint-400x267.jpg 400w\" sizes=\"auto, (max-width: 600px) 100vw, 600px\" \/><\/figure>\n<\/div>\n\n\n\n<div class=\"wp-block-column is-layout-flow wp-block-column-is-layout-flow\">\n<h2 class=\"wp-block-heading\">Carater\u00edsticas:<\/h2>\n\n\n\n<ul class=\"wp-block-list\">\n<li>Alta visibilidade<\/li>\n\n\n\n<li>Rent\u00e1vel<\/li>\n\n\n\n<li>Tempo de secagem r\u00e1pido<\/li>\n\n\n\n<li>Versatilidade<\/li>\n\n\n\n<li>Longa vida \u00fatil<\/li>\n<\/ul>\n\n\n\n<div class=\"wp-block-buttons is-layout-flex wp-block-buttons-is-layout-flex\">\n<div class=\"wp-block-button\"><a class=\"wp-block-button__link wp-element-button\" href=\"https:\/\/roadskymarking.com\/pt\/inquiry\/\" target=\"_blank\" rel=\"noreferrer noopener\"><mark style=\"background-color:rgba(0, 0, 0, 0)\" class=\"has-inline-color has-white-color\">Pedir um or\u00e7amento<\/mark><\/a><\/div>\n<\/div>\n<\/div>\n<\/div>\n\n\n\n<div style=\"height:30px\" aria-hidden=\"true\" class=\"wp-block-spacer\"><\/div>\n\n\n\n<hr class=\"wp-block-separator has-alpha-channel-opacity\"\/>\n\n\n\n<p>A tinta termofus\u00edvel para marca\u00e7\u00e3o de estradas \u00e9 um material termopl\u00e1stico que, quando aquecido, se torna fluido e pode ser aplicado em superf\u00edcies. Uma vez arrefecido, forma um revestimento dur\u00e1vel e de alta visibilidade. A tinta \u00e9 normalmente composta por resina, pigmentos, cargas e esferas de vidro, que contribuem para as suas propriedades reflectoras e desempenho duradouro.<\/p>\n\n\n\n<h2 class=\"wp-block-heading\">Especifica\u00e7\u00f5es:<\/h2>\n\n\n\n<figure class=\"wp-block-table\"><table class=\"has-fixed-layout\"><tbody><tr><td>Gravidade (g\/m\u00b3)<\/td><td class=\"has-text-align-center\" data-align=\"center\">2,1 g\/m\u00b3<\/td><\/tr><tr><td>Colar<\/td><td class=\"has-text-align-center\" data-align=\"center\">Amarelo, laranja, vermelho e etc.<\/td><\/tr><tr><td>Temperatura de aquecimento<\/td><td class=\"has-text-align-center\" data-align=\"center\">150\u2103-220\u2103<\/td><\/tr><tr><td>Ponto de amolecimento(\u2103)<\/td><td class=\"has-text-align-center\" data-align=\"center\">110\u2103<\/td><\/tr><tr><td>Aspeto do revestimento<\/td><td class=\"has-text-align-center\" data-align=\"center\">Sem rugas, pontos, bolhas, fissuras, queda e pneus colados<\/td><\/tr><tr><\/tr><tr><td>Tempo de secagem (min)<\/td><td class=\"has-text-align-center\" data-align=\"center\">Dentro de 3 minutos<\/td><\/tr><tr><td>Desempenho do Chroma<\/td><td class=\"has-text-align-center\" data-align=\"center\">Material do verso (branco)<\/td><\/tr><tr><td>Resist\u00eancia \u00e0 compress\u00e3o (MPa)<\/td><td class=\"has-text-align-center\" data-align=\"center\">26<\/td><\/tr><tr><td>Resist\u00eancia \u00e0 abras\u00e3o (mg)<\/td><td class=\"has-text-align-center\" data-align=\"center\">42<\/td><\/tr><tr><td>Resist\u00eancia \u00e0 \u00e1gua<\/td><td class=\"has-text-align-center\" data-align=\"center\">\u00d3timo (em \u00e1gua durante 24 horas)<\/td><\/tr><tr><td>Resist\u00eancia aos \u00e1lcalis<\/td><td class=\"has-text-align-center\" data-align=\"center\">\u00d3timo (em solu\u00e7\u00e3o saturada de hidr\u00f3xido de c\u00e1lcio durante 24 horas)<\/td><\/tr><tr><td>Contas de vidro (%)<\/td><td class=\"has-text-align-center\" data-align=\"center\">19%<\/td><\/tr><tr><td>Fluidez (s)<\/td><td class=\"has-text-align-center\" data-align=\"center\">40s<\/td><\/tr><tr><td>Resist\u00eancia do revestimento<\/td><td class=\"has-text-align-center\" data-align=\"center\">Resiste a -10\u2103 durante 4 horas<\/td><\/tr><tr><td>Resist\u00eancia ao calor<\/td><td class=\"has-text-align-center\" data-align=\"center\">Abaixo de 200\u2103-220\u2103 durante horas<\/td><\/tr><tr><td>Material<\/td><td class=\"has-text-align-center\" data-align=\"center\">Resina de petr\u00f3leo C5, CACO3, cera, contas de vidro, EVA, PE e assim por diante.<\/td><\/tr><tr><td>Embalagem<\/td><td class=\"has-text-align-center\" data-align=\"center\">25kg\/saco, por saco de tecido de pl\u00e1stico. Um contentor de 20'pode carregar Max. 25 toneladas<\/td><\/tr><tr><td>Aplica\u00e7\u00e3o<\/td><td class=\"has-text-align-center\" data-align=\"center\">Marca\u00e7\u00e3o de estradas, linha reta, linha pontilhada, curva, seta orientada, letra e etc<\/td><\/tr><\/tbody><\/table><\/figure>\n\n\n\n<h2 class=\"wp-block-heading\" id=\"h-different-standards\">Normas diferentes:<\/h2>\n\n\n\n<div class=\"wp-block-columns is-layout-flex wp-container-core-columns-is-layout-9d6595d7 wp-block-columns-is-layout-flex\">\n<div class=\"wp-block-column is-layout-flow wp-block-column-is-layout-flow\">\n<table>\n<tbody>\n<tr>\n<td><\/td>\n<td colspan=\"2\" width=\"184\">Norma AASHTO<\/td>\n<\/tr>\n<tr>\n<td>Componentes<\/td>\n<td>Especifica\u00e7\u00e3o<\/td>\n<td>Resultado do teste<\/td>\n<\/tr>\n<tr>\n<td>Resina<\/td>\n<td>\u226520%<\/td>\n<td>22%<\/td>\n<\/tr>\n<tr>\n<td>Di\u00f3xido de tit\u00e2nio<\/td>\n<td>\u226510%<\/td>\n<td>10.20%<\/td>\n<\/tr>\n<tr>\n<td>Contas de vidro<\/td>\n<td>\u226530%<\/td>\n<td>32%<\/td>\n<\/tr>\n<\/tbody>\n<\/table>\n<\/div>\n\n\n\n<div class=\"wp-block-column is-layout-flow wp-block-column-is-layout-flow\">\n<figure class=\"wp-block-image size-full\"><img loading=\"lazy\" decoding=\"async\" width=\"294\" height=\"156\" src=\"https:\/\/roadskymarking.com\/wp-content\/uploads\/2023\/12\/Yellow-Thermoplastic-Road-Marking-Paint.jpg\" alt=\"Tinta termopl\u00e1stica amarela para marca\u00e7\u00e3o de estradas\" class=\"wp-image-3330\"\/><\/figure>\n<\/div>\n<\/div>\n\n\n\n<div class=\"wp-block-columns is-layout-flex wp-container-core-columns-is-layout-9d6595d7 wp-block-columns-is-layout-flex\">\n<div class=\"wp-block-column is-layout-flow wp-block-column-is-layout-flow\">\n<table>\n<tbody>\n<tr>\n<td><\/td>\n<td colspan=\"2\" width=\"184\">Norma Brit\u00e2nica<\/td>\n<\/tr>\n<tr>\n<td>Componentes<\/td>\n<td>Especifica\u00e7\u00e3o<\/td>\n<td>Resultado do teste<\/td>\n<\/tr>\n<tr>\n<td>Resina<\/td>\n<td>\u226520%<\/td>\n<td>21%<\/td>\n<\/tr>\n<tr>\n<td>Di\u00f3xido de tit\u00e2nio<\/td>\n<td>\u226510%<\/td>\n<td>12%<\/td>\n<\/tr>\n<tr>\n<td>Contas de vidro<\/td>\n<td>\u226520%<\/td>\n<td>21%<\/td>\n<\/tr>\n<\/tbody>\n<\/table>\n<\/div>\n\n\n\n<div class=\"wp-block-column is-layout-flow wp-block-column-is-layout-flow\">\n<figure class=\"wp-block-image size-full\"><img loading=\"lazy\" decoding=\"async\" width=\"294\" height=\"156\" src=\"https:\/\/roadskymarking.com\/wp-content\/uploads\/2023\/12\/Thermoplastic-Road-Marking-Paint-Arrow.jpg\" alt=\"Tinta termopl\u00e1stica para marca\u00e7\u00e3o de estradas Seta\" class=\"wp-image-3331\"\/><\/figure>\n<\/div>\n<\/div>\n\n\n\n<div class=\"wp-block-columns is-layout-flex wp-container-core-columns-is-layout-9d6595d7 wp-block-columns-is-layout-flex\">\n<div class=\"wp-block-column is-layout-flow wp-block-column-is-layout-flow\">\n<table>\n<tbody>\n<tr>\n<td><strong>&nbsp;<\/strong><\/td>\n<td colspan=\"2\" width=\"184\">Norma da China<\/td>\n<\/tr>\n<tr>\n<td>Componentes<\/td>\n<td>Especifica\u00e7\u00e3o<\/td>\n<td>Resultado do teste<\/td>\n<\/tr>\n<tr>\n<td>Resina<\/td>\n<td>\u226515%<\/td>\n<td>16.10%<\/td>\n<\/tr>\n<tr>\n<td>Di\u00f3xido de tit\u00e2nio<\/td>\n<td>\u22655%<\/td>\n<td>8%<\/td>\n<\/tr>\n<tr>\n<td>Contas de vidro<\/td>\n<td>\u226520%<\/td>\n<td>22%<\/td>\n<\/tr>\n<\/tbody>\n<\/table>\n<\/div>\n\n\n\n<div class=\"wp-block-column is-layout-flow wp-block-column-is-layout-flow\">\n<figure class=\"wp-block-image size-full\"><img loading=\"lazy\" decoding=\"async\" width=\"294\" height=\"156\" src=\"https:\/\/roadskymarking.com\/wp-content\/uploads\/2023\/12\/White-Thermoplastic-Road-Marking-Paint.jpg\" alt=\"Tinta termopl\u00e1stica branca para marca\u00e7\u00e3o de estradas\" class=\"wp-image-3332\"\/><\/figure>\n<\/div>\n<\/div>\n\n\n\n<h2 class=\"wp-block-heading\" id=\"h-production-and-test-of-the-paint\">Produ\u00e7\u00e3o e teste da tinta:<\/h2>\n\n\n\n<figure class=\"wp-block-embed is-type-video is-provider-youtube wp-block-embed-youtube wp-embed-aspect-16-9 wp-has-aspect-ratio\"><div class=\"wp-block-embed__wrapper\">\n<iframe loading=\"lazy\" title=\"Produ\u00e7\u00e3o de tintas termopl\u00e1sticas e teste de qualidade\" width=\"500\" height=\"281\" src=\"https:\/\/www.youtube.com\/embed\/YMP3R4NPz90?feature=oembed\" frameborder=\"0\" allow=\"accelerometer; autoplay; clipboard-write; encrypted-media; gyroscope; picture-in-picture; web-share\" referrerpolicy=\"strict-origin-when-cross-origin\" allowfullscreen><\/iframe>\n<\/div><\/figure>\n\n\n\n<h2 class=\"wp-block-heading\" id=\"h-other-colors\">Outras cores:<\/h2>\n\n\n<div class=\"wp-block-image\">\n<figure class=\"aligncenter size-full\"><img loading=\"lazy\" decoding=\"async\" width=\"800\" height=\"584\" src=\"https:\/\/roadskymarking.com\/wp-content\/uploads\/2023\/12\/Thermoplastic-Road-Marking-Paint-Other-Colors.jpg\" alt=\"Tinta termopl\u00e1stica para marca\u00e7\u00e3o de estradas Outras cores\" class=\"wp-image-3333\" srcset=\"https:\/\/roadskymarking.com\/wp-content\/uploads\/2023\/12\/Thermoplastic-Road-Marking-Paint-Other-Colors.jpg 800w, https:\/\/roadskymarking.com\/wp-content\/uploads\/2023\/12\/Thermoplastic-Road-Marking-Paint-Other-Colors-400x292.jpg 400w, https:\/\/roadskymarking.com\/wp-content\/uploads\/2023\/12\/Thermoplastic-Road-Marking-Paint-Other-Colors-768x561.jpg 768w\" sizes=\"auto, (max-width: 800px) 100vw, 800px\" \/><\/figure><\/div>\n\n\n<h2 class=\"wp-block-heading\">Contacte-nos para um or\u00e7amento gratuito<\/h2>\n\n\n\n<p><em>Preencha o formul\u00e1rio abaixo e os nossos representantes comerciais entrar\u00e3o em contacto consigo em breve.<\/em><\/p>\n\n\n\n<div class=\"wp-block-contact-form-7-contact-form-selector\">\n<div class=\"wpcf7 no-js\" id=\"wpcf7-f1316-o1\" lang=\"en-US\" dir=\"ltr\" data-wpcf7-id=\"1316\">\n<div class=\"screen-reader-response\"><p role=\"status\" aria-live=\"polite\" aria-atomic=\"true\"><\/p> <ul><\/ul><\/div>\n<form action=\"\/pt\/wp-json\/wp\/v2\/pages\/3900#wpcf7-f1316-o1\" method=\"post\" class=\"wpcf7-form init\" aria-label=\"Formul\u00e1rio de contacto\" novalidate=\"novalidate\" data-status=\"init\" data-trp-original-action=\"\/pt\/wp-json\/wp\/v2\/pages\/3900#wpcf7-f1316-o1\">\n<fieldset class=\"hidden-fields-container\"><input type=\"hidden\" name=\"_wpcf7\" value=\"1316\" \/><input type=\"hidden\" name=\"_wpcf7_version\" value=\"6.1.5\" \/><input type=\"hidden\" name=\"_wpcf7_locale\" value=\"en_US\" \/><input type=\"hidden\" name=\"_wpcf7_unit_tag\" value=\"wpcf7-f1316-o1\" \/><input type=\"hidden\" name=\"_wpcf7_container_post\" value=\"0\" \/><input type=\"hidden\" name=\"_wpcf7_posted_data_hash\" value=\"\" \/>\n<\/fieldset>\n<div class=\"wpcf7-turnstile cf-turnstile\" data-sitekey=\"0x4AAAAAACH9ueYy7fDdFIjX\" data-response-field-name=\"_wpcf7_turnstile_response\"><\/div>\n\n<p><label><em>*<\/em>Assunto:<\/label><span class=\"wpcf7-form-control-wrap\" data-name=\"your-subject\"><input size=\"40\" maxlength=\"400\" class=\"wpcf7-form-control wpcf7-text wpcf7-validates-as-required\" id=\"your-subject\" aria-required=\"true\" aria-invalid=\"false\" value=\"Product Inquiry\" type=\"text\" name=\"your-subject\" \/><\/span>\n<\/p>\n<p><label><em>*<\/em>Nome:<\/label><span class=\"wpcf7-form-control-wrap\" data-name=\"your-name\"><input size=\"40\" maxlength=\"400\" class=\"wpcf7-form-control wpcf7-text wpcf7-validates-as-required\" id=\"your-name\" aria-required=\"true\" aria-invalid=\"false\" placeholder=\"Preencher com o seu nome habitualmente utilizado\" value=\"\" type=\"text\" name=\"your-name\" \/><\/span>\n<\/p>\n<p><label><em>*<\/em>Correio eletr\u00f3nico:<\/label><span class=\"wpcf7-form-control-wrap\" data-name=\"your-email\"><input size=\"40\" maxlength=\"400\" class=\"wpcf7-form-control wpcf7-email wpcf7-validates-as-required wpcf7-text wpcf7-validates-as-email\" id=\"your-email\" aria-required=\"true\" aria-invalid=\"false\" placeholder=\"Preencher o endere\u00e7o eletr\u00f3nico habitualmente utilizado\" value=\"\" type=\"email\" name=\"your-email\" \/><\/span>\n<\/p>\n<p><label>Telefone:<\/label><span class=\"wpcf7-form-control-wrap\" data-name=\"your-phone\"><input size=\"40\" maxlength=\"400\" class=\"wpcf7-form-control wpcf7-text\" id=\"your-phone\" aria-invalid=\"false\" placeholder=\"Preencher com o n\u00famero de telefone de contacto ou telem\u00f3vel\" value=\"\" type=\"text\" name=\"your-phone\" \/><\/span>\n<\/p>\n<p><label>Pa\u00eds:<\/label><span class=\"wpcf7-form-control-wrap\" data-name=\"your-country\"><input size=\"40\" maxlength=\"400\" class=\"wpcf7-form-control wpcf7-text\" id=\"your-country\" aria-invalid=\"false\" placeholder=\"Preencha o seu pa\u00eds\" value=\"\" type=\"text\" name=\"your-country\" \/><\/span>\n<\/p>\n<p><label>Empresa:<\/label><span class=\"wpcf7-form-control-wrap\" data-name=\"your-company\"><input size=\"40\" maxlength=\"400\" class=\"wpcf7-form-control wpcf7-text\" id=\"your-company\" aria-invalid=\"false\" placeholder=\"Preencher com o nome da empresa\" value=\"\" type=\"text\" name=\"your-company\" \/><\/span>\n<\/p>\n<p><label><em>*<\/em>Conte\u00fado:<\/label><span class=\"wpcf7-form-control-wrap\" data-name=\"your-message\"><textarea cols=\"40\" rows=\"10\" maxlength=\"2000\" class=\"wpcf7-form-control wpcf7-textarea wpcf7-validates-as-required\" aria-required=\"true\" aria-invalid=\"false\" placeholder=\"Por favor, preencha os detalhes que deseja saber, como o nome do produto, especifica\u00e7\u00f5es, pre\u00e7o, MOQ, etc.\" name=\"your-message\"><\/textarea><\/span>\n<\/p>\n<p class=\"btn-submit\"><label> <\/label><input class=\"wpcf7-form-control wpcf7-submit has-spinner\" type=\"submit\" value=\"ENVIAR\" \/>\n<\/p><div class=\"wpcf7-response-output\" aria-hidden=\"true\"><\/div>\n<input type=\"hidden\" name=\"trp-form-language\" value=\"pt\"\/><\/form>\n<\/div>\n<\/div>","protected":false},"excerpt":{"rendered":"<p>Features: Hot melt road marking paint is a thermoplastic material that, when heated, becomes fluid and can be applied to surfaces. Once cooled, it forms a durable, high-visibility coating. The paint typically consists of resin, pigments, fillers, and glass beads, which contribute to its reflective properties and long-lasting performance. Specifications: Gravity (g\/m\u00b3) 2.1g\/m\u00b3 Colar Yellow, Orange, Red and etc Heating Temperature 150\u2103-220\u2103 Softening Point(\u2103) 110\u2103 Coating Appearance No wrinkles, dots, blisters, cracks, fall-out &amp; stick tyres Drying Time (min) Within 3 minutes Chroma Performance Reverse material (white) Compressive Strength (MPa) 26 Abrasive Resistance (mg) 42 Water Resistance Great (in water for 24 hours) Alkali Resistance Great (in saturated solution of calcium hydroxide for 24 hours) Glass Beads (%) 19% Fluidity (s) 40s Coating Resistance Resis -10\u2103 for 4 hours Heat Resistance Under 200\u2103-220\u2103 for hours Material C5 Petroleum Resin, CACO3, Wax, Glass Beads, EVA, PE and so on. Package 25kg\/bag, by plastic woven bag. One 20&#8217;container can load Max. 25 &#8230;<\/p>","protected":false},"author":1,"featured_media":0,"parent":0,"menu_order":0,"comment_status":"closed","ping_status":"closed","template":"","meta":{"footnotes":""},"class_list":["post-3900","page","type-page","status-publish","hentry"],"yoast_head":"<!-- This site is optimized with the Yoast SEO plugin v27.3 - https:\/\/yoast.com\/product\/yoast-seo-wordpress\/ -->\n<title>Hot Melt Road Marking Paint - RoadSky<\/title>\n<meta name=\"description\" content=\"Hot melt road marking paint is a thermoplastic material that, when heated, becomes fluid and can be applied to surfaces.\" \/>\n<meta name=\"robots\" content=\"index, follow, max-snippet:-1, max-image-preview:large, max-video-preview:-1\" \/>\n<link rel=\"canonical\" href=\"https:\/\/roadskymarking.com\/pt\/hot-melt-road-marking-paint\/\" \/>\n<meta property=\"og:locale\" content=\"pt_PT\" \/>\n<meta property=\"og:type\" content=\"article\" \/>\n<meta property=\"og:title\" content=\"Hot Melt Road Marking Paint - RoadSky\" \/>\n<meta property=\"og:description\" content=\"Hot melt road marking paint is a thermoplastic material that, when heated, becomes fluid and can be applied to surfaces.\" \/>\n<meta property=\"og:url\" content=\"https:\/\/roadskymarking.com\/pt\/hot-melt-road-marking-paint\/\" \/>\n<meta property=\"og:site_name\" content=\"Nanjing Roadsky Traffic Facility Co.,Ltd. (Roadsky Corporation)\" \/>\n<meta property=\"article:modified_time\" content=\"2024-11-19T02:44:30+00:00\" \/>\n<meta property=\"og:image\" content=\"https:\/\/roadskymarking.com\/wp-content\/uploads\/2024\/11\/Hot-Melt-Road-Marking-Paint.jpg\" \/>\n\t<meta property=\"og:image:width\" content=\"600\" \/>\n\t<meta property=\"og:image:height\" content=\"400\" \/>\n\t<meta property=\"og:image:type\" content=\"image\/jpeg\" \/>\n<meta name=\"twitter:card\" content=\"summary_large_image\" \/>\n<meta name=\"twitter:label1\" content=\"Tempo estimado de leitura\" \/>\n\t<meta name=\"twitter:data1\" content=\"3 minutos\" \/>\n<script type=\"application\/ld+json\" class=\"yoast-schema-graph\">{\"@context\":\"https:\\\/\\\/schema.org\",\"@graph\":[{\"@type\":\"WebPage\",\"@id\":\"https:\\\/\\\/roadskymarking.com\\\/hot-melt-road-marking-paint\",\"url\":\"https:\\\/\\\/roadskymarking.com\\\/hot-melt-road-marking-paint\",\"name\":\"Hot Melt Road Marking Paint - RoadSky\",\"isPartOf\":{\"@id\":\"https:\\\/\\\/roadskymarking.com\\\/#website\"},\"primaryImageOfPage\":{\"@id\":\"https:\\\/\\\/roadskymarking.com\\\/hot-melt-road-marking-paint#primaryimage\"},\"image\":{\"@id\":\"https:\\\/\\\/roadskymarking.com\\\/hot-melt-road-marking-paint#primaryimage\"},\"thumbnailUrl\":\"https:\\\/\\\/roadskymarking.com\\\/wp-content\\\/uploads\\\/2024\\\/11\\\/Hot-Melt-Road-Marking-Paint.jpg\",\"datePublished\":\"2024-11-19T02:28:42+00:00\",\"dateModified\":\"2024-11-19T02:44:30+00:00\",\"description\":\"Hot melt road marking paint is a thermoplastic material that, when heated, becomes fluid and can be applied to surfaces.\",\"breadcrumb\":{\"@id\":\"https:\\\/\\\/roadskymarking.com\\\/hot-melt-road-marking-paint#breadcrumb\"},\"inLanguage\":\"pt-PT\",\"potentialAction\":[{\"@type\":\"ReadAction\",\"target\":[\"https:\\\/\\\/roadskymarking.com\\\/hot-melt-road-marking-paint\"]}]},{\"@type\":\"ImageObject\",\"inLanguage\":\"pt-PT\",\"@id\":\"https:\\\/\\\/roadskymarking.com\\\/hot-melt-road-marking-paint#primaryimage\",\"url\":\"https:\\\/\\\/roadskymarking.com\\\/wp-content\\\/uploads\\\/2024\\\/11\\\/Hot-Melt-Road-Marking-Paint.jpg\",\"contentUrl\":\"https:\\\/\\\/roadskymarking.com\\\/wp-content\\\/uploads\\\/2024\\\/11\\\/Hot-Melt-Road-Marking-Paint.jpg\"},{\"@type\":\"BreadcrumbList\",\"@id\":\"https:\\\/\\\/roadskymarking.com\\\/hot-melt-road-marking-paint#breadcrumb\",\"itemListElement\":[{\"@type\":\"ListItem\",\"position\":1,\"name\":\"Home\",\"item\":\"https:\\\/\\\/roadskymarking.com\\\/\"},{\"@type\":\"ListItem\",\"position\":2,\"name\":\"Hot Melt Road Marking Paint\"}]},{\"@type\":\"WebSite\",\"@id\":\"https:\\\/\\\/roadskymarking.com\\\/#website\",\"url\":\"https:\\\/\\\/roadskymarking.com\\\/\",\"name\":\"Nanjing Roadsky Traffic Facility Co.,Ltd. (Roadsky Corporation)\",\"description\":\"Pavement Marking Equipment Supplier - RoadSky\",\"publisher\":{\"@id\":\"https:\\\/\\\/roadskymarking.com\\\/#organization\"},\"potentialAction\":[{\"@type\":\"SearchAction\",\"target\":{\"@type\":\"EntryPoint\",\"urlTemplate\":\"https:\\\/\\\/roadskymarking.com\\\/?s={search_term_string}\"},\"query-input\":{\"@type\":\"PropertyValueSpecification\",\"valueRequired\":true,\"valueName\":\"search_term_string\"}}],\"inLanguage\":\"pt-PT\"},{\"@type\":\"Organization\",\"@id\":\"https:\\\/\\\/roadskymarking.com\\\/#organization\",\"name\":\"Nanjing Roadsky Traffic Facility Co.,Ltd. (Roadsky Corporation)\",\"url\":\"https:\\\/\\\/roadskymarking.com\\\/\",\"logo\":{\"@type\":\"ImageObject\",\"inLanguage\":\"pt-PT\",\"@id\":\"https:\\\/\\\/roadskymarking.com\\\/#\\\/schema\\\/logo\\\/image\\\/\",\"url\":\"https:\\\/\\\/roadskymarking.com\\\/wp-content\\\/uploads\\\/2023\\\/03\\\/LOGO.png\",\"contentUrl\":\"https:\\\/\\\/roadskymarking.com\\\/wp-content\\\/uploads\\\/2023\\\/03\\\/LOGO.png\",\"width\":500,\"height\":400,\"caption\":\"Nanjing Roadsky Traffic Facility Co.,Ltd. (Roadsky Corporation)\"},\"image\":{\"@id\":\"https:\\\/\\\/roadskymarking.com\\\/#\\\/schema\\\/logo\\\/image\\\/\"}}]}<\/script>\n<!-- \/ Yoast SEO plugin. -->","yoast_head_json":{"title":"Tinta de marca\u00e7\u00e3o de estrada de fus\u00e3o a quente - RoadSky","description":"A tinta termofus\u00edvel para marca\u00e7\u00e3o de estradas \u00e9 um material termopl\u00e1stico que, quando aquecido, se torna fluido e pode ser aplicado em superf\u00edcies.","robots":{"index":"index","follow":"follow","max-snippet":"max-snippet:-1","max-image-preview":"max-image-preview:large","max-video-preview":"max-video-preview:-1"},"canonical":"https:\/\/roadskymarking.com\/pt\/hot-melt-road-marking-paint\/","og_locale":"pt_PT","og_type":"article","og_title":"Hot Melt Road Marking Paint - RoadSky","og_description":"Hot melt road marking paint is a thermoplastic material that, when heated, becomes fluid and can be applied to surfaces.","og_url":"https:\/\/roadskymarking.com\/pt\/hot-melt-road-marking-paint\/","og_site_name":"Nanjing Roadsky Traffic Facility Co.,Ltd. (Roadsky Corporation)","article_modified_time":"2024-11-19T02:44:30+00:00","og_image":[{"width":600,"height":400,"url":"https:\/\/roadskymarking.com\/wp-content\/uploads\/2024\/11\/Hot-Melt-Road-Marking-Paint.jpg","type":"image\/jpeg"}],"twitter_card":"summary_large_image","twitter_misc":{"Tempo estimado de leitura":"3 minutos"},"schema":{"@context":"https:\/\/schema.org","@graph":[{"@type":"WebPage","@id":"https:\/\/roadskymarking.com\/hot-melt-road-marking-paint","url":"https:\/\/roadskymarking.com\/hot-melt-road-marking-paint","name":"Tinta de marca\u00e7\u00e3o de estrada de fus\u00e3o a quente - RoadSky","isPartOf":{"@id":"https:\/\/roadskymarking.com\/#website"},"primaryImageOfPage":{"@id":"https:\/\/roadskymarking.com\/hot-melt-road-marking-paint#primaryimage"},"image":{"@id":"https:\/\/roadskymarking.com\/hot-melt-road-marking-paint#primaryimage"},"thumbnailUrl":"https:\/\/roadskymarking.com\/wp-content\/uploads\/2024\/11\/Hot-Melt-Road-Marking-Paint.jpg","datePublished":"2024-11-19T02:28:42+00:00","dateModified":"2024-11-19T02:44:30+00:00","description":"A tinta termofus\u00edvel para marca\u00e7\u00e3o de estradas \u00e9 um material termopl\u00e1stico que, quando aquecido, se torna fluido e pode ser aplicado em superf\u00edcies.","breadcrumb":{"@id":"https:\/\/roadskymarking.com\/hot-melt-road-marking-paint#breadcrumb"},"inLanguage":"pt-PT","potentialAction":[{"@type":"ReadAction","target":["https:\/\/roadskymarking.com\/hot-melt-road-marking-paint"]}]},{"@type":"ImageObject","inLanguage":"pt-PT","@id":"https:\/\/roadskymarking.com\/hot-melt-road-marking-paint#primaryimage","url":"https:\/\/roadskymarking.com\/wp-content\/uploads\/2024\/11\/Hot-Melt-Road-Marking-Paint.jpg","contentUrl":"https:\/\/roadskymarking.com\/wp-content\/uploads\/2024\/11\/Hot-Melt-Road-Marking-Paint.jpg"},{"@type":"BreadcrumbList","@id":"https:\/\/roadskymarking.com\/hot-melt-road-marking-paint#breadcrumb","itemListElement":[{"@type":"ListItem","position":1,"name":"Home","item":"https:\/\/roadskymarking.com\/"},{"@type":"ListItem","position":2,"name":"Hot Melt Road Marking Paint"}]},{"@type":"WebSite","@id":"https:\/\/roadskymarking.com\/#website","url":"https:\/\/roadskymarking.com\/","name":"Nanjing Roadsky Traffic Facility Co.,Ltd. (Roadsky Corporation)","description":"Fornecedor de equipamento de marca\u00e7\u00e3o de pavimentos - RoadSky","publisher":{"@id":"https:\/\/roadskymarking.com\/#organization"},"potentialAction":[{"@type":"SearchAction","target":{"@type":"EntryPoint","urlTemplate":"https:\/\/roadskymarking.com\/?s={search_term_string}"},"query-input":{"@type":"PropertyValueSpecification","valueRequired":true,"valueName":"search_term_string"}}],"inLanguage":"pt-PT"},{"@type":"Organization","@id":"https:\/\/roadskymarking.com\/#organization","name":"Nanjing Roadsky Traffic Facility Co.,Ltd. (Roadsky Corporation)","url":"https:\/\/roadskymarking.com\/","logo":{"@type":"ImageObject","inLanguage":"pt-PT","@id":"https:\/\/roadskymarking.com\/#\/schema\/logo\/image\/","url":"https:\/\/roadskymarking.com\/wp-content\/uploads\/2023\/03\/LOGO.png","contentUrl":"https:\/\/roadskymarking.com\/wp-content\/uploads\/2023\/03\/LOGO.png","width":500,"height":400,"caption":"Nanjing Roadsky Traffic Facility Co.,Ltd. (Roadsky Corporation)"},"image":{"@id":"https:\/\/roadskymarking.com\/#\/schema\/logo\/image\/"}}]}},"_links":{"self":[{"href":"https:\/\/roadskymarking.com\/pt\/wp-json\/wp\/v2\/pages\/3900","targetHints":{"allow":["GET"]}}],"collection":[{"href":"https:\/\/roadskymarking.com\/pt\/wp-json\/wp\/v2\/pages"}],"about":[{"href":"https:\/\/roadskymarking.com\/pt\/wp-json\/wp\/v2\/types\/page"}],"author":[{"embeddable":true,"href":"https:\/\/roadskymarking.com\/pt\/wp-json\/wp\/v2\/users\/1"}],"replies":[{"embeddable":true,"href":"https:\/\/roadskymarking.com\/pt\/wp-json\/wp\/v2\/comments?post=3900"}],"version-history":[{"count":6,"href":"https:\/\/roadskymarking.com\/pt\/wp-json\/wp\/v2\/pages\/3900\/revisions"}],"predecessor-version":[{"id":3915,"href":"https:\/\/roadskymarking.com\/pt\/wp-json\/wp\/v2\/pages\/3900\/revisions\/3915"}],"wp:attachment":[{"href":"https:\/\/roadskymarking.com\/pt\/wp-json\/wp\/v2\/media?parent=3900"}],"curies":[{"name":"wp","href":"https:\/\/api.w.org\/{rel}","templated":true}]}}