{"id":3925,"date":"2024-11-20T07:58:32","date_gmt":"2024-11-20T07:58:32","guid":{"rendered":"https:\/\/roadskymarking.com\/?page_id=3925"},"modified":"2024-11-20T08:21:37","modified_gmt":"2024-11-20T08:21:37","slug":"airless-road-marking-machines-2","status":"publish","type":"page","link":"https:\/\/roadskymarking.com\/pt\/airless-road-marking-machines-2","title":{"rendered":"M\u00e1quinas de marca\u00e7\u00e3o de estradas sem ar"},"content":{"rendered":"<div class=\"wp-block-columns is-layout-flex wp-container-core-columns-is-layout-9d6595d7 wp-block-columns-is-layout-flex\">\n<div class=\"wp-block-column is-layout-flow wp-block-column-is-layout-flow\">\n<figure class=\"wp-block-image size-full\"><img loading=\"lazy\" decoding=\"async\" width=\"600\" height=\"400\" src=\"https:\/\/roadskymarking.com\/wp-content\/uploads\/2024\/11\/Airless-Road-Marking-Machines.jpg\" alt=\"M\u00e1quinas de marca\u00e7\u00e3o de estradas sem ar\" class=\"wp-image-3934\" srcset=\"https:\/\/roadskymarking.com\/wp-content\/uploads\/2024\/11\/Airless-Road-Marking-Machines.jpg 600w, https:\/\/roadskymarking.com\/wp-content\/uploads\/2024\/11\/Airless-Road-Marking-Machines-400x267.jpg 400w\" sizes=\"auto, (max-width: 600px) 100vw, 600px\" \/><\/figure>\n<\/div>\n\n\n\n<div class=\"wp-block-column is-layout-flow wp-block-column-is-layout-flow\">\n<h2 class=\"wp-block-heading\">Carater\u00edsticas:<\/h2>\n\n\n\n<ul class=\"wp-block-list\">\n<li>Precis\u00e3o: Permite uma espessura uniforme e arestas limpas.<\/li>\n\n\n\n<li>Efici\u00eancia: Cobre grandes \u00e1reas rapidamente, reduzindo o tempo do projeto.<\/li>\n\n\n\n<li>Durabilidade: Assegura marca\u00e7\u00f5es duradouras e resistentes ao desgaste.<\/li>\n<\/ul>\n\n\n\n<div class=\"wp-block-buttons is-content-justification-center is-layout-flex wp-container-core-buttons-is-layout-16018d1d wp-block-buttons-is-layout-flex\">\n<div class=\"wp-block-button\"><a class=\"wp-block-button__link wp-element-button\" href=\"https:\/\/roadskymarking.com\/pt\/inquiry\/\" target=\"_blank\" rel=\"noreferrer noopener\"><mark style=\"background-color:rgba(0, 0, 0, 0)\" class=\"has-inline-color has-white-color\">Obter um or\u00e7amento<\/mark><\/a><\/div>\n<\/div>\n<\/div>\n<\/div>\n\n\n\n<hr class=\"wp-block-separator has-alpha-channel-opacity\"\/>\n\n\n\n<p>As m\u00e1quinas de marca\u00e7\u00e3o de estradas sem ar utilizam uma bomba de alta press\u00e3o para pulverizar tinta diretamente nas superf\u00edcies das estradas sem necessidade de ar comprimido. Esta tecnologia assegura uma aplica\u00e7\u00e3o suave e uniforme da tinta, tornando-a ideal para produzir linhas n\u00edtidas e consistentes em estradas, parques de estacionamento e outras superf\u00edcies. Os componentes principais incluem uma bomba de alta press\u00e3o, pistola de pulveriza\u00e7\u00e3o, dep\u00f3sito de tinta e bicos ajust\u00e1veis.<\/p>\n\n\n\n<figure class=\"wp-block-embed aligncenter is-type-video is-provider-youtube wp-block-embed-youtube wp-embed-aspect-16-9 wp-has-aspect-ratio\"><div class=\"wp-block-embed__wrapper\">\n<iframe loading=\"lazy\" title=\"M\u00e1quina de marca\u00e7\u00e3o de estradas de linha dupla com Airless (pl\u00e1stico frio)\" width=\"500\" height=\"281\" src=\"https:\/\/www.youtube.com\/embed\/wpeEhpRbclE?feature=oembed\" frameborder=\"0\" allow=\"accelerometer; autoplay; clipboard-write; encrypted-media; gyroscope; picture-in-picture; web-share\" referrerpolicy=\"strict-origin-when-cross-origin\" allowfullscreen><\/iframe>\n<\/div><\/figure>\n\n\n\n<h2 class=\"wp-block-heading\">Aplica\u00e7\u00f5es das m\u00e1quinas de marca\u00e7\u00e3o de estradas sem ar<\/h2>\n\n\n\n<p>As m\u00e1quinas de marca\u00e7\u00e3o rodovi\u00e1ria sem ar s\u00e3o utilizadas em v\u00e1rios sectores, incluindo<\/p>\n\n\n\n<ul class=\"wp-block-list\">\n<li><strong>Estradas urbanas e rurais<\/strong>: Para criar separadores de faixas de rodagem, passagens para pe\u00f5es e linhas de paragem.<\/li>\n\n\n\n<li><strong>Parques de estacionamento<\/strong>: Marca\u00e7\u00f5es precisas para os lugares de estacionamento e setas direcionais.<\/li>\n\n\n\n<li><strong>Aeroportos<\/strong>: Marca\u00e7\u00e3o de pistas, caminhos de circula\u00e7\u00e3o e terminais.<\/li>\n\n\n\n<li><strong>Instala\u00e7\u00f5es industriais<\/strong>: Zonas de seguran\u00e7a e marca\u00e7\u00f5es de perigo.<\/li>\n<\/ul>\n\n\n\n<h2 class=\"wp-block-heading\">Produtos relacionados<\/h2>\n\n\n\n<div class=\"wp-block-columns is-layout-flex wp-container-core-columns-is-layout-9d6595d7 wp-block-columns-is-layout-flex\">\n<div class=\"wp-block-column is-layout-flow wp-block-column-is-layout-flow\" style=\"flex-basis:33.33%\"><div class=\"wp-block-image\">\n<figure class=\"aligncenter size-large is-resized\"><a href=\"https:\/\/roadskymarking.com\/pt\/cold-paint-road-marking-machine.html\/\" target=\"_blank\" rel=\" noreferrer noopener\"><img decoding=\"async\" src=\"https:\/\/roadskymarking.com\/wp-content\/uploads\/2024\/03\/RS-5-Cold-Paint-Road-Marking-Machine.jpg\" alt=\"M\u00e1quina de marca\u00e7\u00e3o de estradas de pintura a frio RS-5\" style=\"object-fit:cover;width:200px;height:200px\"\/><\/a><figcaption class=\"wp-element-caption\"><a href=\"https:\/\/roadskymarking.com\/pt\/cold-paint-road-marking-machine.html\/\" target=\"_blank\" rel=\"noreferrer noopener\">M\u00e1quina de marca\u00e7\u00e3o de estradas de pintura a frio RS-5<\/a><\/figcaption><\/figure><\/div><\/div>\n\n\n\n<div class=\"wp-block-column is-layout-flow wp-block-column-is-layout-flow\" style=\"flex-basis:66.66%\">\n<p>A m\u00e1quina de marca\u00e7\u00e3o de estrada com tinta fria s\u00e9rie RS-5 \u00e9 amplamente utilizada em estacionamentos, estradas urbanas e projetos de marca\u00e7\u00e3o de rodovias. \u00c9 um tipo de m\u00e1quina de marca\u00e7\u00e3o de pulveriza\u00e7\u00e3o de alta press\u00e3o sem ar, que gera press\u00e3o da bomba de \u00eambolo para pulverizar a tinta atrav\u00e9s do bocal. O sistema de controlo de pistolas de pulveriza\u00e7\u00e3o especialmente concebido faz com que a linha termine arrumada e com boa apar\u00eancia.<\/p>\n<\/div>\n<\/div>\n\n\n\n<div class=\"wp-block-columns is-layout-flex wp-container-core-columns-is-layout-9d6595d7 wp-block-columns-is-layout-flex\">\n<div class=\"wp-block-column is-layout-flow wp-block-column-is-layout-flow\" style=\"flex-basis:33.33%\"><div class=\"wp-block-image\">\n<figure class=\"aligncenter size-large is-resized\"><a href=\"https:\/\/roadskymarking.com\/pt\/cold-paint-line-striper.html\/\" target=\"_blank\" rel=\" noreferrer noopener\"><img decoding=\"async\" src=\"https:\/\/roadskymarking.com\/wp-content\/uploads\/2018\/05\/RS-5E-Cold-Paint-Road-Marking-Machine-4.jpg\" alt=\"Decapador de linha de pintura a frio RS-5E\" style=\"object-fit:cover;width:200px;height:200px\"\/><\/a><figcaption class=\"wp-element-caption\"><a href=\"https:\/\/roadskymarking.com\/pt\/cold-paint-line-striper.html\/\" target=\"_blank\" rel=\"noreferrer noopener\">Decapador de linha de pintura a frio RS-5E<\/a><\/figcaption><\/figure><\/div><\/div>\n\n\n\n<div class=\"wp-block-column is-layout-flow wp-block-column-is-layout-flow\" style=\"flex-basis:66.66%\">\n<p>A m\u00e1quina de marca\u00e7\u00e3o de pavimentos a frio da s\u00e9rie RS-5E \u00e9 especialmente concebida para marca\u00e7\u00e3o eficiente. Bomba hidr\u00e1ulica revers\u00edvel interna est\u00e1vel, pistola de pulveriza\u00e7\u00e3o ajust\u00e1vel e filtro de tinta garantem o desempenho da marca\u00e7\u00e3o. A m\u00e1quina de marca\u00e7\u00e3o de linha de estrada RS-5E tem uma longa vida \u00fatil devido \u00e0 estrutura simples, bomba confi\u00e1vel e motor.<\/p>\n<\/div>\n<\/div>\n\n\n\n<div class=\"wp-block-columns is-layout-flex wp-container-core-columns-is-layout-9d6595d7 wp-block-columns-is-layout-flex\">\n<div class=\"wp-block-column is-layout-flow wp-block-column-is-layout-flow\" style=\"flex-basis:33.33%\"><div class=\"wp-block-image\">\n<figure class=\"aligncenter size-large is-resized\"><a href=\"https:\/\/roadskymarking.com\/pt\/two-component-road-marking-machine.html\/\" target=\"_blank\" rel=\" noreferrer noopener\"><img decoding=\"async\" src=\"https:\/\/roadskymarking.com\/wp-content\/uploads\/2023\/09\/Two-Component-Road-Marking-Machine.jpg\" alt=\"M\u00e1quina de marca\u00e7\u00e3o de estradas de dois componentes RS-12\" style=\"object-fit:cover;width:200px;height:200px\"\/><\/a><figcaption class=\"wp-element-caption\"><a href=\"https:\/\/roadskymarking.com\/pt\/two-component-road-marking-machine.html\/\" target=\"_blank\" rel=\"noreferrer noopener\">M\u00e1quina de marca\u00e7\u00e3o de estradas de dois componentes RS-12<\/a><\/figcaption><\/figure><\/div><\/div>\n\n\n\n<div class=\"wp-block-column is-layout-flow wp-block-column-is-layout-flow\" style=\"flex-basis:66.66%\">\n<p>A m\u00e1quina de marca\u00e7\u00e3o de estradas de dois componentes \u00e9 um m\u00e9todo de marca\u00e7\u00e3o avan\u00e7ado. A tinta de marca\u00e7\u00e3o de dois componentes consiste em tinta pl\u00e1stica fria e agente de cura. Os dois l\u00edquidos est\u00e3o contidos em tanques separados at\u00e9 que eles s\u00e3o pulverizados e confluem no ar durante a opera\u00e7\u00e3o de marca\u00e7\u00e3o. Depois que a tinta pl\u00e1stica fria e o agente de cura s\u00e3o misturados no ar, eles imediatamente formam as linhas de marca\u00e7\u00e3o na estrada porque o agente de cura ajuda a acelerar a solidifica\u00e7\u00e3o da tinta. A largura da marca\u00e7\u00e3o pode ser controlada atrav\u00e9s do ajuste do \u00e2ngulo dos pulverizadores.<\/p>\n<\/div>\n<\/div>\n\n\n\n<div class=\"wp-block-columns is-layout-flex wp-container-core-columns-is-layout-9d6595d7 wp-block-columns-is-layout-flex\">\n<div class=\"wp-block-column is-layout-flow wp-block-column-is-layout-flow\" style=\"flex-basis:33.33%\"><div class=\"wp-block-image\">\n<figure class=\"aligncenter size-large is-resized\"><a href=\"https:\/\/roadskymarking.com\/pt\/automatic-cold-paint-road-marking-machine.html\/\" target=\"_blank\" rel=\" noreferrer noopener\"><img decoding=\"async\" src=\"https:\/\/roadskymarking.com\/wp-content\/uploads\/2017\/07\/automatic-cold-paint-road-marking-machine.jpg\" alt=\"M\u00e1quina autom\u00e1tica de marca\u00e7\u00e3o de estradas com tinta fria\" style=\"object-fit:cover;width:200px;height:200px\"\/><\/a><figcaption class=\"wp-element-caption\"><a href=\"https:\/\/roadskymarking.com\/pt\/automatic-cold-paint-road-marking-machine.html\/\" target=\"_blank\" rel=\"noreferrer noopener\">M\u00e1quina autom\u00e1tica de marca\u00e7\u00e3o de estradas com tinta fria<\/a><\/figcaption><\/figure><\/div><\/div>\n\n\n\n<div class=\"wp-block-column is-layout-flow wp-block-column-is-layout-flow\" style=\"flex-basis:66.66%\">\n<p>Nossa m\u00e1quina autom\u00e1tica de marca\u00e7\u00e3o de estrada com tinta a frio tipo de condu\u00e7\u00e3o \u00e9 uma m\u00e1quina de marca\u00e7\u00e3o totalmente autom\u00e1tica. O tanque de tinta de grande capacidade e o tanque de contas de vidro s\u00e3o especialmente concebidos para projectos de marca\u00e7\u00e3o de estradas de longa dist\u00e2ncia. O sistema de acionamento hidr\u00e1ulico confi\u00e1vel e o motor potente podem melhorar muito a efici\u00eancia da marca\u00e7\u00e3o de linha.<\/p>\n<\/div>\n<\/div>\n\n\n\n<h2 class=\"wp-block-heading\">Contacte-nos para um or\u00e7amento gratuito<\/h2>\n\n\n\n<p><em>Preencha o formul\u00e1rio abaixo e os nossos representantes comerciais entrar\u00e3o em contacto consigo em breve.<\/em><\/p>\n\n\n\n<div class=\"wp-block-contact-form-7-contact-form-selector\">\n<div class=\"wpcf7 no-js\" id=\"wpcf7-f1316-o1\" lang=\"en-US\" dir=\"ltr\" data-wpcf7-id=\"1316\">\n<div class=\"screen-reader-response\"><p role=\"status\" aria-live=\"polite\" aria-atomic=\"true\"><\/p> <ul><\/ul><\/div>\n<form action=\"\/pt\/wp-json\/wp\/v2\/pages\/3925#wpcf7-f1316-o1\" method=\"post\" class=\"wpcf7-form init\" aria-label=\"Formul\u00e1rio de contacto\" novalidate=\"novalidate\" data-status=\"init\" data-trp-original-action=\"\/pt\/wp-json\/wp\/v2\/pages\/3925#wpcf7-f1316-o1\">\n<fieldset class=\"hidden-fields-container\"><input type=\"hidden\" name=\"_wpcf7\" value=\"1316\" \/><input type=\"hidden\" name=\"_wpcf7_version\" value=\"6.1.5\" \/><input type=\"hidden\" name=\"_wpcf7_locale\" value=\"en_US\" \/><input type=\"hidden\" name=\"_wpcf7_unit_tag\" value=\"wpcf7-f1316-o1\" \/><input type=\"hidden\" name=\"_wpcf7_container_post\" value=\"0\" \/><input type=\"hidden\" name=\"_wpcf7_posted_data_hash\" value=\"\" \/>\n<\/fieldset>\n<div class=\"wpcf7-turnstile cf-turnstile\" data-sitekey=\"0x4AAAAAACH9ueYy7fDdFIjX\" data-response-field-name=\"_wpcf7_turnstile_response\"><\/div>\n\n<p><label><em>*<\/em>Assunto:<\/label><span class=\"wpcf7-form-control-wrap\" data-name=\"your-subject\"><input size=\"40\" maxlength=\"400\" class=\"wpcf7-form-control wpcf7-text wpcf7-validates-as-required\" id=\"your-subject\" aria-required=\"true\" aria-invalid=\"false\" value=\"Product Inquiry\" type=\"text\" name=\"your-subject\" \/><\/span>\n<\/p>\n<p><label><em>*<\/em>Nome:<\/label><span class=\"wpcf7-form-control-wrap\" data-name=\"your-name\"><input size=\"40\" maxlength=\"400\" class=\"wpcf7-form-control wpcf7-text wpcf7-validates-as-required\" id=\"your-name\" aria-required=\"true\" aria-invalid=\"false\" placeholder=\"Preencher com o seu nome habitualmente utilizado\" value=\"\" type=\"text\" name=\"your-name\" \/><\/span>\n<\/p>\n<p><label><em>*<\/em>Correio eletr\u00f3nico:<\/label><span class=\"wpcf7-form-control-wrap\" data-name=\"your-email\"><input size=\"40\" maxlength=\"400\" class=\"wpcf7-form-control wpcf7-email wpcf7-validates-as-required wpcf7-text wpcf7-validates-as-email\" id=\"your-email\" aria-required=\"true\" aria-invalid=\"false\" placeholder=\"Preencher o endere\u00e7o eletr\u00f3nico habitualmente utilizado\" value=\"\" type=\"email\" name=\"your-email\" \/><\/span>\n<\/p>\n<p><label>Telefone:<\/label><span class=\"wpcf7-form-control-wrap\" data-name=\"your-phone\"><input size=\"40\" maxlength=\"400\" class=\"wpcf7-form-control wpcf7-text\" id=\"your-phone\" aria-invalid=\"false\" placeholder=\"Preencher com o n\u00famero de telefone de contacto ou telem\u00f3vel\" value=\"\" type=\"text\" name=\"your-phone\" \/><\/span>\n<\/p>\n<p><label>Pa\u00eds:<\/label><span class=\"wpcf7-form-control-wrap\" data-name=\"your-country\"><input size=\"40\" maxlength=\"400\" class=\"wpcf7-form-control wpcf7-text\" id=\"your-country\" aria-invalid=\"false\" placeholder=\"Preencha o seu pa\u00eds\" value=\"\" type=\"text\" name=\"your-country\" \/><\/span>\n<\/p>\n<p><label>Empresa:<\/label><span class=\"wpcf7-form-control-wrap\" data-name=\"your-company\"><input size=\"40\" maxlength=\"400\" class=\"wpcf7-form-control wpcf7-text\" id=\"your-company\" aria-invalid=\"false\" placeholder=\"Preencher com o nome da empresa\" value=\"\" type=\"text\" name=\"your-company\" \/><\/span>\n<\/p>\n<p><label><em>*<\/em>Conte\u00fado:<\/label><span class=\"wpcf7-form-control-wrap\" data-name=\"your-message\"><textarea cols=\"40\" rows=\"10\" maxlength=\"2000\" class=\"wpcf7-form-control wpcf7-textarea wpcf7-validates-as-required\" aria-required=\"true\" aria-invalid=\"false\" placeholder=\"Por favor, preencha os detalhes que deseja saber, como o nome do produto, especifica\u00e7\u00f5es, pre\u00e7o, MOQ, etc.\" name=\"your-message\"><\/textarea><\/span>\n<\/p>\n<p class=\"btn-submit\"><label> <\/label><input class=\"wpcf7-form-control wpcf7-submit has-spinner\" type=\"submit\" value=\"ENVIAR\" \/>\n<\/p><div class=\"wpcf7-response-output\" aria-hidden=\"true\"><\/div>\n<input type=\"hidden\" name=\"trp-form-language\" value=\"pt\"\/><\/form>\n<\/div>\n<\/div>","protected":false},"excerpt":{"rendered":"<p>Features: Airless road marking machines use a high-pressure pump to spray paint directly onto road surfaces without the need for compressed air. This technology ensures a smooth and even application of paint, making it ideal for producing sharp and consistent lines on roads, parking lots, and other surfaces. The core components include a high-pressure pump, spray gun, paint tank, and adjustable nozzles. Applications of Airless Road Marking Machines Airless road marking machines are used in various sectors, including: Related Products RS-5 series cold paint road marking machine is widely used in parking lots, urban road and highway marking project. It is a kind of airless high pressure spraying marking machine, which generates pressure from plunger pump to spray paint through nozzle. Special designed spray guns control system makes the line ends tidy and good-looking. RS-5E series cold paint line striper (pavement marking machine) is special designed for efficient marking. Stable internal reversing hydraulic pump, adjustable spray gun and paint filter &#8230;<\/p>","protected":false},"author":1,"featured_media":0,"parent":0,"menu_order":0,"comment_status":"closed","ping_status":"closed","template":"","meta":{"footnotes":""},"class_list":["post-3925","page","type-page","status-publish","hentry"],"yoast_head":"<!-- This site is optimized with the Yoast SEO plugin v27.5 - https:\/\/yoast.com\/product\/yoast-seo-wordpress\/ -->\n<title>Airless Road Marking Machines - RoadSky<\/title>\n<meta name=\"description\" content=\"Airless road marking machines use a high-pressure pump to spray paint directly onto road surfaces without the need for compressed air.\" \/>\n<meta name=\"robots\" content=\"index, follow, max-snippet:-1, max-image-preview:large, max-video-preview:-1\" \/>\n<link rel=\"canonical\" href=\"https:\/\/roadskymarking.com\/pt\/airless-road-marking-machines-2\/\" \/>\n<meta property=\"og:locale\" content=\"pt_PT\" \/>\n<meta property=\"og:type\" content=\"article\" \/>\n<meta property=\"og:title\" content=\"Airless Road Marking Machines - RoadSky\" \/>\n<meta property=\"og:description\" content=\"Airless road marking machines use a high-pressure pump to spray paint directly onto road surfaces without the need for compressed air.\" \/>\n<meta property=\"og:url\" content=\"https:\/\/roadskymarking.com\/pt\/airless-road-marking-machines-2\/\" \/>\n<meta property=\"og:site_name\" content=\"Nanjing Roadsky Traffic Facility Co.,Ltd. (Roadsky Corporation)\" \/>\n<meta property=\"article:modified_time\" content=\"2024-11-20T08:21:37+00:00\" \/>\n<meta property=\"og:image\" content=\"https:\/\/roadskymarking.com\/wp-content\/uploads\/2024\/11\/Airless-Road-Marking-Machines.jpg\" \/>\n\t<meta property=\"og:image:width\" content=\"600\" \/>\n\t<meta property=\"og:image:height\" content=\"400\" \/>\n\t<meta property=\"og:image:type\" content=\"image\/jpeg\" \/>\n<meta name=\"twitter:card\" content=\"summary_large_image\" \/>\n<meta name=\"twitter:label1\" content=\"Tempo estimado de leitura\" \/>\n\t<meta name=\"twitter:data1\" content=\"3 minutos\" \/>\n<script type=\"application\/ld+json\" class=\"yoast-schema-graph\">{\"@context\":\"https:\\\/\\\/schema.org\",\"@graph\":[{\"@type\":\"WebPage\",\"@id\":\"https:\\\/\\\/roadskymarking.com\\\/airless-road-marking-machines-2\",\"url\":\"https:\\\/\\\/roadskymarking.com\\\/airless-road-marking-machines-2\",\"name\":\"Airless Road Marking Machines - RoadSky\",\"isPartOf\":{\"@id\":\"https:\\\/\\\/roadskymarking.com\\\/#website\"},\"primaryImageOfPage\":{\"@id\":\"https:\\\/\\\/roadskymarking.com\\\/airless-road-marking-machines-2#primaryimage\"},\"image\":{\"@id\":\"https:\\\/\\\/roadskymarking.com\\\/airless-road-marking-machines-2#primaryimage\"},\"thumbnailUrl\":\"https:\\\/\\\/roadskymarking.com\\\/wp-content\\\/uploads\\\/2024\\\/11\\\/Airless-Road-Marking-Machines.jpg\",\"datePublished\":\"2024-11-20T07:58:32+00:00\",\"dateModified\":\"2024-11-20T08:21:37+00:00\",\"description\":\"Airless road marking machines use a high-pressure pump to spray paint directly onto road surfaces without the need for compressed air.\",\"breadcrumb\":{\"@id\":\"https:\\\/\\\/roadskymarking.com\\\/airless-road-marking-machines-2#breadcrumb\"},\"inLanguage\":\"pt-PT\",\"potentialAction\":[{\"@type\":\"ReadAction\",\"target\":[\"https:\\\/\\\/roadskymarking.com\\\/airless-road-marking-machines-2\"]}]},{\"@type\":\"ImageObject\",\"inLanguage\":\"pt-PT\",\"@id\":\"https:\\\/\\\/roadskymarking.com\\\/airless-road-marking-machines-2#primaryimage\",\"url\":\"https:\\\/\\\/roadskymarking.com\\\/wp-content\\\/uploads\\\/2024\\\/11\\\/Airless-Road-Marking-Machines.jpg\",\"contentUrl\":\"https:\\\/\\\/roadskymarking.com\\\/wp-content\\\/uploads\\\/2024\\\/11\\\/Airless-Road-Marking-Machines.jpg\"},{\"@type\":\"BreadcrumbList\",\"@id\":\"https:\\\/\\\/roadskymarking.com\\\/airless-road-marking-machines-2#breadcrumb\",\"itemListElement\":[{\"@type\":\"ListItem\",\"position\":1,\"name\":\"Home\",\"item\":\"https:\\\/\\\/roadskymarking.com\\\/\"},{\"@type\":\"ListItem\",\"position\":2,\"name\":\"Airless Road Marking Machines\"}]},{\"@type\":\"WebSite\",\"@id\":\"https:\\\/\\\/roadskymarking.com\\\/#website\",\"url\":\"https:\\\/\\\/roadskymarking.com\\\/\",\"name\":\"Nanjing Roadsky Traffic Facility Co.,Ltd. (Roadsky Corporation)\",\"description\":\"Pavement Marking Equipment Supplier - RoadSky\",\"publisher\":{\"@id\":\"https:\\\/\\\/roadskymarking.com\\\/#organization\"},\"potentialAction\":[{\"@type\":\"SearchAction\",\"target\":{\"@type\":\"EntryPoint\",\"urlTemplate\":\"https:\\\/\\\/roadskymarking.com\\\/?s={search_term_string}\"},\"query-input\":{\"@type\":\"PropertyValueSpecification\",\"valueRequired\":true,\"valueName\":\"search_term_string\"}}],\"inLanguage\":\"pt-PT\"},{\"@type\":\"Organization\",\"@id\":\"https:\\\/\\\/roadskymarking.com\\\/#organization\",\"name\":\"Nanjing Roadsky Traffic Facility Co.,Ltd. (Roadsky Corporation)\",\"url\":\"https:\\\/\\\/roadskymarking.com\\\/\",\"logo\":{\"@type\":\"ImageObject\",\"inLanguage\":\"pt-PT\",\"@id\":\"https:\\\/\\\/roadskymarking.com\\\/#\\\/schema\\\/logo\\\/image\\\/\",\"url\":\"https:\\\/\\\/roadskymarking.com\\\/wp-content\\\/uploads\\\/2023\\\/03\\\/LOGO.png\",\"contentUrl\":\"https:\\\/\\\/roadskymarking.com\\\/wp-content\\\/uploads\\\/2023\\\/03\\\/LOGO.png\",\"width\":500,\"height\":400,\"caption\":\"Nanjing Roadsky Traffic Facility Co.,Ltd. (Roadsky Corporation)\"},\"image\":{\"@id\":\"https:\\\/\\\/roadskymarking.com\\\/#\\\/schema\\\/logo\\\/image\\\/\"}}]}<\/script>\n<!-- \/ Yoast SEO plugin. -->","yoast_head_json":{"title":"M\u00e1quinas de marca\u00e7\u00e3o de estradas sem ar - RoadSky","description":"As m\u00e1quinas de marca\u00e7\u00e3o rodovi\u00e1ria sem ar utilizam uma bomba de alta press\u00e3o para pulverizar tinta diretamente nas superf\u00edcies das estradas sem necessidade de ar comprimido.","robots":{"index":"index","follow":"follow","max-snippet":"max-snippet:-1","max-image-preview":"max-image-preview:large","max-video-preview":"max-video-preview:-1"},"canonical":"https:\/\/roadskymarking.com\/pt\/airless-road-marking-machines-2\/","og_locale":"pt_PT","og_type":"article","og_title":"Airless Road Marking Machines - RoadSky","og_description":"Airless road marking machines use a high-pressure pump to spray paint directly onto road surfaces without the need for compressed air.","og_url":"https:\/\/roadskymarking.com\/pt\/airless-road-marking-machines-2\/","og_site_name":"Nanjing Roadsky Traffic Facility Co.,Ltd. (Roadsky Corporation)","article_modified_time":"2024-11-20T08:21:37+00:00","og_image":[{"width":600,"height":400,"url":"https:\/\/roadskymarking.com\/wp-content\/uploads\/2024\/11\/Airless-Road-Marking-Machines.jpg","type":"image\/jpeg"}],"twitter_card":"summary_large_image","twitter_misc":{"Tempo estimado de leitura":"3 minutos"},"schema":{"@context":"https:\/\/schema.org","@graph":[{"@type":"WebPage","@id":"https:\/\/roadskymarking.com\/airless-road-marking-machines-2","url":"https:\/\/roadskymarking.com\/airless-road-marking-machines-2","name":"M\u00e1quinas de marca\u00e7\u00e3o de estradas sem ar - RoadSky","isPartOf":{"@id":"https:\/\/roadskymarking.com\/#website"},"primaryImageOfPage":{"@id":"https:\/\/roadskymarking.com\/airless-road-marking-machines-2#primaryimage"},"image":{"@id":"https:\/\/roadskymarking.com\/airless-road-marking-machines-2#primaryimage"},"thumbnailUrl":"https:\/\/roadskymarking.com\/wp-content\/uploads\/2024\/11\/Airless-Road-Marking-Machines.jpg","datePublished":"2024-11-20T07:58:32+00:00","dateModified":"2024-11-20T08:21:37+00:00","description":"As m\u00e1quinas de marca\u00e7\u00e3o rodovi\u00e1ria sem ar utilizam uma bomba de alta press\u00e3o para pulverizar tinta diretamente nas superf\u00edcies das estradas sem necessidade de ar comprimido.","breadcrumb":{"@id":"https:\/\/roadskymarking.com\/airless-road-marking-machines-2#breadcrumb"},"inLanguage":"pt-PT","potentialAction":[{"@type":"ReadAction","target":["https:\/\/roadskymarking.com\/airless-road-marking-machines-2"]}]},{"@type":"ImageObject","inLanguage":"pt-PT","@id":"https:\/\/roadskymarking.com\/airless-road-marking-machines-2#primaryimage","url":"https:\/\/roadskymarking.com\/wp-content\/uploads\/2024\/11\/Airless-Road-Marking-Machines.jpg","contentUrl":"https:\/\/roadskymarking.com\/wp-content\/uploads\/2024\/11\/Airless-Road-Marking-Machines.jpg"},{"@type":"BreadcrumbList","@id":"https:\/\/roadskymarking.com\/airless-road-marking-machines-2#breadcrumb","itemListElement":[{"@type":"ListItem","position":1,"name":"Home","item":"https:\/\/roadskymarking.com\/"},{"@type":"ListItem","position":2,"name":"Airless Road Marking Machines"}]},{"@type":"WebSite","@id":"https:\/\/roadskymarking.com\/#website","url":"https:\/\/roadskymarking.com\/","name":"Nanjing Roadsky Traffic Facility Co.,Ltd. (Roadsky Corporation)","description":"Fornecedor de equipamento de marca\u00e7\u00e3o de pavimentos - RoadSky","publisher":{"@id":"https:\/\/roadskymarking.com\/#organization"},"potentialAction":[{"@type":"SearchAction","target":{"@type":"EntryPoint","urlTemplate":"https:\/\/roadskymarking.com\/?s={search_term_string}"},"query-input":{"@type":"PropertyValueSpecification","valueRequired":true,"valueName":"search_term_string"}}],"inLanguage":"pt-PT"},{"@type":"Organization","@id":"https:\/\/roadskymarking.com\/#organization","name":"Nanjing Roadsky Traffic Facility Co.,Ltd. (Roadsky Corporation)","url":"https:\/\/roadskymarking.com\/","logo":{"@type":"ImageObject","inLanguage":"pt-PT","@id":"https:\/\/roadskymarking.com\/#\/schema\/logo\/image\/","url":"https:\/\/roadskymarking.com\/wp-content\/uploads\/2023\/03\/LOGO.png","contentUrl":"https:\/\/roadskymarking.com\/wp-content\/uploads\/2023\/03\/LOGO.png","width":500,"height":400,"caption":"Nanjing Roadsky Traffic Facility Co.,Ltd. (Roadsky Corporation)"},"image":{"@id":"https:\/\/roadskymarking.com\/#\/schema\/logo\/image\/"}}]}},"_links":{"self":[{"href":"https:\/\/roadskymarking.com\/pt\/wp-json\/wp\/v2\/pages\/3925","targetHints":{"allow":["GET"]}}],"collection":[{"href":"https:\/\/roadskymarking.com\/pt\/wp-json\/wp\/v2\/pages"}],"about":[{"href":"https:\/\/roadskymarking.com\/pt\/wp-json\/wp\/v2\/types\/page"}],"author":[{"embeddable":true,"href":"https:\/\/roadskymarking.com\/pt\/wp-json\/wp\/v2\/users\/1"}],"replies":[{"embeddable":true,"href":"https:\/\/roadskymarking.com\/pt\/wp-json\/wp\/v2\/comments?post=3925"}],"version-history":[{"count":7,"href":"https:\/\/roadskymarking.com\/pt\/wp-json\/wp\/v2\/pages\/3925\/revisions"}],"predecessor-version":[{"id":3938,"href":"https:\/\/roadskymarking.com\/pt\/wp-json\/wp\/v2\/pages\/3925\/revisions\/3938"}],"wp:attachment":[{"href":"https:\/\/roadskymarking.com\/pt\/wp-json\/wp\/v2\/media?parent=3925"}],"curies":[{"name":"wp","href":"https:\/\/api.w.org\/{rel}","templated":true}]}}