{"id":3953,"date":"2025-01-08T01:58:24","date_gmt":"2025-01-08T01:58:24","guid":{"rendered":"https:\/\/roadskymarking.com\/?page_id=3953"},"modified":"2025-01-08T02:16:39","modified_gmt":"2025-01-08T02:16:39","slug":"traffic-marking-paint","status":"publish","type":"page","link":"https:\/\/roadskymarking.com\/pt\/traffic-marking-paint","title":{"rendered":"Tinta para marca\u00e7\u00e3o de tr\u00e1fego"},"content":{"rendered":"<div class=\"wp-block-columns is-layout-flex wp-container-core-columns-is-layout-9d6595d7 wp-block-columns-is-layout-flex\">\n<div class=\"wp-block-column is-layout-flow wp-block-column-is-layout-flow\">\n<figure class=\"wp-block-image size-full\"><img loading=\"lazy\" decoding=\"async\" width=\"600\" height=\"400\" src=\"https:\/\/roadskymarking.com\/wp-content\/uploads\/2025\/01\/Traffic-Marking-Paint.jpg\" alt=\"Tinta para marca\u00e7\u00e3o de tr\u00e1fego\" class=\"wp-image-3956\" srcset=\"https:\/\/roadskymarking.com\/wp-content\/uploads\/2025\/01\/Traffic-Marking-Paint.jpg 600w, https:\/\/roadskymarking.com\/wp-content\/uploads\/2025\/01\/Traffic-Marking-Paint-400x267.jpg 400w\" sizes=\"auto, (max-width: 600px) 100vw, 600px\" \/><\/figure>\n<\/div>\n\n\n\n<div class=\"wp-block-column is-layout-flow wp-block-column-is-layout-flow\">\n<h3 class=\"wp-block-heading\">Benef\u00edcios:<\/h3>\n\n\n\n<ul class=\"wp-block-list\">\n<li>Seguran\u00e7a refor\u00e7ada<\/li>\n\n\n\n<li>As op\u00e7\u00f5es reflectoras melhoram as condi\u00e7\u00f5es nocturnas e de baixa visibilidade.<\/li>\n\n\n\n<li>Personaliz\u00e1vel<\/li>\n<\/ul>\n\n\n\n<div class=\"wp-block-buttons is-content-justification-center is-layout-flex wp-container-core-buttons-is-layout-16018d1d wp-block-buttons-is-layout-flex\">\n<div class=\"wp-block-button\"><a class=\"wp-block-button__link has-luminous-vivid-orange-background-color has-background wp-element-button\" href=\"https:\/\/roadskymarking.com\/pt\/inquiry\/\" target=\"_blank\" rel=\" noreferrer noopener nofollow\"><mark style=\"background-color:rgba(0, 0, 0, 0)\" class=\"has-inline-color has-white-color\">Obter um or\u00e7amento<\/mark><\/a><\/div>\n<\/div>\n<\/div>\n<\/div>\n\n\n\n<div style=\"height:20px\" aria-hidden=\"true\" class=\"wp-block-spacer\"><\/div>\n\n\n\n<hr class=\"wp-block-separator has-alpha-channel-opacity\"\/>\n\n\n\n<p>A tinta de marca\u00e7\u00e3o de tr\u00e1fego \u00e9 um revestimento especializado concebido para superf\u00edcies de estrada para criar linhas, s\u00edmbolos e marca\u00e7\u00f5es vis\u00edveis. Estas marca\u00e7\u00f5es ajudam a direcionar o fluxo de tr\u00e1fego, indicam os lugares de estacionamento, destacam os perigos e garantem a seguran\u00e7a dos pe\u00f5es.<\/p>\n\n\n\n<h2 class=\"wp-block-heading\">Produtos relacionados<\/h2>\n\n\n\n<div class=\"wp-block-columns is-layout-flex wp-container-core-columns-is-layout-9d6595d7 wp-block-columns-is-layout-flex\">\n<div class=\"wp-block-column is-layout-flow wp-block-column-is-layout-flow\" style=\"flex-basis:33.33%\"><div class=\"wp-block-image\">\n<figure class=\"aligncenter size-large is-resized\"><a href=\"https:\/\/roadskymarking.com\/pt\/thermoplastic-road-marking-paint.html\/\" target=\"_blank\" rel=\" noreferrer noopener\"><img decoding=\"async\" src=\"https:\/\/roadskymarking.com\/wp-content\/uploads\/2017\/04\/thermoplastic-paint-effect-800.jpg\" alt=\"Tinta termopl\u00e1stica para marca\u00e7\u00e3o de estradas\" style=\"object-fit:cover;width:200px;height:200px\"\/><\/a><figcaption class=\"wp-element-caption\"><a href=\"https:\/\/roadskymarking.com\/pt\/thermoplastic-road-marking-paint.html\/\" target=\"_blank\" rel=\"noreferrer noopener\">Tinta termopl\u00e1stica para marca\u00e7\u00e3o de estradas<\/a><\/figcaption><\/figure><\/div><\/div>\n\n\n\n<div class=\"wp-block-column is-layout-flow wp-block-column-is-layout-flow\" style=\"flex-basis:66.66%\">\n<p>A marca\u00e7\u00e3o termopl\u00e1stica \u00e9 muito utilizada na constru\u00e7\u00e3o de estradas e ruas. Branco e amarelo s\u00e3o as cores mais comuns utilizadas em projetos de marca\u00e7\u00e3o termopl\u00e1stica. Roadsky \u00e9 o principal fabricante de tinta termopl\u00e1stica para marca\u00e7\u00e3o de estrada na China. Ambas as tintas termopl\u00e1sticas para marca\u00e7\u00e3o de estradas brancas e amarelas s\u00e3o conhecidas pelo rigoroso controlo de qualidade e pre\u00e7o competitivo. Tinta em diferentes padr\u00f5es e cores tamb\u00e9m est\u00e3o dispon\u00edveis para atender \u00e0s diferentes necessidades de constru\u00e7\u00e3o.<\/p>\n<\/div>\n<\/div>\n\n\n\n<div class=\"wp-block-columns is-layout-flex wp-container-core-columns-is-layout-9d6595d7 wp-block-columns-is-layout-flex\">\n<div class=\"wp-block-column is-layout-flow wp-block-column-is-layout-flow\" style=\"flex-basis:33.33%\"><div class=\"wp-block-image\">\n<figure class=\"aligncenter size-large is-resized\"><a href=\"https:\/\/roadskymarking.com\/pt\/two-component-road-marking-paint.html\/\" target=\"_blank\" rel=\" noreferrer noopener\"><img decoding=\"async\" src=\"https:\/\/roadskymarking.com\/wp-content\/uploads\/2015\/04\/two-component-road-marking-paint.jpg\" alt=\"Tinta de dois componentes para marca\u00e7\u00e3o de estradas\" style=\"object-fit:cover;width:200px;height:200px\"\/><\/a><figcaption class=\"wp-element-caption\"><a href=\"https:\/\/roadskymarking.com\/pt\/two-component-road-marking-paint.html\/\" target=\"_blank\" rel=\"noreferrer noopener\">Tinta de dois componentes para marca\u00e7\u00e3o de estradas<\/a><\/figcaption><\/figure><\/div><\/div>\n\n\n\n<div class=\"wp-block-column is-layout-flow wp-block-column-is-layout-flow\" style=\"flex-basis:66.66%\">\n<p>A tinta de dois componentes consiste em tinta pl\u00e1stica a frio e agente de cura. Aquando da marca\u00e7\u00e3o, os dois componentes s\u00e3o misturados imediatamente antes da aplica\u00e7\u00e3o para formar a marca\u00e7\u00e3o do pavimento. A vida \u00fatil da marca\u00e7\u00e3o de pavimento de dois componentes varia normalmente entre 2 e 4 anos, com base nos volumes de tr\u00e1fego.<\/p>\n<\/div>\n<\/div>\n\n\n\n<div class=\"wp-block-columns is-layout-flex wp-container-core-columns-is-layout-9d6595d7 wp-block-columns-is-layout-flex\">\n<div class=\"wp-block-column is-layout-flow wp-block-column-is-layout-flow\" style=\"flex-basis:33.33%\"><div class=\"wp-block-image\">\n<figure class=\"aligncenter size-large is-resized\"><a href=\"https:\/\/roadskymarking.com\/pt\/convex-road-marking-paint.html\/\" target=\"_blank\" rel=\" noreferrer noopener\"><img decoding=\"async\" src=\"https:\/\/roadskymarking.com\/wp-content\/uploads\/2014\/04\/convex-marking-line-3.jpg\" alt=\"Tinta convexa para marca\u00e7\u00e3o de estradas\" style=\"object-fit:cover;width:200px;height:auto\"\/><\/a><figcaption class=\"wp-element-caption\"><a href=\"https:\/\/roadskymarking.com\/pt\/convex-road-marking-paint.html\/\" target=\"_blank\" rel=\"noreferrer noopener\">Tinta convexa para marca\u00e7\u00e3o de estradas<\/a><\/figcaption><\/figure><\/div><\/div>\n\n\n\n<div class=\"wp-block-column is-layout-flow wp-block-column-is-layout-flow\" style=\"flex-basis:66.66%\">\n<p>A tinta termopl\u00e1stica convexa para marca\u00e7\u00e3o de estradas consiste em resina termopl\u00e1stica, borracha modificada e etc. Com excelente visibilidade e boa vibra\u00e7\u00e3o, \u00e9 aplicada para marcar a linha central, linha de redu\u00e7\u00e3o de velocidade na entrada e sa\u00edda de estradas, etc. A tinta termopl\u00e1stica convexa para marca\u00e7\u00e3o de estradas tem quatro padr\u00f5es diferentes, incluindo nervuras, quadrado pequeno, ponto e tipo de tarambola.<\/p>\n<\/div>\n<\/div>\n\n\n\n<h2 class=\"wp-block-heading\">Contacte-nos para um or\u00e7amento gratuito<\/h2>\n\n\n\n<p><em>Preencha o formul\u00e1rio abaixo e os nossos representantes comerciais entrar\u00e3o em contacto consigo em breve.<\/em><\/p>\n\n\n\n<div class=\"wp-block-contact-form-7-contact-form-selector\">\n<div class=\"wpcf7 no-js\" id=\"wpcf7-f1316-o1\" lang=\"en-US\" dir=\"ltr\" data-wpcf7-id=\"1316\">\n<div class=\"screen-reader-response\"><p role=\"status\" aria-live=\"polite\" aria-atomic=\"true\"><\/p> <ul><\/ul><\/div>\n<form action=\"\/pt\/wp-json\/wp\/v2\/pages\/3953#wpcf7-f1316-o1\" method=\"post\" class=\"wpcf7-form init\" aria-label=\"Formul\u00e1rio de contacto\" novalidate=\"novalidate\" data-status=\"init\" data-trp-original-action=\"\/pt\/wp-json\/wp\/v2\/pages\/3953#wpcf7-f1316-o1\">\n<fieldset class=\"hidden-fields-container\"><input type=\"hidden\" name=\"_wpcf7\" value=\"1316\" \/><input type=\"hidden\" name=\"_wpcf7_version\" value=\"6.1.5\" \/><input type=\"hidden\" name=\"_wpcf7_locale\" value=\"en_US\" \/><input type=\"hidden\" name=\"_wpcf7_unit_tag\" value=\"wpcf7-f1316-o1\" \/><input type=\"hidden\" name=\"_wpcf7_container_post\" value=\"0\" \/><input type=\"hidden\" name=\"_wpcf7_posted_data_hash\" value=\"\" \/>\n<\/fieldset>\n<div class=\"wpcf7-turnstile cf-turnstile\" data-sitekey=\"0x4AAAAAACH9ueYy7fDdFIjX\" data-response-field-name=\"_wpcf7_turnstile_response\"><\/div>\n\n<p><label><em>*<\/em>Assunto:<\/label><span class=\"wpcf7-form-control-wrap\" data-name=\"your-subject\"><input size=\"40\" maxlength=\"400\" class=\"wpcf7-form-control wpcf7-text wpcf7-validates-as-required\" id=\"your-subject\" aria-required=\"true\" aria-invalid=\"false\" value=\"Product Inquiry\" type=\"text\" name=\"your-subject\" \/><\/span>\n<\/p>\n<p><label><em>*<\/em>Nome:<\/label><span class=\"wpcf7-form-control-wrap\" data-name=\"your-name\"><input size=\"40\" maxlength=\"400\" class=\"wpcf7-form-control wpcf7-text wpcf7-validates-as-required\" id=\"your-name\" aria-required=\"true\" aria-invalid=\"false\" placeholder=\"Preencher com o seu nome habitualmente utilizado\" value=\"\" type=\"text\" name=\"your-name\" \/><\/span>\n<\/p>\n<p><label><em>*<\/em>Correio eletr\u00f3nico:<\/label><span class=\"wpcf7-form-control-wrap\" data-name=\"your-email\"><input size=\"40\" maxlength=\"400\" class=\"wpcf7-form-control wpcf7-email wpcf7-validates-as-required wpcf7-text wpcf7-validates-as-email\" id=\"your-email\" aria-required=\"true\" aria-invalid=\"false\" placeholder=\"Preencher o endere\u00e7o eletr\u00f3nico habitualmente utilizado\" value=\"\" type=\"email\" name=\"your-email\" \/><\/span>\n<\/p>\n<p><label>Telefone:<\/label><span class=\"wpcf7-form-control-wrap\" data-name=\"your-phone\"><input size=\"40\" maxlength=\"400\" class=\"wpcf7-form-control wpcf7-text\" id=\"your-phone\" aria-invalid=\"false\" placeholder=\"Preencher com o n\u00famero de telefone de contacto ou telem\u00f3vel\" value=\"\" type=\"text\" name=\"your-phone\" \/><\/span>\n<\/p>\n<p><label>Pa\u00eds:<\/label><span class=\"wpcf7-form-control-wrap\" data-name=\"your-country\"><input size=\"40\" maxlength=\"400\" class=\"wpcf7-form-control wpcf7-text\" id=\"your-country\" aria-invalid=\"false\" placeholder=\"Preencha o seu pa\u00eds\" value=\"\" type=\"text\" name=\"your-country\" \/><\/span>\n<\/p>\n<p><label>Empresa:<\/label><span class=\"wpcf7-form-control-wrap\" data-name=\"your-company\"><input size=\"40\" maxlength=\"400\" class=\"wpcf7-form-control wpcf7-text\" id=\"your-company\" aria-invalid=\"false\" placeholder=\"Preencher com o nome da empresa\" value=\"\" type=\"text\" name=\"your-company\" \/><\/span>\n<\/p>\n<p><label><em>*<\/em>Conte\u00fado:<\/label><span class=\"wpcf7-form-control-wrap\" data-name=\"your-message\"><textarea cols=\"40\" rows=\"10\" maxlength=\"2000\" class=\"wpcf7-form-control wpcf7-textarea wpcf7-validates-as-required\" aria-required=\"true\" aria-invalid=\"false\" placeholder=\"Por favor, preencha os detalhes que deseja saber, como o nome do produto, especifica\u00e7\u00f5es, pre\u00e7o, MOQ, etc.\" name=\"your-message\"><\/textarea><\/span>\n<\/p>\n<p class=\"btn-submit\"><label> <\/label><input class=\"wpcf7-form-control wpcf7-submit has-spinner\" type=\"submit\" value=\"ENVIAR\" \/>\n<\/p><div class=\"wpcf7-response-output\" aria-hidden=\"true\"><\/div>\n<input type=\"hidden\" name=\"trp-form-language\" value=\"pt\"\/><\/form>\n<\/div>\n<\/div>","protected":false},"excerpt":{"rendered":"<p>Benefits: Traffic marking paint is a specialized coating designed for road surfaces to create visible lines, symbols, and markings. These markings help direct traffic flow, indicate parking spaces, highlight hazards, and ensure pedestrian safety. Related Products Thermoplastic marking is widely used in highway and street constrcution. White and yellow are the most common color used in thermoplastic marking projects. Roadsky is leading thermoplastic road marking paint manufacturer in China. Both white and yellow thermoplastic road marking paints are renowned for strict quality control and competitive price. Paint in different standards and color are also available to meet the different construction needs. The two components paint consists of cold plastic paint and curing agent. When marking, the two components are mixed immediately before application to form the pavement marking. The service life of two component pavement marking normally ranges between 2 and 4 years based on traffic volumes. Thermoplastic convex road marking paint consists of thermoplastic resin, modified rubber and etc. &#8230;<\/p>","protected":false},"author":1,"featured_media":0,"parent":0,"menu_order":0,"comment_status":"closed","ping_status":"closed","template":"","meta":{"footnotes":""},"class_list":["post-3953","page","type-page","status-publish","hentry"],"yoast_head":"<!-- This site is optimized with the Yoast SEO plugin v27.3 - https:\/\/yoast.com\/product\/yoast-seo-wordpress\/ -->\n<title>Traffic Marking Paint - Manufacturer and Supplier in China<\/title>\n<meta name=\"description\" content=\"Traffic marking paint is a specialized coating designed for road surfaces to create visible lines, symbols, and markings.\" \/>\n<meta name=\"robots\" content=\"index, follow, max-snippet:-1, max-image-preview:large, max-video-preview:-1\" \/>\n<link rel=\"canonical\" href=\"https:\/\/roadskymarking.com\/pt\/traffic-marking-paint\/\" \/>\n<meta property=\"og:locale\" content=\"pt_PT\" \/>\n<meta property=\"og:type\" content=\"article\" \/>\n<meta property=\"og:title\" content=\"Traffic Marking Paint - Manufacturer and Supplier in China\" \/>\n<meta property=\"og:description\" content=\"Traffic marking paint is a specialized coating designed for road surfaces to create visible lines, symbols, and markings.\" \/>\n<meta property=\"og:url\" content=\"https:\/\/roadskymarking.com\/pt\/traffic-marking-paint\/\" \/>\n<meta property=\"og:site_name\" content=\"Nanjing Roadsky Traffic Facility Co.,Ltd. (Roadsky Corporation)\" \/>\n<meta property=\"article:modified_time\" content=\"2025-01-08T02:16:39+00:00\" \/>\n<meta property=\"og:image\" content=\"https:\/\/roadskymarking.com\/wp-content\/uploads\/2025\/01\/Traffic-Marking-Paint.jpg\" \/>\n\t<meta property=\"og:image:width\" content=\"600\" \/>\n\t<meta property=\"og:image:height\" content=\"400\" \/>\n\t<meta property=\"og:image:type\" content=\"image\/jpeg\" \/>\n<meta name=\"twitter:card\" content=\"summary_large_image\" \/>\n<meta name=\"twitter:label1\" content=\"Tempo estimado de leitura\" \/>\n\t<meta name=\"twitter:data1\" content=\"2 minutos\" \/>\n<script type=\"application\/ld+json\" class=\"yoast-schema-graph\">{\"@context\":\"https:\\\/\\\/schema.org\",\"@graph\":[{\"@type\":\"WebPage\",\"@id\":\"https:\\\/\\\/roadskymarking.com\\\/traffic-marking-paint\",\"url\":\"https:\\\/\\\/roadskymarking.com\\\/traffic-marking-paint\",\"name\":\"Traffic Marking Paint - Manufacturer and Supplier in China\",\"isPartOf\":{\"@id\":\"https:\\\/\\\/roadskymarking.com\\\/#website\"},\"primaryImageOfPage\":{\"@id\":\"https:\\\/\\\/roadskymarking.com\\\/traffic-marking-paint#primaryimage\"},\"image\":{\"@id\":\"https:\\\/\\\/roadskymarking.com\\\/traffic-marking-paint#primaryimage\"},\"thumbnailUrl\":\"https:\\\/\\\/roadskymarking.com\\\/wp-content\\\/uploads\\\/2025\\\/01\\\/Traffic-Marking-Paint.jpg\",\"datePublished\":\"2025-01-08T01:58:24+00:00\",\"dateModified\":\"2025-01-08T02:16:39+00:00\",\"description\":\"Traffic marking paint is a specialized coating designed for road surfaces to create visible lines, symbols, and markings.\",\"breadcrumb\":{\"@id\":\"https:\\\/\\\/roadskymarking.com\\\/traffic-marking-paint#breadcrumb\"},\"inLanguage\":\"pt-PT\",\"potentialAction\":[{\"@type\":\"ReadAction\",\"target\":[\"https:\\\/\\\/roadskymarking.com\\\/traffic-marking-paint\"]}]},{\"@type\":\"ImageObject\",\"inLanguage\":\"pt-PT\",\"@id\":\"https:\\\/\\\/roadskymarking.com\\\/traffic-marking-paint#primaryimage\",\"url\":\"https:\\\/\\\/roadskymarking.com\\\/wp-content\\\/uploads\\\/2025\\\/01\\\/Traffic-Marking-Paint.jpg\",\"contentUrl\":\"https:\\\/\\\/roadskymarking.com\\\/wp-content\\\/uploads\\\/2025\\\/01\\\/Traffic-Marking-Paint.jpg\"},{\"@type\":\"BreadcrumbList\",\"@id\":\"https:\\\/\\\/roadskymarking.com\\\/traffic-marking-paint#breadcrumb\",\"itemListElement\":[{\"@type\":\"ListItem\",\"position\":1,\"name\":\"Home\",\"item\":\"https:\\\/\\\/roadskymarking.com\\\/\"},{\"@type\":\"ListItem\",\"position\":2,\"name\":\"Traffic Marking Paint\"}]},{\"@type\":\"WebSite\",\"@id\":\"https:\\\/\\\/roadskymarking.com\\\/#website\",\"url\":\"https:\\\/\\\/roadskymarking.com\\\/\",\"name\":\"Nanjing Roadsky Traffic Facility Co.,Ltd. (Roadsky Corporation)\",\"description\":\"Pavement Marking Equipment Supplier - RoadSky\",\"publisher\":{\"@id\":\"https:\\\/\\\/roadskymarking.com\\\/#organization\"},\"potentialAction\":[{\"@type\":\"SearchAction\",\"target\":{\"@type\":\"EntryPoint\",\"urlTemplate\":\"https:\\\/\\\/roadskymarking.com\\\/?s={search_term_string}\"},\"query-input\":{\"@type\":\"PropertyValueSpecification\",\"valueRequired\":true,\"valueName\":\"search_term_string\"}}],\"inLanguage\":\"pt-PT\"},{\"@type\":\"Organization\",\"@id\":\"https:\\\/\\\/roadskymarking.com\\\/#organization\",\"name\":\"Nanjing Roadsky Traffic Facility Co.,Ltd. (Roadsky Corporation)\",\"url\":\"https:\\\/\\\/roadskymarking.com\\\/\",\"logo\":{\"@type\":\"ImageObject\",\"inLanguage\":\"pt-PT\",\"@id\":\"https:\\\/\\\/roadskymarking.com\\\/#\\\/schema\\\/logo\\\/image\\\/\",\"url\":\"https:\\\/\\\/roadskymarking.com\\\/wp-content\\\/uploads\\\/2023\\\/03\\\/LOGO.png\",\"contentUrl\":\"https:\\\/\\\/roadskymarking.com\\\/wp-content\\\/uploads\\\/2023\\\/03\\\/LOGO.png\",\"width\":500,\"height\":400,\"caption\":\"Nanjing Roadsky Traffic Facility Co.,Ltd. (Roadsky Corporation)\"},\"image\":{\"@id\":\"https:\\\/\\\/roadskymarking.com\\\/#\\\/schema\\\/logo\\\/image\\\/\"}}]}<\/script>\n<!-- \/ Yoast SEO plugin. -->","yoast_head_json":{"title":"Tinta para Marca\u00e7\u00e3o de Tr\u00e2nsito - Fabricante e fornecedor na China","description":"A tinta de marca\u00e7\u00e3o de tr\u00e1fego \u00e9 um revestimento especializado concebido para superf\u00edcies de estrada para criar linhas, s\u00edmbolos e marca\u00e7\u00f5es vis\u00edveis.","robots":{"index":"index","follow":"follow","max-snippet":"max-snippet:-1","max-image-preview":"max-image-preview:large","max-video-preview":"max-video-preview:-1"},"canonical":"https:\/\/roadskymarking.com\/pt\/traffic-marking-paint\/","og_locale":"pt_PT","og_type":"article","og_title":"Traffic Marking Paint - Manufacturer and Supplier in China","og_description":"Traffic marking paint is a specialized coating designed for road surfaces to create visible lines, symbols, and markings.","og_url":"https:\/\/roadskymarking.com\/pt\/traffic-marking-paint\/","og_site_name":"Nanjing Roadsky Traffic Facility Co.,Ltd. (Roadsky Corporation)","article_modified_time":"2025-01-08T02:16:39+00:00","og_image":[{"width":600,"height":400,"url":"https:\/\/roadskymarking.com\/wp-content\/uploads\/2025\/01\/Traffic-Marking-Paint.jpg","type":"image\/jpeg"}],"twitter_card":"summary_large_image","twitter_misc":{"Tempo estimado de leitura":"2 minutos"},"schema":{"@context":"https:\/\/schema.org","@graph":[{"@type":"WebPage","@id":"https:\/\/roadskymarking.com\/traffic-marking-paint","url":"https:\/\/roadskymarking.com\/traffic-marking-paint","name":"Tinta para Marca\u00e7\u00e3o de Tr\u00e2nsito - Fabricante e fornecedor na China","isPartOf":{"@id":"https:\/\/roadskymarking.com\/#website"},"primaryImageOfPage":{"@id":"https:\/\/roadskymarking.com\/traffic-marking-paint#primaryimage"},"image":{"@id":"https:\/\/roadskymarking.com\/traffic-marking-paint#primaryimage"},"thumbnailUrl":"https:\/\/roadskymarking.com\/wp-content\/uploads\/2025\/01\/Traffic-Marking-Paint.jpg","datePublished":"2025-01-08T01:58:24+00:00","dateModified":"2025-01-08T02:16:39+00:00","description":"A tinta de marca\u00e7\u00e3o de tr\u00e1fego \u00e9 um revestimento especializado concebido para superf\u00edcies de estrada para criar linhas, s\u00edmbolos e marca\u00e7\u00f5es vis\u00edveis.","breadcrumb":{"@id":"https:\/\/roadskymarking.com\/traffic-marking-paint#breadcrumb"},"inLanguage":"pt-PT","potentialAction":[{"@type":"ReadAction","target":["https:\/\/roadskymarking.com\/traffic-marking-paint"]}]},{"@type":"ImageObject","inLanguage":"pt-PT","@id":"https:\/\/roadskymarking.com\/traffic-marking-paint#primaryimage","url":"https:\/\/roadskymarking.com\/wp-content\/uploads\/2025\/01\/Traffic-Marking-Paint.jpg","contentUrl":"https:\/\/roadskymarking.com\/wp-content\/uploads\/2025\/01\/Traffic-Marking-Paint.jpg"},{"@type":"BreadcrumbList","@id":"https:\/\/roadskymarking.com\/traffic-marking-paint#breadcrumb","itemListElement":[{"@type":"ListItem","position":1,"name":"Home","item":"https:\/\/roadskymarking.com\/"},{"@type":"ListItem","position":2,"name":"Traffic Marking Paint"}]},{"@type":"WebSite","@id":"https:\/\/roadskymarking.com\/#website","url":"https:\/\/roadskymarking.com\/","name":"Nanjing Roadsky Traffic Facility Co.,Ltd. (Roadsky Corporation)","description":"Fornecedor de equipamento de marca\u00e7\u00e3o de pavimentos - RoadSky","publisher":{"@id":"https:\/\/roadskymarking.com\/#organization"},"potentialAction":[{"@type":"SearchAction","target":{"@type":"EntryPoint","urlTemplate":"https:\/\/roadskymarking.com\/?s={search_term_string}"},"query-input":{"@type":"PropertyValueSpecification","valueRequired":true,"valueName":"search_term_string"}}],"inLanguage":"pt-PT"},{"@type":"Organization","@id":"https:\/\/roadskymarking.com\/#organization","name":"Nanjing Roadsky Traffic Facility Co.,Ltd. (Roadsky Corporation)","url":"https:\/\/roadskymarking.com\/","logo":{"@type":"ImageObject","inLanguage":"pt-PT","@id":"https:\/\/roadskymarking.com\/#\/schema\/logo\/image\/","url":"https:\/\/roadskymarking.com\/wp-content\/uploads\/2023\/03\/LOGO.png","contentUrl":"https:\/\/roadskymarking.com\/wp-content\/uploads\/2023\/03\/LOGO.png","width":500,"height":400,"caption":"Nanjing Roadsky Traffic Facility Co.,Ltd. (Roadsky Corporation)"},"image":{"@id":"https:\/\/roadskymarking.com\/#\/schema\/logo\/image\/"}}]}},"_links":{"self":[{"href":"https:\/\/roadskymarking.com\/pt\/wp-json\/wp\/v2\/pages\/3953","targetHints":{"allow":["GET"]}}],"collection":[{"href":"https:\/\/roadskymarking.com\/pt\/wp-json\/wp\/v2\/pages"}],"about":[{"href":"https:\/\/roadskymarking.com\/pt\/wp-json\/wp\/v2\/types\/page"}],"author":[{"embeddable":true,"href":"https:\/\/roadskymarking.com\/pt\/wp-json\/wp\/v2\/users\/1"}],"replies":[{"embeddable":true,"href":"https:\/\/roadskymarking.com\/pt\/wp-json\/wp\/v2\/comments?post=3953"}],"version-history":[{"count":4,"href":"https:\/\/roadskymarking.com\/pt\/wp-json\/wp\/v2\/pages\/3953\/revisions"}],"predecessor-version":[{"id":3962,"href":"https:\/\/roadskymarking.com\/pt\/wp-json\/wp\/v2\/pages\/3953\/revisions\/3962"}],"wp:attachment":[{"href":"https:\/\/roadskymarking.com\/pt\/wp-json\/wp\/v2\/media?parent=3953"}],"curies":[{"name":"wp","href":"https:\/\/api.w.org\/{rel}","templated":true}]}}