{"id":4347,"date":"2025-11-06T02:47:15","date_gmt":"2025-11-06T02:47:15","guid":{"rendered":"https:\/\/roadskymarking.com\/?page_id=4347"},"modified":"2025-11-06T02:51:14","modified_gmt":"2025-11-06T02:51:14","slug":"road-curbs-painting-machines","status":"publish","type":"page","link":"https:\/\/roadskymarking.com\/pt\/road-curbs-painting-machines","title":{"rendered":"M\u00e1quinas de pintura de bermas de estradas"},"content":{"rendered":"<p>Uma m\u00e1quina de pintura de bermas (tamb\u00e9m conhecida como m\u00e1quina de marca\u00e7\u00e3o de bermas ou equipamento de marca\u00e7\u00e3o de bermas) \u00e9 um tipo de <strong><a href=\"https:\/\/roadskymarking.com\/pt\/\" target=\"_blank\" rel=\"noreferrer noopener\" style=\"text-decoration: underline;\">equipamento de marca\u00e7\u00e3o de estradas<\/a><\/strong> utilizado para aplicar tinta reflectora ou n\u00e3o reflectora nas superf\u00edcies laterais das bermas das estradas, passeios e sarjetas.<\/p>\n\n\n\n<h2 class=\"wp-block-heading\">Produtos relacionados:<\/h2>\n\n\n\n<div class=\"wp-block-columns is-layout-flex wp-container-core-columns-is-layout-9d6595d7 wp-block-columns-is-layout-flex\">\n<div class=\"wp-block-column is-layout-flow wp-block-column-is-layout-flow\"><div class=\"wp-block-image\">\n<figure class=\"aligncenter size-large is-resized\"><a href=\"https:\/\/roadskymarking.com\/pt\/rs-5f-cold-paint-mechanical-road-marking-machine.html\/\" target=\"_blank\" rel=\" noreferrer noopener\"><img decoding=\"async\" src=\"https:\/\/roadskymarking.com\/wp-content\/uploads\/2025\/09\/RS-5F-Cold-Paint-Mechanical-Road-Marking-Machine-5.jpg\" alt=\"M\u00e1quina mec\u00e2nica de marca\u00e7\u00e3o de estradas RS-5F com pintura a frio\" style=\"object-fit:cover;width:300px;height:300px\"\/><\/a><figcaption class=\"wp-element-caption\"><a href=\"https:\/\/roadskymarking.com\/pt\/rs-5f-cold-paint-mechanical-road-marking-machine.html\/\" target=\"_blank\" rel=\"noreferrer noopener\">M\u00e1quina mec\u00e2nica de marca\u00e7\u00e3o de estradas RS-5F com pintura a frio<\/a><\/figcaption><\/figure><\/div><\/div>\n\n\n\n<div class=\"wp-block-column is-layout-flow wp-block-column-is-layout-flow\">\n<p>Equipada com um sistema de pulveriza\u00e7\u00e3o mec\u00e2nico, a RS-5F assegura uma aplica\u00e7\u00e3o uniforme da tinta e linhas claras e duradouras. A sua largura e espessura de pulveriza\u00e7\u00e3o ajust\u00e1veis tornam-na adequada para diversos requisitos de marca\u00e7\u00e3o, tais como auto-estradas, parques de estacionamento, f\u00e1bricas e campos desportivos.<\/p>\n<\/div>\n<\/div>\n\n\n\n<div class=\"wp-block-columns is-layout-flex wp-container-core-columns-is-layout-9d6595d7 wp-block-columns-is-layout-flex\">\n<div class=\"wp-block-column is-layout-flow wp-block-column-is-layout-flow\"><div class=\"wp-block-image\">\n<figure class=\"aligncenter size-large is-resized\"><a href=\"https:\/\/roadskymarking.com\/pt\/rs-12ld-intelligent-cold-paint-road-marking-machine.html\/\" target=\"_blank\" rel=\" noreferrer noopener\"><img decoding=\"async\" src=\"https:\/\/roadskymarking.com\/wp-content\/uploads\/2025\/09\/RS-12LD-Intelligent-Cold-Paint-Road-Marking-Machine-2.jpg\" alt=\"M\u00e1quina inteligente de marca\u00e7\u00e3o de estradas com tinta fria RS-12LD\" style=\"object-fit:cover;width:300px;height:300px\"\/><\/a><figcaption class=\"wp-element-caption\"><a href=\"https:\/\/roadskymarking.com\/pt\/rs-12ld-intelligent-cold-paint-road-marking-machine.html\/\" target=\"_blank\" rel=\"noreferrer noopener\">M\u00e1quina inteligente de marca\u00e7\u00e3o de estradas com tinta fria RS-12LD<\/a><\/figcaption><\/figure><\/div><\/div>\n\n\n\n<div class=\"wp-block-column is-layout-flow wp-block-column-is-layout-flow\">\n<p>A m\u00e1quina inteligente de marca\u00e7\u00e3o rodovi\u00e1ria a frio RS-12LD combina automa\u00e7\u00e3o avan\u00e7ada, opera\u00e7\u00e3o precisa controlada por computador e navega\u00e7\u00e3o a laser para fornecer marca\u00e7\u00f5es rodovi\u00e1rias precisas, consistentes e de n\u00edvel profissional para estradas, auto-estradas, vias r\u00e1pidas, parques de estacionamento e instala\u00e7\u00f5es industriais, melhorando a efici\u00eancia e reduzindo os custos de m\u00e3o de obra.<\/p>\n<\/div>\n<\/div>\n\n\n\n<div class=\"wp-block-columns is-layout-flex wp-container-core-columns-is-layout-9d6595d7 wp-block-columns-is-layout-flex\">\n<div class=\"wp-block-column is-layout-flow wp-block-column-is-layout-flow\"><div class=\"wp-block-image\">\n<figure class=\"aligncenter size-large is-resized\"><a href=\"https:\/\/roadskymarking.com\/pt\/cold-paint-line-striper.html\/\" target=\"_blank\" rel=\" noreferrer noopener\"><img decoding=\"async\" src=\"https:\/\/roadskymarking.com\/wp-content\/uploads\/2018\/05\/RS-5E-Cold-Paint-Road-Marking-Machine-4.jpg\" alt=\"Decapador de linha de pintura a frio RS-5E\" style=\"object-fit:cover;width:300px;height:300px\"\/><\/a><figcaption class=\"wp-element-caption\"><a href=\"https:\/\/roadskymarking.com\/pt\/cold-paint-line-striper.html\/\" target=\"_blank\" rel=\"noreferrer noopener\">Decapador de linha de pintura a frio RS-5E<\/a><\/figcaption><\/figure><\/div><\/div>\n\n\n\n<div class=\"wp-block-column is-layout-flow wp-block-column-is-layout-flow\">\n<p>A m\u00e1quina de marca\u00e7\u00e3o de pavimentos a frio da s\u00e9rie RS-5E \u00e9 especialmente concebida para marca\u00e7\u00e3o eficiente. Bomba hidr\u00e1ulica revers\u00edvel interna est\u00e1vel, pistola de pulveriza\u00e7\u00e3o ajust\u00e1vel e filtro de tinta garantem o desempenho da marca\u00e7\u00e3o. A m\u00e1quina de marca\u00e7\u00e3o de linha de estrada RS-5E tem uma longa vida \u00fatil devido \u00e0 estrutura simples, bomba confi\u00e1vel e motor.<\/p>\n<\/div>\n<\/div>\n\n\n\n<div class=\"wp-block-columns is-layout-flex wp-container-core-columns-is-layout-9d6595d7 wp-block-columns-is-layout-flex\">\n<div class=\"wp-block-column is-layout-flow wp-block-column-is-layout-flow\"><div class=\"wp-block-image\">\n<figure class=\"aligncenter size-large is-resized\"><a href=\"https:\/\/roadskymarking.com\/pt\/cold-paint-road-marking-machine.html\/\" target=\"_blank\" rel=\" noreferrer noopener\"><img decoding=\"async\" src=\"https:\/\/roadskymarking.com\/wp-content\/uploads\/2024\/03\/RS-5-Cold-Paint-Road-Marking-Machine.jpg\" alt=\"M\u00e1quina de marca\u00e7\u00e3o de estradas de pintura a frio RS-5\" style=\"object-fit:cover;width:300px;height:300px\"\/><\/a><figcaption class=\"wp-element-caption\"><a href=\"https:\/\/roadskymarking.com\/pt\/cold-paint-road-marking-machine.html\/\" target=\"_blank\" rel=\"noreferrer noopener\">M\u00e1quina de marca\u00e7\u00e3o de estradas de pintura a frio RS-5<\/a><\/figcaption><\/figure><\/div><\/div>\n\n\n\n<div class=\"wp-block-column is-layout-flow wp-block-column-is-layout-flow\">\n<p>A m\u00e1quina de marca\u00e7\u00e3o de estrada com tinta fria s\u00e9rie RS-5 \u00e9 amplamente utilizada em estacionamentos, estradas urbanas e projetos de marca\u00e7\u00e3o de rodovias. \u00c9 um tipo de m\u00e1quina de marca\u00e7\u00e3o de pulveriza\u00e7\u00e3o de alta press\u00e3o sem ar, que gera press\u00e3o da bomba de \u00eambolo para pulverizar a tinta atrav\u00e9s do bocal. O sistema de controlo de pistolas de pulveriza\u00e7\u00e3o especialmente concebido faz com que a linha termine arrumada e com boa apar\u00eancia.<\/p>\n<\/div>\n<\/div>\n\n\n\n<h2 class=\"wp-block-heading\">V\u00eddeo do produto:<\/h2>\n\n\n\n<figure class=\"wp-block-embed aligncenter is-type-video is-provider-youtube wp-block-embed-youtube wp-embed-aspect-16-9 wp-has-aspect-ratio\"><div class=\"wp-block-embed__wrapper\">\n<iframe loading=\"lazy\" title=\"M\u00e1quina mec\u00e2nica de marca\u00e7\u00e3o de estradas RS 5F com pintura a frio - Roadsky\" width=\"500\" height=\"281\" src=\"https:\/\/www.youtube.com\/embed\/WEWVIwhpgXI?feature=oembed\" frameborder=\"0\" allow=\"accelerometer; autoplay; clipboard-write; encrypted-media; gyroscope; picture-in-picture; web-share\" referrerpolicy=\"strict-origin-when-cross-origin\" allowfullscreen><\/iframe>\n<\/div><\/figure>\n\n\n\n<h2 class=\"wp-block-heading\">Porqu\u00ea utilizar uma m\u00e1quina de pintura de passeios?<\/h2>\n\n\n\n<p>Investir numa m\u00e1quina de pintura de lancis para estradas aumenta a produtividade e a seguran\u00e7a. Assegura marca\u00e7\u00f5es de n\u00edvel profissional que resistem ao tr\u00e1fego, \u00e0 exposi\u00e7\u00e3o aos raios UV e \u00e0s condi\u00e7\u00f5es climat\u00e9ricas adversas. Al\u00e9m disso, as bermas bem pintadas melhoram a visibilidade dos condutores, reduzem os acidentes e criam um aspeto mais limpo e organizado da estrada.<\/p>\n\n\n\n<h2 class=\"wp-block-heading\">Aplica\u00e7\u00f5es<\/h2>\n\n\n\n<p>As m\u00e1quinas de pintura de lancis de estrada s\u00e3o adequadas para:<\/p>\n\n\n\n<ul class=\"wp-block-list\">\n<li>Marca\u00e7\u00e3o de bermas em estradas e cidades<\/li>\n\n\n\n<li>Pintura de linhas e bordos de parques de estacionamento<\/li>\n\n\n\n<li>Marca\u00e7\u00e3o dos limites da zona industrial<\/li>\n\n\n\n<li>Marca\u00e7\u00e3o de seguran\u00e7a no aeroporto ou no porto<\/li>\n\n\n\n<li>Manuten\u00e7\u00e3o de estradas residenciais e comunit\u00e1rias<\/li>\n<\/ul>\n\n\n\n<p>Quer se trate de lancis amarelo-preto, linhas de seguran\u00e7a branco-vermelho ou marca\u00e7\u00f5es reflectoras de lancis, estas m\u00e1quinas garantem sempre um acabamento duradouro e profissional.<\/p>\n\n\n\n<h2 class=\"wp-block-heading\">Porqu\u00ea escolher-nos<\/h2>\n\n\n\n<ul class=\"wp-block-list\">\n<li>Mais de 10 anos de experi\u00eancia no fabrico de equipamento de marca\u00e7\u00e3o rodovi\u00e1ria<\/li>\n\n\n\n<li>Controlo de qualidade rigoroso e certifica\u00e7\u00f5es CE\/ISO<\/li>\n\n\n\n<li>Suporte t\u00e9cnico completo e solu\u00e7\u00f5es personalizadas dispon\u00edveis<\/li>\n\n\n\n<li>Expedi\u00e7\u00e3o global e servi\u00e7o p\u00f3s-venda<\/li>\n<\/ul>\n\n\n\n<h2 class=\"wp-block-heading\">Obter um or\u00e7amento<\/h2>\n\n\n\n<p>Pronto para melhorar a efici\u00eancia da marca\u00e7\u00e3o de estradas? Contacte-nos hoje para obter o melhor pre\u00e7o de f\u00e1brica e uma configura\u00e7\u00e3o personalizada para o seu projeto.<\/p>\n\n\n\n<div class=\"wp-block-contact-form-7-contact-form-selector\">\n<div class=\"wpcf7 no-js\" id=\"wpcf7-f1316-o1\" lang=\"en-US\" dir=\"ltr\" data-wpcf7-id=\"1316\">\n<div class=\"screen-reader-response\"><p role=\"status\" aria-live=\"polite\" aria-atomic=\"true\"><\/p> <ul><\/ul><\/div>\n<form action=\"\/pt\/wp-json\/wp\/v2\/pages\/4347#wpcf7-f1316-o1\" method=\"post\" class=\"wpcf7-form init\" aria-label=\"Formul\u00e1rio de contacto\" novalidate=\"novalidate\" data-status=\"init\" data-trp-original-action=\"\/pt\/wp-json\/wp\/v2\/pages\/4347#wpcf7-f1316-o1\">\n<fieldset class=\"hidden-fields-container\"><input type=\"hidden\" name=\"_wpcf7\" value=\"1316\" \/><input type=\"hidden\" name=\"_wpcf7_version\" value=\"6.1.5\" \/><input type=\"hidden\" name=\"_wpcf7_locale\" value=\"en_US\" \/><input type=\"hidden\" name=\"_wpcf7_unit_tag\" value=\"wpcf7-f1316-o1\" \/><input type=\"hidden\" name=\"_wpcf7_container_post\" value=\"0\" \/><input type=\"hidden\" name=\"_wpcf7_posted_data_hash\" value=\"\" \/>\n<\/fieldset>\n<div class=\"wpcf7-turnstile cf-turnstile\" data-sitekey=\"0x4AAAAAACH9ueYy7fDdFIjX\" data-response-field-name=\"_wpcf7_turnstile_response\"><\/div>\n\n<p><label><em>*<\/em>Assunto:<\/label><span class=\"wpcf7-form-control-wrap\" data-name=\"your-subject\"><input size=\"40\" maxlength=\"400\" class=\"wpcf7-form-control wpcf7-text wpcf7-validates-as-required\" id=\"your-subject\" aria-required=\"true\" aria-invalid=\"false\" value=\"Product Inquiry\" type=\"text\" name=\"your-subject\" \/><\/span>\n<\/p>\n<p><label><em>*<\/em>Nome:<\/label><span class=\"wpcf7-form-control-wrap\" data-name=\"your-name\"><input size=\"40\" maxlength=\"400\" class=\"wpcf7-form-control wpcf7-text wpcf7-validates-as-required\" id=\"your-name\" aria-required=\"true\" aria-invalid=\"false\" placeholder=\"Preencher com o seu nome habitualmente utilizado\" value=\"\" type=\"text\" name=\"your-name\" \/><\/span>\n<\/p>\n<p><label><em>*<\/em>Correio eletr\u00f3nico:<\/label><span class=\"wpcf7-form-control-wrap\" data-name=\"your-email\"><input size=\"40\" maxlength=\"400\" class=\"wpcf7-form-control wpcf7-email wpcf7-validates-as-required wpcf7-text wpcf7-validates-as-email\" id=\"your-email\" aria-required=\"true\" aria-invalid=\"false\" placeholder=\"Preencher o endere\u00e7o eletr\u00f3nico habitualmente utilizado\" value=\"\" type=\"email\" name=\"your-email\" \/><\/span>\n<\/p>\n<p><label>Telefone:<\/label><span class=\"wpcf7-form-control-wrap\" data-name=\"your-phone\"><input size=\"40\" maxlength=\"400\" class=\"wpcf7-form-control wpcf7-text\" id=\"your-phone\" aria-invalid=\"false\" placeholder=\"Preencher com o n\u00famero de telefone de contacto ou telem\u00f3vel\" value=\"\" type=\"text\" name=\"your-phone\" \/><\/span>\n<\/p>\n<p><label>Pa\u00eds:<\/label><span class=\"wpcf7-form-control-wrap\" data-name=\"your-country\"><input size=\"40\" maxlength=\"400\" class=\"wpcf7-form-control wpcf7-text\" id=\"your-country\" aria-invalid=\"false\" placeholder=\"Preencha o seu pa\u00eds\" value=\"\" type=\"text\" name=\"your-country\" \/><\/span>\n<\/p>\n<p><label>Empresa:<\/label><span class=\"wpcf7-form-control-wrap\" data-name=\"your-company\"><input size=\"40\" maxlength=\"400\" class=\"wpcf7-form-control wpcf7-text\" id=\"your-company\" aria-invalid=\"false\" placeholder=\"Preencher com o nome da empresa\" value=\"\" type=\"text\" name=\"your-company\" \/><\/span>\n<\/p>\n<p><label><em>*<\/em>Conte\u00fado:<\/label><span class=\"wpcf7-form-control-wrap\" data-name=\"your-message\"><textarea cols=\"40\" rows=\"10\" maxlength=\"2000\" class=\"wpcf7-form-control wpcf7-textarea wpcf7-validates-as-required\" aria-required=\"true\" aria-invalid=\"false\" placeholder=\"Por favor, preencha os detalhes que deseja saber, como o nome do produto, especifica\u00e7\u00f5es, pre\u00e7o, MOQ, etc.\" name=\"your-message\"><\/textarea><\/span>\n<\/p>\n<p class=\"btn-submit\"><label> <\/label><input class=\"wpcf7-form-control wpcf7-submit has-spinner\" type=\"submit\" value=\"ENVIAR\" \/>\n<\/p><div class=\"wpcf7-response-output\" aria-hidden=\"true\"><\/div>\n<input type=\"hidden\" name=\"trp-form-language\" value=\"pt\"\/><\/form>\n<\/div>\n<\/div>","protected":false},"excerpt":{"rendered":"<p>A road curbs painting machine (also known as a kerb marking machine or curb marking equipment) is a type of road marking equipment used to apply reflective or non-reflective paint on the side surfaces of road edges, curbs, and gutters. Related Products: Equipped with a mechanical spraying system, the RS-5F ensures uniform paint application and clear, long-lasting lines. Its adjustable spray width and thickness make it suitable for diverse marking requirements such as highways, parking lots, factories, and sports grounds. The RS-12LD intelligent cold paint road marking machine combines advanced automation, precise computer-controlled operation, and laser navigation to deliver accurate, consistent, and professional-grade road markings for roads, highways, expressways, parking lots, and industrial sites, improving efficiency and reducing labor costs. RS-5E series cold paint line striper (pavement marking machine) is special designed for efficient marking. Stable internal reversing hydraulic pump, adjustable spray gun and paint filter ensure the marking performance. RS-5E road line marking machine has a long service life &#8230;<\/p>","protected":false},"author":1,"featured_media":0,"parent":0,"menu_order":0,"comment_status":"closed","ping_status":"closed","template":"","meta":{"footnotes":""},"class_list":["post-4347","page","type-page","status-publish","hentry"],"yoast_head":"<!-- This site is optimized with the Yoast SEO plugin v27.3 - https:\/\/yoast.com\/product\/yoast-seo-wordpress\/ -->\n<title>Road Curbs Painting Machines - Kerb Marking Equipment<\/title>\n<meta name=\"robots\" content=\"index, follow, max-snippet:-1, max-image-preview:large, max-video-preview:-1\" \/>\n<link rel=\"canonical\" href=\"https:\/\/roadskymarking.com\/pt\/road-curbs-painting-machines\/\" \/>\n<meta property=\"og:locale\" content=\"pt_PT\" \/>\n<meta property=\"og:type\" content=\"article\" \/>\n<meta property=\"og:title\" content=\"Road Curbs Painting Machines - Kerb Marking Equipment\" \/>\n<meta property=\"og:description\" content=\"A road curbs painting machine (also known as a kerb marking machine or curb marking equipment) is a type of road marking equipment used to apply reflective or non-reflective paint on the side surfaces of road edges, curbs, and gutters. Related Products: Equipped with a mechanical spraying system, the RS-5F ensures uniform paint application and clear, long-lasting lines. Its adjustable spray width and thickness make it suitable for diverse marking requirements such as highways, parking lots, factories, and sports grounds. The RS-12LD intelligent cold paint road marking machine combines advanced automation, precise computer-controlled operation, and laser navigation to deliver accurate, consistent, and professional-grade road markings for roads, highways, expressways, parking lots, and industrial sites, improving efficiency and reducing labor costs. RS-5E series cold paint line striper (pavement marking machine) is special designed for efficient marking. Stable internal reversing hydraulic pump, adjustable spray gun and paint filter ensure the marking performance. RS-5E road line marking machine has a long service life ...\" \/>\n<meta property=\"og:url\" content=\"https:\/\/roadskymarking.com\/pt\/road-curbs-painting-machines\/\" \/>\n<meta property=\"og:site_name\" content=\"Nanjing Roadsky Traffic Facility Co.,Ltd. (Roadsky Corporation)\" \/>\n<meta property=\"article:modified_time\" content=\"2025-11-06T02:51:14+00:00\" \/>\n<meta property=\"og:image\" content=\"https:\/\/roadskymarking.com\/wp-content\/uploads\/2025\/09\/RS-5F-Cold-Paint-Mechanical-Road-Marking-Machine-5.jpg\" \/>\n<meta name=\"twitter:card\" content=\"summary_large_image\" \/>\n<meta name=\"twitter:label1\" content=\"Tempo estimado de leitura\" \/>\n\t<meta name=\"twitter:data1\" content=\"3 minutos\" \/>\n<script type=\"application\/ld+json\" class=\"yoast-schema-graph\">{\"@context\":\"https:\\\/\\\/schema.org\",\"@graph\":[{\"@type\":\"WebPage\",\"@id\":\"https:\\\/\\\/roadskymarking.com\\\/road-curbs-painting-machines\",\"url\":\"https:\\\/\\\/roadskymarking.com\\\/road-curbs-painting-machines\",\"name\":\"Road Curbs Painting Machines - Kerb Marking Equipment\",\"isPartOf\":{\"@id\":\"https:\\\/\\\/roadskymarking.com\\\/#website\"},\"primaryImageOfPage\":{\"@id\":\"https:\\\/\\\/roadskymarking.com\\\/road-curbs-painting-machines#primaryimage\"},\"image\":{\"@id\":\"https:\\\/\\\/roadskymarking.com\\\/road-curbs-painting-machines#primaryimage\"},\"thumbnailUrl\":\"https:\\\/\\\/roadskymarking.com\\\/wp-content\\\/uploads\\\/2025\\\/09\\\/RS-5F-Cold-Paint-Mechanical-Road-Marking-Machine-5.jpg\",\"datePublished\":\"2025-11-06T02:47:15+00:00\",\"dateModified\":\"2025-11-06T02:51:14+00:00\",\"breadcrumb\":{\"@id\":\"https:\\\/\\\/roadskymarking.com\\\/road-curbs-painting-machines#breadcrumb\"},\"inLanguage\":\"pt-PT\",\"potentialAction\":[{\"@type\":\"ReadAction\",\"target\":[\"https:\\\/\\\/roadskymarking.com\\\/road-curbs-painting-machines\"]}]},{\"@type\":\"ImageObject\",\"inLanguage\":\"pt-PT\",\"@id\":\"https:\\\/\\\/roadskymarking.com\\\/road-curbs-painting-machines#primaryimage\",\"url\":\"https:\\\/\\\/roadskymarking.com\\\/wp-content\\\/uploads\\\/2025\\\/09\\\/RS-5F-Cold-Paint-Mechanical-Road-Marking-Machine-5.jpg\",\"contentUrl\":\"https:\\\/\\\/roadskymarking.com\\\/wp-content\\\/uploads\\\/2025\\\/09\\\/RS-5F-Cold-Paint-Mechanical-Road-Marking-Machine-5.jpg\"},{\"@type\":\"BreadcrumbList\",\"@id\":\"https:\\\/\\\/roadskymarking.com\\\/road-curbs-painting-machines#breadcrumb\",\"itemListElement\":[{\"@type\":\"ListItem\",\"position\":1,\"name\":\"Home\",\"item\":\"https:\\\/\\\/roadskymarking.com\\\/\"},{\"@type\":\"ListItem\",\"position\":2,\"name\":\"Road Curbs Painting Machines\"}]},{\"@type\":\"WebSite\",\"@id\":\"https:\\\/\\\/roadskymarking.com\\\/#website\",\"url\":\"https:\\\/\\\/roadskymarking.com\\\/\",\"name\":\"Nanjing Roadsky Traffic Facility Co.,Ltd. (Roadsky Corporation)\",\"description\":\"Pavement Marking Equipment Supplier - RoadSky\",\"publisher\":{\"@id\":\"https:\\\/\\\/roadskymarking.com\\\/#organization\"},\"potentialAction\":[{\"@type\":\"SearchAction\",\"target\":{\"@type\":\"EntryPoint\",\"urlTemplate\":\"https:\\\/\\\/roadskymarking.com\\\/?s={search_term_string}\"},\"query-input\":{\"@type\":\"PropertyValueSpecification\",\"valueRequired\":true,\"valueName\":\"search_term_string\"}}],\"inLanguage\":\"pt-PT\"},{\"@type\":\"Organization\",\"@id\":\"https:\\\/\\\/roadskymarking.com\\\/#organization\",\"name\":\"Nanjing Roadsky Traffic Facility Co.,Ltd. (Roadsky Corporation)\",\"url\":\"https:\\\/\\\/roadskymarking.com\\\/\",\"logo\":{\"@type\":\"ImageObject\",\"inLanguage\":\"pt-PT\",\"@id\":\"https:\\\/\\\/roadskymarking.com\\\/#\\\/schema\\\/logo\\\/image\\\/\",\"url\":\"https:\\\/\\\/roadskymarking.com\\\/wp-content\\\/uploads\\\/2023\\\/03\\\/LOGO.png\",\"contentUrl\":\"https:\\\/\\\/roadskymarking.com\\\/wp-content\\\/uploads\\\/2023\\\/03\\\/LOGO.png\",\"width\":500,\"height\":400,\"caption\":\"Nanjing Roadsky Traffic Facility Co.,Ltd. (Roadsky Corporation)\"},\"image\":{\"@id\":\"https:\\\/\\\/roadskymarking.com\\\/#\\\/schema\\\/logo\\\/image\\\/\"}}]}<\/script>\n<!-- \/ Yoast SEO plugin. -->","yoast_head_json":{"title":"M\u00e1quinas de pintura de bermas de estradas - Equipamento de marca\u00e7\u00e3o de bermas","robots":{"index":"index","follow":"follow","max-snippet":"max-snippet:-1","max-image-preview":"max-image-preview:large","max-video-preview":"max-video-preview:-1"},"canonical":"https:\/\/roadskymarking.com\/pt\/road-curbs-painting-machines\/","og_locale":"pt_PT","og_type":"article","og_title":"Road Curbs Painting Machines - Kerb Marking Equipment","og_description":"A road curbs painting machine (also known as a kerb marking machine or curb marking equipment) is a type of road marking equipment used to apply reflective or non-reflective paint on the side surfaces of road edges, curbs, and gutters. Related Products: Equipped with a mechanical spraying system, the RS-5F ensures uniform paint application and clear, long-lasting lines. Its adjustable spray width and thickness make it suitable for diverse marking requirements such as highways, parking lots, factories, and sports grounds. The RS-12LD intelligent cold paint road marking machine combines advanced automation, precise computer-controlled operation, and laser navigation to deliver accurate, consistent, and professional-grade road markings for roads, highways, expressways, parking lots, and industrial sites, improving efficiency and reducing labor costs. RS-5E series cold paint line striper (pavement marking machine) is special designed for efficient marking. Stable internal reversing hydraulic pump, adjustable spray gun and paint filter ensure the marking performance. RS-5E road line marking machine has a long service life ...","og_url":"https:\/\/roadskymarking.com\/pt\/road-curbs-painting-machines\/","og_site_name":"Nanjing Roadsky Traffic Facility Co.,Ltd. (Roadsky Corporation)","article_modified_time":"2025-11-06T02:51:14+00:00","og_image":[{"url":"https:\/\/roadskymarking.com\/wp-content\/uploads\/2025\/09\/RS-5F-Cold-Paint-Mechanical-Road-Marking-Machine-5.jpg","type":"","width":"","height":""}],"twitter_card":"summary_large_image","twitter_misc":{"Tempo estimado de leitura":"3 minutos"},"schema":{"@context":"https:\/\/schema.org","@graph":[{"@type":"WebPage","@id":"https:\/\/roadskymarking.com\/road-curbs-painting-machines","url":"https:\/\/roadskymarking.com\/road-curbs-painting-machines","name":"M\u00e1quinas de pintura de bermas de estradas - Equipamento de marca\u00e7\u00e3o de bermas","isPartOf":{"@id":"https:\/\/roadskymarking.com\/#website"},"primaryImageOfPage":{"@id":"https:\/\/roadskymarking.com\/road-curbs-painting-machines#primaryimage"},"image":{"@id":"https:\/\/roadskymarking.com\/road-curbs-painting-machines#primaryimage"},"thumbnailUrl":"https:\/\/roadskymarking.com\/wp-content\/uploads\/2025\/09\/RS-5F-Cold-Paint-Mechanical-Road-Marking-Machine-5.jpg","datePublished":"2025-11-06T02:47:15+00:00","dateModified":"2025-11-06T02:51:14+00:00","breadcrumb":{"@id":"https:\/\/roadskymarking.com\/road-curbs-painting-machines#breadcrumb"},"inLanguage":"pt-PT","potentialAction":[{"@type":"ReadAction","target":["https:\/\/roadskymarking.com\/road-curbs-painting-machines"]}]},{"@type":"ImageObject","inLanguage":"pt-PT","@id":"https:\/\/roadskymarking.com\/road-curbs-painting-machines#primaryimage","url":"https:\/\/roadskymarking.com\/wp-content\/uploads\/2025\/09\/RS-5F-Cold-Paint-Mechanical-Road-Marking-Machine-5.jpg","contentUrl":"https:\/\/roadskymarking.com\/wp-content\/uploads\/2025\/09\/RS-5F-Cold-Paint-Mechanical-Road-Marking-Machine-5.jpg"},{"@type":"BreadcrumbList","@id":"https:\/\/roadskymarking.com\/road-curbs-painting-machines#breadcrumb","itemListElement":[{"@type":"ListItem","position":1,"name":"Home","item":"https:\/\/roadskymarking.com\/"},{"@type":"ListItem","position":2,"name":"Road Curbs Painting Machines"}]},{"@type":"WebSite","@id":"https:\/\/roadskymarking.com\/#website","url":"https:\/\/roadskymarking.com\/","name":"Nanjing Roadsky Traffic Facility Co.,Ltd. (Roadsky Corporation)","description":"Fornecedor de equipamento de marca\u00e7\u00e3o de pavimentos - RoadSky","publisher":{"@id":"https:\/\/roadskymarking.com\/#organization"},"potentialAction":[{"@type":"SearchAction","target":{"@type":"EntryPoint","urlTemplate":"https:\/\/roadskymarking.com\/?s={search_term_string}"},"query-input":{"@type":"PropertyValueSpecification","valueRequired":true,"valueName":"search_term_string"}}],"inLanguage":"pt-PT"},{"@type":"Organization","@id":"https:\/\/roadskymarking.com\/#organization","name":"Nanjing Roadsky Traffic Facility Co.,Ltd. (Roadsky Corporation)","url":"https:\/\/roadskymarking.com\/","logo":{"@type":"ImageObject","inLanguage":"pt-PT","@id":"https:\/\/roadskymarking.com\/#\/schema\/logo\/image\/","url":"https:\/\/roadskymarking.com\/wp-content\/uploads\/2023\/03\/LOGO.png","contentUrl":"https:\/\/roadskymarking.com\/wp-content\/uploads\/2023\/03\/LOGO.png","width":500,"height":400,"caption":"Nanjing Roadsky Traffic Facility Co.,Ltd. (Roadsky Corporation)"},"image":{"@id":"https:\/\/roadskymarking.com\/#\/schema\/logo\/image\/"}}]}},"_links":{"self":[{"href":"https:\/\/roadskymarking.com\/pt\/wp-json\/wp\/v2\/pages\/4347","targetHints":{"allow":["GET"]}}],"collection":[{"href":"https:\/\/roadskymarking.com\/pt\/wp-json\/wp\/v2\/pages"}],"about":[{"href":"https:\/\/roadskymarking.com\/pt\/wp-json\/wp\/v2\/types\/page"}],"author":[{"embeddable":true,"href":"https:\/\/roadskymarking.com\/pt\/wp-json\/wp\/v2\/users\/1"}],"replies":[{"embeddable":true,"href":"https:\/\/roadskymarking.com\/pt\/wp-json\/wp\/v2\/comments?post=4347"}],"version-history":[{"count":3,"href":"https:\/\/roadskymarking.com\/pt\/wp-json\/wp\/v2\/pages\/4347\/revisions"}],"predecessor-version":[{"id":4352,"href":"https:\/\/roadskymarking.com\/pt\/wp-json\/wp\/v2\/pages\/4347\/revisions\/4352"}],"wp:attachment":[{"href":"https:\/\/roadskymarking.com\/pt\/wp-json\/wp\/v2\/media?parent=4347"}],"curies":[{"name":"wp","href":"https:\/\/api.w.org\/{rel}","templated":true}]}}