{"id":4418,"date":"2026-01-27T03:17:57","date_gmt":"2026-01-27T03:17:57","guid":{"rendered":"https:\/\/roadskymarking.com\/?page_id=4418"},"modified":"2026-01-27T03:17:59","modified_gmt":"2026-01-27T03:17:59","slug":"portable-retroreflectometer","status":"publish","type":"page","link":"https:\/\/roadskymarking.com\/pt\/portable-retroreflectometer","title":{"rendered":"Retroreflect\u00f3metro port\u00e1til"},"content":{"rendered":"<p>Os nossos retrorreflect\u00f3metros port\u00e1teis foram concebidos para uma medi\u00e7\u00e3o r\u00e1pida, precisa e fi\u00e1vel no local da retrorreflectividade em marca\u00e7\u00f5es rodovi\u00e1rias, sinais de tr\u00e2nsito e materiais reflectores. Estes retrorreflect\u00f3metros port\u00e1teis s\u00e3o leves, f\u00e1ceis de utilizar e cumprem integralmente as normas internacionais de testes de seguran\u00e7a rodovi\u00e1ria.<\/p>\n\n\n\n<p>Quer sejam utilizados por departamentos de transportes, empreiteiros de manuten\u00e7\u00e3o de estradas, inspectores de seguran\u00e7a rodovi\u00e1ria ou laborat\u00f3rios, os retrorreflect\u00f3metros port\u00e1teis fornecem dados precisos para avaliar o desempenho da visibilidade e garantir a conformidade regulamentar.<\/p>\n\n\n\n<h2 class=\"wp-block-heading\">Produtos relacionados<\/h2>\n\n\n\n<div class=\"wp-block-columns is-layout-flex wp-container-core-columns-is-layout-9d6595d7 wp-block-columns-is-layout-flex\">\n<div class=\"wp-block-column is-layout-flow wp-block-column-is-layout-flow\"><div class=\"wp-block-image\">\n<figure class=\"aligncenter size-large\"><a href=\"https:\/\/roadskymarking.com\/pt\/road-sign-retro-reflection-meter.html\/\" target=\"_blank\" rel=\" noreferrer noopener\"><img decoding=\"async\" src=\"https:\/\/roadskymarking.com\/wp-content\/uploads\/2024\/06\/Road-Sign-Retro-Reflection-Meter.jpg\" alt=\"Medidor de retro-reflex\u00e3o de sinais de tr\u00e2nsito\"\/><\/a><figcaption class=\"wp-element-caption\"><a href=\"https:\/\/roadskymarking.com\/pt\/road-sign-retro-reflection-meter.html\/\" type=\"link\" id=\"https:\/\/roadskymarking.com\/road-sign-retro-reflection-meter.html\" target=\"_blank\" rel=\"noreferrer noopener\">Medidor de retro-reflex\u00e3o de sinais de tr\u00e2nsito<\/a><\/figcaption><\/figure><\/div><\/div>\n\n\n\n<div class=\"wp-block-column is-layout-flow wp-block-column-is-layout-flow\"><div class=\"wp-block-image\">\n<figure class=\"aligncenter size-large\"><a href=\"https:\/\/roadskymarking.com\/pt\/multi-angle-retroreflective-coefficient-tester.html\/\" target=\"_blank\" rel=\" noreferrer noopener\"><img decoding=\"async\" src=\"https:\/\/roadskymarking.com\/wp-content\/uploads\/2025\/07\/Multi-angle-Retroreflective-Coefficient-Tester-4.jpg\" alt=\"Verificador do coeficiente de retrorreflex\u00e3o multiangular\"\/><\/a><figcaption class=\"wp-element-caption\"><a href=\"https:\/\/roadskymarking.com\/pt\/multi-angle-retroreflective-coefficient-tester.html\/\" type=\"link\" id=\"https:\/\/roadskymarking.com\/multi-angle-retroreflective-coefficient-tester.html\" target=\"_blank\" rel=\"noreferrer noopener\">Verificador do coeficiente de retrorreflex\u00e3o multiangular<\/a><\/figcaption><\/figure><\/div><\/div>\n\n\n\n<div class=\"wp-block-column is-layout-flow wp-block-column-is-layout-flow\"><div class=\"wp-block-image\">\n<figure class=\"aligncenter size-large\"><a href=\"https:\/\/roadskymarking.com\/pt\/pavement-marking-retroreflectometer.html\/\" target=\"_blank\" rel=\" noreferrer noopener\"><img decoding=\"async\" src=\"https:\/\/roadskymarking.com\/wp-content\/uploads\/2023\/09\/Pavement-Marking-Retroreflectometer.jpg\" alt=\"Retroreflect\u00f3metro de marca\u00e7\u00e3o de pavimento RL\"\/><\/a><figcaption class=\"wp-element-caption\"><a href=\"https:\/\/roadskymarking.com\/pt\/pavement-marking-retroreflectometer.html\/\" type=\"link\" id=\"https:\/\/roadskymarking.com\/pavement-marking-retroreflectometer.html\" target=\"_blank\" rel=\"noreferrer noopener\">Retroreflect\u00f3metro de marca\u00e7\u00e3o de pavimento RL<\/a><\/figcaption><\/figure><\/div><\/div>\n<\/div>\n\n\n\n<div class=\"wp-block-columns is-layout-flex wp-container-core-columns-is-layout-9d6595d7 wp-block-columns-is-layout-flex\">\n<div class=\"wp-block-column is-layout-flow wp-block-column-is-layout-flow\"><div class=\"wp-block-image\">\n<figure class=\"aligncenter size-large\"><a href=\"\/pt\/Pavement Marking Retroreflectometer RL&amp;QD\/\" target=\"_blank\" rel=\" noreferrer noopener\"><img decoding=\"async\" src=\"https:\/\/roadskymarking.com\/wp-content\/uploads\/2024\/11\/Pavement-Marking-Retroreflectometer-RLQD.jpg\" alt=\"Retroreflect\u00f3metro para marca\u00e7\u00e3o de pavimentos RL&amp;QD\"\/><\/a><figcaption class=\"wp-element-caption\"><a href=\"https:\/\/roadskymarking.com\/pt\/pavement-marking-retroreflectometer-rlqd.html\/\" type=\"link\" id=\"https:\/\/roadskymarking.com\/pavement-marking-retroreflectometer-rlqd.html\" target=\"_blank\" rel=\"noreferrer noopener\">Retroreflect\u00f3metro para marca\u00e7\u00e3o de pavimentos RL&amp;QD<\/a><\/figcaption><\/figure><\/div><\/div>\n\n\n\n<div class=\"wp-block-column is-layout-flow wp-block-column-is-layout-flow\"><div class=\"wp-block-image\">\n<figure class=\"aligncenter size-large\"><a href=\"https:\/\/roadskymarking.com\/pt\/retroreflectometer-for-road-markings-rlqd-short-type.html\/\" target=\"_blank\" rel=\" noreferrer noopener\"><img decoding=\"async\" src=\"https:\/\/roadskymarking.com\/wp-content\/uploads\/2025\/07\/Retroreflectometer-for-Road-Markings-RLQD-Short-Type.jpg\" alt=\"Retroreflect\u00f3metro para marca\u00e7\u00f5es rodovi\u00e1rias RL&amp;QD (tipo curto)\"\/><\/a><figcaption class=\"wp-element-caption\"><a href=\"https:\/\/roadskymarking.com\/pt\/retroreflectometer-for-road-markings-rlqd-short-type.html\/\" type=\"link\" id=\"https:\/\/roadskymarking.com\/retroreflectometer-for-road-markings-rlqd-short-type.html\" target=\"_blank\" rel=\"noreferrer noopener\">Retroreflect\u00f3metro para marca\u00e7\u00f5es rodovi\u00e1rias RL&amp;QD (tipo curto)<\/a><\/figcaption><\/figure><\/div><\/div>\n\n\n\n<div class=\"wp-block-column is-layout-flow wp-block-column-is-layout-flow\"><div class=\"wp-block-image\">\n<figure class=\"aligncenter size-large\"><a href=\"https:\/\/roadskymarking.com\/pt\/rainy-night-retroreflectometer-for-road-markings.html\/\" target=\"_blank\" rel=\" noreferrer noopener\"><img decoding=\"async\" src=\"https:\/\/roadskymarking.com\/wp-content\/uploads\/2025\/07\/Rainy-Night-Retroreflectometer-for-Road-Markings-3.jpg\" alt=\"Retroreflect\u00f3metro de noite chuvosa para marca\u00e7\u00f5es rodovi\u00e1rias\"\/><\/a><figcaption class=\"wp-element-caption\"><a href=\"https:\/\/roadskymarking.com\/pt\/rainy-night-retroreflectometer-for-road-markings.html\/\" type=\"link\" id=\"https:\/\/roadskymarking.com\/rainy-night-retroreflectometer-for-road-markings.html\" target=\"_blank\" rel=\"noreferrer noopener\">Retroreflect\u00f3metro de noite chuvosa para marca\u00e7\u00f5es rodovi\u00e1rias<\/a><\/figcaption><\/figure><\/div><\/div>\n<\/div>\n\n\n\n<h2 class=\"wp-block-heading\">Apresenta\u00e7\u00e3o do v\u00eddeo do produto<\/h2>\n\n\n\n<div class=\"wp-block-columns is-layout-flex wp-container-core-columns-is-layout-9d6595d7 wp-block-columns-is-layout-flex\">\n<div class=\"wp-block-column is-layout-flow wp-block-column-is-layout-flow\">\n<figure class=\"wp-block-embed is-type-video is-provider-youtube wp-block-embed-youtube wp-embed-aspect-16-9 wp-has-aspect-ratio\"><div class=\"wp-block-embed__wrapper\">\n<iframe loading=\"lazy\" title=\"Verificador do coeficiente de retrorreflex\u00e3o multiangular - RoadSky\" width=\"500\" height=\"281\" src=\"https:\/\/www.youtube.com\/embed\/NVwEJtpaIjs?feature=oembed\" frameborder=\"0\" allow=\"accelerometer; autoplay; clipboard-write; encrypted-media; gyroscope; picture-in-picture; web-share\" referrerpolicy=\"strict-origin-when-cross-origin\" allowfullscreen><\/iframe>\n<\/div><\/figure>\n<\/div>\n\n\n\n<div class=\"wp-block-column is-layout-flow wp-block-column-is-layout-flow\">\n<figure class=\"wp-block-embed is-type-video is-provider-youtube wp-block-embed-youtube wp-embed-aspect-16-9 wp-has-aspect-ratio\"><div class=\"wp-block-embed__wrapper\">\n<iframe loading=\"lazy\" title=\"Retroreflect\u00f3metro de noite chuvosa para marca\u00e7\u00f5es rodovi\u00e1rias - RoadSky\" width=\"500\" height=\"281\" src=\"https:\/\/www.youtube.com\/embed\/LencTp05UXM?feature=oembed\" frameborder=\"0\" allow=\"accelerometer; autoplay; clipboard-write; encrypted-media; gyroscope; picture-in-picture; web-share\" referrerpolicy=\"strict-origin-when-cross-origin\" allowfullscreen><\/iframe>\n<\/div><\/figure>\n<\/div>\n<\/div>\n\n\n\n<h2 class=\"wp-block-heading\">Aplica\u00e7\u00f5es<\/h2>\n\n\n\n<p>Os nossos retroreflect\u00f3metros port\u00e1teis s\u00e3o adequados para uma vasta gama de aplica\u00e7\u00f5es, incluindo<\/p>\n\n\n\n<ul class=\"wp-block-list\">\n<li>Medi\u00e7\u00e3o da retrorreflectividade das marcas rodovi\u00e1rias<\/li>\n\n\n\n<li>Teste de visibilidade dos sinais de tr\u00e2nsito<\/li>\n\n\n\n<li>Inspe\u00e7\u00e3o de estradas e vias urbanas<\/li>\n\n\n\n<li>Auditorias de seguran\u00e7a rodovi\u00e1ria e controlos de manuten\u00e7\u00e3o<\/li>\n\n\n\n<li>Controlo da qualidade dos materiais reflectores<\/li>\n<\/ul>\n\n\n\n<h2 class=\"wp-block-heading\">Contacte-nos para um or\u00e7amento gratuito<\/h2>\n\n\n\n<p><em>Preencha o formul\u00e1rio abaixo e os nossos representantes comerciais entrar\u00e3o em contacto consigo em breve.<\/em><\/p>\n\n\n\n<div class=\"wp-block-contact-form-7-contact-form-selector\">\n<div class=\"wpcf7 no-js\" id=\"wpcf7-f1316-o1\" lang=\"en-US\" dir=\"ltr\" data-wpcf7-id=\"1316\">\n<div class=\"screen-reader-response\"><p role=\"status\" aria-live=\"polite\" aria-atomic=\"true\"><\/p> <ul><\/ul><\/div>\n<form action=\"\/pt\/wp-json\/wp\/v2\/pages\/4418#wpcf7-f1316-o1\" method=\"post\" class=\"wpcf7-form init\" aria-label=\"Formul\u00e1rio de contacto\" novalidate=\"novalidate\" data-status=\"init\" data-trp-original-action=\"\/pt\/wp-json\/wp\/v2\/pages\/4418#wpcf7-f1316-o1\">\n<fieldset class=\"hidden-fields-container\"><input type=\"hidden\" name=\"_wpcf7\" value=\"1316\" \/><input type=\"hidden\" name=\"_wpcf7_version\" value=\"6.1.5\" \/><input type=\"hidden\" name=\"_wpcf7_locale\" value=\"en_US\" \/><input type=\"hidden\" name=\"_wpcf7_unit_tag\" value=\"wpcf7-f1316-o1\" \/><input type=\"hidden\" name=\"_wpcf7_container_post\" value=\"0\" \/><input type=\"hidden\" name=\"_wpcf7_posted_data_hash\" value=\"\" \/>\n<\/fieldset>\n<div class=\"wpcf7-turnstile cf-turnstile\" data-sitekey=\"0x4AAAAAACH9ueYy7fDdFIjX\" data-response-field-name=\"_wpcf7_turnstile_response\"><\/div>\n\n<p><label><em>*<\/em>Assunto:<\/label><span class=\"wpcf7-form-control-wrap\" data-name=\"your-subject\"><input size=\"40\" maxlength=\"400\" class=\"wpcf7-form-control wpcf7-text wpcf7-validates-as-required\" id=\"your-subject\" aria-required=\"true\" aria-invalid=\"false\" value=\"Product Inquiry\" type=\"text\" name=\"your-subject\" \/><\/span>\n<\/p>\n<p><label><em>*<\/em>Nome:<\/label><span class=\"wpcf7-form-control-wrap\" data-name=\"your-name\"><input size=\"40\" maxlength=\"400\" class=\"wpcf7-form-control wpcf7-text wpcf7-validates-as-required\" id=\"your-name\" aria-required=\"true\" aria-invalid=\"false\" placeholder=\"Preencher com o seu nome habitualmente utilizado\" value=\"\" type=\"text\" name=\"your-name\" \/><\/span>\n<\/p>\n<p><label><em>*<\/em>Correio eletr\u00f3nico:<\/label><span class=\"wpcf7-form-control-wrap\" data-name=\"your-email\"><input size=\"40\" maxlength=\"400\" class=\"wpcf7-form-control wpcf7-email wpcf7-validates-as-required wpcf7-text wpcf7-validates-as-email\" id=\"your-email\" aria-required=\"true\" aria-invalid=\"false\" placeholder=\"Preencher o endere\u00e7o eletr\u00f3nico habitualmente utilizado\" value=\"\" type=\"email\" name=\"your-email\" \/><\/span>\n<\/p>\n<p><label>Telefone:<\/label><span class=\"wpcf7-form-control-wrap\" data-name=\"your-phone\"><input size=\"40\" maxlength=\"400\" class=\"wpcf7-form-control wpcf7-text\" id=\"your-phone\" aria-invalid=\"false\" placeholder=\"Preencher com o n\u00famero de telefone de contacto ou telem\u00f3vel\" value=\"\" type=\"text\" name=\"your-phone\" \/><\/span>\n<\/p>\n<p><label>Pa\u00eds:<\/label><span class=\"wpcf7-form-control-wrap\" data-name=\"your-country\"><input size=\"40\" maxlength=\"400\" class=\"wpcf7-form-control wpcf7-text\" id=\"your-country\" aria-invalid=\"false\" placeholder=\"Preencha o seu pa\u00eds\" value=\"\" type=\"text\" name=\"your-country\" \/><\/span>\n<\/p>\n<p><label>Empresa:<\/label><span class=\"wpcf7-form-control-wrap\" data-name=\"your-company\"><input size=\"40\" maxlength=\"400\" class=\"wpcf7-form-control wpcf7-text\" id=\"your-company\" aria-invalid=\"false\" placeholder=\"Preencher com o nome da empresa\" value=\"\" type=\"text\" name=\"your-company\" \/><\/span>\n<\/p>\n<p><label><em>*<\/em>Conte\u00fado:<\/label><span class=\"wpcf7-form-control-wrap\" data-name=\"your-message\"><textarea cols=\"40\" rows=\"10\" maxlength=\"2000\" class=\"wpcf7-form-control wpcf7-textarea wpcf7-validates-as-required\" aria-required=\"true\" aria-invalid=\"false\" placeholder=\"Por favor, preencha os detalhes que deseja saber, como o nome do produto, especifica\u00e7\u00f5es, pre\u00e7o, MOQ, etc.\" name=\"your-message\"><\/textarea><\/span>\n<\/p>\n<p class=\"btn-submit\"><label> <\/label><input class=\"wpcf7-form-control wpcf7-submit has-spinner\" type=\"submit\" value=\"ENVIAR\" \/>\n<\/p><div class=\"wpcf7-response-output\" aria-hidden=\"true\"><\/div>\n<input type=\"hidden\" name=\"trp-form-language\" value=\"pt\"\/><\/form>\n<\/div>\n<\/div>","protected":false},"excerpt":{"rendered":"<p>Our portable retroreflectometers are designed for fast, accurate, and reliable on-site measurement of retroreflectivity on road markings, traffic signs, and reflective materials. These handheld retroreflectometers are lightweight, easy to operate, and fully compliant with international road safety testing standards. Whether used by transportation departments, road maintenance contractors, traffic safety inspectors, or laboratories, portable retroreflectometers provide precise data to evaluate visibility performance and ensure regulatory compliance. Related Products Product Video Showcase Applications Our portable retroreflectometers are suitable for a wide range of applications, including: Contact Us for a Free Quote Fill The Form Below, and our sales representatives will be in touch with you shortly.<\/p>","protected":false},"author":1,"featured_media":0,"parent":0,"menu_order":0,"comment_status":"closed","ping_status":"closed","template":"","meta":{"footnotes":""},"class_list":["post-4418","page","type-page","status-publish","hentry"],"yoast_head":"<!-- This site is optimized with the Yoast SEO plugin v27.3 - https:\/\/yoast.com\/product\/yoast-seo-wordpress\/ -->\n<title>Portable Retroreflectometer &amp; Handheld Retroreflectometer<\/title>\n<meta name=\"description\" content=\"Explore our range of portable &amp; handheld retroreflectometers to find the right solution for your road safety testing needs.\" \/>\n<meta name=\"robots\" content=\"index, follow, max-snippet:-1, max-image-preview:large, max-video-preview:-1\" \/>\n<link rel=\"canonical\" href=\"https:\/\/roadskymarking.com\/pt\/portable-retroreflectometer\/\" \/>\n<meta property=\"og:locale\" content=\"pt_PT\" \/>\n<meta property=\"og:type\" content=\"article\" \/>\n<meta property=\"og:title\" content=\"Portable Retroreflectometer &amp; Handheld Retroreflectometer\" \/>\n<meta property=\"og:description\" content=\"Explore our range of portable &amp; handheld retroreflectometers to find the right solution for your road safety testing needs.\" \/>\n<meta property=\"og:url\" content=\"https:\/\/roadskymarking.com\/pt\/portable-retroreflectometer\/\" \/>\n<meta property=\"og:site_name\" content=\"Nanjing Roadsky Traffic Facility Co.,Ltd. (Roadsky Corporation)\" \/>\n<meta property=\"article:modified_time\" content=\"2026-01-27T03:17:59+00:00\" \/>\n<meta property=\"og:image\" content=\"https:\/\/roadskymarking.com\/wp-content\/uploads\/2024\/06\/Road-Sign-Retro-Reflection-Meter.jpg\" \/>\n<meta name=\"twitter:card\" content=\"summary_large_image\" \/>\n<meta name=\"twitter:label1\" content=\"Tempo estimado de leitura\" \/>\n\t<meta name=\"twitter:data1\" content=\"2 minutos\" \/>\n<script type=\"application\/ld+json\" class=\"yoast-schema-graph\">{\"@context\":\"https:\\\/\\\/schema.org\",\"@graph\":[{\"@type\":\"WebPage\",\"@id\":\"https:\\\/\\\/roadskymarking.com\\\/portable-retroreflectometer\",\"url\":\"https:\\\/\\\/roadskymarking.com\\\/portable-retroreflectometer\",\"name\":\"Portable Retroreflectometer & Handheld Retroreflectometer\",\"isPartOf\":{\"@id\":\"https:\\\/\\\/roadskymarking.com\\\/#website\"},\"primaryImageOfPage\":{\"@id\":\"https:\\\/\\\/roadskymarking.com\\\/portable-retroreflectometer#primaryimage\"},\"image\":{\"@id\":\"https:\\\/\\\/roadskymarking.com\\\/portable-retroreflectometer#primaryimage\"},\"thumbnailUrl\":\"https:\\\/\\\/roadskymarking.com\\\/wp-content\\\/uploads\\\/2024\\\/06\\\/Road-Sign-Retro-Reflection-Meter.jpg\",\"datePublished\":\"2026-01-27T03:17:57+00:00\",\"dateModified\":\"2026-01-27T03:17:59+00:00\",\"description\":\"Explore our range of portable & handheld retroreflectometers to find the right solution for your road safety testing needs.\",\"breadcrumb\":{\"@id\":\"https:\\\/\\\/roadskymarking.com\\\/portable-retroreflectometer#breadcrumb\"},\"inLanguage\":\"pt-PT\",\"potentialAction\":[{\"@type\":\"ReadAction\",\"target\":[\"https:\\\/\\\/roadskymarking.com\\\/portable-retroreflectometer\"]}]},{\"@type\":\"ImageObject\",\"inLanguage\":\"pt-PT\",\"@id\":\"https:\\\/\\\/roadskymarking.com\\\/portable-retroreflectometer#primaryimage\",\"url\":\"https:\\\/\\\/roadskymarking.com\\\/wp-content\\\/uploads\\\/2024\\\/06\\\/Road-Sign-Retro-Reflection-Meter.jpg\",\"contentUrl\":\"https:\\\/\\\/roadskymarking.com\\\/wp-content\\\/uploads\\\/2024\\\/06\\\/Road-Sign-Retro-Reflection-Meter.jpg\"},{\"@type\":\"BreadcrumbList\",\"@id\":\"https:\\\/\\\/roadskymarking.com\\\/portable-retroreflectometer#breadcrumb\",\"itemListElement\":[{\"@type\":\"ListItem\",\"position\":1,\"name\":\"Home\",\"item\":\"https:\\\/\\\/roadskymarking.com\\\/\"},{\"@type\":\"ListItem\",\"position\":2,\"name\":\"Portable Retroreflectometer\"}]},{\"@type\":\"WebSite\",\"@id\":\"https:\\\/\\\/roadskymarking.com\\\/#website\",\"url\":\"https:\\\/\\\/roadskymarking.com\\\/\",\"name\":\"Nanjing Roadsky Traffic Facility Co.,Ltd. (Roadsky Corporation)\",\"description\":\"Pavement Marking Equipment Supplier - RoadSky\",\"publisher\":{\"@id\":\"https:\\\/\\\/roadskymarking.com\\\/#organization\"},\"potentialAction\":[{\"@type\":\"SearchAction\",\"target\":{\"@type\":\"EntryPoint\",\"urlTemplate\":\"https:\\\/\\\/roadskymarking.com\\\/?s={search_term_string}\"},\"query-input\":{\"@type\":\"PropertyValueSpecification\",\"valueRequired\":true,\"valueName\":\"search_term_string\"}}],\"inLanguage\":\"pt-PT\"},{\"@type\":\"Organization\",\"@id\":\"https:\\\/\\\/roadskymarking.com\\\/#organization\",\"name\":\"Nanjing Roadsky Traffic Facility Co.,Ltd. (Roadsky Corporation)\",\"url\":\"https:\\\/\\\/roadskymarking.com\\\/\",\"logo\":{\"@type\":\"ImageObject\",\"inLanguage\":\"pt-PT\",\"@id\":\"https:\\\/\\\/roadskymarking.com\\\/#\\\/schema\\\/logo\\\/image\\\/\",\"url\":\"https:\\\/\\\/roadskymarking.com\\\/wp-content\\\/uploads\\\/2023\\\/03\\\/LOGO.png\",\"contentUrl\":\"https:\\\/\\\/roadskymarking.com\\\/wp-content\\\/uploads\\\/2023\\\/03\\\/LOGO.png\",\"width\":500,\"height\":400,\"caption\":\"Nanjing Roadsky Traffic Facility Co.,Ltd. (Roadsky Corporation)\"},\"image\":{\"@id\":\"https:\\\/\\\/roadskymarking.com\\\/#\\\/schema\\\/logo\\\/image\\\/\"}}]}<\/script>\n<!-- \/ Yoast SEO plugin. -->","yoast_head_json":{"title":"Retroreflect\u00f3metro port\u00e1til e Retroreflect\u00f3metro de m\u00e3o","description":"Explore a nossa gama de retrorreflect\u00f3metros port\u00e1teis e de m\u00e3o para encontrar a solu\u00e7\u00e3o certa para as suas necessidades de testes de seguran\u00e7a rodovi\u00e1ria.","robots":{"index":"index","follow":"follow","max-snippet":"max-snippet:-1","max-image-preview":"max-image-preview:large","max-video-preview":"max-video-preview:-1"},"canonical":"https:\/\/roadskymarking.com\/pt\/portable-retroreflectometer\/","og_locale":"pt_PT","og_type":"article","og_title":"Portable Retroreflectometer & Handheld Retroreflectometer","og_description":"Explore our range of portable & handheld retroreflectometers to find the right solution for your road safety testing needs.","og_url":"https:\/\/roadskymarking.com\/pt\/portable-retroreflectometer\/","og_site_name":"Nanjing Roadsky Traffic Facility Co.,Ltd. (Roadsky Corporation)","article_modified_time":"2026-01-27T03:17:59+00:00","og_image":[{"url":"https:\/\/roadskymarking.com\/wp-content\/uploads\/2024\/06\/Road-Sign-Retro-Reflection-Meter.jpg","type":"","width":"","height":""}],"twitter_card":"summary_large_image","twitter_misc":{"Tempo estimado de leitura":"2 minutos"},"schema":{"@context":"https:\/\/schema.org","@graph":[{"@type":"WebPage","@id":"https:\/\/roadskymarking.com\/portable-retroreflectometer","url":"https:\/\/roadskymarking.com\/portable-retroreflectometer","name":"Retroreflect\u00f3metro port\u00e1til e Retroreflect\u00f3metro de m\u00e3o","isPartOf":{"@id":"https:\/\/roadskymarking.com\/#website"},"primaryImageOfPage":{"@id":"https:\/\/roadskymarking.com\/portable-retroreflectometer#primaryimage"},"image":{"@id":"https:\/\/roadskymarking.com\/portable-retroreflectometer#primaryimage"},"thumbnailUrl":"https:\/\/roadskymarking.com\/wp-content\/uploads\/2024\/06\/Road-Sign-Retro-Reflection-Meter.jpg","datePublished":"2026-01-27T03:17:57+00:00","dateModified":"2026-01-27T03:17:59+00:00","description":"Explore a nossa gama de retrorreflect\u00f3metros port\u00e1teis e de m\u00e3o para encontrar a solu\u00e7\u00e3o certa para as suas necessidades de testes de seguran\u00e7a rodovi\u00e1ria.","breadcrumb":{"@id":"https:\/\/roadskymarking.com\/portable-retroreflectometer#breadcrumb"},"inLanguage":"pt-PT","potentialAction":[{"@type":"ReadAction","target":["https:\/\/roadskymarking.com\/portable-retroreflectometer"]}]},{"@type":"ImageObject","inLanguage":"pt-PT","@id":"https:\/\/roadskymarking.com\/portable-retroreflectometer#primaryimage","url":"https:\/\/roadskymarking.com\/wp-content\/uploads\/2024\/06\/Road-Sign-Retro-Reflection-Meter.jpg","contentUrl":"https:\/\/roadskymarking.com\/wp-content\/uploads\/2024\/06\/Road-Sign-Retro-Reflection-Meter.jpg"},{"@type":"BreadcrumbList","@id":"https:\/\/roadskymarking.com\/portable-retroreflectometer#breadcrumb","itemListElement":[{"@type":"ListItem","position":1,"name":"Home","item":"https:\/\/roadskymarking.com\/"},{"@type":"ListItem","position":2,"name":"Portable Retroreflectometer"}]},{"@type":"WebSite","@id":"https:\/\/roadskymarking.com\/#website","url":"https:\/\/roadskymarking.com\/","name":"Nanjing Roadsky Traffic Facility Co.,Ltd. (Roadsky Corporation)","description":"Fornecedor de equipamento de marca\u00e7\u00e3o de pavimentos - RoadSky","publisher":{"@id":"https:\/\/roadskymarking.com\/#organization"},"potentialAction":[{"@type":"SearchAction","target":{"@type":"EntryPoint","urlTemplate":"https:\/\/roadskymarking.com\/?s={search_term_string}"},"query-input":{"@type":"PropertyValueSpecification","valueRequired":true,"valueName":"search_term_string"}}],"inLanguage":"pt-PT"},{"@type":"Organization","@id":"https:\/\/roadskymarking.com\/#organization","name":"Nanjing Roadsky Traffic Facility Co.,Ltd. (Roadsky Corporation)","url":"https:\/\/roadskymarking.com\/","logo":{"@type":"ImageObject","inLanguage":"pt-PT","@id":"https:\/\/roadskymarking.com\/#\/schema\/logo\/image\/","url":"https:\/\/roadskymarking.com\/wp-content\/uploads\/2023\/03\/LOGO.png","contentUrl":"https:\/\/roadskymarking.com\/wp-content\/uploads\/2023\/03\/LOGO.png","width":500,"height":400,"caption":"Nanjing Roadsky Traffic Facility Co.,Ltd. (Roadsky Corporation)"},"image":{"@id":"https:\/\/roadskymarking.com\/#\/schema\/logo\/image\/"}}]}},"_links":{"self":[{"href":"https:\/\/roadskymarking.com\/pt\/wp-json\/wp\/v2\/pages\/4418","targetHints":{"allow":["GET"]}}],"collection":[{"href":"https:\/\/roadskymarking.com\/pt\/wp-json\/wp\/v2\/pages"}],"about":[{"href":"https:\/\/roadskymarking.com\/pt\/wp-json\/wp\/v2\/types\/page"}],"author":[{"embeddable":true,"href":"https:\/\/roadskymarking.com\/pt\/wp-json\/wp\/v2\/users\/1"}],"replies":[{"embeddable":true,"href":"https:\/\/roadskymarking.com\/pt\/wp-json\/wp\/v2\/comments?post=4418"}],"version-history":[{"count":15,"href":"https:\/\/roadskymarking.com\/pt\/wp-json\/wp\/v2\/pages\/4418\/revisions"}],"predecessor-version":[{"id":4433,"href":"https:\/\/roadskymarking.com\/pt\/wp-json\/wp\/v2\/pages\/4418\/revisions\/4433"}],"wp:attachment":[{"href":"https:\/\/roadskymarking.com\/pt\/wp-json\/wp\/v2\/media?parent=4418"}],"curies":[{"name":"wp","href":"https:\/\/api.w.org\/{rel}","templated":true}]}}